{"id":1316,"date":"2020-06-19T02:28:20","date_gmt":"2020-06-19T02:28:20","guid":{"rendered":"http:\/\/uyu7733870001.my3w.com\/?page_id=1316"},"modified":"2023-04-25T11:43:49","modified_gmt":"2023-04-25T09:43:49","slug":"ac-series","status":"publish","type":"page","link":"https:\/\/www.echomachinery.com\/es\/packaging-machines\/relative-devices\/multi-head-weigher\/ac-series\/","title":{"rendered":"Pesador de cabeza m\u00faltiple de la serie AC"},"content":{"rendered":"<style id=\"kt-blocks_535b84-5f\">#kt-layout-id_535b84-5f > .kt-row-column-wrap{padding-bottom:0px;}<\/style>\n<div class=\"wp-block-kadence-rowlayout alignnone\"><div id=\"kt-layout-id_535b84-5f\" class=\"kt-row-layout-inner kt-layout-id_535b84-5f\"><div class=\"kt-row-column-wrap kt-has-2-columns kt-gutter-default kt-v-gutter-default kt-row-valign-top kt-row-layout-equal kt-tab-layout-inherit kt-m-colapse-left-to-right kt-mobile-layout-row\">\n<div class=\"wp-block-kadence-column inner-column-1 kadence-column_95567e-9a\"><div class=\"kt-inside-inner-col\"><style id=\"kt-blocks_ccb530-47\">.wp-block-kadence-advancedgallery ul.kb-gallery-id-_ccb530-47 {margin: -5px;}.kb-gallery-id-_ccb530-47 .kadence-blocks-gallery-item {padding:5px;}.kb-gallery-type-carousel.kb-gallery-id-_ccb530-47 .kt-blocks-carousel .kt-blocks-carousel-init {margin: 0 -5px;}.kb-gallery-type-carousel.kb-gallery-id-_ccb530-47 .kt-blocks-carousel .kt-blocks-carousel-init .kb-slide-item, .kb-gallery-type-fluidcarousel.kb-gallery-id-_ccb530-47 .kt-blocks-carousel .kt-blocks-carousel-init .kb-slide-item, .kb-gallery-type-carousel .kt-blocks-carousel-init:not(.slick-initialized) .kb-slide-item {padding: 4px 5px;}.kb-gallery-type-fluidcarousel.kb-gallery-id-_ccb530-47 .kt-blocks-carousel .kt-blocks-carousel-init.kb-carousel-mode-align-left .kb-slide-item {padding: 4px 10px 4px 0;}.kb-gallery-type-carousel.kb-gallery-id-_ccb530-47 .kt-blocks-carousel .kt-blocks-carousel-init .slick-prev {left:5px;}.kb-gallery-type-carousel.kb-gallery-id-_ccb530-47 .kt-blocks-carousel .kt-blocks-carousel-init .slick-next {right:5px;}.kb-gallery-id-_ccb530-47 .kadence-blocks-gallery-item .kb-gal-image-radius {border-radius: 0px 0px 0px 0px;}<\/style>\n<div class=\"wp-block-kadence-advancedgallery kb-gallery-wrap-id-_ccb530-47\"><div class=\"kb-gallery-ul kb-gallery-type-slider kb-gallery-id-_ccb530-47 kb-gallery-caption-style-bottom-hover kb-gallery-filter-none\" data-image-filter=\"none\" data-lightbox-caption=\"true\"><div class=\"kt-blocks-carousel kt-carousel-container-dotstyle-dark\"><div class=\"kt-blocks-carousel-init kb-blocks-slider kt-carousel-arrowstyle-whiteondark kt-carousel-dotstyle-dark\" data-slider-anim-speed=\"400\" data-slider-type=\"slider\" data-slider-scroll=\"1\" data-slider-arrows=\"true\" data-slider-dots=\"true\" data-slider-hover-pause=\"false\" data-slider-auto=\"false\" data-slider-speed=\"7000\"><div class=\"kb-slide-item kb-gallery-slide-item\"><div class=\"kadence-blocks-gallery-item\"><div class=\"kadence-blocks-gallery-item-inner\"><figure class=\"kb-gallery-figure kadence-blocks-gallery-item-hide-caption kb-has-image-ratio-land32\"><div class=\"kb-gal-image-radius\"><div class=\"kb-gallery-image-contain kadence-blocks-gallery-intrinsic kb-gallery-image-ratio-land32\"><img decoding=\"async\" loading=\"lazy\" src=\"https:\/\/www.echomachinery.com\/wp-content\/uploads\/2020\/07\/AC-6B14.jpg\" width=\"1000\" height=\"666\" alt=\"Pesador multicabezal AC-6B14\" data-full-image=\"https:\/\/www.echomachinery.com\/wp-content\/uploads\/2020\/07\/AC-6B14.jpg\" data-light-image=\"https:\/\/www.echomachinery.com\/wp-content\/uploads\/2020\/07\/AC-6B14.jpg\" data-id=\"1571\" data-link=\"https:\/\/www.echomachinery.com\/packaging-machines\/relative-devices\/multi-head-weigher\/attachment\/ac-6b14\/\" class=\"wp-image-1571 skip-lazy\" srcset=\"https:\/\/www.echomachinery.com\/wp-content\/uploads\/2020\/07\/AC-6B14.jpg 1000w, https:\/\/www.echomachinery.com\/wp-content\/uploads\/2020\/07\/AC-6B14-300x200.jpg 300w, https:\/\/www.echomachinery.com\/wp-content\/uploads\/2020\/07\/AC-6B14-150x100.jpg 150w, https:\/\/www.echomachinery.com\/wp-content\/uploads\/2020\/07\/AC-6B14-768x511.jpg 768w, https:\/\/www.echomachinery.com\/wp-content\/uploads\/2020\/07\/AC-6B14-600x400.jpg 600w, https:\/\/www.echomachinery.com\/wp-content\/uploads\/2020\/07\/AC-6B14-930x620.jpg 930w, https:\/\/www.echomachinery.com\/wp-content\/uploads\/2020\/07\/AC-6B14-272x182.jpg 272w\" sizes=\"(max-width: 1000px) 100vw, 1000px\" \/><\/div><\/div><\/figure><\/div><\/div><\/div><div class=\"kb-slide-item kb-gallery-slide-item\"><div class=\"kadence-blocks-gallery-item\"><div class=\"kadence-blocks-gallery-item-inner\"><figure class=\"kb-gallery-figure kadence-blocks-gallery-item-hide-caption kb-has-image-ratio-land32\"><div class=\"kb-gal-image-radius\"><div class=\"kb-gallery-image-contain kadence-blocks-gallery-intrinsic kb-gallery-image-ratio-land32\"><img decoding=\"async\" loading=\"lazy\" src=\"https:\/\/www.echomachinery.com\/wp-content\/uploads\/2023\/04\/\u7535\u5b50\u79e4-1024x524.gif\" width=\"1024\" height=\"524\" alt=\"Pesador de cabeza m\u00faltiple\" data-full-image=\"https:\/\/www.echomachinery.com\/wp-content\/uploads\/2023\/04\/\u7535\u5b50\u79e4.gif\" data-light-image=\"https:\/\/www.echomachinery.com\/wp-content\/uploads\/2023\/04\/\u7535\u5b50\u79e4.gif\" data-id=\"6558\" data-link=\"https:\/\/www.echomachinery.com\/packaging-machines\/relative-devices\/multi-head-weigher\/m-series\/attachment\/%e7%94%b5%e5%ad%90%e7%a7%a4-2\/\" class=\"wp-image-6558 skip-lazy\" srcset=\"https:\/\/www.echomachinery.com\/wp-content\/uploads\/2023\/04\/\u7535\u5b50\u79e4-1024x524.gif 1024w, https:\/\/www.echomachinery.com\/wp-content\/uploads\/2023\/04\/\u7535\u5b50\u79e4-300x154.gif 300w, https:\/\/www.echomachinery.com\/wp-content\/uploads\/2023\/04\/\u7535\u5b50\u79e4-768x393.gif 768w, https:\/\/www.echomachinery.com\/wp-content\/uploads\/2023\/04\/\u7535\u5b50\u79e4-1536x787.gif 1536w, https:\/\/www.echomachinery.com\/wp-content\/uploads\/2023\/04\/\u7535\u5b50\u79e4-2048x1049.gif 2048w\" sizes=\"(max-width: 1024px) 100vw, 1024px\" \/><\/div><\/div><\/figure><\/div><\/div><\/div><\/div><\/div><\/div><\/div>\n<\/div><\/div>\n\n\n\n<div class=\"wp-block-kadence-column inner-column-2 kadence-column_526bab-c6\"><div class=\"kt-inside-inner-col\">\n<h3 id=\"0-mr8-200rwg\"><strong>AC-6B10\/14<\/strong><\/h3>\n\n\n\n<h4>Pesador de cabeza m\u00faltiple AC Series<\/h4>\n\n\n\n<figure class=\"wp-block-table\"><table><tbody><tr><td>rango de pesaje<\/td><td>25 \u2013 500g<\/td><\/tr><tr><td>precisi\u00f3n<\/td><td>Grado X(0.5)<\/td><\/tr><tr><td>m\u00e1ximum anfetamina<\/td><td>80 \u2013 140 bolsas\/minuto<\/td><\/tr><\/tbody><\/table><\/figure>\n<\/div><\/div>\n<\/div><\/div><\/div>\n\n\n\n<hr class=\"wp-block-separator has-css-opacity\"\/>\n\n\n\n<h3 id=\"2-fearures-and-characteristics\">Caracter\u00edsticas<\/h3>\n\n\n<style id=\"kt-blocks_9669d8-96\">.wp-block-kadence-iconlist.kt-svg-icon-list-items_9669d8-96:not(.this-stops-third-party-issues) {margin-top:0}.wp-block-kadence-iconlist.kt-svg-icon-list-items_9669d8-96 ul.kt-svg-icon-list {margin:0px 0px 10px 0px;}.kt-svg-icon-list-items_9669d8-96 ul.kt-svg-icon-list .kt-svg-icon-list-item-wrap, .kt-svg-icon-list-items_9669d8-96 ul.kt-svg-icon-list .kt-svg-icon-list-item-wrap a {}<\/style>\n<div class=\"wp-block-kadence-iconlist kt-svg-icon-list-items kt-svg-icon-list-items_9669d8-96 kt-svg-icon-list-columns-1 alignnone kt-list-icon-aligntop\"><ul class=\"kt-svg-icon-list\"><li class=\"kt-svg-icon-list-style-default kt-svg-icon-list-item-wrap kt-svg-icon-list-item-0\"><div style=\"display:inline-flex;justify-content:center;align-items:center;color:#000000\" class=\"kt-svg-icon-list-single kt-svg-icon-list-single-fe_chevronRight\"><svg style=\"display:inline-block;vertical-align:middle\" viewbox=\"0 0 24 24\" height=\"20\" width=\"20\" fill=\"none\" stroke=\"currentColor\" xmlns=\"http:\/\/www.w3.org\/2000\/svg\" stroke-width=\"2\" stroke-linecap=\"round\" stroke-linejoin=\"round\" aria-hidden=\"true\"><polyline points=\"9 18 15 12 9 6\"><\/polyline><\/svg><\/div><span class=\"kt-svg-icon-list-text\">Esta m\u00e1quina adopta la teor\u00eda factorial, elige una combinaci\u00f3n que es m\u00e1s cercana al peso objetivo de muchas combinaciones calificadas.<\/span><\/li><li class=\"kt-svg-icon-list-style-default kt-svg-icon-list-item-wrap kt-svg-icon-list-item-1\"><div style=\"display:inline-flex;justify-content:center;align-items:center;color:#000000\" class=\"kt-svg-icon-list-single kt-svg-icon-list-single-fe_chevronRight\"><svg style=\"display:inline-block;vertical-align:middle\" viewbox=\"0 0 24 24\" height=\"20\" width=\"20\" fill=\"none\" stroke=\"currentColor\" xmlns=\"http:\/\/www.w3.org\/2000\/svg\" stroke-width=\"2\" stroke-linecap=\"round\" stroke-linejoin=\"round\" aria-hidden=\"true\"><polyline points=\"9 18 15 12 9 6\"><\/polyline><\/svg><\/div><span class=\"kt-svg-icon-list-text\">Esta m\u00e1quina es particularmente aplicable para pesar productos granulares en operaci\u00f3n de tuber\u00edas.<\/span><\/li><\/ul><\/div>\n\n\n\n<h3>Modelo y par\u00e1metros<\/h3>\n\n\n\n<figure class=\"wp-block-table is-style-regular\"><table class=\"has-fixed-layout\"><thead><tr><th><\/th><th class=\"has-text-align-center\" data-align=\"center\"><strong>AC-6B14<\/strong><\/th><th class=\"has-text-align-center\" data-align=\"center\"><strong>AC-6B10<\/strong><\/th><\/tr><\/thead><tbody><tr><td>Tensi\u00f3n nominal<\/td><td class=\"has-text-align-center\" data-align=\"center\">AC220V<\/td><td class=\"has-text-align-center\" data-align=\"center\">AC220V<\/td><\/tr><tr><td>Frecuencia nominal<\/td><td class=\"has-text-align-center\" data-align=\"center\">50 \/ 60Hz<\/td><td class=\"has-text-align-center\" data-align=\"center\">50 \/ 60Hz<\/td><\/tr><tr><td>Corriente nominal<\/td><td class=\"has-text-align-center\" data-align=\"center\">9a<\/td><td class=\"has-text-align-center\" data-align=\"center\">8A<\/td><\/tr><tr><td>Potencia de entrada<\/td><td class=\"has-text-align-center\" data-align=\"center\">2.0kw<\/td><td class=\"has-text-align-center\" data-align=\"center\">1.5kw<\/td><\/tr><tr><td>n\u00famero de balde<\/td><td class=\"has-text-align-center\" data-align=\"center\">14<\/td><td class=\"has-text-align-center\" data-align=\"center\">10<\/td><\/tr><tr><td>rango de pesaje<\/td><td class=\"has-text-align-center\" data-align=\"center\">25 \u2013 500g<\/td><td class=\"has-text-align-center\" data-align=\"center\">25 \u2013 500g<\/td><\/tr><tr><td>precisi\u00f3n<\/td><td class=\"has-text-align-center\" data-align=\"center\">Grado X(0.5)<\/td><td class=\"has-text-align-center\" data-align=\"center\">Grado X(0.5)<\/td><\/tr><tr><td>Capacidad<\/td><td class=\"has-text-align-center\" data-align=\"center\">500ml \/ 1300ml \/ 2500ml<\/td><td class=\"has-text-align-center\" data-align=\"center\">800ml \/ 1300ml \/ 2500ml<\/td><\/tr><tr><td>m\u00e1ximum anfetamina<\/td><td class=\"has-text-align-center\" data-align=\"center\">140 bolsas\/minuto<\/td><td class=\"has-text-align-center\" data-align=\"center\">80bolsas\/minuto<\/td><\/tr><tr><td>pro-memoria<\/td><td class=\"has-text-align-center\" data-align=\"center\">0 \u2013 99<\/td><td class=\"has-text-align-center\" data-align=\"center\">0 \u2013 99<\/td><\/tr><\/tbody><\/table><\/figure>\n\n\n\n<h3>Estructura de la m\u00e1quina<\/h3>\n\n\n\n<p>Los componentes principales de AC-6B 14(10)-2C, series se muestran en la Fig:<\/p>\n\n\n<div class=\"wp-block-image\">\n<figure class=\"aligncenter size-large\"><img decoding=\"async\" loading=\"lazy\" width=\"614\" height=\"524\" src=\"https:\/\/www.echomachinery.com\/wp-content\/uploads\/2020\/06\/Machine-Structure-1.jpg\" alt=\"\" class=\"wp-image-1452\" srcset=\"https:\/\/www.echomachinery.com\/wp-content\/uploads\/2020\/06\/Machine-Structure-1.jpg 614w, https:\/\/www.echomachinery.com\/wp-content\/uploads\/2020\/06\/Machine-Structure-1-300x256.jpg 300w, https:\/\/www.echomachinery.com\/wp-content\/uploads\/2020\/06\/Machine-Structure-1-150x128.jpg 150w\" sizes=\"(max-width: 614px) 100vw, 614px\" \/><\/figure><\/div>\n\n\n<figure class=\"wp-block-table\"><table class=\"has-fixed-layout\"><tbody><tr><td>1: Embudo de alimentaci\u00f3n<\/td><td>2 : Sensor de nivel<\/td><td>3: Cono superior<\/td><td>4: bandeja de alimentaci\u00f3n lineal<\/td><\/tr><tr><td>5: Cubo de alimentaci\u00f3n<\/td><td>6: Pesar el balde<\/td><td>7 : Canal de intercalaci\u00f3n<\/td><td>8: perno de colgar<\/td><\/tr><tr><td>9: interruptor principal<\/td><td>10: On-off de formaci\u00f3n de l\u00edquido<\/td><td>11: Marco base<\/td><td>12: Embudo de intercalaci\u00f3n<\/td><\/tr><tr><td>13: Cable para pantalla<\/td><td>14: Pantalla<\/td><td>15: Caja de aluminio<\/td><td>16: Alimentador lineal<\/td><\/tr><tr><td>17: Alimentador principal<\/td><td><\/td><td><\/td><td><\/td><\/tr><\/tbody><\/table><\/figure>\n\n\n\n<p>Tama\u00f1o y peso de embalaje:<\/p>\n\n\n<style id=\"kt-blocks_952791-9b\">.wp-block-kadence-iconlist.kt-svg-icon-list-items_952791-9b:not(.this-stops-third-party-issues) {margin-top:0}.wp-block-kadence-iconlist.kt-svg-icon-list-items_952791-9b ul.kt-svg-icon-list {margin:0px 0px 10px 0px;}.kt-svg-icon-list-items_952791-9b ul.kt-svg-icon-list .kt-svg-icon-list-item-wrap, .kt-svg-icon-list-items_952791-9b ul.kt-svg-icon-list .kt-svg-icon-list-item-wrap a {}<\/style>\n<div class=\"wp-block-kadence-iconlist kt-svg-icon-list-items kt-svg-icon-list-items_952791-9b kt-svg-icon-list-columns-1 alignnone kt-list-icon-aligntop\"><ul class=\"kt-svg-icon-list\"><li class=\"kt-svg-icon-list-style-default kt-svg-icon-list-item-wrap kt-svg-icon-list-item-0\"><div style=\"display:inline-flex;justify-content:center;align-items:center\" class=\"kt-svg-icon-list-single kt-svg-icon-list-single-fe_chevronRight\"><svg style=\"display:inline-block;vertical-align:middle\" viewbox=\"0 0 24 24\" height=\"20\" width=\"20\" fill=\"none\" stroke=\"currentColor\" xmlns=\"http:\/\/www.w3.org\/2000\/svg\" stroke-width=\"2\" stroke-linecap=\"round\" stroke-linejoin=\"round\" aria-hidden=\"true\"><polyline points=\"9 18 15 12 9 6\"><\/polyline><\/svg><\/div><span class=\"kt-svg-icon-list-text\">AC-6B14-2C-15\/18 \u2014\u2014 1600(L)\u00d71210(An)\u00d71484(H) 420kg<\/span><\/li><li class=\"kt-svg-icon-list-style-default kt-svg-icon-list-item-wrap kt-svg-icon-list-item-1\"><div style=\"display:inline-flex;justify-content:center;align-items:center\" class=\"kt-svg-icon-list-single kt-svg-icon-list-single-fe_chevronRight\"><svg style=\"display:inline-block;vertical-align:middle\" viewbox=\"0 0 24 24\" height=\"20\" width=\"20\" fill=\"none\" stroke=\"currentColor\" xmlns=\"http:\/\/www.w3.org\/2000\/svg\" stroke-width=\"2\" stroke-linecap=\"round\" stroke-linejoin=\"round\" aria-hidden=\"true\"><polyline points=\"9 18 15 12 9 6\"><\/polyline><\/svg><\/div><span class=\"kt-svg-icon-list-text\">AC-6B10-2C-15\/18 \u2014\u2014 1436(L)\u00d71086(An)\u00d71388(H) 250kg<\/span><\/li><li class=\"kt-svg-icon-list-style-default kt-svg-icon-list-item-wrap kt-svg-icon-list-item-2\"><div style=\"display:inline-flex;justify-content:center;align-items:center\" class=\"kt-svg-icon-list-single kt-svg-icon-list-single-fe_chevronRight\"><svg style=\"display:inline-block;vertical-align:middle\" viewbox=\"0 0 24 24\" height=\"20\" width=\"20\" fill=\"none\" stroke=\"currentColor\" xmlns=\"http:\/\/www.w3.org\/2000\/svg\" stroke-width=\"2\" stroke-linecap=\"round\" stroke-linejoin=\"round\" aria-hidden=\"true\"><polyline points=\"9 18 15 12 9 6\"><\/polyline><\/svg><\/div><span class=\"kt-svg-icon-list-text\">AC-6B14-2B-13 \u2014\u2014 1336(L)\u00d7936(A)\u00d71113(H) 250kg<\/span><\/li><li class=\"kt-svg-icon-list-style-default kt-svg-icon-list-item-wrap kt-svg-icon-list-item-3\"><div style=\"display:inline-flex;justify-content:center;align-items:center\" class=\"kt-svg-icon-list-single kt-svg-icon-list-single-fe_chevronRight\"><svg style=\"display:inline-block;vertical-align:middle\" viewbox=\"0 0 24 24\" height=\"20\" width=\"20\" fill=\"none\" stroke=\"currentColor\" xmlns=\"http:\/\/www.w3.org\/2000\/svg\" stroke-width=\"2\" stroke-linecap=\"round\" stroke-linejoin=\"round\" aria-hidden=\"true\"><polyline points=\"9 18 15 12 9 6\"><\/polyline><\/svg><\/div><span class=\"kt-svg-icon-list-text\">AC-6B10-2B-12 \u2014 1336(L)\u00d7930(A)\u00d71146(H) 210kg<\/span><\/li><li class=\"kt-svg-icon-list-style-default kt-svg-icon-list-item-wrap kt-svg-icon-list-item-4\"><div style=\"display:inline-flex;justify-content:center;align-items:center\" class=\"kt-svg-icon-list-single kt-svg-icon-list-single-fe_chevronRight\"><svg style=\"display:inline-block;vertical-align:middle\" viewbox=\"0 0 24 24\" height=\"20\" width=\"20\" fill=\"none\" stroke=\"currentColor\" xmlns=\"http:\/\/www.w3.org\/2000\/svg\" stroke-width=\"2\" stroke-linecap=\"round\" stroke-linejoin=\"round\" aria-hidden=\"true\"><polyline points=\"9 18 15 12 9 6\"><\/polyline><\/svg><\/div><span class=\"kt-svg-icon-list-text\">AC-6B10-2B-16XM \u2014\u2014 1650(L)\u00d71600(W)\u00d71200(H) 250kg<\/span><\/li><\/ul><\/div>\n\n\n\n<p>Dimensi\u00f3n de montaje:<\/p>\n\n\n<div class=\"wp-block-image\">\n<figure class=\"aligncenter size-large\"><img decoding=\"async\" loading=\"lazy\" width=\"407\" height=\"400\" src=\"https:\/\/www.echomachinery.com\/wp-content\/uploads\/2020\/06\/Machine-Structure-2.jpg\" alt=\"\" class=\"wp-image-1453\" srcset=\"https:\/\/www.echomachinery.com\/wp-content\/uploads\/2020\/06\/Machine-Structure-2.jpg 407w, https:\/\/www.echomachinery.com\/wp-content\/uploads\/2020\/06\/Machine-Structure-2-300x295.jpg 300w, https:\/\/www.echomachinery.com\/wp-content\/uploads\/2020\/06\/Machine-Structure-2-150x147.jpg 150w\" sizes=\"(max-width: 407px) 100vw, 407px\" \/><\/figure><\/div>\n\n<div class=\"wp-block-image\">\n<figure class=\"aligncenter size-large\"><img decoding=\"async\" loading=\"lazy\" width=\"400\" height=\"500\" src=\"https:\/\/www.echomachinery.com\/wp-content\/uploads\/2020\/06\/Machine-Structure-3.jpg\" alt=\"\" class=\"wp-image-1454\" srcset=\"https:\/\/www.echomachinery.com\/wp-content\/uploads\/2020\/06\/Machine-Structure-3.jpg 400w, https:\/\/www.echomachinery.com\/wp-content\/uploads\/2020\/06\/Machine-Structure-3-240x300.jpg 240w, https:\/\/www.echomachinery.com\/wp-content\/uploads\/2020\/06\/Machine-Structure-3-120x150.jpg 120w\" sizes=\"(max-width: 400px) 100vw, 400px\" \/><\/figure><\/div>\n\n<div class=\"wp-block-image\">\n<figure class=\"aligncenter size-large\"><img decoding=\"async\" loading=\"lazy\" width=\"400\" height=\"500\" src=\"https:\/\/www.echomachinery.com\/wp-content\/uploads\/2020\/06\/Machine-Structure-4.jpg\" alt=\"\" class=\"wp-image-1455\" srcset=\"https:\/\/www.echomachinery.com\/wp-content\/uploads\/2020\/06\/Machine-Structure-4.jpg 400w, https:\/\/www.echomachinery.com\/wp-content\/uploads\/2020\/06\/Machine-Structure-4-240x300.jpg 240w, https:\/\/www.echomachinery.com\/wp-content\/uploads\/2020\/06\/Machine-Structure-4-120x150.jpg 120w\" sizes=\"(max-width: 400px) 100vw, 400px\" \/><\/figure><\/div>\n\n\n<h3>Principio de funcionamiento<\/h3>\n\n\n\n<p>Los productos que se pesar\u00e1n son entregados por transportador y se alimentan en el embudo de alimentaci\u00f3n. Luego se puede dispersar a las bandejas de alimentaci\u00f3n lineales desde el cono superior vibrante controlado por programa. El espesor del flujo de los productos se puede cambiar ajustando la altura del embudo de alimentaci\u00f3n. Los productos que se pesar\u00e1n se distribuyen uniformemente en cada bandeja de alimentador lineal, almacenada en el cubo de alimentaci\u00f3n. Cuando los cubos de pesaje completan el pesaje anterior y despu\u00e9s de limpiarlos, los productos que se pesar\u00e1n en los cubos de alimentaci\u00f3n se pueden alimentar en cubos de pesaje para preparar la pr\u00f3xima combinaci\u00f3n. Mientras tanto, esta m\u00e1quina puede funcionar con otros equipos como m\u00e1quinas de envasado o transportador por comunicaci\u00f3n de se\u00f1al, el flujo de trabajo se muestra en la Fig.<\/p>\n\n\n<div class=\"wp-block-image\">\n<figure class=\"aligncenter size-large\"><img decoding=\"async\" loading=\"lazy\" width=\"424\" height=\"488\" src=\"https:\/\/www.echomachinery.com\/wp-content\/uploads\/2020\/06\/Work-flow-1.jpg\" alt=\"\" class=\"wp-image-1457\" srcset=\"https:\/\/www.echomachinery.com\/wp-content\/uploads\/2020\/06\/Work-flow-1.jpg 424w, https:\/\/www.echomachinery.com\/wp-content\/uploads\/2020\/06\/Work-flow-1-261x300.jpg 261w, https:\/\/www.echomachinery.com\/wp-content\/uploads\/2020\/06\/Work-flow-1-130x150.jpg 130w\" sizes=\"(max-width: 424px) 100vw, 424px\" \/><\/figure><\/div>\n\n\n<p>La CPU calcula el valor de peso de cada cubeta de pesaje, suma el peso \u00fanico y obtiene numerosas combinaciones que cumplen con la desviaci\u00f3n establecida del peso objetivo, luego selecciona la m\u00e1s cercana al peso objetivo como se muestra en la Fig.<\/p>\n\n\n<div class=\"wp-block-image\">\n<figure class=\"aligncenter size-large\"><img decoding=\"async\" loading=\"lazy\" width=\"442\" height=\"299\" src=\"https:\/\/www.echomachinery.com\/wp-content\/uploads\/2020\/06\/The-value-of-each-weigh-bucket.jpg\" alt=\"\" class=\"wp-image-1458\" srcset=\"https:\/\/www.echomachinery.com\/wp-content\/uploads\/2020\/06\/The-value-of-each-weigh-bucket.jpg 442w, https:\/\/www.echomachinery.com\/wp-content\/uploads\/2020\/06\/The-value-of-each-weigh-bucket-300x203.jpg 300w, https:\/\/www.echomachinery.com\/wp-content\/uploads\/2020\/06\/The-value-of-each-weigh-bucket-150x101.jpg 150w\" sizes=\"(max-width: 442px) 100vw, 442px\" \/><\/figure><\/div>\n\n<div class=\"wp-block-image\">\n<figure class=\"aligncenter size-large\"><img decoding=\"async\" loading=\"lazy\" width=\"474\" height=\"300\" src=\"https:\/\/www.echomachinery.com\/wp-content\/uploads\/2020\/06\/combination-principle.jpg\" alt=\"\" class=\"wp-image-1459\" srcset=\"https:\/\/www.echomachinery.com\/wp-content\/uploads\/2020\/06\/combination-principle.jpg 474w, https:\/\/www.echomachinery.com\/wp-content\/uploads\/2020\/06\/combination-principle-300x190.jpg 300w, https:\/\/www.echomachinery.com\/wp-content\/uploads\/2020\/06\/combination-principle-150x95.jpg 150w\" sizes=\"(max-width: 474px) 100vw, 474px\" \/><\/figure><\/div>\n\n\n<h3>ambiente de trabajo<\/h3>\n\n\n\n<p>Temperatura: -5 \u2013 400\u2103<\/p>\n\n\n\n<p>Humedad: 35 \u2013 85%<\/p>\n\n\n\n<p>Potencia el\u00e9ctrica: CA 208V \u2013 240V 50\/60Hz<\/p>\n\n\n\n<p>Entorno de instalaci\u00f3n: sobre una superficie dura, horizontal y no oscilante.<\/p>\n\n\n\n<p>Conexi\u00f3n a tierra: aseg\u00farese de que el terminal de puesta a tierra est\u00e9 conectado a tierra.<\/p>\n\n\n\n<p>Fuente de interferencia: Mant\u00e9ngase alejado o escudo.<\/p>\n\n\n\n<p>Debe trabajar en taller ax\u00e9nico y no polvoriento al empacar productos alimenticios.<\/p>\n\n\n\n<p>Evite trabajar en el entorno con gases de causticidad.<\/p>\n\n\n\n<p>Prohibir tocar la pantalla con las herramientas de pellizcar.<\/p>\n\n\n\n<h3>atenci\u00f3n<\/h3>\n\n\n\n<p>No golpee ni presione una gran presi\u00f3n sobre los baldes de pesaje.<\/p>\n\n\n\n<p>Revise y limpie el material restante dentro de los cubos antes de correr. Presione el bot\u00f3n cero para vaciar los cubos y establecer en cero antes de la operaci\u00f3n.<\/p>\n\n\n\n<p>Apague la fuente de alimentaci\u00f3n al mantener y limpiar.<\/p>\n\n\n\n<p>Apague la fuente de alimentaci\u00f3n cuando haya un mal funcionamiento en las piezas electr\u00f3nicas. Debe ser mantenido por un ingeniero electr\u00f3nico.<\/p>\n\n\n\n<p>Aseg\u00farese de que la m\u00e1quina est\u00e9 sujetada y estable al limpiar, mantener y operar la m\u00e1quina, ya que todav\u00eda hay una cierta distancia desde el cuerpo de la m\u00e1quina hasta el suelo si el pesador est\u00e1 instalado en la parte superior de la m\u00e1quina de envasado.<\/p>\n\n\n\n<p>Los voltios de CC deben ser inferiores a 30 V de la se\u00f1al de conexi\u00f3n que producen otros equipos que se conectan con el pesador como aparatos de alimentaci\u00f3n, empaquetadora, transportador, etc. Y la corriente de carga no debe ser superior a 100mA.<\/p>\n\n\n\n<p>No toque la puerta de los baldes, los baldes de pesaje y otras piezas de funcionamiento mientras la m\u00e1quina est\u00e1 funcionando.<\/p>","protected":false},"excerpt":{"rendered":"<p>AC-6B10\/14 Multi Head Weigher AC Series Weighing Range 25 &#8211; 500g Accuracy X(0.5) Grade Max. Speed 80 &#8211; 140bags\/min Fearures Model &amp; Parameters AC-6B14 AC-6B10 Rated Voltage ac220v ac220v Rated Frequency 50 \/ 60hz 50 \/ 60hz Rated Current 9a 8a Input Power 2.0kw 1.5kw Bucket Number 14 10 Weighing Range 25 &#8211; 500g 25&hellip;&nbsp;<a href=\"https:\/\/www.echomachinery.com\/es\/packaging-machines\/relative-devices\/multi-head-weigher\/ac-series\/\" class=\"\" rel=\"bookmark\">Leer m\u00e1s \u00bb<span class=\"screen-reader-text\">Pesador de cabeza m\u00faltiple de la serie AC<\/span><\/a><\/p>","protected":false},"author":1,"featured_media":1571,"parent":1525,"menu_order":0,"comment_status":"closed","ping_status":"closed","template":"page-templates\/product.php","meta":{"inline_featured_image":false,"ub_ctt_via":"","kt_blocks_editor_width":""},"aioseo_notices":[],"featured_image_src":"https:\/\/www.echomachinery.com\/wp-content\/uploads\/2020\/07\/AC-6B14.jpg","_links":{"self":[{"href":"https:\/\/www.echomachinery.com\/es\/wp-json\/wp\/v2\/pages\/1316"}],"collection":[{"href":"https:\/\/www.echomachinery.com\/es\/wp-json\/wp\/v2\/pages"}],"about":[{"href":"https:\/\/www.echomachinery.com\/es\/wp-json\/wp\/v2\/types\/page"}],"author":[{"embeddable":true,"href":"https:\/\/www.echomachinery.com\/es\/wp-json\/wp\/v2\/users\/1"}],"replies":[{"embeddable":true,"href":"https:\/\/www.echomachinery.com\/es\/wp-json\/wp\/v2\/comments?post=1316"}],"version-history":[{"count":2,"href":"https:\/\/www.echomachinery.com\/es\/wp-json\/wp\/v2\/pages\/1316\/revisions"}],"predecessor-version":[{"id":6561,"href":"https:\/\/www.echomachinery.com\/es\/wp-json\/wp\/v2\/pages\/1316\/revisions\/6561"}],"up":[{"embeddable":true,"href":"https:\/\/www.echomachinery.com\/es\/wp-json\/wp\/v2\/pages\/1525"}],"wp:featuredmedia":[{"embeddable":true,"href":"https:\/\/www.echomachinery.com\/es\/wp-json\/wp\/v2\/media\/1571"}],"wp:attachment":[{"href":"https:\/\/www.echomachinery.com\/es\/wp-json\/wp\/v2\/media?parent=1316"}],"curies":[{"name":"pp","href":"https:\/\/api.w.org\/{rel}","templated":true}]}}