{"id":1320,"date":"2020-06-19T02:36:28","date_gmt":"2020-06-19T02:36:28","guid":{"rendered":"http:\/\/uyu7733870001.my3w.com\/?page_id=1320"},"modified":"2022-02-22T09:12:32","modified_gmt":"2022-02-22T08:12:32","slug":"z-bucket-elevator","status":"publish","type":"page","link":"https:\/\/www.echomachinery.com\/es\/packaging-machines\/relative-devices\/z-bucket-elevator\/","title":{"rendered":"Elevador de cubo Z"},"content":{"rendered":"<style id=\"kt-blocks_e3be45-06\">#kt-layout-id_e3be45-06 > .kt-row-column-wrap{padding-bottom:0px;}<\/style>\n<div class=\"wp-block-kadence-rowlayout alignnone\"><div id=\"kt-layout-id_e3be45-06\" class=\"kt-row-layout-inner kt-layout-id_e3be45-06\"><div class=\"kt-row-column-wrap kt-has-2-columns kt-gutter-default kt-v-gutter-default kt-row-valign-top kt-row-layout-equal kt-tab-layout-inherit kt-m-colapse-left-to-right kt-mobile-layout-row\">\n<div class=\"wp-block-kadence-column inner-column-1 kadence-column_dbf594-05\"><div class=\"kt-inside-inner-col\"><style id=\"kt-blocks_d7ddbc-8d\">.wp-block-kadence-advancedgallery ul.kb-gallery-id-_d7ddbc-8d {margin: -5px;}.kb-gallery-id-_d7ddbc-8d .kadence-blocks-gallery-item {padding:5px;}.kb-gallery-type-carousel.kb-gallery-id-_d7ddbc-8d .kt-blocks-carousel .kt-blocks-carousel-init {margin: 0 -5px;}.kb-gallery-type-carousel.kb-gallery-id-_d7ddbc-8d .kt-blocks-carousel .kt-blocks-carousel-init .kb-slide-item, .kb-gallery-type-fluidcarousel.kb-gallery-id-_d7ddbc-8d .kt-blocks-carousel .kt-blocks-carousel-init .kb-slide-item, .kb-gallery-type-carousel .kt-blocks-carousel-init:not(.slick-initialized) .kb-slide-item {padding: 4px 5px;}.kb-gallery-type-fluidcarousel.kb-gallery-id-_d7ddbc-8d .kt-blocks-carousel .kt-blocks-carousel-init.kb-carousel-mode-align-left .kb-slide-item {padding: 4px 10px 4px 0;}.kb-gallery-type-carousel.kb-gallery-id-_d7ddbc-8d .kt-blocks-carousel .kt-blocks-carousel-init .slick-prev {left:5px;}.kb-gallery-type-carousel.kb-gallery-id-_d7ddbc-8d .kt-blocks-carousel .kt-blocks-carousel-init .slick-next {right:5px;}.kb-gallery-id-_d7ddbc-8d .kadence-blocks-gallery-item .kb-gal-image-radius {border-radius: 0px 0px 0px 0px;}<\/style>\n<div class=\"wp-block-kadence-advancedgallery kb-gallery-wrap-id-_d7ddbc-8d\"><div class=\"kb-gallery-ul kb-gallery-type-slider kb-gallery-id-_d7ddbc-8d kb-gallery-caption-style-bottom-hover kb-gallery-filter-none\" data-image-filter=\"none\" data-lightbox-caption=\"true\"><div class=\"kt-blocks-carousel kt-carousel-container-dotstyle-dark\"><div class=\"kt-blocks-carousel-init kb-blocks-slider kt-carousel-arrowstyle-whiteondark kt-carousel-dotstyle-dark\" data-slider-anim-speed=\"400\" data-slider-type=\"slider\" data-slider-scroll=\"1\" data-slider-arrows=\"true\" data-slider-dots=\"true\" data-slider-hover-pause=\"false\" data-slider-auto=\"false\" data-slider-speed=\"7000\"><div class=\"kb-slide-item kb-gallery-slide-item\"><div class=\"kadence-blocks-gallery-item\"><div class=\"kadence-blocks-gallery-item-inner\"><figure class=\"kb-gallery-figure kadence-blocks-gallery-item-hide-caption kb-has-image-ratio-land32\"><div class=\"kb-gal-image-radius\"><div class=\"kb-gallery-image-contain kadence-blocks-gallery-intrinsic kb-gallery-image-ratio-land32\"><img decoding=\"async\" loading=\"lazy\" width=\"1000\" height=\"666\" src=\"https:\/\/www.echomachinery.com\/wp-content\/uploads\/2020\/08\/Z-Bucket-Elevator.jpg\" alt=\"\" data-full-image=\"https:\/\/www.echomachinery.com\/wp-content\/uploads\/2020\/08\/Z-Bucket-Elevator.jpg\" data-light-image=\"https:\/\/www.echomachinery.com\/wp-content\/uploads\/2020\/08\/Z-Bucket-Elevator.jpg\" data-id=\"1871\" data-link=\"https:\/\/www.echomachinery.com\/packaging-machines\/relative-devices\/attachment\/z-bucket-elevator-2\/\" class=\"wp-image-1871 skip-lazy\" srcset=\"https:\/\/www.echomachinery.com\/wp-content\/uploads\/2020\/08\/Z-Bucket-Elevator.jpg 1000w, https:\/\/www.echomachinery.com\/wp-content\/uploads\/2020\/08\/Z-Bucket-Elevator-300x200.jpg 300w, https:\/\/www.echomachinery.com\/wp-content\/uploads\/2020\/08\/Z-Bucket-Elevator-150x100.jpg 150w, https:\/\/www.echomachinery.com\/wp-content\/uploads\/2020\/08\/Z-Bucket-Elevator-768x511.jpg 768w, https:\/\/www.echomachinery.com\/wp-content\/uploads\/2020\/08\/Z-Bucket-Elevator-600x400.jpg 600w, https:\/\/www.echomachinery.com\/wp-content\/uploads\/2020\/08\/Z-Bucket-Elevator-930x620.jpg 930w, https:\/\/www.echomachinery.com\/wp-content\/uploads\/2020\/08\/Z-Bucket-Elevator-272x182.jpg 272w\" sizes=\"(max-width: 1000px) 100vw, 1000px\" \/><\/div><\/div><\/figure><\/div><\/div><\/div><\/div><\/div><\/div><\/div>\n<\/div><\/div>\n\n\n\n<div class=\"wp-block-kadence-column inner-column-2 kadence-column_011eaa-80\"><div class=\"kt-inside-inner-col\">\n<h3 id=\"0-mr8-200rwg\">Elevador de cubo Z<\/h3>\n<\/div><\/div>\n<\/div><\/div><\/div>\n\n\n\n<hr class=\"wp-block-separator\"\/>\n\n\n\n<p>El transportador es aplicable para el levantamiento vertical de material de grano en departamentos como ma\u00edz, alimentos, forraje y industria qu\u00edmica, etc. Para la m\u00e1quina de elevaci\u00f3n, la tolva es impulsada por las cadenas para levantar. Se utiliza para la alimentaci\u00f3n vertical de grano o material de bloques peque\u00f1os. Tiene ventajas de gran cantidad de elevaci\u00f3n y alt\u00edsima.<\/p>\n\n\n\n<h3>Modelo y par\u00e1metros<\/h3>\n\n\n\n<figure class=\"wp-block-table\"><table><tbody><tr><td>Fuerza<\/td><td>0.75kw<\/td><\/tr><tr><td>Capacidad de transmisi\u00f3n<\/td><td>3 \u2013 6m\u00b3\/h<\/td><\/tr><tr><td>voltaje<\/td><td>220v<\/td><\/tr><tr><td>peso bruto<\/td><td>428kg<\/td><\/tr><tr><td>Alteza de levantamiento<\/td><td>3 - 10m<\/td><\/tr><tr><td>velocidad de elevaci\u00f3n<\/td><td>0 \u2013 17m\/minuto<\/td><\/tr><tr><td>nota<\/td><td>Acero al carbono en aerosol pl\u00e1stico o acero inoxidable.<br>La parte que entra en contacto con los alimentos es de pl\u00e1stico de calidad alimentaria.<\/td><\/tr><\/tbody><\/table><\/figure>","protected":false},"excerpt":{"rendered":"<p>Z-Bucket Elevator The conveyor is applicable for vertical lifting of grain material in departments such as corn, food, fodder and chemical industry, etc. For the lifting machine, the hopper is driven by the chains to lift. It\u2019s used for vertical feeding of grain or small block material. It has advantages of large lifting quantity and&hellip;&nbsp;<a href=\"https:\/\/www.echomachinery.com\/es\/packaging-machines\/relative-devices\/z-bucket-elevator\/\" class=\"\" rel=\"bookmark\">Leer m\u00e1s \u00bb<span class=\"screen-reader-text\">Elevador de cubo Z<\/span><\/a><\/p>","protected":false},"author":1,"featured_media":1871,"parent":1314,"menu_order":0,"comment_status":"closed","ping_status":"closed","template":"page-templates\/product.php","meta":{"inline_featured_image":false,"ub_ctt_via":"","kt_blocks_editor_width":""},"aioseo_notices":[],"featured_image_src":"https:\/\/www.echomachinery.com\/wp-content\/uploads\/2020\/08\/Z-Bucket-Elevator.jpg","_links":{"self":[{"href":"https:\/\/www.echomachinery.com\/es\/wp-json\/wp\/v2\/pages\/1320"}],"collection":[{"href":"https:\/\/www.echomachinery.com\/es\/wp-json\/wp\/v2\/pages"}],"about":[{"href":"https:\/\/www.echomachinery.com\/es\/wp-json\/wp\/v2\/types\/page"}],"author":[{"embeddable":true,"href":"https:\/\/www.echomachinery.com\/es\/wp-json\/wp\/v2\/users\/1"}],"replies":[{"embeddable":true,"href":"https:\/\/www.echomachinery.com\/es\/wp-json\/wp\/v2\/comments?post=1320"}],"version-history":[{"count":0,"href":"https:\/\/www.echomachinery.com\/es\/wp-json\/wp\/v2\/pages\/1320\/revisions"}],"up":[{"embeddable":true,"href":"https:\/\/www.echomachinery.com\/es\/wp-json\/wp\/v2\/pages\/1314"}],"wp:featuredmedia":[{"embeddable":true,"href":"https:\/\/www.echomachinery.com\/es\/wp-json\/wp\/v2\/media\/1871"}],"wp:attachment":[{"href":"https:\/\/www.echomachinery.com\/es\/wp-json\/wp\/v2\/media?parent=1320"}],"curies":[{"name":"pp","href":"https:\/\/api.w.org\/{rel}","templated":true}]}}