{"id":1321,"date":"2020-06-19T02:36:10","date_gmt":"2020-06-19T02:36:10","guid":{"rendered":"http:\/\/uyu7733870001.my3w.com\/?page_id=1321"},"modified":"2022-02-22T09:14:36","modified_gmt":"2022-02-22T08:14:36","slug":"stainless-steel-platform","status":"publish","type":"page","link":"https:\/\/www.echomachinery.com\/es\/packaging-machines\/relative-devices\/stainless-steel-platform\/","title":{"rendered":"Plataforma de acero inoxidable"},"content":{"rendered":"<style id=\"kt-blocks_e3be45-06\">#kt-layout-id_e3be45-06 > .kt-row-column-wrap{padding-bottom:0px;}<\/style>\n<div class=\"wp-block-kadence-rowlayout alignnone\"><div id=\"kt-layout-id_e3be45-06\" class=\"kt-row-layout-inner kt-layout-id_e3be45-06\"><div class=\"kt-row-column-wrap kt-has-2-columns kt-gutter-default kt-v-gutter-default kt-row-valign-top kt-row-layout-equal kt-tab-layout-inherit kt-m-colapse-left-to-right kt-mobile-layout-row\">\n<div class=\"wp-block-kadence-column inner-column-1 kadence-column_dbf594-05\"><div class=\"kt-inside-inner-col\"><style id=\"kt-blocks_d7ddbc-8d\">.wp-block-kadence-advancedgallery ul.kb-gallery-id-_d7ddbc-8d {margin: -5px;}.kb-gallery-id-_d7ddbc-8d .kadence-blocks-gallery-item {padding:5px;}.kb-gallery-type-carousel.kb-gallery-id-_d7ddbc-8d .kt-blocks-carousel .kt-blocks-carousel-init {margin: 0 -5px;}.kb-gallery-type-carousel.kb-gallery-id-_d7ddbc-8d .kt-blocks-carousel .kt-blocks-carousel-init .kb-slide-item, .kb-gallery-type-fluidcarousel.kb-gallery-id-_d7ddbc-8d .kt-blocks-carousel .kt-blocks-carousel-init .kb-slide-item, .kb-gallery-type-carousel .kt-blocks-carousel-init:not(.slick-initialized) .kb-slide-item {padding: 4px 5px;}.kb-gallery-type-fluidcarousel.kb-gallery-id-_d7ddbc-8d .kt-blocks-carousel .kt-blocks-carousel-init.kb-carousel-mode-align-left .kb-slide-item {padding: 4px 10px 4px 0;}.kb-gallery-type-carousel.kb-gallery-id-_d7ddbc-8d .kt-blocks-carousel .kt-blocks-carousel-init .slick-prev {left:5px;}.kb-gallery-type-carousel.kb-gallery-id-_d7ddbc-8d .kt-blocks-carousel .kt-blocks-carousel-init .slick-next {right:5px;}.kb-gallery-id-_d7ddbc-8d .kadence-blocks-gallery-item .kb-gal-image-radius {border-radius: 0px 0px 0px 0px;}<\/style>\n<div class=\"wp-block-kadence-advancedgallery kb-gallery-wrap-id-_d7ddbc-8d\"><div class=\"kb-gallery-ul kb-gallery-type-slider kb-gallery-id-_d7ddbc-8d kb-gallery-caption-style-bottom-hover kb-gallery-filter-none\" data-image-filter=\"none\" data-lightbox-caption=\"true\"><div class=\"kt-blocks-carousel kt-carousel-container-dotstyle-dark\"><div class=\"kt-blocks-carousel-init kb-blocks-slider kt-carousel-arrowstyle-whiteondark kt-carousel-dotstyle-dark\" data-slider-anim-speed=\"400\" data-slider-type=\"slider\" data-slider-scroll=\"1\" data-slider-arrows=\"true\" data-slider-dots=\"true\" data-slider-hover-pause=\"false\" data-slider-auto=\"false\" data-slider-speed=\"7000\"><div class=\"kb-slide-item kb-gallery-slide-item\"><div class=\"kadence-blocks-gallery-item\"><div class=\"kadence-blocks-gallery-item-inner\"><figure class=\"kb-gallery-figure kadence-blocks-gallery-item-hide-caption kb-has-image-ratio-land32\"><div class=\"kb-gal-image-radius\"><div class=\"kb-gallery-image-contain kadence-blocks-gallery-intrinsic kb-gallery-image-ratio-land32\"><img decoding=\"async\" loading=\"lazy\" width=\"1000\" height=\"666\" src=\"https:\/\/www.echomachinery.com\/wp-content\/uploads\/2020\/08\/Stainless-Steel-Platform.jpg\" alt=\"\" data-full-image=\"https:\/\/www.echomachinery.com\/wp-content\/uploads\/2020\/08\/Stainless-Steel-Platform.jpg\" data-light-image=\"https:\/\/www.echomachinery.com\/wp-content\/uploads\/2020\/08\/Stainless-Steel-Platform.jpg\" data-id=\"1867\" data-link=\"https:\/\/www.echomachinery.com\/packaging-machines\/relative-devices\/attachment\/stainless-steel-platform-2\/\" class=\"wp-image-1867 skip-lazy\" srcset=\"https:\/\/www.echomachinery.com\/wp-content\/uploads\/2020\/08\/Stainless-Steel-Platform.jpg 1000w, https:\/\/www.echomachinery.com\/wp-content\/uploads\/2020\/08\/Stainless-Steel-Platform-300x200.jpg 300w, https:\/\/www.echomachinery.com\/wp-content\/uploads\/2020\/08\/Stainless-Steel-Platform-150x100.jpg 150w, https:\/\/www.echomachinery.com\/wp-content\/uploads\/2020\/08\/Stainless-Steel-Platform-768x511.jpg 768w, https:\/\/www.echomachinery.com\/wp-content\/uploads\/2020\/08\/Stainless-Steel-Platform-600x400.jpg 600w, https:\/\/www.echomachinery.com\/wp-content\/uploads\/2020\/08\/Stainless-Steel-Platform-930x620.jpg 930w, https:\/\/www.echomachinery.com\/wp-content\/uploads\/2020\/08\/Stainless-Steel-Platform-272x182.jpg 272w\" sizes=\"(max-width: 1000px) 100vw, 1000px\" \/><\/div><\/div><\/figure><\/div><\/div><\/div><\/div><\/div><\/div><\/div>\n<\/div><\/div>\n\n\n\n<div class=\"wp-block-kadence-column inner-column-2 kadence-column_011eaa-80\"><div class=\"kt-inside-inner-col\">\n<h3 id=\"0-mr8-200rwg\">Plataforma de acero inoxidable<\/h3>\n\n\n\n<figure class=\"wp-block-table\"><table><tbody><tr><td>longitud<\/td><td>2000mm<\/td><\/tr><tr><td>pa\u00f1o<\/td><td>2000mm<\/td><\/tr><tr><td>colmo<\/td><td>2000mm<\/td><\/tr><\/tbody><\/table><\/figure>\n<\/div><\/div>\n<\/div><\/div><\/div>\n\n\n\n<hr class=\"wp-block-separator\"\/>\n\n\n\n<p>Algunos equipos de alimentaci\u00f3n requieren una plataforma de trabajo para permitir a los empleados verificar y controlar el equipo y llevar a cabo la alimentaci\u00f3n.<\/p>\n\n\n\n<p>Nuestra plataforma de acero inoxidable es del tama\u00f1o adecuado y adecuada para la mayor\u00eda de nuestros equipos. Est\u00e1 hecho de acero inoxidable duradero con barandas en la plataforma y l\u00edneas antideslizantes en la superficie para mejorar la seguridad.<\/p>","protected":false},"excerpt":{"rendered":"<p>Stainless Steel Platform Length 2000mm Width 2000mm Height 2000mm Some feeding equipment requires a working platform to allow employees to check and control the equipment and carry out feeding. Our Stainless Steel Platform is the right size and suitable for most of our equipment. It is made of durable stainless steel with guardrails on the&hellip;&nbsp;<a href=\"https:\/\/www.echomachinery.com\/es\/packaging-machines\/relative-devices\/stainless-steel-platform\/\" class=\"\" rel=\"bookmark\">Leer m\u00e1s \u00bb<span class=\"screen-reader-text\">Plataforma de acero inoxidable<\/span><\/a><\/p>","protected":false},"author":1,"featured_media":1867,"parent":1314,"menu_order":0,"comment_status":"closed","ping_status":"closed","template":"page-templates\/product.php","meta":{"inline_featured_image":false,"ub_ctt_via":"","kt_blocks_editor_width":""},"aioseo_notices":[],"featured_image_src":"https:\/\/www.echomachinery.com\/wp-content\/uploads\/2020\/08\/Stainless-Steel-Platform.jpg","_links":{"self":[{"href":"https:\/\/www.echomachinery.com\/es\/wp-json\/wp\/v2\/pages\/1321"}],"collection":[{"href":"https:\/\/www.echomachinery.com\/es\/wp-json\/wp\/v2\/pages"}],"about":[{"href":"https:\/\/www.echomachinery.com\/es\/wp-json\/wp\/v2\/types\/page"}],"author":[{"embeddable":true,"href":"https:\/\/www.echomachinery.com\/es\/wp-json\/wp\/v2\/users\/1"}],"replies":[{"embeddable":true,"href":"https:\/\/www.echomachinery.com\/es\/wp-json\/wp\/v2\/comments?post=1321"}],"version-history":[{"count":0,"href":"https:\/\/www.echomachinery.com\/es\/wp-json\/wp\/v2\/pages\/1321\/revisions"}],"up":[{"embeddable":true,"href":"https:\/\/www.echomachinery.com\/es\/wp-json\/wp\/v2\/pages\/1314"}],"wp:featuredmedia":[{"embeddable":true,"href":"https:\/\/www.echomachinery.com\/es\/wp-json\/wp\/v2\/media\/1867"}],"wp:attachment":[{"href":"https:\/\/www.echomachinery.com\/es\/wp-json\/wp\/v2\/media?parent=1321"}],"curies":[{"name":"pp","href":"https:\/\/api.w.org\/{rel}","templated":true}]}}