{"id":1408,"date":"2020-06-26T05:32:36","date_gmt":"2020-06-26T05:32:36","guid":{"rendered":"http:\/\/test.echopacker.com\/?page_id=1408"},"modified":"2022-06-14T03:13:50","modified_gmt":"2022-06-14T01:13:50","slug":"bowl-elevator","status":"publish","type":"page","link":"https:\/\/www.echomachinery.com\/es\/packaging-machines\/relative-devices\/bowl-elevator\/","title":{"rendered":"taz\u00f3n para el aire"},"content":{"rendered":"<style id=\"kt-blocks_e3be45-06\">#kt-layout-id_e3be45-06 > .kt-row-column-wrap{padding-bottom:0px;}<\/style>\n<div class=\"wp-block-kadence-rowlayout alignnone\"><div id=\"kt-layout-id_e3be45-06\" class=\"kt-row-layout-inner kt-layout-id_e3be45-06\"><div class=\"kt-row-column-wrap kt-has-2-columns kt-gutter-default kt-v-gutter-default kt-row-valign-top kt-row-layout-equal kt-tab-layout-inherit kt-m-colapse-left-to-right kt-mobile-layout-row\">\n<div class=\"wp-block-kadence-column inner-column-1 kadence-column_dbf594-05\"><div class=\"kt-inside-inner-col\"><style id=\"kt-blocks_e8f14d-0b\">.wp-block-kadence-advancedgallery ul.kb-gallery-id-_e8f14d-0b {margin: -5px;}.kb-gallery-id-_e8f14d-0b .kadence-blocks-gallery-item {padding:5px;}.kb-gallery-type-carousel.kb-gallery-id-_e8f14d-0b .kt-blocks-carousel .kt-blocks-carousel-init {margin: 0 -5px;}.kb-gallery-type-carousel.kb-gallery-id-_e8f14d-0b .kt-blocks-carousel .kt-blocks-carousel-init .kb-slide-item, .kb-gallery-type-fluidcarousel.kb-gallery-id-_e8f14d-0b .kt-blocks-carousel .kt-blocks-carousel-init .kb-slide-item, .kb-gallery-type-carousel .kt-blocks-carousel-init:not(.slick-initialized) .kb-slide-item {padding: 4px 5px;}.kb-gallery-type-fluidcarousel.kb-gallery-id-_e8f14d-0b .kt-blocks-carousel .kt-blocks-carousel-init.kb-carousel-mode-align-left .kb-slide-item {padding: 4px 10px 4px 0;}.kb-gallery-type-carousel.kb-gallery-id-_e8f14d-0b .kt-blocks-carousel .kt-blocks-carousel-init .slick-prev {left:5px;}.kb-gallery-type-carousel.kb-gallery-id-_e8f14d-0b .kt-blocks-carousel .kt-blocks-carousel-init .slick-next {right:5px;}.kb-gallery-id-_e8f14d-0b .kadence-blocks-gallery-item .kb-gal-image-radius {border-radius: 0px 0px 0px 0px;}<\/style>\n<div class=\"wp-block-kadence-advancedgallery kb-gallery-wrap-id-_e8f14d-0b\"><div class=\"kb-gallery-ul kb-gallery-type-slider kb-gallery-id-_e8f14d-0b kb-gallery-caption-style-bottom-hover kb-gallery-filter-none\" data-image-filter=\"none\" data-lightbox-caption=\"true\"><div class=\"kt-blocks-carousel kt-carousel-container-dotstyle-dark\"><div class=\"kt-blocks-carousel-init kb-blocks-slider kt-carousel-arrowstyle-whiteondark kt-carousel-dotstyle-dark\" data-slider-anim-speed=\"400\" data-slider-type=\"slider\" data-slider-scroll=\"1\" data-slider-arrows=\"true\" data-slider-dots=\"true\" data-slider-hover-pause=\"false\" data-slider-auto=\"false\" data-slider-speed=\"7000\"><div class=\"kb-slide-item kb-gallery-slide-item\"><div class=\"kadence-blocks-gallery-item\"><div class=\"kadence-blocks-gallery-item-inner\"><figure class=\"kb-gallery-figure kadence-blocks-gallery-item-hide-caption kb-has-image-ratio-land32\"><div class=\"kb-gal-image-radius\"><div class=\"kb-gallery-image-contain kadence-blocks-gallery-intrinsic kb-gallery-image-ratio-land32\"><img decoding=\"async\" loading=\"lazy\" src=\"https:\/\/www.echomachinery.com\/wp-content\/uploads\/2020\/08\/Bowl-Elevator.jpg\" width=\"1000\" height=\"666\" alt=\"taz\u00f3n para el aire\" data-full-image=\"https:\/\/www.echomachinery.com\/wp-content\/uploads\/2020\/08\/Bowl-Elevator.jpg\" data-light-image=\"https:\/\/www.echomachinery.com\/wp-content\/uploads\/2020\/08\/Bowl-Elevator.jpg\" data-id=\"1869\" data-link=\"https:\/\/www.echomachinery.com\/packaging-machines\/relative-devices\/attachment\/bowl-elevator-2\/\" class=\"wp-image-1869 skip-lazy\" srcset=\"https:\/\/www.echomachinery.com\/wp-content\/uploads\/2020\/08\/Bowl-Elevator.jpg 1000w, https:\/\/www.echomachinery.com\/wp-content\/uploads\/2020\/08\/Bowl-Elevator-300x200.jpg 300w, https:\/\/www.echomachinery.com\/wp-content\/uploads\/2020\/08\/Bowl-Elevator-150x100.jpg 150w, https:\/\/www.echomachinery.com\/wp-content\/uploads\/2020\/08\/Bowl-Elevator-768x511.jpg 768w, https:\/\/www.echomachinery.com\/wp-content\/uploads\/2020\/08\/Bowl-Elevator-600x400.jpg 600w, https:\/\/www.echomachinery.com\/wp-content\/uploads\/2020\/08\/Bowl-Elevator-930x620.jpg 930w, https:\/\/www.echomachinery.com\/wp-content\/uploads\/2020\/08\/Bowl-Elevator-272x182.jpg 272w\" sizes=\"(max-width: 1000px) 100vw, 1000px\" \/><\/div><\/div><\/figure><\/div><\/div><\/div><div class=\"kb-slide-item kb-gallery-slide-item\"><div class=\"kadence-blocks-gallery-item\"><div class=\"kadence-blocks-gallery-item-inner\"><figure class=\"kb-gallery-figure kadence-blocks-gallery-item-hide-caption kb-has-image-ratio-land32\"><div class=\"kb-gal-image-radius\"><div class=\"kb-gallery-image-contain kadence-blocks-gallery-intrinsic kb-gallery-image-ratio-land32\"><img decoding=\"async\" loading=\"lazy\" src=\"https:\/\/www.echomachinery.com\/wp-content\/uploads\/2020\/07\/Bowl-Elevator-detail-20200715-0011-e1617611542910.jpg\" width=\"530\" height=\"353\" alt=\"taz\u00f3n para el aire\" data-full-image=\"https:\/\/www.echomachinery.com\/wp-content\/uploads\/2020\/07\/Bowl-Elevator-detail-20200715-0011-e1617611542910.jpg\" data-light-image=\"https:\/\/www.echomachinery.com\/wp-content\/uploads\/2020\/07\/Bowl-Elevator-detail-20200715-0011-e1617611542910.jpg\" data-id=\"1713\" data-link=\"https:\/\/www.echomachinery.com\/packaging-machines\/relative-devices\/bowl-elevator\/attachment\/bowl-elevator-detail-20200715-0011\/\" class=\"wp-image-1713 skip-lazy\"\/><\/div><\/div><\/figure><\/div><\/div><\/div><div class=\"kb-slide-item kb-gallery-slide-item\"><div class=\"kadence-blocks-gallery-item\"><div class=\"kadence-blocks-gallery-item-inner\"><figure class=\"kb-gallery-figure kadence-blocks-gallery-item-hide-caption kb-has-image-ratio-land32\"><div class=\"kb-gal-image-radius\"><div class=\"kb-gallery-image-contain kadence-blocks-gallery-intrinsic kb-gallery-image-ratio-land32\"><img decoding=\"async\" loading=\"lazy\" src=\"https:\/\/www.echomachinery.com\/wp-content\/uploads\/2020\/07\/Bowl-Elevator-detail-20200715-0013-e1617611483668.jpg\" width=\"530\" height=\"353\" alt=\"Detalle de ascensor de cuenco\" data-full-image=\"https:\/\/www.echomachinery.com\/wp-content\/uploads\/2020\/07\/Bowl-Elevator-detail-20200715-0013-e1617611483668.jpg\" data-light-image=\"https:\/\/www.echomachinery.com\/wp-content\/uploads\/2020\/07\/Bowl-Elevator-detail-20200715-0013-e1617611483668.jpg\" data-id=\"1715\" data-link=\"https:\/\/www.echomachinery.com\/packaging-machines\/relative-devices\/bowl-elevator\/attachment\/bowl-elevator-detail-20200715-0013\/\" class=\"wp-image-1715 skip-lazy\"\/><\/div><\/div><\/figure><\/div><\/div><\/div><div class=\"kb-slide-item kb-gallery-slide-item\"><div class=\"kadence-blocks-gallery-item\"><div class=\"kadence-blocks-gallery-item-inner\"><figure class=\"kb-gallery-figure kadence-blocks-gallery-item-hide-caption kb-has-image-ratio-land32\"><div class=\"kb-gal-image-radius\"><div class=\"kb-gallery-image-contain kadence-blocks-gallery-intrinsic kb-gallery-image-ratio-land32\"><img decoding=\"async\" loading=\"lazy\" src=\"https:\/\/www.echomachinery.com\/wp-content\/uploads\/2020\/07\/Bowl-Elevator-detail-20200715-0009-e1617611553669.jpg\" width=\"530\" height=\"353\" alt=\"Detalle de ascensor de cuenco\" data-full-image=\"https:\/\/www.echomachinery.com\/wp-content\/uploads\/2020\/07\/Bowl-Elevator-detail-20200715-0009-e1617611553669.jpg\" data-light-image=\"https:\/\/www.echomachinery.com\/wp-content\/uploads\/2020\/07\/Bowl-Elevator-detail-20200715-0009-e1617611553669.jpg\" data-id=\"1712\" data-link=\"https:\/\/www.echomachinery.com\/packaging-machines\/relative-devices\/bowl-elevator\/attachment\/bowl-elevator-detail-20200715-0009\/\" class=\"wp-image-1712 skip-lazy\"\/><\/div><\/div><\/figure><\/div><\/div><\/div><div class=\"kb-slide-item kb-gallery-slide-item\"><div class=\"kadence-blocks-gallery-item\"><div class=\"kadence-blocks-gallery-item-inner\"><figure class=\"kb-gallery-figure kadence-blocks-gallery-item-hide-caption kb-has-image-ratio-land32\"><div class=\"kb-gal-image-radius\"><div class=\"kb-gallery-image-contain kadence-blocks-gallery-intrinsic kb-gallery-image-ratio-land32\"><img decoding=\"async\" loading=\"lazy\" src=\"https:\/\/www.echomachinery.com\/wp-content\/uploads\/2022\/06\/bowl-elevator-11-576x1024.jpg\" width=\"576\" height=\"1024\" alt=\"\" data-full-image=\"https:\/\/www.echomachinery.com\/wp-content\/uploads\/2022\/06\/bowl-elevator-11-scaled.jpg\" data-light-image=\"https:\/\/www.echomachinery.com\/wp-content\/uploads\/2022\/06\/bowl-elevator-11-scaled.jpg\" data-id=\"5667\" data-link=\"https:\/\/www.echomachinery.com\/packaging-machines\/relative-devices\/bowl-elevator\/attachment\/bowl-elevator-11\/\" class=\"wp-image-5667 skip-lazy\" srcset=\"https:\/\/www.echomachinery.com\/wp-content\/uploads\/2022\/06\/bowl-elevator-11-576x1024.jpg 576w, https:\/\/www.echomachinery.com\/wp-content\/uploads\/2022\/06\/bowl-elevator-11-169x300.jpg 169w, https:\/\/www.echomachinery.com\/wp-content\/uploads\/2022\/06\/bowl-elevator-11-768x1365.jpg 768w, https:\/\/www.echomachinery.com\/wp-content\/uploads\/2022\/06\/bowl-elevator-11-864x1536.jpg 864w, https:\/\/www.echomachinery.com\/wp-content\/uploads\/2022\/06\/bowl-elevator-11-1152x2048.jpg 1152w, https:\/\/www.echomachinery.com\/wp-content\/uploads\/2022\/06\/bowl-elevator-11-scaled.jpg 1441w\" sizes=\"(max-width: 576px) 100vw, 576px\" \/><\/div><\/div><\/figure><\/div><\/div><\/div><div class=\"kb-slide-item kb-gallery-slide-item\"><div class=\"kadence-blocks-gallery-item\"><div class=\"kadence-blocks-gallery-item-inner\"><figure class=\"kb-gallery-figure kadence-blocks-gallery-item-hide-caption kb-has-image-ratio-land32\"><div class=\"kb-gal-image-radius\"><div class=\"kb-gallery-image-contain kadence-blocks-gallery-intrinsic kb-gallery-image-ratio-land32\"><img decoding=\"async\" loading=\"lazy\" src=\"https:\/\/www.echomachinery.com\/wp-content\/uploads\/2020\/07\/Bowl-Elevator-detail-20200715-0004-e1617611599263.jpg\" width=\"530\" height=\"353\" alt=\"detalle de la m\u00e1quina\" data-full-image=\"https:\/\/www.echomachinery.com\/wp-content\/uploads\/2020\/07\/Bowl-Elevator-detail-20200715-0004-e1617611599263.jpg\" data-light-image=\"https:\/\/www.echomachinery.com\/wp-content\/uploads\/2020\/07\/Bowl-Elevator-detail-20200715-0004-e1617611599263.jpg\" data-id=\"1711\" data-link=\"https:\/\/www.echomachinery.com\/packaging-machines\/relative-devices\/bowl-elevator\/attachment\/bowl-elevator-detail-20200715-0004\/\" class=\"wp-image-1711 skip-lazy\"\/><\/div><\/div><\/figure><\/div><\/div><\/div><div class=\"kb-slide-item kb-gallery-slide-item\"><div class=\"kadence-blocks-gallery-item\"><div class=\"kadence-blocks-gallery-item-inner\"><figure class=\"kb-gallery-figure kadence-blocks-gallery-item-hide-caption kb-has-image-ratio-land32\"><div class=\"kb-gal-image-radius\"><div class=\"kb-gallery-image-contain kadence-blocks-gallery-intrinsic kb-gallery-image-ratio-land32\"><img decoding=\"async\" loading=\"lazy\" src=\"https:\/\/www.echomachinery.com\/wp-content\/uploads\/2020\/07\/Bowl-Elevator-detail-20200715-0012-e1617611528347.jpg\" width=\"530\" height=\"353\" alt=\"Detalle de ascensor de cuenco\" data-full-image=\"https:\/\/www.echomachinery.com\/wp-content\/uploads\/2020\/07\/Bowl-Elevator-detail-20200715-0012-e1617611528347.jpg\" data-light-image=\"https:\/\/www.echomachinery.com\/wp-content\/uploads\/2020\/07\/Bowl-Elevator-detail-20200715-0012-e1617611528347.jpg\" data-id=\"1714\" data-link=\"https:\/\/www.echomachinery.com\/packaging-machines\/relative-devices\/bowl-elevator\/attachment\/bowl-elevator-detail-20200715-0012\/\" class=\"wp-image-1714 skip-lazy\"\/><\/div><\/div><\/figure><\/div><\/div><\/div><\/div><\/div><\/div><\/div>\n<\/div><\/div>\n\n\n\n<div class=\"wp-block-kadence-column inner-column-2 kadence-column_011eaa-80\"><div class=\"kt-inside-inner-col\">\n<h3 id=\"0-mr8-200rwg\"><strong>WT-170 1.4L<\/strong><\/h3>\n\n\n\n<figure class=\"wp-block-table is-style-regular\"><table><tbody><tr><td>Fuerza<\/td><td class=\"has-text-align-left\" data-align=\"left\">0.75kw<\/td><\/tr><tr><td>capacidad \u00fanica<\/td><td class=\"has-text-align-left\" data-align=\"left\">1.4L<\/td><\/tr><tr><td>Capacidad de transporte<\/td><td class=\"has-text-align-left\" data-align=\"left\">2,5 m\u00b3\/h<\/td><\/tr><\/tbody><\/table><\/figure>\n<\/div><\/div>\n<\/div><\/div><\/div>\n\n\n\n<hr class=\"wp-block-separator\"\/>\n\n\n\n<p>El material principal de esta m\u00e1quina es de acero inoxidable 304 y tolva de PP de grado alimenticio de 1.4L. La cadena impulsa la tolva para levantar el material, que es seguro, higi\u00e9nico y estable en el transporte. Es ampliamente utilizado en el transporte cuantitativo de alimentos, medicinas, granos y materiales de bolsas peque\u00f1as. Se puede combinar f\u00e1cilmente con la m\u00e1quina de pesaje y la m\u00e1quina de envasado para formar un sistema de envasado autom\u00e1tico cuantitativo.<\/p>","protected":false},"excerpt":{"rendered":"<p>WT-170&nbsp; 1.4L Power 0.75kw Single Capacity 1.4l Conveying Capacity 2.5m\u00b3\/h The main material of this machine is 304 stainless steel and 1.4L food grade PP hopper. The chain drives the hopper to lift the material, which is safe, hygienic and stable in transportation. It is widely used in the quantitative transportation of food, medicine, grain&hellip;&nbsp;<a href=\"https:\/\/www.echomachinery.com\/es\/packaging-machines\/relative-devices\/bowl-elevator\/\" class=\"\" rel=\"bookmark\">Leer m\u00e1s \u00bb<span class=\"screen-reader-text\">taz\u00f3n para el aire<\/span><\/a><\/p>","protected":false},"author":1,"featured_media":1869,"parent":1314,"menu_order":0,"comment_status":"closed","ping_status":"closed","template":"page-templates\/product.php","meta":{"inline_featured_image":false,"ub_ctt_via":"","kt_blocks_editor_width":""},"aioseo_notices":[],"featured_image_src":"https:\/\/www.echomachinery.com\/wp-content\/uploads\/2020\/08\/Bowl-Elevator.jpg","_links":{"self":[{"href":"https:\/\/www.echomachinery.com\/es\/wp-json\/wp\/v2\/pages\/1408"}],"collection":[{"href":"https:\/\/www.echomachinery.com\/es\/wp-json\/wp\/v2\/pages"}],"about":[{"href":"https:\/\/www.echomachinery.com\/es\/wp-json\/wp\/v2\/types\/page"}],"author":[{"embeddable":true,"href":"https:\/\/www.echomachinery.com\/es\/wp-json\/wp\/v2\/users\/1"}],"replies":[{"embeddable":true,"href":"https:\/\/www.echomachinery.com\/es\/wp-json\/wp\/v2\/comments?post=1408"}],"version-history":[{"count":0,"href":"https:\/\/www.echomachinery.com\/es\/wp-json\/wp\/v2\/pages\/1408\/revisions"}],"up":[{"embeddable":true,"href":"https:\/\/www.echomachinery.com\/es\/wp-json\/wp\/v2\/pages\/1314"}],"wp:featuredmedia":[{"embeddable":true,"href":"https:\/\/www.echomachinery.com\/es\/wp-json\/wp\/v2\/media\/1869"}],"wp:attachment":[{"href":"https:\/\/www.echomachinery.com\/es\/wp-json\/wp\/v2\/media?parent=1408"}],"curies":[{"name":"pp","href":"https:\/\/api.w.org\/{rel}","templated":true}]}}