{"id":1412,"date":"2020-06-26T05:39:21","date_gmt":"2020-06-26T05:39:21","guid":{"rendered":"http:\/\/test.echopacker.com\/?page_id=1412"},"modified":"2022-02-22T09:19:04","modified_gmt":"2022-02-22T08:19:04","slug":"screw-conveyor","status":"publish","type":"page","link":"https:\/\/www.echomachinery.com\/es\/packaging-machines\/relative-devices\/screw-conveyor\/","title":{"rendered":"transportador de tornillo"},"content":{"rendered":"<style id=\"kt-blocks_e3be45-06\">#kt-layout-id_e3be45-06 > .kt-row-column-wrap{padding-bottom:0px;}<\/style>\n<div class=\"wp-block-kadence-rowlayout alignnone\"><div id=\"kt-layout-id_e3be45-06\" class=\"kt-row-layout-inner kt-layout-id_e3be45-06\"><div class=\"kt-row-column-wrap kt-has-2-columns kt-gutter-default kt-v-gutter-default kt-row-valign-top kt-row-layout-equal kt-tab-layout-inherit kt-m-colapse-left-to-right kt-mobile-layout-row\">\n<div class=\"wp-block-kadence-column inner-column-1 kadence-column_dbf594-05\"><div class=\"kt-inside-inner-col\"><style id=\"kt-blocks_d7ddbc-8d\">.wp-block-kadence-advancedgallery ul.kb-gallery-id-_d7ddbc-8d {margin: -5px;}.kb-gallery-id-_d7ddbc-8d .kadence-blocks-gallery-item {padding:5px;}.kb-gallery-type-carousel.kb-gallery-id-_d7ddbc-8d .kt-blocks-carousel .kt-blocks-carousel-init {margin: 0 -5px;}.kb-gallery-type-carousel.kb-gallery-id-_d7ddbc-8d .kt-blocks-carousel .kt-blocks-carousel-init .kb-slide-item, .kb-gallery-type-fluidcarousel.kb-gallery-id-_d7ddbc-8d .kt-blocks-carousel .kt-blocks-carousel-init .kb-slide-item, .kb-gallery-type-carousel .kt-blocks-carousel-init:not(.slick-initialized) .kb-slide-item {padding: 4px 5px;}.kb-gallery-type-fluidcarousel.kb-gallery-id-_d7ddbc-8d .kt-blocks-carousel .kt-blocks-carousel-init.kb-carousel-mode-align-left .kb-slide-item {padding: 4px 10px 4px 0;}.kb-gallery-type-carousel.kb-gallery-id-_d7ddbc-8d .kt-blocks-carousel .kt-blocks-carousel-init .slick-prev {left:5px;}.kb-gallery-type-carousel.kb-gallery-id-_d7ddbc-8d .kt-blocks-carousel .kt-blocks-carousel-init .slick-next {right:5px;}.kb-gallery-id-_d7ddbc-8d .kadence-blocks-gallery-item .kb-gal-image-radius {border-radius: 0px 0px 0px 0px;}<\/style>\n<div class=\"wp-block-kadence-advancedgallery kb-gallery-wrap-id-_d7ddbc-8d\"><div class=\"kb-gallery-ul kb-gallery-type-slider kb-gallery-id-_d7ddbc-8d kb-gallery-caption-style-bottom-hover kb-gallery-filter-none\" data-image-filter=\"none\" data-lightbox-caption=\"true\"><div class=\"kt-blocks-carousel kt-carousel-container-dotstyle-dark\"><div class=\"kt-blocks-carousel-init kb-blocks-slider kt-carousel-arrowstyle-whiteondark kt-carousel-dotstyle-dark\" data-slider-anim-speed=\"400\" data-slider-type=\"slider\" data-slider-scroll=\"1\" data-slider-arrows=\"true\" data-slider-dots=\"true\" data-slider-hover-pause=\"false\" data-slider-auto=\"false\" data-slider-speed=\"7000\"><div class=\"kb-slide-item kb-gallery-slide-item\"><div class=\"kadence-blocks-gallery-item\"><div class=\"kadence-blocks-gallery-item-inner\"><figure class=\"kb-gallery-figure kadence-blocks-gallery-item-hide-caption kb-has-image-ratio-land32\"><div class=\"kb-gal-image-radius\"><div class=\"kb-gallery-image-contain kadence-blocks-gallery-intrinsic kb-gallery-image-ratio-land32\"><img decoding=\"async\" loading=\"lazy\" width=\"1000\" height=\"666\" src=\"https:\/\/www.echomachinery.com\/wp-content\/uploads\/2020\/08\/Screw-Conveyor.jpg\" alt=\"\" data-full-image=\"https:\/\/www.echomachinery.com\/wp-content\/uploads\/2020\/08\/Screw-Conveyor.jpg\" data-light-image=\"https:\/\/www.echomachinery.com\/wp-content\/uploads\/2020\/08\/Screw-Conveyor.jpg\" data-id=\"1865\" data-link=\"https:\/\/www.echomachinery.com\/packaging-machines\/relative-devices\/attachment\/screw-conveyor-3\/\" class=\"wp-image-1865 skip-lazy\" srcset=\"https:\/\/www.echomachinery.com\/wp-content\/uploads\/2020\/08\/Screw-Conveyor.jpg 1000w, https:\/\/www.echomachinery.com\/wp-content\/uploads\/2020\/08\/Screw-Conveyor-300x200.jpg 300w, https:\/\/www.echomachinery.com\/wp-content\/uploads\/2020\/08\/Screw-Conveyor-150x100.jpg 150w, https:\/\/www.echomachinery.com\/wp-content\/uploads\/2020\/08\/Screw-Conveyor-768x511.jpg 768w, https:\/\/www.echomachinery.com\/wp-content\/uploads\/2020\/08\/Screw-Conveyor-600x400.jpg 600w, https:\/\/www.echomachinery.com\/wp-content\/uploads\/2020\/08\/Screw-Conveyor-930x620.jpg 930w, https:\/\/www.echomachinery.com\/wp-content\/uploads\/2020\/08\/Screw-Conveyor-272x182.jpg 272w\" sizes=\"(max-width: 1000px) 100vw, 1000px\" \/><\/div><\/div><\/figure><\/div><\/div><\/div><\/div><\/div><\/div><\/div>\n<\/div><\/div>\n\n\n\n<div class=\"wp-block-kadence-column inner-column-2 kadence-column_011eaa-80\"><div class=\"kt-inside-inner-col\">\n<h3 id=\"0-mr8-200rwg\"><strong>Y100\/180<\/strong><\/h3>\n\n\n\n<h4>transportador de tornillo<\/h4>\n\n\n\n<figure class=\"wp-block-table\"><table><tbody><tr><td>Velocidad de alimentaci\u00f3n<\/td><td>3 \u2013 5m\u00b3\/h<\/td><\/tr><tr><td>Volumen de la bandeja de material<\/td><td>100 \u2013 180ml<\/td><\/tr><tr><td>Potencia total<\/td><td>815 \u2013 1565W<\/td><\/tr><\/tbody><\/table><\/figure>\n<\/div><\/div>\n<\/div><\/div><\/div>\n\n\n\n<hr class=\"wp-block-separator\"\/>\n\n\n\n<p>El transportador de barrena se puede utilizar para levantar polvo y ayudarlos a llenarse. El relleno de la sinf\u00edn y el transportador de la barrena constituyen una m\u00e1quina de polvo. Se adapta a la leche de caf\u00e9, etc. en polvo. Esta m\u00e1quina de llenado de polvo dise\u00f1o especial para llenar materiales en polvo como lavado en polvo, uva en polvo, leche en polvo, etc. Se puede ajustar con la m\u00e1quina de envasado para formar una l\u00ednea de producci\u00f3n completa.<\/p>\n\n\n\n<h4>Caracter\u00edsticas<\/h4>\n\n\n\n<p>Nuestro transportador de barrena adopta motor de alimentaci\u00f3n de doble motor y motor vibratorio, control independiente. Se puede ajustar la vibraci\u00f3n y la amplitud de la caja de material, se separa el dise\u00f1o de la caja de material y la carga y descarga es f\u00e1cil. Refuerzo del motor de vibraci\u00f3n. Para facilitar los materiales de limpieza dise\u00f1ados para la descarga reversible en espiral, el tubo de alimentaci\u00f3n tiene descarga de la puerta, todo el tornillo puede quitar f\u00e1cilmente el otro.<\/p>\n\n\n\n<figure class=\"wp-block-embed is-type-video is-provider-youtube wp-block-embed-youtube wp-embed-aspect-16-9 wp-has-aspect-ratio\"><div class=\"wp-block-embed__wrapper\">\n<div class=\"nv-iframe-embed\"><iframe loading=\"lazy\" title=\"Instrucciones de instalaci\u00f3n de la aspiradora, transportador de tornillo y aspiradora - L\u00ednea de envasado en polvo\" width=\"1090\" height=\"613\" src=\"https:\/\/www.youtube.com\/embed\/SRdEHguNGVs?feature=oembed\" frameborder=\"0\" allow=\"accelerometer; autoplay; clipboard-write; encrypted-media; gyroscope; picture-in-picture\" allowfullscreen><\/iframe><\/div>\n<\/div><\/figure>\n\n\n\n<h3>Par\u00e1metros del<\/h3>\n\n\n\n<figure class=\"wp-block-table is-style-regular\"><table class=\"has-fixed-layout\"><thead><tr><th><\/th><th class=\"has-text-align-center\" data-align=\"center\"><strong>Y100<\/strong><\/th><th class=\"has-text-align-center\" data-align=\"center\"><strong>Y180<\/strong><\/th><\/tr><\/thead><tbody><tr><td>Velocidad de alimentaci\u00f3n<\/td><td class=\"has-text-align-center\" data-align=\"center\">3m\u00b3\/h<\/td><td class=\"has-text-align-center\" data-align=\"center\">5m\u00b3\/h<\/td><\/tr><tr><td>Volumen de la bandeja de material<\/td><td class=\"has-text-align-center\" data-align=\"center\">100ml<\/td><td class=\"has-text-align-center\" data-align=\"center\">180ml<\/td><\/tr><tr><td>Potencia total<\/td><td class=\"has-text-align-center\" data-align=\"center\">815W<\/td><td class=\"has-text-align-center\" data-align=\"center\">1565W<\/td><\/tr><tr><td>Tama\u00f1o de la caja de alimentaci\u00f3n<\/td><td class=\"has-text-align-center\" data-align=\"center\">800 \u00d7 800 \u00d7 1200 mm<\/td><td class=\"has-text-align-center\" data-align=\"center\">900 \u00d7 900 \u00d7 1000 mm<\/td><\/tr><tr><td>Distancia desde el puerto de descarga hasta el suelo<\/td><td class=\"has-text-align-center\" data-align=\"center\">1800mm<\/td><td class=\"has-text-align-center\" data-align=\"center\">1800mm<\/td><\/tr><tr><td>Fuerza<\/td><td class=\"has-text-align-center\" data-align=\"center\">3P 380V<\/td><td class=\"has-text-align-center\" data-align=\"center\">3P 380V<\/td><\/tr><\/tbody><\/table><figcaption><em>La altura se puede dise\u00f1ar seg\u00fan sea necesario<\/em><\/figcaption><\/figure>\n\n\n\n<h3>Estructura de la m\u00e1quina<\/h3>\n\n\n\n<div class=\"wp-block-image\"><figure class=\"aligncenter size-large\"><img decoding=\"async\" loading=\"lazy\" width=\"612\" height=\"433\" src=\"https:\/\/www.echomachinery.com\/wp-content\/uploads\/2020\/06\/Screw-Conveyor-Machine-Structure.jpg\" alt=\"\" class=\"wp-image-1516\" srcset=\"https:\/\/www.echomachinery.com\/wp-content\/uploads\/2020\/06\/Screw-Conveyor-Machine-Structure.jpg 612w, https:\/\/www.echomachinery.com\/wp-content\/uploads\/2020\/06\/Screw-Conveyor-Machine-Structure-300x212.jpg 300w, https:\/\/www.echomachinery.com\/wp-content\/uploads\/2020\/06\/Screw-Conveyor-Machine-Structure-150x106.jpg 150w\" sizes=\"(max-width: 612px) 100vw, 612px\" \/><figcaption>Contiene relleno de tornillo de barrena y tornillo transportador<\/figcaption><\/figure><\/div>","protected":false},"excerpt":{"rendered":"<p>Y100\/180 Screw Conveyor Feeding Speed 3 &#8211; 5m\u00b3\/h Volume of Material bin 100 &#8211; 180ml Total Power 815 &#8211; 1565w Auger conveyor can be used to lift powder and help them fill. Auger filling and auger conveyor constitute powder machine. It suit for coffee milk etc powder. This powder filling machine special design for filling&hellip;&nbsp;<a href=\"https:\/\/www.echomachinery.com\/es\/packaging-machines\/relative-devices\/screw-conveyor\/\" class=\"\" rel=\"bookmark\">Leer m\u00e1s \u00bb<span class=\"screen-reader-text\">transportador de tornillo<\/span><\/a><\/p>","protected":false},"author":1,"featured_media":1865,"parent":1314,"menu_order":0,"comment_status":"closed","ping_status":"closed","template":"page-templates\/product.php","meta":{"inline_featured_image":false,"ub_ctt_via":"","kt_blocks_editor_width":""},"aioseo_notices":[],"featured_image_src":"https:\/\/www.echomachinery.com\/wp-content\/uploads\/2020\/08\/Screw-Conveyor.jpg","_links":{"self":[{"href":"https:\/\/www.echomachinery.com\/es\/wp-json\/wp\/v2\/pages\/1412"}],"collection":[{"href":"https:\/\/www.echomachinery.com\/es\/wp-json\/wp\/v2\/pages"}],"about":[{"href":"https:\/\/www.echomachinery.com\/es\/wp-json\/wp\/v2\/types\/page"}],"author":[{"embeddable":true,"href":"https:\/\/www.echomachinery.com\/es\/wp-json\/wp\/v2\/users\/1"}],"replies":[{"embeddable":true,"href":"https:\/\/www.echomachinery.com\/es\/wp-json\/wp\/v2\/comments?post=1412"}],"version-history":[{"count":0,"href":"https:\/\/www.echomachinery.com\/es\/wp-json\/wp\/v2\/pages\/1412\/revisions"}],"up":[{"embeddable":true,"href":"https:\/\/www.echomachinery.com\/es\/wp-json\/wp\/v2\/pages\/1314"}],"wp:featuredmedia":[{"embeddable":true,"href":"https:\/\/www.echomachinery.com\/es\/wp-json\/wp\/v2\/media\/1865"}],"wp:attachment":[{"href":"https:\/\/www.echomachinery.com\/es\/wp-json\/wp\/v2\/media?parent=1412"}],"curies":[{"name":"pp","href":"https:\/\/api.w.org\/{rel}","templated":true}]}}