{"id":1417,"date":"2020-06-26T05:41:44","date_gmt":"2020-06-26T05:41:44","guid":{"rendered":"http:\/\/test.echopacker.com\/?page_id=1417"},"modified":"2022-09-20T08:07:38","modified_gmt":"2022-09-20T06:07:38","slug":"liquid-filler","status":"publish","type":"page","link":"https:\/\/www.echomachinery.com\/es\/packaging-machines\/relative-devices\/liquid-filler\/","title":{"rendered":"Llenadora l\u00edquida neum\u00e1tica"},"content":{"rendered":"<style id=\"kt-blocks_e3be45-06\">#kt-layout-id_e3be45-06 > .kt-row-column-wrap{padding-bottom:0px;}<\/style>\n<div class=\"wp-block-kadence-rowlayout alignnone\"><div id=\"kt-layout-id_e3be45-06\" class=\"kt-row-layout-inner kt-layout-id_e3be45-06\"><div class=\"kt-row-column-wrap kt-has-2-columns kt-gutter-default kt-v-gutter-default kt-row-valign-top kt-row-layout-equal kt-tab-layout-inherit kt-m-colapse-left-to-right kt-mobile-layout-row\">\n<div class=\"wp-block-kadence-column inner-column-1 kadence-column_dbf594-05\"><div class=\"kt-inside-inner-col\"><style id=\"kt-blocks_d7ddbc-8d\">.wp-block-kadence-advancedgallery ul.kb-gallery-id-_d7ddbc-8d {margin: -5px;}.kb-gallery-id-_d7ddbc-8d .kadence-blocks-gallery-item {padding:5px;}.kb-gallery-type-carousel.kb-gallery-id-_d7ddbc-8d .kt-blocks-carousel .kt-blocks-carousel-init {margin: 0 -5px;}.kb-gallery-type-carousel.kb-gallery-id-_d7ddbc-8d .kt-blocks-carousel .kt-blocks-carousel-init .kb-slide-item, .kb-gallery-type-fluidcarousel.kb-gallery-id-_d7ddbc-8d .kt-blocks-carousel .kt-blocks-carousel-init .kb-slide-item, .kb-gallery-type-carousel .kt-blocks-carousel-init:not(.slick-initialized) .kb-slide-item {padding: 4px 5px;}.kb-gallery-type-fluidcarousel.kb-gallery-id-_d7ddbc-8d .kt-blocks-carousel .kt-blocks-carousel-init.kb-carousel-mode-align-left .kb-slide-item {padding: 4px 10px 4px 0;}.kb-gallery-type-carousel.kb-gallery-id-_d7ddbc-8d .kt-blocks-carousel .kt-blocks-carousel-init .slick-prev {left:5px;}.kb-gallery-type-carousel.kb-gallery-id-_d7ddbc-8d .kt-blocks-carousel .kt-blocks-carousel-init .slick-next {right:5px;}.kb-gallery-id-_d7ddbc-8d .kadence-blocks-gallery-item .kb-gal-image-radius {border-radius: 0px 0px 0px 0px;}<\/style>\n<div class=\"wp-block-kadence-advancedgallery kb-gallery-wrap-id-_d7ddbc-8d\"><div class=\"kb-gallery-ul kb-gallery-type-slider kb-gallery-id-_d7ddbc-8d kb-gallery-caption-style-bottom-hover kb-gallery-filter-none\" data-image-filter=\"none\" data-lightbox-caption=\"true\"><div class=\"kt-blocks-carousel kt-carousel-container-dotstyle-dark\"><div class=\"kt-blocks-carousel-init kb-blocks-slider kt-carousel-arrowstyle-whiteondark kt-carousel-dotstyle-dark\" data-slider-anim-speed=\"400\" data-slider-type=\"slider\" data-slider-scroll=\"1\" data-slider-arrows=\"true\" data-slider-dots=\"true\" data-slider-hover-pause=\"false\" data-slider-auto=\"false\" data-slider-speed=\"7000\"><div class=\"kb-slide-item kb-gallery-slide-item\"><div class=\"kadence-blocks-gallery-item\"><div class=\"kadence-blocks-gallery-item-inner\"><figure class=\"kb-gallery-figure kadence-blocks-gallery-item-hide-caption kb-has-image-ratio-land32\"><div class=\"kb-gal-image-radius\"><div class=\"kb-gallery-image-contain kadence-blocks-gallery-intrinsic kb-gallery-image-ratio-land32\"><img decoding=\"async\" loading=\"lazy\" src=\"https:\/\/www.echomachinery.com\/wp-content\/uploads\/2022\/09\/Liquid-Filler.jpg\" width=\"1000\" height=\"666\" alt=\"\" data-full-image=\"https:\/\/www.echomachinery.com\/wp-content\/uploads\/2022\/09\/Liquid-Filler.jpg\" data-light-image=\"https:\/\/www.echomachinery.com\/wp-content\/uploads\/2022\/09\/Liquid-Filler.jpg\" data-id=\"6227\" data-link=\"https:\/\/www.echomachinery.com\/packaging-machines\/relative-devices\/attachment\/%e5%90%8d%e7%91%9e%e5%90%8e%e5%8d%8a%e9%83%a8%e5%88%860627-ok\/\" class=\"wp-image-6227 skip-lazy\" srcset=\"https:\/\/www.echomachinery.com\/wp-content\/uploads\/2022\/09\/Liquid-Filler.jpg 1000w, https:\/\/www.echomachinery.com\/wp-content\/uploads\/2022\/09\/Liquid-Filler-300x200.jpg 300w, https:\/\/www.echomachinery.com\/wp-content\/uploads\/2022\/09\/Liquid-Filler-768x511.jpg 768w, https:\/\/www.echomachinery.com\/wp-content\/uploads\/2022\/09\/Liquid-Filler-930x620.jpg 930w\" sizes=\"(max-width: 1000px) 100vw, 1000px\" \/><\/div><\/div><\/figure><\/div><\/div><\/div><div class=\"kb-slide-item kb-gallery-slide-item\"><div class=\"kadence-blocks-gallery-item\"><div class=\"kadence-blocks-gallery-item-inner\"><figure class=\"kb-gallery-figure kadence-blocks-gallery-item-hide-caption kb-has-image-ratio-land32\"><div class=\"kb-gal-image-radius\"><div class=\"kb-gallery-image-contain kadence-blocks-gallery-intrinsic kb-gallery-image-ratio-land32\"><img decoding=\"async\" loading=\"lazy\" src=\"https:\/\/www.echomachinery.com\/wp-content\/uploads\/2020\/06\/Liquid-Filler.jpg\" width=\"1000\" height=\"666\" alt=\"Llenador de l\u00edquido\" data-full-image=\"https:\/\/www.echomachinery.com\/wp-content\/uploads\/2020\/06\/Liquid-Filler.jpg\" data-light-image=\"https:\/\/www.echomachinery.com\/wp-content\/uploads\/2020\/06\/Liquid-Filler.jpg\" data-id=\"1539\" data-link=\"https:\/\/www.echomachinery.com\/packaging-machines\/relative-devices\/liquid-filler\/attachment\/dk-oo\/\" class=\"wp-image-1539 skip-lazy\" srcset=\"https:\/\/www.echomachinery.com\/wp-content\/uploads\/2020\/06\/Liquid-Filler.jpg 1000w, https:\/\/www.echomachinery.com\/wp-content\/uploads\/2020\/06\/Liquid-Filler-300x200.jpg 300w, https:\/\/www.echomachinery.com\/wp-content\/uploads\/2020\/06\/Liquid-Filler-150x100.jpg 150w, https:\/\/www.echomachinery.com\/wp-content\/uploads\/2020\/06\/Liquid-Filler-768x511.jpg 768w, https:\/\/www.echomachinery.com\/wp-content\/uploads\/2020\/06\/Liquid-Filler-600x400.jpg 600w, https:\/\/www.echomachinery.com\/wp-content\/uploads\/2020\/06\/Liquid-Filler-930x620.jpg 930w, https:\/\/www.echomachinery.com\/wp-content\/uploads\/2020\/06\/Liquid-Filler-272x182.jpg 272w\" sizes=\"(max-width: 1000px) 100vw, 1000px\" \/><\/div><\/div><\/figure><\/div><\/div><\/div><\/div><\/div><\/div><\/div>\n<\/div><\/div>\n\n\n\n<div class=\"wp-block-kadence-column inner-column-2 kadence-column_011eaa-80\"><div class=\"kt-inside-inner-col\">\n<h3 id=\"0-mr8-200rwg\"><strong>svfa1<\/strong><\/h3>\n\n\n\n<h4 id=\"1-solid-amp-granule-automatic-packaging-machine\"><strong>Relleno de pist\u00f3n neum\u00e1tico semiautom\u00e1tico<\/strong><\/h4>\n\n\n\n<figure class=\"wp-block-table is-style-regular\"><table><tbody><tr><td>Volumen de llenado<\/td><td class=\"has-text-align-left\" data-align=\"left\">30 \u2013 5000ml<\/td><\/tr><tr><td>Velocidad de llenado<\/td><td class=\"has-text-align-left\" data-align=\"left\">6 \u2013 30 bolsas\/minuto<\/td><\/tr><tr><td>precisi\u00f3n<\/td><td class=\"has-text-align-left\" data-align=\"left\">\u00b11%<\/td><\/tr><\/tbody><\/table><\/figure>\n<\/div><\/div>\n<\/div><\/div><\/div>\n\n\n\n<hr class=\"wp-block-separator\"\/>\n\n\n\n<h4 id=\"2-fearures-and-characteristics\">Caracter\u00edsticas<\/h4>\n\n\n\n<p>La serie de rellenos de pist\u00f3n est\u00e1 dise\u00f1ada para dispensar una amplia variedad de productos l\u00edquidos y semil\u00edquidos. que son m\u00e1quinas de llenado ideales para las industrias cosm\u00e9tica, farmac\u00e9utica, alimentaria, pesticida u otras. Esta m\u00e1quina neum\u00e1tica pura es adecuada para el entorno de producci\u00f3n resistente a la explosi\u00f3n porque es operado solo por aire, no se necesita electricidad.<\/p>\n\n\n\n<h4>desempe\u00f1o<\/h4>\n\n\n<style id=\"kt-blocks_e0e953-ff\">.wp-block-kadence-iconlist.kt-svg-icon-list-items_e0e953-ff:not(.this-stops-third-party-issues) {margin-top:0}.wp-block-kadence-iconlist.kt-svg-icon-list-items_e0e953-ff ul.kt-svg-icon-list {margin:0px 0px 10px 0px;}.kt-svg-icon-list-items_e0e953-ff ul.kt-svg-icon-list .kt-svg-icon-list-item-wrap, .kt-svg-icon-list-items_e0e953-ff ul.kt-svg-icon-list .kt-svg-icon-list-item-wrap a {}<\/style>\n<div class=\"wp-block-kadence-iconlist kt-svg-icon-list-items kt-svg-icon-list-items_e0e953-ff kt-svg-icon-list-columns-1 alignnone kt-list-icon-aligntop\"><ul class=\"kt-svg-icon-list\"><li class=\"kt-svg-icon-list-style-default kt-svg-icon-list-item-wrap kt-svg-icon-list-item-0\"><div style=\"display:inline-flex;justify-content:center;align-items:center;color:#000000\" class=\"kt-svg-icon-list-single kt-svg-icon-list-single-fe_chevronRight\"><svg style=\"display:inline-block;vertical-align:middle\" viewbox=\"0 0 24 24\" height=\"20\" width=\"20\" fill=\"none\" stroke=\"currentColor\" xmlns=\"http:\/\/www.w3.org\/2000\/svg\" stroke-width=\"2\" stroke-linecap=\"round\" stroke-linejoin=\"round\" aria-hidden=\"true\"><polyline points=\"9 18 15 12 9 6\"><\/polyline><\/svg><\/div><span class=\"kt-svg-icon-list-text\">Puro neum\u00e1tico, alimentado por aire, dise\u00f1ado para trabajar de forma segura bajo antiexplosi\u00f3n y terribles condiciones de trabajo.<\/span><\/li><li class=\"kt-svg-icon-list-style-default kt-svg-icon-list-item-wrap kt-svg-icon-list-item-1\"><div style=\"display:inline-flex;justify-content:center;align-items:center;color:#000000\" class=\"kt-svg-icon-list-single kt-svg-icon-list-single-fe_chevronRight\"><svg style=\"display:inline-block;vertical-align:middle\" viewbox=\"0 0 24 24\" height=\"20\" width=\"20\" fill=\"none\" stroke=\"currentColor\" xmlns=\"http:\/\/www.w3.org\/2000\/svg\" stroke-width=\"2\" stroke-linecap=\"round\" stroke-linejoin=\"round\" aria-hidden=\"true\"><polyline points=\"9 18 15 12 9 6\"><\/polyline><\/svg><\/div><span class=\"kt-svg-icon-list-text\">Posici\u00f3n mec\u00e1nica, alta precisi\u00f3n dentro de +0.5%~1%.<\/span><\/li><li class=\"kt-svg-icon-list-style-default kt-svg-icon-list-item-wrap kt-svg-icon-list-item-2\"><div style=\"display:inline-flex;justify-content:center;align-items:center;color:#000000\" class=\"kt-svg-icon-list-single kt-svg-icon-list-single-fe_chevronRight\"><svg style=\"display:inline-block;vertical-align:middle\" viewbox=\"0 0 24 24\" height=\"20\" width=\"20\" fill=\"none\" stroke=\"currentColor\" xmlns=\"http:\/\/www.w3.org\/2000\/svg\" stroke-width=\"2\" stroke-linecap=\"round\" stroke-linejoin=\"round\" aria-hidden=\"true\"><polyline points=\"9 18 15 12 9 6\"><\/polyline><\/svg><\/div><span class=\"kt-svg-icon-list-text\">Sistema de control por PLC para alta precisi\u00f3n y rango de ajuste, volante y contador para ajuste de volumen, con figuras claras.<\/span><\/li><li class=\"kt-svg-icon-list-style-default kt-svg-icon-list-item-wrap kt-svg-icon-list-item-3\"><div style=\"display:inline-flex;justify-content:center;align-items:center;color:#000000\" class=\"kt-svg-icon-list-single kt-svg-icon-list-single-fe_chevronRight\"><svg style=\"display:inline-block;vertical-align:middle\" viewbox=\"0 0 24 24\" height=\"20\" width=\"20\" fill=\"none\" stroke=\"currentColor\" xmlns=\"http:\/\/www.w3.org\/2000\/svg\" stroke-width=\"2\" stroke-linecap=\"round\" stroke-linejoin=\"round\" aria-hidden=\"true\"><polyline points=\"9 18 15 12 9 6\"><\/polyline><\/svg><\/div><span class=\"kt-svg-icon-list-text\">Equipado con parada de emergencia. Una vez que se presiona la parada de emergencia, se detienen todas las acciones.<\/span><\/li><li class=\"kt-svg-icon-list-style-default kt-svg-icon-list-item-wrap kt-svg-icon-list-item-4\"><div style=\"display:inline-flex;justify-content:center;align-items:center;color:#000000\" class=\"kt-svg-icon-list-single kt-svg-icon-list-single-fe_chevronRight\"><svg style=\"display:inline-block;vertical-align:middle\" viewbox=\"0 0 24 24\" height=\"20\" width=\"20\" fill=\"none\" stroke=\"currentColor\" xmlns=\"http:\/\/www.w3.org\/2000\/svg\" stroke-width=\"2\" stroke-linecap=\"round\" stroke-linejoin=\"round\" aria-hidden=\"true\"><polyline points=\"9 18 15 12 9 6\"><\/polyline><\/svg><\/div><span class=\"kt-svg-icon-list-text\">Marcas famosas por componentes el\u00e9ctricos, garantizan alta calidad, funcionamiento estable y bajo \u00edndice de error.<\/span><\/li><li class=\"kt-svg-icon-list-style-default kt-svg-icon-list-item-wrap kt-svg-icon-list-item-5\"><div style=\"display:inline-flex;justify-content:center;align-items:center;color:#000000\" class=\"kt-svg-icon-list-single kt-svg-icon-list-single-fe_chevronRight\"><svg style=\"display:inline-block;vertical-align:middle\" viewbox=\"0 0 24 24\" height=\"20\" width=\"20\" fill=\"none\" stroke=\"currentColor\" xmlns=\"http:\/\/www.w3.org\/2000\/svg\" stroke-width=\"2\" stroke-linecap=\"round\" stroke-linejoin=\"round\" aria-hidden=\"true\"><polyline points=\"9 18 15 12 9 6\"><\/polyline><\/svg><\/div><span class=\"kt-svg-icon-list-text\">Las piezas que entran en contacto con el producto est\u00e1n hechas de acero inoxidable 316L.<\/span><\/li><li class=\"kt-svg-icon-list-style-default kt-svg-icon-list-item-wrap kt-svg-icon-list-item-6\"><div style=\"display:inline-flex;justify-content:center;align-items:center;color:#000000\" class=\"kt-svg-icon-list-single kt-svg-icon-list-single-fe_chevronRight\"><svg style=\"display:inline-block;vertical-align:middle\" viewbox=\"0 0 24 24\" height=\"20\" width=\"20\" fill=\"none\" stroke=\"currentColor\" xmlns=\"http:\/\/www.w3.org\/2000\/svg\" stroke-width=\"2\" stroke-linecap=\"round\" stroke-linejoin=\"round\" aria-hidden=\"true\"><polyline points=\"9 18 15 12 9 6\"><\/polyline><\/svg><\/div><span class=\"kt-svg-icon-list-text\">Compatible con varios sistemas de llenado, adecuados para envasar materiales l\u00edquidos, como champ\u00fa, crema facial, aceite, salsa, mermelada, etc.<\/span><\/li><\/ul><\/div>\n\n\n\n<figure class=\"wp-block-embed is-type-video is-provider-youtube wp-block-embed-youtube wp-embed-aspect-16-9 wp-has-aspect-ratio\"><div class=\"wp-block-embed__wrapper\">\n<div class=\"nv-iframe-embed\"><iframe loading=\"lazy\" title=\"Instrucciones de instalaci\u00f3n de la m\u00e1quina de llenado de l\u00edquido de pist\u00f3n - L\u00ednea de embalaje de l\u00edquido\" width=\"1090\" height=\"613\" src=\"https:\/\/www.youtube.com\/embed\/R1PQ71Xpibg?feature=oembed\" frameborder=\"0\" allow=\"accelerometer; autoplay; clipboard-write; encrypted-media; gyroscope; picture-in-picture\" allowfullscreen><\/iframe><\/div>\n<\/div><\/figure>\n\n\n\n<h3>Modelo y par\u00e1metros<\/h3>\n\n\n\n<figure class=\"wp-block-table is-style-regular\"><table class=\"has-fixed-layout\"><thead><tr><th><\/th><th class=\"has-text-align-center\" data-align=\"center\">SVFA1-30P<\/th><th class=\"has-text-align-center\" data-align=\"center\">SVFA1-50P<\/th><th class=\"has-text-align-center\" data-align=\"center\">SVFA1-100P<\/th><\/tr><\/thead><tbody><tr><td>emplomadura<\/td><td class=\"has-text-align-center\" data-align=\"center\">1 boquilla de llenado sin goteo<\/td><td class=\"has-text-align-center\" data-align=\"center\">1 boquilla de llenado sin goteo<\/td><td class=\"has-text-align-center\" data-align=\"center\">1 boquilla de llenado sin goteo<\/td><\/tr><tr><td>Volumen de llenado<\/td><td class=\"has-text-align-center\" data-align=\"center\">30 \u2013 250ml<\/td><td class=\"has-text-align-center\" data-align=\"center\">50 \u2013 500ml<\/td><td class=\"has-text-align-center\" data-align=\"center\">100 \u2013 5000ml<\/td><\/tr><tr><td>Velocidad de llenado<\/td><td class=\"has-text-align-center\" data-align=\"center\">10 \u2013 30 bolsas\/minuto<\/td><td class=\"has-text-align-center\" data-align=\"center\">8 \u2013 25 bolsas\/minuto<\/td><td class=\"has-text-align-center\" data-align=\"center\">6 \u2013 20 bolsas\/minuto<\/td><\/tr><tr><td>a\u00f1adir peso a<\/td><td class=\"has-text-align-center\" data-align=\"center\">55kg<\/td><td class=\"has-text-align-center\" data-align=\"center\">75kg<\/td><td class=\"has-text-align-center\" data-align=\"center\">80kg<\/td><\/tr><tr><td>precisi\u00f3n<\/td><td class=\"has-text-align-center\" data-align=\"center\">\u00b11%<\/td><td class=\"has-text-align-center\" data-align=\"center\">\u00b11%<\/td><td class=\"has-text-align-center\" data-align=\"center\">\u00b11%<\/td><\/tr><tr><td>Componentes neum\u00e1ticos<\/td><td class=\"has-text-align-center\" data-align=\"center\">tac de aire<\/td><td class=\"has-text-align-center\" data-align=\"center\">tac de aire<\/td><td class=\"has-text-align-center\" data-align=\"center\">tac de aire<\/td><\/tr><tr><td>accionado por m\u00e1quina<\/td><td class=\"has-text-align-center\" data-align=\"center\">aire comprimido<\/td><td class=\"has-text-align-center\" data-align=\"center\">aire comprimido<\/td><td class=\"has-text-align-center\" data-align=\"center\">aire comprimido<\/td><\/tr><tr><td>Otro<\/td><td class=\"has-text-align-center\" data-align=\"center\">Manguera de PVC, v\u00e1lvula de retenci\u00f3n<\/td><td class=\"has-text-align-center\" data-align=\"center\">Manguera de PVC, v\u00e1lvula de retenci\u00f3n<\/td><td class=\"has-text-align-center\" data-align=\"center\">Manguera de PVC, v\u00e1lvula de retenci\u00f3n<\/td><\/tr><\/tbody><\/table><figcaption><em>Velocidad de llenado para 100 ml\/botella Producto viscoso medio como champ\u00fa o aceite<\/em><\/figcaption><\/figure>","protected":false},"excerpt":{"rendered":"<p>SVFA1 Semi-Automatic Pneumatic Piston Filler Filling Volume 30 &#8211; 5000ml Filling Speed 6 &#8211; 30bags\/min Accuracy \u00b11% Fearures The series of piston fillers are designed to dispense a wide variety of liquid and semi-liquid products. Which are ideal filling machines for the cosmetic, pharmaceutical, food, pesticide, or other industries. This pure pneumatic machine is suitable&hellip;&nbsp;<a href=\"https:\/\/www.echomachinery.com\/es\/packaging-machines\/relative-devices\/liquid-filler\/\" class=\"\" rel=\"bookmark\">Leer m\u00e1s \u00bb<span class=\"screen-reader-text\">Llenadora l\u00edquida neum\u00e1tica<\/span><\/a><\/p>","protected":false},"author":1,"featured_media":0,"parent":1314,"menu_order":0,"comment_status":"closed","ping_status":"closed","template":"page-templates\/product.php","meta":{"inline_featured_image":false,"ub_ctt_via":"","kt_blocks_editor_width":""},"aioseo_notices":[],"featured_image_src":null,"_links":{"self":[{"href":"https:\/\/www.echomachinery.com\/es\/wp-json\/wp\/v2\/pages\/1417"}],"collection":[{"href":"https:\/\/www.echomachinery.com\/es\/wp-json\/wp\/v2\/pages"}],"about":[{"href":"https:\/\/www.echomachinery.com\/es\/wp-json\/wp\/v2\/types\/page"}],"author":[{"embeddable":true,"href":"https:\/\/www.echomachinery.com\/es\/wp-json\/wp\/v2\/users\/1"}],"replies":[{"embeddable":true,"href":"https:\/\/www.echomachinery.com\/es\/wp-json\/wp\/v2\/comments?post=1417"}],"version-history":[{"count":0,"href":"https:\/\/www.echomachinery.com\/es\/wp-json\/wp\/v2\/pages\/1417\/revisions"}],"up":[{"embeddable":true,"href":"https:\/\/www.echomachinery.com\/es\/wp-json\/wp\/v2\/pages\/1314"}],"wp:attachment":[{"href":"https:\/\/www.echomachinery.com\/es\/wp-json\/wp\/v2\/media?parent=1417"}],"curies":[{"name":"pp","href":"https:\/\/api.w.org\/{rel}","templated":true}]}}