{"id":1419,"date":"2020-06-30T03:21:25","date_gmt":"2020-06-30T03:21:25","guid":{"rendered":"http:\/\/test.echopacker.com\/?page_id=1419"},"modified":"2022-03-02T04:05:34","modified_gmt":"2022-03-02T03:05:34","slug":"auger-filler","status":"publish","type":"page","link":"https:\/\/www.echomachinery.com\/es\/packaging-machines\/relative-devices\/auger-filler\/","title":{"rendered":"Lleno de barrena"},"content":{"rendered":"<style id=\"kt-blocks_e3be45-06\">#kt-layout-id_e3be45-06 > .kt-row-column-wrap{padding-bottom:0px;}<\/style>\n<div class=\"wp-block-kadence-rowlayout alignnone\"><div id=\"kt-layout-id_e3be45-06\" class=\"kt-row-layout-inner kt-layout-id_e3be45-06\"><div class=\"kt-row-column-wrap kt-has-2-columns kt-gutter-default kt-v-gutter-default kt-row-valign-top kt-row-layout-equal kt-tab-layout-inherit kt-m-colapse-left-to-right kt-mobile-layout-row\">\n<div class=\"wp-block-kadence-column inner-column-1 kadence-column_dbf594-05\"><div class=\"kt-inside-inner-col\"><style id=\"kt-blocks_d7ddbc-8d\">.wp-block-kadence-advancedgallery ul.kb-gallery-id-_d7ddbc-8d {margin: -5px;}.kb-gallery-id-_d7ddbc-8d .kadence-blocks-gallery-item {padding:5px;}.kb-gallery-type-carousel.kb-gallery-id-_d7ddbc-8d .kt-blocks-carousel .kt-blocks-carousel-init {margin: 0 -5px;}.kb-gallery-type-carousel.kb-gallery-id-_d7ddbc-8d .kt-blocks-carousel .kt-blocks-carousel-init .kb-slide-item, .kb-gallery-type-fluidcarousel.kb-gallery-id-_d7ddbc-8d .kt-blocks-carousel .kt-blocks-carousel-init .kb-slide-item, .kb-gallery-type-carousel .kt-blocks-carousel-init:not(.slick-initialized) .kb-slide-item {padding: 4px 5px;}.kb-gallery-type-fluidcarousel.kb-gallery-id-_d7ddbc-8d .kt-blocks-carousel .kt-blocks-carousel-init.kb-carousel-mode-align-left .kb-slide-item {padding: 4px 10px 4px 0;}.kb-gallery-type-carousel.kb-gallery-id-_d7ddbc-8d .kt-blocks-carousel .kt-blocks-carousel-init .slick-prev {left:5px;}.kb-gallery-type-carousel.kb-gallery-id-_d7ddbc-8d .kt-blocks-carousel .kt-blocks-carousel-init .slick-next {right:5px;}.kb-gallery-id-_d7ddbc-8d .kadence-blocks-gallery-item .kb-gal-image-radius {border-radius: 0px 0px 0px 0px;}<\/style>\n<div class=\"wp-block-kadence-advancedgallery kb-gallery-wrap-id-_d7ddbc-8d\"><div class=\"kb-gallery-ul kb-gallery-type-slider kb-gallery-id-_d7ddbc-8d kb-gallery-caption-style-bottom-hover kb-gallery-filter-none\" data-image-filter=\"none\" data-lightbox-caption=\"true\"><div class=\"kt-blocks-carousel kt-carousel-container-dotstyle-dark\"><div class=\"kt-blocks-carousel-init kb-blocks-slider kt-carousel-arrowstyle-whiteondark kt-carousel-dotstyle-dark\" data-slider-anim-speed=\"400\" data-slider-type=\"slider\" data-slider-scroll=\"1\" data-slider-arrows=\"true\" data-slider-dots=\"true\" data-slider-hover-pause=\"false\" data-slider-auto=\"false\" data-slider-speed=\"7000\"><div class=\"kb-slide-item kb-gallery-slide-item\"><div class=\"kadence-blocks-gallery-item\"><div class=\"kadence-blocks-gallery-item-inner\"><figure class=\"kb-gallery-figure kadence-blocks-gallery-item-hide-caption kb-has-image-ratio-land32\"><div class=\"kb-gal-image-radius\"><div class=\"kb-gallery-image-contain kadence-blocks-gallery-intrinsic kb-gallery-image-ratio-land32\"><img decoding=\"async\" loading=\"lazy\" width=\"683\" height=\"456\" src=\"https:\/\/www.echomachinery.com\/wp-content\/uploads\/2020\/08\/Auger-Filler.jpg\" alt=\"\" data-full-image=\"https:\/\/www.echomachinery.com\/wp-content\/uploads\/2020\/08\/Auger-Filler.jpg\" data-light-image=\"https:\/\/www.echomachinery.com\/wp-content\/uploads\/2020\/08\/Auger-Filler.jpg\" data-id=\"1870\" data-link=\"https:\/\/www.echomachinery.com\/packaging-machines\/relative-devices\/attachment\/auger-filler-2\/\" class=\"wp-image-1870 skip-lazy\" srcset=\"https:\/\/www.echomachinery.com\/wp-content\/uploads\/2020\/08\/Auger-Filler.jpg 683w, https:\/\/www.echomachinery.com\/wp-content\/uploads\/2020\/08\/Auger-Filler-300x200.jpg 300w, https:\/\/www.echomachinery.com\/wp-content\/uploads\/2020\/08\/Auger-Filler-150x100.jpg 150w, https:\/\/www.echomachinery.com\/wp-content\/uploads\/2020\/08\/Auger-Filler-600x400.jpg 600w, https:\/\/www.echomachinery.com\/wp-content\/uploads\/2020\/08\/Auger-Filler-272x182.jpg 272w\" sizes=\"(max-width: 683px) 100vw, 683px\" \/><\/div><\/div><\/figure><\/div><\/div><\/div><\/div><\/div><\/div><\/div>\n<\/div><\/div>\n\n\n\n<div class=\"wp-block-kadence-column inner-column-2 kadence-column_011eaa-80\"><div class=\"kt-inside-inner-col\">\n<h3 id=\"0-mr8-200rwg\">Lleno de barrena<\/h3>\n\n\n\n<figure class=\"wp-block-table is-style-regular\"><table><tbody><tr><td>Velocidad de llenado<\/td><td class=\"has-text-align-left\" data-align=\"left\">40-120bolsas\/minuto<\/td><\/tr><tr><td>Peso del paquete<\/td><td class=\"has-text-align-left\" data-align=\"left\">10-5000g<\/td><\/tr><tr><td>a\u00f1adir peso a<\/td><td class=\"has-text-align-left\" data-align=\"left\">140kg<\/td><\/tr><\/tbody><\/table><\/figure>\n<\/div><\/div>\n<\/div><\/div><\/div>\n\n\n\n<hr class=\"wp-block-separator\"\/>\n\n\n\n<h3 id=\"2-fearures-and-characteristics\">Caracter\u00edsticas<\/h3>\n\n\n\n<p>Est\u00e1 especialmente dise\u00f1ado y fabricado para polvo, polvo superfino y otros materiales. Esta funci\u00f3n puede completar la medici\u00f3n, llenado, llenado de nitr\u00f3geno y otros trabajos, a trav\u00e9s del servomotor para accionar la rotaci\u00f3n de tornillos, para medir el prop\u00f3sito de llenar los materiales. Se puede combinar con varias m\u00e1quinas de fabricaci\u00f3n de bolsas y empaques, y se puede usar para medir el material en polvo de relleno.<\/p>\n\n\n\n<p>Es adecuado para envasar leche en polvo, harina de arroz, alimentos nutritivos, bebidas s\u00f3lidas, aditivo alimentario, glutamato monos\u00f3dico, condimento, glucosa, colorante, esencia, especias y otros materiales.<\/p>\n\n\n\n<figure class=\"wp-block-embed is-type-video is-provider-youtube wp-block-embed-youtube wp-embed-aspect-16-9 wp-has-aspect-ratio\"><div class=\"wp-block-embed__wrapper\">\n<div class=\"nv-iframe-embed\"><iframe loading=\"lazy\" title=\"Instrucciones de instalaci\u00f3n de la aspiradora, transportador de tornillo y aspiradora - L\u00ednea de envasado en polvo\" width=\"1090\" height=\"613\" src=\"https:\/\/www.youtube.com\/embed\/SRdEHguNGVs?feature=oembed\" frameborder=\"0\" allow=\"accelerometer; autoplay; clipboard-write; encrypted-media; gyroscope; picture-in-picture\" allowfullscreen><\/iframe><\/div>\n<\/div><\/figure>\n\n\n\n<h3>Modelo y par\u00e1metros<\/h3>\n\n\n\n<figure class=\"wp-block-table is-style-regular\"><table class=\"has-fixed-layout\"><thead><tr><th><\/th><th class=\"has-text-align-center\" data-align=\"center\"><strong>Lleno de barrena<\/strong><\/th><\/tr><\/thead><tbody><tr><td>Peso del paquete<\/td><td class=\"has-text-align-center\" data-align=\"center\">10 \u2013 1000 g<\/td><\/tr><tr><td>Precisi\u00f3n de embalaje<\/td><td class=\"has-text-align-center\" data-align=\"center\">\u2264 \u00b11%(\u2264 100g) \u2264 \u00b10.5%(100 \u2013 1000g)<\/td><\/tr><tr><td>Velocidad de llenado<\/td><td class=\"has-text-align-center\" data-align=\"center\">40 \u2013 120 bolsas\/minuto<\/td><\/tr><tr><td>Fuerza<\/td><td class=\"has-text-align-center\" data-align=\"center\">3P 380V 50Hz<\/td><\/tr><tr><td>Potencia total<\/td><td class=\"has-text-align-center\" data-align=\"center\">1.0 \/ 1.5kw<\/td><\/tr><tr><td>a\u00f1adir peso a<\/td><td class=\"has-text-align-center\" data-align=\"center\">140kg<\/td><\/tr><tr><td>de volumen<\/td><td class=\"has-text-align-center\" data-align=\"center\">1300 \u00d7 850 \u00d7 1850 mm<\/td><\/tr><\/tbody><\/table><\/figure>\n\n\n<div class=\"wp-block-ub-styled-box ub-styled-box ub-notification-box\" id=\"ub-styled-box-f0138784-6ada-4d47-a70b-c9f069bd431f\">\n\n\n<p class=\"has-text-align-left\" id=\"ub-styled-box-notification-content-\"><em>Cambio de peso del paquete con el tornillo<\/em>.<\/p>\n\n\n<\/div>\n\n\n<h3>Estructura de la m\u00e1quina<\/h3>\n\n\n\n<div class=\"wp-block-image\"><figure class=\"aligncenter size-large\"><img decoding=\"async\" loading=\"lazy\" width=\"612\" height=\"433\" src=\"https:\/\/www.echomachinery.com\/wp-content\/uploads\/2020\/06\/Screw-Conveyor-Machine-Structure.jpg\" alt=\"\" class=\"wp-image-1516\" srcset=\"https:\/\/www.echomachinery.com\/wp-content\/uploads\/2020\/06\/Screw-Conveyor-Machine-Structure.jpg 612w, https:\/\/www.echomachinery.com\/wp-content\/uploads\/2020\/06\/Screw-Conveyor-Machine-Structure-300x212.jpg 300w, https:\/\/www.echomachinery.com\/wp-content\/uploads\/2020\/06\/Screw-Conveyor-Machine-Structure-150x106.jpg 150w\" sizes=\"(max-width: 612px) 100vw, 612px\" \/><figcaption>Contiene relleno de tornillo de barrena y tornillo transportador<\/figcaption><\/figure><\/div>\n\n\n\n<p><\/p>","protected":false},"excerpt":{"rendered":"<p>Auger Filler Filling Speed 40-120bags\/min Package Weight 10-5000g Weight 140kg Fearures It is specially designed and manufactured for powder, superfine powder and other materials. This function can complete the measurement, filling, nitrogen filling and other work, through the servo motor to drive screw rotation, to measure the purpose of filling materials. It can be matched&hellip;&nbsp;<a href=\"https:\/\/www.echomachinery.com\/es\/packaging-machines\/relative-devices\/auger-filler\/\" class=\"\" rel=\"bookmark\">Leer m\u00e1s \u00bb<span class=\"screen-reader-text\">Lleno de barrena<\/span><\/a><\/p>","protected":false},"author":1,"featured_media":1870,"parent":1314,"menu_order":0,"comment_status":"closed","ping_status":"closed","template":"page-templates\/product.php","meta":{"inline_featured_image":false,"ub_ctt_via":"","kt_blocks_editor_width":""},"aioseo_notices":[],"featured_image_src":"https:\/\/www.echomachinery.com\/wp-content\/uploads\/2020\/08\/Auger-Filler.jpg","_links":{"self":[{"href":"https:\/\/www.echomachinery.com\/es\/wp-json\/wp\/v2\/pages\/1419"}],"collection":[{"href":"https:\/\/www.echomachinery.com\/es\/wp-json\/wp\/v2\/pages"}],"about":[{"href":"https:\/\/www.echomachinery.com\/es\/wp-json\/wp\/v2\/types\/page"}],"author":[{"embeddable":true,"href":"https:\/\/www.echomachinery.com\/es\/wp-json\/wp\/v2\/users\/1"}],"replies":[{"embeddable":true,"href":"https:\/\/www.echomachinery.com\/es\/wp-json\/wp\/v2\/comments?post=1419"}],"version-history":[{"count":0,"href":"https:\/\/www.echomachinery.com\/es\/wp-json\/wp\/v2\/pages\/1419\/revisions"}],"up":[{"embeddable":true,"href":"https:\/\/www.echomachinery.com\/es\/wp-json\/wp\/v2\/pages\/1314"}],"wp:featuredmedia":[{"embeddable":true,"href":"https:\/\/www.echomachinery.com\/es\/wp-json\/wp\/v2\/media\/1870"}],"wp:attachment":[{"href":"https:\/\/www.echomachinery.com\/es\/wp-json\/wp\/v2\/media?parent=1419"}],"curies":[{"name":"pp","href":"https:\/\/api.w.org\/{rel}","templated":true}]}}