{"id":1525,"date":"2020-06-30T05:52:38","date_gmt":"2020-06-30T05:52:38","guid":{"rendered":"http:\/\/test.echopacker.com\/?page_id=1525"},"modified":"2022-03-02T06:19:47","modified_gmt":"2022-03-02T05:19:47","slug":"multi-head-weigher","status":"publish","type":"page","link":"https:\/\/www.echomachinery.com\/es\/packaging-machines\/relative-devices\/multi-head-weigher\/","title":{"rendered":"Pesador de cabeza m\u00faltiple"},"content":{"rendered":"<p>Los pesados de cabezas m\u00faltiples son b\u00e1sculas combinadas computarizadas totalmente autom\u00e1ticas, especialmente dise\u00f1adas para envasar material granular. Las caracter\u00edsticas predominantes son de alta eficiencia y un alto grado de precisi\u00f3n.<\/p>\n\n\n\n<div class=\"is-layout-flex wp-container-4 wp-block-columns\">\n<div class=\"is-layout-flow wp-block-column\">\n<figure class=\"wp-block-image size-large\"><a href=\"https:\/\/www.echomachinery.com\/es\/packaging-machines\/relative-devices\/multi-head-weigher\/ac-series\/\"><img decoding=\"async\" loading=\"lazy\" width=\"1000\" height=\"666\" src=\"https:\/\/www.echomachinery.com\/wp-content\/uploads\/2020\/07\/AC-6B14.jpg\" alt=\"\" class=\"wp-image-1571\" srcset=\"https:\/\/www.echomachinery.com\/wp-content\/uploads\/2020\/07\/AC-6B14.jpg 1000w, https:\/\/www.echomachinery.com\/wp-content\/uploads\/2020\/07\/AC-6B14-300x200.jpg 300w, https:\/\/www.echomachinery.com\/wp-content\/uploads\/2020\/07\/AC-6B14-150x100.jpg 150w, https:\/\/www.echomachinery.com\/wp-content\/uploads\/2020\/07\/AC-6B14-768x511.jpg 768w, https:\/\/www.echomachinery.com\/wp-content\/uploads\/2020\/07\/AC-6B14-600x400.jpg 600w, https:\/\/www.echomachinery.com\/wp-content\/uploads\/2020\/07\/AC-6B14-930x620.jpg 930w, https:\/\/www.echomachinery.com\/wp-content\/uploads\/2020\/07\/AC-6B14-272x182.jpg 272w\" sizes=\"(max-width: 1000px) 100vw, 1000px\" \/><\/a><\/figure>\n\n\n\n<h3 class=\"has-text-align-center\"><a href=\"https:\/\/www.echomachinery.com\/es\/packaging-machines\/relative-devices\/multi-head-weigher\/ac-series\/\">Serie CA<\/a><\/h3>\n<\/div>\n\n\n\n<div class=\"is-layout-flow wp-block-column\">\n<figure class=\"wp-block-image size-large\"><a href=\"https:\/\/www.echomachinery.com\/es\/packaging-machines\/relative-devices\/multi-head-weigher\/m-series\/\"><img decoding=\"async\" loading=\"lazy\" width=\"1000\" height=\"666\" src=\"https:\/\/www.echomachinery.com\/wp-content\/uploads\/2020\/07\/14-Head-Multihead-Weigher.jpg\" alt=\"\" class=\"wp-image-1569\" srcset=\"https:\/\/www.echomachinery.com\/wp-content\/uploads\/2020\/07\/14-Head-Multihead-Weigher.jpg 1000w, https:\/\/www.echomachinery.com\/wp-content\/uploads\/2020\/07\/14-Head-Multihead-Weigher-300x200.jpg 300w, https:\/\/www.echomachinery.com\/wp-content\/uploads\/2020\/07\/14-Head-Multihead-Weigher-150x100.jpg 150w, https:\/\/www.echomachinery.com\/wp-content\/uploads\/2020\/07\/14-Head-Multihead-Weigher-768x511.jpg 768w, https:\/\/www.echomachinery.com\/wp-content\/uploads\/2020\/07\/14-Head-Multihead-Weigher-600x400.jpg 600w, https:\/\/www.echomachinery.com\/wp-content\/uploads\/2020\/07\/14-Head-Multihead-Weigher-930x620.jpg 930w, https:\/\/www.echomachinery.com\/wp-content\/uploads\/2020\/07\/14-Head-Multihead-Weigher-272x182.jpg 272w\" sizes=\"(max-width: 1000px) 100vw, 1000px\" \/><\/a><\/figure>\n\n\n\n<h3 class=\"has-text-align-center\"><a href=\"https:\/\/www.echomachinery.com\/es\/packaging-machines\/relative-devices\/multi-head-weigher\/m-series\/\">Serie M<\/a><\/h3>\n<\/div>\n\n\n\n<div class=\"is-layout-flow wp-block-column\">\n<figure class=\"wp-block-image size-large\"><a href=\"https:\/\/www.echomachinery.com\/es\/packaging-machines\/relative-devices\/multi-head-weigher\/2-head-screw-linear-weigher\/\"><img decoding=\"async\" loading=\"lazy\" width=\"1000\" height=\"666\" src=\"https:\/\/www.echomachinery.com\/wp-content\/uploads\/2021\/11\/2-HEAD-SCREW-LINEAR-WEIGHER.jpg\" alt=\"Pesador lineal de tornillo de 2 cabezales\" class=\"wp-image-4664\" srcset=\"https:\/\/www.echomachinery.com\/wp-content\/uploads\/2021\/11\/2-HEAD-SCREW-LINEAR-WEIGHER.jpg 1000w, https:\/\/www.echomachinery.com\/wp-content\/uploads\/2021\/11\/2-HEAD-SCREW-LINEAR-WEIGHER-300x200.jpg 300w, https:\/\/www.echomachinery.com\/wp-content\/uploads\/2021\/11\/2-HEAD-SCREW-LINEAR-WEIGHER-768x511.jpg 768w, https:\/\/www.echomachinery.com\/wp-content\/uploads\/2021\/11\/2-HEAD-SCREW-LINEAR-WEIGHER-930x620.jpg 930w\" sizes=\"(max-width: 1000px) 100vw, 1000px\" \/><\/a><\/figure>\n\n\n\n<h3 class=\"has-text-align-center\"><a href=\"https:\/\/www.echomachinery.com\/es\/packaging-machines\/relative-devices\/multi-head-weigher\/2-head-screw-linear-weigher\/\" title=\"Pesador lineal de tornillo de 2 cabezales\">Pesador lineal de tornillo de 2 cabezales<\/a><\/h3>\n<\/div>\n<\/div>\n\n\n\n<p>El principio de funcionamiento de la pesaje multicabezal es m\u00e1s complicado. interpretar <a href=\"https:\/\/www.echomachinery.com\/es\/resources\/blog\/history-and-application-of-multihead-weigher\/\" title=\"Historia y aplicaci\u00f3n de pesaje multicabezal\">Historia y aplicaci\u00f3n de pesaje multicabezal<\/a> Para conocer m\u00e1s sobre este contenido.<\/p>\n\n\n\n<p>Nuestro pesador de cabezas m\u00faltiples puede reducir la fricci\u00f3n a trav\u00e9s de la capa de PTFE para realizar el procesamiento de queso, az\u00facar moreno y fruta confitada. Puedes consultar nuestro <a href=\"https:\/\/www.echomachinery.com\/es\/industries\/cheese-packaging-machine\/\" title=\"M\u00e1quina envasadora de queso\">M\u00e1quina envasadora de queso<\/a> o leer <a href=\"https:\/\/www.echomachinery.com\/es\/resources\/blog\/application-of-teflonptfe-coating-on-multihead-weigher\/\" title=\"Aplicaci\u00f3n de tefl\u00f3n(PTFE) Revestimiento sobre pesaje multicabezal\">Aplicaci\u00f3n de tefl\u00f3n (PTFE) Revestimiento sobre pesaje multicabezal<\/a> para aprender m\u00e1s.<\/p>","protected":false},"excerpt":{"rendered":"<p>Multi-heads Weighers are fully automatic computerized combination scales, specially designed for packaging granular stuff. The predominant characteristics are high efficiency and a high degree of accuracy. AC Series M Series 2 HEAD SCREW LINEAR WEIGHER The working principle of multihead weigher is more complicated. Read History &amp; Application of Multihead Weigher to learn more about&hellip;&nbsp;<a href=\"https:\/\/www.echomachinery.com\/es\/packaging-machines\/relative-devices\/multi-head-weigher\/\" class=\"\" rel=\"bookmark\">Leer m\u00e1s \u00bb<span class=\"screen-reader-text\">Pesador de cabeza m\u00faltiple<\/span><\/a><\/p>","protected":false},"author":1,"featured_media":1569,"parent":1314,"menu_order":0,"comment_status":"closed","ping_status":"closed","template":"","meta":{"inline_featured_image":false,"ub_ctt_via":"","kt_blocks_editor_width":""},"aioseo_notices":[],"featured_image_src":"https:\/\/www.echomachinery.com\/wp-content\/uploads\/2020\/07\/14-Head-Multihead-Weigher.jpg","_links":{"self":[{"href":"https:\/\/www.echomachinery.com\/es\/wp-json\/wp\/v2\/pages\/1525"}],"collection":[{"href":"https:\/\/www.echomachinery.com\/es\/wp-json\/wp\/v2\/pages"}],"about":[{"href":"https:\/\/www.echomachinery.com\/es\/wp-json\/wp\/v2\/types\/page"}],"author":[{"embeddable":true,"href":"https:\/\/www.echomachinery.com\/es\/wp-json\/wp\/v2\/users\/1"}],"replies":[{"embeddable":true,"href":"https:\/\/www.echomachinery.com\/es\/wp-json\/wp\/v2\/comments?post=1525"}],"version-history":[{"count":0,"href":"https:\/\/www.echomachinery.com\/es\/wp-json\/wp\/v2\/pages\/1525\/revisions"}],"up":[{"embeddable":true,"href":"https:\/\/www.echomachinery.com\/es\/wp-json\/wp\/v2\/pages\/1314"}],"wp:featuredmedia":[{"embeddable":true,"href":"https:\/\/www.echomachinery.com\/es\/wp-json\/wp\/v2\/media\/1569"}],"wp:attachment":[{"href":"https:\/\/www.echomachinery.com\/es\/wp-json\/wp\/v2\/media?parent=1525"}],"curies":[{"name":"pp","href":"https:\/\/api.w.org\/{rel}","templated":true}]}}