{"id":1640,"date":"2022-02-25T02:23:02","date_gmt":"2022-02-25T01:23:02","guid":{"rendered":"http:\/\/test.echopacker.com\/?page_id=1640"},"modified":"2024-04-30T18:55:30","modified_gmt":"2024-04-30T16:55:30","slug":"industries","status":"publish","type":"page","link":"https:\/\/www.echomachinery.com\/es\/industries\/","title":{"rendered":"Industrias"},"content":{"rendered":"<p>Disponemos de diversas l\u00edneas de envasado para diferentes industrias; sea lo que sea que desee envasar, podemos ofrecerle la soluci\u00f3n perfecta.<\/p>\n\n\n\n<div class=\"wp-block-kadence-rowlayout alignnone\"><div id=\"kt-layout-id_83153b-1e\" class=\"kt-row-layout-inner kt-layout-id_83153b-1e\"><div class=\"kt-row-column-wrap kt-has-3-columns kt-gutter-default kt-v-gutter-default kt-row-valign-top kt-row-layout-equal kt-tab-layout-equal kt-m-colapse-left-to-right kt-mobile-layout-row  kt-custom-first-width-33.3\">\n<div class=\"wp-block-kadence-column inner-column-1 kadence-column_717bec-6b\"><div class=\"kt-inside-inner-col\">\n<a class=\"industries-link\" href=\"\/es\/industries\/liquid-packing-solution\/\"><div class=\"industries-image liquid\"> <div class=\"industries-content\"> <h3 class=\"industries-title\">L\u00edquido<\/h3>  <\/div><\/div>\n<\/a>\n<\/div><\/div>\n\n\n\n<div class=\"wp-block-kadence-column inner-column-2 kadence-column_919f24-5b\"><div class=\"kt-inside-inner-col\">\n<a class=\"industries-link\" href=\"\/es\/industries\/powder-packing-solution\/\"><div class=\"industries-image powder\"> <div class=\"industries-content\"> <h3 class=\"industries-title\">Polvo<\/h3><\/div><\/div>\n<\/a>\n<\/div><\/div>\n\n\n\n<div class=\"wp-block-kadence-column inner-column-3 kadence-column_f13a15-4f\"><div class=\"kt-inside-inner-col\">\n<a class=\"industries-link\" href=\"\/es\/industries\/granule-packing-solution\/\"><div class=\"industries-image granule\"> <div class=\"industries-content\"> <h3 class=\"industries-title\">Gr\u00e1nulo<\/h3><\/div><\/div>\n<\/a>\n<\/div><\/div>\n<\/div><\/div><\/div>\n\n\n\n<div class=\"wp-block-kadence-rowlayout alignnone\"><div id=\"kt-layout-id_190aa8-90\" class=\"kt-row-layout-inner kt-layout-id_190aa8-90\"><div class=\"kt-row-column-wrap kt-has-3-columns kt-gutter-default kt-v-gutter-default kt-row-valign-top kt-row-layout-equal kt-tab-layout-equal kt-m-colapse-left-to-right kt-mobile-layout-row\">\n<div class=\"wp-block-kadence-column inner-column-1 kadence-column_8c4e2d-8a\"><div class=\"kt-inside-inner-col\">\n<a class=\"industries-link\" href=\"https:\/\/www.echomachinery.com\/es\/industries\/tomato-sauce-packaging-machine\/\"><div class=\"industries-image tomato-sauce\"> <div class=\"industries-content\"> <h3 class=\"industries-title\">Salsa de tomate<\/h3>  <\/div><\/div>\n<\/a>\n<\/div><\/div>\n\n\n\n<div class=\"wp-block-kadence-column inner-column-2 kadence-column_805739-cc\"><div class=\"kt-inside-inner-col\">\n<a class=\"industries-link\" href=\"https:\/\/www.echomachinery.com\/es\/industries\/coffee-packaging-machine\/\"><div class=\"industries-image coffee\"> <div class=\"industries-content\"> <h3 class=\"industries-title\">Caf\u00e9<\/h3>  <\/div><\/div>\n<\/a>\n<\/div><\/div>\n\n\n\n<div class=\"wp-block-kadence-column inner-column-3 kadence-column_0f835b-99\"><div class=\"kt-inside-inner-col\">\n<a class=\"industries-link\" href=\"https:\/\/www.echomachinery.com\/es\/industries\/cheese-packaging-machine\/\"><div class=\"industries-image cheese\"> <div class=\"industries-content\"> <h3 class=\"industries-title\">Queso<\/h3>  <\/div><\/div>\n<\/a>\n<\/div><\/div>\n<\/div><\/div><\/div>\n\n\n\n<div class=\"wp-block-kadence-rowlayout alignnone\"><div id=\"kt-layout-id_722587-e8\" class=\"kt-row-layout-inner kt-layout-id_722587-e8\"><div class=\"kt-row-column-wrap kt-has-3-columns kt-gutter-default kt-v-gutter-default kt-row-valign-top kt-row-layout-equal kt-tab-layout-inherit kt-m-colapse-left-to-right kt-mobile-layout-row\">\n<div class=\"wp-block-kadence-column inner-column-1 kadence-column_513967-40\"><div class=\"kt-inside-inner-col\">\n<a class=\"industries-link\" href=\"\/es\/industries\/automatic-bread-packing-machine\/\"><div class=\"industries-image bread\"> <div class=\"industries-content\"> <h3 class=\"industries-title\">Pan<\/h3>  <\/div><\/div>\n<\/a>\n<\/div><\/div>\n\n\n\n<div class=\"wp-block-kadence-column inner-column-2 kadence-column_b88526-87\"><div class=\"kt-inside-inner-col\">\n<a class=\"industries-link\" href=\"\/es\/industries\/pet-food-packing-machine\/\"><div class=\"industries-image pet-food\"> <div class=\"industries-content\"> <h3 class=\"industries-title\">Alimento para mascotas<\/h3>  <\/div><\/div>\n<\/a>\n<\/div><\/div>\n\n\n\n<div class=\"wp-block-kadence-column inner-column-3 kadence-column_fa545e-3e\"><div class=\"kt-inside-inner-col\">\n<a class=\"industries-link\" href=\"\/es\/industries\/automatic-rice-packing-machine\/\"><div class=\"industries-image rice\"> <div class=\"industries-content\"> <h3 class=\"industries-title\">Arroz<\/h3>  <\/div><\/div>\n<\/a>\n<\/div><\/div>\n<\/div><\/div><\/div>\n\n\n\n<div class=\"wp-block-kadence-rowlayout alignnone\"><div id=\"kt-layout-id_1ef07c-57\" class=\"kt-row-layout-inner kt-layout-id_1ef07c-57\"><div class=\"kt-row-column-wrap kt-has-3-columns kt-gutter-default kt-v-gutter-default kt-row-valign-top kt-row-layout-equal kt-tab-layout-inherit kt-m-colapse-left-to-right kt-mobile-layout-row\">\n<div class=\"wp-block-kadence-column inner-column-1 kadence-column_c0123e-5b\"><div class=\"kt-inside-inner-col\">\n<a class=\"industries-link\" href=\"\/es\/industries\/handwashing-fluid-pouch-packing-machine\/\"><div class=\"industries-image handwashing-fluid\"> <div class=\"industries-content\"> <h3 class=\"industries-title\">l\u00edquido de lavado<\/h3>  <\/div><\/div>\n<\/a>\n<\/div><\/div>\n\n\n\n<div class=\"wp-block-kadence-column inner-column-2 kadence-column_1ff053-ae\"><div class=\"kt-inside-inner-col\">\n<a class=\"industries-link\" href=\"\/es\/industries\/chicken-essence-packaging-machine\/\"><div class=\"industries-image chicken-essence\"> <div class=\"industries-content\"> <h3 class=\"industries-title\">Esencia de pollo<\/h3>  <\/div><\/div>\n<\/a>\n<\/div><\/div>\n\n\n\n<div class=\"wp-block-kadence-column inner-column-3 kadence-column_75cb1b-4d\"><div class=\"kt-inside-inner-col\">\n<a class=\"industries-link\" href=\"\/es\/industries\/brown-sugar-zipper-pouch-packing-machine\/\"><div class=\"industries-image brown-sugar\"> <div class=\"industries-content\"> <h3 class=\"industries-title\">Az\u00facar moreno<\/h3>  <\/div><\/div>\n<\/a>\n<\/div><\/div>\n<\/div><\/div><\/div>\n\n\n\n<div class=\"wp-block-kadence-rowlayout alignnone\"><div id=\"kt-layout-id_a076d7-88\" class=\"kt-row-layout-inner kt-layout-id_a076d7-88\"><div class=\"kt-row-column-wrap kt-has-3-columns kt-gutter-default kt-v-gutter-default kt-row-valign-top kt-row-layout-equal kt-tab-layout-inherit kt-m-colapse-left-to-right kt-mobile-layout-row\">\n<div class=\"wp-block-kadence-column inner-column-1 kadence-column_bd09b4-82\"><div class=\"kt-inside-inner-col\">\n<a class=\"industries-link\" href=\"\/es\/industries\/snack-food-packaging-machine\/\"><div class=\"industries-image snack-food\"> <div class=\"industries-content\"> <h3 class=\"industries-title\">Aperitivos<\/h3><\/div><\/div>\n<\/a>\n<\/div><\/div>\n\n\n\n<div class=\"wp-block-kadence-column inner-column-2 kadence-column_393ae6-a6\"><div class=\"kt-inside-inner-col\">\n<a class=\"industries-link\" href=\"\/es\/industries\/food-packaging-machine\/\"><div class=\"industries-image food\"> <div class=\"industries-content\"> <h3 class=\"industries-title\">Alimento<\/h3>  <\/div><\/div>\n<\/a>\n<\/div><\/div>\n\n\n\n<div class=\"wp-block-kadence-column inner-column-3 kadence-column_9478da-17\"><div class=\"kt-inside-inner-col\">\n<a class=\"industries-link\" href=\"\/es\/industries\/iqf-food-packaging-machine\/\"><div class=\"industries-image iqf\"> <div class=\"industries-content\"> <h3 class=\"industries-title\">ALIMENTOS IQF<\/h3>  <\/div><\/div>\n<\/a>\n<\/div><\/div>\n<\/div><\/div><\/div>\n\n\n\n<div class=\"wp-block-kadence-rowlayout alignnone\"><div id=\"kt-layout-id_dfb232-a9\" class=\"kt-row-layout-inner kt-layout-id_dfb232-a9\"><div class=\"kt-row-column-wrap kt-has-3-columns kt-gutter-default kt-v-gutter-default kt-row-valign-top kt-row-layout-equal kt-tab-layout-inherit kt-m-colapse-left-to-right kt-mobile-layout-row\">\n<div class=\"wp-block-kadence-column inner-column-1 kadence-column_c99121-02\"><div class=\"kt-inside-inner-col\">\n<a class=\"industries-link\" href=\"\/es\/industries\/flour-packing-machine\/\"><div class=\"industries-image flour\"> <div class=\"industries-content\"> <h3 class=\"industries-title\">Harina<\/h3><\/div><\/div>\n<\/a>\n<\/div><\/div>\n\n\n\n<div class=\"wp-block-kadence-column inner-column-2 kadence-column_c648da-c0\"><div class=\"kt-inside-inner-col\">\n<a class=\"industries-link\" href=\"\/es\/industries\/nut-packaging-machine\/\"><div class=\"industries-image nut\"> <div class=\"industries-content\"> <h3 class=\"industries-title\">Tuerca<\/h3><\/div><\/div>\n<\/a>\n<\/div><\/div>\n\n\n\n<div class=\"wp-block-kadence-column inner-column-3 kadence-column_fe7e54-7b\"><div class=\"kt-inside-inner-col\">\n<a class=\"industries-link\" href=\"\/es\/industries\/laundry-pods-packaging-machine\/\"><div class=\"industries-image laundry-pods\"> <div class=\"industries-content\"> <h3 class=\"industries-title\">C\u00e1psulas de detergente para ropa<\/h3><\/div><\/div>\n<\/a>\n<\/div><\/div>\n<\/div><\/div><\/div>\n\n\n<div class=\"wp-block-ub-styled-box ub-styled-box ub-notification-box\" id=\"ub-styled-box-f4d4074a-a9b7-449a-8d03-0f1685532e19\">\n\n\n<p class=\"has-text-align-left\" id=\"ub-styled-box-notification-content-\">Cada sector industrial tiene caracter\u00edsticas diferentes; p\u00f3ngase en contacto con nuestro equipo de atenci\u00f3n al cliente y personalizaremos las soluciones de embalaje para usted.<\/p>\n\n\n<\/div>","protected":false},"excerpt":{"rendered":"<p>We have many different packaging lines for different industries, no matter what you want to pack, we can provide the perfect solution. Nut Laundry Pods<\/p>","protected":false},"author":1,"featured_media":0,"parent":0,"menu_order":0,"comment_status":"closed","ping_status":"closed","template":"","meta":{"inline_featured_image":false,"ub_ctt_via":"","kt_blocks_editor_width":""},"aioseo_notices":[],"featured_image_src":null,"_links":{"self":[{"href":"https:\/\/www.echomachinery.com\/es\/wp-json\/wp\/v2\/pages\/1640"}],"collection":[{"href":"https:\/\/www.echomachinery.com\/es\/wp-json\/wp\/v2\/pages"}],"about":[{"href":"https:\/\/www.echomachinery.com\/es\/wp-json\/wp\/v2\/types\/page"}],"author":[{"embeddable":true,"href":"https:\/\/www.echomachinery.com\/es\/wp-json\/wp\/v2\/users\/1"}],"replies":[{"embeddable":true,"href":"https:\/\/www.echomachinery.com\/es\/wp-json\/wp\/v2\/comments?post=1640"}],"version-history":[{"count":2,"href":"https:\/\/www.echomachinery.com\/es\/wp-json\/wp\/v2\/pages\/1640\/revisions"}],"predecessor-version":[{"id":6667,"href":"https:\/\/www.echomachinery.com\/es\/wp-json\/wp\/v2\/pages\/1640\/revisions\/6667"}],"wp:attachment":[{"href":"https:\/\/www.echomachinery.com\/es\/wp-json\/wp\/v2\/media?parent=1640"}],"curies":[{"name":"pp","href":"https:\/\/api.w.org\/{rel}","templated":true}]}}