{"id":1648,"date":"2020-07-09T07:25:59","date_gmt":"2020-07-09T07:25:59","guid":{"rendered":"http:\/\/test.echopacker.com\/?page_id=1648"},"modified":"2022-02-22T07:41:27","modified_gmt":"2022-02-22T06:41:27","slug":"liquid-packing-solution","status":"publish","type":"page","link":"https:\/\/www.echomachinery.com\/es\/industries\/liquid-packing-solution\/","title":{"rendered":"M\u00e1quina de envasado de l\u00edquidos y m\u00e1quina de embotellado de l\u00edquidos"},"content":{"rendered":"<div class=\"wp-block-cover alignfull has-neve-link-color-background-color has-background-dim\" style=\"min-height:430px\"><img decoding=\"async\" loading=\"lazy\" width=\"1572\" height=\"430\" class=\"wp-block-cover__image-background wp-image-3597\" alt=\"\" src=\"https:\/\/www.echomachinery.com\/wp-content\/uploads\/2021\/03\/liquid-header-1.jpg\" data-object-fit=\"cover\" srcset=\"https:\/\/www.echomachinery.com\/wp-content\/uploads\/2021\/03\/liquid-header-1.jpg 1572w, https:\/\/www.echomachinery.com\/wp-content\/uploads\/2021\/03\/liquid-header-1-300x82.jpg 300w, https:\/\/www.echomachinery.com\/wp-content\/uploads\/2021\/03\/liquid-header-1-1024x280.jpg 1024w, https:\/\/www.echomachinery.com\/wp-content\/uploads\/2021\/03\/liquid-header-1-150x41.jpg 150w, https:\/\/www.echomachinery.com\/wp-content\/uploads\/2021\/03\/liquid-header-1-768x210.jpg 768w, https:\/\/www.echomachinery.com\/wp-content\/uploads\/2021\/03\/liquid-header-1-1536x420.jpg 1536w\" sizes=\"(max-width: 1572px) 100vw, 1572px\" \/><div class=\"wp-block-cover__inner-container\">\n<h1 class=\"has-text-align-center\">M\u00e1quina de envasado de l\u00edquidos y m\u00e1quina de embotellado de l\u00edquidos<\/h1>\n\n\n\n<div class=\"wp-block-kadence-rowlayout alignnone\"><div id=\"kt-layout-id_6559de-a5\" class=\"kt-row-layout-inner kt-layout-id_6559de-a5\"><div class=\"kt-row-column-wrap kt-has-3-columns kt-gutter-default kt-v-gutter-default kt-row-valign-top kt-row-layout-equal kt-tab-layout-inherit kt-m-colapse-left-to-right kt-mobile-layout-row\">\n<div class=\"wp-block-kadence-column inner-column-1 kadence-column_8d7e87-bf\"><div class=\"kt-inside-inner-col\">\n<p class=\"has-text-align-center has-medium-font-size\"><a href=\"#bottle\">trago<\/a><\/p>\n<\/div><\/div>\n\n\n\n<div class=\"wp-block-kadence-column inner-column-2 kadence-column_2ae806-8d\"><div class=\"kt-inside-inner-col\">\n<p class=\"has-text-align-center has-medium-font-size\"><a href=\"#premade-pouch\">Bolsa prefabricada<\/a><\/p>\n<\/div><\/div>\n\n\n\n<div class=\"wp-block-kadence-column inner-column-3 kadence-column_15ad8b-49\"><div class=\"kt-inside-inner-col\">\n<p class=\"has-text-align-center has-medium-font-size\"><a href=\"#form-fill-seal\">Sello de relleno de formulario<\/a><\/p>\n<\/div><\/div>\n<\/div><\/div><\/div>\n<\/div><\/div>\n\n\n\n<p><\/p>\n\n\n\n<p><strong>Envasado l\u00edquido<\/strong>&nbsp;Es una escena de uso frecuente, que tambi\u00e9n es la fuerza de la maquinaria ECHO, nuestras m\u00e1quinas han pasado rigurosas pruebas de humedad y utilizan materiales resistentes y duraderos para que no sean usados por algunos l\u00edquidos ligeramente corrosivos, para que las m\u00e1quinas puedan mantener un funcionamiento eficiente a largo plazo.<\/p>\n\n\n\n<p>Tenemos m\u00faltiples soluciones para satisfacer sus necesidades. Adem\u00e1s del l\u00edquido normal de alta fluidez neutro, tambi\u00e9n somos buenos envasando algunos l\u00edquidos viscosos, l\u00edquidos altamente corrosivos y l\u00edquidos con part\u00edculas peque\u00f1as.<\/p>\n\n\n\n<p>Para los l\u00edquidos, haremos tratamientos impermeables para la mesa, adjuntaremos tiras de sellado y aplicaremos pegamento de vidrio. Para l\u00edquidos de alta burbuja, tambi\u00e9n bajaremos la posici\u00f3n de alimentaci\u00f3n y la equiparemos con un servo.<\/p>\n\n\n\n<div class=\"wp-block-kadence-rowlayout alignnone\" id=\"bottle\"><div id=\"kt-layout-id_bcb456-83\" class=\"kt-row-layout-inner kt-layout-id_bcb456-83\"><div class=\"kt-row-column-wrap kt-has-2-columns kt-gutter-default kt-v-gutter-default kt-row-valign-middle kt-row-layout-right-golden kt-tab-layout-inherit kt-m-colapse-left-to-right kt-mobile-layout-row\">\n<div class=\"wp-block-kadence-column inner-column-1 kadence-column_66fd3b-58\"><div class=\"kt-inside-inner-col\">\n<figure class=\"wp-block-image size-large\"><a href=\"https:\/\/www.echomachinery.com\/es\/packaging-machines\/piston-liquid-filling-machine\/\"><img decoding=\"async\" loading=\"lazy\" width=\"300\" height=\"300\" src=\"https:\/\/www.echomachinery.com\/wp-content\/uploads\/2021\/03\/RJ-AF-liquid-filling-machine-300x300-1.jpg\" alt=\"M\u00e1quina de llenado de l\u00edquidos RJ-AF 300x300\" class=\"wp-image-3294\" srcset=\"https:\/\/www.echomachinery.com\/wp-content\/uploads\/2021\/03\/RJ-AF-liquid-filling-machine-300x300-1.jpg 300w, https:\/\/www.echomachinery.com\/wp-content\/uploads\/2021\/03\/RJ-AF-liquid-filling-machine-300x300-1-150x150.jpg 150w\" sizes=\"(max-width: 300px) 100vw, 300px\" \/><\/a><\/figure>\n<\/div><\/div>\n\n\n\n<div class=\"wp-block-kadence-column inner-column-2 kadence-column_6496c5-f1\"><div class=\"kt-inside-inner-col\">\n<div class=\"product\">\n    <span class=\"product-series\">SERIE RJ-AFL<\/span>\n    <a href=\"\/es\/packaging-machines\/piston-liquid-filling-machine\/\"><h2 class=\"product-name\">M\u00e1quina embotelladora de l\u00edquidos de pist\u00f3n<\/h2><\/a>\n    <span class=\"product-features\">\n        <span class=\"product-features-main\">Rellene f\u00e1cilmente l\u00edquidos viscosos.<\/span>\n        <span class=\"product-speed\">Hasta 60 botellas\/min<\/span>\n    <\/span>\n    <span class=\"product-description\">La m\u00e1quina llenadora autom\u00e1tica de l\u00edquidos por pist\u00f3n RJ-AF est\u00e1 dise\u00f1ada para el llenado autom\u00e1tico de l\u00edquidos con viscosidad determinada o alta. Puede llenar varios tipos de botellas y puede utilizarse con otras m\u00e1quinas para completar una l\u00ednea de embotellado altamente automatizada.<\/span>\n<\/div>\n<\/div><\/div>\n<\/div><\/div><\/div>\n\n\n\n<div class=\"wp-block-kadence-rowlayout alignnone\" id=\"premade-pouch\"><div id=\"kt-layout-id_1a8759-f7\" class=\"kt-row-layout-inner kt-layout-id_1a8759-f7\"><div class=\"kt-row-column-wrap kt-has-2-columns kt-gutter-default kt-v-gutter-default kt-row-valign-middle kt-row-layout-right-golden kt-tab-layout-inherit kt-m-colapse-left-to-right kt-mobile-layout-row\">\n<div class=\"wp-block-kadence-column inner-column-1 kadence-column_f7dce3-4e\"><div class=\"kt-inside-inner-col\">\n<figure class=\"wp-block-image size-large\"><a href=\"https:\/\/www.echomachinery.com\/es\/packaging-machines\/premade-pouch-packing-machine\/\"><img decoding=\"async\" loading=\"lazy\" width=\"300\" height=\"300\" src=\"https:\/\/www.echomachinery.com\/wp-content\/uploads\/2020\/06\/MR8-200RW-300.jpg\" alt=\"M\u00e1quina de envasado MR8-200RW-300\" class=\"wp-image-1351\" srcset=\"https:\/\/www.echomachinery.com\/wp-content\/uploads\/2020\/06\/MR8-200RW-300.jpg 300w, https:\/\/www.echomachinery.com\/wp-content\/uploads\/2020\/06\/MR8-200RW-300-150x150.jpg 150w\" sizes=\"(max-width: 300px) 100vw, 300px\" \/><\/a><\/figure>\n<\/div><\/div>\n\n\n\n<div class=\"wp-block-kadence-column inner-column-2 kadence-column_e9066d-4b\"><div class=\"kt-inside-inner-col\">\n<div class=\"product\">\n    <span class=\"product-series\">SERIE MR8-300\/200RW<\/span>\n    <a href=\"\/es\/packaging-machines\/premade-pouch-packing-machine\/\"><h2 class=\"product-name\">M\u00e1quina de llenado y sellado de bolsas de l\u00edquido<\/h2><\/a>\n    <span class=\"product-features\">\n        <span class=\"product-features-main\">Presentado en un hermoso empaque<\/span>\n        <span class=\"product-speed\">Hasta 80 bolsas\/min<\/span>\n    <\/span>\n    <span class=\"product-description\">Nuestra m\u00e1quina de envasado de bolsa prefabricada rotativa es muy adecuada para envases l\u00edquidos, puede envasar casi todos los l\u00edquidos en el mercado. Su principal ventaja es que puedes usar una bolsa prefabricada. Las bolsas de embalaje bien dise\u00f1adas pueden mejorar el reconocimiento de su marca. El uso de bolsas de pico y otros estilos para envasar l\u00edquidos puede mejorar en gran medida el producto. Usabilidad, y nuestra velocidad de empaque es una de las m\u00e1s r\u00e1pidas en el mismo tipo de m\u00e1quina del mercado.<\/span>\n<\/div>\n<\/div><\/div>\n<\/div><\/div><\/div>\n\n\n\n<div class=\"wp-block-kadence-rowlayout alignnone\" id=\"form-fill-seal\"><div id=\"kt-layout-id_b3eea5-8b\" class=\"kt-row-layout-inner kt-layout-id_b3eea5-8b\"><div class=\"kt-row-column-wrap kt-has-2-columns kt-gutter-default kt-v-gutter-default kt-row-valign-middle kt-row-layout-right-golden kt-tab-layout-inherit kt-m-colapse-left-to-right kt-mobile-layout-row\">\n<div class=\"wp-block-kadence-column inner-column-1 kadence-column_3efbab-1f\"><div class=\"kt-inside-inner-col\">\n<figure class=\"wp-block-image size-large\"><a href=\"https:\/\/www.echomachinery.com\/es\/packaging-machines\/vertical-form-fill-seal-machine\/\"><img decoding=\"async\" loading=\"lazy\" width=\"300\" height=\"300\" src=\"https:\/\/www.echomachinery.com\/wp-content\/uploads\/2020\/06\/ec420520720-300.jpg\" alt=\"M\u00e1quina VFFS\" class=\"wp-image-1349\" srcset=\"https:\/\/www.echomachinery.com\/wp-content\/uploads\/2020\/06\/ec420520720-300.jpg 300w, https:\/\/www.echomachinery.com\/wp-content\/uploads\/2020\/06\/ec420520720-300-150x150.jpg 150w\" sizes=\"(max-width: 300px) 100vw, 300px\" \/><\/a><\/figure>\n<\/div><\/div>\n\n\n\n<div class=\"wp-block-kadence-column inner-column-2 kadence-column_62dc9d-9c\"><div class=\"kt-inside-inner-col\">\n<div class=\"product\">\n    <span class=\"product-series\">SERIE EC-420\/520\/720<\/span>\n    <a href=\"\/es\/packaging-machines\/vertical-form-fill-seal-machine\/\"><h2 class=\"product-name\">M\u00e1quina de llenado y sellado de l\u00edquido de forma vertical<\/h2><\/a>\n    <span class=\"product-features\">\n        <span class=\"product-features-main\">Precio bajo<\/span>\n        <span class=\"product-speed\">Hasta 60 bolsas\/min<\/span>\n    <\/span>\n    <span class=\"product-description\">En comparaci\u00f3n con la m\u00e1quina empaquetadora de bolsas prefabricadas, la m\u00e1quina de llenado y sellado de forma vertical no es la primera opci\u00f3n para que la mayor\u00eda de las personas envasen l\u00edquidos. Sus estilos de empaque son limitados, pero es m\u00e1s barato y eficiente, y puede proporcionar una soluci\u00f3n de bajo costo para algunos fluidos comunes. Tiene un muy buen rendimiento al envasar envases de bolsitas l\u00edquidas de peque\u00f1o volumen, como aceite de cocina, champ\u00fa, ketchup y otros productos.<\/span>\n<\/div>\n<\/div><\/div>\n<\/div><\/div><\/div>\n\n\n\n<h2>v\u00eddeo<\/h2>\n\n\n\n<div class=\"wp-block-kadence-rowlayout alignnone\"><div id=\"kt-layout-id_b63289-d3\" class=\"kt-row-layout-inner kt-layout-id_b63289-d3\"><div class=\"kt-row-column-wrap kt-has-3-columns kt-gutter-default kt-v-gutter-default kt-row-valign-top kt-row-layout-equal kt-tab-layout-inherit kt-m-colapse-left-to-right kt-mobile-layout-row\">\n<div class=\"wp-block-kadence-column inner-column-1 kadence-column_ea8b63-9c\"><div class=\"kt-inside-inner-col\">\n<figure class=\"wp-block-embed is-type-video is-provider-youtube wp-block-embed-youtube wp-embed-aspect-16-9 wp-has-aspect-ratio\"><div class=\"wp-block-embed__wrapper\">\n<div class=\"nv-iframe-embed\"><iframe loading=\"lazy\" title=\"M\u00e1quina de llenado de bolsa de ca\u00f1o autom\u00e1tico para salsa de tomate | Echo Machinery\" width=\"1090\" height=\"613\" src=\"https:\/\/www.youtube.com\/embed\/8x3cQpRKMm0?feature=oembed\" frameborder=\"0\" allow=\"accelerometer; autoplay; clipboard-write; encrypted-media; gyroscope; picture-in-picture\" allowfullscreen><\/iframe><\/div>\n<\/div><\/figure>\n<\/div><\/div>\n\n\n\n<div class=\"wp-block-kadence-column inner-column-2 kadence-column_a5e76e-36\"><div class=\"kt-inside-inner-col\">\n<figure class=\"wp-block-embed is-type-video is-provider-youtube wp-block-embed-youtube wp-embed-aspect-16-9 wp-has-aspect-ratio\"><div class=\"wp-block-embed__wrapper\">\n<div class=\"nv-iframe-embed\"><iframe loading=\"lazy\" title=\"M\u00e1quina de embalaje de bolsas rotativas l\u00edquidas MR8-200R | Echo Machinery - Evie\" width=\"1090\" height=\"613\" src=\"https:\/\/www.youtube.com\/embed\/L7YBGDXutp0?feature=oembed\" frameborder=\"0\" allow=\"accelerometer; autoplay; clipboard-write; encrypted-media; gyroscope; picture-in-picture\" allowfullscreen><\/iframe><\/div>\n<\/div><\/figure>\n<\/div><\/div>\n\n\n\n<div class=\"wp-block-kadence-column inner-column-3 kadence-column_29ffdd-b5\"><div class=\"kt-inside-inner-col\">\n<figure class=\"wp-block-embed is-type-video is-provider-youtube wp-block-embed-youtube wp-embed-aspect-16-9 wp-has-aspect-ratio\"><div class=\"wp-block-embed__wrapper\">\n<div class=\"nv-iframe-embed\"><iframe loading=\"lazy\" title=\"M\u00e1quina de llenado y sellado de bolsas de l\u00edquido para lavado de manos | ECHO MACHINERY\" width=\"1090\" height=\"613\" src=\"https:\/\/www.youtube.com\/embed\/Fp_XZfPeHjc?feature=oembed\" frameborder=\"0\" allow=\"accelerometer; autoplay; clipboard-write; encrypted-media; gyroscope; picture-in-picture\" allowfullscreen><\/iframe><\/div>\n<\/div><\/figure>\n<\/div><\/div>\n<\/div><\/div><\/div>\n\n\n\n<div class=\"wp-block-kadence-rowlayout alignnone\"><div id=\"kt-layout-id_ba247f-a0\" class=\"kt-row-layout-inner kt-layout-id_ba247f-a0\"><div class=\"kt-row-column-wrap kt-has-3-columns kt-gutter-default kt-v-gutter-default kt-row-valign-top kt-row-layout-equal kt-tab-layout-inherit kt-m-colapse-left-to-right kt-mobile-layout-row\">\n<div class=\"wp-block-kadence-column inner-column-1 kadence-column_2e9ddd-f1\"><div class=\"kt-inside-inner-col\">\n<figure class=\"wp-block-embed is-type-video is-provider-youtube wp-block-embed-youtube wp-embed-aspect-16-9 wp-has-aspect-ratio\"><div class=\"wp-block-embed__wrapper\">\n<div class=\"nv-iframe-embed\"><iframe loading=\"lazy\" title=\"M\u00e1quina de embalaje de bolsa prefabricada Alimentos h\u00famedos con relleno l\u00edquido | Echo Machinery\" width=\"1090\" height=\"613\" src=\"https:\/\/www.youtube.com\/embed\/4ABw5kWw9pY?feature=oembed\" frameborder=\"0\" allow=\"accelerometer; autoplay; clipboard-write; encrypted-media; gyroscope; picture-in-picture\" allowfullscreen><\/iframe><\/div>\n<\/div><\/figure>\n<\/div><\/div>\n\n\n\n<div class=\"wp-block-kadence-column inner-column-2 kadence-column_158859-93\"><div class=\"kt-inside-inner-col\">\n<figure class=\"wp-block-embed is-type-video is-provider-youtube wp-block-embed-youtube wp-embed-aspect-16-9 wp-has-aspect-ratio\"><div class=\"wp-block-embed__wrapper\">\n<div class=\"nv-iframe-embed\"><iframe loading=\"lazy\" title=\"M\u00e1quina de envasado de bolsa prefabricada de agua de vidrio | Maquinaria Echo\" width=\"1090\" height=\"613\" src=\"https:\/\/www.youtube.com\/embed\/OQMJRi7zKJU?feature=oembed\" frameborder=\"0\" allow=\"accelerometer; autoplay; clipboard-write; encrypted-media; gyroscope; picture-in-picture\" allowfullscreen><\/iframe><\/div>\n<\/div><\/figure>\n<\/div><\/div>\n\n\n\n<div class=\"wp-block-kadence-column inner-column-3 kadence-column_fe756d-a6\"><div class=\"kt-inside-inner-col\"><\/div><\/div>\n<\/div><\/div><\/div>\n\n\n\n<h2>muestra de rid<\/h2>\n\n\n<style id=\"kt-blocks_627a3e-88\">.kb-gallery-id-_627a3e-88.kb-gallery-ul.kb-gallery-type-fluidcarousel .kt-blocks-carousel figure .kb-gal-image-radius, .kb-gallery-id-_627a3e-88.kb-gallery-ul.kb-gallery-type-fluidcarousel .kt-blocks-carousel figure .kb-gal-image-radius img {height:250px;}<\/style>\n<div class=\"wp-block-kadence-advancedgallery kb-gallery-wrap-id-_627a3e-88\"><div class=\"kb-gallery-ul kb-gallery-type-fluidcarousel kb-gallery-id-_627a3e-88 kb-gallery-caption-style-bottom-hover kb-gallery-filter-none\" data-image-filter=\"none\" data-lightbox-caption=\"true\"><div class=\"kt-blocks-carousel kt-carousel-container-dotstyle-dark\"><div class=\"kt-blocks-carousel-init kb-blocks-fluid-carousel kt-carousel-arrowstyle-whiteondark kt-carousel-dotstyle-dark\" data-slider-anim-speed=\"400\" data-slider-type=\"fluidcarousel\" data-slider-scroll=\"1\" data-slider-arrows=\"true\" data-slider-dots=\"true\" data-slider-hover-pause=\"false\" data-slider-auto=\"false\" data-slider-speed=\"7000\"><div class=\"kb-slide-item kb-gallery-carousel-item\"><div class=\"kadence-blocks-gallery-item\"><div class=\"kadence-blocks-gallery-item-inner\"><figure class=\"kb-gallery-figure kadence-blocks-gallery-item-hide-caption\"><div class=\"kb-gal-image-radius\"><div class=\"kb-gallery-image-contain\"><img decoding=\"async\" loading=\"lazy\" src=\"https:\/\/www.echomachinery.com\/wp-content\/uploads\/2020\/11\/SCRW_1670.jpg\" width=\"300\" height=\"450\" alt=\"Salsa de tomate en sobre\" data-full-image=\"https:\/\/www.echomachinery.com\/wp-content\/uploads\/2020\/11\/SCRW_1670.jpg\" data-light-image=\"https:\/\/www.echomachinery.com\/wp-content\/uploads\/2020\/11\/SCRW_1670.jpg\" data-id=\"2744\" data-link=\"https:\/\/www.echomachinery.com\/industries\/liquid-packing-solution\/attachment\/scrw_1670\/\" class=\"wp-image-2744 skip-lazy\" srcset=\"https:\/\/www.echomachinery.com\/wp-content\/uploads\/2020\/11\/SCRW_1670.jpg 300w, https:\/\/www.echomachinery.com\/wp-content\/uploads\/2020\/11\/SCRW_1670-200x300.jpg 200w, https:\/\/www.echomachinery.com\/wp-content\/uploads\/2020\/11\/SCRW_1670-100x150.jpg 100w\" sizes=\"(max-width: 300px) 100vw, 300px\" \/><\/div><div class=\"kadence-blocks-gallery-item__caption\">Salsa de tomate en sobre<\/div><\/div><\/figure><\/div><\/div><\/div><div class=\"kb-slide-item kb-gallery-carousel-item\"><div class=\"kadence-blocks-gallery-item\"><div class=\"kadence-blocks-gallery-item-inner\"><figure class=\"kb-gallery-figure kadence-blocks-gallery-item-hide-caption\"><div class=\"kb-gal-image-radius\"><div class=\"kb-gallery-image-contain\"><img decoding=\"async\" loading=\"lazy\" src=\"https:\/\/www.echomachinery.com\/wp-content\/uploads\/2020\/11\/SCRW_1669.jpg\" width=\"300\" height=\"450\" alt=\"L\u00cdQUIDO DE LAVADO Boquilla Bolsa\" data-full-image=\"https:\/\/www.echomachinery.com\/wp-content\/uploads\/2020\/11\/SCRW_1669.jpg\" data-light-image=\"https:\/\/www.echomachinery.com\/wp-content\/uploads\/2020\/11\/SCRW_1669.jpg\" data-id=\"2743\" data-link=\"https:\/\/www.echomachinery.com\/industries\/liquid-packing-solution\/attachment\/scrw_1669\/\" class=\"wp-image-2743 skip-lazy\" srcset=\"https:\/\/www.echomachinery.com\/wp-content\/uploads\/2020\/11\/SCRW_1669.jpg 300w, https:\/\/www.echomachinery.com\/wp-content\/uploads\/2020\/11\/SCRW_1669-200x300.jpg 200w, https:\/\/www.echomachinery.com\/wp-content\/uploads\/2020\/11\/SCRW_1669-100x150.jpg 100w\" sizes=\"(max-width: 300px) 100vw, 300px\" \/><\/div><div class=\"kadence-blocks-gallery-item__caption\">L\u00cdQUIDO DE LAVADO Boquilla Bolsa<\/div><\/div><\/figure><\/div><\/div><\/div><div class=\"kb-slide-item kb-gallery-carousel-item\"><div class=\"kadence-blocks-gallery-item\"><div class=\"kadence-blocks-gallery-item-inner\"><figure class=\"kb-gallery-figure kadence-blocks-gallery-item-hide-caption\"><div class=\"kb-gal-image-radius\"><div class=\"kb-gallery-image-contain\"><img decoding=\"async\" loading=\"lazy\" src=\"https:\/\/www.echomachinery.com\/wp-content\/uploads\/2021\/06\/Soy-milk-830x1024.jpg\" width=\"830\" height=\"1024\" alt=\"leche de soja\" data-full-image=\"https:\/\/www.echomachinery.com\/wp-content\/uploads\/2021\/06\/Soy-milk-scaled.jpg\" data-light-image=\"https:\/\/www.echomachinery.com\/wp-content\/uploads\/2021\/06\/Soy-milk-scaled.jpg\" data-id=\"4150\" data-link=\"https:\/\/www.echomachinery.com\/industries\/liquid-packing-solution\/attachment\/soy-milk\/\" class=\"wp-image-4150 skip-lazy\" srcset=\"https:\/\/www.echomachinery.com\/wp-content\/uploads\/2021\/06\/Soy-milk-830x1024.jpg 830w, https:\/\/www.echomachinery.com\/wp-content\/uploads\/2021\/06\/Soy-milk-243x300.jpg 243w, https:\/\/www.echomachinery.com\/wp-content\/uploads\/2021\/06\/Soy-milk-768x948.jpg 768w, https:\/\/www.echomachinery.com\/wp-content\/uploads\/2021\/06\/Soy-milk-1245x1536.jpg 1245w, https:\/\/www.echomachinery.com\/wp-content\/uploads\/2021\/06\/Soy-milk-1660x2048.jpg 1660w\" sizes=\"(max-width: 830px) 100vw, 830px\" \/><\/div><div class=\"kadence-blocks-gallery-item__caption\">leche de soja<\/div><\/div><\/figure><\/div><\/div><\/div><div class=\"kb-slide-item kb-gallery-carousel-item\"><div class=\"kadence-blocks-gallery-item\"><div class=\"kadence-blocks-gallery-item-inner\"><figure class=\"kb-gallery-figure kadence-blocks-gallery-item-hide-caption\"><div class=\"kb-gal-image-radius\"><div class=\"kb-gallery-image-contain\"><img decoding=\"async\" loading=\"lazy\" src=\"https:\/\/www.echomachinery.com\/wp-content\/uploads\/2020\/11\/SCRW_1674.jpg\" width=\"300\" height=\"450\" alt=\"Bolsa con base para detergente l\u00edquido\" data-full-image=\"https:\/\/www.echomachinery.com\/wp-content\/uploads\/2020\/11\/SCRW_1674.jpg\" data-light-image=\"https:\/\/www.echomachinery.com\/wp-content\/uploads\/2020\/11\/SCRW_1674.jpg\" data-id=\"2745\" data-link=\"https:\/\/www.echomachinery.com\/industries\/liquid-packing-solution\/attachment\/scrw_1674\/\" class=\"wp-image-2745 skip-lazy\" srcset=\"https:\/\/www.echomachinery.com\/wp-content\/uploads\/2020\/11\/SCRW_1674.jpg 300w, https:\/\/www.echomachinery.com\/wp-content\/uploads\/2020\/11\/SCRW_1674-200x300.jpg 200w, https:\/\/www.echomachinery.com\/wp-content\/uploads\/2020\/11\/SCRW_1674-100x150.jpg 100w\" sizes=\"(max-width: 300px) 100vw, 300px\" \/><\/div><div class=\"kadence-blocks-gallery-item__caption\">Bolsa con base para detergente l\u00edquido<\/div><\/div><\/figure><\/div><\/div><\/div><\/div><\/div><\/div><\/div>\n\n\n\n<h2>otro l\u00edquido<\/h2>\n\n\n\n<div class=\"wp-block-kadence-rowlayout alignnone\"><div id=\"kt-layout-id_afb9dc-0e\" class=\"kt-row-layout-inner kt-layout-id_afb9dc-0e\"><div class=\"kt-row-column-wrap kt-has-3-columns kt-gutter-default kt-v-gutter-default kt-row-valign-top kt-row-layout-equal kt-tab-layout-inherit kt-m-colapse-left-to-right kt-mobile-layout-row\">\n<div class=\"wp-block-kadence-column inner-column-1 kadence-column_ba900c-b4\"><div class=\"kt-inside-inner-col\">\n<a class=\"industries-link\" href=\"\/es\/industries\/handwashing-fluid-pouch-packing-machine\/\"><div class=\"industries-image handwashing-fluid\"> <div class=\"industries-content\"> <h3 class=\"industries-title\">l\u00edquido de lavado<\/h3>  <\/div><\/div>\n<\/a>\n<\/div><\/div>\n\n\n\n<div class=\"wp-block-kadence-column inner-column-2 kadence-column_95d5ca-50\"><div class=\"kt-inside-inner-col\">\n<a class=\"industries-link\" href=\"https:\/\/www.echomachinery.com\/es\/industries\/tomato-sauce-packaging-machine\/\"><div class=\"industries-image tomato-sauce\"> <div class=\"industries-content\"> <h3 class=\"industries-title\">Salsa de tomate<\/h3>  <\/div><\/div>\n<\/a>\n<\/div><\/div>\n\n\n\n<div class=\"wp-block-kadence-column inner-column-3 kadence-column_32366c-6d\"><div class=\"kt-inside-inner-col\"><\/div><\/div>\n<\/div><\/div><\/div>","protected":false},"excerpt":{"rendered":"<p>Liquid packaging&nbsp;is a frequent use scene, which is also the strength of ECHO Machinery, our machines have passed rigorous moisture testing, and use strong and durable materials so that they will not be worn by some slightly corrosive liquids, so that the machines can maintain long-term efficient operation. We have multiple solutions to meet your&hellip;&nbsp;<a href=\"https:\/\/www.echomachinery.com\/es\/industries\/liquid-packing-solution\/\" class=\"\" rel=\"bookmark\">Leer m\u00e1s \u00bb<span class=\"screen-reader-text\">M\u00e1quina de envasado de l\u00edquidos y m\u00e1quina de embotellado de l\u00edquidos<\/span><\/a><\/p>","protected":false},"author":1,"featured_media":0,"parent":1640,"menu_order":0,"comment_status":"closed","ping_status":"closed","template":"page-templates\/product-in.php","meta":{"inline_featured_image":false,"ub_ctt_via":"","kt_blocks_editor_width":""},"aioseo_notices":[],"featured_image_src":null,"_links":{"self":[{"href":"https:\/\/www.echomachinery.com\/es\/wp-json\/wp\/v2\/pages\/1648"}],"collection":[{"href":"https:\/\/www.echomachinery.com\/es\/wp-json\/wp\/v2\/pages"}],"about":[{"href":"https:\/\/www.echomachinery.com\/es\/wp-json\/wp\/v2\/types\/page"}],"author":[{"embeddable":true,"href":"https:\/\/www.echomachinery.com\/es\/wp-json\/wp\/v2\/users\/1"}],"replies":[{"embeddable":true,"href":"https:\/\/www.echomachinery.com\/es\/wp-json\/wp\/v2\/comments?post=1648"}],"version-history":[{"count":0,"href":"https:\/\/www.echomachinery.com\/es\/wp-json\/wp\/v2\/pages\/1648\/revisions"}],"up":[{"embeddable":true,"href":"https:\/\/www.echomachinery.com\/es\/wp-json\/wp\/v2\/pages\/1640"}],"wp:attachment":[{"href":"https:\/\/www.echomachinery.com\/es\/wp-json\/wp\/v2\/media?parent=1648"}],"curies":[{"name":"pp","href":"https:\/\/api.w.org\/{rel}","templated":true}]}}