{"id":1651,"date":"2020-07-13T07:42:57","date_gmt":"2020-07-13T07:42:57","guid":{"rendered":"http:\/\/test.echopacker.com\/?page_id=1651"},"modified":"2022-02-21T09:23:59","modified_gmt":"2022-02-21T08:23:59","slug":"granule-packing-solution","status":"publish","type":"page","link":"https:\/\/www.echomachinery.com\/es\/industries\/granule-packing-solution\/","title":{"rendered":"M\u00e1quina de envasado de gr\u00e1nulos"},"content":{"rendered":"<div class=\"wp-block-kadence-rowlayout alignnone\"><div id=\"kt-layout-id_bdff81-fe\" class=\"kt-row-layout-inner kt-layout-id_bdff81-fe\"><div class=\"kt-row-column-wrap kt-has-2-columns kt-gutter-default kt-v-gutter-default kt-row-valign-top kt-row-layout-left-golden kt-tab-layout-inherit kt-m-colapse-left-to-right kt-mobile-layout-row\">\n<div class=\"wp-block-kadence-column inner-column-1 kadence-column_6fbe40-b8\"><div class=\"kt-inside-inner-col\">\n<p>El gr\u00e1nulo es el principal mercado de la industria del embalaje, y tambi\u00e9n el mercado en el que estamos mejor. Desde alimentos, hasta m\u00e9dicos, agr\u00edcolas, nuestras m\u00e1quinas de envasado han entrado en todos los \u00e1mbitos de la vida y brindan a los clientes soluciones perfectas. Solid &amp; Granule cubre una amplia gama, lo que significa que tiene una amplia gama de opciones, pero tambi\u00e9n significa que muchas veces la m\u00e1quina requiere un tratamiento especial.<\/p>\n<\/div><\/div>\n\n\n\n<div class=\"wp-block-kadence-column inner-column-2 kadence-column_2a00c5-d9\"><div class=\"kt-inside-inner-col\"><div class=\"ub_image_slider swiper-container wp-block-ub-image-slider\" id=\"ub_image_slider_0b43afe4-83d0-4640-8ece-acec7f26bbdf\" data-swiper-data='{\"spaceBetween\":20,\"slidesPerView\":1,\"loop\":true,\"pagination\":{\"el\": \".swiper-pagination\" , \"type\": \"bullets\", \"clickable\":true}            ,\"navigation\": {\"nextEl\": \".swiper-button-next\", \"prevEl\": \".swiper-button-prev\"}, \"keyboard\": { \"enabled\": true },            \"effect\": \"slide\",\"simulateTouch\":false}'><div class=\"swiper-wrapper\"><figure class=\"swiper-slide\">\n        <img decoding=\"async\" src=\"https:\/\/www.echomachinery.com\/wp-content\/uploads\/2020\/11\/Potato-chips.gif\" alt=\"Papas fritas\"><figcaption class=\"ub_image_slider_image_caption\"> <\/figcaption><\/figure><figure class=\"swiper-slide\">\n        <img decoding=\"async\" src=\"https:\/\/www.echomachinery.com\/wp-content\/uploads\/2020\/11\/bean-1.jpg\" alt=\"frijol\"><figcaption class=\"ub_image_slider_image_caption\"> <\/figcaption><\/figure><figure class=\"swiper-slide\">\n        <img decoding=\"async\" src=\"https:\/\/www.echomachinery.com\/wp-content\/uploads\/2020\/11\/candy-2.jpg\" alt=\"dulce\"><figcaption class=\"ub_image_slider_image_caption\"> <\/figcaption><\/figure><figure class=\"swiper-slide\">\n        <img decoding=\"async\" src=\"https:\/\/www.echomachinery.com\/wp-content\/uploads\/2020\/11\/candy-4.jpg\" alt=\"dulce\"><figcaption class=\"ub_image_slider_image_caption\"> <\/figcaption><\/figure><figure class=\"swiper-slide\">\n        <img decoding=\"async\" src=\"https:\/\/www.echomachinery.com\/wp-content\/uploads\/2020\/11\/candy-5.jpg\" alt=\"dulce\"><figcaption class=\"ub_image_slider_image_caption\"> <\/figcaption><\/figure><figure class=\"swiper-slide\">\n        <img decoding=\"async\" src=\"https:\/\/www.echomachinery.com\/wp-content\/uploads\/2020\/11\/snacks-4-1.jpg\" alt=\"aperitivos\"><figcaption class=\"ub_image_slider_image_caption\"> <\/figcaption><\/figure><figure class=\"swiper-slide\">\n        <img decoding=\"async\" src=\"https:\/\/www.echomachinery.com\/wp-content\/uploads\/2020\/11\/tea.jpg\" alt=\"t\u00e9\"><figcaption class=\"ub_image_slider_image_caption\"> <\/figcaption><\/figure><\/div><div class=\"swiper-pagination\"><\/div>\n       <div class=\"swiper-button-prev\"><\/div> <div class=\"swiper-button-next\"><\/div>\n        <\/div><\/div><\/div>\n<\/div><\/div><\/div>\n\n\n\n<hr class=\"wp-block-separator is-style-wide\"\/>\n\n\n\n<div class=\"wp-block-kadence-rowlayout alignnone\"><div id=\"kt-layout-id_25fda6-2d\" class=\"kt-row-layout-inner kt-layout-id_25fda6-2d\"><div class=\"kt-row-column-wrap kt-has-2-columns kt-gutter-default kt-v-gutter-default kt-row-valign-middle kt-row-layout-right-golden kt-tab-layout-inherit kt-m-colapse-left-to-right kt-mobile-layout-row\">\n<div class=\"wp-block-kadence-column inner-column-1 kadence-column_400c30-da\"><div class=\"kt-inside-inner-col\">\n<figure class=\"wp-block-image size-large\"><a href=\"https:\/\/www.echomachinery.com\/es\/packaging-machines\/premade-pouch-packing-machine\/\"><img decoding=\"async\" loading=\"lazy\" width=\"300\" height=\"300\" src=\"https:\/\/www.echomachinery.com\/wp-content\/uploads\/2020\/06\/MR8-200RW-300.jpg\" alt=\"M\u00e1quina de envasado MR8-200RW-300\" class=\"wp-image-1351\" srcset=\"https:\/\/www.echomachinery.com\/wp-content\/uploads\/2020\/06\/MR8-200RW-300.jpg 300w, https:\/\/www.echomachinery.com\/wp-content\/uploads\/2020\/06\/MR8-200RW-300-150x150.jpg 150w\" sizes=\"(max-width: 300px) 100vw, 300px\" \/><\/a><\/figure>\n<\/div><\/div>\n\n\n\n<div class=\"wp-block-kadence-column inner-column-2 kadence-column_bc071e-2d\"><div class=\"kt-inside-inner-col\">\n<div class=\"product\">\n    <span class=\"product-series\">SERIE MR8-300\/200RW<\/span>\n    <a href=\"\/es\/packaging-machines\/premade-pouch-packing-machine\/\"><h2 class=\"product-name\">M\u00e1quina de envasado de granulado de bolsa prefabricada rotativa<\/h2><\/a>\n    <span class=\"product-features\">\n        <span class=\"product-features-main\">Presentado en un hermoso empaque<\/span>\n        <span class=\"product-speed\">Hasta 80 bolsas\/min<\/span>\n    <\/span>\n    <span class=\"product-description\">Nuestra m\u00e1quina de envasado de bolsa prefabricada ha empaquetado innumerables tipos de pellets desde el comienzo de la producci\u00f3n. Despu\u00e9s de varias pruebas, se ha convertido en la primera opci\u00f3n de muchas empresas. Si desea una alta velocidad de empaque y una apariencia hermosa, una alta facilidad de uso del consumidor, entonces la m\u00e1quina de envasado de bolsa prefabricada es su mejor opci\u00f3n.<\/span>\n<\/div>\n<\/div><\/div>\n<\/div><\/div><\/div>\n\n\n\n<figure class=\"wp-block-embed is-type-video is-provider-youtube wp-block-embed-youtube wp-embed-aspect-16-9 wp-has-aspect-ratio\"><div class=\"wp-block-embed__wrapper\">\n<div class=\"nv-iframe-embed\"><iframe loading=\"lazy\" title=\"L\u00ednea de producci\u00f3n de embalaje rotativo autom\u00e1tico MR8-200RH | Echo Machinery - Shirley\" width=\"1090\" height=\"613\" src=\"https:\/\/www.youtube.com\/embed\/6j-5kfwGS0o?feature=oembed\" frameborder=\"0\" allow=\"accelerometer; autoplay; clipboard-write; encrypted-media; gyroscope; picture-in-picture\" allowfullscreen><\/iframe><\/div>\n<\/div><\/figure>\n\n\n\n<hr class=\"wp-block-separator is-style-wide\"\/>\n\n\n\n<div class=\"wp-block-kadence-rowlayout alignnone\"><div id=\"kt-layout-id_032e08-5d\" class=\"kt-row-layout-inner kt-layout-id_032e08-5d\"><div class=\"kt-row-column-wrap kt-has-2-columns kt-gutter-default kt-v-gutter-default kt-row-valign-middle kt-row-layout-right-golden kt-tab-layout-inherit kt-m-colapse-left-to-right kt-mobile-layout-row\">\n<div class=\"wp-block-kadence-column inner-column-1 kadence-column_5860df-f1\"><div class=\"kt-inside-inner-col\">\n<figure class=\"wp-block-image size-large\"><a href=\"https:\/\/www.echomachinery.com\/es\/packaging-machines\/automatic-vacuum-packaging-machine\/\"><img decoding=\"async\" loading=\"lazy\" width=\"300\" height=\"300\" src=\"https:\/\/www.echomachinery.com\/wp-content\/uploads\/2020\/06\/MRZK-120-300.jpg\" alt=\"M\u00e1quina de envasado al vac\u00edo MRZK-120-300\" class=\"wp-image-1352\" srcset=\"https:\/\/www.echomachinery.com\/wp-content\/uploads\/2020\/06\/MRZK-120-300.jpg 300w, https:\/\/www.echomachinery.com\/wp-content\/uploads\/2020\/06\/MRZK-120-300-150x150.jpg 150w\" sizes=\"(max-width: 300px) 100vw, 300px\" \/><\/a><\/figure>\n<\/div><\/div>\n\n\n\n<div class=\"wp-block-kadence-column inner-column-2 kadence-column_816e89-99\"><div class=\"kt-inside-inner-col\">\n<div class=\"product\">\n    <span class=\"product-series\">SERIE MRZK<\/span>\n    <a href=\"\/es\/packaging-machines\/automatic-vacuum-packaging-machine\/\"><h2 class=\"product-name\">M\u00e1quina autom\u00e1tica de envasado de gr\u00e1nulos al vac\u00edo<\/h2><\/a>\n    <span class=\"product-features\">\n        <span class=\"product-features-main\">Envase al vac\u00edo<\/span>\n        <span class=\"product-speed\">Hasta 80 bolsas\/min<\/span>\n    <\/span>\n    <span class=\"product-description\">La m\u00e1quina de envasado autom\u00e1tico al vac\u00edo est\u00e1 dise\u00f1ada para usuarios que necesitan envasado al vac\u00edo. Algunos productos pueden necesitar envases al vac\u00edo para prolongar su vida \u00fatil y tambi\u00e9n tener una buena apariencia. Nuestra m\u00e1quina de envasado al vac\u00edo se basa en el dise\u00f1o de la m\u00e1quina de envasado de bolsa prefabricada para que pueda ser envasada al vac\u00edo al mismo tiempo que mantenga una velocidad considerable.<\/span>\n<\/div>\n<\/div><\/div>\n<\/div><\/div><\/div>\n\n\n\n<figure class=\"wp-block-embed is-type-video is-provider-youtube wp-block-embed-youtube wp-embed-aspect-16-9 wp-has-aspect-ratio\"><div class=\"wp-block-embed__wrapper\">\n<div class=\"nv-iframe-embed\"><iframe loading=\"lazy\" title=\"M\u00e1quina de envasado al vac\u00edo con llenador de vasos circulares | ECHO MACHINERY\" width=\"1090\" height=\"613\" src=\"https:\/\/www.youtube.com\/embed\/GJaszzNxhLs?feature=oembed\" frameborder=\"0\" allow=\"accelerometer; autoplay; clipboard-write; encrypted-media; gyroscope; picture-in-picture\" allowfullscreen><\/iframe><\/div>\n<\/div><\/figure>\n\n\n\n<hr class=\"wp-block-separator is-style-wide\"\/>\n\n\n\n<div class=\"wp-block-kadence-rowlayout alignnone\"><div id=\"kt-layout-id_a3fc37-61\" class=\"kt-row-layout-inner kt-layout-id_a3fc37-61\"><div class=\"kt-row-column-wrap kt-has-2-columns kt-gutter-default kt-v-gutter-default kt-row-valign-middle kt-row-layout-right-golden kt-tab-layout-inherit kt-m-colapse-left-to-right kt-mobile-layout-row\">\n<div class=\"wp-block-kadence-column inner-column-1 kadence-column_c77903-4e\"><div class=\"kt-inside-inner-col\">\n<figure class=\"wp-block-image size-large\"><a href=\"https:\/\/www.echomachinery.com\/es\/packaging-machines\/vertical-form-fill-seal-machine\/\"><img decoding=\"async\" loading=\"lazy\" width=\"300\" height=\"300\" src=\"https:\/\/www.echomachinery.com\/wp-content\/uploads\/2020\/06\/ec420520720-300.jpg\" alt=\"M\u00e1quina VFFS\" class=\"wp-image-1349\" srcset=\"https:\/\/www.echomachinery.com\/wp-content\/uploads\/2020\/06\/ec420520720-300.jpg 300w, https:\/\/www.echomachinery.com\/wp-content\/uploads\/2020\/06\/ec420520720-300-150x150.jpg 150w\" sizes=\"(max-width: 300px) 100vw, 300px\" \/><\/a><\/figure>\n<\/div><\/div>\n\n\n\n<div class=\"wp-block-kadence-column inner-column-2 kadence-column_5f681c-e6\"><div class=\"kt-inside-inner-col\">\n<div class=\"product\">\n    <span class=\"product-series\">SERIE EC-420\/520\/720<\/span>\n    <a href=\"\/es\/packaging-machines\/vertical-form-fill-seal-machine\/\"><h2 class=\"product-name\">M\u00e1quina de llenado y sellado de gr\u00e1nulos de forma vertical<\/h2><\/a>\n    <span class=\"product-features\">\n        <span class=\"product-features-main\">Precio bajo<\/span>\n        <span class=\"product-speed\">Hasta 60 bolsas\/min<\/span>\n    <\/span>\n    <span class=\"product-description\">La m\u00e1quina de llenado y sellado de forma vertical, como soluci\u00f3n cl\u00e1sica para el envasado de gr\u00e1nulos, tambi\u00e9n es una de las opciones. Tiene una velocidad m\u00e1s r\u00e1pida y un precio m\u00e1s bajo. Si no tiene requisitos especiales para la apariencia del empaque del producto, entonces es una buena opci\u00f3n.<\/span>\n<\/div>\n<\/div><\/div>\n<\/div><\/div><\/div>\n\n\n\n<div class=\"wp-block-kadence-rowlayout alignnone\"><div id=\"kt-layout-id_4849a4-3c\" class=\"kt-row-layout-inner kt-layout-id_4849a4-3c\"><div class=\"kt-row-column-wrap kt-has-3-columns kt-gutter-default kt-v-gutter-default kt-row-valign-top kt-row-layout-equal kt-tab-layout-inherit kt-m-colapse-left-to-right kt-mobile-layout-row\">\n<div class=\"wp-block-kadence-column inner-column-1 kadence-column_89d619-f7\"><div class=\"kt-inside-inner-col\">\n<a class=\"industries-link\" href=\"https:\/\/www.echomachinery.com\/es\/industries\/coffee-packaging-machine\/\"><div class=\"industries-image coffee\"> <div class=\"industries-content\"> <h3 class=\"industries-title\">Caf\u00e9<\/h3>  <\/div><\/div>\n<\/a>\n<\/div><\/div>\n\n\n\n<div class=\"wp-block-kadence-column inner-column-2 kadence-column_3051bf-26\"><div class=\"kt-inside-inner-col\">\n<a class=\"industries-link\" href=\"https:\/\/www.echomachinery.com\/es\/industries\/cheese-packaging-machine\/\"><div class=\"industries-image cheese\"> <div class=\"industries-content\"> <h3 class=\"industries-title\">Queso<\/h3>  <\/div><\/div>\n<\/a>\n<\/div><\/div>\n\n\n\n<div class=\"wp-block-kadence-column inner-column-3 kadence-column_ad51dc-b0\"><div class=\"kt-inside-inner-col\">\n<a class=\"industries-link\" href=\"\/es\/industries\/pet-food-packing-machine\/\"><div class=\"industries-image pet-food\"> <div class=\"industries-content\"> <h3 class=\"industries-title\">Alimento para mascotas<\/h3>  <\/div><\/div>\n<\/a>\n<\/div><\/div>\n<\/div><\/div><\/div>\n\n\n\n<div class=\"wp-block-kadence-rowlayout alignnone\"><div id=\"kt-layout-id_684e74-43\" class=\"kt-row-layout-inner kt-layout-id_684e74-43\"><div class=\"kt-row-column-wrap kt-has-3-columns kt-gutter-default kt-v-gutter-default kt-row-valign-top kt-row-layout-equal kt-tab-layout-inherit kt-m-colapse-left-to-right kt-mobile-layout-row\">\n<div class=\"wp-block-kadence-column inner-column-1 kadence-column_e789d1-29\"><div class=\"kt-inside-inner-col\">\n<a class=\"industries-link\" href=\"\/es\/industries\/chicken-essence-packaging-machine\/\"><div class=\"industries-image chicken-essence\"> <div class=\"industries-content\"> <h3 class=\"industries-title\">Esencia de pollo<\/h3>  <\/div><\/div>\n<\/a>\n<\/div><\/div>\n\n\n\n<div class=\"wp-block-kadence-column inner-column-2 kadence-column_7b0e0f-f8\"><div class=\"kt-inside-inner-col\">\n<a class=\"industries-link\" href=\"\/es\/industries\/automatic-rice-packing-machine\/\"><div class=\"industries-image rice\"> <div class=\"industries-content\"> <h3 class=\"industries-title\">Arroz<\/h3>  <\/div><\/div>\n<\/a>\n<\/div><\/div>\n\n\n\n<div class=\"wp-block-kadence-column inner-column-3 kadence-column_4f5b4d-cd\"><div class=\"kt-inside-inner-col\"><\/div><\/div>\n<\/div><\/div><\/div>","protected":false},"excerpt":{"rendered":"<p>Granule is the main market of the packaging industry, and also the market we are best at. From food, to medical, to agriculture, our packaging machines have entered all walks of life and provide customers with perfect solutions. Solid &amp; Granule covers a wide range, This means that you have a wide range of options,&hellip;&nbsp;<a href=\"https:\/\/www.echomachinery.com\/es\/industries\/granule-packing-solution\/\" class=\"\" rel=\"bookmark\">Leer m\u00e1s \u00bb<span class=\"screen-reader-text\">M\u00e1quina de envasado de gr\u00e1nulos<\/span><\/a><\/p>","protected":false},"author":1,"featured_media":0,"parent":1640,"menu_order":0,"comment_status":"closed","ping_status":"closed","template":"page-templates\/product.php","meta":{"inline_featured_image":false,"ub_ctt_via":"","kt_blocks_editor_width":""},"aioseo_notices":[],"featured_image_src":null,"_links":{"self":[{"href":"https:\/\/www.echomachinery.com\/es\/wp-json\/wp\/v2\/pages\/1651"}],"collection":[{"href":"https:\/\/www.echomachinery.com\/es\/wp-json\/wp\/v2\/pages"}],"about":[{"href":"https:\/\/www.echomachinery.com\/es\/wp-json\/wp\/v2\/types\/page"}],"author":[{"embeddable":true,"href":"https:\/\/www.echomachinery.com\/es\/wp-json\/wp\/v2\/users\/1"}],"replies":[{"embeddable":true,"href":"https:\/\/www.echomachinery.com\/es\/wp-json\/wp\/v2\/comments?post=1651"}],"version-history":[{"count":0,"href":"https:\/\/www.echomachinery.com\/es\/wp-json\/wp\/v2\/pages\/1651\/revisions"}],"up":[{"embeddable":true,"href":"https:\/\/www.echomachinery.com\/es\/wp-json\/wp\/v2\/pages\/1640"}],"wp:attachment":[{"href":"https:\/\/www.echomachinery.com\/es\/wp-json\/wp\/v2\/media?parent=1651"}],"curies":[{"name":"pp","href":"https:\/\/api.w.org\/{rel}","templated":true}]}}