{"id":1652,"date":"2020-07-13T07:51:53","date_gmt":"2020-07-13T07:51:53","guid":{"rendered":"http:\/\/test.echopacker.com\/?page_id=1652"},"modified":"2022-09-27T04:59:20","modified_gmt":"2022-09-27T02:59:20","slug":"powder-packing-solution","status":"publish","type":"page","link":"https:\/\/www.echomachinery.com\/es\/industries\/powder-packing-solution\/","title":{"rendered":"M\u00e1quina de envasado de polvo y relleno autom\u00e1tico de polvo"},"content":{"rendered":"<div class=\"wp-block-cover alignfull is-light\"><span aria-hidden=\"true\" class=\"has-neve-link-color-background-color wp-block-cover__gradient-background has-background-dim\"><\/span><img decoding=\"async\" loading=\"lazy\" width=\"1920\" height=\"430\" class=\"wp-block-cover__image-background wp-image-3594\" alt=\"\" src=\"https:\/\/www.echomachinery.com\/wp-content\/uploads\/2021\/03\/powder-header.jpg\" data-object-fit=\"cover\" srcset=\"https:\/\/www.echomachinery.com\/wp-content\/uploads\/2021\/03\/powder-header.jpg 1920w, https:\/\/www.echomachinery.com\/wp-content\/uploads\/2021\/03\/powder-header-300x67.jpg 300w, https:\/\/www.echomachinery.com\/wp-content\/uploads\/2021\/03\/powder-header-1024x229.jpg 1024w, https:\/\/www.echomachinery.com\/wp-content\/uploads\/2021\/03\/powder-header-150x34.jpg 150w, https:\/\/www.echomachinery.com\/wp-content\/uploads\/2021\/03\/powder-header-768x172.jpg 768w, https:\/\/www.echomachinery.com\/wp-content\/uploads\/2021\/03\/powder-header-1536x344.jpg 1536w\" sizes=\"(max-width: 1920px) 100vw, 1920px\" \/><div class=\"wp-block-cover__inner-container\">\n<h1 class=\"has-text-align-center has-white-color has-text-color\">M\u00e1quina de envasado de polvo y relleno autom\u00e1tico de polvo<\/h1>\n\n\n\n<div class=\"wp-block-kadence-rowlayout alignnone\"><div id=\"kt-layout-id_2480ff-79\" class=\"kt-row-layout-inner kt-layout-id_2480ff-79\"><div class=\"kt-row-column-wrap kt-has-2-columns kt-gutter-default kt-v-gutter-default kt-row-valign-top kt-row-layout-equal kt-tab-layout-inherit kt-m-colapse-left-to-right kt-mobile-layout-row\">\n<div class=\"wp-block-kadence-column inner-column-1 kadence-column_b7f759-1b\"><div class=\"kt-inside-inner-col\">\n<p class=\"has-text-align-center has-medium-font-size\"><a href=\"#premade-pouch\">Bolsa prefabricada<\/a><\/p>\n<\/div><\/div>\n\n\n\n<div class=\"wp-block-kadence-column inner-column-2 kadence-column_5c26c8-ea\"><div class=\"kt-inside-inner-col\">\n<p class=\"has-text-align-center has-medium-font-size\"><a href=\"#form-fill-seal\">Sello de relleno de formulario<\/a><\/p>\n<\/div><\/div>\n<\/div><\/div><\/div>\n<\/div><\/div>\n\n\n\n<p><\/p>\n\n\n\n<p>los\u00a0<strong>M\u00e1quina de envasado de polvo<\/strong>\u00a0tambi\u00e9n est\u00e1n diversificados. Podemos resolver todo tipo de estilos de bolsas de embalaje, ya sea envases de polvo de tama\u00f1o peque\u00f1o, o envases de lavado en polvo y saborizantes a gran escala, podemos proporcionar m\u00e1quinas para satisfacer sus necesidades. Por lo general, el polvo levantar\u00e1 polvo, si el polvo es muy serio, le equiparemos con un limpiador de polvo y bajaremos la posici\u00f3n de la alimentaci\u00f3n.<\/p>\n\n\n\n<div class=\"wp-block-kadence-rowlayout alignnone\" id=\"premade-pouch\"><div id=\"kt-layout-id_86d48d-04\" class=\"kt-row-layout-inner kt-layout-id_86d48d-04\"><div class=\"kt-row-column-wrap kt-has-2-columns kt-gutter-default kt-v-gutter-default kt-row-valign-middle kt-row-layout-right-golden kt-tab-layout-inherit kt-m-colapse-left-to-right kt-mobile-layout-row\">\n<div class=\"wp-block-kadence-column inner-column-1 kadence-column_4f8f10-11\"><div class=\"kt-inside-inner-col\">\n<figure class=\"wp-block-image size-large\"><a href=\"https:\/\/www.echomachinery.com\/es\/packaging-machines\/premade-pouch-packing-machine\/\"><img decoding=\"async\" loading=\"lazy\" width=\"300\" height=\"300\" src=\"https:\/\/www.echomachinery.com\/wp-content\/uploads\/2020\/06\/MR8-200RW-300.jpg\" alt=\"M\u00e1quina de envasado MR8-200RW-300\" class=\"wp-image-1351\" srcset=\"https:\/\/www.echomachinery.com\/wp-content\/uploads\/2020\/06\/MR8-200RW-300.jpg 300w, https:\/\/www.echomachinery.com\/wp-content\/uploads\/2020\/06\/MR8-200RW-300-150x150.jpg 150w\" sizes=\"(max-width: 300px) 100vw, 300px\" \/><\/a><\/figure>\n<\/div><\/div>\n\n\n\n<div class=\"wp-block-kadence-column inner-column-2 kadence-column_242485-a1\"><div class=\"kt-inside-inner-col\">\n<div class=\"product\">\n    <span class=\"product-series\">SERIE MR8-300\/200RW<\/span>\n    <a href=\"\/es\/packaging-machines\/premade-pouch-packing-machine\/\"><h2 class=\"product-name\">M\u00e1quina de envasado de polvo de bolsa prefabricada rotativa<\/h2><\/a>\n    <span class=\"product-features\">\n        <span class=\"product-features-main\">Presentado en un hermoso empaque<\/span>\n        <span class=\"product-speed\">Hasta 80 bolsas\/min<\/span>\n    <\/span>\n    <span class=\"product-description\">Las ventajas de la m\u00e1quina de envasado de bolsas prefabricadas son obvias, hermosas apariencias, facilidad de uso del consumidor incomparable y velocidad considerable. Puede completar f\u00e1cilmente el embalaje de bolsas prefabricadas como bolsa con cremallera y bolsa de ca\u00f1o, que puede maximizar el valor agregado del producto.<\/span>\n<\/div>\n<\/div><\/div>\n<\/div><\/div><\/div>\n\n\n\n<div class=\"wp-block-kadence-rowlayout alignnone\" id=\"form-fill-seal\"><div id=\"kt-layout-id_ffeb9e-b9\" class=\"kt-row-layout-inner kt-layout-id_ffeb9e-b9\"><div class=\"kt-row-column-wrap kt-has-2-columns kt-gutter-default kt-v-gutter-default kt-row-valign-middle kt-row-layout-right-golden kt-tab-layout-inherit kt-m-colapse-left-to-right kt-mobile-layout-row\">\n<div class=\"wp-block-kadence-column inner-column-1 kadence-column_caf7fc-49\"><div class=\"kt-inside-inner-col\">\n<figure class=\"wp-block-image size-large\"><a href=\"https:\/\/www.echomachinery.com\/es\/packaging-machines\/vertical-form-fill-seal-machine\/\"><img decoding=\"async\" loading=\"lazy\" width=\"300\" height=\"300\" src=\"https:\/\/www.echomachinery.com\/wp-content\/uploads\/2020\/06\/ec420520720-300.jpg\" alt=\"M\u00e1quina VFFS\" class=\"wp-image-1349\" srcset=\"https:\/\/www.echomachinery.com\/wp-content\/uploads\/2020\/06\/ec420520720-300.jpg 300w, https:\/\/www.echomachinery.com\/wp-content\/uploads\/2020\/06\/ec420520720-300-150x150.jpg 150w\" sizes=\"(max-width: 300px) 100vw, 300px\" \/><\/a><\/figure>\n<\/div><\/div>\n\n\n\n<div class=\"wp-block-kadence-column inner-column-2 kadence-column_8771f3-da\"><div class=\"kt-inside-inner-col\">\n<div class=\"product\">\n    <span class=\"product-series\">SERIE EC-420\/520\/720<\/span>\n    <a href=\"\/es\/packaging-machines\/vertical-form-fill-seal-machine\/\"><h2 class=\"product-name\">M\u00e1quina de llenado y sellado de polvo de forma vertical<\/h2><\/a>\n    <span class=\"product-features\">\n        <span class=\"product-features-main\">Precio bajo<\/span>\n        <span class=\"product-speed\">Hasta 60 bolsas\/min<\/span>\n    <\/span>\n    <span class=\"product-description\">Las soluciones de m\u00e1quinas de relleno y sellado verticales para polvos de envasado han existido durante mucho tiempo y todav\u00eda est\u00e1n activas en el mercado de las m\u00e1quinas de envasado en polvo, y la velocidad y la asequibilidad son las principales razones por las que estas m\u00e1quinas todav\u00eda est\u00e1n en uso. Es una de las mejores opciones para los fabricantes que desean estilos de empaque como almohada, paquete de palo, sobre, fornido, sello lateral y m\u00e1s.<\/span>\n<\/div>\n<\/div><\/div>\n<\/div><\/div><\/div>\n\n\n\n<h2>v\u00eddeo<\/h2>\n\n\n\n<div class=\"wp-block-kadence-rowlayout alignnone\"><div id=\"kt-layout-id_0e992b-9e\" class=\"kt-row-layout-inner kt-layout-id_0e992b-9e\"><div class=\"kt-row-column-wrap kt-has-3-columns kt-gutter-default kt-v-gutter-default kt-row-valign-top kt-row-layout-equal kt-tab-layout-inherit kt-m-colapse-left-to-right kt-mobile-layout-row\">\n<div class=\"wp-block-kadence-column inner-column-1 kadence-column_5468a6-4e\"><div class=\"kt-inside-inner-col\">\n<figure class=\"wp-block-embed is-type-video is-provider-youtube wp-block-embed-youtube wp-embed-aspect-16-9 wp-has-aspect-ratio\"><div class=\"wp-block-embed__wrapper\">\n<div class=\"nv-iframe-embed\"><iframe loading=\"lazy\" title=\"M\u00e1quina de embalaje de bolsa de cremallera de az\u00facar marr\u00f3n | Maquinaria Echo\" width=\"1090\" height=\"613\" src=\"https:\/\/www.youtube.com\/embed\/8eOU17Hm9Pg?feature=oembed\" frameborder=\"0\" allow=\"accelerometer; autoplay; clipboard-write; encrypted-media; gyroscope; picture-in-picture\" allowfullscreen><\/iframe><\/div>\n<\/div><\/figure>\n<\/div><\/div>\n\n\n\n<div class=\"wp-block-kadence-column inner-column-2 kadence-column_ef2420-d2\"><div class=\"kt-inside-inner-col\">\n<figure class=\"wp-block-embed is-type-video is-provider-youtube wp-block-embed-youtube wp-embed-aspect-16-9 wp-has-aspect-ratio\"><div class=\"wp-block-embed__wrapper\">\n<div class=\"nv-iframe-embed\"><iframe loading=\"lazy\" title=\"M\u00e1quina envasadora de bolsas con boquilla para esencia de pollo | ECHO MACHINERY\" width=\"1090\" height=\"613\" src=\"https:\/\/www.youtube.com\/embed\/Pt-r9AxRlN4?feature=oembed\" frameborder=\"0\" allow=\"accelerometer; autoplay; clipboard-write; encrypted-media; gyroscope; picture-in-picture\" allowfullscreen><\/iframe><\/div>\n<\/div><\/figure>\n<\/div><\/div>\n\n\n\n<div class=\"wp-block-kadence-column inner-column-3 kadence-column_986683-40\"><div class=\"kt-inside-inner-col\">\n<figure class=\"wp-block-embed is-type-video is-provider-youtube wp-block-embed-youtube wp-embed-aspect-16-9 wp-has-aspect-ratio\"><div class=\"wp-block-embed__wrapper\">\n<div class=\"nv-iframe-embed\"><iframe loading=\"lazy\" title=\"M\u00e1quina de envasado de harina y relleno de harina | Echo Machinery\" width=\"1090\" height=\"613\" src=\"https:\/\/www.youtube.com\/embed\/ZYCLw5uYZQ4?feature=oembed\" frameborder=\"0\" allow=\"accelerometer; autoplay; clipboard-write; encrypted-media; gyroscope; picture-in-picture\" allowfullscreen><\/iframe><\/div>\n<\/div><\/figure>\n<\/div><\/div>\n<\/div><\/div><\/div>\n\n\n\n<h2>otro polvo<\/h2>\n\n\n\n<div class=\"wp-block-kadence-rowlayout alignnone\"><div id=\"kt-layout-id_023dac-8f\" class=\"kt-row-layout-inner kt-layout-id_023dac-8f\"><div class=\"kt-row-column-wrap kt-has-3-columns kt-gutter-default kt-v-gutter-default kt-row-valign-top kt-row-layout-equal kt-tab-layout-inherit kt-m-colapse-left-to-right kt-mobile-layout-row\">\n<div class=\"wp-block-kadence-column inner-column-1 kadence-column_d88158-9d\"><div class=\"kt-inside-inner-col\">\n<a class=\"industries-link\" href=\"https:\/\/www.echomachinery.com\/es\/industries\/coffee-packaging-machine\/\"><div class=\"industries-image coffee\"> <div class=\"industries-content\"> <h3 class=\"industries-title\">Caf\u00e9<\/h3>  <\/div><\/div>\n<\/a>\n<\/div><\/div>\n\n\n\n<div class=\"wp-block-kadence-column inner-column-2 kadence-column_6f2bd4-e5\"><div class=\"kt-inside-inner-col\">\n<a class=\"industries-link\" href=\"\/es\/industries\/pet-food-packing-machine\/\"><div class=\"industries-image pet-food\"> <div class=\"industries-content\"> <h3 class=\"industries-title\">Alimento para mascotas<\/h3>  <\/div><\/div>\n<\/a>\n<\/div><\/div>\n\n\n\n<div class=\"wp-block-kadence-column inner-column-3 kadence-column_3e546d-19\"><div class=\"kt-inside-inner-col\">\n<a class=\"industries-link\" href=\"\/es\/industries\/chicken-essence-packaging-machine\/\"><div class=\"industries-image chicken-essence\"> <div class=\"industries-content\"> <h3 class=\"industries-title\">Esencia de pollo<\/h3>  <\/div><\/div>\n<\/a>\n<\/div><\/div>\n<\/div><\/div><\/div>\n\n\n\n<div class=\"wp-block-kadence-rowlayout alignnone\"><div id=\"kt-layout-id_22621a-71\" class=\"kt-row-layout-inner kt-layout-id_22621a-71\"><div class=\"kt-row-column-wrap kt-has-3-columns kt-gutter-default kt-v-gutter-default kt-row-valign-top kt-row-layout-equal kt-tab-layout-inherit kt-m-colapse-left-to-right kt-mobile-layout-row\">\n<div class=\"wp-block-kadence-column inner-column-1 kadence-column_59a118-3d\"><div class=\"kt-inside-inner-col\">\n<a class=\"industries-link\" href=\"\/es\/industries\/brown-sugar-zipper-pouch-packing-machine\/\"><div class=\"industries-image brown-sugar\"> <div class=\"industries-content\"> <h3 class=\"industries-title\">Az\u00facar moreno<\/h3>  <\/div><\/div>\n<\/a>\n<\/div><\/div>\n\n\n\n<div class=\"wp-block-kadence-column inner-column-2 kadence-column_46c49e-8f\"><div class=\"kt-inside-inner-col\"><\/div><\/div>\n\n\n\n<div class=\"wp-block-kadence-column inner-column-3 kadence-column_5c4f70-24\"><div class=\"kt-inside-inner-col\"><\/div><\/div>\n<\/div><\/div><\/div>","protected":false},"excerpt":{"rendered":"<p>The\u00a0powder packaging machine\u00a0are also diversified. We can solve all kinds of packaging bag styles, whether it is small-sized powder packaging, or large-scale flavoring and washing powder packaging, we can provide machines to meet your needs. Usually, the powder will raise dust, If the dust is very serious, we will equip you with a dust cleaner&hellip;&nbsp;<a href=\"https:\/\/www.echomachinery.com\/es\/industries\/powder-packing-solution\/\" class=\"\" rel=\"bookmark\">Leer m\u00e1s \u00bb<span class=\"screen-reader-text\">M\u00e1quina de envasado de polvo y relleno autom\u00e1tico de polvo<\/span><\/a><\/p>","protected":false},"author":1,"featured_media":0,"parent":1640,"menu_order":0,"comment_status":"closed","ping_status":"closed","template":"page-templates\/product-in.php","meta":{"inline_featured_image":false,"ub_ctt_via":"","kt_blocks_editor_width":""},"aioseo_notices":[],"featured_image_src":null,"_links":{"self":[{"href":"https:\/\/www.echomachinery.com\/es\/wp-json\/wp\/v2\/pages\/1652"}],"collection":[{"href":"https:\/\/www.echomachinery.com\/es\/wp-json\/wp\/v2\/pages"}],"about":[{"href":"https:\/\/www.echomachinery.com\/es\/wp-json\/wp\/v2\/types\/page"}],"author":[{"embeddable":true,"href":"https:\/\/www.echomachinery.com\/es\/wp-json\/wp\/v2\/users\/1"}],"replies":[{"embeddable":true,"href":"https:\/\/www.echomachinery.com\/es\/wp-json\/wp\/v2\/comments?post=1652"}],"version-history":[{"count":0,"href":"https:\/\/www.echomachinery.com\/es\/wp-json\/wp\/v2\/pages\/1652\/revisions"}],"up":[{"embeddable":true,"href":"https:\/\/www.echomachinery.com\/es\/wp-json\/wp\/v2\/pages\/1640"}],"wp:attachment":[{"href":"https:\/\/www.echomachinery.com\/es\/wp-json\/wp\/v2\/media?parent=1652"}],"curies":[{"name":"pp","href":"https:\/\/api.w.org\/{rel}","templated":true}]}}