{"id":1894,"date":"2020-08-21T01:48:12","date_gmt":"2020-08-21T01:48:12","guid":{"rendered":"http:\/\/test.echopacker.com\/?page_id=1894"},"modified":"2022-06-14T03:21:03","modified_gmt":"2022-06-14T01:21:03","slug":"manual-cup-filler","status":"publish","type":"page","link":"https:\/\/www.echomachinery.com\/es\/packaging-machines\/relative-devices\/manual-cup-filler\/","title":{"rendered":"Llenador de vasos circular"},"content":{"rendered":"<style id=\"kt-blocks_e3be45-06\">#kt-layout-id_e3be45-06 > .kt-row-column-wrap{padding-bottom:0px;}<\/style>\n<div class=\"wp-block-kadence-rowlayout alignnone\"><div id=\"kt-layout-id_e3be45-06\" class=\"kt-row-layout-inner kt-layout-id_e3be45-06\"><div class=\"kt-row-column-wrap kt-has-2-columns kt-gutter-default kt-v-gutter-default kt-row-valign-top kt-row-layout-equal kt-tab-layout-inherit kt-m-colapse-left-to-right kt-mobile-layout-row\">\n<div class=\"wp-block-kadence-column inner-column-1 kadence-column_dbf594-05\"><div class=\"kt-inside-inner-col\"><style id=\"kt-blocks_d7ddbc-8d\">.wp-block-kadence-advancedgallery ul.kb-gallery-id-_d7ddbc-8d {margin: -5px;}.kb-gallery-id-_d7ddbc-8d .kadence-blocks-gallery-item {padding:5px;}.kb-gallery-type-carousel.kb-gallery-id-_d7ddbc-8d .kt-blocks-carousel .kt-blocks-carousel-init {margin: 0 -5px;}.kb-gallery-type-carousel.kb-gallery-id-_d7ddbc-8d .kt-blocks-carousel .kt-blocks-carousel-init .kb-slide-item, .kb-gallery-type-fluidcarousel.kb-gallery-id-_d7ddbc-8d .kt-blocks-carousel .kt-blocks-carousel-init .kb-slide-item, .kb-gallery-type-carousel .kt-blocks-carousel-init:not(.slick-initialized) .kb-slide-item {padding: 4px 5px;}.kb-gallery-type-fluidcarousel.kb-gallery-id-_d7ddbc-8d .kt-blocks-carousel .kt-blocks-carousel-init.kb-carousel-mode-align-left .kb-slide-item {padding: 4px 10px 4px 0;}.kb-gallery-type-carousel.kb-gallery-id-_d7ddbc-8d .kt-blocks-carousel .kt-blocks-carousel-init .slick-prev {left:5px;}.kb-gallery-type-carousel.kb-gallery-id-_d7ddbc-8d .kt-blocks-carousel .kt-blocks-carousel-init .slick-next {right:5px;}.kb-gallery-id-_d7ddbc-8d .kadence-blocks-gallery-item .kb-gal-image-radius {border-radius: 0px 0px 0px 0px;}<\/style>\n<div class=\"wp-block-kadence-advancedgallery kb-gallery-wrap-id-_d7ddbc-8d\"><div class=\"kb-gallery-ul kb-gallery-type-slider kb-gallery-id-_d7ddbc-8d kb-gallery-caption-style-bottom-hover kb-gallery-filter-none\" data-image-filter=\"none\" data-lightbox-caption=\"true\"><div class=\"kt-blocks-carousel kt-carousel-container-dotstyle-dark\"><div class=\"kt-blocks-carousel-init kb-blocks-slider kt-carousel-arrowstyle-whiteondark kt-carousel-dotstyle-dark\" data-slider-anim-speed=\"400\" data-slider-type=\"slider\" data-slider-scroll=\"1\" data-slider-arrows=\"true\" data-slider-dots=\"true\" data-slider-hover-pause=\"false\" data-slider-auto=\"false\" data-slider-speed=\"7000\"><div class=\"kb-slide-item kb-gallery-slide-item\"><div class=\"kadence-blocks-gallery-item\"><div class=\"kadence-blocks-gallery-item-inner\"><figure class=\"kb-gallery-figure kadence-blocks-gallery-item-hide-caption kb-has-image-ratio-land32\"><div class=\"kb-gal-image-radius\"><div class=\"kb-gallery-image-contain kadence-blocks-gallery-intrinsic kb-gallery-image-ratio-land32\"><img decoding=\"async\" loading=\"lazy\" src=\"https:\/\/www.echomachinery.com\/wp-content\/uploads\/2020\/08\/Manual-Cup-Filler.jpg\" width=\"1000\" height=\"666\" alt=\"Relleno de taza manual\" data-full-image=\"https:\/\/www.echomachinery.com\/wp-content\/uploads\/2020\/08\/Manual-Cup-Filler.jpg\" data-light-image=\"https:\/\/www.echomachinery.com\/wp-content\/uploads\/2020\/08\/Manual-Cup-Filler.jpg\" data-id=\"1897\" data-link=\"https:\/\/www.echomachinery.com\/packaging-machines\/relative-devices\/manual-cup-filler\/attachment\/manual-cup-filler-2\/\" class=\"wp-image-1897 skip-lazy\" srcset=\"https:\/\/www.echomachinery.com\/wp-content\/uploads\/2020\/08\/Manual-Cup-Filler.jpg 1000w, https:\/\/www.echomachinery.com\/wp-content\/uploads\/2020\/08\/Manual-Cup-Filler-300x200.jpg 300w, https:\/\/www.echomachinery.com\/wp-content\/uploads\/2020\/08\/Manual-Cup-Filler-150x100.jpg 150w, https:\/\/www.echomachinery.com\/wp-content\/uploads\/2020\/08\/Manual-Cup-Filler-768x511.jpg 768w, https:\/\/www.echomachinery.com\/wp-content\/uploads\/2020\/08\/Manual-Cup-Filler-600x400.jpg 600w, https:\/\/www.echomachinery.com\/wp-content\/uploads\/2020\/08\/Manual-Cup-Filler-930x620.jpg 930w, https:\/\/www.echomachinery.com\/wp-content\/uploads\/2020\/08\/Manual-Cup-Filler-272x182.jpg 272w\" sizes=\"(max-width: 1000px) 100vw, 1000px\" \/><\/div><\/div><\/figure><\/div><\/div><\/div><div class=\"kb-slide-item kb-gallery-slide-item\"><div class=\"kadence-blocks-gallery-item\"><div class=\"kadence-blocks-gallery-item-inner\"><figure class=\"kb-gallery-figure kadence-blocks-gallery-item-hide-caption kb-has-image-ratio-land32\"><div class=\"kb-gal-image-radius\"><div class=\"kb-gallery-image-contain kadence-blocks-gallery-intrinsic kb-gallery-image-ratio-land32\"><img decoding=\"async\" loading=\"lazy\" src=\"https:\/\/www.echomachinery.com\/wp-content\/uploads\/2022\/06\/DSC02205-1024x576.jpg\" width=\"1024\" height=\"576\" alt=\"\" data-full-image=\"https:\/\/www.echomachinery.com\/wp-content\/uploads\/2022\/06\/DSC02205-scaled.jpg\" data-light-image=\"https:\/\/www.echomachinery.com\/wp-content\/uploads\/2022\/06\/DSC02205-scaled.jpg\" data-id=\"5671\" data-link=\"https:\/\/www.echomachinery.com\/packaging-machines\/relative-devices\/manual-cup-filler\/attachment\/dsc02205\/\" class=\"wp-image-5671 skip-lazy\" srcset=\"https:\/\/www.echomachinery.com\/wp-content\/uploads\/2022\/06\/DSC02205-1024x576.jpg 1024w, https:\/\/www.echomachinery.com\/wp-content\/uploads\/2022\/06\/DSC02205-300x169.jpg 300w, https:\/\/www.echomachinery.com\/wp-content\/uploads\/2022\/06\/DSC02205-768x432.jpg 768w, https:\/\/www.echomachinery.com\/wp-content\/uploads\/2022\/06\/DSC02205-1536x864.jpg 1536w, https:\/\/www.echomachinery.com\/wp-content\/uploads\/2022\/06\/DSC02205-2048x1152.jpg 2048w\" sizes=\"(max-width: 1024px) 100vw, 1024px\" \/><\/div><\/div><\/figure><\/div><\/div><\/div><\/div><\/div><\/div><\/div>\n<\/div><\/div>\n\n\n\n<div class=\"wp-block-kadence-column inner-column-2 kadence-column_011eaa-80\"><div class=\"kt-inside-inner-col\">\n<h3 id=\"0-mr8-200rwg\">Llenador de vasos circular<\/h3>\n\n\n\n<figure class=\"wp-block-table\"><table><tbody><tr><td>Di\u00e1metro exterior de la copa<\/td><td>\u03a665 \u2013 150mm<\/td><\/tr><tr><td>Di\u00e1metro interior de la copa<\/td><td>\u03a646 \u2013 125mm<\/td><\/tr><tr><td>N\u00famero de copa<\/td><td>32 -59<\/td><\/tr><\/tbody><\/table><\/figure>\n<\/div><\/div>\n<\/div><\/div><\/div>\n\n\n\n<hr class=\"wp-block-separator\"\/>\n\n\n\n<p>El relleno de copa circular es un dispositivo de alimentaci\u00f3n semiautom\u00e1tico para grandes piezas de producto. El producto insertado girar\u00e1 a una posici\u00f3n designada y luego se meter\u00e1 en la bolsa.<\/p>\n\n\n\n<figure class=\"wp-block-embed is-type-video is-provider-youtube wp-block-embed-youtube wp-embed-aspect-16-9 wp-has-aspect-ratio\"><div class=\"wp-block-embed__wrapper\">\n<div class=\"nv-iframe-embed\"><iframe loading=\"lazy\" title=\"Instrucciones de instalaci\u00f3n de llenado de vaso circular | Echo Machinery\" width=\"1090\" height=\"613\" src=\"https:\/\/www.youtube.com\/embed\/4R7VuLvqJKQ?feature=oembed\" frameborder=\"0\" allow=\"accelerometer; autoplay; clipboard-write; encrypted-media; gyroscope; picture-in-picture\" allowfullscreen><\/iframe><\/div>\n<\/div><\/figure>\n\n\n\n<p>El producto se coloca en la taza de medir manualmente y el servomotor impulsa la rueda de la ranura para girar. La taza de medir se mueve junto con la rueda de ranura en la plataforma de alimentaci\u00f3n para completar la acci\u00f3n de transporte del producto.<\/p>\n\n\n\n<p>Componente de alimentaci\u00f3n: Servomotor acciona la correa s\u00edncrona para que el cabezal de la taza de medir se desplace hacia abajo y empuja el producto en la taza de medir en la bolsa de embalaje.<\/p>\n\n\n\n<div class=\"wp-block-image\"><figure class=\"aligncenter size-large\"><img decoding=\"async\" loading=\"lazy\" width=\"554\" height=\"491\" src=\"https:\/\/www.echomachinery.com\/wp-content\/uploads\/2021\/02\/Circular-Cup-Filler.jpg\" alt=\"\" class=\"wp-image-3150\" srcset=\"https:\/\/www.echomachinery.com\/wp-content\/uploads\/2021\/02\/Circular-Cup-Filler.jpg 554w, https:\/\/www.echomachinery.com\/wp-content\/uploads\/2021\/02\/Circular-Cup-Filler-300x266.jpg 300w, https:\/\/www.echomachinery.com\/wp-content\/uploads\/2021\/02\/Circular-Cup-Filler-150x133.jpg 150w\" sizes=\"(max-width: 554px) 100vw, 554px\" \/><\/figure><\/div>\n\n\n\n<figure class=\"wp-block-table\"><table><thead><tr><th><\/th><th class=\"has-text-align-center\" data-align=\"center\"><strong>Di\u00e1metro exterior de la copa<\/strong><\/th><th class=\"has-text-align-center\" data-align=\"center\"><strong>Di\u00e1metro interior de la copa<\/strong><\/th><th class=\"has-text-align-center\" data-align=\"center\"><strong>N\u00famero de copa<\/strong><\/th><\/tr><\/thead><tbody><tr><td>CF65-1600A<\/td><td class=\"has-text-align-center\" data-align=\"center\">\u03c665mm<\/td><td class=\"has-text-align-center\" data-align=\"center\">46mm<\/td><td class=\"has-text-align-center\" data-align=\"center\">49<\/td><\/tr><tr><td>CF65-1950<\/td><td class=\"has-text-align-center\" data-align=\"center\">\u03c665mm<\/td><td class=\"has-text-align-center\" data-align=\"center\">46mm<\/td><td class=\"has-text-align-center\" data-align=\"center\">59<\/td><\/tr><tr><td>CF65-1650<\/td><td class=\"has-text-align-center\" data-align=\"center\">\u03c665mm<\/td><td class=\"has-text-align-center\" data-align=\"center\">46mm<\/td><td class=\"has-text-align-center\" data-align=\"center\">49<\/td><\/tr><tr><td>CF86-1700<\/td><td class=\"has-text-align-center\" data-align=\"center\">\u03a686mm<\/td><td class=\"has-text-align-center\" data-align=\"center\">\u03c660mm<\/td><td class=\"has-text-align-center\" data-align=\"center\">38<\/td><\/tr><tr><td>CF120-1900<\/td><td class=\"has-text-align-center\" data-align=\"center\">\u03c6120mm<\/td><td class=\"has-text-align-center\" data-align=\"center\">\u03a695mm<\/td><td class=\"has-text-align-center\" data-align=\"center\">32<\/td><\/tr><tr><td>CF150-2200<\/td><td class=\"has-text-align-center\" data-align=\"center\">\u03c6150mm<\/td><td class=\"has-text-align-center\" data-align=\"center\">\u03c6125mm<\/td><td class=\"has-text-align-center\" data-align=\"center\">34<\/td><\/tr><\/tbody><\/table><\/figure>","protected":false},"excerpt":{"rendered":"<p>Circular Cup Filler Cup Outer diameter \u03a665 &#8211; 150mm Cup Inner diameter \u03a646 &#8211; 125mm Cup Number 32 -59 Circular Cup Filler is a semi-automatic feeding device for large pieces of product. The inserted product will rotate to a designated position and then be poke into the bag. The product is put into the measuring&hellip;&nbsp;<a href=\"https:\/\/www.echomachinery.com\/es\/packaging-machines\/relative-devices\/manual-cup-filler\/\" class=\"\" rel=\"bookmark\">Leer m\u00e1s \u00bb<span class=\"screen-reader-text\">Llenador de vasos circular<\/span><\/a><\/p>","protected":false},"author":1,"featured_media":1897,"parent":1314,"menu_order":0,"comment_status":"closed","ping_status":"closed","template":"page-templates\/product.php","meta":{"inline_featured_image":false,"ub_ctt_via":"","kt_blocks_editor_width":""},"aioseo_notices":[],"featured_image_src":"https:\/\/www.echomachinery.com\/wp-content\/uploads\/2020\/08\/Manual-Cup-Filler.jpg","_links":{"self":[{"href":"https:\/\/www.echomachinery.com\/es\/wp-json\/wp\/v2\/pages\/1894"}],"collection":[{"href":"https:\/\/www.echomachinery.com\/es\/wp-json\/wp\/v2\/pages"}],"about":[{"href":"https:\/\/www.echomachinery.com\/es\/wp-json\/wp\/v2\/types\/page"}],"author":[{"embeddable":true,"href":"https:\/\/www.echomachinery.com\/es\/wp-json\/wp\/v2\/users\/1"}],"replies":[{"embeddable":true,"href":"https:\/\/www.echomachinery.com\/es\/wp-json\/wp\/v2\/comments?post=1894"}],"version-history":[{"count":0,"href":"https:\/\/www.echomachinery.com\/es\/wp-json\/wp\/v2\/pages\/1894\/revisions"}],"up":[{"embeddable":true,"href":"https:\/\/www.echomachinery.com\/es\/wp-json\/wp\/v2\/pages\/1314"}],"wp:featuredmedia":[{"embeddable":true,"href":"https:\/\/www.echomachinery.com\/es\/wp-json\/wp\/v2\/media\/1897"}],"wp:attachment":[{"href":"https:\/\/www.echomachinery.com\/es\/wp-json\/wp\/v2\/media?parent=1894"}],"curies":[{"name":"pp","href":"https:\/\/api.w.org\/{rel}","templated":true}]}}