{"id":1907,"date":"2020-08-26T06:35:31","date_gmt":"2020-08-26T06:35:31","guid":{"rendered":"http:\/\/test.echopacker.com\/?page_id=1907"},"modified":"2022-02-22T07:31:18","modified_gmt":"2022-02-22T06:31:18","slug":"tomato-sauce-packaging-machine","status":"publish","type":"page","link":"https:\/\/www.echomachinery.com\/es\/industries\/tomato-sauce-packaging-machine\/","title":{"rendered":"M\u00e1quina de envasado de salsa de tomate y m\u00e1quina de sellado de llenado de salsa"},"content":{"rendered":"<p><strong>Envasado de salsa de tomate<\/strong> Las soluciones son similares a otros l\u00edquidos, incluyen tanto bolsa grande, sobre y botella, tenemos las m\u00e1quinas correspondientes. Como una de las soluciones de empaque m\u00e1s comunes, hemos atendido a innumerables clientes satisfechos.<\/p>\n\n\n\n<hr class=\"wp-block-separator is-style-wide\"\/>\n\n\n\n<div class=\"wp-block-kadence-rowlayout alignnone\"><div id=\"kt-layout-id_ed1d22-6d\" class=\"kt-row-layout-inner kt-layout-id_ed1d22-6d\"><div class=\"kt-row-column-wrap kt-has-2-columns kt-gutter-default kt-v-gutter-default kt-row-valign-middle kt-row-layout-right-golden kt-tab-layout-inherit kt-m-colapse-left-to-right kt-mobile-layout-row\">\n<div class=\"wp-block-kadence-column inner-column-1 kadence-column_ced6bf-b8\"><div class=\"kt-inside-inner-col\">\n<figure class=\"wp-block-image size-large\"><a href=\"https:\/\/www.echomachinery.com\/es\/packaging-machines\/piston-liquid-filling-machine\/\"><img decoding=\"async\" loading=\"lazy\" width=\"300\" height=\"300\" src=\"https:\/\/www.echomachinery.com\/wp-content\/uploads\/2021\/03\/RJ-AF-liquid-filling-machine-300x300-1.jpg\" alt=\"M\u00e1quina de llenado de l\u00edquidos RJ-AF 300x300\" class=\"wp-image-3294\" srcset=\"https:\/\/www.echomachinery.com\/wp-content\/uploads\/2021\/03\/RJ-AF-liquid-filling-machine-300x300-1.jpg 300w, https:\/\/www.echomachinery.com\/wp-content\/uploads\/2021\/03\/RJ-AF-liquid-filling-machine-300x300-1-150x150.jpg 150w\" sizes=\"(max-width: 300px) 100vw, 300px\" \/><\/a><\/figure>\n<\/div><\/div>\n\n\n\n<div class=\"wp-block-kadence-column inner-column-2 kadence-column_ae82f6-11\"><div class=\"kt-inside-inner-col\">\n<div class=\"product\">\n    <span class=\"product-series\">SERIE RJ-AFL<\/span>\n    <a href=\"\/es\/packaging-machines\/piston-liquid-filling-machine\/\"><h2 class=\"product-name\">M\u00e1quina embotelladora de l\u00edquidos de pist\u00f3n<\/h2><\/a>\n    <span class=\"product-features\">\n        <span class=\"product-features-main\">Rellene f\u00e1cilmente l\u00edquidos viscosos.<\/span>\n        <span class=\"product-speed\">Hasta 60 botellas\/min<\/span>\n    <\/span>\n    <span class=\"product-description\">La m\u00e1quina llenadora autom\u00e1tica de l\u00edquidos por pist\u00f3n RJ-AF est\u00e1 dise\u00f1ada para el llenado autom\u00e1tico de l\u00edquidos con viscosidad determinada o alta. Puede llenar varios tipos de botellas y puede utilizarse con otras m\u00e1quinas para completar una l\u00ednea de embotellado altamente automatizada.<\/span>\n<\/div>\n<\/div><\/div>\n<\/div><\/div><\/div>\n\n\n\n<hr class=\"wp-block-separator is-style-wide\"\/>\n\n\n\n<div class=\"wp-block-kadence-rowlayout alignnone\"><div id=\"kt-layout-id_25fda6-2d\" class=\"kt-row-layout-inner kt-layout-id_25fda6-2d\"><div class=\"kt-row-column-wrap kt-has-2-columns kt-gutter-default kt-v-gutter-default kt-row-valign-middle kt-row-layout-right-golden kt-tab-layout-inherit kt-m-colapse-left-to-right kt-mobile-layout-row\">\n<div class=\"wp-block-kadence-column inner-column-1 kadence-column_400c30-da\"><div class=\"kt-inside-inner-col\">\n<figure class=\"wp-block-image size-large\"><a href=\"https:\/\/www.echomachinery.com\/es\/packaging-machines\/premade-pouch-packing-machine\/\"><img decoding=\"async\" loading=\"lazy\" width=\"300\" height=\"300\" src=\"https:\/\/www.echomachinery.com\/wp-content\/uploads\/2020\/06\/MR8-200RW-300.jpg\" alt=\"M\u00e1quina de envasado MR8-200RW-300\" class=\"wp-image-1351\" srcset=\"https:\/\/www.echomachinery.com\/wp-content\/uploads\/2020\/06\/MR8-200RW-300.jpg 300w, https:\/\/www.echomachinery.com\/wp-content\/uploads\/2020\/06\/MR8-200RW-300-150x150.jpg 150w\" sizes=\"(max-width: 300px) 100vw, 300px\" \/><\/a><\/figure>\n<\/div><\/div>\n\n\n\n<div class=\"wp-block-kadence-column inner-column-2 kadence-column_bc071e-2d\"><div class=\"kt-inside-inner-col\">\n<div class=\"product\">\n    <span class=\"product-series\">SERIE MR8-300\/200RW<\/span>\n    <a href=\"\/es\/packaging-machines\/premade-pouch-packing-machine\/\"><h2 class=\"product-name\">M\u00e1quina de envasado de la bolsa de salsa de tomate<\/h2><\/a>\n    <span class=\"product-features\">\n        <span class=\"product-features-main\">Presentado en un hermoso empaque<\/span>\n        <span class=\"product-speed\">Hasta 80 bolsas\/min<\/span>\n    <\/span>\n    <span class=\"product-description\">Esta soluci\u00f3n es similar a nuestra m\u00e1quina de envasado de l\u00edquidos. Utiliza relleno l\u00edquido para llenar la bolsa con salsa de tomate y luego sacar el producto terminado despu\u00e9s de sellar.<br><br>Dependiendo del volumen de llenado y del tama\u00f1o de la bolsa, la velocidad de empaque suele ser de al menos 20-25 bolsas\/min. Adem\u00e1s, podemos proporcionar equipo adicional para la impresi\u00f3n de fechas.<br><br>Esta soluci\u00f3n es adecuada para una bolsa m\u00e1s grande, puede personalizar el estilo y la apariencia de bolsas de embalaje de alta pr\u00e1ctica, como bolsa de pico. <br><br>\nNuestra m\u00e1quina tiene estaciones adicionales, por lo que se puede llenar varias veces para mejorar la precisi\u00f3n del llenado.<\/span>\n<\/div>\n<\/div><\/div>\n<\/div><\/div><\/div>\n\n\n\n<figure class=\"wp-block-embed is-type-video is-provider-youtube wp-block-embed-youtube wp-embed-aspect-16-9 wp-has-aspect-ratio\"><div class=\"wp-block-embed__wrapper\">\n<div class=\"nv-iframe-embed\"><iframe loading=\"lazy\" title=\"M\u00e1quina de llenado de bolsa de ca\u00f1o autom\u00e1tico para salsa de tomate | Echo Machinery\" width=\"1090\" height=\"613\" src=\"https:\/\/www.youtube.com\/embed\/8x3cQpRKMm0?feature=oembed\" frameborder=\"0\" allow=\"accelerometer; autoplay; clipboard-write; encrypted-media; gyroscope; picture-in-picture\" allowfullscreen><\/iframe><\/div>\n<\/div><\/figure>\n\n\n\n<hr class=\"wp-block-separator is-style-wide\"\/>\n\n\n\n<div class=\"wp-block-kadence-rowlayout alignnone\"><div id=\"kt-layout-id_a3fc37-61\" class=\"kt-row-layout-inner kt-layout-id_a3fc37-61\"><div class=\"kt-row-column-wrap kt-has-2-columns kt-gutter-default kt-v-gutter-default kt-row-valign-middle kt-row-layout-right-golden kt-tab-layout-inherit kt-m-colapse-left-to-right kt-mobile-layout-row\">\n<div class=\"wp-block-kadence-column inner-column-1 kadence-column_c77903-4e\"><div class=\"kt-inside-inner-col\">\n<figure class=\"wp-block-image size-large\"><a href=\"https:\/\/www.echomachinery.com\/es\/packaging-machines\/vertical-form-fill-seal-machine\/\"><img decoding=\"async\" loading=\"lazy\" width=\"300\" height=\"300\" src=\"https:\/\/www.echomachinery.com\/wp-content\/uploads\/2020\/06\/ec420520720-300.jpg\" alt=\"M\u00e1quina VFFS\" class=\"wp-image-1349\" srcset=\"https:\/\/www.echomachinery.com\/wp-content\/uploads\/2020\/06\/ec420520720-300.jpg 300w, https:\/\/www.echomachinery.com\/wp-content\/uploads\/2020\/06\/ec420520720-300-150x150.jpg 150w\" sizes=\"(max-width: 300px) 100vw, 300px\" \/><\/a><\/figure>\n<\/div><\/div>\n\n\n\n<div class=\"wp-block-kadence-column inner-column-2 kadence-column_5f681c-e6\"><div class=\"kt-inside-inner-col\">\n<div class=\"product\">\n    <span class=\"product-series\">SERIE EC-420\/520\/720<\/span>\n    <a href=\"\/es\/packaging-machines\/vertical-form-fill-seal-machine\/\"><h2 class=\"product-name\">M\u00e1quina envasada de bolsita de pasta de tomate<\/h2><\/a>\n    <span class=\"product-features\">\n        <span class=\"product-features-main\">Precio bajo<\/span>\n        <span class=\"product-speed\">Hasta 60 bolsas\/min<\/span>\n    <\/span>\n    <span class=\"product-description\">La peque\u00f1a m\u00e1quina VFFS puede empacar tomates al estilo de palo y bolsita, esta m\u00e1quina tiene una velocidad m\u00e1s r\u00e1pida, adecuada para clientes con empaque peque\u00f1o.<\/span>\n<\/div>\n<\/div><\/div>\n<\/div><\/div><\/div>\n\n\n\n<div class=\"wp-block-kadence-rowlayout alignnone\"><div id=\"kt-layout-id_5462e7-4a\" class=\"kt-row-layout-inner kt-layout-id_5462e7-4a\"><div class=\"kt-row-column-wrap kt-has-3-columns kt-gutter-default kt-v-gutter-default kt-row-valign-top kt-row-layout-equal kt-tab-layout-inherit kt-m-colapse-left-to-right kt-mobile-layout-row\">\n<div class=\"wp-block-kadence-column inner-column-1 kadence-column_441477-32\"><div class=\"kt-inside-inner-col\">\n<a class=\"industries-link\" href=\"\/es\/industries\/liquid-packing-solution\/\"><div class=\"industries-image liquid\"> <div class=\"industries-content\"> <h3 class=\"industries-title\">L\u00edquido<\/h3>  <\/div><\/div>\n<\/a>\n<\/div><\/div>\n\n\n\n<div class=\"wp-block-kadence-column inner-column-2 kadence-column_ab13a2-e1\"><div class=\"kt-inside-inner-col\">\n<a class=\"industries-link\" href=\"\/es\/industries\/powder-packing-solution\/\"><div class=\"industries-image powder\"> <div class=\"industries-content\"> <h3 class=\"industries-title\">Polvo<\/h3><\/div><\/div>\n<\/a>\n<\/div><\/div>\n\n\n\n<div class=\"wp-block-kadence-column inner-column-3 kadence-column_23f5e6-96\"><div class=\"kt-inside-inner-col\">\n<a class=\"industries-link\" href=\"\/es\/industries\/granule-packing-solution\/\"><div class=\"industries-image granule\"> <div class=\"industries-content\"> <h3 class=\"industries-title\">Gr\u00e1nulo<\/h3><\/div><\/div>\n<\/a>\n<\/div><\/div>\n<\/div><\/div><\/div>","protected":false},"excerpt":{"rendered":"<p>Tomato Sauce packaging solutions are similar to other liquids, include both big Pouch, Sachet and Bottle , we have the corresponding machines. As one of the most common packaging solutions, we have served countless satisfied customers. RJ-AFL SERIES Piston Liquid Bottling Machine Easily Fill Viscous Liquids Up to 60 Bottles\/Min The RJ-AF Automatic Liquid Piston&hellip;&nbsp;<a href=\"https:\/\/www.echomachinery.com\/es\/industries\/tomato-sauce-packaging-machine\/\" class=\"\" rel=\"bookmark\">Leer m\u00e1s \u00bb<span class=\"screen-reader-text\">M\u00e1quina de envasado de salsa de tomate y m\u00e1quina de sellado de llenado de salsa<\/span><\/a><\/p>","protected":false},"author":1,"featured_media":0,"parent":1640,"menu_order":0,"comment_status":"closed","ping_status":"closed","template":"page-templates\/product.php","meta":{"inline_featured_image":false,"ub_ctt_via":"","kt_blocks_editor_width":""},"aioseo_notices":[],"featured_image_src":null,"_links":{"self":[{"href":"https:\/\/www.echomachinery.com\/es\/wp-json\/wp\/v2\/pages\/1907"}],"collection":[{"href":"https:\/\/www.echomachinery.com\/es\/wp-json\/wp\/v2\/pages"}],"about":[{"href":"https:\/\/www.echomachinery.com\/es\/wp-json\/wp\/v2\/types\/page"}],"author":[{"embeddable":true,"href":"https:\/\/www.echomachinery.com\/es\/wp-json\/wp\/v2\/users\/1"}],"replies":[{"embeddable":true,"href":"https:\/\/www.echomachinery.com\/es\/wp-json\/wp\/v2\/comments?post=1907"}],"version-history":[{"count":0,"href":"https:\/\/www.echomachinery.com\/es\/wp-json\/wp\/v2\/pages\/1907\/revisions"}],"up":[{"embeddable":true,"href":"https:\/\/www.echomachinery.com\/es\/wp-json\/wp\/v2\/pages\/1640"}],"wp:attachment":[{"href":"https:\/\/www.echomachinery.com\/es\/wp-json\/wp\/v2\/media?parent=1907"}],"curies":[{"name":"pp","href":"https:\/\/api.w.org\/{rel}","templated":true}]}}