{"id":1918,"date":"2020-08-24T08:27:17","date_gmt":"2020-08-24T08:27:17","guid":{"rendered":"http:\/\/test.echopacker.com\/?page_id=1918"},"modified":"2022-07-21T07:29:55","modified_gmt":"2022-07-21T05:29:55","slug":"lifting-conveyor-belt","status":"publish","type":"page","link":"https:\/\/www.echomachinery.com\/es\/packaging-machines\/relative-devices\/lifting-conveyor-belt\/","title":{"rendered":"Cinta transportadora de elevaci\u00f3n"},"content":{"rendered":"<style id=\"kt-blocks_e3be45-06\">#kt-layout-id_e3be45-06 > .kt-row-column-wrap{padding-bottom:0px;}<\/style>\n<div class=\"wp-block-kadence-rowlayout alignnone\"><div id=\"kt-layout-id_e3be45-06\" class=\"kt-row-layout-inner kt-layout-id_e3be45-06\"><div class=\"kt-row-column-wrap kt-has-2-columns kt-gutter-default kt-v-gutter-default kt-row-valign-top kt-row-layout-equal kt-tab-layout-inherit kt-m-colapse-left-to-right kt-mobile-layout-row\">\n<div class=\"wp-block-kadence-column inner-column-1 kadence-column_dbf594-05\"><div class=\"kt-inside-inner-col\"><style id=\"kt-blocks_d7ddbc-8d\">.wp-block-kadence-advancedgallery ul.kb-gallery-id-_d7ddbc-8d {margin: -5px;}.kb-gallery-id-_d7ddbc-8d .kadence-blocks-gallery-item {padding:5px;}.kb-gallery-type-carousel.kb-gallery-id-_d7ddbc-8d .kt-blocks-carousel .kt-blocks-carousel-init {margin: 0 -5px;}.kb-gallery-type-carousel.kb-gallery-id-_d7ddbc-8d .kt-blocks-carousel .kt-blocks-carousel-init .kb-slide-item, .kb-gallery-type-fluidcarousel.kb-gallery-id-_d7ddbc-8d .kt-blocks-carousel .kt-blocks-carousel-init .kb-slide-item, .kb-gallery-type-carousel .kt-blocks-carousel-init:not(.slick-initialized) .kb-slide-item {padding: 4px 5px;}.kb-gallery-type-fluidcarousel.kb-gallery-id-_d7ddbc-8d .kt-blocks-carousel .kt-blocks-carousel-init.kb-carousel-mode-align-left .kb-slide-item {padding: 4px 10px 4px 0;}.kb-gallery-type-carousel.kb-gallery-id-_d7ddbc-8d .kt-blocks-carousel .kt-blocks-carousel-init .slick-prev {left:5px;}.kb-gallery-type-carousel.kb-gallery-id-_d7ddbc-8d .kt-blocks-carousel .kt-blocks-carousel-init .slick-next {right:5px;}.kb-gallery-id-_d7ddbc-8d .kadence-blocks-gallery-item .kb-gal-image-radius {border-radius: 0px 0px 0px 0px;}<\/style>\n<div class=\"wp-block-kadence-advancedgallery kb-gallery-wrap-id-_d7ddbc-8d\"><div class=\"kb-gallery-ul kb-gallery-type-slider kb-gallery-id-_d7ddbc-8d kb-gallery-caption-style-bottom-hover kb-gallery-filter-none\" data-image-filter=\"none\" data-lightbox-caption=\"true\"><div class=\"kt-blocks-carousel kt-carousel-container-dotstyle-dark\"><div class=\"kt-blocks-carousel-init kb-blocks-slider kt-carousel-arrowstyle-whiteondark kt-carousel-dotstyle-dark\" data-slider-anim-speed=\"400\" data-slider-type=\"slider\" data-slider-scroll=\"1\" data-slider-arrows=\"true\" data-slider-dots=\"true\" data-slider-hover-pause=\"false\" data-slider-auto=\"false\" data-slider-speed=\"7000\"><div class=\"kb-slide-item kb-gallery-slide-item\"><div class=\"kadence-blocks-gallery-item\"><div class=\"kadence-blocks-gallery-item-inner\"><figure class=\"kb-gallery-figure kadence-blocks-gallery-item-hide-caption kb-has-image-ratio-land32\"><div class=\"kb-gal-image-radius\"><div class=\"kb-gallery-image-contain kadence-blocks-gallery-intrinsic kb-gallery-image-ratio-land32\"><img decoding=\"async\" loading=\"lazy\" src=\"https:\/\/www.echomachinery.com\/wp-content\/uploads\/2020\/08\/Lifting-Conveyor-Belt-.jpg\" width=\"1000\" height=\"666\" alt=\"Cinta transportadora de elevaci\u00f3n\" data-full-image=\"https:\/\/www.echomachinery.com\/wp-content\/uploads\/2020\/08\/Lifting-Conveyor-Belt-.jpg\" data-light-image=\"https:\/\/www.echomachinery.com\/wp-content\/uploads\/2020\/08\/Lifting-Conveyor-Belt-.jpg\" data-id=\"1919\" data-link=\"https:\/\/www.echomachinery.com\/packaging-machines\/relative-devices\/lifting-conveyor-belt\/attachment\/lifting-conveyor-belt-2\/\" class=\"wp-image-1919 skip-lazy\" srcset=\"https:\/\/www.echomachinery.com\/wp-content\/uploads\/2020\/08\/Lifting-Conveyor-Belt-.jpg 1000w, https:\/\/www.echomachinery.com\/wp-content\/uploads\/2020\/08\/Lifting-Conveyor-Belt--300x200.jpg 300w, https:\/\/www.echomachinery.com\/wp-content\/uploads\/2020\/08\/Lifting-Conveyor-Belt--150x100.jpg 150w, https:\/\/www.echomachinery.com\/wp-content\/uploads\/2020\/08\/Lifting-Conveyor-Belt--768x511.jpg 768w, https:\/\/www.echomachinery.com\/wp-content\/uploads\/2020\/08\/Lifting-Conveyor-Belt--600x400.jpg 600w, https:\/\/www.echomachinery.com\/wp-content\/uploads\/2020\/08\/Lifting-Conveyor-Belt--930x620.jpg 930w, https:\/\/www.echomachinery.com\/wp-content\/uploads\/2020\/08\/Lifting-Conveyor-Belt--272x182.jpg 272w\" sizes=\"(max-width: 1000px) 100vw, 1000px\" \/><\/div><\/div><\/figure><\/div><\/div><\/div><div class=\"kb-slide-item kb-gallery-slide-item\"><div class=\"kadence-blocks-gallery-item\"><div class=\"kadence-blocks-gallery-item-inner\"><figure class=\"kb-gallery-figure kadence-blocks-gallery-item-hide-caption kb-has-image-ratio-land32\"><div class=\"kb-gal-image-radius\"><div class=\"kb-gallery-image-contain kadence-blocks-gallery-intrinsic kb-gallery-image-ratio-land32\"><img decoding=\"async\" loading=\"lazy\" src=\"https:\/\/www.echomachinery.com\/wp-content\/uploads\/2022\/07\/Lifting-Conveyor-Belt.jpg\" width=\"1000\" height=\"666\" alt=\"Cinta transportadora de elevaci\u00f3n\" data-full-image=\"https:\/\/www.echomachinery.com\/wp-content\/uploads\/2022\/07\/Lifting-Conveyor-Belt.jpg\" data-light-image=\"https:\/\/www.echomachinery.com\/wp-content\/uploads\/2022\/07\/Lifting-Conveyor-Belt.jpg\" data-id=\"6040\" data-link=\"https:\/\/www.echomachinery.com\/packaging-machines\/relative-devices\/lifting-conveyor-belt\/attachment\/%e5%90%8d%e7%91%9e%e5%90%8e%e5%8d%8a%e9%83%a8%e5%88%860627-ok-2\/\" class=\"wp-image-6040 skip-lazy\" srcset=\"https:\/\/www.echomachinery.com\/wp-content\/uploads\/2022\/07\/Lifting-Conveyor-Belt.jpg 1000w, https:\/\/www.echomachinery.com\/wp-content\/uploads\/2022\/07\/Lifting-Conveyor-Belt-300x200.jpg 300w, https:\/\/www.echomachinery.com\/wp-content\/uploads\/2022\/07\/Lifting-Conveyor-Belt-768x511.jpg 768w, https:\/\/www.echomachinery.com\/wp-content\/uploads\/2022\/07\/Lifting-Conveyor-Belt-930x620.jpg 930w\" sizes=\"(max-width: 1000px) 100vw, 1000px\" \/><\/div><\/div><\/figure><\/div><\/div><\/div><\/div><\/div><\/div><\/div>\n<\/div><\/div>\n\n\n\n<div class=\"wp-block-kadence-column inner-column-2 kadence-column_011eaa-80\"><div class=\"kt-inside-inner-col\">\n<h3 id=\"0-mr8-200rwg\">Cinta transportadora de elevaci\u00f3n<\/h3>\n\n\n\n<figure class=\"wp-block-table is-style-regular\"><table><tbody><tr><td>pa\u00f1o<\/td><td class=\"has-text-align-left\" data-align=\"left\">400mm\/340mm(cintur\u00f3n)<\/td><\/tr><tr><td>Capacidad de elevaci\u00f3n<\/td><td class=\"has-text-align-left\" data-align=\"left\">4000L\/hora<\/td><\/tr><tr><td>tela<\/td><td class=\"has-text-align-left\" data-align=\"left\">Acero inoxidable 304<\/td><\/tr><tr><td>voltaje<\/td><td class=\"has-text-align-left\" data-align=\"left\">220\/380V<\/td><\/tr><tr><td>Fuerza<\/td><td class=\"has-text-align-left\" data-align=\"left\">1kw<\/td><\/tr><\/tbody><\/table><\/figure>\n<\/div><\/div>\n<\/div><\/div><\/div>\n\n\n\n<hr class=\"wp-block-separator\"\/>\n\n\n\n<p>La cinta transportadora de elevaci\u00f3n se usa ampliamente en productos con buenas fluidez, como dulces, alimentos congelados, vegetales, productos qu\u00edmicos, etc., para transportar autom\u00e1ticamente materiales de lugares bajos a altos.<\/p>\n\n\n\n<p>Esta m\u00e1quina adopta el transporte de correa de malla plana, que se puede utilizar solo o con la m\u00e1quina de envasado para completar el transporte del producto.<\/p>\n\n\n\n<div class=\"is-layout-flow wp-block-group\"><div class=\"wp-block-group__inner-container\"><div class=\"wp-block-ub-styled-box ub-styled-box ub-notification-box\" id=\"ub-styled-box-f08d37cb-0fe1-4293-a5e3-e776dbfda7f9\">\n\n\n<p id=\"ub-styled-box-notification-content-\"><em>Esta m\u00e1quina se puede seleccionar tipo de material: placa de cadena de PVC, correa de PVC\/PU, cadena de malla de acero inoxidable 304#, placa de cadena de acero inoxidable 304#, etc.<\/em><\/p>\n\n\n<\/div><\/div><\/div>","protected":false},"excerpt":{"rendered":"<p>Lifting Conveyor Belt Widths 400mm\/340mm(belt) Lifting capacity 4000L\/hour Material 304 stainless steel voltage 220\/380V Power 1kw Lifting Conveyor Belt is widely used in products with good flowabilities, such as candy, frozen foods, vegetables, chemicals, etc., to automatically convey materials from low to high places. This machine adopts plane mesh belt conveying, which can be used&hellip;&nbsp;<a href=\"https:\/\/www.echomachinery.com\/es\/packaging-machines\/relative-devices\/lifting-conveyor-belt\/\" class=\"\" rel=\"bookmark\">Leer m\u00e1s \u00bb<span class=\"screen-reader-text\">Cinta transportadora de elevaci\u00f3n<\/span><\/a><\/p>","protected":false},"author":1,"featured_media":1919,"parent":1314,"menu_order":0,"comment_status":"closed","ping_status":"closed","template":"page-templates\/product.php","meta":{"inline_featured_image":false,"ub_ctt_via":"","kt_blocks_editor_width":""},"aioseo_notices":[],"featured_image_src":"https:\/\/www.echomachinery.com\/wp-content\/uploads\/2020\/08\/Lifting-Conveyor-Belt-.jpg","_links":{"self":[{"href":"https:\/\/www.echomachinery.com\/es\/wp-json\/wp\/v2\/pages\/1918"}],"collection":[{"href":"https:\/\/www.echomachinery.com\/es\/wp-json\/wp\/v2\/pages"}],"about":[{"href":"https:\/\/www.echomachinery.com\/es\/wp-json\/wp\/v2\/types\/page"}],"author":[{"embeddable":true,"href":"https:\/\/www.echomachinery.com\/es\/wp-json\/wp\/v2\/users\/1"}],"replies":[{"embeddable":true,"href":"https:\/\/www.echomachinery.com\/es\/wp-json\/wp\/v2\/comments?post=1918"}],"version-history":[{"count":0,"href":"https:\/\/www.echomachinery.com\/es\/wp-json\/wp\/v2\/pages\/1918\/revisions"}],"up":[{"embeddable":true,"href":"https:\/\/www.echomachinery.com\/es\/wp-json\/wp\/v2\/pages\/1314"}],"wp:featuredmedia":[{"embeddable":true,"href":"https:\/\/www.echomachinery.com\/es\/wp-json\/wp\/v2\/media\/1919"}],"wp:attachment":[{"href":"https:\/\/www.echomachinery.com\/es\/wp-json\/wp\/v2\/media?parent=1918"}],"curies":[{"name":"pp","href":"https:\/\/api.w.org\/{rel}","templated":true}]}}