{"id":2177,"date":"2020-09-25T00:26:39","date_gmt":"2020-09-25T00:26:39","guid":{"rendered":"https:\/\/www.echomachinery.com\/?page_id=2177"},"modified":"2022-08-03T03:03:50","modified_gmt":"2022-08-03T01:03:50","slug":"automatic-bread-packing-machine","status":"publish","type":"page","link":"https:\/\/www.echomachinery.com\/es\/industries\/automatic-bread-packing-machine\/","title":{"rendered":"M\u00e1quina autom\u00e1tica para envasar pan"},"content":{"rendered":"<p>Existen muchos tipos de pan, y podemos clasificarlos seg\u00fan su tama\u00f1o y forma. La m\u00e1quina de envasado en bolsas prefabricadas puede procesar la mayor\u00eda de los panes, siempre que no exceda su tama\u00f1o m\u00e1ximo de envasado y proporcione bolsas de mejor calidad. La m\u00e1quina de envasado HFFS puede envasar de manera eficiente panes de mayor tama\u00f1o o con formas espec\u00edficas.<\/p>\n\n\n\n<hr class=\"wp-block-separator is-style-wide\"\/>\n\n\n\n<div class=\"wp-block-kadence-rowlayout alignnone\"><div id=\"kt-layout-id_552972-8c\" class=\"kt-row-layout-inner kt-layout-id_552972-8c\"><div class=\"kt-row-column-wrap kt-has-2-columns kt-gutter-default kt-v-gutter-default kt-row-valign-middle kt-row-layout-right-golden kt-tab-layout-inherit kt-m-colapse-left-to-right kt-mobile-layout-row\">\n<div class=\"wp-block-kadence-column inner-column-1 kadence-column_0a0702-42\"><div class=\"kt-inside-inner-col\">\n<figure class=\"wp-block-image size-large\"><a href=\"https:\/\/www.echomachinery.com\/es\/packaging-machines\/horizontal-form-fill-seal-machine\/\"><img decoding=\"async\" loading=\"lazy\" width=\"300\" height=\"300\" src=\"https:\/\/www.echomachinery.com\/wp-content\/uploads\/2020\/06\/dxd-380-300.jpg\" alt=\"M\u00e1quina HFFS dxd-380\" class=\"wp-image-1350\" srcset=\"https:\/\/www.echomachinery.com\/wp-content\/uploads\/2020\/06\/dxd-380-300.jpg 300w, https:\/\/www.echomachinery.com\/wp-content\/uploads\/2020\/06\/dxd-380-300-150x150.jpg 150w\" sizes=\"(max-width: 300px) 100vw, 300px\" \/><\/a><\/figure>\n<\/div><\/div>\n\n\n\n<div class=\"wp-block-kadence-column inner-column-2 kadence-column_c0b5e0-e6\"><div class=\"kt-inside-inner-col\">\n<div class=\"product\">\n    <span class=\"product-series\">SERIE DXD-300\/380\/630<\/span>\n    <a href=\"\/es\/packaging-machines\/horizontal-form-fill-seal-machine\/\"><h2 class=\"product-name\">M\u00e1quina autom\u00e1tica de envasado de pan HFFS<\/h2><\/a>\n    <span class=\"product-features\">\n        <span class=\"product-features-main\">Paquete de bloques m\u00e1s grande<\/span>\n        <span class=\"product-speed\">Hasta 290 bolsas\/min<\/span>\n    <\/span>\n    <span class=\"product-description\">Utilice la m\u00e1quina de formado, llenado y sellado horizontal para envasar panes de mayor tama\u00f1o o con formas espec\u00edficas a la perfecci\u00f3n. El v\u00eddeo muestra el estilo m\u00e1s b\u00e1sico; puede dise\u00f1ar la bolsa de embalaje para impulsar las ventas.<\/span>\n<\/div>\n<\/div><\/div>\n<\/div><\/div><\/div>\n\n\n\n<figure class=\"wp-block-embed is-type-video is-provider-youtube wp-block-embed-youtube wp-embed-aspect-16-9 wp-has-aspect-ratio\"><div class=\"wp-block-embed__wrapper\">\n<div class=\"nv-iframe-embed\"><iframe loading=\"lazy\" title=\"M\u00e1quina autom\u00e1tica horizontal de envasado de pan tipo almohada DXD630 HFFS | ECHO MACHINERY\" width=\"1090\" height=\"613\" src=\"https:\/\/www.youtube.com\/embed\/SrbvXm5FbNs?feature=oembed\" frameborder=\"0\" allow=\"accelerometer; autoplay; clipboard-write; encrypted-media; gyroscope; picture-in-picture\" allowfullscreen><\/iframe><\/div>\n<\/div><\/figure>\n\n\n\n<hr class=\"wp-block-separator is-style-wide\"\/>\n\n\n\n<div class=\"wp-block-kadence-rowlayout alignnone\"><div id=\"kt-layout-id_25fda6-2d\" class=\"kt-row-layout-inner kt-layout-id_25fda6-2d\"><div class=\"kt-row-column-wrap kt-has-2-columns kt-gutter-default kt-v-gutter-default kt-row-valign-middle kt-row-layout-right-golden kt-tab-layout-inherit kt-m-colapse-left-to-right kt-mobile-layout-row\">\n<div class=\"wp-block-kadence-column inner-column-1 kadence-column_400c30-da\"><div class=\"kt-inside-inner-col\">\n<figure class=\"wp-block-image size-large\"><a href=\"https:\/\/www.echomachinery.com\/es\/packaging-machines\/premade-pouch-packing-machine\/\"><img decoding=\"async\" loading=\"lazy\" width=\"300\" height=\"300\" src=\"https:\/\/www.echomachinery.com\/wp-content\/uploads\/2020\/06\/MR8-200RW-300.jpg\" alt=\"M\u00e1quina de envasado MR8-200RW-300\" class=\"wp-image-1351\" srcset=\"https:\/\/www.echomachinery.com\/wp-content\/uploads\/2020\/06\/MR8-200RW-300.jpg 300w, https:\/\/www.echomachinery.com\/wp-content\/uploads\/2020\/06\/MR8-200RW-300-150x150.jpg 150w\" sizes=\"(max-width: 300px) 100vw, 300px\" \/><\/a><\/figure>\n<\/div><\/div>\n\n\n\n<div class=\"wp-block-kadence-column inner-column-2 kadence-column_bc071e-2d\"><div class=\"kt-inside-inner-col\">\n<div class=\"product\">\n    <span class=\"product-series\">SERIE MR8-300\/200RW<\/span>\n    <a href=\"\/es\/packaging-machines\/premade-pouch-packing-machine\/\"><h2 class=\"product-name\">M\u00e1quina de envasado de bolsas prefabricadas de pan<\/h2><\/a>\n    <span class=\"product-features\">\n        <span class=\"product-features-main\">Presentado en un hermoso empaque<\/span>\n        <span class=\"product-speed\">Hasta 80 bolsas\/min<\/span>\n    <\/span>\n    <span class=\"product-description\">La m\u00e1quina de envasado en bolsas prefabricadas puede envasar la mayor\u00eda de los productos a gran velocidad. Elegir las bolsas prefabricadas adecuadas puede mejorar notablemente la apariencia y la facilidad de uso para los consumidores.<\/span>\n<\/div>\n<\/div><\/div>\n<\/div><\/div><\/div>\n\n\n\n<hr class=\"wp-block-separator is-style-wide\"\/>\n\n\n<style id=\"kt-blocks_dff2ba-4b\">#kt-layout-id_dff2ba-4b > .kt-row-column-wrap{padding-top:0px;padding-bottom:0px;}<\/style>\n<div class=\"wp-block-kadence-rowlayout alignnone\"><div id=\"kt-layout-id_dff2ba-4b\" class=\"kt-row-layout-inner kt-layout-id_dff2ba-4b\"><div class=\"kt-row-column-wrap kt-has-2-columns kt-gutter-default kt-v-gutter-default kt-row-valign-middle kt-row-layout-right-golden kt-tab-layout-inherit kt-m-colapse-left-to-right kt-mobile-layout-row\">\n<div class=\"wp-block-kadence-column inner-column-1 kadence-column_5a1f42-92\"><div class=\"kt-inside-inner-col\">\n<figure class=\"wp-block-image size-full\"><a href=\"https:\/\/www.echomachinery.com\/es\/packaging-machines\/automatic-tray-sealing-machine\/\"><img decoding=\"async\" loading=\"lazy\" width=\"300\" height=\"300\" src=\"https:\/\/www.echomachinery.com\/wp-content\/uploads\/2022\/08\/\u8d44\u6e90-9@4x-100111-\u526f\u672c-1.jpg\" alt=\"\" class=\"wp-image-6086\" srcset=\"https:\/\/www.echomachinery.com\/wp-content\/uploads\/2022\/08\/\u8d44\u6e90-9@4x-100111-\u526f\u672c-1.jpg 300w, https:\/\/www.echomachinery.com\/wp-content\/uploads\/2022\/08\/\u8d44\u6e90-9@4x-100111-\u526f\u672c-1-150x150.jpg 150w\" sizes=\"(max-width: 300px) 100vw, 300px\" \/><\/a><\/figure>\n<\/div><\/div>\n\n\n\n<div class=\"wp-block-kadence-column inner-column-2 kadence-column_1b3df6-32\"><div class=\"kt-inside-inner-col\">\n<div class=\"product\">\n    <span class=\"product-series\">TA-350<\/span>\n    <a href=\"\/es\/packaging-machines\/automatic-tray-sealing-machine\/\"><h2 class=\"product-name\">M\u00e1quina selladora autom\u00e1tica de bandejas<\/h2><\/a>\n    <span class=\"product-features\">\n        <span class=\"product-features-main\">Sellado de bandejas<\/span>\n        <span class=\"product-speed\">Hasta 12 ciclos\/min<\/span>\n    <\/span>\n    <span class=\"product-description\">Sistema de control totalmente inteligente, de f\u00e1cil acceso a la l\u00ednea de producci\u00f3n y para cambiar par\u00e1metros. Dispone de dos modos de sellado: modo de presi\u00f3n y modo de tiempo, que se pueden seleccionar libremente.<\/span>\n<\/div>\n<\/div><\/div>\n<\/div><\/div><\/div>\n\n\n\n<div class=\"wp-block-kadence-rowlayout alignnone\"><div id=\"kt-layout-id_3e01f3-05\" class=\"kt-row-layout-inner kt-layout-id_3e01f3-05\"><div class=\"kt-row-column-wrap kt-has-3-columns kt-gutter-default kt-v-gutter-default kt-row-valign-top kt-row-layout-equal kt-tab-layout-inherit kt-m-colapse-left-to-right kt-mobile-layout-row\">\n<div class=\"wp-block-kadence-column inner-column-1 kadence-column_7c833a-51\"><div class=\"kt-inside-inner-col\">\n<a class=\"industries-link\" href=\"\/es\/industries\/liquid-packing-solution\/\"><div class=\"industries-image liquid\"> <div class=\"industries-content\"> <h3 class=\"industries-title\">L\u00edquido<\/h3>  <\/div><\/div>\n<\/a>\n<\/div><\/div>\n\n\n\n<div class=\"wp-block-kadence-column inner-column-2 kadence-column_319624-11\"><div class=\"kt-inside-inner-col\">\n<a class=\"industries-link\" href=\"\/es\/industries\/powder-packing-solution\/\"><div class=\"industries-image powder\"> <div class=\"industries-content\"> <h3 class=\"industries-title\">Polvo<\/h3><\/div><\/div>\n<\/a>\n<\/div><\/div>\n\n\n\n<div class=\"wp-block-kadence-column inner-column-3 kadence-column_b1f2e3-9e\"><div class=\"kt-inside-inner-col\">\n<a class=\"industries-link\" href=\"\/es\/industries\/granule-packing-solution\/\"><div class=\"industries-image granule\"> <div class=\"industries-content\"> <h3 class=\"industries-title\">Gr\u00e1nulo<\/h3><\/div><\/div>\n<\/a>\n<\/div><\/div>\n<\/div><\/div><\/div>","protected":false},"excerpt":{"rendered":"<p>There are many types of bread, and we can classify them according to their size and shape. Premade Pouch Packaging Machine can handle most breads, as long as it does not exceed its maximum packaging size and provides better packaging bags, HFFS Packing Machine can efficiently package larger or specific shape breads. DXD-300\/380\/630 SERIES Automatic&hellip;&nbsp;<a href=\"https:\/\/www.echomachinery.com\/es\/industries\/automatic-bread-packing-machine\/\" class=\"\" rel=\"bookmark\">Leer m\u00e1s \u00bb<span class=\"screen-reader-text\">M\u00e1quina autom\u00e1tica para envasar pan<\/span><\/a><\/p>","protected":false},"author":1,"featured_media":0,"parent":1640,"menu_order":99,"comment_status":"closed","ping_status":"closed","template":"page-templates\/product.php","meta":{"inline_featured_image":false,"ub_ctt_via":"","kt_blocks_editor_width":""},"aioseo_notices":[],"featured_image_src":null,"_links":{"self":[{"href":"https:\/\/www.echomachinery.com\/es\/wp-json\/wp\/v2\/pages\/2177"}],"collection":[{"href":"https:\/\/www.echomachinery.com\/es\/wp-json\/wp\/v2\/pages"}],"about":[{"href":"https:\/\/www.echomachinery.com\/es\/wp-json\/wp\/v2\/types\/page"}],"author":[{"embeddable":true,"href":"https:\/\/www.echomachinery.com\/es\/wp-json\/wp\/v2\/users\/1"}],"replies":[{"embeddable":true,"href":"https:\/\/www.echomachinery.com\/es\/wp-json\/wp\/v2\/comments?post=2177"}],"version-history":[{"count":0,"href":"https:\/\/www.echomachinery.com\/es\/wp-json\/wp\/v2\/pages\/2177\/revisions"}],"up":[{"embeddable":true,"href":"https:\/\/www.echomachinery.com\/es\/wp-json\/wp\/v2\/pages\/1640"}],"wp:attachment":[{"href":"https:\/\/www.echomachinery.com\/es\/wp-json\/wp\/v2\/media?parent=2177"}],"curies":[{"name":"pp","href":"https:\/\/api.w.org\/{rel}","templated":true}]}}