{"id":2180,"date":"2020-10-05T01:01:57","date_gmt":"2020-10-05T01:01:57","guid":{"rendered":"https:\/\/www.echomachinery.com\/?page_id=2180"},"modified":"2022-08-03T03:06:40","modified_gmt":"2022-08-03T01:06:40","slug":"cheese-packaging-machine","status":"publish","type":"page","link":"https:\/\/www.echomachinery.com\/es\/industries\/cheese-packaging-machine\/","title":{"rendered":"M\u00e1quina envasadora de queso"},"content":{"rendered":"<p>El queso es un poco especial en la industria del embalaje. El queso rallado es pegajoso hace que algunas m\u00e1quinas no puedan manejarlo. Sin embargo, lo hemos resuelto por diversos medios, ya sea <strong>rodaja de queso<\/strong>, <strong>tabernero <\/strong>o <strong>queso rallado<\/strong> Embalaje, tambi\u00e9n consideraremos la escala de producci\u00f3n del cliente, las capacidades de garant\u00eda de calidad, el precio del producto y otros factores, elige el equipo adecuado para usted.<\/p>\n\n\n\n<hr class=\"wp-block-separator is-style-wide\"\/>\n\n\n\n<div class=\"wp-block-kadence-rowlayout alignnone\"><div id=\"kt-layout-id_25fda6-2d\" class=\"kt-row-layout-inner kt-layout-id_25fda6-2d\"><div class=\"kt-row-column-wrap kt-has-2-columns kt-gutter-default kt-v-gutter-default kt-row-valign-middle kt-row-layout-right-golden kt-tab-layout-inherit kt-m-colapse-left-to-right kt-mobile-layout-row\">\n<div class=\"wp-block-kadence-column inner-column-1 kadence-column_400c30-da\"><div class=\"kt-inside-inner-col\">\n<figure class=\"wp-block-image size-large\"><a href=\"https:\/\/www.echomachinery.com\/es\/packaging-machines\/premade-pouch-packing-machine\/\"><img decoding=\"async\" loading=\"lazy\" width=\"300\" height=\"300\" src=\"https:\/\/www.echomachinery.com\/wp-content\/uploads\/2020\/06\/MR8-200RW-300.jpg\" alt=\"M\u00e1quina de envasado MR8-200RW-300\" class=\"wp-image-1351\" srcset=\"https:\/\/www.echomachinery.com\/wp-content\/uploads\/2020\/06\/MR8-200RW-300.jpg 300w, https:\/\/www.echomachinery.com\/wp-content\/uploads\/2020\/06\/MR8-200RW-300-150x150.jpg 150w\" sizes=\"(max-width: 300px) 100vw, 300px\" \/><\/a><\/figure>\n<\/div><\/div>\n\n\n\n<div class=\"wp-block-kadence-column inner-column-2 kadence-column_bc071e-2d\"><div class=\"kt-inside-inner-col\">\n<div class=\"product\">\n    <span class=\"product-series\">SERIE MR8-300\/200RW<\/span>\n    <a href=\"\/es\/packaging-machines\/premade-pouch-packing-machine\/\"><h2 class=\"product-name\">M\u00e1quina de envasado de queso de bolsa prefabricada<\/h2><\/a>\n    <span class=\"product-features\">\n        <span class=\"product-features-main\">Presentado en un hermoso empaque<\/span>\n        <span class=\"product-speed\">Hasta 80 bolsas\/min<\/span>\n    <\/span>\n    <span class=\"product-description\">Esta soluci\u00f3n es buena en esos quesos peque\u00f1os. (como queso rallado, gr\u00e1nulo de queso) Primero, el material se colocar\u00e1 en un pesador de cabezas m\u00faltiples usando un alimentador, y el pesador de cabezal se usa para completar el pesaje y luego llenar la bolsa para completar el empaque. Esta l\u00ednea de embalaje pesa con precisi\u00f3n, el estilo de la bolsa de embalaje puede ser altamente personalizado y tiene una velocidad m\u00e1s r\u00e1pida.<br><br>Cabe mencionar que debido a la pegajosidad del queso, nuestro pesador de cabezal adopta el tratamiento de recubrimiento de tefl\u00f3n, lo que hace que el proceso de pesaje sea perfecto. Adem\u00e1s, en la etapa de sellado, tambi\u00e9n agregamos pasos de llenado de nitr\u00f3geno para prolongar la vida \u00fatil de los alimentos.<br><br>Por supuesto, la m\u00e1quina empaquetadora de bolsas prefabricadas tambi\u00e9n puede empacar bloques de quesos m\u00e1s grandes, solo reemplace el pesador de cabezal m\u00faltiple con un relleno de taza manual, use una m\u00e1quina empaquetada de bolsa prefabricada para obtener una apariencia de empaque m\u00e1s hermosa.<\/span>\n<\/div>\n<\/div><\/div>\n<\/div><\/div><\/div>\n\n\n\n<figure class=\"wp-block-embed is-type-video is-provider-youtube wp-block-embed-youtube wp-embed-aspect-16-9 wp-has-aspect-ratio\"><div class=\"wp-block-embed__wrapper\">\n<div class=\"nv-iframe-embed\"><iframe loading=\"lazy\" title=\"M\u00e1quina envasadora de queso triturado con pesaje de recubrimiento de tefl\u00f3n | Echo Machinery\" width=\"1090\" height=\"613\" src=\"https:\/\/www.youtube.com\/embed\/-rSajDySgzw?feature=oembed\" frameborder=\"0\" allow=\"accelerometer; autoplay; clipboard-write; encrypted-media; gyroscope; picture-in-picture\" allowfullscreen><\/iframe><\/div>\n<\/div><\/figure>\n\n\n\n<hr class=\"wp-block-separator is-style-wide\"\/>\n\n\n<style id=\"kt-blocks_dff2ba-4b\">#kt-layout-id_dff2ba-4b > .kt-row-column-wrap{padding-top:0px;padding-bottom:0px;}<\/style>\n<div class=\"wp-block-kadence-rowlayout alignnone\"><div id=\"kt-layout-id_dff2ba-4b\" class=\"kt-row-layout-inner kt-layout-id_dff2ba-4b\"><div class=\"kt-row-column-wrap kt-has-2-columns kt-gutter-default kt-v-gutter-default kt-row-valign-middle kt-row-layout-right-golden kt-tab-layout-inherit kt-m-colapse-left-to-right kt-mobile-layout-row\">\n<div class=\"wp-block-kadence-column inner-column-1 kadence-column_5a1f42-92\"><div class=\"kt-inside-inner-col\">\n<figure class=\"wp-block-image size-full\"><a href=\"https:\/\/www.echomachinery.com\/es\/packaging-machines\/automatic-tray-sealing-machine\/\"><img decoding=\"async\" loading=\"lazy\" width=\"300\" height=\"300\" src=\"https:\/\/www.echomachinery.com\/wp-content\/uploads\/2022\/08\/\u8d44\u6e90-9@4x-100111-\u526f\u672c-1.jpg\" alt=\"\" class=\"wp-image-6086\" srcset=\"https:\/\/www.echomachinery.com\/wp-content\/uploads\/2022\/08\/\u8d44\u6e90-9@4x-100111-\u526f\u672c-1.jpg 300w, https:\/\/www.echomachinery.com\/wp-content\/uploads\/2022\/08\/\u8d44\u6e90-9@4x-100111-\u526f\u672c-1-150x150.jpg 150w\" sizes=\"(max-width: 300px) 100vw, 300px\" \/><\/a><\/figure>\n<\/div><\/div>\n\n\n\n<div class=\"wp-block-kadence-column inner-column-2 kadence-column_1b3df6-32\"><div class=\"kt-inside-inner-col\">\n<div class=\"product\">\n    <span class=\"product-series\">TA-350<\/span>\n    <a href=\"\/es\/packaging-machines\/automatic-tray-sealing-machine\/\"><h2 class=\"product-name\">M\u00e1quina selladora autom\u00e1tica de bandejas<\/h2><\/a>\n    <span class=\"product-features\">\n        <span class=\"product-features-main\">Sellado de bandejas<\/span>\n        <span class=\"product-speed\">Hasta 12 ciclos\/min<\/span>\n    <\/span>\n    <span class=\"product-description\">Sistema de control totalmente inteligente, de f\u00e1cil acceso a la l\u00ednea de producci\u00f3n y para cambiar par\u00e1metros. Dispone de dos modos de sellado: modo de presi\u00f3n y modo de tiempo, que se pueden seleccionar libremente.<\/span>\n<\/div>\n<\/div><\/div>\n<\/div><\/div><\/div>\n\n\n\n<hr class=\"wp-block-separator is-style-wide\"\/>\n\n\n\n<div class=\"wp-block-kadence-rowlayout alignnone\"><div id=\"kt-layout-id_552972-8c\" class=\"kt-row-layout-inner kt-layout-id_552972-8c\"><div class=\"kt-row-column-wrap kt-has-2-columns kt-gutter-default kt-v-gutter-default kt-row-valign-middle kt-row-layout-right-golden kt-tab-layout-inherit kt-m-colapse-left-to-right kt-mobile-layout-row\">\n<div class=\"wp-block-kadence-column inner-column-1 kadence-column_0a0702-42\"><div class=\"kt-inside-inner-col\">\n<figure class=\"wp-block-image size-large\"><a href=\"https:\/\/www.echomachinery.com\/es\/packaging-machines\/horizontal-form-fill-seal-machine\/\"><img decoding=\"async\" loading=\"lazy\" width=\"300\" height=\"300\" src=\"https:\/\/www.echomachinery.com\/wp-content\/uploads\/2020\/06\/dxd-380-300.jpg\" alt=\"M\u00e1quina HFFS dxd-380\" class=\"wp-image-1350\" srcset=\"https:\/\/www.echomachinery.com\/wp-content\/uploads\/2020\/06\/dxd-380-300.jpg 300w, https:\/\/www.echomachinery.com\/wp-content\/uploads\/2020\/06\/dxd-380-300-150x150.jpg 150w\" sizes=\"(max-width: 300px) 100vw, 300px\" \/><\/a><\/figure>\n<\/div><\/div>\n\n\n\n<div class=\"wp-block-kadence-column inner-column-2 kadence-column_c0b5e0-e6\"><div class=\"kt-inside-inner-col\">\n<div class=\"product\">\n    <span class=\"product-series\">SERIE DXD-300\/380\/630<\/span>\n    <a href=\"\/es\/packaging-machines\/horizontal-form-fill-seal-machine\/\"><h2 class=\"product-name\">M\u00e1quina de envasado de bloques de que<\/h2><\/a>\n    <span class=\"product-features\">\n        <span class=\"product-features-main\">Paquete de bloques m\u00e1s grande<\/span>\n        <span class=\"product-speed\">Hasta 290 bolsas\/min<\/span>\n    <\/span>\n    <span class=\"product-description\">La m\u00e1quina de llenado y sellado de forma horizontal puede empaquetar f\u00e1cilmente bloques de queso m\u00e1s grandes. Tiene una excelente velocidad de empaquetado y bajo costo. Como soluci\u00f3n com\u00fan, ha sido muy madura. Tenemos muchos modelos que cubren la mayor\u00eda de los tama\u00f1os.<\/span>\n<\/div>\n<\/div><\/div>\n<\/div><\/div><\/div>\n\n\n\n<hr class=\"wp-block-separator is-style-wide\"\/>\n\n\n\n<div class=\"wp-block-kadence-rowlayout alignnone\"><div id=\"kt-layout-id_a3fc37-61\" class=\"kt-row-layout-inner kt-layout-id_a3fc37-61\"><div class=\"kt-row-column-wrap kt-has-2-columns kt-gutter-default kt-v-gutter-default kt-row-valign-middle kt-row-layout-right-golden kt-tab-layout-inherit kt-m-colapse-left-to-right kt-mobile-layout-row\">\n<div class=\"wp-block-kadence-column inner-column-1 kadence-column_c77903-4e\"><div class=\"kt-inside-inner-col\">\n<figure class=\"wp-block-image size-large\"><a href=\"https:\/\/www.echomachinery.com\/es\/packaging-machines\/vertical-form-fill-seal-machine\/\"><img decoding=\"async\" loading=\"lazy\" width=\"300\" height=\"300\" src=\"https:\/\/www.echomachinery.com\/wp-content\/uploads\/2020\/06\/ec420520720-300.jpg\" alt=\"M\u00e1quina VFFS\" class=\"wp-image-1349\" srcset=\"https:\/\/www.echomachinery.com\/wp-content\/uploads\/2020\/06\/ec420520720-300.jpg 300w, https:\/\/www.echomachinery.com\/wp-content\/uploads\/2020\/06\/ec420520720-300-150x150.jpg 150w\" sizes=\"(max-width: 300px) 100vw, 300px\" \/><\/a><\/figure>\n<\/div><\/div>\n\n\n\n<div class=\"wp-block-kadence-column inner-column-2 kadence-column_5f681c-e6\"><div class=\"kt-inside-inner-col\">\n<div class=\"product\">\n    <span class=\"product-series\">SERIE EC-420\/520\/720<\/span>\n    <a href=\"\/es\/packaging-machines\/vertical-form-fill-seal-machine\/\"><h2 class=\"product-name\">M\u00e1quina envasadora de queso desmenuzado<\/h2><\/a>\n    <span class=\"product-features\">\n        <span class=\"product-features-main\">Precio bajo<\/span>\n        <span class=\"product-speed\">Hasta 60 bolsas\/min<\/span>\n    <\/span>\n    <span class=\"product-description\">La m\u00e1quina de llenado y sellado vertical puede empaquetar queso desmenuzado y gr\u00e1nulos de queso. Esta soluci\u00f3n es similar a la m\u00e1quina de envasado de bolsa prefabricada. Utiliza un pesaje multicabezal recubierto de tefl\u00f3n para pesar, pero sus costos de empaque son m\u00e1s bajos y m\u00e1s r\u00e1pidos.<\/span>\n<\/div>\n<\/div><\/div>\n<\/div><\/div><\/div>\n\n\n\n<hr class=\"wp-block-separator is-style-wide\"\/>\n\n\n\n<div class=\"wp-block-kadence-rowlayout alignnone\"><div id=\"kt-layout-id_c1f587-53\" class=\"kt-row-layout-inner kt-layout-id_c1f587-53\"><div class=\"kt-row-column-wrap kt-has-2-columns kt-gutter-default kt-v-gutter-default kt-row-valign-middle kt-row-layout-right-golden kt-tab-layout-inherit kt-m-colapse-left-to-right kt-mobile-layout-row\">\n<div class=\"wp-block-kadence-column inner-column-1 kadence-column_83a629-b8\"><div class=\"kt-inside-inner-col\">\n<figure class=\"wp-block-image size-large\"><a href=\"https:\/\/www.echomachinery.com\/es\/packaging-machines\/automatic-vacuum-packaging-machine\/\"><img decoding=\"async\" loading=\"lazy\" width=\"300\" height=\"300\" src=\"https:\/\/www.echomachinery.com\/wp-content\/uploads\/2020\/06\/MRZK-120-300.jpg\" alt=\"M\u00e1quina de envasado al vac\u00edo MRZK-120-300\" class=\"wp-image-1352\" srcset=\"https:\/\/www.echomachinery.com\/wp-content\/uploads\/2020\/06\/MRZK-120-300.jpg 300w, https:\/\/www.echomachinery.com\/wp-content\/uploads\/2020\/06\/MRZK-120-300-150x150.jpg 150w\" sizes=\"(max-width: 300px) 100vw, 300px\" \/><\/a><\/figure>\n<\/div><\/div>\n\n\n\n<div class=\"wp-block-kadence-column inner-column-2 kadence-column_8b08c9-e8\"><div class=\"kt-inside-inner-col\">\n<div class=\"product\">\n    <span class=\"product-series\">SERIE MRZK<\/span>\n    <a href=\"\/es\/packaging-machines\/automatic-vacuum-packaging-machine\/\"><h2 class=\"product-name\">M\u00e1quina autom\u00e1tica de envasado de gr\u00e1nulos al vac\u00edo<\/h2><\/a>\n    <span class=\"product-features\">\n        <span class=\"product-features-main\">Envase al vac\u00edo<\/span>\n        <span class=\"product-speed\">Hasta 80 bolsas\/min<\/span>\n    <\/span>\n    <span class=\"product-description\">Se proporciona una m\u00e1quina de envasado al vac\u00edo de queso para aquellos clientes que desean prolongar la vida \u00fatil. Nuestra m\u00e1quina de envasado al vac\u00edo se basa en el dise\u00f1o de la m\u00e1quina de envasado de bolsa prefabricada para que pueda ser envasada al vac\u00edo al mismo tiempo que mantenga una velocidad considerable.<\/span>\n<\/div>\n<\/div><\/div>\n<\/div><\/div><\/div>\n\n\n\n<div class=\"wp-block-kadence-rowlayout alignnone\"><div id=\"kt-layout-id_93385c-d3\" class=\"kt-row-layout-inner kt-layout-id_93385c-d3\"><div class=\"kt-row-column-wrap kt-has-3-columns kt-gutter-default kt-v-gutter-default kt-row-valign-top kt-row-layout-equal kt-tab-layout-inherit kt-m-colapse-left-to-right kt-mobile-layout-row\">\n<div class=\"wp-block-kadence-column inner-column-1 kadence-column_c52212-75\"><div class=\"kt-inside-inner-col\">\n<a class=\"industries-link\" href=\"\/es\/industries\/liquid-packing-solution\/\"><div class=\"industries-image liquid\"> <div class=\"industries-content\"> <h3 class=\"industries-title\">L\u00edquido<\/h3>  <\/div><\/div>\n<\/a>\n<\/div><\/div>\n\n\n\n<div class=\"wp-block-kadence-column inner-column-2 kadence-column_fc349c-aa\"><div class=\"kt-inside-inner-col\">\n<a class=\"industries-link\" href=\"\/es\/industries\/powder-packing-solution\/\"><div class=\"industries-image powder\"> <div class=\"industries-content\"> <h3 class=\"industries-title\">Polvo<\/h3><\/div><\/div>\n<\/a>\n<\/div><\/div>\n\n\n\n<div class=\"wp-block-kadence-column inner-column-3 kadence-column_ee4ea2-13\"><div class=\"kt-inside-inner-col\">\n<a class=\"industries-link\" href=\"\/es\/industries\/granule-packing-solution\/\"><div class=\"industries-image granule\"> <div class=\"industries-content\"> <h3 class=\"industries-title\">Gr\u00e1nulo<\/h3><\/div><\/div>\n<\/a>\n<\/div><\/div>\n<\/div><\/div><\/div>","protected":false},"excerpt":{"rendered":"<p>El queso es un poco especial en la industria del embalaje. El queso rallado es pegajoso hace que algunas m\u00e1quinas no puedan manejarlo. Sin embargo, lo hemos resuelto por varios medios, ya sea rebanada de queso, bloque de queso o envasado de queso rallado, tambi\u00e9n consideraremos la escala de producci\u00f3n del cliente, las capacidades de garant\u00eda de calidad, el precio del producto y otros factores, ...&nbsp;<a href=\"https:\/\/www.echomachinery.com\/es\/industries\/cheese-packaging-machine\/\" class=\"\" rel=\"bookmark\">Leer m\u00e1s \u00bb<span class=\"screen-reader-text\">M\u00e1quina envasadora de queso<\/span><\/a><\/p>","protected":false},"author":1,"featured_media":0,"parent":1640,"menu_order":1100,"comment_status":"closed","ping_status":"closed","template":"page-templates\/product.php","meta":{"inline_featured_image":false,"ub_ctt_via":"","kt_blocks_editor_width":""},"aioseo_notices":[],"featured_image_src":null,"_links":{"self":[{"href":"https:\/\/www.echomachinery.com\/es\/wp-json\/wp\/v2\/pages\/2180"}],"collection":[{"href":"https:\/\/www.echomachinery.com\/es\/wp-json\/wp\/v2\/pages"}],"about":[{"href":"https:\/\/www.echomachinery.com\/es\/wp-json\/wp\/v2\/types\/page"}],"author":[{"embeddable":true,"href":"https:\/\/www.echomachinery.com\/es\/wp-json\/wp\/v2\/users\/1"}],"replies":[{"embeddable":true,"href":"https:\/\/www.echomachinery.com\/es\/wp-json\/wp\/v2\/comments?post=2180"}],"version-history":[{"count":0,"href":"https:\/\/www.echomachinery.com\/es\/wp-json\/wp\/v2\/pages\/2180\/revisions"}],"up":[{"embeddable":true,"href":"https:\/\/www.echomachinery.com\/es\/wp-json\/wp\/v2\/pages\/1640"}],"wp:attachment":[{"href":"https:\/\/www.echomachinery.com\/es\/wp-json\/wp\/v2\/media?parent=2180"}],"curies":[{"name":"pp","href":"https:\/\/api.w.org\/{rel}","templated":true}]}}