{"id":2337,"date":"2020-10-12T03:37:46","date_gmt":"2020-10-12T03:37:46","guid":{"rendered":"https:\/\/www.echomachinery.com\/?page_id=2337"},"modified":"2022-02-21T09:43:20","modified_gmt":"2022-02-21T08:43:20","slug":"coffee-packaging-machine","status":"publish","type":"page","link":"https:\/\/www.echomachinery.com\/es\/industries\/coffee-packaging-machine\/","title":{"rendered":"M\u00e1quina de envasado de caf\u00e9 y m\u00e1quina de envasado al vac\u00edo de caf\u00e9"},"content":{"rendered":"<p>El empaque del caf\u00e9 incluye <strong>granos de caf\u00e9<\/strong>, caf\u00e9 en polvo(<strong>caf\u00e9 molido<\/strong>, <strong>caf\u00e9 instant\u00e1neo<\/strong>), <strong>caf\u00e9 de goteo<\/strong>, Nuestra m\u00e1quina puede procesar estos materiales sin problemas y solo requiere un sistema de alimentaci\u00f3n y pesaje espec\u00edfico. Hemos proporcionado soluciones de envasado de caf\u00e9 a numerosos clientes. Seg\u00fan nuestra experiencia, la presentaci\u00f3n del envase en este sector influye significativamente en las ventas y el precio de los productos, por lo que solemos recomendar m\u00e1quinas de envasado en bolsas prefabricadas para obtener precios m\u00e1s altos. Para clientes con necesidades especiales, tambi\u00e9n ofrecemos soluciones de envasado al vac\u00edo.<\/p>\n\n\n\n<hr class=\"wp-block-separator is-style-wide\"\/>\n\n\n\n<div class=\"wp-block-kadence-rowlayout alignnone\"><div id=\"kt-layout-id_25fda6-2d\" class=\"kt-row-layout-inner kt-layout-id_25fda6-2d\"><div class=\"kt-row-column-wrap kt-has-2-columns kt-gutter-default kt-v-gutter-default kt-row-valign-middle kt-row-layout-right-golden kt-tab-layout-inherit kt-m-colapse-left-to-right kt-mobile-layout-row\">\n<div class=\"wp-block-kadence-column inner-column-1 kadence-column_400c30-da\"><div class=\"kt-inside-inner-col\">\n<figure class=\"wp-block-image size-large\"><a href=\"https:\/\/www.echomachinery.com\/es\/packaging-machines\/premade-pouch-packing-machine\/\"><img decoding=\"async\" loading=\"lazy\" width=\"300\" height=\"300\" src=\"https:\/\/www.echomachinery.com\/wp-content\/uploads\/2020\/06\/MR8-200RW-300.jpg\" alt=\"M\u00e1quina de envasado MR8-200RW-300\" class=\"wp-image-1351\" srcset=\"https:\/\/www.echomachinery.com\/wp-content\/uploads\/2020\/06\/MR8-200RW-300.jpg 300w, https:\/\/www.echomachinery.com\/wp-content\/uploads\/2020\/06\/MR8-200RW-300-150x150.jpg 150w\" sizes=\"(max-width: 300px) 100vw, 300px\" \/><\/a><\/figure>\n<\/div><\/div>\n\n\n\n<div class=\"wp-block-kadence-column inner-column-2 kadence-column_bc071e-2d\"><div class=\"kt-inside-inner-col\">\n<div class=\"product\">\n    <span class=\"product-series\">SERIE MR8-300\/200RW<\/span>\n    <a href=\"\/es\/packaging-machines\/premade-pouch-packing-machine\/\"><h2 class=\"product-name\">M\u00e1quina de envasado de caf\u00e9 en bolsas prefabricadas<\/h2><\/a>\n    <span class=\"product-features\">\n        <span class=\"product-features-main\">Presentado en un hermoso empaque<\/span>\n        <span class=\"product-speed\">Hasta 80 bolsas\/min<\/span>\n    <\/span>\n    <span class=\"product-description\">La m\u00e1quina de envasado de caf\u00e9 en bolsas prefabricadas maximiza la presentaci\u00f3n y la facilidad de uso del producto, y es una de las mejores opciones para el envasado de caf\u00e9. Los envases con cierre de cremallera, los envases tipo stand-up y otros tipos de envase son muy adecuados para el caf\u00e9. Un dise\u00f1o apropiado puede hacer que sus bolsas luzcan m\u00e1s sofisticadas y, por lo tanto, aumenten sus ventas. Muchos de nuestros clientes han elegido esta soluci\u00f3n y han tenido \u00e9xito.<\/span>\n<\/div>\n<\/div><\/div>\n<\/div><\/div><\/div>\n\n\n\n<hr class=\"wp-block-separator is-style-wide\"\/>\n\n\n\n<div class=\"wp-block-kadence-rowlayout alignnone\"><div id=\"kt-layout-id_032e08-5d\" class=\"kt-row-layout-inner kt-layout-id_032e08-5d\"><div class=\"kt-row-column-wrap kt-has-2-columns kt-gutter-default kt-v-gutter-default kt-row-valign-middle kt-row-layout-right-golden kt-tab-layout-inherit kt-m-colapse-left-to-right kt-mobile-layout-row\">\n<div class=\"wp-block-kadence-column inner-column-1 kadence-column_5860df-f1\"><div class=\"kt-inside-inner-col\">\n<figure class=\"wp-block-image size-large\"><a href=\"https:\/\/www.echomachinery.com\/es\/packaging-machines\/automatic-vacuum-packaging-machine\/\"><img decoding=\"async\" loading=\"lazy\" width=\"300\" height=\"300\" src=\"https:\/\/www.echomachinery.com\/wp-content\/uploads\/2020\/06\/MRZK-120-300.jpg\" alt=\"M\u00e1quina de envasado al vac\u00edo MRZK-120-300\" class=\"wp-image-1352\" srcset=\"https:\/\/www.echomachinery.com\/wp-content\/uploads\/2020\/06\/MRZK-120-300.jpg 300w, https:\/\/www.echomachinery.com\/wp-content\/uploads\/2020\/06\/MRZK-120-300-150x150.jpg 150w\" sizes=\"(max-width: 300px) 100vw, 300px\" \/><\/a><\/figure>\n<\/div><\/div>\n\n\n\n<div class=\"wp-block-kadence-column inner-column-2 kadence-column_816e89-99\"><div class=\"kt-inside-inner-col\">\n<div class=\"product\">\n    <span class=\"product-series\">SERIE MRZK<\/span>\n    <a href=\"\/es\/packaging-machines\/automatic-vacuum-packaging-machine\/\"><h2 class=\"product-name\">M\u00e1quina de envasado al vac\u00edo de caf\u00e9<\/h2><\/a>\n    <span class=\"product-features\">\n        <span class=\"product-features-main\">Envase al vac\u00edo<\/span>\n        <span class=\"product-speed\">Hasta 80 bolsas\/min<\/span>\n    <\/span>\n    <span class=\"product-description\">La m\u00e1quina de envasado al vac\u00edo para caf\u00e9 es una soluci\u00f3n de envasado bastante especial. Si bien el caf\u00e9 generalmente no requiere envasado al vac\u00edo, algunos clientes s\u00ed lo necesitan. Por este motivo, tambi\u00e9n ofrecemos este tipo de envasado.<\/span>\n<\/div>\n<\/div><\/div>\n<\/div><\/div><\/div>\n\n\n\n<hr class=\"wp-block-separator is-style-wide\"\/>\n\n\n\n<div class=\"wp-block-kadence-rowlayout alignnone\"><div id=\"kt-layout-id_a3fc37-61\" class=\"kt-row-layout-inner kt-layout-id_a3fc37-61\"><div class=\"kt-row-column-wrap kt-has-2-columns kt-gutter-default kt-v-gutter-default kt-row-valign-middle kt-row-layout-right-golden kt-tab-layout-inherit kt-m-colapse-left-to-right kt-mobile-layout-row\">\n<div class=\"wp-block-kadence-column inner-column-1 kadence-column_c77903-4e\"><div class=\"kt-inside-inner-col\">\n<figure class=\"wp-block-image size-large\"><a href=\"https:\/\/www.echomachinery.com\/es\/packaging-machines\/vertical-form-fill-seal-machine\/\"><img decoding=\"async\" loading=\"lazy\" width=\"300\" height=\"300\" src=\"https:\/\/www.echomachinery.com\/wp-content\/uploads\/2020\/06\/ec420520720-300.jpg\" alt=\"M\u00e1quina VFFS\" class=\"wp-image-1349\" srcset=\"https:\/\/www.echomachinery.com\/wp-content\/uploads\/2020\/06\/ec420520720-300.jpg 300w, https:\/\/www.echomachinery.com\/wp-content\/uploads\/2020\/06\/ec420520720-300-150x150.jpg 150w\" sizes=\"(max-width: 300px) 100vw, 300px\" \/><\/a><\/figure>\n<\/div><\/div>\n\n\n\n<div class=\"wp-block-kadence-column inner-column-2 kadence-column_5f681c-e6\"><div class=\"kt-inside-inner-col\">\n<div class=\"product\">\n    <span class=\"product-series\">SERIE EC-420\/520\/720<\/span>\n    <a href=\"\/es\/packaging-machines\/vertical-form-fill-seal-machine\/\"><h2 class=\"product-name\">M\u00e1quina vertical de formado, llenado y sellado de caf\u00e9<\/h2><\/a>\n    <span class=\"product-features\">\n        <span class=\"product-features-main\">Precio bajo<\/span>\n        <span class=\"product-speed\">Hasta 60 bolsas\/min<\/span>\n    <\/span>\n    <span class=\"product-description\">Si desea envasar en sobres o sticks, le recomendamos utilizar la m\u00e1quina de envasado vertical de caf\u00e9 (VFFS). Esta es una alternativa a la m\u00e1quina de envasado en bolsas prefabricadas. Si no necesita una bolsa de envasado especial o busca un precio m\u00e1s bajo, la m\u00e1quina VFFS es ideal para usted. Aunque su precio es menor, la calidad es excelente.<\/span>\n<\/div>\n<\/div><\/div>\n<\/div><\/div><\/div>\n\n\n\n<p>El siguiente v\u00eddeo presenta la m\u00e1quina de formado, llenado y sellado vertical y muestra el proceso de envasado de granos de caf\u00e9.<\/p>\n\n\n\n<figure class=\"wp-block-embed is-type-video is-provider-youtube wp-block-embed-youtube wp-embed-aspect-16-9 wp-has-aspect-ratio\"><div class=\"wp-block-embed__wrapper\">\n<div class=\"nv-iframe-embed\"><iframe loading=\"lazy\" title=\"M\u00e1quina vertical de formado, llenado y sellado de granos de caf\u00e9 granulados 520 | ECHO MACHINERY - Eason\" width=\"1090\" height=\"613\" src=\"https:\/\/www.youtube.com\/embed\/nLSJNdlOa_0?feature=oembed\" frameborder=\"0\" allow=\"accelerometer; autoplay; clipboard-write; encrypted-media; gyroscope; picture-in-picture\" allowfullscreen><\/iframe><\/div>\n<\/div><\/figure>\n\n\n\n<div class=\"wp-block-kadence-rowlayout alignnone\"><div id=\"kt-layout-id_cf356c-7b\" class=\"kt-row-layout-inner kt-layout-id_cf356c-7b\"><div class=\"kt-row-column-wrap kt-has-3-columns kt-gutter-default kt-v-gutter-default kt-row-valign-top kt-row-layout-equal kt-tab-layout-inherit kt-m-colapse-left-to-right kt-mobile-layout-row\">\n<div class=\"wp-block-kadence-column inner-column-1 kadence-column_627677-ee\"><div class=\"kt-inside-inner-col\">\n<a class=\"industries-link\" href=\"\/es\/industries\/liquid-packing-solution\/\"><div class=\"industries-image liquid\"> <div class=\"industries-content\"> <h3 class=\"industries-title\">L\u00edquido<\/h3>  <\/div><\/div>\n<\/a>\n<\/div><\/div>\n\n\n\n<div class=\"wp-block-kadence-column inner-column-2 kadence-column_8b0d5d-58\"><div class=\"kt-inside-inner-col\">\n<a class=\"industries-link\" href=\"\/es\/industries\/powder-packing-solution\/\"><div class=\"industries-image powder\"> <div class=\"industries-content\"> <h3 class=\"industries-title\">Polvo<\/h3><\/div><\/div>\n<\/a>\n<\/div><\/div>\n\n\n\n<div class=\"wp-block-kadence-column inner-column-3 kadence-column_a737f4-e9\"><div class=\"kt-inside-inner-col\">\n<a class=\"industries-link\" href=\"\/es\/industries\/granule-packing-solution\/\"><div class=\"industries-image granule\"> <div class=\"industries-content\"> <h3 class=\"industries-title\">Gr\u00e1nulo<\/h3><\/div><\/div>\n<\/a>\n<\/div><\/div>\n<\/div><\/div><\/div>","protected":false},"excerpt":{"rendered":"<p>The coffee packaging includes coffee beans, coffee powder(ground coffee, instant coffee), drip coffee, etc. Our machine can handle these materials very well, and only needs to be matched with different feeding and weighing equipment. We have provided such coffee packaging solutions for many customers. According to our experience, the appearance of packaging in this industry&hellip;&nbsp;<a href=\"https:\/\/www.echomachinery.com\/es\/industries\/coffee-packaging-machine\/\" class=\"\" rel=\"bookmark\">Leer m\u00e1s \u00bb<span class=\"screen-reader-text\">M\u00e1quina de envasado de caf\u00e9 y m\u00e1quina de envasado al vac\u00edo de caf\u00e9<\/span><\/a><\/p>","protected":false},"author":1,"featured_media":0,"parent":1640,"menu_order":1100,"comment_status":"closed","ping_status":"closed","template":"page-templates\/product.php","meta":{"inline_featured_image":false,"ub_ctt_via":"","kt_blocks_editor_width":""},"aioseo_notices":[],"featured_image_src":null,"_links":{"self":[{"href":"https:\/\/www.echomachinery.com\/es\/wp-json\/wp\/v2\/pages\/2337"}],"collection":[{"href":"https:\/\/www.echomachinery.com\/es\/wp-json\/wp\/v2\/pages"}],"about":[{"href":"https:\/\/www.echomachinery.com\/es\/wp-json\/wp\/v2\/types\/page"}],"author":[{"embeddable":true,"href":"https:\/\/www.echomachinery.com\/es\/wp-json\/wp\/v2\/users\/1"}],"replies":[{"embeddable":true,"href":"https:\/\/www.echomachinery.com\/es\/wp-json\/wp\/v2\/comments?post=2337"}],"version-history":[{"count":0,"href":"https:\/\/www.echomachinery.com\/es\/wp-json\/wp\/v2\/pages\/2337\/revisions"}],"up":[{"embeddable":true,"href":"https:\/\/www.echomachinery.com\/es\/wp-json\/wp\/v2\/pages\/1640"}],"wp:attachment":[{"href":"https:\/\/www.echomachinery.com\/es\/wp-json\/wp\/v2\/media?parent=2337"}],"curies":[{"name":"pp","href":"https:\/\/api.w.org\/{rel}","templated":true}]}}