{"id":2574,"date":"2020-10-21T05:00:24","date_gmt":"2020-10-21T05:00:24","guid":{"rendered":"https:\/\/www.echomachinery.com\/?page_id=2574"},"modified":"2022-02-21T09:46:56","modified_gmt":"2022-02-21T08:46:56","slug":"automatic-rice-packing-machine","status":"publish","type":"page","link":"https:\/\/www.echomachinery.com\/es\/industries\/automatic-rice-packing-machine\/","title":{"rendered":"M\u00e1quina autom\u00e1tica para envasar arroz y m\u00e1quina para envasar arroz al vac\u00edo."},"content":{"rendered":"<p>Como alimento b\u00e1sico en Asia, el arroz es muy com\u00fan en la industria del embalaje. Podemos dividirlo en embalaje de alto gramaje y embalaje de bajo gramaje. El embalaje de alto gramaje se utiliza para mayoristas o grandes consumidores, a menudo empleando bolsas de pl\u00e1stico tejido. Las soluciones de embalaje de arroz de bajo gramaje se utilizan para envasar productos de arroz de alta gama m\u00e1s caros o algunos aperitivos de arroz, como el arroz inflado. Adem\u00e1s, tambi\u00e9n ofrecemos soluciones l\u00edderes en la industria. <strong>M\u00e1quina de envasado al vac\u00edo de arroz<\/strong>.<\/p>\n\n\n\n<hr class=\"wp-block-separator is-style-wide\"\/>\n\n\n\n<div class=\"wp-block-kadence-rowlayout alignnone\"><div id=\"kt-layout-id_25fda6-2d\" class=\"kt-row-layout-inner kt-layout-id_25fda6-2d\"><div class=\"kt-row-column-wrap kt-has-2-columns kt-gutter-default kt-v-gutter-default kt-row-valign-middle kt-row-layout-right-golden kt-tab-layout-inherit kt-m-colapse-left-to-right kt-mobile-layout-row\">\n<div class=\"wp-block-kadence-column inner-column-1 kadence-column_400c30-da\"><div class=\"kt-inside-inner-col\">\n<figure class=\"wp-block-image size-large\"><a href=\"https:\/\/www.echomachinery.com\/es\/packaging-machines\/premade-pouch-packing-machine\/\"><img decoding=\"async\" loading=\"lazy\" width=\"300\" height=\"300\" src=\"https:\/\/www.echomachinery.com\/wp-content\/uploads\/2020\/06\/MR8-200RW-300.jpg\" alt=\"M\u00e1quina de envasado MR8-200RW-300\" class=\"wp-image-1351\" srcset=\"https:\/\/www.echomachinery.com\/wp-content\/uploads\/2020\/06\/MR8-200RW-300.jpg 300w, https:\/\/www.echomachinery.com\/wp-content\/uploads\/2020\/06\/MR8-200RW-300-150x150.jpg 150w\" sizes=\"(max-width: 300px) 100vw, 300px\" \/><\/a><\/figure>\n<\/div><\/div>\n\n\n\n<div class=\"wp-block-kadence-column inner-column-2 kadence-column_bc071e-2d\"><div class=\"kt-inside-inner-col\">\n<div class=\"product\">\n    <span class=\"product-series\">SERIE MR8-300\/200RW<\/span>\n    <a href=\"\/es\/packaging-machines\/premade-pouch-packing-machine\/\"><h2 class=\"product-name\">M\u00e1quina de envasado de bolsas prefabricadas de arroz<\/h2><\/a>\n    <span class=\"product-features\">\n        <span class=\"product-features-main\">Hasta 3 kg\/bolsa<\/span>\n        <span class=\"product-speed\">Hasta 80 bolsas\/min<\/span>\n    <\/span>\n    <span class=\"product-description\">La m\u00e1quina de envasado en bolsas prefabricadas permite que sus productos tengan una apariencia uniforme gracias a unas bolsas prefabricadas de excelente calidad, para que destaquen en el estante y obtengan el m\u00e1ximo valor por su producto.<\/span>\n<\/div>\n<\/div><\/div>\n<\/div><\/div><\/div>\n\n\n\n<hr class=\"wp-block-separator is-style-wide\"\/>\n\n\n\n<div class=\"wp-block-kadence-rowlayout alignnone\"><div id=\"kt-layout-id_a3fc37-61\" class=\"kt-row-layout-inner kt-layout-id_a3fc37-61\"><div class=\"kt-row-column-wrap kt-has-2-columns kt-gutter-default kt-v-gutter-default kt-row-valign-middle kt-row-layout-right-golden kt-tab-layout-inherit kt-m-colapse-left-to-right kt-mobile-layout-row\">\n<div class=\"wp-block-kadence-column inner-column-1 kadence-column_c77903-4e\"><div class=\"kt-inside-inner-col\">\n<figure class=\"wp-block-image size-large\"><a href=\"https:\/\/www.echomachinery.com\/es\/packaging-machines\/vertical-form-fill-seal-machine\/\"><img decoding=\"async\" loading=\"lazy\" width=\"300\" height=\"300\" src=\"https:\/\/www.echomachinery.com\/wp-content\/uploads\/2020\/06\/ec420520720-300.jpg\" alt=\"M\u00e1quina VFFS\" class=\"wp-image-1349\" srcset=\"https:\/\/www.echomachinery.com\/wp-content\/uploads\/2020\/06\/ec420520720-300.jpg 300w, https:\/\/www.echomachinery.com\/wp-content\/uploads\/2020\/06\/ec420520720-300-150x150.jpg 150w\" sizes=\"(max-width: 300px) 100vw, 300px\" \/><\/a><\/figure>\n<\/div><\/div>\n\n\n\n<div class=\"wp-block-kadence-column inner-column-2 kadence-column_5f681c-e6\"><div class=\"kt-inside-inner-col\">\n<div class=\"product\">\n    <span class=\"product-series\">SERIE EC-420\/520\/720<\/span>\n    <a href=\"\/es\/packaging-machines\/vertical-form-fill-seal-machine\/\"><h2 class=\"product-name\">M\u00e1quina vertical de formado, llenado y sellado de arroz<\/h2><\/a>\n    <span class=\"product-features\">\n        <span class=\"product-features-main\">Hasta 10 kg\/bolsa<\/span>\n        <span class=\"product-speed\">Hasta 60 bolsas\/min<\/span>\n    <\/span>\n    <span class=\"product-description\">La m\u00e1quina vertical de envasado de arroz (Form Fill Seal) es ideal para envases de gran peso. Ofrece un precio competitivo y una buena velocidad de envasado. El modelo est\u00e1ndar permite envasar hasta 10 kg por bolsa. Tambi\u00e9n podemos procesar cantidades superiores. Para obtener m\u00e1s informaci\u00f3n, p\u00f3ngase en contacto con nuestro servicio de atenci\u00f3n al cliente.<\/span>\n<\/div>\n<\/div><\/div>\n<\/div><\/div><\/div>\n\n\n\n<hr class=\"wp-block-separator is-style-wide\"\/>\n\n\n\n<div class=\"wp-block-kadence-rowlayout alignnone\"><div id=\"kt-layout-id_9e9af0-12\" class=\"kt-row-layout-inner kt-layout-id_9e9af0-12\"><div class=\"kt-row-column-wrap kt-has-2-columns kt-gutter-default kt-v-gutter-default kt-row-valign-middle kt-row-layout-right-golden kt-tab-layout-inherit kt-m-colapse-left-to-right kt-mobile-layout-row\">\n<div class=\"wp-block-kadence-column inner-column-1 kadence-column_7d1edb-ed\"><div class=\"kt-inside-inner-col\">\n<figure class=\"wp-block-image size-large\"><a href=\"https:\/\/www.echomachinery.com\/es\/packaging-machines\/automatic-vacuum-packaging-machine\/\"><img decoding=\"async\" loading=\"lazy\" width=\"300\" height=\"300\" src=\"https:\/\/www.echomachinery.com\/wp-content\/uploads\/2020\/06\/MRZK-120-300.jpg\" alt=\"M\u00e1quina de envasado al vac\u00edo MRZK-120-300\" class=\"wp-image-1352\" srcset=\"https:\/\/www.echomachinery.com\/wp-content\/uploads\/2020\/06\/MRZK-120-300.jpg 300w, https:\/\/www.echomachinery.com\/wp-content\/uploads\/2020\/06\/MRZK-120-300-150x150.jpg 150w\" sizes=\"(max-width: 300px) 100vw, 300px\" \/><\/a><\/figure>\n<\/div><\/div>\n\n\n\n<div class=\"wp-block-kadence-column inner-column-2 kadence-column_38f868-fd\"><div class=\"kt-inside-inner-col\">\n<div class=\"product\">\n    <span class=\"product-series\">SERIE MRZK<\/span>\n    <a href=\"\/es\/packaging-machines\/automatic-vacuum-packaging-machine\/\"><h2 class=\"product-name\">M\u00e1quina de envasado al vac\u00edo de arroz<\/h2><\/a>\n    <span class=\"product-features\">\n        <span class=\"product-features-main\">Envase al vac\u00edo<\/span>\n        <span class=\"product-speed\">Hasta 80 bolsas\/min<\/span>\n    <\/span>\n    <span class=\"product-description\">El envasado al vac\u00edo del arroz no solo prolonga su vida \u00fatil, sino que tambi\u00e9n mejora su calidad, conservando as\u00ed su sabor original. Sin embargo, debido a su elevado coste, generalmente solo es adecuado para arroces de alta gama.<\/span>\n<\/div>\n<\/div><\/div>\n<\/div><\/div><\/div>\n\n\n\n<div class=\"wp-block-kadence-rowlayout alignnone\"><div id=\"kt-layout-id_55646a-66\" class=\"kt-row-layout-inner kt-layout-id_55646a-66\"><div class=\"kt-row-column-wrap kt-has-3-columns kt-gutter-default kt-v-gutter-default kt-row-valign-top kt-row-layout-equal kt-tab-layout-inherit kt-m-colapse-left-to-right kt-mobile-layout-row\">\n<div class=\"wp-block-kadence-column inner-column-1 kadence-column_4878c6-15\"><div class=\"kt-inside-inner-col\">\n<a class=\"industries-link\" href=\"\/es\/industries\/liquid-packing-solution\/\"><div class=\"industries-image liquid\"> <div class=\"industries-content\"> <h3 class=\"industries-title\">L\u00edquido<\/h3>  <\/div><\/div>\n<\/a>\n<\/div><\/div>\n\n\n\n<div class=\"wp-block-kadence-column inner-column-2 kadence-column_476a1a-1b\"><div class=\"kt-inside-inner-col\">\n<a class=\"industries-link\" href=\"\/es\/industries\/powder-packing-solution\/\"><div class=\"industries-image powder\"> <div class=\"industries-content\"> <h3 class=\"industries-title\">Polvo<\/h3><\/div><\/div>\n<\/a>\n<\/div><\/div>\n\n\n\n<div class=\"wp-block-kadence-column inner-column-3 kadence-column_cc85c6-00\"><div class=\"kt-inside-inner-col\">\n<a class=\"industries-link\" href=\"\/es\/industries\/granule-packing-solution\/\"><div class=\"industries-image granule\"> <div class=\"industries-content\"> <h3 class=\"industries-title\">Gr\u00e1nulo<\/h3><\/div><\/div>\n<\/a>\n<\/div><\/div>\n<\/div><\/div><\/div>","protected":false},"excerpt":{"rendered":"<p>Como alimento b\u00e1sico de los asi\u00e1ticos, el arroz es muy com\u00fan en la industria de los envases. Simplemente podemos dividirlo en envases de alto peso y envases de bajo peso. El alto peso se utiliza para usuarios al por mayor o de gran escala, a menudo utilizando bolsas de pl\u00e1stico para envases. Las soluciones de envasado de arroz de bajo peso se utilizan a menudo para envasar productos de arroz de alta gama m\u00e1s caros, o\u2026&nbsp;<a href=\"https:\/\/www.echomachinery.com\/es\/industries\/automatic-rice-packing-machine\/\" class=\"\" rel=\"bookmark\">Leer m\u00e1s \u00bb<span class=\"screen-reader-text\">M\u00e1quina autom\u00e1tica para envasar arroz y m\u00e1quina para envasar arroz al vac\u00edo.<\/span><\/a><\/p>","protected":false},"author":1,"featured_media":0,"parent":1640,"menu_order":1100,"comment_status":"closed","ping_status":"closed","template":"page-templates\/product.php","meta":{"inline_featured_image":false,"ub_ctt_via":"","kt_blocks_editor_width":""},"aioseo_notices":[],"featured_image_src":null,"_links":{"self":[{"href":"https:\/\/www.echomachinery.com\/es\/wp-json\/wp\/v2\/pages\/2574"}],"collection":[{"href":"https:\/\/www.echomachinery.com\/es\/wp-json\/wp\/v2\/pages"}],"about":[{"href":"https:\/\/www.echomachinery.com\/es\/wp-json\/wp\/v2\/types\/page"}],"author":[{"embeddable":true,"href":"https:\/\/www.echomachinery.com\/es\/wp-json\/wp\/v2\/users\/1"}],"replies":[{"embeddable":true,"href":"https:\/\/www.echomachinery.com\/es\/wp-json\/wp\/v2\/comments?post=2574"}],"version-history":[{"count":0,"href":"https:\/\/www.echomachinery.com\/es\/wp-json\/wp\/v2\/pages\/2574\/revisions"}],"up":[{"embeddable":true,"href":"https:\/\/www.echomachinery.com\/es\/wp-json\/wp\/v2\/pages\/1640"}],"wp:attachment":[{"href":"https:\/\/www.echomachinery.com\/es\/wp-json\/wp\/v2\/media?parent=2574"}],"curies":[{"name":"pp","href":"https:\/\/api.w.org\/{rel}","templated":true}]}}