{"id":2591,"date":"2020-10-23T03:37:11","date_gmt":"2020-10-23T03:37:11","guid":{"rendered":"https:\/\/www.echomachinery.com\/?page_id=2591"},"modified":"2022-04-11T07:12:08","modified_gmt":"2022-04-11T05:12:08","slug":"handwashing-fluid-pouch-packing-machine","status":"publish","type":"page","link":"https:\/\/www.echomachinery.com\/es\/industries\/handwashing-fluid-pouch-packing-machine\/","title":{"rendered":"M\u00e1quina de envasado de bolsas\/botellas de l\u00edquido para lavado de manos"},"content":{"rendered":"<p>El primer aspecto que llama la atenci\u00f3n del p\u00fablico sobre el envase del desinfectante de manos es su presentaci\u00f3n en botella. Si bien la botella ofrece muchas ventajas, a veces la bolsa tambi\u00e9n puede realzar la imagen del producto. Las bolsas con base y las bolsas con boquilla facilitan enormemente el uso del desinfectante de manos envasado.<\/p>\n\n\n\n<p>El jab\u00f3n l\u00edquido para manos es un l\u00edquido que genera mucha espuma, por lo que se produce durante el ejercicio intenso. Para evitarlo, utilizaremos una bomba de pist\u00f3n para el llenado y a\u00f1adiremos un elevador servoaccionado para reducir la altura de ca\u00edda del l\u00edquido.<\/p>\n\n\n\n<hr class=\"wp-block-separator is-style-wide\"\/>\n\n\n\n<div class=\"wp-block-kadence-rowlayout alignnone\"><div id=\"kt-layout-id_ed1d22-6d\" class=\"kt-row-layout-inner kt-layout-id_ed1d22-6d\"><div class=\"kt-row-column-wrap kt-has-2-columns kt-gutter-default kt-v-gutter-default kt-row-valign-middle kt-row-layout-right-golden kt-tab-layout-inherit kt-m-colapse-left-to-right kt-mobile-layout-row\">\n<div class=\"wp-block-kadence-column inner-column-1 kadence-column_ced6bf-b8\"><div class=\"kt-inside-inner-col\">\n<figure class=\"wp-block-image size-large\"><a href=\"https:\/\/www.echomachinery.com\/es\/packaging-machines\/piston-liquid-filling-machine\/\"><img decoding=\"async\" loading=\"lazy\" width=\"300\" height=\"300\" src=\"https:\/\/www.echomachinery.com\/wp-content\/uploads\/2021\/03\/RJ-AF-liquid-filling-machine-300x300-1.jpg\" alt=\"M\u00e1quina de llenado de l\u00edquidos RJ-AF 300x300\" class=\"wp-image-3294\" srcset=\"https:\/\/www.echomachinery.com\/wp-content\/uploads\/2021\/03\/RJ-AF-liquid-filling-machine-300x300-1.jpg 300w, https:\/\/www.echomachinery.com\/wp-content\/uploads\/2021\/03\/RJ-AF-liquid-filling-machine-300x300-1-150x150.jpg 150w\" sizes=\"(max-width: 300px) 100vw, 300px\" \/><\/a><\/figure>\n<\/div><\/div>\n\n\n\n<div class=\"wp-block-kadence-column inner-column-2 kadence-column_ae82f6-11\"><div class=\"kt-inside-inner-col\">\n<div class=\"product\">\n    <span class=\"product-series\">SERIE RJ-AFL<\/span>\n    <a href=\"\/es\/packaging-machines\/piston-liquid-filling-machine\/\"><h2 class=\"product-name\">M\u00e1quina embotelladora de l\u00edquido para lavado de manos con pist\u00f3n<\/h2><\/a>\n    <span class=\"product-features\">\n        <span class=\"product-features-main\">Rellene f\u00e1cilmente l\u00edquidos viscosos.<\/span>\n        <span class=\"product-speed\">Hasta 60 botellas\/min<\/span>\n    <\/span>\n    <span class=\"product-description\">La m\u00e1quina llenadora autom\u00e1tica de l\u00edquidos por pist\u00f3n RJ-AF est\u00e1 dise\u00f1ada para el llenado autom\u00e1tico de l\u00edquidos con viscosidad determinada o alta. Puede llenar varios tipos de botellas y puede utilizarse con otras m\u00e1quinas para completar una l\u00ednea de embotellado altamente automatizada.<\/span>\n<\/div>\n<\/div><\/div>\n<\/div><\/div><\/div>\n\n\n\n<hr class=\"wp-block-separator is-style-wide\"\/>\n\n\n\n<div class=\"wp-block-kadence-rowlayout alignnone\"><div id=\"kt-layout-id_25fda6-2d\" class=\"kt-row-layout-inner kt-layout-id_25fda6-2d\"><div class=\"kt-row-column-wrap kt-has-2-columns kt-gutter-default kt-v-gutter-default kt-row-valign-middle kt-row-layout-right-golden kt-tab-layout-inherit kt-m-colapse-left-to-right kt-mobile-layout-row\">\n<div class=\"wp-block-kadence-column inner-column-1 kadence-column_400c30-da\"><div class=\"kt-inside-inner-col\">\n<figure class=\"wp-block-image size-large\"><a href=\"https:\/\/www.echomachinery.com\/es\/packaging-machines\/premade-pouch-packing-machine\/\"><img decoding=\"async\" loading=\"lazy\" width=\"300\" height=\"300\" src=\"https:\/\/www.echomachinery.com\/wp-content\/uploads\/2020\/06\/MR8-200RW-300.jpg\" alt=\"M\u00e1quina de envasado MR8-200RW-300\" class=\"wp-image-1351\" srcset=\"https:\/\/www.echomachinery.com\/wp-content\/uploads\/2020\/06\/MR8-200RW-300.jpg 300w, https:\/\/www.echomachinery.com\/wp-content\/uploads\/2020\/06\/MR8-200RW-300-150x150.jpg 150w\" sizes=\"(max-width: 300px) 100vw, 300px\" \/><\/a><\/figure>\n<\/div><\/div>\n\n\n\n<div class=\"wp-block-kadence-column inner-column-2 kadence-column_bc071e-2d\"><div class=\"kt-inside-inner-col\">\n<div class=\"product\">\n    <span class=\"product-series\">SERIE MR8-300\/200RW<\/span>\n    <a href=\"\/es\/packaging-machines\/premade-pouch-packing-machine\/\"><h2 class=\"product-name\">M\u00e1quina de envasado de bolsas prefabricadas de l\u00edquido para lavado de manos<\/h2><\/a>\n    <span class=\"product-features\">\n        <span class=\"product-features-main\">Presentado en un hermoso empaque<\/span>\n        <span class=\"product-speed\">Hasta 50 bolsas\/min<\/span>\n    <\/span>\n    <span class=\"product-description\">La m\u00e1quina de envasado en bolsas prefabricadas puede utilizar bolsas con base y con boquilla para facilitar el envasado del desinfectante de manos. Adem\u00e1s, utilizamos una tecnolog\u00eda exclusiva que simplifica el llenado. En cuanto a la velocidad, aunque el llenado de l\u00edquidos sea m\u00e1s lento, nuestra m\u00e1quina alcanza las 50 bolsas por minuto. Si opta por una llenadora de l\u00edquidos m\u00e1s r\u00e1pida, esta velocidad puede ser a\u00fan mayor.<\/span>\n<\/div>\n<\/div><\/div>\n<\/div><\/div><\/div>\n\n\n\n<figure class=\"wp-block-embed is-type-video is-provider-youtube wp-block-embed-youtube wp-embed-aspect-16-9 wp-has-aspect-ratio\"><div class=\"wp-block-embed__wrapper\">\n<div class=\"nv-iframe-embed\"><iframe loading=\"lazy\" title=\"M\u00e1quina de llenado y sellado de bolsas de l\u00edquido para lavado de manos | ECHO MACHINERY\" width=\"1090\" height=\"613\" src=\"https:\/\/www.youtube.com\/embed\/Fp_XZfPeHjc?feature=oembed\" frameborder=\"0\" allow=\"accelerometer; autoplay; clipboard-write; encrypted-media; gyroscope; picture-in-picture\" allowfullscreen><\/iframe><\/div>\n<\/div><\/figure>\n\n\n\n<hr class=\"wp-block-separator is-style-wide\"\/>\n\n\n\n<div class=\"wp-block-kadence-rowlayout alignnone\"><div id=\"kt-layout-id_a3fc37-61\" class=\"kt-row-layout-inner kt-layout-id_a3fc37-61\"><div class=\"kt-row-column-wrap kt-has-2-columns kt-gutter-default kt-v-gutter-default kt-row-valign-middle kt-row-layout-right-golden kt-tab-layout-inherit kt-m-colapse-left-to-right kt-mobile-layout-row\">\n<div class=\"wp-block-kadence-column inner-column-1 kadence-column_c77903-4e\"><div class=\"kt-inside-inner-col\">\n<figure class=\"wp-block-image size-large\"><a href=\"https:\/\/www.echomachinery.com\/es\/packaging-machines\/vertical-form-fill-seal-machine\/\"><img decoding=\"async\" loading=\"lazy\" width=\"300\" height=\"300\" src=\"https:\/\/www.echomachinery.com\/wp-content\/uploads\/2020\/06\/ec420520720-300.jpg\" alt=\"M\u00e1quina VFFS\" class=\"wp-image-1349\" srcset=\"https:\/\/www.echomachinery.com\/wp-content\/uploads\/2020\/06\/ec420520720-300.jpg 300w, https:\/\/www.echomachinery.com\/wp-content\/uploads\/2020\/06\/ec420520720-300-150x150.jpg 150w\" sizes=\"(max-width: 300px) 100vw, 300px\" \/><\/a><\/figure>\n<\/div><\/div>\n\n\n\n<div class=\"wp-block-kadence-column inner-column-2 kadence-column_5f681c-e6\"><div class=\"kt-inside-inner-col\">\n<div class=\"product\">\n    <span class=\"product-series\">SERIE EC-420\/520\/720<\/span>\n    <a href=\"\/es\/packaging-machines\/vertical-form-fill-seal-machine\/\"><h2 class=\"product-name\">M\u00e1quina de envasado de sobres de l\u00edquido para lavado de manos<\/h2><\/a>\n    <span class=\"product-features\">\n        <span class=\"product-features-main\">Precio bajo<\/span>\n        <span class=\"product-speed\">Hasta 60 bolsas\/min<\/span>\n    <\/span>\n    <span class=\"product-description\">Esta m\u00e1quina se usa habitualmente para envasar peque\u00f1os sobres. Se caracteriza por su alta velocidad y bajo precio. Estos sobres de jab\u00f3n l\u00edquido para manos suelen ser productos desechables que se utilizan en hoteles o al salir de casa.<\/span>\n<\/div>\n<\/div><\/div>\n<\/div><\/div><\/div>\n\n\n\n<div class=\"wp-block-kadence-rowlayout alignnone\"><div id=\"kt-layout-id_d6d7d8-bf\" class=\"kt-row-layout-inner kt-layout-id_d6d7d8-bf\"><div class=\"kt-row-column-wrap kt-has-3-columns kt-gutter-default kt-v-gutter-default kt-row-valign-top kt-row-layout-equal kt-tab-layout-inherit kt-m-colapse-left-to-right kt-mobile-layout-row\">\n<div class=\"wp-block-kadence-column inner-column-1 kadence-column_f9c493-a7\"><div class=\"kt-inside-inner-col\">\n<a class=\"industries-link\" href=\"\/es\/industries\/liquid-packing-solution\/\"><div class=\"industries-image liquid\"> <div class=\"industries-content\"> <h3 class=\"industries-title\">L\u00edquido<\/h3>  <\/div><\/div>\n<\/a>\n<\/div><\/div>\n\n\n\n<div class=\"wp-block-kadence-column inner-column-2 kadence-column_5b4163-48\"><div class=\"kt-inside-inner-col\">\n<a class=\"industries-link\" href=\"\/es\/industries\/powder-packing-solution\/\"><div class=\"industries-image powder\"> <div class=\"industries-content\"> <h3 class=\"industries-title\">Polvo<\/h3><\/div><\/div>\n<\/a>\n<\/div><\/div>\n\n\n\n<div class=\"wp-block-kadence-column inner-column-3 kadence-column_7c2ecd-0a\"><div class=\"kt-inside-inner-col\">\n<a class=\"industries-link\" href=\"\/es\/industries\/granule-packing-solution\/\"><div class=\"industries-image granule\"> <div class=\"industries-content\"> <h3 class=\"industries-title\">Gr\u00e1nulo<\/h3><\/div><\/div>\n<\/a>\n<\/div><\/div>\n<\/div><\/div><\/div>","protected":false},"excerpt":{"rendered":"<p>El primer efecto del envasado de desinfectante de manos de personas es embotellado. Aunque la botella contiene muchas ventajas, a veces la bolsa tambi\u00e9n puede hacer que su producto se destaque. La bolsa de pie, la bolsa de ca\u00f1o puede hacer que el uso de desinfectante de manos envasado sea muy conveniente. El l\u00edquido para lavar las manos es un l\u00edquido de alta espuma y producir\u00e1 espuma durante el ejercicio vigoroso.\u2026&nbsp;<a href=\"https:\/\/www.echomachinery.com\/es\/industries\/handwashing-fluid-pouch-packing-machine\/\" class=\"\" rel=\"bookmark\">Leer m\u00e1s \u00bb<span class=\"screen-reader-text\">M\u00e1quina de envasado de bolsas\/botellas de l\u00edquido para lavado de manos<\/span><\/a><\/p>","protected":false},"author":1,"featured_media":0,"parent":1640,"menu_order":1100,"comment_status":"closed","ping_status":"closed","template":"page-templates\/product.php","meta":{"inline_featured_image":false,"ub_ctt_via":"","kt_blocks_editor_width":""},"aioseo_notices":[],"featured_image_src":null,"_links":{"self":[{"href":"https:\/\/www.echomachinery.com\/es\/wp-json\/wp\/v2\/pages\/2591"}],"collection":[{"href":"https:\/\/www.echomachinery.com\/es\/wp-json\/wp\/v2\/pages"}],"about":[{"href":"https:\/\/www.echomachinery.com\/es\/wp-json\/wp\/v2\/types\/page"}],"author":[{"embeddable":true,"href":"https:\/\/www.echomachinery.com\/es\/wp-json\/wp\/v2\/users\/1"}],"replies":[{"embeddable":true,"href":"https:\/\/www.echomachinery.com\/es\/wp-json\/wp\/v2\/comments?post=2591"}],"version-history":[{"count":0,"href":"https:\/\/www.echomachinery.com\/es\/wp-json\/wp\/v2\/pages\/2591\/revisions"}],"up":[{"embeddable":true,"href":"https:\/\/www.echomachinery.com\/es\/wp-json\/wp\/v2\/pages\/1640"}],"wp:attachment":[{"href":"https:\/\/www.echomachinery.com\/es\/wp-json\/wp\/v2\/media?parent=2591"}],"curies":[{"name":"pp","href":"https:\/\/api.w.org\/{rel}","templated":true}]}}