{"id":2756,"date":"2020-11-12T06:11:17","date_gmt":"2020-11-12T06:11:17","guid":{"rendered":"https:\/\/www.echomachinery.com\/?page_id=2756"},"modified":"2022-10-19T09:02:14","modified_gmt":"2022-10-19T07:02:14","slug":"snack-food-packaging-machine","status":"publish","type":"page","link":"https:\/\/www.echomachinery.com\/es\/industries\/snack-food-packaging-machine\/","title":{"rendered":"M\u00e1quina de envasado de alimentos para bocadillos y m\u00e1quina de mapas de bocadi"},"content":{"rendered":"<div class=\"wp-block-kadence-rowlayout alignnone\"><div id=\"kt-layout-id_27d8c2-72\" class=\"kt-row-layout-inner kt-layout-id_27d8c2-72\"><div class=\"kt-row-column-wrap kt-has-2-columns kt-gutter-default kt-v-gutter-default kt-row-valign-top kt-row-layout-left-golden kt-tab-layout-inherit kt-m-colapse-left-to-right kt-mobile-layout-row\">\n<div class=\"wp-block-kadence-column inner-column-1 kadence-column_998aa0-d2\"><div class=\"kt-inside-inner-col\">\n<p><strong>Aperitivos<\/strong> ocupa una gran proporci\u00f3n de nuestro negocio. Estos productos a menudo requieren muchos requisitos especiales, como el embalaje de llenado de nitr\u00f3geno, bolsa en bolsa, bolsa con cremallera, bolsa de boquilla, etc. La m\u00e1quina de embalaje de bolsa prefabricada puede satisfacer estas necesidades y puede cambiar libremente la bolsa prefabricada. Al mismo tiempo, sus productos se destacar\u00e1n deslumbrantes en los estantes. Si necesitas mapa, tambi\u00e9n tenemos las m\u00e1quinas correspondientes.<\/p>\n\n\n\n<p>interpretar <a href=\"https:\/\/www.echomachinery.com\/es\/resources\/blog\/snack-packaging-machine-solution-for-startup-business\/\" title=\"\">Soluci\u00f3n de m\u00e1quina de envasado de aperitivos para el negocio de inicio<\/a> Para aprender m\u00e1s<\/p>\n<\/div><\/div>\n\n\n\n<div class=\"wp-block-kadence-column inner-column-2 kadence-column_a6084f-53\"><div class=\"kt-inside-inner-col\"><div class=\"ub_image_slider swiper-container wp-block-ub-image-slider\" id=\"ub_image_slider_d4f9448e-de0a-42ef-8295-86171191928c\" data-swiper-data='{\"spaceBetween\":20,\"slidesPerView\":1,\"loop\":true,\"pagination\":{\"el\": \".swiper-pagination\" , \"type\": \"bullets\", \"clickable\":true}            ,\"navigation\": {\"nextEl\": \".swiper-button-next\", \"prevEl\": \".swiper-button-prev\"}, \"keyboard\": { \"enabled\": true },            \"effect\": \"slide\",\"simulateTouch\":false}'><div class=\"swiper-wrapper\"><figure class=\"swiper-slide\">\n        <img decoding=\"async\" src=\"https:\/\/www.echomachinery.com\/wp-content\/uploads\/2020\/11\/Multiple-4.jpg\" alt=\"\"><figcaption class=\"ub_image_slider_image_caption\"> <\/figcaption><\/figure><figure class=\"swiper-slide\">\n        <img decoding=\"async\" src=\"https:\/\/www.echomachinery.com\/wp-content\/uploads\/2020\/11\/Multiple-9.jpg\" alt=\"\"><figcaption class=\"ub_image_slider_image_caption\"> <\/figcaption><\/figure><figure class=\"swiper-slide\">\n        <img decoding=\"async\" src=\"https:\/\/www.echomachinery.com\/wp-content\/uploads\/2020\/11\/snacks.jpg\" alt=\"\"><figcaption class=\"ub_image_slider_image_caption\"> <\/figcaption><\/figure><figure class=\"swiper-slide\">\n        <img decoding=\"async\" src=\"https:\/\/www.echomachinery.com\/wp-content\/uploads\/2020\/11\/snacks-4.jpg\" alt=\"\"><figcaption class=\"ub_image_slider_image_caption\"> <\/figcaption><\/figure><figure class=\"swiper-slide\">\n        <img decoding=\"async\" src=\"https:\/\/www.echomachinery.com\/wp-content\/uploads\/2020\/11\/snacks-3.jpg\" alt=\"\"><figcaption class=\"ub_image_slider_image_caption\"> <\/figcaption><\/figure><figure class=\"swiper-slide\">\n        <img decoding=\"async\" src=\"https:\/\/www.echomachinery.com\/wp-content\/uploads\/2020\/11\/Potato-chips-2.jpg\" alt=\"\"><figcaption class=\"ub_image_slider_image_caption\"> <\/figcaption><\/figure><figure class=\"swiper-slide\">\n        <img decoding=\"async\" src=\"https:\/\/www.echomachinery.com\/wp-content\/uploads\/2020\/11\/candy-6.jpg\" alt=\"\"><figcaption class=\"ub_image_slider_image_caption\"> <\/figcaption><\/figure><figure class=\"swiper-slide\">\n        <img decoding=\"async\" src=\"https:\/\/www.echomachinery.com\/wp-content\/uploads\/2020\/11\/candy-3.jpg\" alt=\"\"><figcaption class=\"ub_image_slider_image_caption\"> <\/figcaption><\/figure><figure class=\"swiper-slide\">\n        <img decoding=\"async\" src=\"https:\/\/www.echomachinery.com\/wp-content\/uploads\/2020\/11\/bean.jpg\" alt=\"\"><figcaption class=\"ub_image_slider_image_caption\"> <\/figcaption><\/figure><\/div><div class=\"swiper-pagination\"><\/div>\n       <div class=\"swiper-button-prev\"><\/div> <div class=\"swiper-button-next\"><\/div>\n        <\/div><\/div><\/div>\n<\/div><\/div><\/div>\n\n\n\n<hr class=\"wp-block-separator is-style-wide\"\/>\n\n\n\n<div class=\"wp-block-kadence-rowlayout alignnone\"><div id=\"kt-layout-id_25fda6-2d\" class=\"kt-row-layout-inner kt-layout-id_25fda6-2d\"><div class=\"kt-row-column-wrap kt-has-2-columns kt-gutter-default kt-v-gutter-default kt-row-valign-middle kt-row-layout-right-golden kt-tab-layout-inherit kt-m-colapse-left-to-right kt-mobile-layout-row\">\n<div class=\"wp-block-kadence-column inner-column-1 kadence-column_400c30-da\"><div class=\"kt-inside-inner-col\">\n<figure class=\"wp-block-image size-large\"><a href=\"https:\/\/www.echomachinery.com\/es\/packaging-machines\/premade-pouch-packing-machine\/\"><img decoding=\"async\" loading=\"lazy\" width=\"300\" height=\"300\" src=\"https:\/\/www.echomachinery.com\/wp-content\/uploads\/2020\/06\/MR8-200RW-300.jpg\" alt=\"M\u00e1quina de envasado MR8-200RW-300\" class=\"wp-image-1351\" srcset=\"https:\/\/www.echomachinery.com\/wp-content\/uploads\/2020\/06\/MR8-200RW-300.jpg 300w, https:\/\/www.echomachinery.com\/wp-content\/uploads\/2020\/06\/MR8-200RW-300-150x150.jpg 150w\" sizes=\"(max-width: 300px) 100vw, 300px\" \/><\/a><\/figure>\n<\/div><\/div>\n\n\n\n<div class=\"wp-block-kadence-column inner-column-2 kadence-column_bc071e-2d\"><div class=\"kt-inside-inner-col\">\n<div class=\"product\">\n    <span class=\"product-series\">SERIE MR8-300\/200RW<\/span>\n    <a href=\"\/es\/packaging-machines\/premade-pouch-packing-machine\/\"><h2 class=\"product-name\">M\u00e1quina de embalaje de bolsa prefabricada de alimentos para aperitivos<\/h2><\/a>\n    <span class=\"product-features\">\n        <span class=\"product-features-main\">Presentado en un hermoso empaque<\/span>\n        <span class=\"product-speed\">Hasta 80 bolsas\/min<\/span>\n    <\/span>\n    <span class=\"product-description\">Nuestra m\u00e1quina de embalaje de bolsa prefabricada est\u00e1 hecha a medida para la comida de bocadillos, a trav\u00e9s de un sofisticado dise\u00f1o de envases, hace que sus productos se destaquen en los estantes de los supermercados o en las p\u00e1ginas de productos de comercio electr\u00f3nico. Alta velocidad, estabilidad y precio bajo.<\/span>\n<\/div>\n<\/div><\/div>\n<\/div><\/div><\/div>\n\n\n\n<p>Mire el video a continuaci\u00f3n para saber c\u00f3mo funciona nuestra m\u00e1quina de embalaje de bolsa prefabricada.<\/p>\n\n\n\n<div class=\"wp-block-kadence-rowlayout alignnone\"><div id=\"kt-layout-id_cf5111-6b\" class=\"kt-row-layout-inner kt-layout-id_cf5111-6b\"><div class=\"kt-row-column-wrap kt-has-2-columns kt-gutter-default kt-v-gutter-default kt-row-valign-top kt-row-layout-equal kt-tab-layout-inherit kt-m-colapse-left-to-right kt-mobile-layout-row\">\n<div class=\"wp-block-kadence-column inner-column-1 kadence-column_8736a9-3c\"><div class=\"kt-inside-inner-col\">\n<figure class=\"wp-block-embed is-type-video is-provider-youtube wp-block-embed-youtube wp-embed-aspect-16-9 wp-has-aspect-ratio\"><div class=\"wp-block-embed__wrapper\">\n<div class=\"nv-iframe-embed\"><iframe loading=\"lazy\" title=\"M\u00e1quina envasadora de bolsas con cierre herm\u00e9tico para aperitivos | ECHO MACHINERY\" width=\"1090\" height=\"613\" src=\"https:\/\/www.youtube.com\/embed\/yxeg-uH6-xM?feature=oembed\" frameborder=\"0\" allow=\"accelerometer; autoplay; clipboard-write; encrypted-media; gyroscope; picture-in-picture\" allowfullscreen><\/iframe><\/div>\n<\/div><\/figure>\n<\/div><\/div>\n\n\n\n<div class=\"wp-block-kadence-column inner-column-2 kadence-column_c462f1-95\"><div class=\"kt-inside-inner-col\">\n<figure class=\"wp-block-embed is-type-video is-provider-youtube wp-block-embed-youtube wp-embed-aspect-16-9 wp-has-aspect-ratio\"><div class=\"wp-block-embed__wrapper\">\n<div class=\"nv-iframe-embed\"><iframe loading=\"lazy\" title=\"M\u00e1quina envasadora de queso triturado con pesaje de recubrimiento de tefl\u00f3n | Echo Machinery\" width=\"1090\" height=\"613\" src=\"https:\/\/www.youtube.com\/embed\/-rSajDySgzw?feature=oembed\" frameborder=\"0\" allow=\"accelerometer; autoplay; clipboard-write; encrypted-media; gyroscope; picture-in-picture\" allowfullscreen><\/iframe><\/div>\n<\/div><\/figure>\n<\/div><\/div>\n<\/div><\/div><\/div>\n\n\n\n<hr class=\"wp-block-separator is-style-wide\"\/>\n\n\n\n<div class=\"wp-block-kadence-rowlayout alignnone\"><div id=\"kt-layout-id_032e08-5d\" class=\"kt-row-layout-inner kt-layout-id_032e08-5d\"><div class=\"kt-row-column-wrap kt-has-2-columns kt-gutter-default kt-v-gutter-default kt-row-valign-middle kt-row-layout-right-golden kt-tab-layout-inherit kt-m-colapse-left-to-right kt-mobile-layout-row\">\n<div class=\"wp-block-kadence-column inner-column-1 kadence-column_5860df-f1\"><div class=\"kt-inside-inner-col\">\n<figure class=\"wp-block-image size-large\"><a href=\"https:\/\/www.echomachinery.com\/es\/packaging-machines\/automatic-vacuum-packaging-machine\/\"><img decoding=\"async\" loading=\"lazy\" width=\"300\" height=\"300\" src=\"https:\/\/www.echomachinery.com\/wp-content\/uploads\/2020\/06\/MRZK-120-300.jpg\" alt=\"M\u00e1quina de envasado al vac\u00edo MRZK-120-300\" class=\"wp-image-1352\" srcset=\"https:\/\/www.echomachinery.com\/wp-content\/uploads\/2020\/06\/MRZK-120-300.jpg 300w, https:\/\/www.echomachinery.com\/wp-content\/uploads\/2020\/06\/MRZK-120-300-150x150.jpg 150w\" sizes=\"(max-width: 300px) 100vw, 300px\" \/><\/a><\/figure>\n<\/div><\/div>\n\n\n\n<div class=\"wp-block-kadence-column inner-column-2 kadence-column_816e89-99\"><div class=\"kt-inside-inner-col\">\n<div class=\"product\">\n    <span class=\"product-series\">SERIE MRZK<\/span>\n    <a href=\"\/es\/packaging-machines\/automatic-vacuum-packaging-machine\/\"><h2 class=\"product-name\">M\u00e1quina de envasado al vac\u00edo autom\u00e1tica<\/h2><\/a>\n    <span class=\"product-features\">\n        <span class=\"product-features-main\">Envase al vac\u00edo<\/span>\n        <span class=\"product-speed\">Hasta 80 bolsas\/min<\/span>\n    <\/span>\n    <span class=\"product-description\">La m\u00e1quina de envasado autom\u00e1tico al vac\u00edo est\u00e1 dise\u00f1ada para usuarios que necesitan envasado al vac\u00edo. Algunos productos pueden necesitar envases al vac\u00edo para prolongar su vida \u00fatil y tambi\u00e9n tener una buena apariencia. Nuestra m\u00e1quina de envasado al vac\u00edo se basa en el dise\u00f1o de la m\u00e1quina de envasado de bolsa prefabricada para que pueda ser envasada al vac\u00edo al mismo tiempo que mantenga una velocidad considerable.<\/span>\n<\/div>\n<\/div><\/div>\n<\/div><\/div><\/div>\n\n\n\n<figure class=\"wp-block-embed is-type-video is-provider-youtube wp-block-embed-youtube wp-embed-aspect-16-9 wp-has-aspect-ratio\"><div class=\"wp-block-embed__wrapper\">\n<div class=\"nv-iframe-embed\"><iframe loading=\"lazy\" title=\"M\u00e1quina de envasado al vac\u00edo con llenador de vasos circulares | ECHO MACHINERY\" width=\"1090\" height=\"613\" src=\"https:\/\/www.youtube.com\/embed\/GJaszzNxhLs?feature=oembed\" frameborder=\"0\" allow=\"accelerometer; autoplay; clipboard-write; encrypted-media; gyroscope; picture-in-picture\" allowfullscreen><\/iframe><\/div>\n<\/div><\/figure>\n\n\n\n<div class=\"wp-block-kadence-rowlayout alignnone\"><div id=\"kt-layout-id_64441f-16\" class=\"kt-row-layout-inner kt-layout-id_64441f-16\"><div class=\"kt-row-column-wrap kt-has-3-columns kt-gutter-default kt-v-gutter-default kt-row-valign-top kt-row-layout-equal kt-tab-layout-inherit kt-m-colapse-left-to-right kt-mobile-layout-row\">\n<div class=\"wp-block-kadence-column inner-column-1 kadence-column_f1bdb4-9e\"><div class=\"kt-inside-inner-col\">\n<a class=\"industries-link\" href=\"\/es\/industries\/liquid-packing-solution\/\"><div class=\"industries-image liquid\"> <div class=\"industries-content\"> <h3 class=\"industries-title\">L\u00edquido<\/h3>  <\/div><\/div>\n<\/a>\n<\/div><\/div>\n\n\n\n<div class=\"wp-block-kadence-column inner-column-2 kadence-column_d4e108-27\"><div class=\"kt-inside-inner-col\">\n<a class=\"industries-link\" href=\"\/es\/industries\/powder-packing-solution\/\"><div class=\"industries-image powder\"> <div class=\"industries-content\"> <h3 class=\"industries-title\">Polvo<\/h3><\/div><\/div>\n<\/a>\n<\/div><\/div>\n\n\n\n<div class=\"wp-block-kadence-column inner-column-3 kadence-column_2a9e38-b3\"><div class=\"kt-inside-inner-col\">\n<a class=\"industries-link\" href=\"\/es\/industries\/granule-packing-solution\/\"><div class=\"industries-image granule\"> <div class=\"industries-content\"> <h3 class=\"industries-title\">Gr\u00e1nulo<\/h3><\/div><\/div>\n<\/a>\n<\/div><\/div>\n<\/div><\/div><\/div>","protected":false},"excerpt":{"rendered":"<p>Snack food occupies a huge proportion of our business. Such products often require many special requirements, such as nitrogen filling packaging, bag in bag, zipper pouch, spout pouch, etc. Premade Pouch Packing Machine can meet these needs, And you can freely change the premade pouch. At the same time, your products will stand out dazzling&hellip;&nbsp;<a href=\"https:\/\/www.echomachinery.com\/es\/industries\/snack-food-packaging-machine\/\" class=\"\" rel=\"bookmark\">Leer m\u00e1s \u00bb<span class=\"screen-reader-text\">M\u00e1quina de envasado de alimentos para bocadillos y m\u00e1quina de mapas de bocadi<\/span><\/a><\/p>","protected":false},"author":1,"featured_media":0,"parent":1640,"menu_order":1100,"comment_status":"closed","ping_status":"closed","template":"page-templates\/product.php","meta":{"inline_featured_image":false,"ub_ctt_via":"","kt_blocks_editor_width":""},"aioseo_notices":[],"featured_image_src":null,"_links":{"self":[{"href":"https:\/\/www.echomachinery.com\/es\/wp-json\/wp\/v2\/pages\/2756"}],"collection":[{"href":"https:\/\/www.echomachinery.com\/es\/wp-json\/wp\/v2\/pages"}],"about":[{"href":"https:\/\/www.echomachinery.com\/es\/wp-json\/wp\/v2\/types\/page"}],"author":[{"embeddable":true,"href":"https:\/\/www.echomachinery.com\/es\/wp-json\/wp\/v2\/users\/1"}],"replies":[{"embeddable":true,"href":"https:\/\/www.echomachinery.com\/es\/wp-json\/wp\/v2\/comments?post=2756"}],"version-history":[{"count":1,"href":"https:\/\/www.echomachinery.com\/es\/wp-json\/wp\/v2\/pages\/2756\/revisions"}],"predecessor-version":[{"id":6417,"href":"https:\/\/www.echomachinery.com\/es\/wp-json\/wp\/v2\/pages\/2756\/revisions\/6417"}],"up":[{"embeddable":true,"href":"https:\/\/www.echomachinery.com\/es\/wp-json\/wp\/v2\/pages\/1640"}],"wp:attachment":[{"href":"https:\/\/www.echomachinery.com\/es\/wp-json\/wp\/v2\/media?parent=2756"}],"curies":[{"name":"pp","href":"https:\/\/api.w.org\/{rel}","templated":true}]}}