{"id":28,"date":"2020-01-17T15:26:04","date_gmt":"2020-01-17T15:26:04","guid":{"rendered":"https:\/\/demosites.io\/web-agency\/?page_id=28"},"modified":"2022-11-11T03:04:42","modified_gmt":"2022-11-11T02:04:42","slug":"about-us","status":"publish","type":"page","link":"https:\/\/www.echomachinery.com\/es\/about-us\/","title":{"rendered":"Sobre nosotros"},"content":{"rendered":"<div class=\"is-layout-flex wp-container-3 wp-block-columns\">\n<div class=\"is-layout-flow wp-block-column\" style=\"flex-basis:66.66%\">\n<p>Echo Machinery se estableci\u00f3 en 2000, tiene 22 a\u00f1os de historia especializ\u00e1ndose en el campo de las m\u00e1quinas de embalaje. Como el mayor fabricante de m\u00e1quinas de embalaje en China, tiene 600 empleados, incluidos 50 ingenieros de I+D experimentados, <a href=\"https:\/\/www.echomachinery.com\/es\/resources\/blog\/why-choose-packaging-machine-of-echo-machinery\/#0-patents\">m\u00e1s de 90<\/a> patentes, el creador de reglas de <a href=\"https:\/\/std.samr.gov.cn\/gb\/search\/gbDetailed?id=E116673EA551A3B7E05397BE0A0AC6BF\">M\u00e1quina autom\u00e1tica de envasado de bolsas prefabricadas seg\u00fan las normas nacionales<\/a>. Nuestras m\u00e1quinas con certificaci\u00f3n CE se venden muy bien en todo el mundo, con una producci\u00f3n anual superior a las 2.600 unidades.<\/p>\n\n\n\n<p>No solo fabricamos maquinaria, sino que tambi\u00e9n ofrecemos asesoramiento preventa, dise\u00f1o y mantenimiento posventa. Podemos satisfacer cualquier requisito de embalaje complejo. La excelente calidad de nuestros productos, un presupuesto razonable y una \u00e9tica empresarial ejemplar son la clave de nuestro \u00e9xito y la satisfacci\u00f3n de nuestros clientes.<\/p>\n\n\n<div class=\"wp-block-ub-styled-list ub_styled_list\" id=\"ub_styled_list-e1825fd7-2799-4285-9651-b762fc6c202b\"><ul class=\"fa-ul\"><li>Ofrecemos formaci\u00f3n y asistencia t\u00e9cnica.<\/li><li>Tenemos un equipo de control de calidad experimentado y seguimiento del progreso.<\/li><li>Ofrecemos servicio de env\u00edo puerta a puerta.<\/li><li>M\u00e1s de 70 patentes y nuestra propia m\u00e1quina.\u00a0<\/li><\/ul><\/div><\/div>\n\n\n\n<div class=\"is-layout-flow wp-block-column\" style=\"flex-basis:20%\">\n<div class=\"wp-block-image\"><figure class=\"aligncenter size-full\"><img decoding=\"async\" loading=\"lazy\" width=\"218\" height=\"365\" src=\"https:\/\/www.echomachinery.com\/wp-content\/uploads\/2022\/07\/all-logo.jpg\" alt=\"\" class=\"wp-image-6034\" srcset=\"https:\/\/www.echomachinery.com\/wp-content\/uploads\/2022\/07\/all-logo.jpg 218w, https:\/\/www.echomachinery.com\/wp-content\/uploads\/2022\/07\/all-logo-179x300.jpg 179w\" sizes=\"(max-width: 218px) 100vw, 218px\" \/><\/figure><\/div>\n<\/div>\n<\/div>\n\n\n\n<div style=\"height:50px\" aria-hidden=\"true\" class=\"wp-block-spacer\"><\/div>\n\n\n\n<figure class=\"wp-block-embed is-type-video is-provider-youtube wp-block-embed-youtube wp-embed-aspect-16-9 wp-has-aspect-ratio\"><div class=\"wp-block-embed__wrapper\">\n<div class=\"nv-iframe-embed\"><iframe loading=\"lazy\" title=\"V\u00eddeo de la nueva visita a la f\u00e1brica (2022) | ECHO MACHINERY\" width=\"1090\" height=\"613\" src=\"https:\/\/www.youtube.com\/embed\/d9cAwnQ5-JA?feature=oembed\" frameborder=\"0\" allow=\"accelerometer; autoplay; clipboard-write; encrypted-media; gyroscope; picture-in-picture; web-share\" referrerpolicy=\"strict-origin-when-cross-origin\" allowfullscreen><\/iframe><\/div>\n<\/div><\/figure>\n\n\n\n<div style=\"height:20px\" aria-hidden=\"true\" class=\"wp-block-spacer\"><\/div>\n\n\n<style id=\"kt-blocks_ac9e40-59\">.wp-block-kadence-iconlist.kt-svg-icon-list-items_ac9e40-59:not(.this-stops-third-party-issues) {margin-top:0}.wp-block-kadence-iconlist.kt-svg-icon-list-items_ac9e40-59 ul.kt-svg-icon-list {margin:0px 0px 10px 0px;}.kt-svg-icon-list-items_ac9e40-59 ul.kt-svg-icon-list .kt-svg-icon-list-item-wrap, .kt-svg-icon-list-items_ac9e40-59 ul.kt-svg-icon-list .kt-svg-icon-list-item-wrap a {}<\/style>\n<div class=\"wp-block-kadence-iconlist kt-svg-icon-list-items kt-svg-icon-list-items_ac9e40-59 kt-svg-icon-list-columns-1 alignnone kt-list-icon-aligntop\"><ul class=\"kt-svg-icon-list\"><li class=\"kt-svg-icon-list-style-default kt-svg-icon-list-item-wrap kt-svg-icon-list-item-0\"><div style=\"display:inline-flex;justify-content:center;align-items:center\" class=\"kt-svg-icon-list-single kt-svg-icon-list-single-fe_chevronRight\"><svg style=\"display:inline-block;vertical-align:middle\" viewbox=\"0 0 24 24\" height=\"20\" width=\"20\" fill=\"none\" stroke=\"currentColor\" xmlns=\"http:\/\/www.w3.org\/2000\/svg\" stroke-width=\"2\" stroke-linecap=\"round\" stroke-linejoin=\"round\" aria-hidden=\"true\"><polyline points=\"9 18 15 12 9 6\"><\/polyline><\/svg><\/div><span class=\"kt-svg-icon-list-text\">Escuchar las necesidades de los clientes, preocuparse por el progreso de la industria, para ofrecer a los clientes productos de mayor calidad.<\/span><\/li><li class=\"kt-svg-icon-list-style-default kt-svg-icon-list-item-wrap kt-svg-icon-list-item-1\"><div style=\"display:inline-flex;justify-content:center;align-items:center\" class=\"kt-svg-icon-list-single kt-svg-icon-list-single-fe_chevronRight\"><svg style=\"display:inline-block;vertical-align:middle\" viewbox=\"0 0 24 24\" height=\"20\" width=\"20\" fill=\"none\" stroke=\"currentColor\" xmlns=\"http:\/\/www.w3.org\/2000\/svg\" stroke-width=\"2\" stroke-linecap=\"round\" stroke-linejoin=\"round\" aria-hidden=\"true\"><polyline points=\"9 18 15 12 9 6\"><\/polyline><\/svg><\/div><span class=\"kt-svg-icon-list-text\">No importa d\u00f3nde est\u00e9s, puedes encontrarnos. Estaremos a tu lado a tiempo para resolver todos tus problemas.<\/span><\/li><li class=\"kt-svg-icon-list-style-default kt-svg-icon-list-item-wrap kt-svg-icon-list-item-2\"><div style=\"display:inline-flex;justify-content:center;align-items:center\" class=\"kt-svg-icon-list-single kt-svg-icon-list-single-fe_chevronRight\"><svg style=\"display:inline-block;vertical-align:middle\" viewbox=\"0 0 24 24\" height=\"20\" width=\"20\" fill=\"none\" stroke=\"currentColor\" xmlns=\"http:\/\/www.w3.org\/2000\/svg\" stroke-width=\"2\" stroke-linecap=\"round\" stroke-linejoin=\"round\" aria-hidden=\"true\"><polyline points=\"9 18 15 12 9 6\"><\/polyline><\/svg><\/div><span class=\"kt-svg-icon-list-text\">Productos flexibles, completos y de alta calidad: somos la primera opci\u00f3n en este sector.<\/span><\/li><li class=\"kt-svg-icon-list-style-default kt-svg-icon-list-item-wrap kt-svg-icon-list-item-3\"><div style=\"display:inline-flex;justify-content:center;align-items:center\" class=\"kt-svg-icon-list-single kt-svg-icon-list-single-fe_chevronRight\"><svg style=\"display:inline-block;vertical-align:middle\" viewbox=\"0 0 24 24\" height=\"20\" width=\"20\" fill=\"none\" stroke=\"currentColor\" xmlns=\"http:\/\/www.w3.org\/2000\/svg\" stroke-width=\"2\" stroke-linecap=\"round\" stroke-linejoin=\"round\" aria-hidden=\"true\"><polyline points=\"9 18 15 12 9 6\"><\/polyline><\/svg><\/div><span class=\"kt-svg-icon-list-text\">Haremos todo lo posible para agilizar la entrega si es urgente.<\/span><\/li><li class=\"kt-svg-icon-list-style-default kt-svg-icon-list-item-wrap kt-svg-icon-list-item-4\"><div style=\"display:inline-flex;justify-content:center;align-items:center\" class=\"kt-svg-icon-list-single kt-svg-icon-list-single-fe_chevronRight\"><svg style=\"display:inline-block;vertical-align:middle\" viewbox=\"0 0 24 24\" height=\"20\" width=\"20\" fill=\"none\" stroke=\"currentColor\" xmlns=\"http:\/\/www.w3.org\/2000\/svg\" stroke-width=\"2\" stroke-linecap=\"round\" stroke-linejoin=\"round\" aria-hidden=\"true\"><polyline points=\"9 18 15 12 9 6\"><\/polyline><\/svg><\/div><span class=\"kt-svg-icon-list-text\">Constantemente desarrollamos nuevas ideas y buscamos socios. Nos esforzamos por ganarnos la confianza de cada cliente.<\/span><\/li><li class=\"kt-svg-icon-list-style-default kt-svg-icon-list-item-wrap kt-svg-icon-list-item-5\"><div style=\"display:inline-flex;justify-content:center;align-items:center\" class=\"kt-svg-icon-list-single kt-svg-icon-list-single-fe_chevronRight\"><svg style=\"display:inline-block;vertical-align:middle\" viewbox=\"0 0 24 24\" height=\"20\" width=\"20\" fill=\"none\" stroke=\"currentColor\" xmlns=\"http:\/\/www.w3.org\/2000\/svg\" stroke-width=\"2\" stroke-linecap=\"round\" stroke-linejoin=\"round\" aria-hidden=\"true\"><polyline points=\"9 18 15 12 9 6\"><\/polyline><\/svg><\/div><span class=\"kt-svg-icon-list-text\">Hemos sido l\u00edderes en maquinaria. En el futuro, debemos mejorar.<\/span><\/li><\/ul><\/div>\n\n\n<div class=\"wp-block-ub-styled-box ub-styled-box ub-notification-box\" id=\"ub-styled-box-fb7cd926-036e-416b-aa24-004aadc76d1a\">\n\n\n<p id=\"ub-styled-box-notification-content-\">Nuestra empresa en China es \u6d59\u6c5f\u540d\u745e\u673a\u68b0\u6709\u9650\u516c\u53f8. Los clientes que deseen comprar en China deben comunicarse a trav\u00e9s de <a href=\"http:\/\/www.reador.cn\" title=\"www.reador.cn\">www.reador.cn<\/a><\/p>\n\n\n<\/div>\n\n\n<div style=\"height:50px\" aria-hidden=\"true\" class=\"wp-block-spacer\"><\/div>\n\n\n\n<hr class=\"wp-block-separator\"\/>\n\n\n\n<h2 class=\"has-text-align-center\" style=\"font-size:50px\">Nuestras f\u00e1bricas y oficinas<\/h2>\n\n\n\n<figure class=\"is-layout-flex wp-block-gallery-4 wp-block-gallery has-nested-images columns-3 is-cropped\">\n<figure class=\"wp-block-image size-large\"><img decoding=\"async\" loading=\"lazy\" width=\"400\" height=\"300\" data-id=\"1046\"  src=\"https:\/\/www.echomachinery.com\/wp-content\/uploads\/2020\/06\/factories-and-offices7.jpg\" alt=\"nuestras f\u00e1bricas y oficinas\" class=\"wp-image-1046\" srcset=\"https:\/\/www.echomachinery.com\/wp-content\/uploads\/2020\/06\/factories-and-offices7.jpg 400w, https:\/\/www.echomachinery.com\/wp-content\/uploads\/2020\/06\/factories-and-offices7-300x225.jpg 300w, https:\/\/www.echomachinery.com\/wp-content\/uploads\/2020\/06\/factories-and-offices7-150x113.jpg 150w\" sizes=\"(max-width: 400px) 100vw, 400px\" \/><\/figure>\n\n\n\n<figure class=\"wp-block-image size-large\"><img decoding=\"async\" loading=\"lazy\" width=\"400\" height=\"300\" data-id=\"1040\"  src=\"https:\/\/www.echomachinery.com\/wp-content\/uploads\/2020\/06\/factories-and-offices1.jpg\" alt=\"nuestras f\u00e1bricas y oficinas\" class=\"wp-image-1040\" srcset=\"https:\/\/www.echomachinery.com\/wp-content\/uploads\/2020\/06\/factories-and-offices1.jpg 400w, https:\/\/www.echomachinery.com\/wp-content\/uploads\/2020\/06\/factories-and-offices1-300x225.jpg 300w, https:\/\/www.echomachinery.com\/wp-content\/uploads\/2020\/06\/factories-and-offices1-150x113.jpg 150w\" sizes=\"(max-width: 400px) 100vw, 400px\" \/><\/figure>\n\n\n\n<figure class=\"wp-block-image size-large\"><img decoding=\"async\" loading=\"lazy\" width=\"400\" height=\"300\" data-id=\"1042\"  src=\"https:\/\/www.echomachinery.com\/wp-content\/uploads\/2020\/06\/factories-and-offices3.jpg\" alt=\"nuestras f\u00e1bricas y oficinas\" class=\"wp-image-1042\" srcset=\"https:\/\/www.echomachinery.com\/wp-content\/uploads\/2020\/06\/factories-and-offices3.jpg 400w, https:\/\/www.echomachinery.com\/wp-content\/uploads\/2020\/06\/factories-and-offices3-300x225.jpg 300w, https:\/\/www.echomachinery.com\/wp-content\/uploads\/2020\/06\/factories-and-offices3-150x113.jpg 150w\" sizes=\"(max-width: 400px) 100vw, 400px\" \/><\/figure>\n\n\n\n<figure class=\"wp-block-image size-large\"><img decoding=\"async\" loading=\"lazy\" width=\"400\" height=\"300\" data-id=\"1047\"  src=\"https:\/\/www.echomachinery.com\/wp-content\/uploads\/2020\/06\/factories-and-offices8.jpg\" alt=\"nuestras f\u00e1bricas y oficinas\" class=\"wp-image-1047\" srcset=\"https:\/\/www.echomachinery.com\/wp-content\/uploads\/2020\/06\/factories-and-offices8.jpg 400w, https:\/\/www.echomachinery.com\/wp-content\/uploads\/2020\/06\/factories-and-offices8-300x225.jpg 300w, https:\/\/www.echomachinery.com\/wp-content\/uploads\/2020\/06\/factories-and-offices8-150x113.jpg 150w\" sizes=\"(max-width: 400px) 100vw, 400px\" \/><\/figure>\n\n\n\n<figure class=\"wp-block-image size-large\"><img decoding=\"async\" loading=\"lazy\" width=\"400\" height=\"300\" data-id=\"1043\"  src=\"https:\/\/www.echomachinery.com\/wp-content\/uploads\/2020\/06\/factories-and-offices4.jpg\" alt=\"nuestras f\u00e1bricas y oficinas\" class=\"wp-image-1043\" srcset=\"https:\/\/www.echomachinery.com\/wp-content\/uploads\/2020\/06\/factories-and-offices4.jpg 400w, https:\/\/www.echomachinery.com\/wp-content\/uploads\/2020\/06\/factories-and-offices4-300x225.jpg 300w, https:\/\/www.echomachinery.com\/wp-content\/uploads\/2020\/06\/factories-and-offices4-150x113.jpg 150w\" sizes=\"(max-width: 400px) 100vw, 400px\" \/><\/figure>\n\n\n\n<figure class=\"wp-block-image size-large\"><img decoding=\"async\" loading=\"lazy\" width=\"400\" height=\"300\" data-id=\"1044\"  src=\"https:\/\/www.echomachinery.com\/wp-content\/uploads\/2020\/06\/factories-and-offices5.jpg\" alt=\"nuestras f\u00e1bricas y oficinas\" class=\"wp-image-1044\" srcset=\"https:\/\/www.echomachinery.com\/wp-content\/uploads\/2020\/06\/factories-and-offices5.jpg 400w, https:\/\/www.echomachinery.com\/wp-content\/uploads\/2020\/06\/factories-and-offices5-300x225.jpg 300w, https:\/\/www.echomachinery.com\/wp-content\/uploads\/2020\/06\/factories-and-offices5-150x113.jpg 150w\" sizes=\"(max-width: 400px) 100vw, 400px\" \/><\/figure>\n\n\n\n<figure class=\"wp-block-image size-large\"><img decoding=\"async\" loading=\"lazy\" width=\"400\" height=\"300\" data-id=\"1045\"  src=\"https:\/\/www.echomachinery.com\/wp-content\/uploads\/2020\/06\/factories-and-offices6.jpg\" alt=\"nuestras f\u00e1bricas y oficinas\" class=\"wp-image-1045\" srcset=\"https:\/\/www.echomachinery.com\/wp-content\/uploads\/2020\/06\/factories-and-offices6.jpg 400w, https:\/\/www.echomachinery.com\/wp-content\/uploads\/2020\/06\/factories-and-offices6-300x225.jpg 300w, https:\/\/www.echomachinery.com\/wp-content\/uploads\/2020\/06\/factories-and-offices6-150x113.jpg 150w\" sizes=\"(max-width: 400px) 100vw, 400px\" \/><\/figure>\n\n\n\n<figure class=\"wp-block-image size-large\"><img decoding=\"async\" loading=\"lazy\" width=\"400\" height=\"300\" data-id=\"1048\"  src=\"https:\/\/www.echomachinery.com\/wp-content\/uploads\/2020\/06\/factories-and-offices9.jpg\" alt=\"nuestras f\u00e1bricas y oficinas\" class=\"wp-image-1048\" srcset=\"https:\/\/www.echomachinery.com\/wp-content\/uploads\/2020\/06\/factories-and-offices9.jpg 400w, https:\/\/www.echomachinery.com\/wp-content\/uploads\/2020\/06\/factories-and-offices9-300x225.jpg 300w, https:\/\/www.echomachinery.com\/wp-content\/uploads\/2020\/06\/factories-and-offices9-150x113.jpg 150w\" sizes=\"(max-width: 400px) 100vw, 400px\" \/><\/figure>\n\n\n\n<figure class=\"wp-block-image size-large\"><img decoding=\"async\" loading=\"lazy\" width=\"400\" height=\"300\" data-id=\"1041\"  src=\"https:\/\/www.echomachinery.com\/wp-content\/uploads\/2020\/06\/factories-and-offices2.jpg\" alt=\"nuestras f\u00e1bricas y oficinas\" class=\"wp-image-1041\" srcset=\"https:\/\/www.echomachinery.com\/wp-content\/uploads\/2020\/06\/factories-and-offices2.jpg 400w, https:\/\/www.echomachinery.com\/wp-content\/uploads\/2020\/06\/factories-and-offices2-300x225.jpg 300w, https:\/\/www.echomachinery.com\/wp-content\/uploads\/2020\/06\/factories-and-offices2-150x113.jpg 150w\" sizes=\"(max-width: 400px) 100vw, 400px\" \/><\/figure>\n<\/figure>\n\n\n\n<div style=\"height:50px\" aria-hidden=\"true\" class=\"wp-block-spacer\"><\/div>\n\n\n\n<div style=\"height:\" aria-hidden=\"true\" class=\"wp-block-spacer\"><\/div>\n\n\n\n<hr class=\"wp-block-separator\"\/>\n\n\n\n<h2 class=\"has-text-align-center\" style=\"font-size:50px\">Equipo de ventas<\/h2>\n\n\n\n<div class=\"wp-block-image is-style-default\"><figure class=\"aligncenter size-full\"><img decoding=\"async\" loading=\"lazy\" width=\"2560\" height=\"1633\" src=\"https:\/\/www.echomachinery.com\/wp-content\/uploads\/2020\/06\/Sales-Team-3-scaled.jpg\" alt=\"nuestro equipo de ventas\" class=\"wp-image-1057\" srcset=\"https:\/\/www.echomachinery.com\/wp-content\/uploads\/2020\/06\/Sales-Team-3-scaled.jpg 2560w, https:\/\/www.echomachinery.com\/wp-content\/uploads\/2020\/06\/Sales-Team-3-300x191.jpg 300w, https:\/\/www.echomachinery.com\/wp-content\/uploads\/2020\/06\/Sales-Team-3-1024x653.jpg 1024w, https:\/\/www.echomachinery.com\/wp-content\/uploads\/2020\/06\/Sales-Team-3-150x96.jpg 150w, https:\/\/www.echomachinery.com\/wp-content\/uploads\/2020\/06\/Sales-Team-3-768x490.jpg 768w, https:\/\/www.echomachinery.com\/wp-content\/uploads\/2020\/06\/Sales-Team-3-1536x980.jpg 1536w, https:\/\/www.echomachinery.com\/wp-content\/uploads\/2020\/06\/Sales-Team-3-2048x1306.jpg 2048w\" sizes=\"(max-width: 2560px) 100vw, 2560px\" \/><\/figure><\/div>\n\n\n<div id=\"ub-testimonial-6baaac59-3fe1-493a-a394-55cbe93ead4e\">\n    <div class=\"wp-block-ub-testimonial ub_testimonial\" id=\"ub_testimonial_6baaac59-3fe1-493a-a394-55cbe93ead4e\">\n        <div class=\"ub_testimonial_img\">\n            <img decoding=\"async\" loading=\"lazy\" src=\"https:\/\/www.echomachinery.com\/wp-content\/uploads\/2020\/06\/cropped-1-1.png\" alt=\"\" height=\"100\" width=\"100\" \/>\n        <\/div>\n        <div class=\"ub_testimonial_content\">\n            <p class=\"ub_testimonial_text\">De hecho, creo que no soy un verdadero hombre de negocios. Me he dedicado a la maquinaria de embalaje durante 15 a\u00f1os. Un principio que he mantenido durante m\u00e1s de 15 a\u00f1os es que nunca considerar\u00e9 productos de mala calidad ni clientes problem\u00e1ticos. A veces, tambi\u00e9n me da miedo cotizar precios altos. Me preocupa que los precios elevados asusten a mis clientes y que, en consecuencia, se pierda la confianza que hemos construido. Por lo tanto, me gano la vida con esfuerzo y perseverancia, manteniendo mi peque\u00f1a carrera. Creo que las personas con valores universales similares finalmente se unir\u00e1n. Hay un viejo dicho chino: &quot;Dios los cr\u00eda y ellos se juntan&quot;. Si no encontr\u00f3 el equipo o proveedor adecuado en este c\u00edrculo, vuelva a contactarme. Siempre estar\u00e9 a su disposici\u00f3n.<\/p>\n        <\/div>\n        <div class=\"ub_testimonial_sign\">\n            <p class=\"ub_testimonial_author\">Echo Chang<\/p>\n            <p class=\"ub_testimonial_author_role\"><em>\u2014 Maquinaria ECHO<\/em><\/p>\n        <\/div>\n    <\/div>\n<\/div>\n\n\n<hr class=\"wp-block-separator is-style-default\"\/>\n\n\n\n<div class=\"wp-block-kadence-rowlayout alignnone\"><div id=\"kt-layout-id_409f9c-0e\" class=\"kt-row-layout-inner kt-layout-id_409f9c-0e\"><div class=\"kt-row-column-wrap kt-has-4-columns kt-gutter-default kt-v-gutter-default kt-row-valign-top kt-row-layout-equal kt-tab-layout-inherit kt-m-colapse-left-to-right kt-mobile-layout-row\">\n<div class=\"wp-block-kadence-column inner-column-1 kadence-column_a10155-88\"><div class=\"kt-inside-inner-col\">\n<figure class=\"wp-block-image size-full\"><img decoding=\"async\" loading=\"lazy\" width=\"300\" height=\"200\" src=\"https:\/\/www.echomachinery.com\/wp-content\/uploads\/2022\/07\/factories-and-offices3-300x225-1.jpg\" alt=\"\" class=\"wp-image-5973\"\/><\/figure>\n\n\n\n<div class=\"so-widget-sow-button button-s2 button-center\">\n                        <a href=\"https:\/\/www.echomachinery.com\/es\/about-us\/support-services\/\" class=\"button-hover\">\n                            <span>Servicio de soporte<\/span><\/a><\/div>\n<\/div><\/div>\n\n\n\n<div class=\"wp-block-kadence-column inner-column-2 kadence-column_51713c-23\"><div class=\"kt-inside-inner-col\">\n<figure class=\"wp-block-image size-full\"><img decoding=\"async\" loading=\"lazy\" width=\"300\" height=\"200\" src=\"https:\/\/www.echomachinery.com\/wp-content\/uploads\/2022\/07\/e2403eba9f0fe3ef1bb7cf0c636b99a-1-1.jpg\" alt=\"\" class=\"wp-image-5975\"\/><\/figure>\n\n\n\n<div class=\"so-widget-sow-button button-s2 button-center\">\n                        <a href=\"https:\/\/www.echomachinery.com\/es\/about-us\/quality-control\/\" class=\"button-hover\">\n                            <span>Control de calidad<\/span><\/a><\/div>\n<\/div><\/div>\n\n\n\n<div class=\"wp-block-kadence-column inner-column-3 kadence-column_a11232-7f\"><div class=\"kt-inside-inner-col\">\n<figure class=\"wp-block-image size-large\"><img decoding=\"async\" loading=\"lazy\" width=\"300\" height=\"200\" src=\"https:\/\/www.echomachinery.com\/wp-content\/uploads\/2020\/06\/Our-Clients-link.jpg\" alt=\"Nuestros clientes\" class=\"wp-image-1081\" srcset=\"https:\/\/www.echomachinery.com\/wp-content\/uploads\/2020\/06\/Our-Clients-link.jpg 300w, https:\/\/www.echomachinery.com\/wp-content\/uploads\/2020\/06\/Our-Clients-link-150x100.jpg 150w, https:\/\/www.echomachinery.com\/wp-content\/uploads\/2020\/06\/Our-Clients-link-272x182.jpg 272w\" sizes=\"(max-width: 300px) 100vw, 300px\" \/><\/figure>\n\n\n\n<div class=\"so-widget-sow-button button-s2 button-center\">\n                        <a href=\"https:\/\/www.echomachinery.com\/es\/about-us\/our-partners\/\" class=\"button-hover\">\n                            <span>Nuestros clientes<\/span><\/a><\/div>\n<\/div><\/div>\n\n\n\n<div class=\"wp-block-kadence-column inner-column-4 kadence-column_9b6633-24\"><div class=\"kt-inside-inner-col\">\n<figure class=\"wp-block-image size-large\"><img decoding=\"async\" loading=\"lazy\" width=\"300\" height=\"200\" src=\"https:\/\/www.echomachinery.com\/wp-content\/uploads\/2020\/06\/Privacy-Policy-link.jpg\" alt=\"Enlace a la Pol\u00edtica de Privacidad\" class=\"wp-image-1083\" srcset=\"https:\/\/www.echomachinery.com\/wp-content\/uploads\/2020\/06\/Privacy-Policy-link.jpg 300w, https:\/\/www.echomachinery.com\/wp-content\/uploads\/2020\/06\/Privacy-Policy-link-150x100.jpg 150w, https:\/\/www.echomachinery.com\/wp-content\/uploads\/2020\/06\/Privacy-Policy-link-272x182.jpg 272w\" sizes=\"(max-width: 300px) 100vw, 300px\" \/><\/figure>\n\n\n\n<div class=\"so-widget-sow-button button-s2 button-center\">\n                        <a href=\"https:\/\/www.echomachinery.com\/es\/about-us\/privacy-policy\/\" class=\"button-hover\">\n                            <span>pol\u00edtica de privacidad<\/span><\/a><\/div>\n<\/div><\/div>\n<\/div><\/div><\/div>","protected":false},"excerpt":{"rendered":"<p>Echo Se estableci\u00f3 la maquinaria en 2000, hay 22 a\u00f1os de historia de especializaci\u00f3n en el campo de m\u00e1quinas de embalaje. Como el mayor fabricante de m\u00e1quinas de envasado en China, hay 600 empleados, incluidos 50 ingenieros de I+D experimentados, tienen m\u00e1s de 90 patentes, el legislador de las normas nacionales de envasado autom\u00e1tico de bolsas de bolsas prefabricadas. Nuestras m\u00e1quinas con\u2026&nbsp;<a href=\"https:\/\/www.echomachinery.com\/es\/about-us\/\" class=\"\" rel=\"bookmark\">Leer m\u00e1s \u00bb<span class=\"screen-reader-text\">Sobre nosotros<\/span><\/a><\/p>","protected":false},"author":1,"featured_media":0,"parent":0,"menu_order":0,"comment_status":"closed","ping_status":"closed","template":"page-templates\/page.php","meta":{"inline_featured_image":false,"ub_ctt_via":"","kt_blocks_editor_width":""},"aioseo_notices":[],"featured_image_src":null,"_links":{"self":[{"href":"https:\/\/www.echomachinery.com\/es\/wp-json\/wp\/v2\/pages\/28"}],"collection":[{"href":"https:\/\/www.echomachinery.com\/es\/wp-json\/wp\/v2\/pages"}],"about":[{"href":"https:\/\/www.echomachinery.com\/es\/wp-json\/wp\/v2\/types\/page"}],"author":[{"embeddable":true,"href":"https:\/\/www.echomachinery.com\/es\/wp-json\/wp\/v2\/users\/1"}],"replies":[{"embeddable":true,"href":"https:\/\/www.echomachinery.com\/es\/wp-json\/wp\/v2\/comments?post=28"}],"version-history":[{"count":2,"href":"https:\/\/www.echomachinery.com\/es\/wp-json\/wp\/v2\/pages\/28\/revisions"}],"predecessor-version":[{"id":6854,"href":"https:\/\/www.echomachinery.com\/es\/wp-json\/wp\/v2\/pages\/28\/revisions\/6854"}],"wp:attachment":[{"href":"https:\/\/www.echomachinery.com\/es\/wp-json\/wp\/v2\/media?parent=28"}],"curies":[{"name":"pp","href":"https:\/\/api.w.org\/{rel}","templated":true}]}}