{"id":2871,"date":"2020-11-27T05:19:24","date_gmt":"2020-11-27T05:19:24","guid":{"rendered":"https:\/\/www.echomachinery.com\/?page_id=2871"},"modified":"2022-08-03T03:05:11","modified_gmt":"2022-08-03T01:05:11","slug":"food-packaging-machine","status":"publish","type":"page","link":"https:\/\/www.echomachinery.com\/es\/industries\/food-packaging-machine\/","title":{"rendered":"M\u00e1quina autom\u00e1tica de envasado de alimentos"},"content":{"rendered":"<div class=\"wp-block-kadence-rowlayout alignnone\"><div id=\"kt-layout-id_27d8c2-72\" class=\"kt-row-layout-inner kt-layout-id_27d8c2-72\"><div class=\"kt-row-column-wrap kt-has-2-columns kt-gutter-default kt-v-gutter-default kt-row-valign-top kt-row-layout-left-golden kt-tab-layout-inherit kt-m-colapse-left-to-right kt-mobile-layout-row\">\n<div class=\"wp-block-kadence-column inner-column-1 kadence-column_998aa0-d2\"><div class=\"kt-inside-inner-col\">\n<p><strong>Envases de alimentos<\/strong> Representa una gran parte del negocio de nuestra empresa, incluyendo principalmente algunos snacks, carne, verduras y otros productos. Muchos clientes han logrado un alto grado de automatizaci\u00f3n gracias a nuestras m\u00e1quinas. Contamos con muchos tipos diferentes de m\u00e1quinas para envasar alimentos. Puede elegir seg\u00fan sus necesidades. Si no conoce la diferencia entre ellas, puede leer nuestro art\u00edculo. <a href=\"https:\/\/www.echomachinery.com\/es\/resources\/blog\/4-types-of-automatic-food-packaging-machines\/\" title=\"4 tipos de m\u00e1quinas autom\u00e1ticas para el envasado de alimentos\">4 tipos de m\u00e1quinas autom\u00e1ticas para el envasado de alimentos<\/a>.<\/p>\n<\/div><\/div>\n\n\n\n<div class=\"wp-block-kadence-column inner-column-2 kadence-column_a6084f-53\"><div class=\"kt-inside-inner-col\"><div class=\"ub_image_slider swiper-container wp-block-ub-image-slider\" id=\"ub_image_slider_162c4ed2-3178-4b10-82f5-a53bd797245f\" data-swiper-data='{\"spaceBetween\":20,\"slidesPerView\":1,\"loop\":true,\"pagination\":{\"el\": \".swiper-pagination\" , \"type\": \"bullets\", \"clickable\":true}            ,\"navigation\": {\"nextEl\": \".swiper-button-next\", \"prevEl\": \".swiper-button-prev\"}, \"keyboard\": { \"enabled\": true },            \"effect\": \"slide\",\"simulateTouch\":false}'><div class=\"swiper-wrapper\"><figure class=\"swiper-slide\">\n        <img decoding=\"async\" src=\"https:\/\/www.echomachinery.com\/wp-content\/uploads\/2020\/11\/Multiple-4.jpg\" alt=\"\"><figcaption class=\"ub_image_slider_image_caption\"> <\/figcaption><\/figure><figure class=\"swiper-slide\">\n        <img decoding=\"async\" src=\"https:\/\/www.echomachinery.com\/wp-content\/uploads\/2020\/11\/Multiple-9.jpg\" alt=\"\"><figcaption class=\"ub_image_slider_image_caption\"> <\/figcaption><\/figure><figure class=\"swiper-slide\">\n        <img decoding=\"async\" src=\"https:\/\/www.echomachinery.com\/wp-content\/uploads\/2020\/11\/snacks.jpg\" alt=\"\"><figcaption class=\"ub_image_slider_image_caption\"> <\/figcaption><\/figure><figure class=\"swiper-slide\">\n        <img decoding=\"async\" src=\"https:\/\/www.echomachinery.com\/wp-content\/uploads\/2020\/11\/snacks-4.jpg\" alt=\"\"><figcaption class=\"ub_image_slider_image_caption\"> <\/figcaption><\/figure><figure class=\"swiper-slide\">\n        <img decoding=\"async\" src=\"https:\/\/www.echomachinery.com\/wp-content\/uploads\/2020\/11\/snacks-3.jpg\" alt=\"\"><figcaption class=\"ub_image_slider_image_caption\"> <\/figcaption><\/figure><figure class=\"swiper-slide\">\n        <img decoding=\"async\" src=\"https:\/\/www.echomachinery.com\/wp-content\/uploads\/2020\/11\/Potato-chips-2.jpg\" alt=\"\"><figcaption class=\"ub_image_slider_image_caption\"> <\/figcaption><\/figure><figure class=\"swiper-slide\">\n        <img decoding=\"async\" src=\"https:\/\/www.echomachinery.com\/wp-content\/uploads\/2020\/11\/candy-6.jpg\" alt=\"\"><figcaption class=\"ub_image_slider_image_caption\"> <\/figcaption><\/figure><figure class=\"swiper-slide\">\n        <img decoding=\"async\" src=\"https:\/\/www.echomachinery.com\/wp-content\/uploads\/2020\/11\/candy-3.jpg\" alt=\"\"><figcaption class=\"ub_image_slider_image_caption\"> <\/figcaption><\/figure><figure class=\"swiper-slide\">\n        <img decoding=\"async\" src=\"https:\/\/www.echomachinery.com\/wp-content\/uploads\/2020\/11\/bean.jpg\" alt=\"\"><figcaption class=\"ub_image_slider_image_caption\"> <\/figcaption><\/figure><\/div><div class=\"swiper-pagination\"><\/div>\n       <div class=\"swiper-button-prev\"><\/div> <div class=\"swiper-button-next\"><\/div>\n        <\/div><\/div><\/div>\n<\/div><\/div><\/div>\n\n\n\n<hr class=\"wp-block-separator is-style-wide\"\/>\n\n\n\n<div class=\"wp-block-kadence-rowlayout alignnone\"><div id=\"kt-layout-id_25fda6-2d\" class=\"kt-row-layout-inner kt-layout-id_25fda6-2d\"><div class=\"kt-row-column-wrap kt-has-2-columns kt-gutter-default kt-v-gutter-default kt-row-valign-middle kt-row-layout-right-golden kt-tab-layout-inherit kt-m-colapse-left-to-right kt-mobile-layout-row\">\n<div class=\"wp-block-kadence-column inner-column-1 kadence-column_400c30-da\"><div class=\"kt-inside-inner-col\">\n<figure class=\"wp-block-image size-large\"><a href=\"https:\/\/www.echomachinery.com\/es\/packaging-machines\/premade-pouch-packing-machine\/\"><img decoding=\"async\" loading=\"lazy\" width=\"300\" height=\"300\" src=\"https:\/\/www.echomachinery.com\/wp-content\/uploads\/2020\/06\/MR8-200RW-300.jpg\" alt=\"M\u00e1quina de envasado MR8-200RW-300\" class=\"wp-image-1351\" srcset=\"https:\/\/www.echomachinery.com\/wp-content\/uploads\/2020\/06\/MR8-200RW-300.jpg 300w, https:\/\/www.echomachinery.com\/wp-content\/uploads\/2020\/06\/MR8-200RW-300-150x150.jpg 150w\" sizes=\"(max-width: 300px) 100vw, 300px\" \/><\/a><\/figure>\n<\/div><\/div>\n\n\n\n<div class=\"wp-block-kadence-column inner-column-2 kadence-column_bc071e-2d\"><div class=\"kt-inside-inner-col\">\n<div class=\"product\">\n    <span class=\"product-series\">SERIE MR8-300\/200RW<\/span>\n    <a href=\"\/es\/packaging-machines\/premade-pouch-packing-machine\/\"><h2 class=\"product-name\">M\u00e1quina de envasado de alimentos en bolsas prefabricadas<\/h2><\/a>\n    <span class=\"product-features\">\n        <span class=\"product-features-main\">Presentado en un hermoso empaque<\/span>\n        <span class=\"product-speed\">Hasta 80 bolsas\/min<\/span>\n    <\/span>\n    <span class=\"product-description\">La m\u00e1quina de envasado en bolsas prefabricadas es la opci\u00f3n preferida de muchos. Ofrece alta velocidad, gran estabilidad, un alto grado de automatizaci\u00f3n y la capacidad de envasar todo tipo de bolsas con formas especiales. Adem\u00e1s, cumple con las funciones de desinfecci\u00f3n de alimentos, eliminaci\u00f3n de polvo y llenado con nitr\u00f3geno. La m\u00e1quina de alimentaci\u00f3n personalizada se adapta perfectamente a la mayor\u00eda de los alimentos.<\/span>\n<\/div>\n<\/div><\/div>\n<\/div><\/div><\/div>\n\n\n\n<figure class=\"wp-block-embed is-type-video is-provider-youtube wp-block-embed-youtube wp-embed-aspect-16-9 wp-has-aspect-ratio\"><div class=\"wp-block-embed__wrapper\">\n<div class=\"nv-iframe-embed\"><iframe loading=\"lazy\" title=\"M\u00e1quina envasadora de bolsas con cierre herm\u00e9tico para aperitivos | ECHO MACHINERY\" width=\"1090\" height=\"613\" src=\"https:\/\/www.youtube.com\/embed\/yxeg-uH6-xM?feature=oembed\" frameborder=\"0\" allow=\"accelerometer; autoplay; clipboard-write; encrypted-media; gyroscope; picture-in-picture\" allowfullscreen><\/iframe><\/div>\n<\/div><\/figure>\n\n\n\n<hr class=\"wp-block-separator is-style-wide\"\/>\n\n\n\n<div class=\"wp-block-kadence-rowlayout alignnone\"><div id=\"kt-layout-id_032e08-5d\" class=\"kt-row-layout-inner kt-layout-id_032e08-5d\"><div class=\"kt-row-column-wrap kt-has-2-columns kt-gutter-default kt-v-gutter-default kt-row-valign-middle kt-row-layout-right-golden kt-tab-layout-inherit kt-m-colapse-left-to-right kt-mobile-layout-row\">\n<div class=\"wp-block-kadence-column inner-column-1 kadence-column_5860df-f1\"><div class=\"kt-inside-inner-col\">\n<figure class=\"wp-block-image size-large\"><a href=\"https:\/\/www.echomachinery.com\/es\/packaging-machines\/automatic-vacuum-packaging-machine\/\"><img decoding=\"async\" loading=\"lazy\" width=\"300\" height=\"300\" src=\"https:\/\/www.echomachinery.com\/wp-content\/uploads\/2020\/06\/MRZK-120-300.jpg\" alt=\"M\u00e1quina de envasado al vac\u00edo MRZK-120-300\" class=\"wp-image-1352\" srcset=\"https:\/\/www.echomachinery.com\/wp-content\/uploads\/2020\/06\/MRZK-120-300.jpg 300w, https:\/\/www.echomachinery.com\/wp-content\/uploads\/2020\/06\/MRZK-120-300-150x150.jpg 150w\" sizes=\"(max-width: 300px) 100vw, 300px\" \/><\/a><\/figure>\n<\/div><\/div>\n\n\n\n<div class=\"wp-block-kadence-column inner-column-2 kadence-column_816e89-99\"><div class=\"kt-inside-inner-col\">\n<div class=\"product\">\n    <span class=\"product-series\">SERIE MRZK<\/span>\n    <a href=\"\/es\/packaging-machines\/automatic-vacuum-packaging-machine\/\"><h2 class=\"product-name\">M\u00e1quina de envasado al vac\u00edo de alimentos<\/h2><\/a>\n    <span class=\"product-features\">\n        <span class=\"product-features-main\">Envase al vac\u00edo<\/span>\n        <span class=\"product-speed\">Hasta 80 bolsas\/min<\/span>\n    <\/span>\n    <span class=\"product-description\">La m\u00e1quina de envasado al vac\u00edo tiene un dise\u00f1o similar al de la m\u00e1quina de envasado de bolsas prefabricadas. Incorpora una c\u00e1mara de vac\u00edo giratoria en la parte posterior. Es la opci\u00f3n ideal para quienes buscan envasar al vac\u00edo bolsas prefabricadas. Ofrece la mayor\u00eda de las funciones de una m\u00e1quina de envasado de bolsas prefabricadas, con la ventaja de poder envasar al vac\u00edo.<\/span>\n<\/div>\n<\/div><\/div>\n<\/div><\/div><\/div>\n\n\n\n<figure class=\"wp-block-embed is-type-video is-provider-youtube wp-block-embed-youtube wp-embed-aspect-16-9 wp-has-aspect-ratio\"><div class=\"wp-block-embed__wrapper\">\n<div class=\"nv-iframe-embed\"><iframe loading=\"lazy\" title=\"M\u00e1quina de envasado al vac\u00edo de carne totalmente autom\u00e1tica | ECHO MACHINERY\" width=\"1090\" height=\"613\" src=\"https:\/\/www.youtube.com\/embed\/f-ikqr63PvU?feature=oembed\" frameborder=\"0\" allow=\"accelerometer; autoplay; clipboard-write; encrypted-media; gyroscope; picture-in-picture\" allowfullscreen><\/iframe><\/div>\n<\/div><\/figure>\n\n\n\n<hr class=\"wp-block-separator is-style-wide\"\/>\n\n\n\n<div class=\"wp-block-kadence-rowlayout alignnone\"><div id=\"kt-layout-id_a3fc37-61\" class=\"kt-row-layout-inner kt-layout-id_a3fc37-61\"><div class=\"kt-row-column-wrap kt-has-2-columns kt-gutter-default kt-v-gutter-default kt-row-valign-middle kt-row-layout-right-golden kt-tab-layout-inherit kt-m-colapse-left-to-right kt-mobile-layout-row\">\n<div class=\"wp-block-kadence-column inner-column-1 kadence-column_c77903-4e\"><div class=\"kt-inside-inner-col\">\n<figure class=\"wp-block-image size-large\"><a href=\"https:\/\/www.echomachinery.com\/es\/packaging-machines\/vertical-form-fill-seal-machine\/\"><img decoding=\"async\" loading=\"lazy\" width=\"300\" height=\"300\" src=\"https:\/\/www.echomachinery.com\/wp-content\/uploads\/2020\/06\/ec420520720-300.jpg\" alt=\"M\u00e1quina VFFS\" class=\"wp-image-1349\" srcset=\"https:\/\/www.echomachinery.com\/wp-content\/uploads\/2020\/06\/ec420520720-300.jpg 300w, https:\/\/www.echomachinery.com\/wp-content\/uploads\/2020\/06\/ec420520720-300-150x150.jpg 150w\" sizes=\"(max-width: 300px) 100vw, 300px\" \/><\/a><\/figure>\n<\/div><\/div>\n\n\n\n<div class=\"wp-block-kadence-column inner-column-2 kadence-column_5f681c-e6\"><div class=\"kt-inside-inner-col\">\n<div class=\"product\">\n    <span class=\"product-series\">SERIE EC-420\/520\/720<\/span>\n    <a href=\"\/es\/packaging-machines\/vertical-form-fill-seal-machine\/\"><h2 class=\"product-name\">M\u00e1quina vertical de formado, llenado y sellado<\/h2><\/a>\n    <span class=\"product-features\">\n        <span class=\"product-features-main\">Precio bajo<\/span>\n        <span class=\"product-speed\">Hasta 60 bolsas\/min<\/span>\n    <\/span>\n    <span class=\"product-description\">VFFS es tambi\u00e9n la opci\u00f3n preferida de muchas personas, ya que puede gestionar el embalaje en la mayor\u00eda de las industrias, con un precio m\u00e1s bajo y una mayor velocidad.<\/span>\n<\/div>\n<\/div><\/div>\n<\/div><\/div><\/div>\n\n\n\n<figure class=\"wp-block-embed is-type-video is-provider-youtube wp-block-embed-youtube wp-embed-aspect-16-9 wp-has-aspect-ratio\"><div class=\"wp-block-embed__wrapper\">\n<div class=\"nv-iframe-embed\"><iframe loading=\"lazy\" title=\"M\u00e1quina vertical de formado, llenado y sellado de granos de caf\u00e9 granulados 520 | ECHO MACHINERY - Eason\" width=\"1090\" height=\"613\" src=\"https:\/\/www.youtube.com\/embed\/nLSJNdlOa_0?feature=oembed\" frameborder=\"0\" allow=\"accelerometer; autoplay; clipboard-write; encrypted-media; gyroscope; picture-in-picture\" allowfullscreen><\/iframe><\/div>\n<\/div><\/figure>\n\n\n\n<hr class=\"wp-block-separator is-style-wide\"\/>\n\n\n\n<div class=\"wp-block-kadence-rowlayout alignnone\"><div id=\"kt-layout-id_552972-8c\" class=\"kt-row-layout-inner kt-layout-id_552972-8c\"><div class=\"kt-row-column-wrap kt-has-2-columns kt-gutter-default kt-v-gutter-default kt-row-valign-middle kt-row-layout-right-golden kt-tab-layout-inherit kt-m-colapse-left-to-right kt-mobile-layout-row\">\n<div class=\"wp-block-kadence-column inner-column-1 kadence-column_0a0702-42\"><div class=\"kt-inside-inner-col\">\n<figure class=\"wp-block-image size-large\"><a href=\"https:\/\/www.echomachinery.com\/es\/packaging-machines\/horizontal-form-fill-seal-machine\/\"><img decoding=\"async\" loading=\"lazy\" width=\"300\" height=\"300\" src=\"https:\/\/www.echomachinery.com\/wp-content\/uploads\/2020\/06\/dxd-380-300.jpg\" alt=\"M\u00e1quina HFFS dxd-380\" class=\"wp-image-1350\" srcset=\"https:\/\/www.echomachinery.com\/wp-content\/uploads\/2020\/06\/dxd-380-300.jpg 300w, https:\/\/www.echomachinery.com\/wp-content\/uploads\/2020\/06\/dxd-380-300-150x150.jpg 150w\" sizes=\"(max-width: 300px) 100vw, 300px\" \/><\/a><\/figure>\n<\/div><\/div>\n\n\n\n<div class=\"wp-block-kadence-column inner-column-2 kadence-column_c0b5e0-e6\"><div class=\"kt-inside-inner-col\">\n<div class=\"product\">\n    <span class=\"product-series\">SERIE DXD-300\/380\/630<\/span>\n    <a href=\"\/es\/packaging-machines\/horizontal-form-fill-seal-machine\/\"><h2 class=\"product-name\">M\u00e1quina horizontal de formado, llenado y sellado<\/h2><\/a>\n    <span class=\"product-features\">\n        <span class=\"product-features-main\">Paquete de bloques m\u00e1s grande<\/span>\n        <span class=\"product-speed\">Hasta 290 bolsas\/min<\/span>\n    <\/span>\n    <span class=\"product-description\">La m\u00e1quina de formado, llenado y sellado horizontal se utiliza para envasar bloques de mayor tama\u00f1o, y su sistema de doble mordaza duplica la velocidad de envasado. Adem\u00e1s, su precio asequible la hace ideal para productos que se comercializan a bajo coste.<\/span>\n<\/div>\n<\/div><\/div>\n<\/div><\/div><\/div>\n\n\n\n<figure class=\"wp-block-embed is-type-video is-provider-youtube wp-block-embed-youtube wp-embed-aspect-16-9 wp-has-aspect-ratio\"><div class=\"wp-block-embed__wrapper\">\n<div class=\"nv-iframe-embed\"><iframe loading=\"lazy\" title=\"M\u00e1quina autom\u00e1tica horizontal de envasado de pan tipo almohada DXD630 HFFS | ECHO MACHINERY\" width=\"1090\" height=\"613\" src=\"https:\/\/www.youtube.com\/embed\/SrbvXm5FbNs?feature=oembed\" frameborder=\"0\" allow=\"accelerometer; autoplay; clipboard-write; encrypted-media; gyroscope; picture-in-picture\" allowfullscreen><\/iframe><\/div>\n<\/div><\/figure>\n\n\n\n<hr class=\"wp-block-separator is-style-wide\"\/>\n\n\n<style id=\"kt-blocks_dff2ba-4b\">#kt-layout-id_dff2ba-4b > .kt-row-column-wrap{padding-top:0px;padding-bottom:0px;}<\/style>\n<div class=\"wp-block-kadence-rowlayout alignnone\"><div id=\"kt-layout-id_dff2ba-4b\" class=\"kt-row-layout-inner kt-layout-id_dff2ba-4b\"><div class=\"kt-row-column-wrap kt-has-2-columns kt-gutter-default kt-v-gutter-default kt-row-valign-middle kt-row-layout-right-golden kt-tab-layout-inherit kt-m-colapse-left-to-right kt-mobile-layout-row\">\n<div class=\"wp-block-kadence-column inner-column-1 kadence-column_5a1f42-92\"><div class=\"kt-inside-inner-col\">\n<figure class=\"wp-block-image size-full\"><a href=\"https:\/\/www.echomachinery.com\/es\/packaging-machines\/automatic-tray-sealing-machine\/\"><img decoding=\"async\" loading=\"lazy\" width=\"300\" height=\"300\" src=\"https:\/\/www.echomachinery.com\/wp-content\/uploads\/2022\/08\/\u8d44\u6e90-9@4x-100111-\u526f\u672c-1.jpg\" alt=\"\" class=\"wp-image-6086\" srcset=\"https:\/\/www.echomachinery.com\/wp-content\/uploads\/2022\/08\/\u8d44\u6e90-9@4x-100111-\u526f\u672c-1.jpg 300w, https:\/\/www.echomachinery.com\/wp-content\/uploads\/2022\/08\/\u8d44\u6e90-9@4x-100111-\u526f\u672c-1-150x150.jpg 150w\" sizes=\"(max-width: 300px) 100vw, 300px\" \/><\/a><\/figure>\n<\/div><\/div>\n\n\n\n<div class=\"wp-block-kadence-column inner-column-2 kadence-column_1b3df6-32\"><div class=\"kt-inside-inner-col\">\n<div class=\"product\">\n    <span class=\"product-series\">TA-350<\/span>\n    <a href=\"\/es\/packaging-machines\/automatic-tray-sealing-machine\/\"><h2 class=\"product-name\">M\u00e1quina selladora autom\u00e1tica de bandejas<\/h2><\/a>\n    <span class=\"product-features\">\n        <span class=\"product-features-main\">Sellado de bandejas<\/span>\n        <span class=\"product-speed\">Hasta 12 ciclos\/min<\/span>\n    <\/span>\n    <span class=\"product-description\">Sistema de control totalmente inteligente, de f\u00e1cil acceso a la l\u00ednea de producci\u00f3n y para cambiar par\u00e1metros. Dispone de dos modos de sellado: modo de presi\u00f3n y modo de tiempo, que se pueden seleccionar libremente.<\/span>\n<\/div>\n<\/div><\/div>\n<\/div><\/div><\/div>\n\n\n\n<div class=\"wp-block-kadence-rowlayout alignnone\"><div id=\"kt-layout-id_11f710-bf\" class=\"kt-row-layout-inner kt-layout-id_11f710-bf\"><div class=\"kt-row-column-wrap kt-has-3-columns kt-gutter-default kt-v-gutter-default kt-row-valign-top kt-row-layout-equal kt-tab-layout-inherit kt-m-colapse-left-to-right kt-mobile-layout-row\">\n<div class=\"wp-block-kadence-column inner-column-1 kadence-column_a64b6d-6e\"><div class=\"kt-inside-inner-col\">\n<a class=\"industries-link\" href=\"\/es\/industries\/liquid-packing-solution\/\"><div class=\"industries-image liquid\"> <div class=\"industries-content\"> <h3 class=\"industries-title\">L\u00edquido<\/h3>  <\/div><\/div>\n<\/a>\n<\/div><\/div>\n\n\n\n<div class=\"wp-block-kadence-column inner-column-2 kadence-column_1dbd0d-70\"><div class=\"kt-inside-inner-col\">\n<a class=\"industries-link\" href=\"\/es\/industries\/powder-packing-solution\/\"><div class=\"industries-image powder\"> <div class=\"industries-content\"> <h3 class=\"industries-title\">Polvo<\/h3><\/div><\/div>\n<\/a>\n<\/div><\/div>\n\n\n\n<div class=\"wp-block-kadence-column inner-column-3 kadence-column_fa00f9-bd\"><div class=\"kt-inside-inner-col\">\n<a class=\"industries-link\" href=\"\/es\/industries\/granule-packing-solution\/\"><div class=\"industries-image granule\"> <div class=\"industries-content\"> <h3 class=\"industries-title\">Gr\u00e1nulo<\/h3><\/div><\/div>\n<\/a>\n<\/div><\/div>\n<\/div><\/div><\/div>","protected":false},"excerpt":{"rendered":"<p>El envasado de alimentos ocupa una gran parte del negocio de nuestra empresa, principalmente incluyendo algunos bocadillos, carne, verduras y otros productos. Muchos clientes han logrado un alto grado de automatizaci\u00f3n a trav\u00e9s de nuestras m\u00e1quinas. Tenemos muchos tipos diferentes de m\u00e1quinas que pueden empacar alimentos. Puedes elegir seg\u00fan tus necesidades. Si no sabes la diferencia\u2026&nbsp;<a href=\"https:\/\/www.echomachinery.com\/es\/industries\/food-packaging-machine\/\" class=\"\" rel=\"bookmark\">Leer m\u00e1s \u00bb<span class=\"screen-reader-text\">M\u00e1quina autom\u00e1tica de envasado de alimentos<\/span><\/a><\/p>","protected":false},"author":1,"featured_media":0,"parent":1640,"menu_order":1100,"comment_status":"closed","ping_status":"closed","template":"page-templates\/product.php","meta":{"inline_featured_image":false,"ub_ctt_via":"","kt_blocks_editor_width":""},"aioseo_notices":[],"featured_image_src":null,"_links":{"self":[{"href":"https:\/\/www.echomachinery.com\/es\/wp-json\/wp\/v2\/pages\/2871"}],"collection":[{"href":"https:\/\/www.echomachinery.com\/es\/wp-json\/wp\/v2\/pages"}],"about":[{"href":"https:\/\/www.echomachinery.com\/es\/wp-json\/wp\/v2\/types\/page"}],"author":[{"embeddable":true,"href":"https:\/\/www.echomachinery.com\/es\/wp-json\/wp\/v2\/users\/1"}],"replies":[{"embeddable":true,"href":"https:\/\/www.echomachinery.com\/es\/wp-json\/wp\/v2\/comments?post=2871"}],"version-history":[{"count":0,"href":"https:\/\/www.echomachinery.com\/es\/wp-json\/wp\/v2\/pages\/2871\/revisions"}],"up":[{"embeddable":true,"href":"https:\/\/www.echomachinery.com\/es\/wp-json\/wp\/v2\/pages\/1640"}],"wp:attachment":[{"href":"https:\/\/www.echomachinery.com\/es\/wp-json\/wp\/v2\/media?parent=2871"}],"curies":[{"name":"pp","href":"https:\/\/api.w.org\/{rel}","templated":true}]}}