{"id":2917,"date":"2022-07-22T07:38:24","date_gmt":"2022-07-22T05:38:24","guid":{"rendered":"https:\/\/www.echomachinery.com\/?page_id=2917"},"modified":"2022-02-21T08:30:13","modified_gmt":"2022-02-21T07:30:13","slug":"iqf-food-packaging-machine","status":"publish","type":"page","link":"https:\/\/www.echomachinery.com\/es\/industries\/iqf-food-packaging-machine\/","title":{"rendered":"M\u00e1quina de envasado de alimentos IQF"},"content":{"rendered":"<p>IQF(<strong>Congelaci\u00f3n r\u00e1pida individual<\/strong>) es un m\u00e9todo com\u00fanmente utilizado para prolongar la vida \u00fatil de los alimentos y facilitar su posterior procesamiento. Estos productos suelen procesarse a bajas temperaturas y son relativamente duros.<\/p>\n\n\n\n<p>Nuestra m\u00e1quina de envasado funciona de forma estable en ambientes h\u00famedos y de baja temperatura. Es robusta y ofrece un excelente rendimiento en la industria del envasado IQF. Con las m\u00e1quinas de carga y pesaje adecuadas, sus productos se pueden envasar autom\u00e1ticamente en rollos o bolsas prefabricadas para optimizar la eficiencia.<\/p>\n\n\n\n<hr class=\"wp-block-separator is-style-wide\"\/>\n\n\n\n<div class=\"wp-block-kadence-rowlayout alignnone\"><div id=\"kt-layout-id_91f6e5-69\" class=\"kt-row-layout-inner kt-layout-id_91f6e5-69\"><div class=\"kt-row-column-wrap kt-has-2-columns kt-gutter-default kt-v-gutter-default kt-row-valign-middle kt-row-layout-right-golden kt-tab-layout-inherit kt-m-colapse-left-to-right kt-mobile-layout-row\">\n<div class=\"wp-block-kadence-column inner-column-1 kadence-column_de7aef-96\"><div class=\"kt-inside-inner-col\">\n<figure class=\"wp-block-image size-large\"><a href=\"https:\/\/www.echomachinery.com\/es\/packaging-machines\/premade-pouch-packing-machine\/\"><img decoding=\"async\" loading=\"lazy\" width=\"300\" height=\"300\" src=\"https:\/\/www.echomachinery.com\/wp-content\/uploads\/2020\/06\/MR8-200RW-300.jpg\" alt=\"M\u00e1quina de envasado MR8-200RW-300\" class=\"wp-image-1351\" srcset=\"https:\/\/www.echomachinery.com\/wp-content\/uploads\/2020\/06\/MR8-200RW-300.jpg 300w, https:\/\/www.echomachinery.com\/wp-content\/uploads\/2020\/06\/MR8-200RW-300-150x150.jpg 150w\" sizes=\"(max-width: 300px) 100vw, 300px\" \/><\/a><\/figure>\n<\/div><\/div>\n\n\n\n<div class=\"wp-block-kadence-column inner-column-2 kadence-column_ed2606-28\"><div class=\"kt-inside-inner-col\">\n<div class=\"product\">\n    <span class=\"product-series\">SERIE MR8-300\/200RW<\/span>\n    <a href=\"\/es\/packaging-machines\/premade-pouch-packing-machine\/\"><h2 class=\"product-name\">M\u00c1QUINA DE EMPAQUETADO DE BOLSAS PREFABRICADAS<\/h2><\/a>\n    <span class=\"product-features\">\n        <span class=\"product-features-main\">Presentado en un hermoso empaque<\/span>\n        <span class=\"product-speed\">Hasta 80 bolsas\/min<\/span>\n    <\/span>\n    <span class=\"product-description\">La m\u00e1quina de envasado en bolsas prefabricadas puede envasar la mayor\u00eda de los productos a gran velocidad. Elegir las bolsas prefabricadas adecuadas puede mejorar notablemente la apariencia y la facilidad de uso para los consumidores.<\/span>\n<\/div>\n<\/div><\/div>\n<\/div><\/div><\/div>\n\n\n\n<figure class=\"wp-block-embed is-type-video is-provider-youtube wp-block-embed-youtube wp-embed-aspect-16-9 wp-has-aspect-ratio\"><div class=\"wp-block-embed__wrapper\">\n<div class=\"nv-iframe-embed\"><iframe loading=\"lazy\" title=\"M\u00e1quina de envasado de alimentos IQF | ECHO MACHINERY\" width=\"1090\" height=\"613\" src=\"https:\/\/www.youtube.com\/embed\/eaPE5UnoEnI?feature=oembed\" frameborder=\"0\" allow=\"accelerometer; autoplay; clipboard-write; encrypted-media; gyroscope; picture-in-picture\" allowfullscreen><\/iframe><\/div>\n<\/div><\/figure>\n\n\n\n<hr class=\"wp-block-separator is-style-wide\"\/>\n\n\n\n<div class=\"wp-block-kadence-rowlayout alignnone\"><div id=\"kt-layout-id_552972-8c\" class=\"kt-row-layout-inner kt-layout-id_552972-8c\"><div class=\"kt-row-column-wrap kt-has-2-columns kt-gutter-default kt-v-gutter-default kt-row-valign-middle kt-row-layout-right-golden kt-tab-layout-inherit kt-m-colapse-left-to-right kt-mobile-layout-row\">\n<div class=\"wp-block-kadence-column inner-column-1 kadence-column_0a0702-42\"><div class=\"kt-inside-inner-col\">\n<figure class=\"wp-block-image size-large\"><a href=\"https:\/\/www.echomachinery.com\/es\/packaging-machines\/horizontal-form-fill-seal-machine\/\"><img decoding=\"async\" loading=\"lazy\" width=\"300\" height=\"300\" src=\"https:\/\/www.echomachinery.com\/wp-content\/uploads\/2020\/06\/dxd-380-300.jpg\" alt=\"M\u00e1quina HFFS dxd-380\" class=\"wp-image-1350\" srcset=\"https:\/\/www.echomachinery.com\/wp-content\/uploads\/2020\/06\/dxd-380-300.jpg 300w, https:\/\/www.echomachinery.com\/wp-content\/uploads\/2020\/06\/dxd-380-300-150x150.jpg 150w\" sizes=\"(max-width: 300px) 100vw, 300px\" \/><\/a><\/figure>\n<\/div><\/div>\n\n\n\n<div class=\"wp-block-kadence-column inner-column-2 kadence-column_c0b5e0-e6\"><div class=\"kt-inside-inner-col\">\n<div class=\"product\">\n    <span class=\"product-series\">SERIE DXD-300\/380\/630<\/span>\n    <a href=\"\/es\/packaging-machines\/horizontal-form-fill-seal-machine\/\"><h2 class=\"product-name\">M\u00c1QUINA HORIZONTAL DE FORMADO, LLENADO Y SELLADO<\/h2><\/a>\n    <span class=\"product-features\">\n        <span class=\"product-features-main\">Paquete de bloques m\u00e1s grande<\/span>\n        <span class=\"product-speed\">Hasta 290 bolsas\/min<\/span>\n    <\/span>\n    <span class=\"product-description\">La m\u00e1quina de formado, llenado y sellado horizontal se utiliza para envasar bloques de mayor tama\u00f1o, y su sistema de doble mordaza duplica la velocidad de envasado. Adem\u00e1s, su precio asequible la hace ideal para productos que se comercializan a bajo coste.<\/span>\n<\/div>\n<\/div><\/div>\n<\/div><\/div><\/div>\n\n\n\n<hr class=\"wp-block-separator is-style-wide\"\/>\n\n\n\n<div class=\"wp-block-kadence-rowlayout alignnone\"><div id=\"kt-layout-id_a3fc37-61\" class=\"kt-row-layout-inner kt-layout-id_a3fc37-61\"><div class=\"kt-row-column-wrap kt-has-2-columns kt-gutter-default kt-v-gutter-default kt-row-valign-middle kt-row-layout-right-golden kt-tab-layout-inherit kt-m-colapse-left-to-right kt-mobile-layout-row\">\n<div class=\"wp-block-kadence-column inner-column-1 kadence-column_c77903-4e\"><div class=\"kt-inside-inner-col\">\n<figure class=\"wp-block-image size-large\"><a href=\"https:\/\/www.echomachinery.com\/es\/packaging-machines\/vertical-form-fill-seal-machine\/\"><img decoding=\"async\" loading=\"lazy\" width=\"300\" height=\"300\" src=\"https:\/\/www.echomachinery.com\/wp-content\/uploads\/2020\/06\/ec420520720-300.jpg\" alt=\"M\u00e1quina VFFS\" class=\"wp-image-1349\" srcset=\"https:\/\/www.echomachinery.com\/wp-content\/uploads\/2020\/06\/ec420520720-300.jpg 300w, https:\/\/www.echomachinery.com\/wp-content\/uploads\/2020\/06\/ec420520720-300-150x150.jpg 150w\" sizes=\"(max-width: 300px) 100vw, 300px\" \/><\/a><\/figure>\n<\/div><\/div>\n\n\n\n<div class=\"wp-block-kadence-column inner-column-2 kadence-column_5f681c-e6\"><div class=\"kt-inside-inner-col\">\n<div class=\"product\">\n    <span class=\"product-series\">SERIE EC-420\/520\/720<\/span>\n    <a href=\"\/es\/packaging-machines\/vertical-form-fill-seal-machine\/\"><h2 class=\"product-name\">M\u00c1QUINA VERTICAL DE FORMADO, LLENADO Y SELLADO<\/h2><\/a>\n    <span class=\"product-features\">\n        <span class=\"product-features-main\">Precio bajo<\/span>\n        <span class=\"product-speed\">Hasta 60 bolsas\/min<\/span>\n    <\/span>\n    <span class=\"product-description\">La m\u00e1quina vertical de formado, llenado y sellado es una m\u00e1quina de muy amplia gama que puede gestionar el envasado en la mayor\u00eda de las industrias, con un precio m\u00e1s bajo y una alta velocidad.<\/span>\n<\/div>\n<\/div><\/div>\n<\/div><\/div><\/div>\n\n\n\n<div class=\"wp-block-kadence-rowlayout alignnone\"><div id=\"kt-layout-id_b61d42-c3\" class=\"kt-row-layout-inner kt-layout-id_b61d42-c3\"><div class=\"kt-row-column-wrap kt-has-3-columns kt-gutter-default kt-v-gutter-default kt-row-valign-top kt-row-layout-equal kt-tab-layout-inherit kt-m-colapse-left-to-right kt-mobile-layout-row\">\n<div class=\"wp-block-kadence-column inner-column-1 kadence-column_cf02c3-11\"><div class=\"kt-inside-inner-col\">\n<a class=\"industries-link\" href=\"\/es\/industries\/liquid-packing-solution\/\"><div class=\"industries-image liquid\"> <div class=\"industries-content\"> <h3 class=\"industries-title\">L\u00edquido<\/h3>  <\/div><\/div>\n<\/a>\n<\/div><\/div>\n\n\n\n<div class=\"wp-block-kadence-column inner-column-2 kadence-column_bbf9c0-10\"><div class=\"kt-inside-inner-col\">\n<a class=\"industries-link\" href=\"\/es\/industries\/powder-packing-solution\/\"><div class=\"industries-image powder\"> <div class=\"industries-content\"> <h3 class=\"industries-title\">Polvo<\/h3><\/div><\/div>\n<\/a>\n<\/div><\/div>\n\n\n\n<div class=\"wp-block-kadence-column inner-column-3 kadence-column_88bcb7-85\"><div class=\"kt-inside-inner-col\">\n<a class=\"industries-link\" href=\"\/es\/industries\/granule-packing-solution\/\"><div class=\"industries-image granule\"> <div class=\"industries-content\"> <h3 class=\"industries-title\">Gr\u00e1nulo<\/h3><\/div><\/div>\n<\/a>\n<\/div><\/div>\n<\/div><\/div><\/div>","protected":false},"excerpt":{"rendered":"<p>IQF(Individual Quick Freezing) is a commonly used method to extend the shelf life of food and facilitate further processing. Such products are usually processed at low temperatures and are relatively hard. Our packaging machine can run stably in humid and low temperature environment. The whole machine is sturdy and can perform well in the IQF&hellip;&nbsp;<a href=\"https:\/\/www.echomachinery.com\/es\/industries\/iqf-food-packaging-machine\/\" class=\"\" rel=\"bookmark\">Leer m\u00e1s \u00bb<span class=\"screen-reader-text\">M\u00e1quina de envasado de alimentos IQF<\/span><\/a><\/p>","protected":false},"author":1,"featured_media":0,"parent":1640,"menu_order":1100,"comment_status":"closed","ping_status":"closed","template":"page-templates\/product.php","meta":{"inline_featured_image":false,"ub_ctt_via":"","kt_blocks_editor_width":""},"aioseo_notices":[],"featured_image_src":null,"_links":{"self":[{"href":"https:\/\/www.echomachinery.com\/es\/wp-json\/wp\/v2\/pages\/2917"}],"collection":[{"href":"https:\/\/www.echomachinery.com\/es\/wp-json\/wp\/v2\/pages"}],"about":[{"href":"https:\/\/www.echomachinery.com\/es\/wp-json\/wp\/v2\/types\/page"}],"author":[{"embeddable":true,"href":"https:\/\/www.echomachinery.com\/es\/wp-json\/wp\/v2\/users\/1"}],"replies":[{"embeddable":true,"href":"https:\/\/www.echomachinery.com\/es\/wp-json\/wp\/v2\/comments?post=2917"}],"version-history":[{"count":0,"href":"https:\/\/www.echomachinery.com\/es\/wp-json\/wp\/v2\/pages\/2917\/revisions"}],"up":[{"embeddable":true,"href":"https:\/\/www.echomachinery.com\/es\/wp-json\/wp\/v2\/pages\/1640"}],"wp:attachment":[{"href":"https:\/\/www.echomachinery.com\/es\/wp-json\/wp\/v2\/media?parent=2917"}],"curies":[{"name":"pp","href":"https:\/\/api.w.org\/{rel}","templated":true}]}}