{"id":3,"date":"2020-05-18T01:20:23","date_gmt":"2020-05-18T01:20:23","guid":{"rendered":"http:\/\/uyu7733870001.my3w.com\/?page_id=3"},"modified":"2021-08-06T06:57:41","modified_gmt":"2021-08-06T04:57:41","slug":"privacy-policy","status":"publish","type":"page","link":"https:\/\/www.echomachinery.com\/es\/about-us\/privacy-policy\/","title":{"rendered":"pol\u00edtica de privacidad"},"content":{"rendered":"<p class=\"has-text-align-center has-text-color has-medium-font-size\" style=\"color:#ff363a\"><strong>NOS IMPORTA SU PRIVACIDAD&nbsp;<\/strong><\/p>\n\n\n\n<p>Antes de que lea nuestra pol\u00edtica de privacidad, quiero que sepa que no venderemos, alquilaremos ni divulgaremos voluntariamente su informaci\u00f3n personal a terceros sin su permiso.<\/p>\n\n\n\n<p>La \u00fanica raz\u00f3n por la que recopilamos informaci\u00f3n es para brindar un mejor servicio a nuestros usuarios.<\/p>\n\n\n\n<p>Respetamos su privacidad y nos comprometemos a protegerla. Si desea conocer nuestra pol\u00edtica de privacidad, lea lo siguiente:<\/p>\n\n\n\n<h2>Lo que recopilamos:<\/h2>\n\n\n\n<p>El contenido que recopilamos est\u00e1 relacionado con su forma de navegar por nuestro sitio. Adem\u00e1s de la informaci\u00f3n que usted proporciona, recopilamos y almacenamos la siguiente informaci\u00f3n an\u00f3nima sobre usted:<\/p>\n\n\n\n<div class=\"wp-block-kadence-iconlist kt-svg-icon-list-items kt-svg-icon-list-items_da9a2a-15 kt-svg-icon-list-columns-1 alignnone kt-list-icon-aligntop\"><ul class=\"kt-svg-icon-list\"><li class=\"kt-svg-icon-list-style-default kt-svg-icon-list-item-wrap kt-svg-icon-list-item-0\"><div style=\"display:inline-flex;justify-content:center;align-items:center\" class=\"kt-svg-icon-list-single kt-svg-icon-list-single-fe_chevronRight\"><svg style=\"display:inline-block;vertical-align:middle\" viewbox=\"0 0 24 24\" height=\"20\" width=\"20\" fill=\"none\" stroke=\"currentColor\" xmlns=\"http:\/\/www.w3.org\/2000\/svg\" stroke-width=\"2\" stroke-linecap=\"round\" stroke-linejoin=\"round\"><polyline points=\"9 18 15 12 9 6\"><\/polyline><\/svg><\/div><span class=\"kt-svg-icon-list-text\">La hora de su visita<\/span><\/li><li class=\"kt-svg-icon-list-style-default kt-svg-icon-list-item-wrap kt-svg-icon-list-item-1\"><div style=\"display:inline-flex;justify-content:center;align-items:center\" class=\"kt-svg-icon-list-single kt-svg-icon-list-single-fe_chevronRight\"><svg style=\"display:inline-block;vertical-align:middle\" viewbox=\"0 0 24 24\" height=\"20\" width=\"20\" fill=\"none\" stroke=\"currentColor\" xmlns=\"http:\/\/www.w3.org\/2000\/svg\" stroke-width=\"2\" stroke-linecap=\"round\" stroke-linejoin=\"round\"><polyline points=\"9 18 15 12 9 6\"><\/polyline><\/svg><\/div><span class=\"kt-svg-icon-list-text\">La p\u00e1gina que est\u00e1 visitando<\/span><\/li><li class=\"kt-svg-icon-list-style-default kt-svg-icon-list-item-wrap kt-svg-icon-list-item-2\"><div style=\"display:inline-flex;justify-content:center;align-items:center\" class=\"kt-svg-icon-list-single kt-svg-icon-list-single-fe_chevronRight\"><svg style=\"display:inline-block;vertical-align:middle\" viewbox=\"0 0 24 24\" height=\"20\" width=\"20\" fill=\"none\" stroke=\"currentColor\" xmlns=\"http:\/\/www.w3.org\/2000\/svg\" stroke-width=\"2\" stroke-linecap=\"round\" stroke-linejoin=\"round\"><polyline points=\"9 18 15 12 9 6\"><\/polyline><\/svg><\/div><span class=\"kt-svg-icon-list-text\">La direcci\u00f3n IP (Protocolo de Internet)<\/span><\/li><\/ul><\/div>\n\n\n\n<p>No utilizamos cookies del navegador web para recopilar informaci\u00f3n.<\/p>\n\n\n\n<p>Conservamos esta informaci\u00f3n indefinidamente para poder utilizarla cuando la necesitemos, y si usted simplemente visita nuestro sitio web, toda la informaci\u00f3n se recopilar\u00e1 \u00fanicamente de forma estad\u00edstica, lo que significa que no se identifica espec\u00edficamente y es completamente an\u00f3nima para el individuo.<\/p>\n\n\n\n<p>Cuando nos proporcionas informaci\u00f3n voluntariamente, identificamos a las personas seg\u00fan su nombre, correo electr\u00f3nico, direcci\u00f3n, empresa, etc., y las almacenamos indefinidamente en nuestra base de datos para poder comunicarnos mejor contigo y enviarte la informaci\u00f3n o los productos que necesitas. Solo utilizamos esta informaci\u00f3n para responder a tus necesidades y no la compartiremos con terceros.<\/p>\n\n\n\n<p>Sin embargo, no podemos controlar el flujo inevitable de informaci\u00f3n a terceros, como proveedores de correo electr\u00f3nico, instituciones financieras en l\u00ednea y fuera de l\u00ednea, software de chat, motores de b\u00fasqueda, etc. Por lo tanto, consulte la pol\u00edtica de privacidad de la empresa correspondiente para la protecci\u00f3n de esta informaci\u00f3n. Adem\u00e1s, proporcionaremos informaci\u00f3n en la medida en que lo exija la ley en caso de una citaci\u00f3n judicial o una orden gubernamental que requiera la divulgaci\u00f3n de informaci\u00f3n conforme a ciertos requisitos legales.<\/p>\n\n\n\n<h2>Seguridad de la informaci\u00f3n:<\/h2>\n\n\n\n<p>Nuestro sitio web est\u00e1 alojado en nuestros servidores y no es accesible a terceros. Incluso dentro de la empresa, solo el personal t\u00e9cnico autorizado tiene acceso a la base de datos completa. Hemos establecido puestos espec\u00edficos y sistemas bien definidos para gestionar la privacidad y la seguridad de los datos, incluyendo la gesti\u00f3n activa y pasiva de riesgos, y consideramos soluciones para problemas de seguridad de red, f\u00edsica y de software, tanto internos como externos. Para garantizar el acceso de nuestros usuarios a nuestro sitio web, monitorizamos el tr\u00e1fico para identificar cualquier intento de interrumpir o robar nuestros servicios que pudiera dar lugar a acciones legales.<\/p>\n\n\n\n<h2>Su privilegio:<\/h2>\n\n\n\n<p>Usted tiene el control total sobre su informaci\u00f3n y, en cualquier caso, puede solicitarnos que procesemos cualquier dato sobre usted de la base de datos, incluyendo, entre otros, la eliminaci\u00f3n, modificaci\u00f3n, acceso y portabilidad. Tambi\u00e9n puede enviar una solicitud de &quot;No rastrear&quot; junto con el mensaje, pero si previamente acept\u00f3 el uso de su informaci\u00f3n personal y cambi\u00f3 de opini\u00f3n, la validez de su consentimiento previo no se ver\u00e1 afectada. Algunos de nuestros servicios solo estar\u00e1n disponibles una vez que nos haya autorizado a procesar su informaci\u00f3n.<\/p>\n\n\n\n<h2>Enlaces salientes:<\/h2>\n\n\n\n<p>Al visitar nuestro sitio web, es posible que acceda a otros sitios web (que no pertenecen al dominio www.echomachinery.com), en cuyo caso nuestra pol\u00edtica de privacidad ya no ser\u00e1 aplicable. Le recomendamos que consulte sus pol\u00edticas de privacidad para proteger su privacidad.<\/p>\n\n\n\n<h2>Pol\u00edtica de protecci\u00f3n infantil:<\/h2>\n\n\n\n<p>Este sitio no est\u00e1 dirigido a ni\u00f1os, y algunos pa\u00edses o territorios pueden tener requisitos de privacidad infantil m\u00e1s estrictos, como la ley COPPA. Si este es su caso, abandone el sitio o pida a un tutor que complete la solicitud; nosotros no recopilamos este tipo de informaci\u00f3n.<\/p>\n\n\n\n<p>Por \u00faltimo, p\u00f3ngase en contacto con nosotros si considera que esta disposici\u00f3n es irrazonable o no respeta su derecho a proteger sus datos.<\/p>\n\n\n\n<p>Esta pol\u00edtica puede cambiar seg\u00fan la legislaci\u00f3n vigente, la naturaleza y el tama\u00f1o de la empresa. Si actualizamos la pol\u00edtica de privacidad en el futuro, le notificaremos por correo electr\u00f3nico, anuncio, etc. El contenido m\u00e1s reciente tambi\u00e9n se actualizar\u00e1 en esta p\u00e1gina para su consulta. \u2014Gracias<\/p>","protected":false},"excerpt":{"rendered":"<p>WE CARE ABOUT YOUR PRIVACY&nbsp; Before you read our privacy policy, I want you to know that we will not sell, lease or voluntarily disclose any of your personal information to third parties without your permission. The only reason we collect information is to provide better service to our users. We respect and are committed&hellip;&nbsp;<a href=\"https:\/\/www.echomachinery.com\/es\/about-us\/privacy-policy\/\" class=\"\" rel=\"bookmark\">Leer m\u00e1s \u00bb<span class=\"screen-reader-text\">pol\u00edtica de privacidad<\/span><\/a><\/p>","protected":false},"author":1,"featured_media":0,"parent":28,"menu_order":0,"comment_status":"closed","ping_status":"closed","template":"page-templates\/page.php","meta":{"inline_featured_image":false,"ub_ctt_via":"","kt_blocks_editor_width":""},"aioseo_notices":[],"featured_image_src":null,"_links":{"self":[{"href":"https:\/\/www.echomachinery.com\/es\/wp-json\/wp\/v2\/pages\/3"}],"collection":[{"href":"https:\/\/www.echomachinery.com\/es\/wp-json\/wp\/v2\/pages"}],"about":[{"href":"https:\/\/www.echomachinery.com\/es\/wp-json\/wp\/v2\/types\/page"}],"author":[{"embeddable":true,"href":"https:\/\/www.echomachinery.com\/es\/wp-json\/wp\/v2\/users\/1"}],"replies":[{"embeddable":true,"href":"https:\/\/www.echomachinery.com\/es\/wp-json\/wp\/v2\/comments?post=3"}],"version-history":[{"count":0,"href":"https:\/\/www.echomachinery.com\/es\/wp-json\/wp\/v2\/pages\/3\/revisions"}],"up":[{"embeddable":true,"href":"https:\/\/www.echomachinery.com\/es\/wp-json\/wp\/v2\/pages\/28"}],"wp:attachment":[{"href":"https:\/\/www.echomachinery.com\/es\/wp-json\/wp\/v2\/media?parent=3"}],"curies":[{"name":"pp","href":"https:\/\/api.w.org\/{rel}","templated":true}]}}