{"id":31,"date":"2020-01-17T15:27:57","date_gmt":"2020-01-17T15:27:57","guid":{"rendered":"https:\/\/demosites.io\/web-agency\/?page_id=31"},"modified":"2025-08-19T04:44:02","modified_gmt":"2025-08-19T02:44:02","slug":"feed-back","status":"publish","type":"page","link":"https:\/\/www.echomachinery.com\/es\/feed-back\/","title":{"rendered":"Cont\u00e1ctanos"},"content":{"rendered":"<div class=\"wp-block-kadence-rowlayout alignnone\"><div id=\"kt-layout-id_e3ccdd-87\" class=\"kt-row-layout-inner kt-layout-id_e3ccdd-87\"><div class=\"kt-row-column-wrap kt-has-2-columns kt-gutter-default kt-v-gutter-default kt-row-valign-top kt-row-layout-equal kt-tab-layout-inherit kt-m-colapse-left-to-right kt-mobile-layout-row\">\n<div class=\"wp-block-kadence-column inner-column-1 kadence-column_53ca50-77\"><div class=\"kt-inside-inner-col\"><style id=\"kt-blocks_33b4c5-c0\">.wp-block-kadence-form.kadence-form-_33b4c5-c0.kb-form-wrap {}@media (max-width: 1024px) {.wp-block-kadence-form.kadence-form-_33b4c5-c0.kb-form-wrap {}}@media (max-width: 767px) {.wp-block-kadence-form.kadence-form-_33b4c5-c0.kb-form-wrap {}}.kadence-form-_33b4c5-c0 .kb-form .kadence-blocks-form-field > label {}.kadence-form-_33b4c5-c0 .kb-form .kadence-blocks-form-field .kb-forms-submit {border-radius:0px;background:#ff123a;}.kadence-form-_33b4c5-c0 .kb-form .kadence-blocks-form-field .kb-forms-submit:hover, .kadence-form-_33b4c5-c0 .kb-form .kadence-blocks-form-field .kb-forms-submit:focus  {background:#ff506d;}.kadence-form-_33b4c5-c0 .kb-form .kadence-blocks-form-field .kb-forms-submit {margin-top:20px;margin-bottom:20px;}.kadence-form-_33b4c5-c0 .kb-form .kadence-blocks-form-field .kb-forms-submit {letter-spacing:0px;}.kadence-form-_33b4c5-c0 .kadence-blocks-form-message, .kadence-form-_33b4c5-c0 .kb-form-error-msg {}<\/style>\n<div class=\"wp-block-kadence-form kadence-form-_33b4c5-c0 kb-form-wrap\"><form class=\"kb-form\" action=\"\" method=\"post\" data-trp-original-action=\"\"><div class=\"kadence-blocks-form-field kb-field-desk-width-100 kb-input-size-standard\"><label for=\"kb_field__33b4c5-c0_0\">Nombre<\/label><input name=\"kb_field_0\" id=\"kb_field__33b4c5-c0_0\" data-label=\"Name\" type=\"text\" placeholder=\"\" value=\"\" data-type=\"text\" class=\"kb-field kb-text-style-field kb-text-field kb-field-0\"\/><\/div><div class=\"kadence-blocks-form-field kb-form-field-1 kb-field-desk-width-100 kb-input-size-standard\"><label for=\"kb_field__33b4c5-c0_1\">Compa\u00f1\u00eda<\/label><input name=\"kb_field_1\" id=\"kb_field__33b4c5-c0_1\" data-label=\"Company\" type=\"text\" placeholder=\"\" value=\"\" data-type=\"text\" class=\"kb-field kb-text-style-field kb-text-field kb-field-1\"\/><\/div><div class=\"kadence-blocks-form-field kb-form-field-2 kb-field-desk-width-100 kb-input-size-standard\"><label for=\"kb_field__33b4c5-c0_2\">Correo electr\u00f3nico<span class=\"required\">*<\/span><\/label><input name=\"kb_field_2\" id=\"kb_field__33b4c5-c0_2\" data-label=\"Email\" type=\"email\" placeholder=\"\" value=\"\" data-type=\"email\" class=\"kb-field kb-text-style-field kb-email-field kb-field-2\" data-required=\"yes\"\/><\/div><div class=\"kadence-blocks-form-field kb-form-field-3 kb-field-desk-width-100 kb-input-size-standard\"><label for=\"kb_field__33b4c5-c0_3\">Mensaje<\/label><textarea name=\"kb_field_3\" id=\"kb_field__33b4c5-c0_3\" data-label=\"Message\" type=\"textarea\" placeholder=\"\" data-type=\"textarea\" class=\"kb-field kb-text-style-field kb-textarea-field kb-field-3\" rows=\"4\"><\/textarea><\/div><input type=\"hidden\" name=\"_kb_form_id\" value=\"_33b4c5-c0\"\/><input type=\"hidden\" name=\"_kb_form_post_id\" value=\"31\"\/><input type=\"hidden\" name=\"action\" value=\"kb_process_ajax_submit\"\/><input type=\"hidden\" name=\"recaptcha_response\" class=\"kb_recaptcha_response kb_recaptcha__33b4c5-c0\"\/><input class=\"kadence-blocks-field verify\" type=\"text\" name=\"_kb_verify_email\" autocomplete=\"off\" aria-hidden=\"true\" placeholder=\"Correo electr\u00f3nico\" tabindex=\"-1\"\/><div class=\"kadence-blocks-form-field kb-submit-field kb-field-desk-width-100\"><button class=\"kb-forms-submit button kb-button-size-custom kb-button-width-auto\">Enviar<\/button><\/div><input type=\"hidden\" name=\"trp-form-language\" value=\"es\"\/><\/form><\/div>\n<\/div><\/div>\n\n\n\n<div class=\"wp-block-kadence-column inner-column-2 kadence-column_419d70-d7\"><div class=\"kt-inside-inner-col\">\n<p><\/p>\n\n\n\n<p>Si tiene alguna pregunta sobre maquinaria de envasado, no dude en contactarnos. <strong>Cont\u00e1ctanos las 24 horas del d\u00eda, los 7 d\u00edas de la semana.<\/strong>.<br>Le responderemos en breve <strong>Un d\u00eda laborable<\/strong>.<\/p>\n\n\n\n<p><i class=\"fas fa-envelope i-icon\" aria-hidden=\"true\"><\/i><a class=\"ctrigger\" href=\"mailto:echomachinery@echomachinery.com\">echomachinery@echomachinery.com<\/a><\/p>\n<p><i class=\"fas fa-phone-alt i-icon\" aria-hidden=\"true\"><\/i><a href=\"tel:008613705877606\">0086-13705877606<\/a><\/p>\n<p><i class=\"fas fa-map-marker-alt i-icon\" aria-hidden=\"true\"><\/i>Bloque n.\u00ba 81, Parque Industrial de Alta Tecnolog\u00eda de Rui&#039;an, Rui&#039;an, Zhejiang, China \u2013 Centro de Repuestos<\/p>\n<p><i class=\"fas fa-map-marker-alt i-icon\" aria-hidden=\"true\"><\/i>No.1111 Rongda Road, zona industrial de Zhixin, Rui&#039;an, Zhejiang, China \u2013 Sede central<\/p>\n\n\n\n<p>Tambi\u00e9n puedes seguirnos en nuestras redes sociales y contactarnos para obtener informaci\u00f3n:<\/p>\n\n\n\n<p id=\"contact-us\"><a href=\"https:\/\/www.linkedin.com\/company\/echo-machinery\" target=\"_blank\" rel=\"noopener noreferrer\"><i class=\"fab fa-linkedin in-icon\" aria-hidden=\"true\"><\/i><\/a><a href=\"https:\/\/www.facebook.com\/echopackingmachine\" target=\"_blank\" rel=\"noopener noreferrer\"><i class=\"fab fa-facebook-square in-icon\" aria-hidden=\"true\"><\/i><\/a><a href=\"https:\/\/www.youtube.com\/c\/echomachinery\" target=\"_blank\" rel=\"noopener noreferrer\"><i class=\"fab fa-youtube-square in-icon\" aria-hidden=\"true\"><\/i><\/a><a href=\"https:\/\/www.echomachinery.com\/es\/feed\/\" target=\"_blank\" rel=\"noopener noreferrer\"><i class=\"fas fa-rss-square in-icon\" aria-hidden=\"true\"><\/i><\/a><\/p>\n\n\n\n<p>Wenzhou Echo Machinery Co., LTD. Todos los derechos reservados.<\/p>\n<\/div><\/div>\n<\/div><\/div><\/div>\n\n\n<div class=\"wp-block-ub-styled-box ub-styled-box ub-notification-box\" id=\"ub-styled-box-fb8e2c95-841c-4aad-9aa1-35d98f994957\">\n\n\n<p id=\"ub-styled-box-notification-content-6e2ec4ac-083a-4351-9025-48aed99ecf45\">Invitamos a los clientes a visitar nuestra f\u00e1brica, ya sea para comprobar nuestras m\u00e1quinas, consultar el plan de embalaje o comprender el funcionamiento de los equipos.<\/p>\n\n\n<\/div>\n\n\n<div class=\"wp-block-kadence-rowlayout alignnone\"><div id=\"kt-layout-id_61f839-9b\" class=\"kt-row-layout-inner kt-layout-id_61f839-9b\"><div class=\"kt-row-column-wrap kt-has-2-columns kt-gutter-default kt-v-gutter-default kt-row-valign-top kt-row-layout-equal kt-tab-layout-inherit kt-m-colapse-left-to-right kt-mobile-layout-row\">\n<div class=\"wp-block-kadence-column inner-column-1 kadence-column_49a60f-9b\"><div class=\"kt-inside-inner-col\">\n<iframe src=\"https:\/\/www.google.com\/maps\/embed?pb=!1m18!1m12!1m3!1d61627.884401315336!2d120.6911971812616!3d27.71531949717644!2m3!1f0!2f0!3f0!3m2!1i1024!2i768!4f13.1!3m3!1m2!1s0x0%3A0x187975284d161073!2zMjfCsDQzJzQxLjIiTiAxMjDCsDQzJzQ5LjYiRQ!5e0!3m2!1sen!2sus!4v1644805948988!5m2!1sen!2sus\" width=\"600\" height=\"450\" style=\"border:0;\" allowfullscreen=\"\" loading=\"lazy\"><\/iframe>\n<\/div><\/div>\n\n\n\n<div class=\"wp-block-kadence-column inner-column-2 kadence-column_f63dcf-41\"><div class=\"kt-inside-inner-col\">\n<div style=\"overflow:hidden;width:100%;height:450px;\"> \n<iframe scrolling=\"no\" src=\"\" style=\"border: 0px none;height:450px;width:100%;\"> \n<\/iframe> \n<\/div>\n<\/div><\/div>\n<\/div><\/div><\/div>","protected":false},"excerpt":{"rendered":"<p>If you have any questions on packaging machinery, please feel free to Contact Us 24\/7.We will reply within One Working Day. echomachinery@echomachinery.com 0086-13705877606 No.81 Block, Rui&#8217;an Hi-tech Technology Industrial Park Rui&#8217;an, Zhejiang, China &#8211; Parts Center No.1111 Rongda Road, Zhixin Industrial Area, Rui&#8217;an, Zhejiang, China &#8211; Headquarters You can also follow our social media and&hellip;&nbsp;<a href=\"https:\/\/www.echomachinery.com\/es\/feed-back\/\" class=\"\" rel=\"bookmark\">Leer m\u00e1s \u00bb<span class=\"screen-reader-text\">Cont\u00e1ctanos<\/span><\/a><\/p>","protected":false},"author":1,"featured_media":0,"parent":0,"menu_order":0,"comment_status":"closed","ping_status":"closed","template":"page-templates\/page.php","meta":{"inline_featured_image":false,"ub_ctt_via":"","kt_blocks_editor_width":""},"aioseo_notices":[],"featured_image_src":null,"_links":{"self":[{"href":"https:\/\/www.echomachinery.com\/es\/wp-json\/wp\/v2\/pages\/31"}],"collection":[{"href":"https:\/\/www.echomachinery.com\/es\/wp-json\/wp\/v2\/pages"}],"about":[{"href":"https:\/\/www.echomachinery.com\/es\/wp-json\/wp\/v2\/types\/page"}],"author":[{"embeddable":true,"href":"https:\/\/www.echomachinery.com\/es\/wp-json\/wp\/v2\/users\/1"}],"replies":[{"embeddable":true,"href":"https:\/\/www.echomachinery.com\/es\/wp-json\/wp\/v2\/comments?post=31"}],"version-history":[{"count":7,"href":"https:\/\/www.echomachinery.com\/es\/wp-json\/wp\/v2\/pages\/31\/revisions"}],"predecessor-version":[{"id":6783,"href":"https:\/\/www.echomachinery.com\/es\/wp-json\/wp\/v2\/pages\/31\/revisions\/6783"}],"wp:attachment":[{"href":"https:\/\/www.echomachinery.com\/es\/wp-json\/wp\/v2\/media?parent=31"}],"curies":[{"name":"pp","href":"https:\/\/api.w.org\/{rel}","templated":true}]}}