{"id":3107,"date":"2022-06-24T03:39:25","date_gmt":"2022-06-24T01:39:25","guid":{"rendered":"https:\/\/www.echomachinery.com\/?page_id=3107"},"modified":"2022-02-23T06:14:07","modified_gmt":"2022-02-23T05:14:07","slug":"industrial-chiller","status":"publish","type":"page","link":"https:\/\/www.echomachinery.com\/es\/packaging-machines\/relative-devices\/industrial-chiller\/","title":{"rendered":"enfriador industrial"},"content":{"rendered":"<style id=\"kt-blocks_e3be45-06\">#kt-layout-id_e3be45-06 > .kt-row-column-wrap{padding-bottom:0px;}<\/style>\n<div class=\"wp-block-kadence-rowlayout alignnone\"><div id=\"kt-layout-id_e3be45-06\" class=\"kt-row-layout-inner kt-layout-id_e3be45-06\"><div class=\"kt-row-column-wrap kt-has-2-columns kt-gutter-default kt-v-gutter-default kt-row-valign-top kt-row-layout-equal kt-tab-layout-inherit kt-m-colapse-left-to-right kt-mobile-layout-row\">\n<div class=\"wp-block-kadence-column inner-column-1 kadence-column_dbf594-05\"><div class=\"kt-inside-inner-col\"><style id=\"kt-blocks_d7ddbc-8d\">.wp-block-kadence-advancedgallery ul.kb-gallery-id-_d7ddbc-8d {margin: -5px;}.kb-gallery-id-_d7ddbc-8d .kadence-blocks-gallery-item {padding:5px;}.kb-gallery-type-carousel.kb-gallery-id-_d7ddbc-8d .kt-blocks-carousel .kt-blocks-carousel-init {margin: 0 -5px;}.kb-gallery-type-carousel.kb-gallery-id-_d7ddbc-8d .kt-blocks-carousel .kt-blocks-carousel-init .kb-slide-item, .kb-gallery-type-fluidcarousel.kb-gallery-id-_d7ddbc-8d .kt-blocks-carousel .kt-blocks-carousel-init .kb-slide-item, .kb-gallery-type-carousel .kt-blocks-carousel-init:not(.slick-initialized) .kb-slide-item {padding: 4px 5px;}.kb-gallery-type-fluidcarousel.kb-gallery-id-_d7ddbc-8d .kt-blocks-carousel .kt-blocks-carousel-init.kb-carousel-mode-align-left .kb-slide-item {padding: 4px 10px 4px 0;}.kb-gallery-type-carousel.kb-gallery-id-_d7ddbc-8d .kt-blocks-carousel .kt-blocks-carousel-init .slick-prev {left:5px;}.kb-gallery-type-carousel.kb-gallery-id-_d7ddbc-8d .kt-blocks-carousel .kt-blocks-carousel-init .slick-next {right:5px;}.kb-gallery-id-_d7ddbc-8d .kadence-blocks-gallery-item .kb-gal-image-radius {border-radius: 0px 0px 0px 0px;}<\/style>\n<div class=\"wp-block-kadence-advancedgallery kb-gallery-wrap-id-_d7ddbc-8d\"><div class=\"kb-gallery-ul kb-gallery-type-slider kb-gallery-id-_d7ddbc-8d kb-gallery-caption-style-bottom-hover kb-gallery-filter-none\" data-image-filter=\"none\" data-lightbox-caption=\"true\"><div class=\"kt-blocks-carousel kt-carousel-container-dotstyle-dark\"><div class=\"kt-blocks-carousel-init kb-blocks-slider kt-carousel-arrowstyle-whiteondark kt-carousel-dotstyle-dark\" data-slider-anim-speed=\"400\" data-slider-type=\"slider\" data-slider-scroll=\"1\" data-slider-arrows=\"true\" data-slider-dots=\"true\" data-slider-hover-pause=\"false\" data-slider-auto=\"false\" data-slider-speed=\"7000\"><div class=\"kb-slide-item kb-gallery-slide-item\"><div class=\"kadence-blocks-gallery-item\"><div class=\"kadence-blocks-gallery-item-inner\"><figure class=\"kb-gallery-figure kadence-blocks-gallery-item-hide-caption kb-has-image-ratio-land32\"><div class=\"kb-gal-image-radius\"><div class=\"kb-gallery-image-contain kadence-blocks-gallery-intrinsic kb-gallery-image-ratio-land32\"><img decoding=\"async\" loading=\"lazy\" width=\"1000\" height=\"666\" src=\"https:\/\/www.echomachinery.com\/wp-content\/uploads\/2021\/01\/Industrial-Chiller.jpg\" alt=\"enfriador industrial\" data-full-image=\"https:\/\/www.echomachinery.com\/wp-content\/uploads\/2021\/01\/Industrial-Chiller.jpg\" data-light-image=\"https:\/\/www.echomachinery.com\/wp-content\/uploads\/2021\/01\/Industrial-Chiller.jpg\" data-id=\"3108\" data-link=\"https:\/\/www.echomachinery.com\/?attachment_id=3108\" class=\"wp-image-3108 skip-lazy\" srcset=\"https:\/\/www.echomachinery.com\/wp-content\/uploads\/2021\/01\/Industrial-Chiller.jpg 1000w, https:\/\/www.echomachinery.com\/wp-content\/uploads\/2021\/01\/Industrial-Chiller-300x200.jpg 300w, https:\/\/www.echomachinery.com\/wp-content\/uploads\/2021\/01\/Industrial-Chiller-150x100.jpg 150w, https:\/\/www.echomachinery.com\/wp-content\/uploads\/2021\/01\/Industrial-Chiller-768x511.jpg 768w, https:\/\/www.echomachinery.com\/wp-content\/uploads\/2021\/01\/Industrial-Chiller-930x620.jpg 930w\" sizes=\"(max-width: 1000px) 100vw, 1000px\" \/><\/div><div class=\"kadence-blocks-gallery-item__caption\">enfriador industrial<\/div><\/div><\/figure><\/div><\/div><\/div><\/div><\/div><\/div><\/div>\n<\/div><\/div>\n\n\n\n<div class=\"wp-block-kadence-column inner-column-2 kadence-column_011eaa-80\"><div class=\"kt-inside-inner-col\">\n<h3 id=\"0-mr8-200rwg\">enfriador industrial<\/h3>\n\n\n\n<p>El enfriador industrial se utiliza en industrias que requieren enfriamiento de productos o unidades de producci\u00f3n durante los procesos de producci\u00f3n, como el procesamiento de pl\u00e1stico, el moldeado mec\u00e1nico, el enfriamiento de moldes, las m\u00e1quinas herramienta CNC y las industrias de galvanoplastia. Lo usamos principalmente en nuestro <a href=\"https:\/\/www.echomachinery.com\/es\/packaging-machines\/automatic-vacuum-packaging-machine\/\" title=\"M\u00e1quina de envasado al vac\u00edo autom\u00e1tica\">M\u00e1quina de envasado al vac\u00edo autom\u00e1tica<\/a> Para enfriar durante el sellado t\u00e9rmico.<\/p>\n<\/div><\/div>\n<\/div><\/div><\/div>\n\n\n\n<hr class=\"wp-block-separator\"\/>\n\n\n\n<h4>Caracter\u00edsticas<\/h4>\n\n\n<style id=\"kt-blocks_2e9c1d-c6\">.wp-block-kadence-iconlist.kt-svg-icon-list-items_2e9c1d-c6:not(.this-stops-third-party-issues) {margin-top:0}.wp-block-kadence-iconlist.kt-svg-icon-list-items_2e9c1d-c6 ul.kt-svg-icon-list {margin:0px 0px 10px 0px;}.kt-svg-icon-list-items_2e9c1d-c6 ul.kt-svg-icon-list .kt-svg-icon-list-item-wrap, .kt-svg-icon-list-items_2e9c1d-c6 ul.kt-svg-icon-list .kt-svg-icon-list-item-wrap a {}<\/style>\n<div class=\"wp-block-kadence-iconlist kt-svg-icon-list-items kt-svg-icon-list-items_2e9c1d-c6 kt-svg-icon-list-columns-1 alignnone kt-list-icon-aligntop\"><ul class=\"kt-svg-icon-list\"><li class=\"kt-svg-icon-list-style-default kt-svg-icon-list-item-wrap kt-svg-icon-list-item-0\"><div style=\"display:inline-flex;justify-content:center;align-items:center\" class=\"kt-svg-icon-list-single kt-svg-icon-list-single-fe_bookmark\"><svg style=\"display:inline-block;vertical-align:middle\" viewbox=\"0 0 24 24\" height=\"20\" width=\"20\" fill=\"none\" stroke=\"currentColor\" xmlns=\"http:\/\/www.w3.org\/2000\/svg\" stroke-width=\"2\" stroke-linecap=\"round\" stroke-linejoin=\"round\" aria-hidden=\"true\"><path d=\"M19 21l-7-5-7 5V5a2 2 0 0 1 2-2h10a2 2 0 0 1 2 2z\"><\/path><\/svg><\/div><span class=\"kt-svg-icon-list-text\">F\u00e1cil de instalar, f\u00e1cil de usar, equipado con ruedas m\u00f3viles, equipada con pantalla LCD.<\/span><\/li><li class=\"kt-svg-icon-list-style-default kt-svg-icon-list-item-wrap kt-svg-icon-list-item-1\"><div style=\"display:inline-flex;justify-content:center;align-items:center\" class=\"kt-svg-icon-list-single kt-svg-icon-list-single-fe_bookmark\"><svg style=\"display:inline-block;vertical-align:middle\" viewbox=\"0 0 24 24\" height=\"20\" width=\"20\" fill=\"none\" stroke=\"currentColor\" xmlns=\"http:\/\/www.w3.org\/2000\/svg\" stroke-width=\"2\" stroke-linecap=\"round\" stroke-linejoin=\"round\" aria-hidden=\"true\"><path d=\"M19 21l-7-5-7 5V5a2 2 0 0 1 2-2h10a2 2 0 0 1 2 2z\"><\/path><\/svg><\/div><span class=\"kt-svg-icon-list-text\">El sistema de refrigeraci\u00f3n adopta componentes de marcas famosas internacionales como accesorios, con efecto de refrigeraci\u00f3n estable y duradero, con funciones autom\u00e1ticas de calentamiento y enfriamiento, precisi\u00f3n de visualizaci\u00f3n de \u00b10.1, error de temperatura de \u00b10.3-0.5 grados Celsius.<\/span><\/li><li class=\"kt-svg-icon-list-style-default kt-svg-icon-list-item-wrap kt-svg-icon-list-item-2\"><div style=\"display:inline-flex;justify-content:center;align-items:center\" class=\"kt-svg-icon-list-single kt-svg-icon-list-single-fe_bookmark\"><svg style=\"display:inline-block;vertical-align:middle\" viewbox=\"0 0 24 24\" height=\"20\" width=\"20\" fill=\"none\" stroke=\"currentColor\" xmlns=\"http:\/\/www.w3.org\/2000\/svg\" stroke-width=\"2\" stroke-linecap=\"round\" stroke-linejoin=\"round\" aria-hidden=\"true\"><path d=\"M19 21l-7-5-7 5V5a2 2 0 0 1 2-2h10a2 2 0 0 1 2 2z\"><\/path><\/svg><\/div><span class=\"kt-svg-icon-list-text\">La circulaci\u00f3n de agua adopta una bomba de agua de acero inoxidable, un tanque de agua de acero inoxidable y una tuber\u00eda de PVC, por lo que puede usar agua pura o agua desionizada directamente sin preocuparse por la corrosi\u00f3n.<\/span><\/li><li class=\"kt-svg-icon-list-style-default kt-svg-icon-list-item-wrap kt-svg-icon-list-item-3\"><div style=\"display:inline-flex;justify-content:center;align-items:center\" class=\"kt-svg-icon-list-single kt-svg-icon-list-single-fe_bookmark\"><svg style=\"display:inline-block;vertical-align:middle\" viewbox=\"0 0 24 24\" height=\"20\" width=\"20\" fill=\"none\" stroke=\"currentColor\" xmlns=\"http:\/\/www.w3.org\/2000\/svg\" stroke-width=\"2\" stroke-linecap=\"round\" stroke-linejoin=\"round\" aria-hidden=\"true\"><path d=\"M19 21l-7-5-7 5V5a2 2 0 0 1 2-2h10a2 2 0 0 1 2 2z\"><\/path><\/svg><\/div><span class=\"kt-svg-icon-list-text\">Protecci\u00f3n de flujo incorporada, dispositivo de protecci\u00f3n de temperatura, puede enviar un modelo a equipos externos.<\/span><\/li><\/ul><\/div>","protected":false},"excerpt":{"rendered":"<p>Industrial Chiller Industrial Chiller are used in industries that require cooling of products or production units during production processes such as plastic processing, mechanical molding, mold cooling, CNC machine tools, and electroplating industries. We mainly use it on our Automatic Vacuum Packaging Machine to cool down during heat sealing. Features<\/p>","protected":false},"author":1,"featured_media":5821,"parent":1314,"menu_order":0,"comment_status":"closed","ping_status":"closed","template":"page-templates\/product.php","meta":{"inline_featured_image":false,"ub_ctt_via":"","kt_blocks_editor_width":""},"aioseo_notices":[],"featured_image_src":"https:\/\/www.echomachinery.com\/wp-content\/uploads\/2022\/06\/pickle-filling-machine-1.jpg","_links":{"self":[{"href":"https:\/\/www.echomachinery.com\/es\/wp-json\/wp\/v2\/pages\/3107"}],"collection":[{"href":"https:\/\/www.echomachinery.com\/es\/wp-json\/wp\/v2\/pages"}],"about":[{"href":"https:\/\/www.echomachinery.com\/es\/wp-json\/wp\/v2\/types\/page"}],"author":[{"embeddable":true,"href":"https:\/\/www.echomachinery.com\/es\/wp-json\/wp\/v2\/users\/1"}],"replies":[{"embeddable":true,"href":"https:\/\/www.echomachinery.com\/es\/wp-json\/wp\/v2\/comments?post=3107"}],"version-history":[{"count":0,"href":"https:\/\/www.echomachinery.com\/es\/wp-json\/wp\/v2\/pages\/3107\/revisions"}],"up":[{"embeddable":true,"href":"https:\/\/www.echomachinery.com\/es\/wp-json\/wp\/v2\/pages\/1314"}],"wp:featuredmedia":[{"embeddable":true,"href":"https:\/\/www.echomachinery.com\/es\/wp-json\/wp\/v2\/media\/5821"}],"wp:attachment":[{"href":"https:\/\/www.echomachinery.com\/es\/wp-json\/wp\/v2\/media?parent=3107"}],"curies":[{"name":"pp","href":"https:\/\/api.w.org\/{rel}","templated":true}]}}