{"id":3350,"date":"2021-03-15T02:37:51","date_gmt":"2021-03-15T01:37:51","guid":{"rendered":"https:\/\/www.echomachinery.com\/?page_id=3350"},"modified":"2022-02-23T09:50:50","modified_gmt":"2022-02-23T08:50:50","slug":"automatic-linear-capping-machine","status":"publish","type":"page","link":"https:\/\/www.echomachinery.com\/es\/packaging-machines\/relative-devices\/automatic-linear-capping-machine\/","title":{"rendered":"M\u00e1quina de tapado lineal autom\u00e1tica"},"content":{"rendered":"<style id=\"kt-blocks_a9d06b-78\">#kt-layout-id_a9d06b-78 > .kt-row-column-wrap{padding-bottom:0px;}<\/style>\n<div class=\"wp-block-kadence-rowlayout alignnone\"><div id=\"kt-layout-id_a9d06b-78\" class=\"kt-row-layout-inner kt-layout-id_a9d06b-78\"><div class=\"kt-row-column-wrap kt-has-2-columns kt-gutter-default kt-v-gutter-default kt-row-valign-top kt-row-layout-equal kt-tab-layout-inherit kt-m-colapse-left-to-right kt-mobile-layout-row\">\n<div class=\"wp-block-kadence-column inner-column-1 kadence-column_b3c92c-eb\"><div class=\"kt-inside-inner-col\"><style id=\"kt-blocks_1cfaf9-05\">.wp-block-kadence-advancedgallery ul.kb-gallery-id-_1cfaf9-05 {margin: -5px;}.kb-gallery-id-_1cfaf9-05 .kadence-blocks-gallery-item {padding:5px;}.kb-gallery-type-carousel.kb-gallery-id-_1cfaf9-05 .kt-blocks-carousel .kt-blocks-carousel-init {margin: 0 -5px;}.kb-gallery-type-carousel.kb-gallery-id-_1cfaf9-05 .kt-blocks-carousel .kt-blocks-carousel-init .kb-slide-item, .kb-gallery-type-fluidcarousel.kb-gallery-id-_1cfaf9-05 .kt-blocks-carousel .kt-blocks-carousel-init .kb-slide-item, .kb-gallery-type-carousel .kt-blocks-carousel-init:not(.slick-initialized) .kb-slide-item {padding: 4px 5px;}.kb-gallery-type-fluidcarousel.kb-gallery-id-_1cfaf9-05 .kt-blocks-carousel .kt-blocks-carousel-init.kb-carousel-mode-align-left .kb-slide-item {padding: 4px 10px 4px 0;}.kb-gallery-type-carousel.kb-gallery-id-_1cfaf9-05 .kt-blocks-carousel .kt-blocks-carousel-init .slick-prev {left:5px;}.kb-gallery-type-carousel.kb-gallery-id-_1cfaf9-05 .kt-blocks-carousel .kt-blocks-carousel-init .slick-next {right:5px;}.kb-gallery-id-_1cfaf9-05 .kadence-blocks-gallery-item .kb-gal-image-radius {border-radius: 0px 0px 0px 0px;}<\/style>\n<div class=\"wp-block-kadence-advancedgallery kb-gallery-wrap-id-_1cfaf9-05\"><div class=\"kb-gallery-ul kb-gallery-type-slider kb-gallery-id-_1cfaf9-05 kb-gallery-caption-style-bottom-hover kb-gallery-filter-none\" data-image-filter=\"none\" data-lightbox-caption=\"true\"><div class=\"kt-blocks-carousel kt-carousel-container-dotstyle-dark\"><div class=\"kt-blocks-carousel-init kb-blocks-slider kt-carousel-arrowstyle-whiteondark kt-carousel-dotstyle-dark\" data-slider-anim-speed=\"400\" data-slider-type=\"slider\" data-slider-scroll=\"1\" data-slider-arrows=\"true\" data-slider-dots=\"true\" data-slider-hover-pause=\"false\" data-slider-auto=\"false\" data-slider-speed=\"7000\"><div class=\"kb-slide-item kb-gallery-slide-item\"><div class=\"kadence-blocks-gallery-item\"><div class=\"kadence-blocks-gallery-item-inner\"><figure class=\"kb-gallery-figure kadence-blocks-gallery-item-hide-caption kb-has-image-ratio-inherit\"><div class=\"kb-gal-image-radius\"><div class=\"kb-gallery-image-contain kadence-blocks-gallery-intrinsic kb-gallery-image-ratio-inherit\"><img decoding=\"async\" loading=\"lazy\" width=\"714\" height=\"708\" src=\"https:\/\/www.echomachinery.com\/wp-content\/uploads\/2021\/03\/rjlc.jpg\" alt=\"RJC\" data-full-image=\"https:\/\/www.echomachinery.com\/wp-content\/uploads\/2021\/03\/rjlc.jpg\" data-light-image=\"https:\/\/www.echomachinery.com\/wp-content\/uploads\/2021\/03\/rjlc.jpg\" data-id=\"3355\" data-link=\"https:\/\/www.echomachinery.com\/?attachment_id=3355\" class=\"wp-image-3355 skip-lazy\" srcset=\"https:\/\/www.echomachinery.com\/wp-content\/uploads\/2021\/03\/rjlc.jpg 714w, https:\/\/www.echomachinery.com\/wp-content\/uploads\/2021\/03\/rjlc-300x297.jpg 300w, https:\/\/www.echomachinery.com\/wp-content\/uploads\/2021\/03\/rjlc-150x150.jpg 150w\" sizes=\"(max-width: 714px) 100vw, 714px\" \/><\/div><div class=\"kadence-blocks-gallery-item__caption\">RJC<\/div><\/div><\/figure><\/div><\/div><\/div><div class=\"kb-slide-item kb-gallery-slide-item\"><div class=\"kadence-blocks-gallery-item\"><div class=\"kadence-blocks-gallery-item-inner\"><figure class=\"kb-gallery-figure kadence-blocks-gallery-item-hide-caption kb-has-image-ratio-inherit\"><div class=\"kb-gal-image-radius\"><div class=\"kb-gallery-image-contain kadence-blocks-gallery-intrinsic kb-gallery-image-ratio-inherit\"><img decoding=\"async\" loading=\"lazy\" width=\"360\" height=\"710\" src=\"https:\/\/www.echomachinery.com\/wp-content\/uploads\/2021\/03\/rjlc-2.jpg\" alt=\"RJLC-2\" data-full-image=\"https:\/\/www.echomachinery.com\/wp-content\/uploads\/2021\/03\/rjlc-2.jpg\" data-light-image=\"https:\/\/www.echomachinery.com\/wp-content\/uploads\/2021\/03\/rjlc-2.jpg\" data-id=\"3354\" data-link=\"https:\/\/www.echomachinery.com\/?attachment_id=3354\" class=\"wp-image-3354 skip-lazy\" srcset=\"https:\/\/www.echomachinery.com\/wp-content\/uploads\/2021\/03\/rjlc-2.jpg 360w, https:\/\/www.echomachinery.com\/wp-content\/uploads\/2021\/03\/rjlc-2-152x300.jpg 152w, https:\/\/www.echomachinery.com\/wp-content\/uploads\/2021\/03\/rjlc-2-76x150.jpg 76w\" sizes=\"(max-width: 360px) 100vw, 360px\" \/><\/div><div class=\"kadence-blocks-gallery-item__caption\">RJLC-2<\/div><\/div><\/figure><\/div><\/div><\/div><div class=\"kb-slide-item kb-gallery-slide-item\"><div class=\"kadence-blocks-gallery-item\"><div class=\"kadence-blocks-gallery-item-inner\"><figure class=\"kb-gallery-figure kadence-blocks-gallery-item-hide-caption kb-has-image-ratio-inherit\"><div class=\"kb-gal-image-radius\"><div class=\"kb-gallery-image-contain kadence-blocks-gallery-intrinsic kb-gallery-image-ratio-inherit\"><img decoding=\"async\" loading=\"lazy\" width=\"426\" height=\"285\" src=\"https:\/\/www.echomachinery.com\/wp-content\/uploads\/2021\/03\/Linear-Capping-Machine1.jpg\" alt=\"M\u00e1quina de tapado lineal1\" data-full-image=\"https:\/\/www.echomachinery.com\/wp-content\/uploads\/2021\/03\/Linear-Capping-Machine1.jpg\" data-light-image=\"https:\/\/www.echomachinery.com\/wp-content\/uploads\/2021\/03\/Linear-Capping-Machine1.jpg\" data-id=\"3351\" data-link=\"https:\/\/www.echomachinery.com\/?attachment_id=3351\" class=\"wp-image-3351 skip-lazy\" srcset=\"https:\/\/www.echomachinery.com\/wp-content\/uploads\/2021\/03\/Linear-Capping-Machine1.jpg 426w, https:\/\/www.echomachinery.com\/wp-content\/uploads\/2021\/03\/Linear-Capping-Machine1-300x201.jpg 300w, https:\/\/www.echomachinery.com\/wp-content\/uploads\/2021\/03\/Linear-Capping-Machine1-150x100.jpg 150w\" sizes=\"(max-width: 426px) 100vw, 426px\" \/><\/div><div class=\"kadence-blocks-gallery-item__caption\">M\u00e1quina de tapado lineal1<\/div><\/div><\/figure><\/div><\/div><\/div><div class=\"kb-slide-item kb-gallery-slide-item\"><div class=\"kadence-blocks-gallery-item\"><div class=\"kadence-blocks-gallery-item-inner\"><figure class=\"kb-gallery-figure kadence-blocks-gallery-item-hide-caption kb-has-image-ratio-inherit\"><div class=\"kb-gal-image-radius\"><div class=\"kb-gallery-image-contain kadence-blocks-gallery-intrinsic kb-gallery-image-ratio-inherit\"><img decoding=\"async\" loading=\"lazy\" width=\"425\" height=\"284\" src=\"https:\/\/www.echomachinery.com\/wp-content\/uploads\/2021\/03\/Linear-Capping-Machine2.jpg\" alt=\"M\u00e1quina de tapado lineal2\" data-full-image=\"https:\/\/www.echomachinery.com\/wp-content\/uploads\/2021\/03\/Linear-Capping-Machine2.jpg\" data-light-image=\"https:\/\/www.echomachinery.com\/wp-content\/uploads\/2021\/03\/Linear-Capping-Machine2.jpg\" data-id=\"3352\" data-link=\"https:\/\/www.echomachinery.com\/?attachment_id=3352\" class=\"wp-image-3352 skip-lazy\" srcset=\"https:\/\/www.echomachinery.com\/wp-content\/uploads\/2021\/03\/Linear-Capping-Machine2.jpg 425w, https:\/\/www.echomachinery.com\/wp-content\/uploads\/2021\/03\/Linear-Capping-Machine2-300x200.jpg 300w, https:\/\/www.echomachinery.com\/wp-content\/uploads\/2021\/03\/Linear-Capping-Machine2-150x100.jpg 150w\" sizes=\"(max-width: 425px) 100vw, 425px\" \/><\/div><div class=\"kadence-blocks-gallery-item__caption\">M\u00e1quina de tapado lineal2<\/div><\/div><\/figure><\/div><\/div><\/div><div class=\"kb-slide-item kb-gallery-slide-item\"><div class=\"kadence-blocks-gallery-item\"><div class=\"kadence-blocks-gallery-item-inner\"><figure class=\"kb-gallery-figure kadence-blocks-gallery-item-hide-caption kb-has-image-ratio-inherit\"><div class=\"kb-gal-image-radius\"><div class=\"kb-gallery-image-contain kadence-blocks-gallery-intrinsic kb-gallery-image-ratio-inherit\"><img decoding=\"async\" loading=\"lazy\" width=\"226\" height=\"132\" src=\"https:\/\/www.echomachinery.com\/wp-content\/uploads\/2021\/03\/Linear-Capping-Machine3.jpg\" alt=\"M\u00e1quina de tapado lineal3\" data-full-image=\"https:\/\/www.echomachinery.com\/wp-content\/uploads\/2021\/03\/Linear-Capping-Machine3.jpg\" data-light-image=\"https:\/\/www.echomachinery.com\/wp-content\/uploads\/2021\/03\/Linear-Capping-Machine3.jpg\" data-id=\"3353\" data-link=\"https:\/\/www.echomachinery.com\/?attachment_id=3353\" class=\"wp-image-3353 skip-lazy\" srcset=\"https:\/\/www.echomachinery.com\/wp-content\/uploads\/2021\/03\/Linear-Capping-Machine3.jpg 226w, https:\/\/www.echomachinery.com\/wp-content\/uploads\/2021\/03\/Linear-Capping-Machine3-150x88.jpg 150w\" sizes=\"(max-width: 226px) 100vw, 226px\" \/><\/div><div class=\"kadence-blocks-gallery-item__caption\">M\u00e1quina de tapado lineal3<\/div><\/div><\/figure><\/div><\/div><\/div><\/div><\/div><\/div><\/div>\n<\/div><\/div>\n\n\n\n<div class=\"wp-block-kadence-column inner-column-2 kadence-column_bf4f6d-b3\"><div class=\"kt-inside-inner-col\">\n<h3 id=\"0-mr8-200rwg\">M\u00e1quina de tapado lineal autom\u00e1tica RJ-LC<\/h3>\n<\/div><\/div>\n<\/div><\/div><\/div>\n\n\n\n<hr class=\"wp-block-separator\"\/>\n\n\n\n<p>La m\u00e1quina de tapado de husillo RJ-LC es adecuada para tapas de rosca de husillo, tapas de rociado y tapas de rociado, etc. El RJ-LC equipado con un cabezal de tapado de par constante, es f\u00e1cil de ajustar la presi\u00f3n. El dise\u00f1o compacto y razonable hace que la m\u00e1quina se pueda vincular f\u00e1cilmente con otras l\u00edneas de equipo. Es adecuado para todo tipo de tapas de botellas con di\u00e1metro de 10-180 mm. El RJ-LC supera las desventajas de la m\u00e1quina de tapado tradicional que una tapa utiliza un cabezal de tapado. La m\u00e1quina es original en dise\u00f1o que es muy f\u00e1cil de ajustar y operar. La velocidad de producci\u00f3n es de hasta 200 botellas por minuto. La m\u00e1quina se puede utilizar para la producci\u00f3n de una sola m\u00e1quina, pero tambi\u00e9n el modelo ideal de producci\u00f3n de alambre.<\/p>\n\n\n\n<h3>Caracter\u00edsticas<\/h3>\n\n\n<style id=\"kt-blocks_b3a5c1-67\">.wp-block-kadence-iconlist.kt-svg-icon-list-items_b3a5c1-67:not(.this-stops-third-party-issues) {margin-top:0}.wp-block-kadence-iconlist.kt-svg-icon-list-items_b3a5c1-67 ul.kt-svg-icon-list {margin:0px 0px 10px 0px;}.kt-svg-icon-list-items_b3a5c1-67 ul.kt-svg-icon-list .kt-svg-icon-list-item-wrap, .kt-svg-icon-list-items_b3a5c1-67 ul.kt-svg-icon-list .kt-svg-icon-list-item-wrap a {}<\/style>\n<div class=\"wp-block-kadence-iconlist kt-svg-icon-list-items kt-svg-icon-list-items_b3a5c1-67 kt-svg-icon-list-columns-1 alignnone kt-list-icon-aligntop\"><ul class=\"kt-svg-icon-list\"><li class=\"kt-svg-icon-list-style-default kt-svg-icon-list-item-wrap kt-svg-icon-list-item-0\"><div style=\"display:inline-flex;justify-content:center;align-items:center;color:#000000\" class=\"kt-svg-icon-list-single kt-svg-icon-list-single-fe_chevronRight\"><svg style=\"display:inline-block;vertical-align:middle\" viewbox=\"0 0 24 24\" height=\"20\" width=\"20\" fill=\"none\" stroke=\"currentColor\" xmlns=\"http:\/\/www.w3.org\/2000\/svg\" stroke-width=\"2\" stroke-linecap=\"round\" stroke-linejoin=\"round\" aria-hidden=\"true\"><polyline points=\"9 18 15 12 9 6\"><\/polyline><\/svg><\/div><span class=\"kt-svg-icon-list-text\">La correa de planish se puede ajustar individualmente, aplicable a las tapas de diferentes di\u00e1metros.<\/span><\/li><li class=\"kt-svg-icon-list-style-default kt-svg-icon-list-item-wrap kt-svg-icon-list-item-1\"><div style=\"display:inline-flex;justify-content:center;align-items:center;color:#000000\" class=\"kt-svg-icon-list-single kt-svg-icon-list-single-fe_chevronRight\"><svg style=\"display:inline-block;vertical-align:middle\" viewbox=\"0 0 24 24\" height=\"20\" width=\"20\" fill=\"none\" stroke=\"currentColor\" xmlns=\"http:\/\/www.w3.org\/2000\/svg\" stroke-width=\"2\" stroke-linecap=\"round\" stroke-linejoin=\"round\" aria-hidden=\"true\"><polyline points=\"9 18 15 12 9 6\"><\/polyline><\/svg><\/div><span class=\"kt-svg-icon-list-text\">La tapa de aerosol se puede personalizar.<\/span><\/li><li class=\"kt-svg-icon-list-style-default kt-svg-icon-list-item-wrap kt-svg-icon-list-item-2\"><div style=\"display:inline-flex;justify-content:center;align-items:center;color:#000000\" class=\"kt-svg-icon-list-single kt-svg-icon-list-single-fe_chevronRight\"><svg style=\"display:inline-block;vertical-align:middle\" viewbox=\"0 0 24 24\" height=\"20\" width=\"20\" fill=\"none\" stroke=\"currentColor\" xmlns=\"http:\/\/www.w3.org\/2000\/svg\" stroke-width=\"2\" stroke-linecap=\"round\" stroke-linejoin=\"round\" aria-hidden=\"true\"><polyline points=\"9 18 15 12 9 6\"><\/polyline><\/svg><\/div><span class=\"kt-svg-icon-list-text\">El dise\u00f1o estructural de la m\u00e1quina es muy razonable, f\u00e1cil de operar, la tasa de cobertura es m\u00e1s de 99.91TP.<\/span><\/li><li class=\"kt-svg-icon-list-style-default kt-svg-icon-list-item-wrap kt-svg-icon-list-item-3\"><div style=\"display:inline-flex;justify-content:center;align-items:center;color:#000000\" class=\"kt-svg-icon-list-single kt-svg-icon-list-single-fe_chevronRight\"><svg style=\"display:inline-block;vertical-align:middle\" viewbox=\"0 0 24 24\" height=\"20\" width=\"20\" fill=\"none\" stroke=\"currentColor\" xmlns=\"http:\/\/www.w3.org\/2000\/svg\" stroke-width=\"2\" stroke-linecap=\"round\" stroke-linejoin=\"round\" aria-hidden=\"true\"><polyline points=\"9 18 15 12 9 6\"><\/polyline><\/svg><\/div><span class=\"kt-svg-icon-list-text\">El motor ajusta la altura de la m\u00e1quina seg\u00fan la diferente altura de la botella, y puede ajustarse sin operaci\u00f3n manual.<\/span><\/li><li class=\"kt-svg-icon-list-style-default kt-svg-icon-list-item-wrap kt-svg-icon-list-item-4\"><div style=\"display:inline-flex;justify-content:center;align-items:center;color:#000000\" class=\"kt-svg-icon-list-single kt-svg-icon-list-single-fe_chevronRight\"><svg style=\"display:inline-block;vertical-align:middle\" viewbox=\"0 0 24 24\" height=\"20\" width=\"20\" fill=\"none\" stroke=\"currentColor\" xmlns=\"http:\/\/www.w3.org\/2000\/svg\" stroke-width=\"2\" stroke-linecap=\"round\" stroke-linejoin=\"round\" aria-hidden=\"true\"><polyline points=\"9 18 15 12 9 6\"><\/polyline><\/svg><\/div><span class=\"kt-svg-icon-list-text\">Un grupo de motores de control Un par de ruedas de tapa rozadora.<\/span><\/li><\/ul><\/div>","protected":false},"excerpt":{"rendered":"<p>Automatic Linear Capping Machine RJ-LC The RJ-LC spindle capping machine is suitable for spindle screw caps, locked caps and spray caps and so on. The RJ-LC equipped with a constant torque capping head, it is easy to adjustment pressure. Compact and reasonable design makes the machine can be easily linked with other equipment line. It&hellip;&nbsp;<a href=\"https:\/\/www.echomachinery.com\/es\/packaging-machines\/relative-devices\/automatic-linear-capping-machine\/\" class=\"\" rel=\"bookmark\">Leer m\u00e1s \u00bb<span class=\"screen-reader-text\">M\u00e1quina de tapado lineal autom\u00e1tica<\/span><\/a><\/p>","protected":false},"author":1,"featured_media":3356,"parent":1314,"menu_order":0,"comment_status":"closed","ping_status":"closed","template":"page-templates\/product.php","meta":{"inline_featured_image":false,"ub_ctt_via":"","kt_blocks_editor_width":""},"aioseo_notices":[],"featured_image_src":"https:\/\/www.echomachinery.com\/wp-content\/uploads\/2021\/03\/rjlc-1.jpg","_links":{"self":[{"href":"https:\/\/www.echomachinery.com\/es\/wp-json\/wp\/v2\/pages\/3350"}],"collection":[{"href":"https:\/\/www.echomachinery.com\/es\/wp-json\/wp\/v2\/pages"}],"about":[{"href":"https:\/\/www.echomachinery.com\/es\/wp-json\/wp\/v2\/types\/page"}],"author":[{"embeddable":true,"href":"https:\/\/www.echomachinery.com\/es\/wp-json\/wp\/v2\/users\/1"}],"replies":[{"embeddable":true,"href":"https:\/\/www.echomachinery.com\/es\/wp-json\/wp\/v2\/comments?post=3350"}],"version-history":[{"count":0,"href":"https:\/\/www.echomachinery.com\/es\/wp-json\/wp\/v2\/pages\/3350\/revisions"}],"up":[{"embeddable":true,"href":"https:\/\/www.echomachinery.com\/es\/wp-json\/wp\/v2\/pages\/1314"}],"wp:featuredmedia":[{"embeddable":true,"href":"https:\/\/www.echomachinery.com\/es\/wp-json\/wp\/v2\/media\/3356"}],"wp:attachment":[{"href":"https:\/\/www.echomachinery.com\/es\/wp-json\/wp\/v2\/media?parent=3350"}],"curies":[{"name":"pp","href":"https:\/\/api.w.org\/{rel}","templated":true}]}}