{"id":3431,"date":"2021-03-16T02:19:40","date_gmt":"2021-03-16T01:19:40","guid":{"rendered":"https:\/\/www.echomachinery.com\/?page_id=3431"},"modified":"2022-03-03T02:35:20","modified_gmt":"2022-03-03T01:35:20","slug":"labeling-machine","status":"publish","type":"page","link":"https:\/\/www.echomachinery.com\/es\/packaging-machines\/relative-devices\/labeling-machine\/","title":{"rendered":"M\u00e1quina etiquetadora de botellas"},"content":{"rendered":"<p>Nuestra m\u00e1quina de etiquetado de botellas incluye etiquetador de botellas redondas, etiquetadora de doble cara, etiquetadora de manga retr\u00e1ctil, que se puede utilizar junto con <a href=\"https:\/\/www.echomachinery.com\/es\/packaging-machines\/piston-liquid-filling-machine\/\" title=\"M\u00e1quina de llenado de l\u00edquidos con pist\u00f3n\">M\u00e1quina de llenado de botellas<\/a> y otras m\u00e1quinas auxiliares para formar una l\u00ednea de embotellado.<\/p>\n\n\n\n<div class=\"wp-block-kadence-rowlayout alignnone\"><div id=\"kt-layout-id_29ce78-d7\" class=\"kt-row-layout-inner kt-layout-id_29ce78-d7\"><div class=\"kt-row-column-wrap kt-has-3-columns kt-gutter-default kt-v-gutter-default kt-row-valign-top kt-row-layout-equal kt-tab-layout-inherit kt-m-colapse-left-to-right kt-mobile-layout-row\">\n<div class=\"wp-block-kadence-column inner-column-1 kadence-column_e5b1f8-7b\"><div class=\"kt-inside-inner-col\">\n<figure class=\"wp-block-image size-large\"><a href=\"https:\/\/www.echomachinery.com\/es\/packaging-machines\/relative-devices\/labeling-machine\/double-sided-labeller\/\"><img decoding=\"async\" loading=\"lazy\" width=\"600\" height=\"400\" src=\"https:\/\/www.echomachinery.com\/wp-content\/uploads\/2021\/03\/rj-rl3: 2.jpg\" alt=\"RJ-RL3: 2\" class=\"wp-image-3433\" srcset=\"\" sizes=\"(max-width: 600px) 100vw, 600px\" data-srcset=\"\" \/><\/a><\/figure>\n\n\n\n<h3 class=\"has-text-align-center\"><a href=\"https:\/\/www.echomachinery.com\/es\/packaging-machines\/relative-devices\/labeling-machine\/double-sided-labeller\/\" title=\"Etiquetadora de doble cara\">Etiquetadora de doble cara<\/a><\/h3>\n<\/div><\/div>\n\n\n\n<div class=\"wp-block-kadence-column inner-column-2 kadence-column_355386-47\"><div class=\"kt-inside-inner-col\">\n<figure class=\"wp-block-image size-large\"><a href=\"https:\/\/www.echomachinery.com\/es\/packaging-machines\/relative-devices\/labeling-machine\/round-bottle-labeller\/\"><img decoding=\"async\" loading=\"lazy\" width=\"600\" height=\"400\" src=\"https:\/\/www.echomachinery.com\/wp-content\/uploads\/2021\/03\/RJ-DL-3\uff1a2.jpg\" alt=\"\" class=\"wp-image-3446\" srcset=\"https:\/\/www.echomachinery.com\/wp-content\/uploads\/2021\/03\/RJ-DL-3\uff1a2.jpg 600w, https:\/\/www.echomachinery.com\/wp-content\/uploads\/2021\/03\/RJ-DL-3\uff1a2-300x200.jpg 300w, https:\/\/www.echomachinery.com\/wp-content\/uploads\/2021\/03\/RJ-DL-3\uff1a2-150x100.jpg 150w\" sizes=\"(max-width: 600px) 100vw, 600px\" \/><\/a><\/figure>\n\n\n\n<h3 class=\"has-text-align-center\"><a href=\"https:\/\/www.echomachinery.com\/es\/packaging-machines\/relative-devices\/labeling-machine\/round-bottle-labeller\/\" title=\"Etiquetadora de botellas redondas\">Etiquetadora de botellas redondas<\/a><\/h3>\n<\/div><\/div>\n\n\n\n<div class=\"wp-block-kadence-column inner-column-3 kadence-column_e423cc-ba\"><div class=\"kt-inside-inner-col\">\n<figure class=\"wp-block-image size-large\"><a href=\"https:\/\/www.echomachinery.com\/es\/packaging-machines\/relative-devices\/labeling-machine\/shrink-sleeve-labeller\/\"><img decoding=\"async\" loading=\"lazy\" width=\"600\" height=\"400\" src=\"https:\/\/www.echomachinery.com\/wp-content\/uploads\/2021\/03\/rj-ssl3: 2.jpg\" alt=\"RJ-SSL3: 2\" class=\"wp-image-3436\" srcset=\"\" sizes=\"(max-width: 600px) 100vw, 600px\" data-srcset=\"\" \/><\/a><\/figure>\n\n\n\n<h3 class=\"has-text-align-center\"><a href=\"https:\/\/www.echomachinery.com\/es\/packaging-machines\/relative-devices\/labeling-machine\/shrink-sleeve-labeller\/\" title=\"Etiquetadora de manga encogible\">Etiquetadora de manga encogible<\/a><\/h3>\n<\/div><\/div>\n<\/div><\/div><\/div>\n\n\n\n<p><\/p>","protected":false},"excerpt":{"rendered":"<p>Our Bottle Labeling Machine includes Round Bottle Labeller, Double-Sided Labeller, Shrink Sleeve Labeller, which can be used together with Bottle Filling Machine and other auxiliary machines to form a bottling line. Double-Sided Labeller Round Bottle Labeller Shrink Sleeve Labeller<\/p>","protected":false},"author":1,"featured_media":3433,"parent":1314,"menu_order":0,"comment_status":"closed","ping_status":"closed","template":"","meta":{"inline_featured_image":false,"ub_ctt_via":"","kt_blocks_editor_width":""},"aioseo_notices":[],"featured_image_src":"https:\/\/www.echomachinery.com\/wp-content\/uploads\/2021\/03\/RJ-RL3\uff1a2.jpg","_links":{"self":[{"href":"https:\/\/www.echomachinery.com\/es\/wp-json\/wp\/v2\/pages\/3431"}],"collection":[{"href":"https:\/\/www.echomachinery.com\/es\/wp-json\/wp\/v2\/pages"}],"about":[{"href":"https:\/\/www.echomachinery.com\/es\/wp-json\/wp\/v2\/types\/page"}],"author":[{"embeddable":true,"href":"https:\/\/www.echomachinery.com\/es\/wp-json\/wp\/v2\/users\/1"}],"replies":[{"embeddable":true,"href":"https:\/\/www.echomachinery.com\/es\/wp-json\/wp\/v2\/comments?post=3431"}],"version-history":[{"count":0,"href":"https:\/\/www.echomachinery.com\/es\/wp-json\/wp\/v2\/pages\/3431\/revisions"}],"up":[{"embeddable":true,"href":"https:\/\/www.echomachinery.com\/es\/wp-json\/wp\/v2\/pages\/1314"}],"wp:featuredmedia":[{"embeddable":true,"href":"https:\/\/www.echomachinery.com\/es\/wp-json\/wp\/v2\/media\/3433"}],"wp:attachment":[{"href":"https:\/\/www.echomachinery.com\/es\/wp-json\/wp\/v2\/media?parent=3431"}],"curies":[{"name":"pp","href":"https:\/\/api.w.org\/{rel}","templated":true}]}}