{"id":3434,"date":"2021-03-16T02:24:16","date_gmt":"2021-03-16T01:24:16","guid":{"rendered":"https:\/\/www.echomachinery.com\/?page_id=3434"},"modified":"2022-03-01T03:27:30","modified_gmt":"2022-03-01T02:27:30","slug":"shrink-sleeve-labeller","status":"publish","type":"page","link":"https:\/\/www.echomachinery.com\/es\/packaging-machines\/relative-devices\/labeling-machine\/shrink-sleeve-labeller\/","title":{"rendered":"Etiquetadora de manga encogible"},"content":{"rendered":"<style id=\"kt-blocks_535b84-5f\">#kt-layout-id_535b84-5f > .kt-row-column-wrap{padding-bottom:0px;}<\/style>\n<div class=\"wp-block-kadence-rowlayout alignnone\"><div id=\"kt-layout-id_535b84-5f\" class=\"kt-row-layout-inner kt-layout-id_535b84-5f\"><div class=\"kt-row-column-wrap kt-has-2-columns kt-gutter-default kt-v-gutter-default kt-row-valign-top kt-row-layout-equal kt-tab-layout-inherit kt-m-colapse-left-to-right kt-mobile-layout-row\">\n<div class=\"wp-block-kadence-column inner-column-1 kadence-column_95567e-9a\"><div class=\"kt-inside-inner-col\"><style id=\"kt-blocks_ccb530-47\">.wp-block-kadence-advancedgallery ul.kb-gallery-id-_ccb530-47 {margin: -5px;}.kb-gallery-id-_ccb530-47 .kadence-blocks-gallery-item {padding:5px;}.kb-gallery-type-carousel.kb-gallery-id-_ccb530-47 .kt-blocks-carousel .kt-blocks-carousel-init {margin: 0 -5px;}.kb-gallery-type-carousel.kb-gallery-id-_ccb530-47 .kt-blocks-carousel .kt-blocks-carousel-init .kb-slide-item, .kb-gallery-type-fluidcarousel.kb-gallery-id-_ccb530-47 .kt-blocks-carousel .kt-blocks-carousel-init .kb-slide-item, .kb-gallery-type-carousel .kt-blocks-carousel-init:not(.slick-initialized) .kb-slide-item {padding: 4px 5px;}.kb-gallery-type-fluidcarousel.kb-gallery-id-_ccb530-47 .kt-blocks-carousel .kt-blocks-carousel-init.kb-carousel-mode-align-left .kb-slide-item {padding: 4px 10px 4px 0;}.kb-gallery-type-carousel.kb-gallery-id-_ccb530-47 .kt-blocks-carousel .kt-blocks-carousel-init .slick-prev {left:5px;}.kb-gallery-type-carousel.kb-gallery-id-_ccb530-47 .kt-blocks-carousel .kt-blocks-carousel-init .slick-next {right:5px;}.kb-gallery-id-_ccb530-47 .kadence-blocks-gallery-item .kb-gal-image-radius {border-radius: 0px 0px 0px 0px;}<\/style>\n<div class=\"wp-block-kadence-advancedgallery kb-gallery-wrap-id-_ccb530-47\"><div class=\"kb-gallery-ul kb-gallery-type-slider kb-gallery-id-_ccb530-47 kb-gallery-caption-style-bottom-hover kb-gallery-filter-none\" data-image-filter=\"none\" data-lightbox-caption=\"true\"><div class=\"kt-blocks-carousel kt-carousel-container-dotstyle-dark\"><div class=\"kt-blocks-carousel-init kb-blocks-slider kt-carousel-arrowstyle-whiteondark kt-carousel-dotstyle-dark\" data-slider-anim-speed=\"400\" data-slider-type=\"slider\" data-slider-scroll=\"1\" data-slider-arrows=\"true\" data-slider-dots=\"true\" data-slider-hover-pause=\"false\" data-slider-auto=\"false\" data-slider-speed=\"7000\"><div class=\"kb-slide-item kb-gallery-slide-item\"><div class=\"kadence-blocks-gallery-item\"><div class=\"kadence-blocks-gallery-item-inner\"><figure class=\"kb-gallery-figure kadence-blocks-gallery-item-hide-caption kb-has-image-ratio-inherit\"><div class=\"kb-gal-image-radius\"><div class=\"kb-gallery-image-contain kadence-blocks-gallery-intrinsic kb-gallery-image-ratio-inherit\"><img decoding=\"async\" loading=\"lazy\" width=\"329\" height=\"366\" src=\"https:\/\/www.echomachinery.com\/wp-content\/uploads\/2021\/03\/RJ-SSL.jpg\" alt=\"Etiquetadora de manga encogible\" data-full-image=\"https:\/\/www.echomachinery.com\/wp-content\/uploads\/2021\/03\/RJ-SSL.jpg\" data-light-image=\"https:\/\/www.echomachinery.com\/wp-content\/uploads\/2021\/03\/RJ-SSL.jpg\" data-id=\"3435\" data-link=\"https:\/\/www.echomachinery.com\/?attachment_id=3435\" class=\"wp-image-3435 skip-lazy\" srcset=\"https:\/\/www.echomachinery.com\/wp-content\/uploads\/2021\/03\/RJ-SSL.jpg 329w, https:\/\/www.echomachinery.com\/wp-content\/uploads\/2021\/03\/RJ-SSL-270x300.jpg 270w, https:\/\/www.echomachinery.com\/wp-content\/uploads\/2021\/03\/RJ-SSL-135x150.jpg 135w\" sizes=\"(max-width: 329px) 100vw, 329px\" \/><\/div><div class=\"kadence-blocks-gallery-item__caption\">Etiquetadora de manga encogible<\/div><\/div><\/figure><\/div><\/div><\/div><\/div><\/div><\/div><\/div>\n<\/div><\/div>\n\n\n\n<div class=\"wp-block-kadence-column inner-column-2 kadence-column_526bab-c6\"><div class=\"kt-inside-inner-col\">\n<h3 id=\"0-mr8-200rwg\"><strong>RJ-SSL<\/strong><\/h3>\n\n\n\n<h4>M\u00e1quina de etiquetado de manga encogible autom\u00e1tica<\/h4>\n<\/div><\/div>\n<\/div><\/div><\/div>\n\n\n\n<hr class=\"wp-block-separator\"\/>\n\n\n\n<p>La m\u00e1quina de marcado de manga de alta velocidad RJ-SL se utiliza principalmente en la industria qu\u00edmica, alimentaria y farmac\u00e9utica. Tambi\u00e9n es adecuado para contenedores planos, cuadrados e irregulares. La m\u00e1quina adopta el control PLC y el servoaccionamiento que pueden garantizar un etiquetado preciso, alta eficiencia y estabilidad.<\/p>\n\n\n\n<h4 id=\"2-fearures-and-characteristics\">Caracter\u00edsticas<\/h4>\n\n\n<style id=\"kt-blocks_9669d8-96\">.wp-block-kadence-iconlist.kt-svg-icon-list-items_9669d8-96:not(.this-stops-third-party-issues) {margin-top:0}.wp-block-kadence-iconlist.kt-svg-icon-list-items_9669d8-96 ul.kt-svg-icon-list {margin:0px 0px 10px 0px;}.kt-svg-icon-list-items_9669d8-96 ul.kt-svg-icon-list .kt-svg-icon-list-item-wrap, .kt-svg-icon-list-items_9669d8-96 ul.kt-svg-icon-list .kt-svg-icon-list-item-wrap a {}<\/style>\n<div class=\"wp-block-kadence-iconlist kt-svg-icon-list-items kt-svg-icon-list-items_9669d8-96 kt-svg-icon-list-columns-1 alignnone kt-list-icon-aligntop\"><ul class=\"kt-svg-icon-list\"><li class=\"kt-svg-icon-list-style-default kt-svg-icon-list-item-wrap kt-svg-icon-list-item-0\"><div style=\"display:inline-flex;justify-content:center;align-items:center;color:#000000\" class=\"kt-svg-icon-list-single kt-svg-icon-list-single-fe_chevronRight\"><svg style=\"display:inline-block;vertical-align:middle\" viewbox=\"0 0 24 24\" height=\"20\" width=\"20\" fill=\"none\" stroke=\"currentColor\" xmlns=\"http:\/\/www.w3.org\/2000\/svg\" stroke-width=\"2\" stroke-linecap=\"round\" stroke-linejoin=\"round\" aria-hidden=\"true\"><polyline points=\"9 18 15 12 9 6\"><\/polyline><\/svg><\/div><span class=\"kt-svg-icon-list-text\">Host de acero inoxidable de cubierta completa: toda la m\u00e1quina es impermeable y no se oxida f\u00e1cilmente.<\/span><\/li><li class=\"kt-svg-icon-list-style-default kt-svg-icon-list-item-wrap kt-svg-icon-list-item-1\"><div style=\"display:inline-flex;justify-content:center;align-items:center;color:#000000\" class=\"kt-svg-icon-list-single kt-svg-icon-list-single-fe_chevronRight\"><svg style=\"display:inline-block;vertical-align:middle\" viewbox=\"0 0 24 24\" height=\"20\" width=\"20\" fill=\"none\" stroke=\"currentColor\" xmlns=\"http:\/\/www.w3.org\/2000\/svg\" stroke-width=\"2\" stroke-linecap=\"round\" stroke-linejoin=\"round\" aria-hidden=\"true\"><polyline points=\"9 18 15 12 9 6\"><\/polyline><\/svg><\/div><span class=\"kt-svg-icon-list-text\">Cabezal de corte variable: corte rotativo original, herramientas de corte importadas y con una larga vida \u00fatil.<\/span><\/li><li class=\"kt-svg-icon-list-style-default kt-svg-icon-list-item-wrap kt-svg-icon-list-item-2\"><div style=\"display:inline-flex;justify-content:center;align-items:center;color:#000000\" class=\"kt-svg-icon-list-single kt-svg-icon-list-single-fe_chevronRight\"><svg style=\"display:inline-block;vertical-align:middle\" viewbox=\"0 0 24 24\" height=\"20\" width=\"20\" fill=\"none\" stroke=\"currentColor\" xmlns=\"http:\/\/www.w3.org\/2000\/svg\" stroke-width=\"2\" stroke-linecap=\"round\" stroke-linejoin=\"round\" aria-hidden=\"true\"><polyline points=\"9 18 15 12 9 6\"><\/polyline><\/svg><\/div><span class=\"kt-svg-icon-list-text\">Poste gu\u00eda central de posicionamiento \u00fanico: el dise\u00f1o puede hacer que la gu\u00eda de etiquetas sea m\u00e1s estable.<\/span><\/li><li class=\"kt-svg-icon-list-style-default kt-svg-icon-list-item-wrap kt-svg-icon-list-item-3\"><div style=\"display:inline-flex;justify-content:center;align-items:center;color:#000000\" class=\"kt-svg-icon-list-single kt-svg-icon-list-single-fe_chevronRight\"><svg style=\"display:inline-block;vertical-align:middle\" viewbox=\"0 0 24 24\" height=\"20\" width=\"20\" fill=\"none\" stroke=\"currentColor\" xmlns=\"http:\/\/www.w3.org\/2000\/svg\" stroke-width=\"2\" stroke-linecap=\"round\" stroke-linejoin=\"round\" aria-hidden=\"true\"><polyline points=\"9 18 15 12 9 6\"><\/polyline><\/svg><\/div><span class=\"kt-svg-icon-list-text\">Entrega de botellas s\u00edncronas: hace que la entrega de botellas sea m\u00e1s estable.<\/span><\/li><li class=\"kt-svg-icon-list-style-default kt-svg-icon-list-item-wrap kt-svg-icon-list-item-4\"><div style=\"display:inline-flex;justify-content:center;align-items:center;color:#000000\" class=\"kt-svg-icon-list-single kt-svg-icon-list-single-fe_chevronRight\"><svg style=\"display:inline-block;vertical-align:middle\" viewbox=\"0 0 24 24\" height=\"20\" width=\"20\" fill=\"none\" stroke=\"currentColor\" xmlns=\"http:\/\/www.w3.org\/2000\/svg\" stroke-width=\"2\" stroke-linecap=\"round\" stroke-linejoin=\"round\" aria-hidden=\"true\"><polyline points=\"9 18 15 12 9 6\"><\/polyline><\/svg><\/div><span class=\"kt-svg-icon-list-text\">Cepillo de etiquetas de ajuste inferior: la precisi\u00f3n de la m\u00e1quina de etiquetado es m\u00e1s precisa.<\/span><\/li><li class=\"kt-svg-icon-list-style-default kt-svg-icon-list-item-wrap kt-svg-icon-list-item-5\"><div style=\"display:inline-flex;justify-content:center;align-items:center;color:#000000\" class=\"kt-svg-icon-list-single kt-svg-icon-list-single-fe_chevronRight\"><svg style=\"display:inline-block;vertical-align:middle\" viewbox=\"0 0 24 24\" height=\"20\" width=\"20\" fill=\"none\" stroke=\"currentColor\" xmlns=\"http:\/\/www.w3.org\/2000\/svg\" stroke-width=\"2\" stroke-linecap=\"round\" stroke-linejoin=\"round\" aria-hidden=\"true\"><polyline points=\"9 18 15 12 9 6\"><\/polyline><\/svg><\/div><span class=\"kt-svg-icon-list-text\">Estante de ojo el\u00e9ctrico que controla la etiqueta: la combinaci\u00f3n \u00fanica de cola y ojo el\u00e9ctrico mejora la precisi\u00f3n del corte de material de pel\u00edcula.<\/span><\/li><li class=\"kt-svg-icon-list-style-default kt-svg-icon-list-item-wrap kt-svg-icon-list-item-6\"><div style=\"display:inline-flex;justify-content:center;align-items:center;color:#000000\" class=\"kt-svg-icon-list-single kt-svg-icon-list-single-fe_chevronRight\"><svg style=\"display:inline-block;vertical-align:middle\" viewbox=\"0 0 24 24\" height=\"20\" width=\"20\" fill=\"none\" stroke=\"currentColor\" xmlns=\"http:\/\/www.w3.org\/2000\/svg\" stroke-width=\"2\" stroke-linecap=\"round\" stroke-linejoin=\"round\" aria-hidden=\"true\"><polyline points=\"9 18 15 12 9 6\"><\/polyline><\/svg><\/div><span class=\"kt-svg-icon-list-text\">Gabinete de control de bot\u00f3n: una operaci\u00f3n m\u00e1s humanizada.<\/span><\/li><li class=\"kt-svg-icon-list-style-default kt-svg-icon-list-item-wrap kt-svg-icon-list-item-7\"><div style=\"display:inline-flex;justify-content:center;align-items:center;color:#000000\" class=\"kt-svg-icon-list-single kt-svg-icon-list-single-fe_chevronRight\"><svg style=\"display:inline-block;vertical-align:middle\" viewbox=\"0 0 24 24\" height=\"20\" width=\"20\" fill=\"none\" stroke=\"currentColor\" xmlns=\"http:\/\/www.w3.org\/2000\/svg\" stroke-width=\"2\" stroke-linecap=\"round\" stroke-linejoin=\"round\" aria-hidden=\"true\"><polyline points=\"9 18 15 12 9 6\"><\/polyline><\/svg><\/div><span class=\"kt-svg-icon-list-text\">Estante de material de alimentaci\u00f3n independiente: selecci\u00f3n gratuita de la posici\u00f3n de la parrilla.<\/span><\/li><\/ul><\/div>","protected":false},"excerpt":{"rendered":"<p>RJ-SSL Automatic Shrink Sleeve Labelling Machine The RJ-SL high speed sleeve marking machine is mainly used in chemical, food and pharmaceutical industry. It is also suitable for flat, square and irregular containers. The machine adopts PLC control and servo drive that can ensure accurate labeling, high efficiency and stability. Fearures<\/p>","protected":false},"author":1,"featured_media":3436,"parent":3431,"menu_order":0,"comment_status":"closed","ping_status":"closed","template":"page-templates\/product.php","meta":{"inline_featured_image":false,"ub_ctt_via":"","kt_blocks_editor_width":""},"aioseo_notices":[],"featured_image_src":"https:\/\/www.echomachinery.com\/wp-content\/uploads\/2021\/03\/RJ-SSL3\uff1a2.jpg","_links":{"self":[{"href":"https:\/\/www.echomachinery.com\/es\/wp-json\/wp\/v2\/pages\/3434"}],"collection":[{"href":"https:\/\/www.echomachinery.com\/es\/wp-json\/wp\/v2\/pages"}],"about":[{"href":"https:\/\/www.echomachinery.com\/es\/wp-json\/wp\/v2\/types\/page"}],"author":[{"embeddable":true,"href":"https:\/\/www.echomachinery.com\/es\/wp-json\/wp\/v2\/users\/1"}],"replies":[{"embeddable":true,"href":"https:\/\/www.echomachinery.com\/es\/wp-json\/wp\/v2\/comments?post=3434"}],"version-history":[{"count":0,"href":"https:\/\/www.echomachinery.com\/es\/wp-json\/wp\/v2\/pages\/3434\/revisions"}],"up":[{"embeddable":true,"href":"https:\/\/www.echomachinery.com\/es\/wp-json\/wp\/v2\/pages\/3431"}],"wp:featuredmedia":[{"embeddable":true,"href":"https:\/\/www.echomachinery.com\/es\/wp-json\/wp\/v2\/media\/3436"}],"wp:attachment":[{"href":"https:\/\/www.echomachinery.com\/es\/wp-json\/wp\/v2\/media?parent=3434"}],"curies":[{"name":"pp","href":"https:\/\/api.w.org\/{rel}","templated":true}]}}