{"id":3439,"date":"2021-03-16T02:35:21","date_gmt":"2021-03-16T01:35:21","guid":{"rendered":"https:\/\/www.echomachinery.com\/?page_id=3439"},"modified":"2022-02-28T03:28:28","modified_gmt":"2022-02-28T02:28:28","slug":"double-sided-labeller","status":"publish","type":"page","link":"https:\/\/www.echomachinery.com\/es\/packaging-machines\/relative-devices\/labeling-machine\/double-sided-labeller\/","title":{"rendered":"Etiquetadora de doble cara"},"content":{"rendered":"<style id=\"kt-blocks_535b84-5f\">#kt-layout-id_535b84-5f > .kt-row-column-wrap{padding-bottom:0px;}<\/style>\n<div class=\"wp-block-kadence-rowlayout alignnone\"><div id=\"kt-layout-id_535b84-5f\" class=\"kt-row-layout-inner kt-layout-id_535b84-5f\"><div class=\"kt-row-column-wrap kt-has-2-columns kt-gutter-default kt-v-gutter-default kt-row-valign-top kt-row-layout-equal kt-tab-layout-inherit kt-m-colapse-left-to-right kt-mobile-layout-row\">\n<div class=\"wp-block-kadence-column inner-column-1 kadence-column_95567e-9a\"><div class=\"kt-inside-inner-col\"><style id=\"kt-blocks_ccb530-47\">.wp-block-kadence-advancedgallery ul.kb-gallery-id-_ccb530-47 {margin: -5px;}.kb-gallery-id-_ccb530-47 .kadence-blocks-gallery-item {padding:5px;}.kb-gallery-type-carousel.kb-gallery-id-_ccb530-47 .kt-blocks-carousel .kt-blocks-carousel-init {margin: 0 -5px;}.kb-gallery-type-carousel.kb-gallery-id-_ccb530-47 .kt-blocks-carousel .kt-blocks-carousel-init .kb-slide-item, .kb-gallery-type-fluidcarousel.kb-gallery-id-_ccb530-47 .kt-blocks-carousel .kt-blocks-carousel-init .kb-slide-item, .kb-gallery-type-carousel .kt-blocks-carousel-init:not(.slick-initialized) .kb-slide-item {padding: 4px 5px;}.kb-gallery-type-fluidcarousel.kb-gallery-id-_ccb530-47 .kt-blocks-carousel .kt-blocks-carousel-init.kb-carousel-mode-align-left .kb-slide-item {padding: 4px 10px 4px 0;}.kb-gallery-type-carousel.kb-gallery-id-_ccb530-47 .kt-blocks-carousel .kt-blocks-carousel-init .slick-prev {left:5px;}.kb-gallery-type-carousel.kb-gallery-id-_ccb530-47 .kt-blocks-carousel .kt-blocks-carousel-init .slick-next {right:5px;}.kb-gallery-id-_ccb530-47 .kadence-blocks-gallery-item .kb-gal-image-radius {border-radius: 0px 0px 0px 0px;}<\/style>\n<div class=\"wp-block-kadence-advancedgallery kb-gallery-wrap-id-_ccb530-47\"><div class=\"kb-gallery-ul kb-gallery-type-slider kb-gallery-id-_ccb530-47 kb-gallery-caption-style-bottom-hover kb-gallery-filter-none\" data-image-filter=\"none\" data-lightbox-caption=\"true\"><div class=\"kt-blocks-carousel kt-carousel-container-dotstyle-dark\"><div class=\"kt-blocks-carousel-init kb-blocks-slider kt-carousel-arrowstyle-whiteondark kt-carousel-dotstyle-dark\" data-slider-anim-speed=\"400\" data-slider-type=\"slider\" data-slider-scroll=\"1\" data-slider-arrows=\"true\" data-slider-dots=\"true\" data-slider-hover-pause=\"false\" data-slider-auto=\"false\" data-slider-speed=\"7000\"><div class=\"kb-slide-item kb-gallery-slide-item\"><div class=\"kadence-blocks-gallery-item\"><div class=\"kadence-blocks-gallery-item-inner\"><figure class=\"kb-gallery-figure kadence-blocks-gallery-item-hide-caption kb-has-image-ratio-inherit\"><div class=\"kb-gal-image-radius\"><div class=\"kb-gallery-image-contain kadence-blocks-gallery-intrinsic kb-gallery-image-ratio-inherit\"><img decoding=\"async\" loading=\"lazy\" width=\"471\" height=\"268\" src=\"https:\/\/www.echomachinery.com\/wp-content\/uploads\/2021\/03\/RJ-RL.jpg\" alt=\"Etiquetadora autom\u00e1tica de doble cara\" data-full-image=\"https:\/\/www.echomachinery.com\/wp-content\/uploads\/2021\/03\/RJ-RL.jpg\" data-light-image=\"https:\/\/www.echomachinery.com\/wp-content\/uploads\/2021\/03\/RJ-RL.jpg\" data-id=\"3444\" data-link=\"https:\/\/www.echomachinery.com\/?attachment_id=3444\" class=\"wp-image-3444 skip-lazy\" srcset=\"https:\/\/www.echomachinery.com\/wp-content\/uploads\/2021\/03\/RJ-RL.jpg 471w, https:\/\/www.echomachinery.com\/wp-content\/uploads\/2021\/03\/RJ-RL-300x171.jpg 300w, https:\/\/www.echomachinery.com\/wp-content\/uploads\/2021\/03\/RJ-RL-150x85.jpg 150w\" sizes=\"(max-width: 471px) 100vw, 471px\" \/><\/div><div class=\"kadence-blocks-gallery-item__caption\">Etiquetadora autom\u00e1tica de doble cara<\/div><\/div><\/figure><\/div><\/div><\/div><\/div><\/div><\/div><\/div>\n<\/div><\/div>\n\n\n\n<div class=\"wp-block-kadence-column inner-column-2 kadence-column_526bab-c6\"><div class=\"kt-inside-inner-col\">\n<h3 id=\"0-mr8-200rwg\"><strong>RJ-DSL<\/strong><\/h3>\n\n\n\n<h4>M\u00e1quina de etiquetado autom\u00e1tica de doble cara<\/h4>\n<\/div><\/div>\n<\/div><\/div><\/div>\n\n\n\n<hr class=\"wp-block-separator\"\/>\n\n\n\n<p>La m\u00e1quina de etiquetado de adhesivo de doble cara de alta velocidad RJ-DSL se utiliza principalmente en la industria qu\u00edmica, alimentaria y farmac\u00e9utica. Tambi\u00e9n es adecuado para contenedores planos, cuadrados e irregulares, y se puede pegar con dos etiquetas delanteras y traseras al mismo tiempo. La m\u00e1quina tiene una pasta de un solo lado y dos opciones de pasta de doble cara. La m\u00e1quina est\u00e1 equipada con un dispositivo de etiquetado de botellas redondas que puede pegar una o dos etiquetas de botella redonda. El RJ-DSL tambi\u00e9n aumenta el cabezal de etiqueta superior, puede pegar la tapa de la botella, la tapa de la caja y la cubierta, etc.<\/p>\n\n\n\n<h4 id=\"2-fearures-and-characteristics\">Caracter\u00edsticas<\/h4>\n\n\n<style id=\"kt-blocks_9669d8-96\">.wp-block-kadence-iconlist.kt-svg-icon-list-items_9669d8-96:not(.this-stops-third-party-issues) {margin-top:0}.wp-block-kadence-iconlist.kt-svg-icon-list-items_9669d8-96 ul.kt-svg-icon-list {margin:0px 0px 10px 0px;}.kt-svg-icon-list-items_9669d8-96 ul.kt-svg-icon-list .kt-svg-icon-list-item-wrap, .kt-svg-icon-list-items_9669d8-96 ul.kt-svg-icon-list .kt-svg-icon-list-item-wrap a {}<\/style>\n<div class=\"wp-block-kadence-iconlist kt-svg-icon-list-items kt-svg-icon-list-items_9669d8-96 kt-svg-icon-list-columns-1 alignnone kt-list-icon-aligntop\"><ul class=\"kt-svg-icon-list\"><li class=\"kt-svg-icon-list-style-default kt-svg-icon-list-item-wrap kt-svg-icon-list-item-0\"><div style=\"display:inline-flex;justify-content:center;align-items:center;color:#000000\" class=\"kt-svg-icon-list-single kt-svg-icon-list-single-fe_chevronRight\"><svg style=\"display:inline-block;vertical-align:middle\" viewbox=\"0 0 24 24\" height=\"20\" width=\"20\" fill=\"none\" stroke=\"currentColor\" xmlns=\"http:\/\/www.w3.org\/2000\/svg\" stroke-width=\"2\" stroke-linecap=\"round\" stroke-linejoin=\"round\" aria-hidden=\"true\"><polyline points=\"9 18 15 12 9 6\"><\/polyline><\/svg><\/div><span class=\"kt-svg-icon-list-text\">La m\u00e1quina est\u00e1 hecha de acero inoxidable SUS304 y aleaci\u00f3n de aluminio avanzada.<\/span><\/li><li class=\"kt-svg-icon-list-style-default kt-svg-icon-list-item-wrap kt-svg-icon-list-item-1\"><div style=\"display:inline-flex;justify-content:center;align-items:center;color:#000000\" class=\"kt-svg-icon-list-single kt-svg-icon-list-single-fe_chevronRight\"><svg style=\"display:inline-block;vertical-align:middle\" viewbox=\"0 0 24 24\" height=\"20\" width=\"20\" fill=\"none\" stroke=\"currentColor\" xmlns=\"http:\/\/www.w3.org\/2000\/svg\" stroke-width=\"2\" stroke-linecap=\"round\" stroke-linejoin=\"round\" aria-hidden=\"true\"><polyline points=\"9 18 15 12 9 6\"><\/polyline><\/svg><\/div><span class=\"kt-svg-icon-list-text\">El cabezal de la m\u00e1quina de etiquetado se utiliza servomotor de alta velocidad que garantiza la velocidad de etiquetado y la precisi\u00f3n de etiquetado.<\/span><\/li><li class=\"kt-svg-icon-list-style-default kt-svg-icon-list-item-wrap kt-svg-icon-list-item-2\"><div style=\"display:inline-flex;justify-content:center;align-items:center;color:#000000\" class=\"kt-svg-icon-list-single kt-svg-icon-list-single-fe_chevronRight\"><svg style=\"display:inline-block;vertical-align:middle\" viewbox=\"0 0 24 24\" height=\"20\" width=\"20\" fill=\"none\" stroke=\"currentColor\" xmlns=\"http:\/\/www.w3.org\/2000\/svg\" stroke-width=\"2\" stroke-linecap=\"round\" stroke-linejoin=\"round\" aria-hidden=\"true\"><polyline points=\"9 18 15 12 9 6\"><\/polyline><\/svg><\/div><span class=\"kt-svg-icon-list-text\">Todos los sistemas optoelectr\u00f3nicos y de control est\u00e1n hechos de productos de alta gama de Alemania, Jap\u00f3n y Taiw\u00e1n, China.<\/span><\/li><li class=\"kt-svg-icon-list-style-default kt-svg-icon-list-item-wrap kt-svg-icon-list-item-3\"><div style=\"display:inline-flex;justify-content:center;align-items:center;color:#000000\" class=\"kt-svg-icon-list-single kt-svg-icon-list-single-fe_chevronRight\"><svg style=\"display:inline-block;vertical-align:middle\" viewbox=\"0 0 24 24\" height=\"20\" width=\"20\" fill=\"none\" stroke=\"currentColor\" xmlns=\"http:\/\/www.w3.org\/2000\/svg\" stroke-width=\"2\" stroke-linecap=\"round\" stroke-linejoin=\"round\" aria-hidden=\"true\"><polyline points=\"9 18 15 12 9 6\"><\/polyline><\/svg><\/div><span class=\"kt-svg-icon-list-text\">La interfaz hombre-m\u00e1quina PLC proporciona una operaci\u00f3n f\u00e1cil.<\/span><\/li><\/ul><\/div>","protected":false},"excerpt":{"rendered":"<p>RJ-DSL Automatic Double-Sided Labeling Machine The RJ-DSL high-speed double-sided adhesive labeling machine is mainly used in chemical, food and pharmaceutical industry. It is also suitable for flat, square and irregular containers, and can be pasted with two front and back labels at the same time. The machine has a single &#8211; sided paste and double-sided&hellip;&nbsp;<a href=\"https:\/\/www.echomachinery.com\/es\/packaging-machines\/relative-devices\/labeling-machine\/double-sided-labeller\/\" class=\"\" rel=\"bookmark\">Leer m\u00e1s \u00bb<span class=\"screen-reader-text\">Etiquetadora de doble cara<\/span><\/a><\/p>","protected":false},"author":1,"featured_media":3444,"parent":3431,"menu_order":0,"comment_status":"closed","ping_status":"closed","template":"page-templates\/product.php","meta":{"inline_featured_image":false,"ub_ctt_via":"","kt_blocks_editor_width":""},"aioseo_notices":[],"featured_image_src":"https:\/\/www.echomachinery.com\/wp-content\/uploads\/2021\/03\/RJ-RL.jpg","_links":{"self":[{"href":"https:\/\/www.echomachinery.com\/es\/wp-json\/wp\/v2\/pages\/3439"}],"collection":[{"href":"https:\/\/www.echomachinery.com\/es\/wp-json\/wp\/v2\/pages"}],"about":[{"href":"https:\/\/www.echomachinery.com\/es\/wp-json\/wp\/v2\/types\/page"}],"author":[{"embeddable":true,"href":"https:\/\/www.echomachinery.com\/es\/wp-json\/wp\/v2\/users\/1"}],"replies":[{"embeddable":true,"href":"https:\/\/www.echomachinery.com\/es\/wp-json\/wp\/v2\/comments?post=3439"}],"version-history":[{"count":0,"href":"https:\/\/www.echomachinery.com\/es\/wp-json\/wp\/v2\/pages\/3439\/revisions"}],"up":[{"embeddable":true,"href":"https:\/\/www.echomachinery.com\/es\/wp-json\/wp\/v2\/pages\/3431"}],"wp:featuredmedia":[{"embeddable":true,"href":"https:\/\/www.echomachinery.com\/es\/wp-json\/wp\/v2\/media\/3444"}],"wp:attachment":[{"href":"https:\/\/www.echomachinery.com\/es\/wp-json\/wp\/v2\/media?parent=3439"}],"curies":[{"name":"pp","href":"https:\/\/api.w.org\/{rel}","templated":true}]}}