{"id":390,"date":"2022-02-16T03:33:41","date_gmt":"2022-02-16T02:33:41","guid":{"rendered":"http:\/\/uyu7733870001.my3w.com\/?page_id=390"},"modified":"2022-02-28T02:43:00","modified_gmt":"2022-02-28T01:43:00","slug":"faq","status":"publish","type":"page","link":"https:\/\/www.echomachinery.com\/es\/about-us\/faq\/","title":{"rendered":"Preguntas frecuentes"},"content":{"rendered":"<div class=\"wp-block-ub-styled-box ub-styled-box ub-notification-box\" id=\"ub-styled-box-c7367574-6d1d-4766-b337-12efc32e7623\">\n\n\n<p class=\"has-text-align-left\" id=\"ub-styled-box-notification-content-\"><strong>\u00bfCu\u00e1l es la diferencia entre los modelos MR8-200R y MR8-200RW?<\/strong><\/p>\n\n\n<\/div>\n\n\n<p>La apariencia de RW es diferente, y el material de la leva es diferente. El modelo de PLC es el m\u00e1s reciente. Todas las dem\u00e1s funciones son las mismas. Puede leer <a href=\"https:\/\/www.echomachinery.com\/es\/resources\/blog\/why-choose-packaging-machine-of-echo-machinery\/\">\u00bfPor qu\u00e9 elegir la m\u00e1quina de envasado de ECHO Machinery?<\/a> Para obtener m\u00e1s informaci\u00f3n sobre las ventajas de la c\u00e1mara web.<br>El modelo 200R es el primer producto de nuestra empresa. Muchas empresas de la competencia copian nuestra m\u00e1quina. Algunos clientes creen que nuestro precio es diferente al de otros proveedores, pero no entienden el motivo. Por eso, tambi\u00e9n fabricamos un modelo RW para compararlo con el de la competencia y marcar la diferencia. <strong>Solo <\/strong>Echo tiene en el mercado el modelo de m\u00e1quina RW.<\/p>\n\n\n<div class=\"wp-block-ub-styled-box ub-styled-box ub-notification-box\" id=\"ub-styled-box-abf67001-8366-473a-96bd-679f7062f3c5\">\n\n\n<p class=\"has-text-align-left\" id=\"ub-styled-box-notification-content-\"><strong><strong><strong>C\u00f3mo elegir la m\u00e1quina de embalaje m\u00e1s adecuada<\/strong><\/strong><\/strong>?<\/p>\n\n\n<\/div>\n\n\n<p>Una m\u00e1quina de envasado es aquella que puede completar el proceso de envasado de productos, ya sean totales o parciales, incluyendo principalmente el llenado autom\u00e1tico, la formaci\u00f3n de bolsas, el sellado y el codificado, entre otros. Los procesos posteriores relacionados incluyen la limpieza, el apilamiento, el desmontaje, etc. Adem\u00e1s, el envasado tambi\u00e9n incluye la dosificaci\u00f3n y el marcado de los productos envasados. El uso de esta m\u00e1quina de envasado puede mejorar la tasa de producci\u00f3n, reducir la intensidad de la mano de obra y satisfacer las exigencias de producci\u00f3n a gran escala y de higiene. \u2014 Entonces, \u00bfc\u00f3mo elegir la m\u00e1quina de envasado m\u00e1s adecuada?<\/p>\n\n\n<div class=\"wp-block-ub-styled-list ub_styled_list\" id=\"ub_styled_list-0ac2ee83-541e-46e9-b5ef-2b54e75db853\"><ul class=\"fa-ul\"><li>Debemos confirmar qu\u00e9 productos vamos a empacar.<\/li><li>La alta relaci\u00f3n calidad-precio es el primer principio.<\/li><li>Intente elegir una f\u00e1brica de embalaje con una larga trayectoria y garant\u00eda de alta calidad.<\/li><li>Si tiene previsto visitar la f\u00e1brica, intente prestar m\u00e1s atenci\u00f3n a la m\u00e1quina en su conjunto, especialmente a los detalles. La calidad de la m\u00e1quina siempre depende de los detalles, por lo que es mejor realizar pruebas con muestras reales de los productos.<\/li><li>En cuanto al servicio posventa, debe tener una buena reputaci\u00f3n y ser puntual, especialmente para las empresas de producci\u00f3n de alimentos. Debe elegir un fabricante de maquinaria con un servicio posventa superior.<\/li><li>Investiga un poco sobre las m\u00e1quinas de embalaje que utilizan otras f\u00e1bricas; puede ser una buena sugerencia.<\/li><li>Intente elegir una m\u00e1quina con un funcionamiento y mantenimiento sencillos, accesorios completos y un sistema de dosificaci\u00f3n totalmente autom\u00e1tico y continuo, que pueda mejorar la tasa de envasado y reducir los costes laborales para el desarrollo a largo plazo de las empresas.<\/li><\/ul><\/div>\n\n<div class=\"wp-block-ub-styled-box ub-styled-box ub-notification-box\" id=\"ub-styled-box-9380f6b8-bc7f-4ade-bdee-416b4f44817a\">\n\n\n<p class=\"has-text-align-left\" id=\"ub-styled-box-notification-content-\"><strong><strong><strong><strong><strong><strong><strong><strong><strong>\u00bfQu\u00e9 tal el servicio postventa?<\/strong><\/strong><\/strong><\/strong><\/strong><\/strong><\/strong><\/strong><\/strong><\/p>\n\n\n<\/div>\n\n\n<p><strong>Servicio en l\u00ednea las 24 horas<\/strong>, 2-5 d\u00edas h\u00e1biles para gestionar el billete de avi\u00f3n para el servicio postventa del cliente (si es necesario, el cliente paga la tarifa).<\/p>\n\n\n\n<p>Para obtener m\u00e1s detalles, consulte nuestra <a href=\"https:\/\/www.echomachinery.com\/es\/about-us\/warranty-service\/\">Servicio de garant\u00eda<\/a>.<\/p>\n\n\n<div class=\"wp-block-ub-styled-box ub-styled-box ub-notification-box\" id=\"ub-styled-box-6b58f1d6-9925-452f-856d-ec8e2ec7bb57\">\n\n\n<p class=\"has-text-align-left\" id=\"ub-styled-box-notification-content-\"><strong><strong><strong>Si voy a realizar el pedido, \u00bfes necesario que les proporcione la bolsa que quiero usar y las muestras del producto que quiero empaquetar?<\/strong><\/strong><\/strong><\/p>\n\n\n<\/div>\n\n\n<p>S\u00ed, necesitamos probar nuestra m\u00e1quina antes de venderla, utilizando la bolsa y el producto proporcionados por el cliente. Ajustaremos la m\u00e1quina al tama\u00f1o de la bolsa y solucionaremos los problemas que surjan durante la prueba en la medida de lo posible.<\/p>\n\n\n<div class=\"wp-block-ub-styled-box ub-styled-box ub-notification-box\" id=\"ub-styled-box-878a598f-d793-42d3-a659-76ae5d78c9c3\">\n\n\n<p class=\"has-text-align-left\" id=\"ub-styled-box-notification-content-\"><strong><strong><strong><strong>\u00bfCu\u00e1l es la ventaja de ECHO en comparaci\u00f3n con otros proveedores?<\/strong><\/strong><\/strong><\/strong><\/p>\n\n\n<\/div>\n\n<div class=\"wp-block-ub-styled-list ub_styled_list\" id=\"ub_styled_list-43fc522a-8626-45c3-a836-5d116b7197c2\"><ul class=\"fa-ul\"><li>Embalaje con tecnolog\u00eda avanzada, rendimiento estable, marcas de componentes comunes, f\u00e1cil de adquirir en el mercado local.<\/li><li>Servicio postventa 24 horas con ingenieros profesionales.<\/li><li>Realizamos pruebas constantes de configuraci\u00f3n y de los equipos de procesamiento para que puedan procesarse inmediatamente al enviarlos a la f\u00e1brica del cliente.<\/li><li>ECHO cuenta con su propio grupo t\u00e9cnico, que se adapta a las fluctuaciones del mercado y realiza continuos desarrollos y mejoras t\u00e9cnicas, manteniendo la estabilidad tanto en apariencia como en funcionamiento interno, lo que la sit\u00faa a la vanguardia del mercado chino.<\/li><li>Posici\u00f3n de pie para comunicarse con los ingenieros y clientes, en condiciones de expansi\u00f3n de la f\u00e1brica, siempre hay un grupo que presta atenci\u00f3n a los clientes del mercado y proporciona una buena experiencia al cliente.<\/li><li>ECHO ofrece soluciones profesionales de embalaje, materiales y asistencia t\u00e9cnica, convirti\u00e9ndose en un socio clave para la creaci\u00f3n de valor. ECHO cuenta con su propio equipo t\u00e9cnico, que se adapta a las fluctuaciones del mercado y realiza continuos desarrollos y mejoras t\u00e9cnicas, garantizando la estabilidad tanto en apariencia como en funcionamiento interno, lo que la posiciona a la vanguardia del mercado chino.<\/li><li>De acuerdo con los requisitos del cliente, proporcionamos la soluci\u00f3n de embalaje m\u00e1s adecuada y econ\u00f3mica, personalizando los diferentes tipos de bolsas y productos seg\u00fan las necesidades del cliente, y realizando mejoras para satisfacer su demanda.<\/li><\/ul><\/div>\n\n\n<p>Escribimos <a href=\"https:\/\/www.echomachinery.com\/es\/resources\/blog\/why-choose-packaging-machine-of-echo-machinery\/\">\u00bfPor qu\u00e9 elegir la m\u00e1quina de envasado de ECHO Machinery?<\/a> para explicar las ventajas de nuestra m\u00e1quina<\/p>\n\n\n<div class=\"wp-block-ub-styled-box ub-styled-box ub-notification-box\" id=\"ub-styled-box-d2fe7954-4010-4c40-ad83-40415fbae459\">\n\n\n<p class=\"has-text-align-left\" id=\"ub-styled-box-notification-content-\"><strong><strong><strong><strong><strong><strong><strong><strong><strong>\u00bfSu m\u00e1quina puede seguir funcionando las 24 horas?<\/strong><\/strong><\/strong><\/strong><\/strong><\/strong><\/strong><\/strong><\/strong><\/p>\n\n\n<\/div>\n\n\n<p>Trabajar las 24 horas est\u00e1 bien, pero disminuir\u00e1 la vida \u00fatil de la m\u00e1quina; sugerimos 8 horas al d\u00eda.<\/p>\n\n\n<div class=\"wp-block-ub-styled-box ub-styled-box ub-notification-box\" id=\"ub-styled-box-c57b7372-0d8a-4a5b-86f9-5abc12057661\">\n\n\n<p class=\"has-text-align-left\" id=\"ub-styled-box-notification-content-\"><strong><strong><strong><strong><strong><strong><strong><strong><strong>\u00bfC\u00f3mo se realiza el mantenimiento?<\/strong><\/strong><\/strong><\/strong><\/strong><\/strong><\/strong><\/strong><\/strong><\/p>\n\n\n<\/div>\n\n\n<p>Antes de poner en marcha la m\u00e1quina, conviene comprobar el suministro de aire y el suministro el\u00e9ctrico. A\u00f1adir lubricante a diario.<br>Se a\u00f1aden las siguientes piezas: Dep\u00f3sito de aceite para rodamientos One Direction y vibrador neum\u00e1tico.<br>Limpiar el filtro de la aspiradora todos los d\u00edas.<br>Bolsa con cierre de rosca una vez por semana.<br>A\u00f1ada grasa lubricante a la transmisi\u00f3n de la m\u00e1quina cada quince d\u00edas.<\/p>\n\n\n\n<p>Escribimos <a href=\"https:\/\/www.echomachinery.com\/es\/resources\/blog\/packaging-machine-maintenance-guide\/\" title=\"Gu\u00eda de mantenimiento de la m\u00e1quina de envasado\">Gu\u00eda de mantenimiento de la m\u00e1quina de envasado<\/a> para que comprenda mejor c\u00f3mo mantener nuestras m\u00e1quinas.<\/p>\n\n\n<div class=\"wp-block-ub-styled-box ub-styled-box ub-notification-box\" id=\"ub-styled-box-7ff6a5c6-09b5-41e8-bf9c-1c0986bae1ac\">\n\n\n<p class=\"has-text-align-left\" id=\"ub-styled-box-notification-content-\"><strong>Si mi bolsa es prefabricada\/lista para usar, \u00bfqu\u00e9 m\u00e1quina de empaquetado puedo elegir?<\/strong><\/p>\n\n\n<\/div>\n\n\n<p>Puedes elegir nuestro <a href=\"https:\/\/www.echomachinery.com\/es\/packaging-machines\/premade-pouch-packing-machine\/\">M\u00e1quina de envasado de bolsas prefabricadas<\/a>. El principio de funcionamiento de la m\u00e1quina es: Se suministra la bolsa (la m\u00e1quina toma las bolsas de los almacenes de bolsas mediante una pinza) \u2013 se abre la bolsa \u2013 se llena \u2013 se sella \u2013 y se obtienen los productos terminados.<\/p>\n\n\n<div class=\"wp-block-ub-styled-box ub-styled-box ub-notification-box\" id=\"ub-styled-box-4dee7ea1-a4ae-42c7-93f8-f9012a696c2a\">\n\n\n<p class=\"has-text-align-left\" id=\"ub-styled-box-notification-content-\"><strong><strong><strong>\u00bfCu\u00e1l es la ventaja de? <strong><strong>bolsa prefabricada<\/strong><\/strong> \u00bfComparaci\u00f3n entre m\u00e1quina de embalaje y m\u00e1quina de embalaje vertical?<\/strong><\/strong><\/strong><\/p>\n\n\n<\/div>\n\n<div class=\"wp-block-ub-styled-list ub_styled_list\" id=\"ub_styled_list-8290b75c-07c1-4f30-968d-b57c66677c16\"><ul class=\"fa-ul\"><li>La m\u00e1quina de envasado de bolsas se utiliza para diferentes bolsas prefabricadas\/listas para usar, especialmente fabricadas por una m\u00e1quina formadora de bolsas profesional, de mayor calidad que la m\u00e1quina de envasado vertical que realiza directamente la formaci\u00f3n de bolsas.<\/li><li>La m\u00e1quina de envasado puede envasar bolsas con cierre de cremallera que se mantienen de pie, pero no bolsas con boquilla que se pueden envasar en posici\u00f3n vertical.<\/li><li>La m\u00e1quina de envasado de bolsas est\u00e1 equipada con bolsas prefabricadas de alta calidad y apariencia superior, que se pueden colocar en la parte superior del supermercado, logrando un envasado m\u00e1s excelente.<\/li><li>En el proceso de empaquetado de la m\u00e1quina de envasado de bolsas, si no se abre ninguna bolsa, no se llena ni se sella, se abre la bolsa incorrecta y aumenta la tasa de uso de bolsas. La m\u00e1quina de envasado vertical provocar\u00e1 desperdicio.<\/li><\/ul><\/div>\n\n\n<p>Si dudas entre la m\u00e1quina de envasado de bolsas prefabricadas y la m\u00e1quina de formado, llenado y sellado, puedes leer <a href=\"https:\/\/www.echomachinery.com\/es\/resources\/blog\/premade-pouch-packing-machine-vs-form-fill-seal-machine-which-one-should-you-choose\/\">M\u00e1quina de envasado de bolsas prefabricadas vs. m\u00e1quina de formado, llenado y sellado: \u00bfCu\u00e1l deber\u00eda elegir?<\/a><\/p>\n\n\n<div class=\"wp-block-ub-styled-box ub-styled-box ub-notification-box\" id=\"ub-styled-box-5aa7d011-6294-439c-91fe-5cf481ba6067\">\n\n\n<p class=\"has-text-align-left\" id=\"ub-styled-box-notification-content-\"><strong><strong><strong>\u00bfQu\u00e9 informaci\u00f3n se debe proporcionar para tener en cuenta cuando el cliente elige?<\/strong><\/strong><\/strong><\/p>\n\n\n<\/div>\n\n<div class=\"wp-block-ub-styled-list ub_styled_list\" id=\"ub_styled_list-a90eb160-3a06-4bc5-af6a-4ff9cb46399e\"><ul class=\"fa-ul\"><li>tipo de productos, tama\u00f1os espec\u00edficos de productos s\u00f3lidos<\/li><li>Tama\u00f1os y tipos de bolsas con im\u00e1genes<\/li><li>Peso del embalaje<\/li><li>Velocidad de empaquetado, capacidad<\/li><li>Requisitos especiales, como llenado con nitr\u00f3geno, purga, cierre de cremallera, impresi\u00f3n de fecha.<\/li><li>Tensi\u00f3n de alimentaci\u00f3n, frecuencia<\/li><li>Taller de f\u00e1brica, altura limitada.<\/li><li>Polvo \u2014\u2014 condici\u00f3n de apelmazamiento, h\u00famedo, mezcla s\u00f3lida<\/li><li>L\u00edquido \u2014 temperatura del l\u00edquido, pasta o l\u00edquido, volumen del l\u00edquido, si es necesario rellenar por dos<\/li><\/ul><\/div>\n\n<div class=\"wp-block-ub-styled-box ub-styled-box ub-notification-box\" id=\"ub-styled-box-293553b4-6219-45d1-b35a-fa3c6093ae9d\">\n\n\n<p class=\"has-text-align-left\" id=\"ub-styled-box-notification-content-\"><strong><strong><strong><strong><strong><strong><strong><strong>\u00bfCu\u00e1l es el proceso de producci\u00f3n y el plazo de entrega de la m\u00e1quina de envasado de bolsas prefabricadas?<\/strong><\/strong><\/strong><\/strong><\/strong><\/strong><\/strong><\/strong><\/p>\n\n\n<\/div>\n\n\n<p>Plazo de entrega: 35 \u2013 60 d\u00edas<br>Seg\u00fan los productos, confirme las listas de producci\u00f3n; seg\u00fan las listas de producci\u00f3n, elija el tipo de m\u00e1quina \u2192 dibujo \u2192 repuestos \u2192 emparejamiento \u2192 mecanizado \u2192 compra \u2192 ensamblaje \u2192 prueba \u2192 depuraci\u00f3n \u2192 prueba \u2192 prueba de llenado del producto de la m\u00e1quina \u2192 limpieza \u2192 embalaje \u2192 entrega<\/p>\n\n\n<div class=\"wp-block-ub-styled-box ub-styled-box ub-notification-box\" id=\"ub-styled-box-c4b866b2-c502-4e55-b246-d8f89aad1ca3\">\n\n\n<p class=\"has-text-align-left\" id=\"ub-styled-box-notification-content-\"><strong><strong><strong><strong><strong><strong><strong><strong>\u00bfC\u00f3mo pueden los clientes realizar el seguimiento de sus m\u00e1quinas?<\/strong><\/strong><\/strong><\/strong><\/strong><\/strong><\/strong><\/strong><\/p>\n\n\n<\/div>\n\n\n<p>Desde el ensamblaje hasta la depuraci\u00f3n y la entrega, enviaremos fotos y videos relacionados para que los clientes puedan realizar el seguimiento de forma regular (listas de seguimiento de producci\u00f3n).<br>A trav\u00e9s del vendedor, los clientes y el ingeniero se desarrollan algunos requisitos especiales.<\/p>\n\n\n<div class=\"wp-block-ub-styled-box ub-styled-box ub-notification-box\" id=\"ub-styled-box-998731bb-a154-479d-8f5d-0b5d26fbb13b\">\n\n\n<p class=\"has-text-align-left\" id=\"ub-styled-box-notification-content-\"><strong><strong><strong><strong><strong><strong><strong><strong><strong>Compramos su m\u00e1quina y nos gustar\u00eda configurarla nosotros mismos. \u00bfPodr\u00edan proporcionarnos un conjunto de instrucciones de configuraci\u00f3n, por ejemplo, para solucionar problemas de cableado?<\/strong><\/strong><\/strong><\/strong><\/strong><\/strong><\/strong><\/strong><\/strong><\/p>\n\n\n<\/div>\n\n\n<p>S\u00ed, tenemos un manual de instrucciones detallado que muestra c\u00f3mo realizar el cableado, la funci\u00f3n de cada cable y c\u00f3mo ajustar los par\u00e1metros. Si no le resulta de mucha ayuda, puede contactarnos. Mientras tanto, podemos proporcionarle un video explicativo.<\/p>\n\n\n<div class=\"wp-block-ub-styled-box ub-styled-box ub-notification-box\" id=\"ub-styled-box-d542829c-5cc2-476a-92e4-204b3f8b150d\">\n\n\n<p class=\"has-text-align-left\" id=\"ub-styled-box-notification-content-\"><strong><strong><strong><strong><strong><strong><strong><strong><strong>\u00bfSu m\u00e1quina de embalaje incluye un manual de instrucciones detallado?<\/strong><\/strong><\/strong><\/strong><\/strong><\/strong><\/strong><\/strong><\/strong><\/p>\n\n\n<\/div>\n\n\n<p>S\u00ed, se entrega con la m\u00e1quina.<\/p>\n\n\n<div class=\"wp-block-ub-styled-box ub-styled-box ub-notification-box\" id=\"ub-styled-box-78f0a2fc-4297-4ec6-8507-7cbf723c0955\">\n\n\n<p id=\"ub-styled-box-notification-content-\"><strong>\u00bfPor qu\u00e9 se considera que la m\u00e1quina de Echo tiene una relaci\u00f3n precio-rendimiento elevada?<\/strong><\/p>\n\n\n<\/div>\n\n\n<p>Materiales de alta calidad, selecci\u00f3n rigurosa, controles exhaustivos, garantizan que todas las m\u00e1quinas, piezas de montaje, repuestos y equipos el\u00e9ctricos sean de alta calidad y estables.<br>Repuestos de \u00faltima generaci\u00f3n y de marcas reconocidas, larga vida \u00fatil y ahorro tras el mantenimiento peri\u00f3dico de la m\u00e1quina.<br>Certificaci\u00f3n ISO9001, proceso de gesti\u00f3n riguroso, descuento por pedidos grandes.<\/p>\n\n\n\n<p>Puedes leer <a href=\"https:\/\/www.echomachinery.com\/es\/resources\/blog\/why-choose-packaging-machine-of-echo-machinery\/\">\u00bfPor qu\u00e9 elegir la m\u00e1quina de envasado de ECHO Machinery?<\/a> Para obtener m\u00e1s informaci\u00f3n sobre el motivo de nuestra m\u00e1quina de embalaje con una excelente relaci\u00f3n calidad-precio. <\/p>\n\n\n<div class=\"wp-block-ub-styled-box ub-styled-box ub-notification-box\" id=\"ub-styled-box-47eded18-250c-444f-8b72-0d1718b5fbb2\">\n\n\n<p class=\"has-text-align-left\" id=\"ub-styled-box-notification-content-\"><strong><strong><strong><strong><strong><strong><strong><strong><strong><strong>\u00bfA qu\u00e9 exposiciones asistir\u00e1 ECHO cada a\u00f1o?<\/strong><\/strong><\/strong><\/strong><\/strong><\/strong><\/strong><\/strong><\/strong><\/strong><\/p>\n\n\n<\/div>\n\n\n<p>Tenemos previsto asistir a numerosas ferias comerciales cada a\u00f1o, seg\u00fan la demanda, como la Feria de Cant\u00f3n, Shanghai Propack, Indonesia Propack, Tailandia Propack, Alemania INTERPACK, Am\u00e9rica IPACK, etc.<\/p>\n\n\n\n<p>Bienvenidos a nuestra <a href=\"\/es\/category\/resources\/news\/\">NOTICIAS<\/a> Visite nuestra p\u00e1gina para obtener informaci\u00f3n sobre nuestras \u00faltimas exposiciones.<\/p>\n\n\n<div class=\"wp-block-ub-styled-box ub-styled-box ub-notification-box\" id=\"ub-styled-box-cf97a067-60ad-4e33-8e7e-da001c84be7a\">\n\n\n<p class=\"has-text-align-left\" id=\"ub-styled-box-notification-content-\"><strong><strong><strong><strong><strong><strong><strong><strong><strong><strong><strong>Quiero comprar un juego de l\u00edneas de empaquetado s\u00f3lidas, \u00bfcu\u00e1les son las medidas? Mi espacio de trabajo es un poco peque\u00f1o.<\/strong><\/strong><\/strong><\/strong><\/strong><\/strong><\/strong><\/strong><\/strong><\/strong><\/strong>.<\/p>\n\n\n<\/div>\n\n\n<p>Las dimensiones est\u00e1ndar de nuestra l\u00ednea de embalaje completa son 4200*3100*3500 mm, con una altura m\u00ednima de 3200 mm; la longitud y el ancho se pueden acortar.<\/p>\n\n\n<div class=\"wp-block-ub-styled-box ub-styled-box ub-notification-box\" id=\"ub-styled-box-5a33b44b-4797-48ee-918b-e4a44714ade2\">\n\n\n<p class=\"has-text-align-left\" id=\"ub-styled-box-notification-content-\"><strong><strong><strong>En t\u00e9rminos generales, la velocidad de envasado de un producto l\u00edquido es mucho m\u00e1s lenta que la de un producto en polvo o granulado, \u00bfno es as\u00ed?<\/strong><\/strong><\/strong><\/p>\n\n\n<\/div>\n\n\n<p>S\u00ed, el envasado de productos l\u00edquidos implica el embotellado, y el transporte y descarga de las botellas lleva mucho tiempo. Por ejemplo, en nuestra m\u00e1quina, la velocidad de envasado de 200 ml de producto l\u00edquido oscila entre 30 y 45 unidades por minuto. La velocidad de envasado de m\u00e1s de 200 ml de l\u00edquido oscila entre 15 y 30 unidades por minuto.<\/p>","protected":false},"excerpt":{"rendered":"<p>The appearance of RW is different, and the material of cam is different. The PLC model is the latest. All other functions are the same. You can read Why Choose Packaging Machine of ECHO Machinery to learn more about the advantages of cam.200R is the earliest product of our company. And many competitive company copy&hellip;&nbsp;<a href=\"https:\/\/www.echomachinery.com\/es\/about-us\/faq\/\" class=\"\" rel=\"bookmark\">Leer m\u00e1s \u00bb<span class=\"screen-reader-text\">Preguntas frecuentes<\/span><\/a><\/p>","protected":false},"author":1,"featured_media":0,"parent":28,"menu_order":0,"comment_status":"closed","ping_status":"closed","template":"page-templates\/page.php","meta":{"inline_featured_image":false,"ub_ctt_via":"","kt_blocks_editor_width":""},"aioseo_notices":[],"featured_image_src":null,"_links":{"self":[{"href":"https:\/\/www.echomachinery.com\/es\/wp-json\/wp\/v2\/pages\/390"}],"collection":[{"href":"https:\/\/www.echomachinery.com\/es\/wp-json\/wp\/v2\/pages"}],"about":[{"href":"https:\/\/www.echomachinery.com\/es\/wp-json\/wp\/v2\/types\/page"}],"author":[{"embeddable":true,"href":"https:\/\/www.echomachinery.com\/es\/wp-json\/wp\/v2\/users\/1"}],"replies":[{"embeddable":true,"href":"https:\/\/www.echomachinery.com\/es\/wp-json\/wp\/v2\/comments?post=390"}],"version-history":[{"count":0,"href":"https:\/\/www.echomachinery.com\/es\/wp-json\/wp\/v2\/pages\/390\/revisions"}],"up":[{"embeddable":true,"href":"https:\/\/www.echomachinery.com\/es\/wp-json\/wp\/v2\/pages\/28"}],"wp:attachment":[{"href":"https:\/\/www.echomachinery.com\/es\/wp-json\/wp\/v2\/media?parent=390"}],"curies":[{"name":"pp","href":"https:\/\/api.w.org\/{rel}","templated":true}]}}