{"id":4191,"date":"2021-06-21T03:24:53","date_gmt":"2021-06-21T01:24:53","guid":{"rendered":"https:\/\/www.echomachinery.com\/?page_id=4191"},"modified":"2022-03-02T08:54:46","modified_gmt":"2022-03-02T07:54:46","slug":"chocolate-packaging-machine-chocolate-packaging-solutions","status":"publish","type":"page","link":"https:\/\/www.echomachinery.com\/es\/industries\/chocolate-packaging-machine-chocolate-packaging-solutions\/","title":{"rendered":"Envasado de chocolate y soluciones de envasado de chocolate"},"content":{"rendered":"<div class=\"wp-block-kadence-rowlayout alignnone\"><div id=\"kt-layout-id_7ccd09-0a\" class=\"kt-row-layout-inner kt-layout-id_7ccd09-0a\"><div class=\"kt-row-column-wrap kt-has-2-columns kt-gutter-default kt-v-gutter-default kt-row-valign-top kt-row-layout-left-golden kt-tab-layout-inherit kt-m-colapse-left-to-right kt-mobile-layout-row\">\n<div class=\"wp-block-kadence-column inner-column-1 kadence-column_2def84-55\"><div class=\"kt-inside-inner-col\">\n<p><strong>Soluciones de envases de<\/strong> Es diverso, nos enfocamos principalmente en m\u00e1quinas de embalaje de bolsa prefabricada y m\u00e1quinas de embalaje de tipo almohada, y proporcionamos soluciones de envasado profesionales.<\/p>\n\n\n\n<p>En muchos casos, solemos usar <a href=\"https:\/\/www.echomachinery.com\/es\/packaging-machines\/horizontal-form-fill-seal-machine\/\" title=\"M\u00e1quina horizontal de formado, llenado y sellado\">HFFS<\/a> para completar el envase de un solo chocolate peque\u00f1o y luego usar un <a href=\"https:\/\/www.echomachinery.com\/es\/packaging-machines\/premade-pouch-packing-machine\/\" title=\"M\u00e1quina de envasado de bolsas prefabricadas\">M\u00e1quina de envasado de bolsa prefabricada<\/a> Para empacar el chocolate peque\u00f1o en una bolsa m\u00e1s grande, la bolsa grande suele ser una bolsa de pie con cremallera.<\/p>\n<\/div><\/div>\n\n\n\n<div class=\"wp-block-kadence-column inner-column-2 kadence-column_3d24f5-8f\"><div class=\"kt-inside-inner-col\">\n<div class=\"wp-block-kadence-advancedgallery kb-gallery-wrap-id-_bf61d2-b1\"><div class=\"kb-gallery-ul kb-gallery-type-slider kb-gallery-id-_bf61d2-b1 kb-gallery-caption-style-bottom-hover kb-gallery-filter-none\" data-image-filter=\"none\" data-lightbox-caption=\"true\"><div class=\"kt-blocks-carousel kt-carousel-container-dotstyle-dark\"><div class=\"kt-blocks-carousel-init kb-blocks-slider kt-carousel-arrowstyle-whiteondark kt-carousel-dotstyle-dark\" data-slider-anim-speed=\"400\" data-slider-type=\"slider\" data-slider-scroll=\"1\" data-slider-arrows=\"true\" data-slider-dots=\"true\" data-slider-hover-pause=\"false\" data-slider-auto=\"false\" data-slider-speed=\"7000\"><div class=\"kb-slide-item kb-gallery-slide-item\"><div class=\"kadence-blocks-gallery-item\"><div class=\"kadence-blocks-gallery-item-inner\"><figure class=\"kb-gallery-figure kadence-blocks-gallery-item-hide-caption kb-has-image-ratio-land32\"><div class=\"kb-gal-image-radius\"><div class=\"kb-gallery-image-contain kadence-blocks-gallery-intrinsic kb-gallery-image-ratio-land32\"><img decoding=\"async\" loading=\"lazy\" src=\"https:\/\/www.echomachinery.com\/wp-content\/uploads\/2021\/06\/VP_360x.png\" width=\"360\" height=\"360\" alt=\"producto de chocolate despierto\" data-full-image=\"https:\/\/www.echomachinery.com\/wp-content\/uploads\/2021\/06\/VP_360x.png\" data-light-image=\"https:\/\/www.echomachinery.com\/wp-content\/uploads\/2021\/06\/VP_360x.png\" data-id=\"4192\" data-link=\"https:\/\/www.echomachinery.com\/?attachment_id=4192\" class=\"wp-image-4192 skip-lazy\" srcset=\"https:\/\/www.echomachinery.com\/wp-content\/uploads\/2021\/06\/VP_360x.png 360w, https:\/\/www.echomachinery.com\/wp-content\/uploads\/2021\/06\/VP_360x-300x300.png 300w, https:\/\/www.echomachinery.com\/wp-content\/uploads\/2021\/06\/VP_360x-150x150.png 150w\" sizes=\"(max-width: 360px) 100vw, 360px\" \/><\/div><div class=\"kadence-blocks-gallery-item__caption\">producto de chocolate despierto<\/div><\/div><\/figure><\/div><\/div><\/div><div class=\"kb-slide-item kb-gallery-slide-item\"><div class=\"kadence-blocks-gallery-item\"><div class=\"kadence-blocks-gallery-item-inner\"><figure class=\"kb-gallery-figure kadence-blocks-gallery-item-hide-caption kb-has-image-ratio-land32\"><div class=\"kb-gal-image-radius\"><div class=\"kb-gallery-image-contain kadence-blocks-gallery-intrinsic kb-gallery-image-ratio-land32\"><img decoding=\"async\" loading=\"lazy\" src=\"https:\/\/www.echomachinery.com\/wp-content\/uploads\/2021\/06\/Snacks-small-bag-1024x563.jpg\" width=\"1024\" height=\"563\" alt=\"Bolsa peque\u00f1a de snacks\" data-full-image=\"https:\/\/www.echomachinery.com\/wp-content\/uploads\/2021\/06\/Snacks-small-bag-scaled.jpg\" data-light-image=\"https:\/\/www.echomachinery.com\/wp-content\/uploads\/2021\/06\/Snacks-small-bag-scaled.jpg\" data-id=\"4166\" data-link=\"https:\/\/www.echomachinery.com\/snacks-small-bag\/\" class=\"wp-image-4166 skip-lazy\" srcset=\"https:\/\/www.echomachinery.com\/wp-content\/uploads\/2021\/06\/Snacks-small-bag-1024x563.jpg 1024w, https:\/\/www.echomachinery.com\/wp-content\/uploads\/2021\/06\/Snacks-small-bag-300x165.jpg 300w, https:\/\/www.echomachinery.com\/wp-content\/uploads\/2021\/06\/Snacks-small-bag-768x422.jpg 768w, https:\/\/www.echomachinery.com\/wp-content\/uploads\/2021\/06\/Snacks-small-bag-1536x844.jpg 1536w, https:\/\/www.echomachinery.com\/wp-content\/uploads\/2021\/06\/Snacks-small-bag-2048x1125.jpg 2048w\" sizes=\"(max-width: 1024px) 100vw, 1024px\" \/><\/div><div class=\"kadence-blocks-gallery-item__caption\">Bolsa peque\u00f1a de snacks<\/div><\/div><\/figure><\/div><\/div><\/div><div class=\"kb-slide-item kb-gallery-slide-item\"><div class=\"kadence-blocks-gallery-item\"><div class=\"kadence-blocks-gallery-item-inner\"><figure class=\"kb-gallery-figure kadence-blocks-gallery-item-hide-caption kb-has-image-ratio-land32\"><div class=\"kb-gal-image-radius\"><div class=\"kb-gallery-image-contain kadence-blocks-gallery-intrinsic kb-gallery-image-ratio-land32\"><img decoding=\"async\" loading=\"lazy\" src=\"https:\/\/www.echomachinery.com\/wp-content\/uploads\/2021\/06\/Snacks-big-bag.jpg\" width=\"1024\" height=\"768\" alt=\"Bolso grande de bocadillos\" data-full-image=\"https:\/\/www.echomachinery.com\/wp-content\/uploads\/2021\/06\/Snacks-big-bag.jpg\" data-light-image=\"https:\/\/www.echomachinery.com\/wp-content\/uploads\/2021\/06\/Snacks-big-bag.jpg\" data-id=\"4169\" data-link=\"https:\/\/www.echomachinery.com\/snacks-big-bag\/\" class=\"wp-image-4169 skip-lazy\" srcset=\"https:\/\/www.echomachinery.com\/wp-content\/uploads\/2021\/06\/Snacks-big-bag.jpg 1024w, https:\/\/www.echomachinery.com\/wp-content\/uploads\/2021\/06\/Snacks-big-bag-300x225.jpg 300w, https:\/\/www.echomachinery.com\/wp-content\/uploads\/2021\/06\/Snacks-big-bag-768x576.jpg 768w\" sizes=\"(max-width: 1024px) 100vw, 1024px\" \/><\/div><div class=\"kadence-blocks-gallery-item__caption\">Bolso grande de bocadillos<\/div><\/div><\/figure><\/div><\/div><\/div><div class=\"kb-slide-item kb-gallery-slide-item\"><div class=\"kadence-blocks-gallery-item\"><div class=\"kadence-blocks-gallery-item-inner\"><figure class=\"kb-gallery-figure kadence-blocks-gallery-item-hide-caption kb-has-image-ratio-land32\"><div class=\"kb-gal-image-radius\"><div class=\"kb-gallery-image-contain kadence-blocks-gallery-intrinsic kb-gallery-image-ratio-land32\"><img decoding=\"async\" loading=\"lazy\" src=\"https:\/\/www.echomachinery.com\/wp-content\/uploads\/2021\/06\/chocomory-product.jpg\" width=\"639\" height=\"639\" alt=\"\" data-full-image=\"https:\/\/www.echomachinery.com\/wp-content\/uploads\/2021\/06\/chocomory-product.jpg\" data-light-image=\"https:\/\/www.echomachinery.com\/wp-content\/uploads\/2021\/06\/chocomory-product.jpg\" data-id=\"4193\" data-link=\"https:\/\/www.echomachinery.com\/?attachment_id=4193\" class=\"wp-image-4193 skip-lazy\" srcset=\"https:\/\/www.echomachinery.com\/wp-content\/uploads\/2021\/06\/chocomory-product.jpg 639w, https:\/\/www.echomachinery.com\/wp-content\/uploads\/2021\/06\/chocomory-product-300x300.jpg 300w, https:\/\/www.echomachinery.com\/wp-content\/uploads\/2021\/06\/chocomory-product-150x150.jpg 150w\" sizes=\"(max-width: 639px) 100vw, 639px\" \/><\/div><\/div><\/figure><\/div><\/div><\/div><\/div><\/div><\/div><\/div>\n<\/div><\/div>\n<\/div><\/div><\/div>\n\n\n\n<hr class=\"wp-block-separator is-style-wide\"\/>\n\n\n\n<div class=\"wp-block-kadence-rowlayout alignnone\"><div id=\"kt-layout-id_552972-8c\" class=\"kt-row-layout-inner kt-layout-id_552972-8c\"><div class=\"kt-row-column-wrap kt-has-2-columns kt-gutter-default kt-v-gutter-default kt-row-valign-middle kt-row-layout-right-golden kt-tab-layout-inherit kt-m-colapse-left-to-right kt-mobile-layout-row\">\n<div class=\"wp-block-kadence-column inner-column-1 kadence-column_0a0702-42\"><div class=\"kt-inside-inner-col\">\n<figure class=\"wp-block-image size-large\"><a href=\"https:\/\/www.echomachinery.com\/es\/packaging-machines\/horizontal-form-fill-seal-machine\/\"><img decoding=\"async\" loading=\"lazy\" width=\"300\" height=\"300\" src=\"https:\/\/www.echomachinery.com\/wp-content\/uploads\/2020\/06\/dxd-380-300.jpg\" alt=\"M\u00e1quina HFFS dxd-380\" class=\"wp-image-1350\" srcset=\"https:\/\/www.echomachinery.com\/wp-content\/uploads\/2020\/06\/dxd-380-300.jpg 300w, https:\/\/www.echomachinery.com\/wp-content\/uploads\/2020\/06\/dxd-380-300-150x150.jpg 150w\" sizes=\"(max-width: 300px) 100vw, 300px\" \/><\/a><\/figure>\n<\/div><\/div>\n\n\n\n<div class=\"wp-block-kadence-column inner-column-2 kadence-column_c0b5e0-e6\"><div class=\"kt-inside-inner-col\">\n<div class=\"product\">\n    <span class=\"product-series\">SERIE DXD-300\/380\/630<\/span>\n    <a href=\"\/es\/packaging-machines\/horizontal-form-fill-seal-machine\/\"><h2 class=\"product-name\">M\u00c1QUINA HORIZONTAL DE FORMADO, LLENADO Y SELLADO<\/h2><\/a>\n    <span class=\"product-features\">\n        <span class=\"product-features-main\">Paquete de bloques m\u00e1s grande<\/span>\n        <span class=\"product-speed\">Hasta 290 bolsas\/min<\/span>\n    <\/span>\n    <span class=\"product-description\">La m\u00e1quina de llenado y sellado de forma horizontal puede empaquetar un solo chocolate, y la doble mand\u00edbula puede duplicar la velocidad de empaquetado. Al mismo tiempo, el precio m\u00e1s bajo lo hace muy adecuado para productos que adoptan estrategias de bajo precio.<\/span>\n<\/div>\n<\/div><\/div>\n<\/div><\/div><\/div>\n\n\n\n<figure class=\"wp-block-embed is-type-video is-provider-youtube wp-block-embed-youtube wp-embed-aspect-16-9 wp-has-aspect-ratio\"><div class=\"wp-block-embed__wrapper\">\n<div class=\"nv-iframe-embed\"><iframe loading=\"lazy\" title=\"M\u00e1quina de envasado de chocolate - L\u00ednea de clasificaci\u00f3n y empaquetado autom\u00e1tica | Maquinaria ECHO\" width=\"1090\" height=\"613\" src=\"https:\/\/www.youtube.com\/embed\/87UutGRU_vk?feature=oembed\" frameborder=\"0\" allow=\"accelerometer; autoplay; clipboard-write; encrypted-media; gyroscope; picture-in-picture\" allowfullscreen><\/iframe><\/div>\n<\/div><\/figure>\n\n\n\n<hr class=\"wp-block-separator is-style-wide\"\/>\n\n\n\n<div class=\"wp-block-kadence-rowlayout alignnone\"><div id=\"kt-layout-id_91f6e5-69\" class=\"kt-row-layout-inner kt-layout-id_91f6e5-69\"><div class=\"kt-row-column-wrap kt-has-2-columns kt-gutter-default kt-v-gutter-default kt-row-valign-middle kt-row-layout-right-golden kt-tab-layout-inherit kt-m-colapse-left-to-right kt-mobile-layout-row\">\n<div class=\"wp-block-kadence-column inner-column-1 kadence-column_de7aef-96\"><div class=\"kt-inside-inner-col\">\n<figure class=\"wp-block-image size-large\"><a href=\"https:\/\/www.echomachinery.com\/es\/packaging-machines\/premade-pouch-packing-machine\/\"><img decoding=\"async\" loading=\"lazy\" width=\"300\" height=\"300\" src=\"https:\/\/www.echomachinery.com\/wp-content\/uploads\/2020\/06\/MR8-200RW-300.jpg\" alt=\"M\u00e1quina de envasado MR8-200RW-300\" class=\"wp-image-1351\" srcset=\"https:\/\/www.echomachinery.com\/wp-content\/uploads\/2020\/06\/MR8-200RW-300.jpg 300w, https:\/\/www.echomachinery.com\/wp-content\/uploads\/2020\/06\/MR8-200RW-300-150x150.jpg 150w\" sizes=\"(max-width: 300px) 100vw, 300px\" \/><\/a><\/figure>\n<\/div><\/div>\n\n\n\n<div class=\"wp-block-kadence-column inner-column-2 kadence-column_ed2606-28\"><div class=\"kt-inside-inner-col\">\n<div class=\"product\">\n    <span class=\"product-series\">SERIE MR8-300\/200RW<\/span>\n    <a href=\"\/es\/packaging-machines\/premade-pouch-packing-machine\/\"><h2 class=\"product-name\">M\u00c1QUINA DE EMPAQUETADO DE BOLSAS PREFABRICADAS<\/h2><\/a>\n    <span class=\"product-features\">\n        <span class=\"product-features-main\">Presentado en un hermoso empaque<\/span>\n        <span class=\"product-speed\">Hasta 80 bolsas\/min<\/span>\n    <\/span>\n    <span class=\"product-description\">La m\u00e1quina de envasado en bolsas prefabricadas puede envasar la mayor\u00eda de los productos a gran velocidad. Elegir las bolsas prefabricadas adecuadas puede mejorar notablemente la apariencia y la facilidad de uso para los consumidores.<\/span>\n<\/div>\n<\/div><\/div>\n<\/div><\/div><\/div>\n\n\n\n<hr class=\"wp-block-separator is-style-wide\"\/>\n\n\n\n<div class=\"wp-block-kadence-rowlayout alignnone\"><div id=\"kt-layout-id_a3fc37-61\" class=\"kt-row-layout-inner kt-layout-id_a3fc37-61\"><div class=\"kt-row-column-wrap kt-has-2-columns kt-gutter-default kt-v-gutter-default kt-row-valign-middle kt-row-layout-right-golden kt-tab-layout-inherit kt-m-colapse-left-to-right kt-mobile-layout-row\">\n<div class=\"wp-block-kadence-column inner-column-1 kadence-column_c77903-4e\"><div class=\"kt-inside-inner-col\">\n<figure class=\"wp-block-image size-large\"><a href=\"https:\/\/www.echomachinery.com\/es\/packaging-machines\/vertical-form-fill-seal-machine\/\"><img decoding=\"async\" loading=\"lazy\" width=\"300\" height=\"300\" src=\"https:\/\/www.echomachinery.com\/wp-content\/uploads\/2020\/06\/ec420520720-300.jpg\" alt=\"M\u00e1quina VFFS\" class=\"wp-image-1349\" srcset=\"https:\/\/www.echomachinery.com\/wp-content\/uploads\/2020\/06\/ec420520720-300.jpg 300w, https:\/\/www.echomachinery.com\/wp-content\/uploads\/2020\/06\/ec420520720-300-150x150.jpg 150w\" sizes=\"(max-width: 300px) 100vw, 300px\" \/><\/a><\/figure>\n<\/div><\/div>\n\n\n\n<div class=\"wp-block-kadence-column inner-column-2 kadence-column_5f681c-e6\"><div class=\"kt-inside-inner-col\">\n<div class=\"product\">\n    <span class=\"product-series\">SERIE EC-420\/520\/720<\/span>\n    <a href=\"\/es\/packaging-machines\/vertical-form-fill-seal-machine\/\"><h2 class=\"product-name\">M\u00c1QUINA VERTICAL DE FORMADO, LLENADO Y SELLADO<\/h2><\/a>\n    <span class=\"product-features\">\n        <span class=\"product-features-main\">Precio bajo<\/span>\n        <span class=\"product-speed\">Hasta 60 bolsas\/min<\/span>\n    <\/span>\n    <span class=\"product-description\">La m\u00e1quina vertical de formado, llenado y sellado es una m\u00e1quina de muy amplia gama que puede gestionar el envasado en la mayor\u00eda de las industrias, con un precio m\u00e1s bajo y una alta velocidad.<\/span>\n<\/div>\n<\/div><\/div>\n<\/div><\/div><\/div>\n\n\n\n<div class=\"wp-block-kadence-rowlayout alignnone\"><div id=\"kt-layout-id_9e88b0-67\" class=\"kt-row-layout-inner kt-layout-id_9e88b0-67\"><div class=\"kt-row-column-wrap kt-has-3-columns kt-gutter-default kt-v-gutter-default kt-row-valign-top kt-row-layout-equal kt-tab-layout-inherit kt-m-colapse-left-to-right kt-mobile-layout-row\">\n<div class=\"wp-block-kadence-column inner-column-1 kadence-column_5efd22-44\"><div class=\"kt-inside-inner-col\">\n<a class=\"industries-link\" href=\"\/es\/industries\/liquid-packing-solution\/\"><div class=\"industries-image liquid\"> <div class=\"industries-content\"> <h3 class=\"industries-title\">L\u00edquido<\/h3>  <\/div><\/div>\n<\/a>\n<\/div><\/div>\n\n\n\n<div class=\"wp-block-kadence-column inner-column-2 kadence-column_63453b-08\"><div class=\"kt-inside-inner-col\">\n<a class=\"industries-link\" href=\"\/es\/industries\/powder-packing-solution\/\"><div class=\"industries-image powder\"> <div class=\"industries-content\"> <h3 class=\"industries-title\">Polvo<\/h3><\/div><\/div>\n<\/a>\n<\/div><\/div>\n\n\n\n<div class=\"wp-block-kadence-column inner-column-3 kadence-column_57ae21-f6\"><div class=\"kt-inside-inner-col\">\n<a class=\"industries-link\" href=\"\/es\/industries\/granule-packing-solution\/\"><div class=\"industries-image granule\"> <div class=\"industries-content\"> <h3 class=\"industries-title\">Gr\u00e1nulo<\/h3><\/div><\/div>\n<\/a>\n<\/div><\/div>\n<\/div><\/div><\/div>","protected":false},"excerpt":{"rendered":"<p>Chocolate Packaging Solutions is diverse, we mainly focus on pre-made pouch packaging and pillow type packaging machines, and provide professional packaging solutions. In many cases, we usually use HFFS to complete the packaging of single small chocolate and then use a premade pouch packaging machine to pack the single small chocolate into a larger bag,&hellip;&nbsp;<a href=\"https:\/\/www.echomachinery.com\/es\/industries\/chocolate-packaging-machine-chocolate-packaging-solutions\/\" class=\"\" rel=\"bookmark\">Leer m\u00e1s \u00bb<span class=\"screen-reader-text\">Envasado de chocolate y soluciones de envasado de chocolate<\/span><\/a><\/p>","protected":false},"author":1,"featured_media":0,"parent":1640,"menu_order":1100,"comment_status":"closed","ping_status":"closed","template":"page-templates\/product.php","meta":{"inline_featured_image":false,"ub_ctt_via":"","kt_blocks_editor_width":""},"aioseo_notices":[],"featured_image_src":null,"_links":{"self":[{"href":"https:\/\/www.echomachinery.com\/es\/wp-json\/wp\/v2\/pages\/4191"}],"collection":[{"href":"https:\/\/www.echomachinery.com\/es\/wp-json\/wp\/v2\/pages"}],"about":[{"href":"https:\/\/www.echomachinery.com\/es\/wp-json\/wp\/v2\/types\/page"}],"author":[{"embeddable":true,"href":"https:\/\/www.echomachinery.com\/es\/wp-json\/wp\/v2\/users\/1"}],"replies":[{"embeddable":true,"href":"https:\/\/www.echomachinery.com\/es\/wp-json\/wp\/v2\/comments?post=4191"}],"version-history":[{"count":0,"href":"https:\/\/www.echomachinery.com\/es\/wp-json\/wp\/v2\/pages\/4191\/revisions"}],"up":[{"embeddable":true,"href":"https:\/\/www.echomachinery.com\/es\/wp-json\/wp\/v2\/pages\/1640"}],"wp:attachment":[{"href":"https:\/\/www.echomachinery.com\/es\/wp-json\/wp\/v2\/media?parent=4191"}],"curies":[{"name":"pp","href":"https:\/\/api.w.org\/{rel}","templated":true}]}}