{"id":4394,"date":"2021-09-23T03:38:57","date_gmt":"2021-09-23T01:38:57","guid":{"rendered":"https:\/\/www.echomachinery.com\/?page_id=4394"},"modified":"2022-02-22T08:23:21","modified_gmt":"2022-02-22T07:23:21","slug":"laser-coding-machine","status":"publish","type":"page","link":"https:\/\/www.echomachinery.com\/es\/packaging-machines\/relative-devices\/laser-coding-machine\/","title":{"rendered":"M\u00e1quina de codificaci\u00f3n l\u00e1ser"},"content":{"rendered":"<p>La m\u00e1quina de codificaci\u00f3n l\u00e1ser est\u00e1 dise\u00f1ada por Echo, especialmente adecuada para nuestro <a href=\"https:\/\/www.echomachinery.com\/es\/packaging-machines\/\">M\u00e1quina de envasado de la serie MR y MRZK<\/a>, con codificaci\u00f3n clara y precio razonable.<\/p>\n\n\n\n<div class=\"wp-block-kadence-rowlayout alignnone\"><div id=\"kt-layout-id_45a989-4e\" class=\"kt-row-layout-inner kt-layout-id_45a989-4e\"><div class=\"kt-row-column-wrap kt-has-2-columns kt-gutter-default kt-v-gutter-default kt-row-valign-top kt-row-layout-equal kt-tab-layout-inherit kt-m-colapse-left-to-right kt-mobile-layout-row\">\n<div class=\"wp-block-kadence-column inner-column-1 kadence-column_89579e-08\"><div class=\"kt-inside-inner-col\">\n<figure class=\"wp-block-image size-large\"><a href=\"https:\/\/www.echomachinery.com\/es\/packaging-machines\/relative-devices\/laser-coding-machine\/adjustable-pulse-fiber-laser-coding-machine\/\"><img decoding=\"async\" loading=\"lazy\" width=\"1000\" height=\"666\" src=\"https:\/\/www.echomachinery.com\/wp-content\/uploads\/2021\/09\/adjustable-pulse-fiber-laser-machine-detail-1.jpg\" alt=\"Detalle de la m\u00e1quina l\u00e1ser de fibra de pulso ajustable 1\" class=\"wp-image-4414\" srcset=\"https:\/\/www.echomachinery.com\/wp-content\/uploads\/2021\/09\/adjustable-pulse-fiber-laser-machine-detail-1.jpg 1000w, https:\/\/www.echomachinery.com\/wp-content\/uploads\/2021\/09\/adjustable-pulse-fiber-laser-machine-detail-1-300x200.jpg 300w, https:\/\/www.echomachinery.com\/wp-content\/uploads\/2021\/09\/adjustable-pulse-fiber-laser-machine-detail-1-768x511.jpg 768w, https:\/\/www.echomachinery.com\/wp-content\/uploads\/2021\/09\/adjustable-pulse-fiber-laser-machine-detail-1-930x620.jpg 930w\" sizes=\"(max-width: 1000px) 100vw, 1000px\" \/><\/a><\/figure>\n\n\n\n<h3 class=\"has-text-align-center\"><a href=\"https:\/\/www.echomachinery.com\/es\/packaging-machines\/relative-devices\/laser-coding-machine\/adjustable-pulse-fiber-laser-coding-machine\/\">M\u00e1quina de codificaci\u00f3n l\u00e1ser de fibra de pulso ajustable<\/a><\/h3>\n<\/div><\/div>\n\n\n\n<div class=\"wp-block-kadence-column inner-column-2 kadence-column_3b5061-fd\"><div class=\"kt-inside-inner-col\">\n<figure class=\"wp-block-image size-large\"><a href=\"https:\/\/www.echomachinery.com\/es\/packaging-machines\/relative-devices\/laser-coding-machine\/co2-laser-coding-machine\/\"><img decoding=\"async\" loading=\"lazy\" width=\"1000\" height=\"666\" src=\"https:\/\/www.echomachinery.com\/wp-content\/uploads\/2021\/09\/CO2-laser-machine.jpg\" alt=\"M\u00e1quina l\u00e1ser de CO2\" class=\"wp-image-4395\" srcset=\"https:\/\/www.echomachinery.com\/wp-content\/uploads\/2021\/09\/CO2-laser-machine.jpg 1000w, https:\/\/www.echomachinery.com\/wp-content\/uploads\/2021\/09\/CO2-laser-machine-300x200.jpg 300w, https:\/\/www.echomachinery.com\/wp-content\/uploads\/2021\/09\/CO2-laser-machine-768x511.jpg 768w, https:\/\/www.echomachinery.com\/wp-content\/uploads\/2021\/09\/CO2-laser-machine-930x620.jpg 930w\" sizes=\"(max-width: 1000px) 100vw, 1000px\" \/><\/a><\/figure>\n\n\n\n<h3 class=\"has-text-align-center\"><a href=\"https:\/\/www.echomachinery.com\/es\/packaging-machines\/relative-devices\/laser-coding-machine\/co2-laser-coding-machine\/\">M\u00e1quina de codificaci\u00f3n l\u00e1ser de CO2<\/a><\/h3>\n<\/div><\/div>\n<\/div><\/div><\/div>","protected":false},"excerpt":{"rendered":"<p>Laser Coding Machine is designed by ECHO, specially suitable for our MR &amp; MRZK series packaging machine, with clear coding and reasonable price. Adjustable Pulse Fiber Laser Coding Machine CO2 Laser Coding Machine<\/p>","protected":false},"author":1,"featured_media":4395,"parent":1314,"menu_order":0,"comment_status":"closed","ping_status":"closed","template":"","meta":{"inline_featured_image":false,"ub_ctt_via":"","kt_blocks_editor_width":""},"aioseo_notices":[],"featured_image_src":"https:\/\/www.echomachinery.com\/wp-content\/uploads\/2021\/09\/CO2-laser-machine.jpg","_links":{"self":[{"href":"https:\/\/www.echomachinery.com\/es\/wp-json\/wp\/v2\/pages\/4394"}],"collection":[{"href":"https:\/\/www.echomachinery.com\/es\/wp-json\/wp\/v2\/pages"}],"about":[{"href":"https:\/\/www.echomachinery.com\/es\/wp-json\/wp\/v2\/types\/page"}],"author":[{"embeddable":true,"href":"https:\/\/www.echomachinery.com\/es\/wp-json\/wp\/v2\/users\/1"}],"replies":[{"embeddable":true,"href":"https:\/\/www.echomachinery.com\/es\/wp-json\/wp\/v2\/comments?post=4394"}],"version-history":[{"count":0,"href":"https:\/\/www.echomachinery.com\/es\/wp-json\/wp\/v2\/pages\/4394\/revisions"}],"up":[{"embeddable":true,"href":"https:\/\/www.echomachinery.com\/es\/wp-json\/wp\/v2\/pages\/1314"}],"wp:featuredmedia":[{"embeddable":true,"href":"https:\/\/www.echomachinery.com\/es\/wp-json\/wp\/v2\/media\/4395"}],"wp:attachment":[{"href":"https:\/\/www.echomachinery.com\/es\/wp-json\/wp\/v2\/media?parent=4394"}],"curies":[{"name":"pp","href":"https:\/\/api.w.org\/{rel}","templated":true}]}}