{"id":4412,"date":"2021-09-23T03:47:38","date_gmt":"2021-09-23T01:47:38","guid":{"rendered":"https:\/\/www.echomachinery.com\/?page_id=4412"},"modified":"2022-02-22T09:06:17","modified_gmt":"2022-02-22T08:06:17","slug":"adjustable-pulse-fiber-laser-coding-machine","status":"publish","type":"page","link":"https:\/\/www.echomachinery.com\/es\/packaging-machines\/relative-devices\/laser-coding-machine\/adjustable-pulse-fiber-laser-coding-machine\/","title":{"rendered":"M\u00e1quina de codificaci\u00f3n l\u00e1ser de fibra de pulso ajustable"},"content":{"rendered":"<style id=\"kt-blocks_535b84-5f\">#kt-layout-id_535b84-5f > .kt-row-column-wrap{padding-bottom:0px;}<\/style>\n<div class=\"wp-block-kadence-rowlayout alignnone\"><div id=\"kt-layout-id_535b84-5f\" class=\"kt-row-layout-inner kt-layout-id_535b84-5f\"><div class=\"kt-row-column-wrap kt-has-2-columns kt-gutter-default kt-v-gutter-default kt-row-valign-top kt-row-layout-equal kt-tab-layout-inherit kt-m-colapse-left-to-right kt-mobile-layout-row\">\n<div class=\"wp-block-kadence-column inner-column-1 kadence-column_95567e-9a\"><div class=\"kt-inside-inner-col\"><style id=\"kt-blocks_ccb530-47\">.wp-block-kadence-advancedgallery ul.kb-gallery-id-_ccb530-47 {margin: -5px;}.kb-gallery-id-_ccb530-47 .kadence-blocks-gallery-item {padding:5px;}.kb-gallery-type-carousel.kb-gallery-id-_ccb530-47 .kt-blocks-carousel .kt-blocks-carousel-init {margin: 0 -5px;}.kb-gallery-type-carousel.kb-gallery-id-_ccb530-47 .kt-blocks-carousel .kt-blocks-carousel-init .kb-slide-item, .kb-gallery-type-fluidcarousel.kb-gallery-id-_ccb530-47 .kt-blocks-carousel .kt-blocks-carousel-init .kb-slide-item, .kb-gallery-type-carousel .kt-blocks-carousel-init:not(.slick-initialized) .kb-slide-item {padding: 4px 5px;}.kb-gallery-type-fluidcarousel.kb-gallery-id-_ccb530-47 .kt-blocks-carousel .kt-blocks-carousel-init.kb-carousel-mode-align-left .kb-slide-item {padding: 4px 10px 4px 0;}.kb-gallery-type-carousel.kb-gallery-id-_ccb530-47 .kt-blocks-carousel .kt-blocks-carousel-init .slick-prev {left:5px;}.kb-gallery-type-carousel.kb-gallery-id-_ccb530-47 .kt-blocks-carousel .kt-blocks-carousel-init .slick-next {right:5px;}.kb-gallery-id-_ccb530-47 .kadence-blocks-gallery-item .kb-gal-image-radius {border-radius: 0px 0px 0px 0px;}<\/style>\n<div class=\"wp-block-kadence-advancedgallery kb-gallery-wrap-id-_ccb530-47\"><div class=\"kb-gallery-ul kb-gallery-type-slider kb-gallery-id-_ccb530-47 kb-gallery-caption-style-bottom-hover kb-gallery-filter-none\" data-image-filter=\"none\" data-lightbox-caption=\"true\"><div class=\"kt-blocks-carousel kt-carousel-container-dotstyle-dark\"><div class=\"kt-blocks-carousel-init kb-blocks-slider kt-carousel-arrowstyle-whiteondark kt-carousel-dotstyle-dark\" data-slider-anim-speed=\"400\" data-slider-type=\"slider\" data-slider-scroll=\"1\" data-slider-arrows=\"true\" data-slider-dots=\"true\" data-slider-hover-pause=\"false\" data-slider-auto=\"false\" data-slider-speed=\"7000\"><div class=\"kb-slide-item kb-gallery-slide-item\"><div class=\"kadence-blocks-gallery-item\"><div class=\"kadence-blocks-gallery-item-inner\"><figure class=\"kb-gallery-figure kadence-blocks-gallery-item-hide-caption kb-has-image-ratio-land32\"><div class=\"kb-gal-image-radius\"><div class=\"kb-gallery-image-contain kadence-blocks-gallery-intrinsic kb-gallery-image-ratio-land32\"><img decoding=\"async\" loading=\"lazy\" src=\"https:\/\/www.echomachinery.com\/wp-content\/uploads\/2021\/09\/adjustable-pulse-fiber-laser-machine-detail-1.jpg\" width=\"1000\" height=\"666\" alt=\"Detalle de la m\u00e1quina l\u00e1ser de fibra de pulso ajustable 1\" data-full-image=\"https:\/\/www.echomachinery.com\/wp-content\/uploads\/2021\/09\/adjustable-pulse-fiber-laser-machine-detail-1.jpg\" data-light-image=\"https:\/\/www.echomachinery.com\/wp-content\/uploads\/2021\/09\/adjustable-pulse-fiber-laser-machine-detail-1.jpg\" data-id=\"4414\" data-link=\"https:\/\/www.echomachinery.com\/?attachment_id=4414\" class=\"wp-image-4414 skip-lazy\" srcset=\"https:\/\/www.echomachinery.com\/wp-content\/uploads\/2021\/09\/adjustable-pulse-fiber-laser-machine-detail-1.jpg 1000w, https:\/\/www.echomachinery.com\/wp-content\/uploads\/2021\/09\/adjustable-pulse-fiber-laser-machine-detail-1-300x200.jpg 300w, https:\/\/www.echomachinery.com\/wp-content\/uploads\/2021\/09\/adjustable-pulse-fiber-laser-machine-detail-1-768x511.jpg 768w, https:\/\/www.echomachinery.com\/wp-content\/uploads\/2021\/09\/adjustable-pulse-fiber-laser-machine-detail-1-930x620.jpg 930w\" sizes=\"(max-width: 1000px) 100vw, 1000px\" \/><\/div><div class=\"kadence-blocks-gallery-item__caption\">Detalle de la m\u00e1quina l\u00e1ser de fibra de pulso ajustable 1<\/div><\/div><\/figure><\/div><\/div><\/div><div class=\"kb-slide-item kb-gallery-slide-item\"><div class=\"kadence-blocks-gallery-item\"><div class=\"kadence-blocks-gallery-item-inner\"><figure class=\"kb-gallery-figure kadence-blocks-gallery-item-hide-caption kb-has-image-ratio-land32\"><div class=\"kb-gal-image-radius\"><div class=\"kb-gallery-image-contain kadence-blocks-gallery-intrinsic kb-gallery-image-ratio-land32\"><img decoding=\"async\" loading=\"lazy\" src=\"https:\/\/www.echomachinery.com\/wp-content\/uploads\/2021\/09\/adjustable-pulse-fiber-laser-machine.jpg\" width=\"1000\" height=\"666\" alt=\"M\u00e1quina l\u00e1ser de fibra de pulso ajustable\" data-full-image=\"https:\/\/www.echomachinery.com\/wp-content\/uploads\/2021\/09\/adjustable-pulse-fiber-laser-machine.jpg\" data-light-image=\"https:\/\/www.echomachinery.com\/wp-content\/uploads\/2021\/09\/adjustable-pulse-fiber-laser-machine.jpg\" data-id=\"4413\" data-link=\"https:\/\/www.echomachinery.com\/?attachment_id=4413\" class=\"wp-image-4413 skip-lazy\" srcset=\"https:\/\/www.echomachinery.com\/wp-content\/uploads\/2021\/09\/adjustable-pulse-fiber-laser-machine.jpg 1000w, https:\/\/www.echomachinery.com\/wp-content\/uploads\/2021\/09\/adjustable-pulse-fiber-laser-machine-300x200.jpg 300w, https:\/\/www.echomachinery.com\/wp-content\/uploads\/2021\/09\/adjustable-pulse-fiber-laser-machine-768x511.jpg 768w, https:\/\/www.echomachinery.com\/wp-content\/uploads\/2021\/09\/adjustable-pulse-fiber-laser-machine-930x620.jpg 930w\" sizes=\"(max-width: 1000px) 100vw, 1000px\" \/><\/div><div class=\"kadence-blocks-gallery-item__caption\">M\u00e1quina l\u00e1ser de fibra de pulso ajustable<\/div><\/div><\/figure><\/div><\/div><\/div><div class=\"kb-slide-item kb-gallery-slide-item\"><div class=\"kadence-blocks-gallery-item\"><div class=\"kadence-blocks-gallery-item-inner\"><figure class=\"kb-gallery-figure kadence-blocks-gallery-item-hide-caption kb-has-image-ratio-land32\"><div class=\"kb-gal-image-radius\"><div class=\"kb-gallery-image-contain kadence-blocks-gallery-intrinsic kb-gallery-image-ratio-land32\"><img decoding=\"async\" loading=\"lazy\" src=\"https:\/\/www.echomachinery.com\/wp-content\/uploads\/2021\/09\/adjustable-pulse-fiber-laser-machine-detail-2.jpg\" width=\"530\" height=\"353\" alt=\"Detalle de la m\u00e1quina l\u00e1ser de fibra de pulso ajustable 2\" data-full-image=\"https:\/\/www.echomachinery.com\/wp-content\/uploads\/2021\/09\/adjustable-pulse-fiber-laser-machine-detail-2.jpg\" data-light-image=\"https:\/\/www.echomachinery.com\/wp-content\/uploads\/2021\/09\/adjustable-pulse-fiber-laser-machine-detail-2.jpg\" data-id=\"4415\" data-link=\"https:\/\/www.echomachinery.com\/?attachment_id=4415\" class=\"wp-image-4415 skip-lazy\" srcset=\"https:\/\/www.echomachinery.com\/wp-content\/uploads\/2021\/09\/adjustable-pulse-fiber-laser-machine-detail-2.jpg 530w, https:\/\/www.echomachinery.com\/wp-content\/uploads\/2021\/09\/adjustable-pulse-fiber-laser-machine-detail-2-300x200.jpg 300w\" sizes=\"(max-width: 530px) 100vw, 530px\" \/><\/div><div class=\"kadence-blocks-gallery-item__caption\">Detalle de la m\u00e1quina l\u00e1ser de fibra de pulso ajustable 2<\/div><\/div><\/figure><\/div><\/div><\/div><div class=\"kb-slide-item kb-gallery-slide-item\"><div class=\"kadence-blocks-gallery-item\"><div class=\"kadence-blocks-gallery-item-inner\"><figure class=\"kb-gallery-figure kadence-blocks-gallery-item-hide-caption kb-has-image-ratio-land32\"><div class=\"kb-gal-image-radius\"><div class=\"kb-gallery-image-contain kadence-blocks-gallery-intrinsic kb-gallery-image-ratio-land32\"><img decoding=\"async\" loading=\"lazy\" src=\"https:\/\/www.echomachinery.com\/wp-content\/uploads\/2021\/09\/adjustable-pulse-fiber-laser-machine-detail-3.jpg\" width=\"530\" height=\"353\" alt=\"Detalle de la m\u00e1quina l\u00e1ser de fibra de pulso ajustable 3\" data-full-image=\"https:\/\/www.echomachinery.com\/wp-content\/uploads\/2021\/09\/adjustable-pulse-fiber-laser-machine-detail-3.jpg\" data-light-image=\"https:\/\/www.echomachinery.com\/wp-content\/uploads\/2021\/09\/adjustable-pulse-fiber-laser-machine-detail-3.jpg\" data-id=\"4416\" data-link=\"https:\/\/www.echomachinery.com\/?attachment_id=4416\" class=\"wp-image-4416 skip-lazy\" srcset=\"https:\/\/www.echomachinery.com\/wp-content\/uploads\/2021\/09\/adjustable-pulse-fiber-laser-machine-detail-3.jpg 530w, https:\/\/www.echomachinery.com\/wp-content\/uploads\/2021\/09\/adjustable-pulse-fiber-laser-machine-detail-3-300x200.jpg 300w\" sizes=\"(max-width: 530px) 100vw, 530px\" \/><\/div><div class=\"kadence-blocks-gallery-item__caption\">Detalle de la m\u00e1quina l\u00e1ser de fibra de pulso ajustable 3<\/div><\/div><\/figure><\/div><\/div><\/div><div class=\"kb-slide-item kb-gallery-slide-item\"><div class=\"kadence-blocks-gallery-item\"><div class=\"kadence-blocks-gallery-item-inner\"><figure class=\"kb-gallery-figure kadence-blocks-gallery-item-hide-caption kb-has-image-ratio-land32\"><div class=\"kb-gal-image-radius\"><div class=\"kb-gallery-image-contain kadence-blocks-gallery-intrinsic kb-gallery-image-ratio-land32\"><img decoding=\"async\" loading=\"lazy\" src=\"https:\/\/www.echomachinery.com\/wp-content\/uploads\/2021\/09\/adjustable-pulse-fiber-laser-machine-detail-4.jpg\" width=\"530\" height=\"353\" alt=\"Detalle de la m\u00e1quina l\u00e1ser de fibra de pulso ajustable 4\" data-full-image=\"https:\/\/www.echomachinery.com\/wp-content\/uploads\/2021\/09\/adjustable-pulse-fiber-laser-machine-detail-4.jpg\" data-light-image=\"https:\/\/www.echomachinery.com\/wp-content\/uploads\/2021\/09\/adjustable-pulse-fiber-laser-machine-detail-4.jpg\" data-id=\"4417\" data-link=\"https:\/\/www.echomachinery.com\/?attachment_id=4417\" class=\"wp-image-4417 skip-lazy\" srcset=\"https:\/\/www.echomachinery.com\/wp-content\/uploads\/2021\/09\/adjustable-pulse-fiber-laser-machine-detail-4.jpg 530w, https:\/\/www.echomachinery.com\/wp-content\/uploads\/2021\/09\/adjustable-pulse-fiber-laser-machine-detail-4-300x200.jpg 300w\" sizes=\"(max-width: 530px) 100vw, 530px\" \/><\/div><div class=\"kadence-blocks-gallery-item__caption\">Detalle de la m\u00e1quina l\u00e1ser de fibra de pulso ajustable 4<\/div><\/div><\/figure><\/div><\/div><\/div><div class=\"kb-slide-item kb-gallery-slide-item\"><div class=\"kadence-blocks-gallery-item\"><div class=\"kadence-blocks-gallery-item-inner\"><figure class=\"kb-gallery-figure kadence-blocks-gallery-item-hide-caption kb-has-image-ratio-land32\"><div class=\"kb-gal-image-radius\"><div class=\"kb-gallery-image-contain kadence-blocks-gallery-intrinsic kb-gallery-image-ratio-land32\"><img decoding=\"async\" loading=\"lazy\" src=\"https:\/\/www.echomachinery.com\/wp-content\/uploads\/2021\/09\/adjustable-pulse-fiber-laser-machine-detail-5.jpg\" width=\"530\" height=\"353\" alt=\"Detalle de la m\u00e1quina l\u00e1ser de fibra de pulso ajustable 5\" data-full-image=\"https:\/\/www.echomachinery.com\/wp-content\/uploads\/2021\/09\/adjustable-pulse-fiber-laser-machine-detail-5.jpg\" data-light-image=\"https:\/\/www.echomachinery.com\/wp-content\/uploads\/2021\/09\/adjustable-pulse-fiber-laser-machine-detail-5.jpg\" data-id=\"4418\" data-link=\"https:\/\/www.echomachinery.com\/?attachment_id=4418\" class=\"wp-image-4418 skip-lazy\" srcset=\"https:\/\/www.echomachinery.com\/wp-content\/uploads\/2021\/09\/adjustable-pulse-fiber-laser-machine-detail-5.jpg 530w, https:\/\/www.echomachinery.com\/wp-content\/uploads\/2021\/09\/adjustable-pulse-fiber-laser-machine-detail-5-300x200.jpg 300w\" sizes=\"(max-width: 530px) 100vw, 530px\" \/><\/div><div class=\"kadence-blocks-gallery-item__caption\">Detalle de la m\u00e1quina l\u00e1ser de fibra de pulso ajustable 5<\/div><\/div><\/figure><\/div><\/div><\/div><div class=\"kb-slide-item kb-gallery-slide-item\"><div class=\"kadence-blocks-gallery-item\"><div class=\"kadence-blocks-gallery-item-inner\"><figure class=\"kb-gallery-figure kadence-blocks-gallery-item-hide-caption kb-has-image-ratio-land32\"><div class=\"kb-gal-image-radius\"><div class=\"kb-gallery-image-contain kadence-blocks-gallery-intrinsic kb-gallery-image-ratio-land32\"><img decoding=\"async\" loading=\"lazy\" src=\"https:\/\/www.echomachinery.com\/wp-content\/uploads\/2021\/09\/adjustable-pulse-fiber-laser-machine-detail-6.jpg\" width=\"530\" height=\"353\" alt=\"Detalle de la m\u00e1quina l\u00e1ser de fibra de pulso ajustable 6\" data-full-image=\"https:\/\/www.echomachinery.com\/wp-content\/uploads\/2021\/09\/adjustable-pulse-fiber-laser-machine-detail-6.jpg\" data-light-image=\"https:\/\/www.echomachinery.com\/wp-content\/uploads\/2021\/09\/adjustable-pulse-fiber-laser-machine-detail-6.jpg\" data-id=\"4419\" data-link=\"https:\/\/www.echomachinery.com\/?attachment_id=4419\" class=\"wp-image-4419 skip-lazy\" srcset=\"https:\/\/www.echomachinery.com\/wp-content\/uploads\/2021\/09\/adjustable-pulse-fiber-laser-machine-detail-6.jpg 530w, https:\/\/www.echomachinery.com\/wp-content\/uploads\/2021\/09\/adjustable-pulse-fiber-laser-machine-detail-6-300x200.jpg 300w\" sizes=\"(max-width: 530px) 100vw, 530px\" \/><\/div><div class=\"kadence-blocks-gallery-item__caption\">Detalle de la m\u00e1quina l\u00e1ser de fibra de pulso ajustable 6<\/div><\/div><\/figure><\/div><\/div><\/div><div class=\"kb-slide-item kb-gallery-slide-item\"><div class=\"kadence-blocks-gallery-item\"><div class=\"kadence-blocks-gallery-item-inner\"><figure class=\"kb-gallery-figure kadence-blocks-gallery-item-hide-caption kb-has-image-ratio-land32\"><div class=\"kb-gal-image-radius\"><div class=\"kb-gallery-image-contain kadence-blocks-gallery-intrinsic kb-gallery-image-ratio-land32\"><img decoding=\"async\" loading=\"lazy\" src=\"https:\/\/www.echomachinery.com\/wp-content\/uploads\/2021\/09\/adjustable-pulse-fiber-laser-machine-detail-7.jpg\" width=\"530\" height=\"353\" alt=\"Detalle de la m\u00e1quina l\u00e1ser de fibra de pulso ajustable 7\" data-full-image=\"https:\/\/www.echomachinery.com\/wp-content\/uploads\/2021\/09\/adjustable-pulse-fiber-laser-machine-detail-7.jpg\" data-light-image=\"https:\/\/www.echomachinery.com\/wp-content\/uploads\/2021\/09\/adjustable-pulse-fiber-laser-machine-detail-7.jpg\" data-id=\"4420\" data-link=\"https:\/\/www.echomachinery.com\/?attachment_id=4420\" class=\"wp-image-4420 skip-lazy\" srcset=\"https:\/\/www.echomachinery.com\/wp-content\/uploads\/2021\/09\/adjustable-pulse-fiber-laser-machine-detail-7.jpg 530w, https:\/\/www.echomachinery.com\/wp-content\/uploads\/2021\/09\/adjustable-pulse-fiber-laser-machine-detail-7-300x200.jpg 300w\" sizes=\"(max-width: 530px) 100vw, 530px\" \/><\/div><div class=\"kadence-blocks-gallery-item__caption\">Detalle de la m\u00e1quina l\u00e1ser de fibra de pulso ajustable 7<\/div><\/div><\/figure><\/div><\/div><\/div><div class=\"kb-slide-item kb-gallery-slide-item\"><div class=\"kadence-blocks-gallery-item\"><div class=\"kadence-blocks-gallery-item-inner\"><figure class=\"kb-gallery-figure kadence-blocks-gallery-item-hide-caption kb-has-image-ratio-land32\"><div class=\"kb-gal-image-radius\"><div class=\"kb-gallery-image-contain kadence-blocks-gallery-intrinsic kb-gallery-image-ratio-land32\"><img decoding=\"async\" loading=\"lazy\" src=\"https:\/\/www.echomachinery.com\/wp-content\/uploads\/2021\/09\/adjustable-pulse-fiber-laser-machine-detail-8.jpg\" width=\"530\" height=\"353\" alt=\"Detalle de la m\u00e1quina l\u00e1ser de fibra de pulso ajustable 8\" data-full-image=\"https:\/\/www.echomachinery.com\/wp-content\/uploads\/2021\/09\/adjustable-pulse-fiber-laser-machine-detail-8.jpg\" data-light-image=\"https:\/\/www.echomachinery.com\/wp-content\/uploads\/2021\/09\/adjustable-pulse-fiber-laser-machine-detail-8.jpg\" data-id=\"4421\" data-link=\"https:\/\/www.echomachinery.com\/?attachment_id=4421\" class=\"wp-image-4421 skip-lazy\" srcset=\"https:\/\/www.echomachinery.com\/wp-content\/uploads\/2021\/09\/adjustable-pulse-fiber-laser-machine-detail-8.jpg 530w, https:\/\/www.echomachinery.com\/wp-content\/uploads\/2021\/09\/adjustable-pulse-fiber-laser-machine-detail-8-300x200.jpg 300w\" sizes=\"(max-width: 530px) 100vw, 530px\" \/><\/div><div class=\"kadence-blocks-gallery-item__caption\">Detalle de la m\u00e1quina l\u00e1ser de fibra de pulso ajustable 8<\/div><\/div><\/figure><\/div><\/div><\/div><\/div><\/div><\/div><\/div>\n<\/div><\/div>\n\n\n\n<div class=\"wp-block-kadence-column inner-column-2 kadence-column_526bab-c6\"><div class=\"kt-inside-inner-col\">\n<h3 id=\"0-mr8-200rwg\"><strong>SES200A\/SES300A<\/strong><\/h3>\n\n\n\n<h4>M\u00e1quina de codificaci\u00f3n l\u00e1ser de fibra de pulso ajustable<\/h4>\n\n\n\n<figure class=\"wp-block-table\"><table><tbody><tr><td>Personajes por segundo<\/td><td>700 -900<\/td><\/tr><tr><td>Velocidad de la l\u00ednea de producci\u00f3n<\/td><td>120 \u2013 180m\/min<\/td><\/tr><tr><td>N\u00famero de l\u00edneas imprimibles<\/td><td>ilimitado<\/td><\/tr><\/tbody><\/table><\/figure>\n<\/div><\/div>\n<\/div><\/div><\/div>\n\n\n\n<hr class=\"wp-block-separator\"\/>\n\n\n\n<h3>modelo<\/h3>\n\n\n\n<figure class=\"wp-block-table\"><table class=\"has-fixed-layout\"><thead><tr><th><\/th><th class=\"has-text-align-center\" data-align=\"center\">SES200A<\/th><th class=\"has-text-align-center\" data-align=\"center\">SES300A<\/th><\/tr><\/thead><tbody><tr><td>energ\u00eda l\u00e1ser<\/td><td class=\"has-text-align-center\" data-align=\"center\">20W<\/td><td class=\"has-text-align-center\" data-align=\"center\">30W<\/td><\/tr><tr><td>Personajes por segundo<\/td><td class=\"has-text-align-center\" data-align=\"center\">700<\/td><td class=\"has-text-align-center\" data-align=\"center\">900<\/td><\/tr><tr><td>Velocidad de la l\u00ednea de producci\u00f3n<\/td><td class=\"has-text-align-center\" data-align=\"center\">120m\/min<\/td><td class=\"has-text-align-center\" data-align=\"center\">180m\/min<\/td><\/tr><tr><td>N\u00famero de l\u00edneas imprimibles<\/td><td class=\"has-text-align-center\" data-align=\"center\">ilimitado<\/td><td class=\"has-text-align-center\" data-align=\"center\">ilimitado<\/td><\/tr><\/tbody><\/table><\/figure>\n\n\n\n<h3>parmetros<\/h3>\n\n\n\n<h5>Caracter\u00edsticas de marcado<\/h5>\n\n\n\n<figure class=\"wp-block-table\"><table class=\"has-fixed-layout\"><tbody><tr><td>Tipo de l\u00e1ser<\/td><td class=\"has-text-align-left\" data-align=\"left\">L\u00e1ser de fibra de pulso ajustable, \u03bb=1064mm, con un tiempo promedio libre de problemas de 50000 horas<\/td><\/tr><tr><td>Altura del personaje<\/td><td class=\"has-text-align-left\" data-align=\"left\">0.8mm ~ Rango m\u00e1ximo de marcado<\/td><\/tr><tr><td>tipo de letra<\/td><td class=\"has-text-align-left\" data-align=\"left\">26 fuentes, soporte multiling\u00fce, compatible con fuentes definidas por el usuario<\/td><\/tr><tr><td>C\u00f3digo legible por m\u00e1quina<\/td><td class=\"has-text-align-left\" data-align=\"left\">C\u00f3digo de barras, c\u00f3digo QR<\/td><\/tr><tr><td>Se\u00f1ales\/s\u00edmbolos<\/td><td class=\"has-text-align-left\" data-align=\"left\">MBP\/DXF\/HPGL\/JPEG<\/td><\/tr><tr><td>Elementos gr\u00e1ficos<\/td><td class=\"has-text-align-left\" data-align=\"left\">punto, l\u00ednea, arco, rect\u00e1ngulo, pol\u00edgono, elipse, c\u00edrculo<\/td><\/tr><tr><td>cambiable<\/td><td class=\"has-text-align-left\" data-align=\"left\">N\u00famero de serie, texto, fecha, hora, contador, c\u00f3digo de turno<\/td><\/tr><tr><td>Rango de impresi\u00f3n<\/td><td class=\"has-text-align-left\" data-align=\"left\">50*50mm, 70*70mm, 110*110mm, 140*140mm, 175*175m, 210*210mm<\/td><\/tr><tr><td>distancia focal<\/td><td class=\"has-text-align-left\" data-align=\"left\">63 mm, 100 mm, 163 mm, 210 mm, 254 mm, 330 mm<\/td><\/tr><tr><td>Funci\u00f3n de operaci\u00f3n<\/td><td class=\"has-text-align-left\" data-align=\"left\">Pantalla t\u00e1ctil en color WYSIWYG de 10,1 pulgadas, teclado virtual QWERTY o AZERTY, operaci\u00f3n guiada por iconos r\u00e1pidos, ayuda en l\u00ednea, soporte en varios idiomas, soporte para el funcionamiento de PC y redes remotas de Ethernet.<\/td><\/tr><tr><td>tela<\/td><td class=\"has-text-align-left\" data-align=\"left\">Estructura de acero inoxidable + aluminio anodizado<\/td><\/tr><\/tbody><\/table><\/figure>\n\n\n\n<h4>Entrada\/Salida<\/h4>\n\n\n\n<figure class=\"wp-block-table\"><table><tbody><tr><td>Entrada de inspecci\u00f3n de producto<\/td><td>NPN\/PNP\/24 V-detector<\/td><\/tr><tr><td>Detecci\u00f3n de velocidad del producto<\/td><td>Sincronizador o se\u00f1al de sincronizaci\u00f3n<\/td><\/tr><tr><td>Entrada de se\u00f1al<\/td><td>empezar, parar<\/td><\/tr><tr><td>Salida de se\u00f1al<\/td><td>Indicaci\u00f3n de estado de funcionamiento, control remoto de la m\u00e1quina<\/td><\/tr><tr><td>Interfaz de comunicaci\u00f3n<\/td><td>RS-232, Ethernet (10\/100 Mbit), puerto USB<\/td><\/tr><\/tbody><\/table><\/figure>\n\n\n\n<h4>Condici\u00f3n de la instalaci\u00f3n<\/h4>\n\n\n\n<figure class=\"wp-block-table\"><table><tbody><tr><td>Requisito de energ\u00eda<\/td><td>220\u2228 CA, 47-63Hz, 500A<\/td><\/tr><tr><td>sistema de enfriamiento<\/td><td>refrigeraci\u00f3n por aire<\/td><\/tr><tr><td>ambiente operativo<\/td><td>-6-45\u2103, 10%-92%RH, sin condensaci\u00f3n<\/td><\/tr><tr><td>Est\u00e1ndar herm\u00e9tico y de seguridad<\/td><td>IP55, IP65 es opcional<\/td><\/tr><tr><td>opci\u00f3n<\/td><td>Posicionamiento de haz infrarrojo, foco fijo de haz infrarrojo, software de red y control remoto (TCP\/IP), kit de almacenamiento de respaldo USB, juego de soporte, purificador de absorci\u00f3n de humo<\/td><\/tr><\/tbody><\/table><\/figure>","protected":false},"excerpt":{"rendered":"<p>SES200A\/SES300A Adjustable Pulse Fiber Laser Coding Machine Characters Per Second 700 -900 Production Line Speed 120 &#8211; 180m\/min Number of printable lines Unlimited Model SES200A SES300A Laser Energy 20W 30W Characters Per Second 700 900 Production Line Speed 120m\/min 180m\/min Number of Printable Lines Unlimited Unlimited Parameters Marking features Laser Type Adjustable pulse fiber laser,&hellip;&nbsp;<a href=\"https:\/\/www.echomachinery.com\/es\/packaging-machines\/relative-devices\/laser-coding-machine\/adjustable-pulse-fiber-laser-coding-machine\/\" class=\"\" rel=\"bookmark\">Leer m\u00e1s \u00bb<span class=\"screen-reader-text\">M\u00e1quina de codificaci\u00f3n l\u00e1ser de fibra de pulso ajustable<\/span><\/a><\/p>","protected":false},"author":1,"featured_media":4414,"parent":4394,"menu_order":0,"comment_status":"closed","ping_status":"closed","template":"page-templates\/product.php","meta":{"inline_featured_image":false,"ub_ctt_via":"","kt_blocks_editor_width":""},"aioseo_notices":[],"featured_image_src":"https:\/\/www.echomachinery.com\/wp-content\/uploads\/2021\/09\/adjustable-pulse-fiber-laser-machine-detail-1.jpg","_links":{"self":[{"href":"https:\/\/www.echomachinery.com\/es\/wp-json\/wp\/v2\/pages\/4412"}],"collection":[{"href":"https:\/\/www.echomachinery.com\/es\/wp-json\/wp\/v2\/pages"}],"about":[{"href":"https:\/\/www.echomachinery.com\/es\/wp-json\/wp\/v2\/types\/page"}],"author":[{"embeddable":true,"href":"https:\/\/www.echomachinery.com\/es\/wp-json\/wp\/v2\/users\/1"}],"replies":[{"embeddable":true,"href":"https:\/\/www.echomachinery.com\/es\/wp-json\/wp\/v2\/comments?post=4412"}],"version-history":[{"count":0,"href":"https:\/\/www.echomachinery.com\/es\/wp-json\/wp\/v2\/pages\/4412\/revisions"}],"up":[{"embeddable":true,"href":"https:\/\/www.echomachinery.com\/es\/wp-json\/wp\/v2\/pages\/4394"}],"wp:featuredmedia":[{"embeddable":true,"href":"https:\/\/www.echomachinery.com\/es\/wp-json\/wp\/v2\/media\/4414"}],"wp:attachment":[{"href":"https:\/\/www.echomachinery.com\/es\/wp-json\/wp\/v2\/media?parent=4412"}],"curies":[{"name":"pp","href":"https:\/\/api.w.org\/{rel}","templated":true}]}}