{"id":4481,"date":"2022-02-16T08:59:13","date_gmt":"2022-02-16T07:59:13","guid":{"rendered":"https:\/\/www.echomachinery.com\/?page_id=4481"},"modified":"2022-08-19T05:20:59","modified_gmt":"2022-08-19T03:20:59","slug":"pouch","status":"publish","type":"page","link":"https:\/\/www.echomachinery.com\/es\/pouch\/","title":{"rendered":"Bolsa flexible"},"content":{"rendered":"<div class=\"wp-block-cover alignfull is-light has-custom-content-position is-position-bottom-center\" style=\"min-height:800px\"><span aria-hidden=\"true\" class=\"has-background-dim-40 wp-block-cover__gradient-background has-background-dim has-background-gradient\" style=\"background:linear-gradient(178deg,rgba(255,255,255,0) 0%,rgb(81,51,52) 100%)\"><\/span><img decoding=\"async\" loading=\"lazy\" width=\"1920\" height=\"828\" class=\"wp-block-cover__image-background wp-image-4516\" alt=\"\" src=\"https:\/\/www.echomachinery.com\/wp-content\/uploads\/2021\/11\/pouch-cover-image-smaill.jpg\" data-object-fit=\"cover\" srcset=\"https:\/\/www.echomachinery.com\/wp-content\/uploads\/2021\/11\/pouch-cover-image-smaill.jpg 1920w, https:\/\/www.echomachinery.com\/wp-content\/uploads\/2021\/11\/pouch-cover-image-smaill-300x129.jpg 300w, https:\/\/www.echomachinery.com\/wp-content\/uploads\/2021\/11\/pouch-cover-image-smaill-1024x442.jpg 1024w, https:\/\/www.echomachinery.com\/wp-content\/uploads\/2021\/11\/pouch-cover-image-smaill-768x331.jpg 768w, https:\/\/www.echomachinery.com\/wp-content\/uploads\/2021\/11\/pouch-cover-image-smaill-1536x662.jpg 1536w\" sizes=\"(max-width: 1920px) 100vw, 1920px\" \/><div class=\"wp-block-cover__inner-container\">\n<h1 class=\"pouch-shadow has-white-color has-text-color\">Bolsa flexible<\/h1>\n\n\n\n<h3 class=\"pouch-shadow has-white-color has-text-color\">Envase multifuncional que mantiene los alimentos frescos y sabrosos.<\/h3>\n\n\n\n<p>  <\/p>\n\n\n\n<p class=\"pouch-shadow has-white-color has-text-color\">Como el fabricante m\u00e1s profesional de <a href=\"https:\/\/www.echomachinery.com\/es\/packaging-machines\/\">M\u00e1quinas de embalaje flexible<\/a> En China, hemos atendido a innumerables clientes y operado una serie de excelentes canales de fabricaci\u00f3n de bolsas flexibles prefabricadas durante las pruebas de nuestra m\u00e1quina. Podemos seleccionar la bolsa flexible m\u00e1s rentable que mejor se adapte a sus necesidades y envasarla con nuestra m\u00e1quina.<\/p>\n\n\n\n<div class=\"is-layout-flex wp-container-4 wp-block-columns has-white-color has-text-color\">\n<div class=\"is-layout-flow wp-block-column\">\n<ul class=\"pouch-shadow\"><li>Impresi\u00f3n por huecograbado<\/li><li>Laminaci\u00f3n m\u00faltiple<\/li><li>Ecol\u00f3gico<\/li><\/ul>\n<\/div>\n\n\n\n<div class=\"is-layout-flow wp-block-column\">\n<ul class=\"pouch-shadow\"><li>Antibacteriano<\/li><li>Material f\u00e1cil de rasgar<\/li><li>Desmetalizado<\/li><\/ul>\n<\/div>\n\n\n\n<div class=\"is-layout-flow wp-block-column\">\n<ul class=\"pouch-shadow\"><li>Apto para microondas<\/li><li>Alta barrera<\/li><li>Baja migraci\u00f3n qu\u00edmica<\/li><\/ul>\n<\/div>\n<\/div>\n\n\n\n<p> <\/p>\n<\/div><\/div>\n\n\n\n<p><br><br><\/p>\n\n\n\n<div class=\"is-layout-flex wp-container-8 wp-block-columns\">\n<div class=\"is-layout-flow wp-block-column\">\n<figure class=\"wp-block-image size-large\"><a href=\"https:\/\/www.echomachinery.com\/es\/pouch\/flat-bottom-pouch\/\"><img decoding=\"async\" loading=\"lazy\" width=\"215\" height=\"145\" src=\"https:\/\/www.echomachinery.com\/wp-content\/uploads\/2021\/11\/Quad-Seal-Pouch-sample.jpg\" alt=\"\" class=\"wp-image-4543\"\/><\/a><\/figure>\n\n\n\n<h3 class=\"has-text-align-center\"><a href=\"https:\/\/www.echomachinery.com\/es\/pouch\/flat-bottom-pouch\/\" title=\"Bolsa de fondo plano\">Bolsa de fondo plano<\/a><\/h3>\n<\/div>\n\n\n\n<div class=\"is-layout-flow wp-block-column\">\n<figure class=\"wp-block-image size-large\"><a href=\"https:\/\/www.echomachinery.com\/es\/pouch\/quad-seal-pouch\/\"><img decoding=\"async\" loading=\"lazy\" width=\"215\" height=\"145\" src=\"https:\/\/www.echomachinery.com\/wp-content\/uploads\/2021\/11\/Flat-Bottom-Pouch-sample.jpg\" alt=\"\" class=\"wp-image-4544\"\/><\/a><\/figure>\n\n\n\n<h3 class=\"has-text-align-center\"><a href=\"https:\/\/www.echomachinery.com\/es\/pouch\/quad-seal-pouch\/\" title=\"Bolsa con sellado cu\u00e1druple\">Bolsa con sellado cu\u00e1druple<\/a><\/h3>\n<\/div>\n\n\n\n<div class=\"is-layout-flow wp-block-column\">\n<figure class=\"wp-block-image size-large\"><a href=\"https:\/\/www.echomachinery.com\/es\/pouch\/stand-up-pouch\/\"><img decoding=\"async\" loading=\"lazy\" width=\"215\" height=\"145\" src=\"https:\/\/www.echomachinery.com\/wp-content\/uploads\/2021\/11\/Doypack-Pouch-sample.jpg\" alt=\"\" class=\"wp-image-4546\"\/><\/a><\/figure>\n\n\n\n<h3 class=\"has-text-align-center\"><a href=\"https:\/\/www.echomachinery.com\/es\/pouch\/stand-up-pouch\/\" title=\"Bolsa de pie\">Bolsa de pie<\/a><\/h3>\n<\/div>\n<\/div>\n\n\n\n<div class=\"is-layout-flex wp-container-12 wp-block-columns\">\n<div class=\"is-layout-flow wp-block-column\">\n<figure class=\"wp-block-image size-large\"><a href=\"https:\/\/www.echomachinery.com\/es\/pouch\/spout-pouch\/\"><img decoding=\"async\" loading=\"lazy\" width=\"215\" height=\"145\" src=\"https:\/\/www.echomachinery.com\/wp-content\/uploads\/2021\/11\/Spout-Pouch-sample.jpg\" alt=\"\" class=\"wp-image-4545\"\/><\/a><\/figure>\n\n\n\n<h3 class=\"has-text-align-center\"><a href=\"https:\/\/www.echomachinery.com\/es\/pouch\/spout-pouch\/\" title=\"Bolsa con boquilla\">Bolsa con boquilla<\/a><\/h3>\n<\/div>\n\n\n\n<div class=\"is-layout-flow wp-block-column\">\n<figure class=\"wp-block-image size-large\"><a href=\"https:\/\/www.echomachinery.com\/es\/pouch\/3-side-seal-pouch\/\"><img decoding=\"async\" loading=\"lazy\" width=\"215\" height=\"145\" src=\"https:\/\/www.echomachinery.com\/wp-content\/uploads\/2021\/11\/Flat-Pouch-sample.jpg\" alt=\"\" class=\"wp-image-4542\"\/><\/a><\/figure>\n\n\n\n<h3 class=\"has-text-align-center\"><a href=\"https:\/\/www.echomachinery.com\/es\/pouch\/3-side-seal-pouch\/\" title=\"Bolsa con sellado de 3 lados\">Bolsa con sellado de 3 lados<\/a><\/h3>\n<\/div>\n\n\n\n<div class=\"is-layout-flow wp-block-column\">\n<figure class=\"wp-block-image size-large is-resized\"><a href=\"https:\/\/www.echomachinery.com\/es\/pouch\/rollstock-packaging\/\"><img decoding=\"async\" loading=\"lazy\" src=\"https:\/\/www.echomachinery.com\/wp-content\/uploads\/2021\/11\/Rollstock-sample.jpg\" alt=\"\" class=\"wp-image-4547\" width=\"215\" height=\"145\"\/><\/a><\/figure>\n\n\n\n<h3 class=\"has-text-align-center\"><a href=\"https:\/\/www.echomachinery.com\/es\/pouch\/rollstock-packaging\/\" title=\"Embalaje en rollo\">Embalaje en rollo<\/a><\/h3>\n<\/div>\n<\/div>\n\n\n\n<p>Nuestras capacidades en dise\u00f1o gr\u00e1fico, preimpresi\u00f3n y fabricaci\u00f3n de envases, junto con nuestro conocimiento del sector, nos permiten ofrecer un servicio y una asistencia de calidad para satisfacer las necesidades de nuestros clientes.<\/p>\n\n\n\n<h4>DISE\u00d1O GR\u00c1FICO Y PREIMPRESI\u00d3N<\/h4>\n\n\n\n<p>Nuestro equipo de expertos puede ayudarle con los gr\u00e1ficos y otros servicios de preimpresi\u00f3n de envases, como fotograf\u00eda, creaci\u00f3n de c\u00f3digos de barras y consultor\u00eda de dise\u00f1o. West cumple estrictamente con la gesti\u00f3n del color de GMI. Adem\u00e1s, podemos ofrecer a nuestros clientes el cat\u00e1logo de colores espec\u00edfico para garantizar que reciban la calidad y el color exacto que merecen.<\/p>\n\n\n\n<div class=\"is-layout-flex wp-container-15 wp-block-columns\">\n<div class=\"is-layout-flow wp-block-column\">\n<div class=\"wp-block-kadence-iconlist kt-svg-icon-list-items kt-svg-icon-list-items_cbcdb3-da kt-svg-icon-list-columns-1 alignnone\"><ul class=\"kt-svg-icon-list\"><li class=\"kt-svg-icon-list-style-default kt-svg-icon-list-item-wrap kt-svg-icon-list-item-0\"><div style=\"display:inline-flex;justify-content:center;align-items:center\" class=\"kt-svg-icon-list-single kt-svg-icon-list-single-fe_checkCircle\"><svg style=\"display:inline-block;vertical-align:middle\" viewbox=\"0 0 24 24\" height=\"20\" width=\"20\" fill=\"none\" stroke=\"currentColor\" xmlns=\"http:\/\/www.w3.org\/2000\/svg\" stroke-width=\"2\" stroke-linecap=\"round\" stroke-linejoin=\"round\" aria-hidden=\"true\"><path d=\"M22 11.08V12a10 10 0 1 1-5.93-9.14\"><\/path><polyline points=\"22 4 12 14.01 9 11.01\"><\/polyline><\/svg><\/div><span class=\"kt-svg-icon-list-text\">Servicios de preimpresi\u00f3n<\/span><\/li><li class=\"kt-svg-icon-list-style-default kt-svg-icon-list-item-wrap kt-svg-icon-list-item-1\"><div style=\"display:inline-flex;justify-content:center;align-items:center\" class=\"kt-svg-icon-list-single kt-svg-icon-list-single-fe_checkCircle\"><svg style=\"display:inline-block;vertical-align:middle\" viewbox=\"0 0 24 24\" height=\"20\" width=\"20\" fill=\"none\" stroke=\"currentColor\" xmlns=\"http:\/\/www.w3.org\/2000\/svg\" stroke-width=\"2\" stroke-linecap=\"round\" stroke-linejoin=\"round\" aria-hidden=\"true\"><path d=\"M22 11.08V12a10 10 0 1 1-5.93-9.14\"><\/path><polyline points=\"22 4 12 14.01 9 11.01\"><\/polyline><\/svg><\/div><span class=\"kt-svg-icon-list-text\">Gesti\u00f3n del color<\/span><\/li><li class=\"kt-svg-icon-list-style-default kt-svg-icon-list-item-wrap kt-svg-icon-list-item-2\"><div style=\"display:inline-flex;justify-content:center;align-items:center\" class=\"kt-svg-icon-list-single kt-svg-icon-list-single-fe_checkCircle\"><svg style=\"display:inline-block;vertical-align:middle\" viewbox=\"0 0 24 24\" height=\"20\" width=\"20\" fill=\"none\" stroke=\"currentColor\" xmlns=\"http:\/\/www.w3.org\/2000\/svg\" stroke-width=\"2\" stroke-linecap=\"round\" stroke-linejoin=\"round\" aria-hidden=\"true\"><path d=\"M22 11.08V12a10 10 0 1 1-5.93-9.14\"><\/path><polyline points=\"22 4 12 14.01 9 11.01\"><\/polyline><\/svg><\/div><span class=\"kt-svg-icon-list-text\">Prueba r\u00e1pida<\/span><\/li><li class=\"kt-svg-icon-list-style-default kt-svg-icon-list-item-wrap kt-svg-icon-list-item-3\"><div style=\"display:inline-flex;justify-content:center;align-items:center\" class=\"kt-svg-icon-list-single kt-svg-icon-list-single-fe_checkCircle\"><svg style=\"display:inline-block;vertical-align:middle\" viewbox=\"0 0 24 24\" height=\"20\" width=\"20\" fill=\"none\" stroke=\"currentColor\" xmlns=\"http:\/\/www.w3.org\/2000\/svg\" stroke-width=\"2\" stroke-linecap=\"round\" stroke-linejoin=\"round\" aria-hidden=\"true\"><path d=\"M22 11.08V12a10 10 0 1 1-5.93-9.14\"><\/path><polyline points=\"22 4 12 14.01 9 11.01\"><\/polyline><\/svg><\/div><span class=\"kt-svg-icon-list-text\">Gesti\u00f3n de proyectos<\/span><\/li><\/ul><\/div>\n<\/div>\n\n\n\n<div class=\"is-layout-flow wp-block-column\">\n<figure class=\"wp-block-image size-large\"><img decoding=\"async\" loading=\"lazy\" width=\"645\" height=\"333\" src=\"https:\/\/www.echomachinery.com\/wp-content\/uploads\/2021\/11\/1_42.jpg\" alt=\"\" class=\"wp-image-4594\" srcset=\"https:\/\/www.echomachinery.com\/wp-content\/uploads\/2021\/11\/1_42.jpg 645w, https:\/\/www.echomachinery.com\/wp-content\/uploads\/2021\/11\/1_42-300x155.jpg 300w\" sizes=\"(max-width: 645px) 100vw, 645px\" \/><\/figure>\n<\/div>\n<\/div>\n\n\n\n<h4>REPRESENTANTE DE CAMPO<\/h4>\n\n\n\n<p>Capacidades que nuestro equipo de servicio t\u00e9cnico se complace en ofrecer a los clientes.<\/p>\n\n\n\n<div class=\"wp-block-kadence-iconlist kt-svg-icon-list-items kt-svg-icon-list-items_47a375-c5 kt-svg-icon-list-columns-1 alignnone kt-list-icon-aligntop\"><ul class=\"kt-svg-icon-list\"><li class=\"kt-svg-icon-list-style-default kt-svg-icon-list-item-wrap kt-svg-icon-list-item-0\"><div style=\"display:inline-flex;justify-content:center;align-items:center\" class=\"kt-svg-icon-list-single kt-svg-icon-list-single-fe_checkCircle\"><svg style=\"display:inline-block;vertical-align:middle\" viewbox=\"0 0 24 24\" height=\"20\" width=\"20\" fill=\"none\" stroke=\"currentColor\" xmlns=\"http:\/\/www.w3.org\/2000\/svg\" stroke-width=\"2\" stroke-linecap=\"round\" stroke-linejoin=\"round\" aria-hidden=\"true\"><path d=\"M22 11.08V12a10 10 0 1 1-5.93-9.14\"><\/path><polyline points=\"22 4 12 14.01 9 11.01\"><\/polyline><\/svg><\/div><span class=\"kt-svg-icon-list-text\">El representante de servicio de campo est\u00e1 ubicado estrat\u00e9gicamente.<\/span><\/li><li class=\"kt-svg-icon-list-style-default kt-svg-icon-list-item-wrap kt-svg-icon-list-item-1\"><div style=\"display:inline-flex;justify-content:center;align-items:center\" class=\"kt-svg-icon-list-single kt-svg-icon-list-single-fe_checkCircle\"><svg style=\"display:inline-block;vertical-align:middle\" viewbox=\"0 0 24 24\" height=\"20\" width=\"20\" fill=\"none\" stroke=\"currentColor\" xmlns=\"http:\/\/www.w3.org\/2000\/svg\" stroke-width=\"2\" stroke-linecap=\"round\" stroke-linejoin=\"round\" aria-hidden=\"true\"><path d=\"M22 11.08V12a10 10 0 1 1-5.93-9.14\"><\/path><polyline points=\"22 4 12 14.01 9 11.01\"><\/polyline><\/svg><\/div><span class=\"kt-svg-icon-list-text\">Respuesta r\u00e1pida a las solicitudes de servicio<\/span><\/li><li class=\"kt-svg-icon-list-style-default kt-svg-icon-list-item-wrap kt-svg-icon-list-item-2\"><div style=\"display:inline-flex;justify-content:center;align-items:center\" class=\"kt-svg-icon-list-single kt-svg-icon-list-single-fe_checkCircle\"><svg style=\"display:inline-block;vertical-align:middle\" viewbox=\"0 0 24 24\" height=\"20\" width=\"20\" fill=\"none\" stroke=\"currentColor\" xmlns=\"http:\/\/www.w3.org\/2000\/svg\" stroke-width=\"2\" stroke-linecap=\"round\" stroke-linejoin=\"round\" aria-hidden=\"true\"><path d=\"M22 11.08V12a10 10 0 1 1-5.93-9.14\"><\/path><polyline points=\"22 4 12 14.01 9 11.01\"><\/polyline><\/svg><\/div><span class=\"kt-svg-icon-list-text\">Auditor\u00edas de l\u00ednea para identificar y resolver ineficiencias y cuellos de botella.<\/span><\/li><li class=\"kt-svg-icon-list-style-default kt-svg-icon-list-item-wrap kt-svg-icon-list-item-3\"><div style=\"display:inline-flex;justify-content:center;align-items:center\" class=\"kt-svg-icon-list-single kt-svg-icon-list-single-fe_checkCircle\"><svg style=\"display:inline-block;vertical-align:middle\" viewbox=\"0 0 24 24\" height=\"20\" width=\"20\" fill=\"none\" stroke=\"currentColor\" xmlns=\"http:\/\/www.w3.org\/2000\/svg\" stroke-width=\"2\" stroke-linecap=\"round\" stroke-linejoin=\"round\" aria-hidden=\"true\"><path d=\"M22 11.08V12a10 10 0 1 1-5.93-9.14\"><\/path><polyline points=\"22 4 12 14.01 9 11.01\"><\/polyline><\/svg><\/div><span class=\"kt-svg-icon-list-text\">Experiencia en una amplia gama de maquinaria de envasado. Interlocutor entre fabricantes de maquinaria de envasado y clientes para garantizar que se haya ofrecido la soluci\u00f3n &quot;correcta&quot; \/ Interlocutor entre fabricantes de maquinaria de envasado y clientes para garantizar la competencia.<\/span><\/li><li class=\"kt-svg-icon-list-style-default kt-svg-icon-list-item-wrap kt-svg-icon-list-item-4\"><div style=\"display:inline-flex;justify-content:center;align-items:center\" class=\"kt-svg-icon-list-single kt-svg-icon-list-single-fe_checkCircle\"><svg style=\"display:inline-block;vertical-align:middle\" viewbox=\"0 0 24 24\" height=\"20\" width=\"20\" fill=\"none\" stroke=\"currentColor\" xmlns=\"http:\/\/www.w3.org\/2000\/svg\" stroke-width=\"2\" stroke-linecap=\"round\" stroke-linejoin=\"round\" aria-hidden=\"true\"><path d=\"M22 11.08V12a10 10 0 1 1-5.93-9.14\"><\/path><polyline points=\"22 4 12 14.01 9 11.01\"><\/polyline><\/svg><\/div><span class=\"kt-svg-icon-list-text\">Identificaci\u00f3n de par\u00e1metros\/piezas\/mantenimiento de la m\u00e1quina que afectan a los atributos cr\u00edticos de calidad de su paquete y el conocimiento para gestionarlos \/ Identificaci\u00f3n de par\u00e1metros, piezas y mantenimiento de la m\u00e1quina<\/span><\/li><li class=\"kt-svg-icon-list-style-default kt-svg-icon-list-item-wrap kt-svg-icon-list-item-5\"><div style=\"display:inline-flex;justify-content:center;align-items:center\" class=\"kt-svg-icon-list-single kt-svg-icon-list-single-fe_checkCircle\"><svg style=\"display:inline-block;vertical-align:middle\" viewbox=\"0 0 24 24\" height=\"20\" width=\"20\" fill=\"none\" stroke=\"currentColor\" xmlns=\"http:\/\/www.w3.org\/2000\/svg\" stroke-width=\"2\" stroke-linecap=\"round\" stroke-linejoin=\"round\" aria-hidden=\"true\"><path d=\"M22 11.08V12a10 10 0 1 1-5.93-9.14\"><\/path><polyline points=\"22 4 12 14.01 9 11.01\"><\/polyline><\/svg><\/div><span class=\"kt-svg-icon-list-text\">Se ofrece formaci\u00f3n sobre materiales de embalaje.<\/span><\/li><\/ul><\/div>","protected":false},"excerpt":{"rendered":"<p>Flat Bottom Pouch Quad Seal Pouch Stand Up Pouch Spout Pouch 3 Side Seal Pouch Rollstock Packaging Our capabilities in graphics, prepress and packaging manufacturing, along with our knowledge in the field enable us to provide quality service and support to satisfy our customers\u2019 needs. GRAPHICS &amp; PREPRESS Our experienced team can help with graphics&hellip;&nbsp;<a href=\"https:\/\/www.echomachinery.com\/es\/pouch\/\" class=\"\" rel=\"bookmark\">Leer m\u00e1s \u00bb<span class=\"screen-reader-text\">Bolsa flexible<\/span><\/a><\/p>","protected":false},"author":1,"featured_media":0,"parent":0,"menu_order":0,"comment_status":"closed","ping_status":"closed","template":"page-templates\/product-in.php","meta":{"inline_featured_image":false,"ub_ctt_via":"","kt_blocks_editor_width":""},"aioseo_notices":[],"featured_image_src":null,"_links":{"self":[{"href":"https:\/\/www.echomachinery.com\/es\/wp-json\/wp\/v2\/pages\/4481"}],"collection":[{"href":"https:\/\/www.echomachinery.com\/es\/wp-json\/wp\/v2\/pages"}],"about":[{"href":"https:\/\/www.echomachinery.com\/es\/wp-json\/wp\/v2\/types\/page"}],"author":[{"embeddable":true,"href":"https:\/\/www.echomachinery.com\/es\/wp-json\/wp\/v2\/users\/1"}],"replies":[{"embeddable":true,"href":"https:\/\/www.echomachinery.com\/es\/wp-json\/wp\/v2\/comments?post=4481"}],"version-history":[{"count":0,"href":"https:\/\/www.echomachinery.com\/es\/wp-json\/wp\/v2\/pages\/4481\/revisions"}],"wp:attachment":[{"href":"https:\/\/www.echomachinery.com\/es\/wp-json\/wp\/v2\/media?parent=4481"}],"curies":[{"name":"pp","href":"https:\/\/api.w.org\/{rel}","templated":true}]}}