{"id":5665,"date":"2022-06-13T11:02:20","date_gmt":"2022-06-13T09:02:20","guid":{"rendered":"https:\/\/www.echomachinery.com\/?page_id=5665"},"modified":"2022-09-23T05:00:43","modified_gmt":"2022-09-23T03:00:43","slug":"wujiang-fuling-zhacai-packaging-line","status":"publish","type":"page","link":"https:\/\/www.echomachinery.com\/es\/case-study\/wujiang-fuling-zhacai-packaging-line\/","title":{"rendered":"L\u00ednea de embalaje de Wujiang Fuling Zhacai - Caso de estudio"},"content":{"rendered":"<style id=\"kt-blocks_b20f69-77\">#kt-layout-id_b20f69-77 > .kt-row-column-wrap.kb-theme-content-width{max-width:1090px;}@media all and (min-width: 768px){#kt-layout-id_b20f69-77 > .kt-row-column-wrap > .inner-column-1{flex:0 1 50%;-webkit-flex:0 1 50%;}#kt-layout-id_b20f69-77 > .kt-row-column-wrap > .inner-column-2{flex:0 1 50%;-webkit-flex:0 1 50%;}}#kt-layout-id_b20f69-77 > .kt-row-column-wrap{padding-top:0px;padding-bottom:0px;}<\/style>\n<div class=\"wp-block-kadence-rowlayout alignfull\"><div id=\"kt-layout-id_b20f69-77\" class=\"kt-row-layout-inner kt-layout-id_b20f69-77\"><div class=\"kt-row-column-wrap kt-has-2-columns kt-gutter-default kt-v-gutter-default kt-row-valign-top kt-row-layout-equal kt-tab-layout-inherit kt-m-colapse-left-to-right kt-mobile-layout-row  kt-custom-first-width-50  kt-custom-second-width-50 kb-theme-content-width\"><style id=\"kt-blocks_df9f68-db\">.kt-row-layout-inner > .kt-row-column-wrap > .kadence-column_df9f68-db > .kt-inside-inner-col{margin-bottom:125px;}@media all and (max-width: 1024px){.kt-row-layout-inner > .kt-row-column-wrap > .kadence-column_df9f68-db > .kt-inside-inner-col{margin-bottom:125px;}}@media all and (max-width: 767px){.kt-row-layout-inner > .kt-row-column-wrap > .kadence-column_df9f68-db > .kt-inside-inner-col{margin-bottom:0px;}}<\/style>\n<div class=\"wp-block-kadence-column inner-column-1 kadence-column_df9f68-db\"><div class=\"kt-inside-inner-col\">\n<p class=\"has-neve-link-hover-color-color has-text-color has-medium-font-size\"><strong>ESTUDIO DE CASO<\/strong><\/p>\n\n\n\n<h1 style=\"font-style:normal;font-weight:700\">L\u00ednea de embalaje de Wujiang Fuling Zhacai<\/h1>\n\n\n\n<p>Fuling Zhacai es nuestro socio estrat\u00e9gico: para el&nbsp;<strong>Proyecto Zhacai<\/strong>, nuestra empresa ofrece un conjunto completo de equipos de embalaje.<\/p>\n<\/div><\/div>\n\n\n<style id=\"kt-blocks_1fb33b-7e\">.kt-row-layout-inner > .kt-row-column-wrap > .kadence-column_1fb33b-7e > .kt-inside-inner-col{padding-top:200px;padding-bottom:200px;border-color:#e60027;border-top-width:7px;border-right-width:7px;border-bottom-width:7px;border-left-width:7px;border-top-left-radius:0px;border-top-right-radius:100px;border-bottom-right-radius:0px;border-bottom-left-radius:100px;}.kt-row-layout-inner > .kt-row-column-wrap > .kadence-column_1fb33b-7e > .kt-inside-inner-col{background-image:url('https:\/\/www.echomachinery.com\/wp-content\/uploads\/2022\/06\/1655186823359.png');background-size:cover;background-position:50% 50%;background-attachment:scroll;background-repeat:no-repeat;}@media all and (max-width: 1024px){.kadence-column_1fb33b-7e > .kt-inside-inner-col{display:block;}}@media all and (max-width: 767px){.kadence-column_1fb33b-7e > .kt-inside-inner-col{display:block;}}.kadence-column_1fb33b-7e {\n}<\/style>\n<div class=\"wp-block-kadence-column inner-column-2 kadence-column_1fb33b-7e img-box-shadow\"><div class=\"kt-inside-inner-col\"><\/div><\/div>\n<\/div><\/div><\/div>\n\n\n<style id=\"kt-blocks_a8a8dc-6c\">#kt-layout-id_a8a8dc-6c > .kt-row-column-wrap.kb-theme-content-width{max-width:1090px;}@media all and (min-width: 768px){#kt-layout-id_a8a8dc-6c > .kt-row-column-wrap > .inner-column-1{flex:0 1 30%;-webkit-flex:0 1 30%;}#kt-layout-id_a8a8dc-6c > .kt-row-column-wrap > .inner-column-2{flex:0 1 20%;-webkit-flex:0 1 20%;}#kt-layout-id_a8a8dc-6c > .kt-row-column-wrap > .inner-column-3{flex:0 1 50%;-webkit-flex:0 1 50%;}}@media all and (min-width: 768px) and (max-width: 1024px){#kt-layout-id_a8a8dc-6c > .kt-row-column-wrap > .inner-column-1{flex:0 1 25%;-webkit-flex:0 1 25%;}#kt-layout-id_a8a8dc-6c > .kt-row-column-wrap > .inner-column-2{flex:0 1 25%;-webkit-flex:0 1 25%;}#kt-layout-id_a8a8dc-6c > .kt-row-column-wrap > .inner-column-3{flex:0 1 50%;-webkit-flex:0 1 50%;}}#kt-layout-id_a8a8dc-6c{margin-top:-125px;background-color:#eeeeee;}#kt-layout-id_a8a8dc-6c > .kt-row-column-wrap{padding-top:0px;padding-bottom:0px;padding-left:20px;padding-right:0px;}@media all and (max-width: 1024px){#kt-layout-id_a8a8dc-6c{margin-top:-125px;}#kt-layout-id_a8a8dc-6c > .kt-row-column-wrap{padding-left:20px;}}@media all and (max-width: 767px){#kt-layout-id_a8a8dc-6c{margin-top:-225px;}#kt-layout-id_a8a8dc-6c > .kt-row-column-wrap{padding-top:160px;padding-left:20px;padding-right:20px;}}<\/style>\n<div class=\"wp-block-kadence-rowlayout alignfull\"><div id=\"kt-layout-id_a8a8dc-6c\" class=\"kt-row-layout-inner kt-row-has-bg kt-layout-id_a8a8dc-6c\"><div class=\"kt-row-column-wrap kt-has-3-columns kt-gutter-narrow kt-v-gutter-none kt-row-valign-top kt-row-layout-equal kt-tab-layout-right-half kt-m-colapse-right-to-left kt-mobile-layout-row  kt-custom-first-width-30  kt-custom-second-width-20  kt-custom-third-width-50 kb-theme-content-width\">\n<div class=\"wp-block-kadence-column inner-column-1 kadence-column_ff8a1f-05\"><div class=\"kt-inside-inner-col\">\n<div class=\"wp-block-kadence-icon kt-svg-icons kt-svg-icons_6bd994-30 alignnone\" style=\"text-align:center\"><div class=\"kt-svg-style-default kt-svg-icon-wrap kt-svg-item-0\"><div style=\"display:inline-flex;justify-content:center;align-items:center;color:#000000\" class=\"kt-svg-icon kt-svg-icon-fe_settings\"><svg style=\"display:inline-block;vertical-align:middle\" viewbox=\"0 0 24 24\" height=\"50\" width=\"50\" fill=\"none\" stroke=\"currentColor\" xmlns=\"http:\/\/www.w3.org\/2000\/svg\" stroke-width=\"2\" stroke-linecap=\"round\" stroke-linejoin=\"round\" aria-hidden=\"true\"><circle cx=\"12\" cy=\"12\" r=\"3\"><\/circle><path d=\"M19.4 15a1.65 1.65 0 0 0 .33 1.82l.06.06a2 2 0 0 1 0 2.83 2 2 0 0 1-2.83 0l-.06-.06a1.65 1.65 0 0 0-1.82-.33 1.65 1.65 0 0 0-1 1.51V21a2 2 0 0 1-2 2 2 2 0 0 1-2-2v-.09A1.65 1.65 0 0 0 9 19.4a1.65 1.65 0 0 0-1.82.33l-.06.06a2 2 0 0 1-2.83 0 2 2 0 0 1 0-2.83l.06-.06a1.65 1.65 0 0 0 .33-1.82 1.65 1.65 0 0 0-1.51-1H3a2 2 0 0 1-2-2 2 2 0 0 1 2-2h.09A1.65 1.65 0 0 0 4.6 9a1.65 1.65 0 0 0-.33-1.82l-.06-.06a2 2 0 0 1 0-2.83 2 2 0 0 1 2.83 0l.06.06a1.65 1.65 0 0 0 1.82.33H9a1.65 1.65 0 0 0 1-1.51V3a2 2 0 0 1 2-2 2 2 0 0 1 2 2v.09a1.65 1.65 0 0 0 1 1.51 1.65 1.65 0 0 0 1.82-.33l.06-.06a2 2 0 0 1 2.83 0 2 2 0 0 1 0 2.83l-.06.06a1.65 1.65 0 0 0-.33 1.82V9a1.65 1.65 0 0 0 1.51 1H21a2 2 0 0 1 2 2 2 2 0 0 1-2 2h-.09a1.65 1.65 0 0 0-1.51 1z\"><\/path><\/svg><\/div><\/div><\/div>\n\n\n\n<p class=\"has-text-align-center\">20 conjunto <a href=\"https:\/\/www.echomachinery.com\/es\/packaging-machines\/automatic-vacuum-packaging-machine\/\">M\u00e1quinas autom\u00e1ticas de envasado al vac\u00edo MRZK-100<\/a><br>con <a href=\"https:\/\/www.echomachinery.com\/es\/packaging-machines\/relative-devices\/multi-head-weigher\/\">Pesador multicabezal<\/a><\/p>\n<\/div><\/div>\n\n\n\n<div class=\"wp-block-kadence-column inner-column-2 kadence-column_5fbfdd-aa\"><div class=\"kt-inside-inner-col\">\n<div class=\"wp-block-kadence-icon kt-svg-icons kt-svg-icons_1ef7f6-11 alignnone\" style=\"text-align:center\"><div class=\"kt-svg-style-default kt-svg-icon-wrap kt-svg-item-0\"><div style=\"display:inline-flex;justify-content:center;align-items:center;color:#000000\" class=\"kt-svg-icon kt-svg-icon-fe_shoppingBag\"><svg style=\"display:inline-block;vertical-align:middle\" viewbox=\"0 0 24 24\" height=\"50\" width=\"50\" fill=\"none\" stroke=\"currentColor\" xmlns=\"http:\/\/www.w3.org\/2000\/svg\" stroke-width=\"2\" stroke-linecap=\"round\" stroke-linejoin=\"round\" aria-hidden=\"true\"><path d=\"M6 2L3 6v14a2 2 0 0 0 2 2h14a2 2 0 0 0 2-2V6l-3-4z\"><\/path><line x1=\"3\" y1=\"6\" x2=\"21\" y2=\"6\"><\/line><path d=\"M16 10a4 4 0 0 1-8 0\"><\/path><\/svg><\/div><\/div><\/div>\n\n\n\n<p class=\"has-text-align-center\"><a href=\"https:\/\/www.echomachinery.com\/es\/industries\/snack-food-packaging-machine\/\">Verduras en escabeche como zanahorias y mostaza china<\/a><\/p>\n<\/div><\/div>\n\n\n\n<div class=\"wp-block-kadence-column inner-column-3 kadence-column_a76501-9a\"><div class=\"kt-inside-inner-col\">\n<div class=\"wp-block-kadence-icon kt-svg-icons kt-svg-icons_134468-84 alignnone\" style=\"text-align:center\"><div class=\"kt-svg-style-default kt-svg-icon-wrap kt-svg-item-0\"><\/div><\/div>\n<\/div><\/div>\n<\/div><\/div><\/div>\n\n\n\n<div style=\"height:30px\" aria-hidden=\"true\" class=\"wp-block-spacer\"><\/div>\n\n\n\n<h2>Descripci\u00f3n general<\/h2>\n\n\n\n<p>Fuling Zhacai es nuestro socio estrat\u00e9gico: para el <strong>Proyecto Zhacai<\/strong>, nuestra empresa ofrece un conjunto completo de equipos de embalaje.<\/p>\n\n\n\n<div class=\"wp-block-kadence-advancedgallery kb-gallery-wrap-id-_0fb46a-b5\"><ul class=\"kb-gallery-ul kb-gallery-type-masonry kb-masonry-init kb-gallery-id-_0fb46a-b5 kb-gallery-caption-style-bottom-hover kb-gallery-filter-none\" data-item-selector=\".kadence-blocks-gallery-item\" data-image-filter=\"none\" data-lightbox-caption=\"true\" data-columns-xxl=\"4\" data-columns-xl=\"4\" data-columns-lg=\"4\" data-columns-md=\"3\" data-columns-sm=\"2\" data-columns-xs=\"2\"><li class=\"kadence-blocks-gallery-item\"><div class=\"kadence-blocks-gallery-item-inner\"><figure class=\"kb-gallery-figure kadence-blocks-gallery-item-hide-caption\"><div class=\"kb-gal-image-radius\" style=\"max-width:400px\"><div class=\"kb-gallery-image-contain kadence-blocks-gallery-intrinsic\" style=\"padding-bottom:100%\"><img decoding=\"async\" loading=\"lazy\" src=\"https:\/\/www.echomachinery.com\/wp-content\/uploads\/2022\/06\/20220311103459343.jpg\" width=\"400\" height=\"400\" alt=\"\" data-full-image=\"https:\/\/www.echomachinery.com\/wp-content\/uploads\/2022\/06\/20220311103459343.jpg\" data-light-image=\"https:\/\/www.echomachinery.com\/wp-content\/uploads\/2022\/06\/20220311103459343.jpg\" data-id=\"5707\" data-link=\"https:\/\/www.echomachinery.com\/about-us\/our-partners\/high-foaming-shampoo-packaging-line-client-case\/attachment\/20220311103459343-2\/\" class=\"wp-image-5707undefined\" srcset=\"https:\/\/www.echomachinery.com\/wp-content\/uploads\/2022\/06\/20220311103459343.jpg 400w, https:\/\/www.echomachinery.com\/wp-content\/uploads\/2022\/06\/20220311103459343-300x300.jpg 300w, https:\/\/www.echomachinery.com\/wp-content\/uploads\/2022\/06\/20220311103459343-150x150.jpg 150w\" sizes=\"(max-width: 400px) 100vw, 400px\" \/><\/div><\/div><\/figure><\/div><\/li><li class=\"kadence-blocks-gallery-item\"><div class=\"kadence-blocks-gallery-item-inner\"><figure class=\"kb-gallery-figure kadence-blocks-gallery-item-hide-caption\"><div class=\"kb-gal-image-radius\" style=\"max-width:400px\"><div class=\"kb-gallery-image-contain kadence-blocks-gallery-intrinsic\" style=\"padding-bottom:100%\"><img decoding=\"async\" loading=\"lazy\" src=\"https:\/\/www.echomachinery.com\/wp-content\/uploads\/2022\/06\/20220311103459343-1.png\" width=\"400\" height=\"400\" alt=\"\" data-full-image=\"https:\/\/www.echomachinery.com\/wp-content\/uploads\/2022\/06\/20220311103459343-1.png\" data-light-image=\"https:\/\/www.echomachinery.com\/wp-content\/uploads\/2022\/06\/20220311103459343-1.png\" data-id=\"5708\" data-link=\"https:\/\/www.echomachinery.com\/about-us\/our-partners\/high-foaming-shampoo-packaging-line-client-case\/attachment\/20220311103459343-1\/\" class=\"wp-image-5708undefined\" srcset=\"https:\/\/www.echomachinery.com\/wp-content\/uploads\/2022\/06\/20220311103459343-1.png 400w, https:\/\/www.echomachinery.com\/wp-content\/uploads\/2022\/06\/20220311103459343-1-300x300.png 300w, https:\/\/www.echomachinery.com\/wp-content\/uploads\/2022\/06\/20220311103459343-1-150x150.png 150w\" sizes=\"(max-width: 400px) 100vw, 400px\" \/><\/div><\/div><\/figure><\/div><\/li><li class=\"kadence-blocks-gallery-item\"><div class=\"kadence-blocks-gallery-item-inner\"><figure class=\"kb-gallery-figure kadence-blocks-gallery-item-hide-caption\"><div class=\"kb-gal-image-radius\" style=\"max-width:400px\"><div class=\"kb-gallery-image-contain kadence-blocks-gallery-intrinsic\" style=\"padding-bottom:100%\"><img decoding=\"async\" loading=\"lazy\" src=\"https:\/\/www.echomachinery.com\/wp-content\/uploads\/2022\/06\/20220525022357878.jpg\" width=\"400\" height=\"400\" alt=\"\" data-full-image=\"https:\/\/www.echomachinery.com\/wp-content\/uploads\/2022\/06\/20220525022357878.jpg\" data-light-image=\"https:\/\/www.echomachinery.com\/wp-content\/uploads\/2022\/06\/20220525022357878.jpg\" data-id=\"5709\" data-link=\"https:\/\/www.echomachinery.com\/about-us\/our-partners\/high-foaming-shampoo-packaging-line-client-case\/attachment\/20220525022357878\/\" class=\"wp-image-5709undefined\" srcset=\"https:\/\/www.echomachinery.com\/wp-content\/uploads\/2022\/06\/20220525022357878.jpg 400w, https:\/\/www.echomachinery.com\/wp-content\/uploads\/2022\/06\/20220525022357878-300x300.jpg 300w, https:\/\/www.echomachinery.com\/wp-content\/uploads\/2022\/06\/20220525022357878-150x150.jpg 150w\" sizes=\"(max-width: 400px) 100vw, 400px\" \/><\/div><\/div><\/figure><\/div><\/li><li class=\"kadence-blocks-gallery-item\"><div class=\"kadence-blocks-gallery-item-inner\"><figure class=\"kb-gallery-figure kadence-blocks-gallery-item-hide-caption\"><div class=\"kb-gal-image-radius\" style=\"max-width:400px\"><div class=\"kb-gallery-image-contain kadence-blocks-gallery-intrinsic\" style=\"padding-bottom:100%\"><img decoding=\"async\" loading=\"lazy\" src=\"https:\/\/www.echomachinery.com\/wp-content\/uploads\/2022\/06\/20220525022357878.png\" width=\"400\" height=\"400\" alt=\"\" data-full-image=\"https:\/\/www.echomachinery.com\/wp-content\/uploads\/2022\/06\/20220525022357878.png\" data-light-image=\"https:\/\/www.echomachinery.com\/wp-content\/uploads\/2022\/06\/20220525022357878.png\" data-id=\"5710\" data-link=\"https:\/\/www.echomachinery.com\/about-us\/our-partners\/high-foaming-shampoo-packaging-line-client-case\/attachment\/20220525022357878-2\/\" class=\"wp-image-5710undefined\" srcset=\"https:\/\/www.echomachinery.com\/wp-content\/uploads\/2022\/06\/20220525022357878.png 400w, https:\/\/www.echomachinery.com\/wp-content\/uploads\/2022\/06\/20220525022357878-300x300.png 300w, https:\/\/www.echomachinery.com\/wp-content\/uploads\/2022\/06\/20220525022357878-150x150.png 150w\" sizes=\"(max-width: 400px) 100vw, 400px\" \/><\/div><\/div><\/figure><\/div><\/li><\/ul><\/div>\n\n\n<div class=\"wp-block-ub-styled-box ub-styled-box ub-notification-box\" id=\"ub-styled-box-b81462c7-d229-42a3-a851-a6bf365c8c33\">\n\n\n<p id=\"ub-styled-box-notification-content-\">Zhacai es un bocadillo con caracter\u00edsticas chinas. Si no lo sabes, int\u00e9ntalo.<\/p>\n\n\n<\/div>\n\n\n<p>Los productos de Zhacai de Fuling tienen diferentes tipos, como <strong>bloque, filamentoso, tira y as\u00ed sucesivamente<\/strong>. De acuerdo con diferentes formas y caracter\u00edsticas, se utilizan diferentes modos de alimentaci\u00f3n para el envasado r\u00e1pido al vac\u00edo y, despu\u00e9s de completar la detecci\u00f3n de metales, en el envase secundario, como diez envases peque\u00f1os en un paquete grande, o recoger en la caja.<\/p>\n\n\n\n<figure class=\"wp-block-image size-large\"><img decoding=\"async\" src=\"https:\/\/www.echomachinery.com\/wp-content\/uploads\/2022\/06\/wujiang3.jpg\" alt=\"\"\/><\/figure>\n\n\n\n<p>La velocidad de empaquetamiento est\u00e1 a la altura <strong>100 bolsas\/minuto<\/strong> para cada m\u00e1quina. Todo el proceso desde la alimentaci\u00f3n hasta el empaque para lograr un sistema no tripulado, eficiente, ahorrando costos de mano de obra, f\u00e1cil de administrar, conexi\u00f3n inteligente ERP y sistema SAP.<\/p>\n\n\n\n<p>Adem\u00e1s, junto con los fabricantes de Upstream y Downstream, dise\u00f1amos el <strong>Taller de producci\u00f3n de 40.000 metros cuadrados<\/strong> y el <strong>Taller de materia prima de 60.000 metros cuadrados<\/strong> Por Fuling Zhacai Co.<\/p>\n\n\n\n<p>El siguiente video muestra una descripci\u00f3n general de la f\u00e1brica:<\/p>\n\n\n\n<figure class=\"wp-block-embed is-type-video is-provider-youtube wp-block-embed-youtube wp-embed-aspect-16-9 wp-has-aspect-ratio\"><div class=\"wp-block-embed__wrapper\">\n<div class=\"nv-iframe-embed\"><iframe loading=\"lazy\" title=\"Nuestro socio Wujiang Fuling, el mundo y las empresas de procesamiento de Zhacai m\u00e1s grandes del mundo | Echo Machinery\" width=\"1090\" height=\"613\" src=\"https:\/\/www.youtube.com\/embed\/c-RrSiFWLwo?feature=oembed\" frameborder=\"0\" allow=\"accelerometer; autoplay; clipboard-write; encrypted-media; gyroscope; picture-in-picture\" allowfullscreen><\/iframe><\/div>\n<\/div><\/figure>","protected":false},"excerpt":{"rendered":"<p>CASE STUDY Wujiang Fuling Zhacai Packaging Line Fuling Zhacai is our strategic partner: For the&nbsp;zhacai project, our company provides a complete set of packaging equipment. 20 set MRZK-100 Automatic Vacuum Packaging Machineswith MultiHead Weigher Pickled Vegetables Such as Carrots and Chinese Mustard Overview Fuling Zhacai is our strategic partner: For the zhacai project, our company&hellip;&nbsp;<a href=\"https:\/\/www.echomachinery.com\/es\/case-study\/wujiang-fuling-zhacai-packaging-line\/\" class=\"\" rel=\"bookmark\">Leer m\u00e1s \u00bb<span class=\"screen-reader-text\">L\u00ednea de embalaje de Wujiang Fuling Zhacai - Caso de estudio<\/span><\/a><\/p>","protected":false},"author":1,"featured_media":5711,"parent":6150,"menu_order":0,"comment_status":"closed","ping_status":"closed","template":"page-templates\/case.php","meta":{"inline_featured_image":false,"ub_ctt_via":"","kt_blocks_editor_width":""},"aioseo_notices":[],"featured_image_src":"https:\/\/www.echomachinery.com\/wp-content\/uploads\/2022\/06\/1655186823359.png","_links":{"self":[{"href":"https:\/\/www.echomachinery.com\/es\/wp-json\/wp\/v2\/pages\/5665"}],"collection":[{"href":"https:\/\/www.echomachinery.com\/es\/wp-json\/wp\/v2\/pages"}],"about":[{"href":"https:\/\/www.echomachinery.com\/es\/wp-json\/wp\/v2\/types\/page"}],"author":[{"embeddable":true,"href":"https:\/\/www.echomachinery.com\/es\/wp-json\/wp\/v2\/users\/1"}],"replies":[{"embeddable":true,"href":"https:\/\/www.echomachinery.com\/es\/wp-json\/wp\/v2\/comments?post=5665"}],"version-history":[{"count":0,"href":"https:\/\/www.echomachinery.com\/es\/wp-json\/wp\/v2\/pages\/5665\/revisions"}],"up":[{"embeddable":true,"href":"https:\/\/www.echomachinery.com\/es\/wp-json\/wp\/v2\/pages\/6150"}],"wp:featuredmedia":[{"embeddable":true,"href":"https:\/\/www.echomachinery.com\/es\/wp-json\/wp\/v2\/media\/5711"}],"wp:attachment":[{"href":"https:\/\/www.echomachinery.com\/es\/wp-json\/wp\/v2\/media?parent=5665"}],"curies":[{"name":"pp","href":"https:\/\/api.w.org\/{rel}","templated":true}]}}