{"id":5874,"date":"2022-07-18T08:46:38","date_gmt":"2022-07-18T06:46:38","guid":{"rendered":"https:\/\/www.echomachinery.com\/?page_id=5874"},"modified":"2022-07-28T10:49:52","modified_gmt":"2022-07-28T08:49:52","slug":"support-services","status":"publish","type":"page","link":"https:\/\/www.echomachinery.com\/es\/about-us\/support-services\/","title":{"rendered":"Soporte atento, soluci\u00f3n perfecta."},"content":{"rendered":"<blockquote class=\"wp-block-quote has-text-align-center is-style-default\"><p>Con ECHO, el mundo de la maquinaria de envasado est\u00e1 al alcance de tu mano.<\/p><\/blockquote>\n\n\n\n<h2 class=\"has-text-align-center\">Estrictamente <mark class=\"kt-highlight\">COMPENSACI\u00d3N<\/mark> Antes del env\u00edo<\/h2>\n\n\n\n<div style=\"height:35px\" aria-hidden=\"true\" class=\"wp-block-spacer\"><\/div>\n\n\n\n<div class=\"is-layout-flex wp-container-3 wp-block-columns\">\n<div class=\"is-layout-flow wp-block-column\"><div class=\"wp-block-ub-styled-list ub_styled_list\" id=\"ub_styled_list-a469a6b8-5ce0-4308-ae33-232c2ed372bd\"><ul class=\"fa-ul\"><li>Empaquetado en una caja de madera especial para m\u00e1quinas.<\/li><li>Para garantizar que todas las m\u00e1quinas sean seguras y que su estado sea preciso, examinaremos minuciosamente todos los sistemas de los equipos antes del env\u00edo.<\/li><\/ul><\/div><\/div>\n\n\n\n<div class=\"is-layout-flow wp-block-column\"><div class=\"wp-block-ub-styled-list ub_styled_list\" id=\"ub_styled_list-6a9b8f5b-26a8-459e-80b9-5cdc5115e234\"><ul class=\"fa-ul\"><li>Personal especializado para dar seguimiento al progreso de la entrega.<\/li><li>Los procedimientos de soporte remoto le ayudar\u00e1n a mantener sus pedidos y la producci\u00f3n en marcha cuando las interacciones cara a cara sean imposibles.<\/li><\/ul><\/div><\/div>\n<\/div>\n\n\n\n<figure class=\"wp-block-image size-large is-resized\"><img decoding=\"async\" src=\"https:\/\/www.echomachinery.com\/wp-content\/uploads\/2022\/07\/\u56fe\u72471-1-1024x461.jpg\" alt=\"\" class=\"wp-image-5900\" width=\"1090\" srcset=\"https:\/\/www.echomachinery.com\/wp-content\/uploads\/2022\/07\/\u56fe\u72471-1-1024x461.jpg 1024w, https:\/\/www.echomachinery.com\/wp-content\/uploads\/2022\/07\/\u56fe\u72471-1-300x135.jpg 300w, https:\/\/www.echomachinery.com\/wp-content\/uploads\/2022\/07\/\u56fe\u72471-1-768x346.jpg 768w, https:\/\/www.echomachinery.com\/wp-content\/uploads\/2022\/07\/\u56fe\u72471-1.jpg 1266w\" sizes=\"(max-width: 1024px) 100vw, 1024px\" \/><\/figure>\n\n\n\n<div style=\"height:100px\" aria-hidden=\"true\" class=\"wp-block-spacer\"><\/div>\n\n\n\n<hr class=\"wp-block-separator\"\/>\n\n\n\n<h2 class=\"has-text-align-center\">A <mark class=\"kt-highlight\">Buen stock<\/mark> de piezas de repuesto<\/h2>\n\n\n\n<div style=\"height:35px\" aria-hidden=\"true\" class=\"wp-block-spacer\"><\/div>\n\n\n\n<div class=\"is-layout-flex wp-container-7 wp-block-columns\">\n<div class=\"is-layout-flow wp-block-column\"><div class=\"wp-block-ub-styled-list ub_styled_list\" id=\"ub_styled_list-3724d0be-8263-4bfc-9f4e-e1c6869ce362\"><ul class=\"fa-ul\"><li>Procesamos y producimos casi <strong><mark style=\"background-color:rgba(0, 0, 0, 0)\" class=\"has-inline-color has-neve-link-hover-color-color\">90%<\/mark><\/strong> de todos los componentes de la m\u00e1quina.<\/li><\/ul><\/div><\/div>\n\n\n\n<div class=\"is-layout-flow wp-block-column\"><div class=\"wp-block-ub-styled-list ub_styled_list\" id=\"ub_styled_list-720c72aa-4579-41bf-91d6-11c4e84f8b1a\"><ul class=\"fa-ul\"><li>Tenemos en stock m\u00e1s de <strong><mark style=\"background-color:rgba(0, 0, 0, 0)\" class=\"has-inline-color has-neve-link-hover-color-color\">8,000 <\/mark><\/strong>de piezas de fabricaci\u00f3n propia para todas las funciones que su m\u00e1quina necesita.<\/li><\/ul><\/div><\/div>\n\n\n\n<div class=\"is-layout-flow wp-block-column\"><div class=\"wp-block-ub-styled-list ub_styled_list\" id=\"ub_styled_list-ad8d05ed-1b92-4afb-a908-7f0d94a6540c\"><ul class=\"fa-ul\"><li>Todas las piezas est\u00e1n clasificadas en nuestro <strong><mark style=\"background-color:rgba(0, 0, 0, 0)\" class=\"has-inline-color has-neve-link-hover-color-color\">10,000 <\/mark><\/strong>metros cuadrados de almacenes.<\/li><\/ul><\/div><\/div>\n<\/div>\n\n\n\n<figure class=\"wp-block-image size-large is-resized\"><img decoding=\"async\" src=\"https:\/\/www.echomachinery.com\/wp-content\/uploads\/2022\/07\/dji_export_1647331571025-edited-1024x576.jpg\" alt=\"\" class=\"wp-image-5889\" width=\"1090\"\/><\/figure>\n\n\n<div class=\"wp-block-ub-styled-box ub-styled-box ub-notification-box\" id=\"ub-styled-box-244e0673-ad3e-470d-b782-6f21d500f9f3\">\n\n\n<p id=\"ub-styled-box-notification-content-\">Se trata de permitirnos responder a la demanda lo m\u00e1s r\u00e1pido posible, para que no tengas que preocuparte por quedarte sin accesorios o por querer reemplazarlos.<\/p>\n\n\n<\/div>\n\n\n<div style=\"height:100px\" aria-hidden=\"true\" class=\"wp-block-spacer\"><\/div>\n\n\n\n<div class=\"wp-block-media-text alignwide has-media-on-the-right is-stacked-on-mobile is-image-fill\" style=\"grid-template-columns:auto 40%\"><figure class=\"wp-block-media-text__media\" style=\"background-image:url(https:\/\/www.echomachinery.com\/wp-content\/uploads\/2022\/04\/IMG_8442-683x1024.jpg);background-position:28.999999999999996% 60%\"><img decoding=\"async\" loading=\"lazy\" width=\"683\" height=\"1024\" src=\"https:\/\/www.echomachinery.com\/wp-content\/uploads\/2022\/04\/IMG_8442-683x1024.jpg\" alt=\"\" class=\"wp-image-5579 size-full\" srcset=\"https:\/\/www.echomachinery.com\/wp-content\/uploads\/2022\/04\/IMG_8442-683x1024.jpg 683w, https:\/\/www.echomachinery.com\/wp-content\/uploads\/2022\/04\/IMG_8442-200x300.jpg 200w, https:\/\/www.echomachinery.com\/wp-content\/uploads\/2022\/04\/IMG_8442-768x1152.jpg 768w, https:\/\/www.echomachinery.com\/wp-content\/uploads\/2022\/04\/IMG_8442-1024x1536.jpg 1024w, https:\/\/www.echomachinery.com\/wp-content\/uploads\/2022\/04\/IMG_8442-1365x2048.jpg 1365w, https:\/\/www.echomachinery.com\/wp-content\/uploads\/2022\/04\/IMG_8442-scaled.jpg 1707w\" sizes=\"(max-width: 683px) 100vw, 683px\" \/><\/figure><div class=\"wp-block-media-text__content\">\n<h2 class=\"has-text-align-left\"><mark class=\"kt-highlight\">Mantenimiento<\/mark><\/h2>\n\n\n\n<p>Si usted vigila su m\u00e1quina de envasado, ella le recompensar\u00e1 con creces.<\/p>\n\n\n\n<p>Adem\u00e1s <a href=\"https:\/\/www.echomachinery.com\/es\/resources\/blog\/list-of-wearing-parts-included-with-the-purchase-of-the-machine\/\">Se incluyen 2 juegos de piezas de desgaste gratis.<\/a> Se incluyen para reemplazo y usted recibir\u00e1:<\/p>\n\n\n\n<p>Le proporcionamos una gu\u00eda completa de mantenimiento de m\u00e1quinas para ayudarle a saber el momento exacto en que debe realizar el mantenimiento y la forma m\u00e1s eficaz de reparar su m\u00e1quina.<\/p>\n\n\n\n<p>Siempre estamos dispuestos a reemplazar las piezas desgastadas o que no funcionan correctamente.<\/p>\n\n\n\n<p>Para maximizar el retorno de su inversi\u00f3n, debe realizar un mantenimiento preventivo y regular de sus equipos.<\/p>\n\n\n\n<div class=\"so-widget-sow-button button-s1\"><a href=\"https:\/\/www.echomachinery.com\/es\/resources\/blog\/machine-preventive-maintenance-schedule\/\" class=\"button-hover\" id=\"pl-1-button\"><span>Ver m\u00e1s mantenimiento &gt;&gt;&gt;<\/span><\/a><\/div>\n<\/div><\/div>\n\n\n\n<div style=\"height:100px\" aria-hidden=\"true\" class=\"wp-block-spacer\"><\/div>\n\n\n\n<div class=\"wp-block-media-text alignwide has-media-on-the-right is-stacked-on-mobile is-image-fill\" style=\"grid-template-columns:auto 40%\"><figure class=\"wp-block-media-text__media\" style=\"background-image:url(https:\/\/www.echomachinery.com\/wp-content\/uploads\/2022\/04\/IMG_7413-1-1024x683.jpg);background-position:100% 54%\"><img decoding=\"async\" loading=\"lazy\" width=\"1024\" height=\"683\" src=\"https:\/\/www.echomachinery.com\/wp-content\/uploads\/2022\/04\/IMG_7413-1-1024x683.jpg\" alt=\"\" class=\"wp-image-5609 size-full\" srcset=\"https:\/\/www.echomachinery.com\/wp-content\/uploads\/2022\/04\/IMG_7413-1-1024x683.jpg 1024w, https:\/\/www.echomachinery.com\/wp-content\/uploads\/2022\/04\/IMG_7413-1-300x200.jpg 300w, https:\/\/www.echomachinery.com\/wp-content\/uploads\/2022\/04\/IMG_7413-1-768x512.jpg 768w, https:\/\/www.echomachinery.com\/wp-content\/uploads\/2022\/04\/IMG_7413-1-1536x1024.jpg 1536w, https:\/\/www.echomachinery.com\/wp-content\/uploads\/2022\/04\/IMG_7413-1-2048x1365.jpg 2048w, https:\/\/www.echomachinery.com\/wp-content\/uploads\/2022\/04\/IMG_7413-1-930x620.jpg 930w\" sizes=\"(max-width: 1024px) 100vw, 1024px\" \/><\/figure><div class=\"wp-block-media-text__content\">\n<h2 class=\"has-text-align-left\"><mark class=\"kt-highlight\">Garant\u00eda<\/mark><\/h2>\n\n\n\n<p>Ofrecemos esta garant\u00eda para ayudarle a minimizar los riesgos de producci\u00f3n y maximizar la eficiencia de su equipo.<\/p>\n\n\n\n<p>Desde la gesti\u00f3n de repuestos hasta la optimizaci\u00f3n digital de la l\u00ednea de producci\u00f3n, ECHO le asiste durante todo el ciclo de vida de la m\u00e1quina.<\/p>\n\n\n\n<p>Si surge alg\u00fan problema al usar el equipo, seremos los primeros en responder. Tambi\u00e9n podemos enviar ingenieros profesionales a la f\u00e1brica del cliente para solucionar problemas complejos.<\/p>\n\n\n\n<div class=\"so-widget-sow-button button-s1\"><a href=\"https:\/\/www.echomachinery.com\/es\/about-us\/warranty-service\/\" class=\"button-hover\" id=\"pl-1-button\"><span>Ver m\u00e1s servicios de garant\u00eda &gt;&gt;&gt;<\/span><\/a><\/div>\n<\/div><\/div>\n\n\n\n<div style=\"height:100px\" aria-hidden=\"true\" class=\"wp-block-spacer\"><\/div>","protected":false},"excerpt":{"rendered":"<p>With ECHO, the packaging machine&#8217;s world piddling is at your fingertips Strictly SOP Before Shipping A Good Stock of Replacement Parts Maintenance If you keep an eye on your packaging machine, it will look after you in return. Besides Free 2 sets of wearing parts are included for replacement, and you&#8217;ll get: We provide comprehensive&hellip;&nbsp;<a href=\"https:\/\/www.echomachinery.com\/es\/about-us\/support-services\/\" class=\"\" rel=\"bookmark\">Leer m\u00e1s \u00bb<span class=\"screen-reader-text\">Soporte atento, soluci\u00f3n perfecta.<\/span><\/a><\/p>","protected":false},"author":1,"featured_media":0,"parent":28,"menu_order":0,"comment_status":"closed","ping_status":"closed","template":"page-templates\/page.php","meta":{"inline_featured_image":false,"ub_ctt_via":"","kt_blocks_editor_width":""},"aioseo_notices":[],"featured_image_src":null,"_links":{"self":[{"href":"https:\/\/www.echomachinery.com\/es\/wp-json\/wp\/v2\/pages\/5874"}],"collection":[{"href":"https:\/\/www.echomachinery.com\/es\/wp-json\/wp\/v2\/pages"}],"about":[{"href":"https:\/\/www.echomachinery.com\/es\/wp-json\/wp\/v2\/types\/page"}],"author":[{"embeddable":true,"href":"https:\/\/www.echomachinery.com\/es\/wp-json\/wp\/v2\/users\/1"}],"replies":[{"embeddable":true,"href":"https:\/\/www.echomachinery.com\/es\/wp-json\/wp\/v2\/comments?post=5874"}],"version-history":[{"count":0,"href":"https:\/\/www.echomachinery.com\/es\/wp-json\/wp\/v2\/pages\/5874\/revisions"}],"up":[{"embeddable":true,"href":"https:\/\/www.echomachinery.com\/es\/wp-json\/wp\/v2\/pages\/28"}],"wp:attachment":[{"href":"https:\/\/www.echomachinery.com\/es\/wp-json\/wp\/v2\/media?parent=5874"}],"curies":[{"name":"pp","href":"https:\/\/api.w.org\/{rel}","templated":true}]}}