{"id":6224,"date":"2022-09-08T03:05:50","date_gmt":"2022-09-08T01:05:50","guid":{"rendered":"https:\/\/www.echomachinery.com\/?page_id=6224"},"modified":"2022-09-23T04:56:54","modified_gmt":"2022-09-23T02:56:54","slug":"hand-washing-fluid-liquid-packaging-project","status":"publish","type":"page","link":"https:\/\/www.echomachinery.com\/es\/case-study\/hand-washing-fluid-liquid-packaging-project\/","title":{"rendered":"Proyecto de envasado de l\u00edquidos para lavarse las manos \u2013 Estudio de caso"},"content":{"rendered":"<style id=\"kt-blocks_9df97f-35\">#kt-layout-id_9df97f-35 > .kt-row-column-wrap.kb-theme-content-width{max-width:1090px;}@media all and (min-width: 768px){#kt-layout-id_9df97f-35 > .kt-row-column-wrap > .inner-column-1{flex:0 1 50%;-webkit-flex:0 1 50%;}#kt-layout-id_9df97f-35 > .kt-row-column-wrap > .inner-column-2{flex:0 1 50%;-webkit-flex:0 1 50%;}}#kt-layout-id_9df97f-35 > .kt-row-column-wrap{padding-top:0px;padding-bottom:0px;padding-left:0px;padding-right:0px;}@media all and (max-width: 1024px){#kt-layout-id_9df97f-35 > .kt-row-column-wrap{padding-top:0px;padding-right:0px;padding-bottom:0px;padding-left:0px;}}<\/style>\n<div class=\"wp-block-kadence-rowlayout alignfull\"><div id=\"kt-layout-id_9df97f-35\" class=\"kt-row-layout-inner kt-layout-id_9df97f-35\"><div class=\"kt-row-column-wrap kt-has-2-columns kt-gutter-default kt-v-gutter-default kt-row-valign-top kt-row-layout-equal kt-tab-layout-inherit kt-m-colapse-left-to-right kt-mobile-layout-row  kt-custom-first-width-50  kt-custom-second-width-50 kb-theme-content-width\"><style id=\"kt-blocks_a8c5a5-97\">.kt-row-layout-inner > .kt-row-column-wrap > .kadence-column_a8c5a5-97 > .kt-inside-inner-col{margin-bottom:125px;}@media all and (max-width: 1024px){.kadence-column_a8c5a5-97 > .kt-inside-inner-col{display:block;}.kt-row-layout-inner > .kt-row-column-wrap > .kadence-column_a8c5a5-97 > .kt-inside-inner-col{margin-bottom:125px;}}@media all and (max-width: 767px){.kadence-column_a8c5a5-97 > .kt-inside-inner-col{display:block;}.kt-row-layout-inner > .kt-row-column-wrap > .kadence-column_a8c5a5-97 > .kt-inside-inner-col{margin-bottom:0px;}}<\/style>\n<div class=\"wp-block-kadence-column inner-column-1 kadence-column_a8c5a5-97\"><div class=\"kt-inside-inner-col\">\n<p class=\"has-neve-link-hover-color-color has-text-color has-medium-font-size\"><strong>ESTUDIO DE CASO<\/strong><\/p>\n\n\n\n<h1 style=\"font-style:normal;font-weight:700\">Proyecto de envasado de l\u00edquidos para lavarse<\/h1>\n\n\n\n<p>Este cliente nos contact\u00f3 a trav\u00e9s de otro cliente nuestro en Bangladesh. Sab\u00eda que hab\u00edamos hecho el mismo proyecto de l\u00edquido para lavar las manos antes y nos aseguramos de que pudimos cumplir con sus requisitos.<\/p>\n<\/div><\/div>\n\n\n<style id=\"kt-blocks_cf4f3d-55\">.kt-row-layout-inner > .kt-row-column-wrap > .kadence-column_cf4f3d-55 > .kt-inside-inner-col{padding-top:200px;padding-bottom:200px;border-color:#e60027;border-top-width:7px;border-right-width:7px;border-bottom-width:7px;border-left-width:7px;border-top-left-radius:0px;border-top-right-radius:100px;border-bottom-right-radius:0px;border-bottom-left-radius:100px;}.kt-row-layout-inner > .kt-row-column-wrap > .kadence-column_cf4f3d-55 > .kt-inside-inner-col{background-image:url('https:\/\/www.echomachinery.com\/wp-content\/uploads\/2020\/10\/MR8-200RW-MAIN.jpg');background-size:cover;background-position:49% 57.99999999999999%;background-attachment:scroll;background-repeat:no-repeat;}@media all and (max-width: 1024px){.kadence-column_cf4f3d-55 > .kt-inside-inner-col{display:block;}}@media all and (max-width: 767px){.kadence-column_cf4f3d-55 > .kt-inside-inner-col{display:block;}}.kadence-column_cf4f3d-55 {n}<\/style>\n<div class=\"wp-block-kadence-column inner-column-2 kadence-column_cf4f3d-55 img-box-shadow\"><div class=\"kt-inside-inner-col\"><\/div><\/div>\n<\/div><\/div><\/div>\n\n\n<style id=\"kt-blocks_a74838-3c\">#kt-layout-id_a74838-3c > .kt-row-column-wrap.kb-theme-content-width{max-width:1090px;}@media all and (min-width: 768px){#kt-layout-id_a74838-3c > .kt-row-column-wrap > .inner-column-1{flex:0 1 30%;-webkit-flex:0 1 30%;}#kt-layout-id_a74838-3c > .kt-row-column-wrap > .inner-column-2{flex:0 1 20%;-webkit-flex:0 1 20%;}#kt-layout-id_a74838-3c > .kt-row-column-wrap > .inner-column-3{flex:0 1 50%;-webkit-flex:0 1 50%;}}@media all and (min-width: 768px) and (max-width: 1024px){#kt-layout-id_a74838-3c > .kt-row-column-wrap > .inner-column-1{flex:0 1 25%;-webkit-flex:0 1 25%;}#kt-layout-id_a74838-3c > .kt-row-column-wrap > .inner-column-2{flex:0 1 25%;-webkit-flex:0 1 25%;}#kt-layout-id_a74838-3c > .kt-row-column-wrap > .inner-column-3{flex:0 1 50%;-webkit-flex:0 1 50%;}}#kt-layout-id_a74838-3c{margin-top:-125px;background-color:#eeeeee;}#kt-layout-id_a74838-3c > .kt-row-column-wrap{padding-top:0px;padding-bottom:0px;padding-left:20px;padding-right:0px;}@media all and (max-width: 1024px){#kt-layout-id_a74838-3c{margin-top:-125px;}#kt-layout-id_a74838-3c > .kt-row-column-wrap{padding-top:0px;padding-right:0px;padding-bottom:0px;padding-left:20px;}}@media all and (max-width: 767px){#kt-layout-id_a74838-3c{margin-top:-225px;border-top-width:0px;}#kt-layout-id_a74838-3c > .kt-row-column-wrap{padding-top:160px;padding-left:20px;padding-right:20px;}}<\/style>\n<div class=\"wp-block-kadence-rowlayout alignfull\"><div id=\"kt-layout-id_a74838-3c\" class=\"kt-row-layout-inner kt-row-has-bg kt-layout-id_a74838-3c\"><div class=\"kt-row-column-wrap kt-has-3-columns kt-gutter-narrow kt-v-gutter-none kt-row-valign-top kt-row-layout-equal kt-tab-layout-right-half kt-m-colapse-right-to-left kt-mobile-layout-row  kt-custom-first-width-30  kt-custom-second-width-20  kt-custom-third-width-50 kb-theme-content-width\">\n<div class=\"wp-block-kadence-column inner-column-1 kadence-column_009cb0-ec\"><div class=\"kt-inside-inner-col\">\n<div class=\"wp-block-kadence-icon kt-svg-icons kt-svg-icons_829b07-b5 alignnone\" style=\"text-align:center\"><div class=\"kt-svg-style-default kt-svg-icon-wrap kt-svg-item-0\"><div style=\"display:inline-flex;justify-content:center;align-items:center;color:#000000\" class=\"kt-svg-icon kt-svg-icon-fe_settings\"><svg style=\"display:inline-block;vertical-align:middle\" viewbox=\"0 0 24 24\" height=\"50\" width=\"50\" fill=\"none\" stroke=\"currentColor\" xmlns=\"http:\/\/www.w3.org\/2000\/svg\" stroke-width=\"2\" stroke-linecap=\"round\" stroke-linejoin=\"round\" aria-hidden=\"true\"><circle cx=\"12\" cy=\"12\" r=\"3\"><\/circle><path d=\"M19.4 15a1.65 1.65 0 0 0 .33 1.82l.06.06a2 2 0 0 1 0 2.83 2 2 0 0 1-2.83 0l-.06-.06a1.65 1.65 0 0 0-1.82-.33 1.65 1.65 0 0 0-1 1.51V21a2 2 0 0 1-2 2 2 2 0 0 1-2-2v-.09A1.65 1.65 0 0 0 9 19.4a1.65 1.65 0 0 0-1.82.33l-.06.06a2 2 0 0 1-2.83 0 2 2 0 0 1 0-2.83l.06-.06a1.65 1.65 0 0 0 .33-1.82 1.65 1.65 0 0 0-1.51-1H3a2 2 0 0 1-2-2 2 2 0 0 1 2-2h.09A1.65 1.65 0 0 0 4.6 9a1.65 1.65 0 0 0-.33-1.82l-.06-.06a2 2 0 0 1 0-2.83 2 2 0 0 1 2.83 0l.06.06a1.65 1.65 0 0 0 1.82.33H9a1.65 1.65 0 0 0 1-1.51V3a2 2 0 0 1 2-2 2 2 0 0 1 2 2v.09a1.65 1.65 0 0 0 1 1.51 1.65 1.65 0 0 0 1.82-.33l.06-.06a2 2 0 0 1 2.83 0 2 2 0 0 1 0 2.83l-.06.06a1.65 1.65 0 0 0-.33 1.82V9a1.65 1.65 0 0 0 1.51 1H21a2 2 0 0 1 2 2 2 2 0 0 1-2 2h-.09a1.65 1.65 0 0 0-1.51 1z\"><\/path><\/svg><\/div><\/div><\/div>\n\n\n\n<p class=\"has-text-align-center\">1 juego <a href=\"https:\/\/www.echomachinery.com\/es\/packaging-machines\/premade-pouch-packing-machine\/\">M\u00e1quinas de envasado de bolsa prefabricada MR8-200RW<\/a><br>con <a href=\"https:\/\/www.echomachinery.com\/es\/packaging-machines\/relative-devices\/liquid-filler\/\">Llenador de l\u00edquido<\/a><\/p>\n<\/div><\/div>\n\n\n\n<div class=\"wp-block-kadence-column inner-column-2 kadence-column_4cd4e1-33\"><div class=\"kt-inside-inner-col\">\n<div class=\"wp-block-kadence-icon kt-svg-icons kt-svg-icons_827ee7-0b alignnone\" style=\"text-align:center\"><div class=\"kt-svg-style-default kt-svg-icon-wrap kt-svg-item-0\"><div style=\"display:inline-flex;justify-content:center;align-items:center;color:#000000\" class=\"kt-svg-icon kt-svg-icon-fe_shoppingBag\"><svg style=\"display:inline-block;vertical-align:middle\" viewbox=\"0 0 24 24\" height=\"50\" width=\"50\" fill=\"none\" stroke=\"currentColor\" xmlns=\"http:\/\/www.w3.org\/2000\/svg\" stroke-width=\"2\" stroke-linecap=\"round\" stroke-linejoin=\"round\" aria-hidden=\"true\"><path d=\"M6 2L3 6v14a2 2 0 0 0 2 2h14a2 2 0 0 0 2-2V6l-3-4z\"><\/path><line x1=\"3\" y1=\"6\" x2=\"21\" y2=\"6\"><\/line><path d=\"M16 10a4 4 0 0 1-8 0\"><\/path><\/svg><\/div><\/div><\/div>\n\n\n\n<p class=\"has-text-align-center\"><a href=\"https:\/\/www.echomachinery.com\/es\/industries\/handwashing-fluid-pouch-packing-machine\/\">Envasado de l\u00edquidos para lavarse<\/a><\/p>\n<\/div><\/div>\n\n\n\n<div class=\"wp-block-kadence-column inner-column-3 kadence-column_320151-db\"><div class=\"kt-inside-inner-col\">\n<div class=\"wp-block-kadence-icon kt-svg-icons kt-svg-icons_8e3f96-35 alignnone\" style=\"text-align:center\"><div class=\"kt-svg-style-default kt-svg-icon-wrap kt-svg-item-0\"><\/div><\/div>\n<\/div><\/div>\n<\/div><\/div><\/div>\n\n\n\n<div style=\"height:30px\" aria-hidden=\"true\" class=\"wp-block-spacer\"><\/div>\n\n\n\n<h2>Descripci\u00f3n general<\/h2>\n\n\n\n<p>El cliente quiere hacer una prueba primero antes del pedido. Y tambi\u00e9n requerido para alta velocidad para el l\u00edquido de lavado de manos, pedimos las bolsas de muestra y para organizar la m\u00e1quina de demostraci\u00f3n para la prueba. Funcion\u00f3 muy bien. Y enviamos la foto y el video inmediatamente despu\u00e9s de la prueba. El cliente estaba satisfecho con la prueba y pronto hizo un pedido.<\/p>\n\n\n\n<p>No hubo demora para el env\u00edo, lleg\u00f3 a tiempo. Nuestro ingeniero estaba ayudando con la configuraci\u00f3n y puesta en marcha cuando lleg\u00f3 la m\u00e1quina. Y todo funcionaba bien con nuestros consejos.<br>El cliente est\u00e1 contento con nuestra m\u00e1quina y mi servicio. Y la m\u00e1quina est\u00e1 funcionando bien en la planta hasta ahora y tambi\u00e9n hizo un pedido de l\u00ednea de llenado de botellas desde nosotros despu\u00e9s de la m\u00e1quina de la bolsa. Nos mantenemos en contacto con otras maquinarias en un futuro pr\u00f3ximo.<\/p>\n\n\n\n<p>Despu\u00e9s de un a\u00f1o, el cliente necesitaba embotellar el mismo producto, por lo que nos compr\u00f3 otra l\u00ednea de embotellado completa a 30 botellas\/min.<\/p>","protected":false},"excerpt":{"rendered":"<p>CASE STUDY Hand Washing Fluid Packaging Project This client contacted us through another client of ours in Bangladesh. He knew we had done the same hand washing fluid project before and we ensure that we could meet his requirements. 1 set MR8-200RW Premade Pouch Packaging Machineswith Liquid Filler Hand Washing Fluid Packaging Overview Customer wants&hellip;&nbsp;<a href=\"https:\/\/www.echomachinery.com\/es\/case-study\/hand-washing-fluid-liquid-packaging-project\/\" class=\"\" rel=\"bookmark\">Leer m\u00e1s \u00bb<span class=\"screen-reader-text\">Proyecto de envasado de l\u00edquidos para lavarse las manos \u2013 Estudio de caso<\/span><\/a><\/p>","protected":false},"author":1,"featured_media":6165,"parent":6150,"menu_order":0,"comment_status":"closed","ping_status":"closed","template":"page-templates\/case.php","meta":{"inline_featured_image":false,"ub_ctt_via":"","kt_blocks_editor_width":""},"aioseo_notices":[],"featured_image_src":"https:\/\/www.echomachinery.com\/wp-content\/uploads\/2022\/09\/machine-in-testing-group-2-scaled.jpg","_links":{"self":[{"href":"https:\/\/www.echomachinery.com\/es\/wp-json\/wp\/v2\/pages\/6224"}],"collection":[{"href":"https:\/\/www.echomachinery.com\/es\/wp-json\/wp\/v2\/pages"}],"about":[{"href":"https:\/\/www.echomachinery.com\/es\/wp-json\/wp\/v2\/types\/page"}],"author":[{"embeddable":true,"href":"https:\/\/www.echomachinery.com\/es\/wp-json\/wp\/v2\/users\/1"}],"replies":[{"embeddable":true,"href":"https:\/\/www.echomachinery.com\/es\/wp-json\/wp\/v2\/comments?post=6224"}],"version-history":[{"count":0,"href":"https:\/\/www.echomachinery.com\/es\/wp-json\/wp\/v2\/pages\/6224\/revisions"}],"up":[{"embeddable":true,"href":"https:\/\/www.echomachinery.com\/es\/wp-json\/wp\/v2\/pages\/6150"}],"wp:featuredmedia":[{"embeddable":true,"href":"https:\/\/www.echomachinery.com\/es\/wp-json\/wp\/v2\/media\/6165"}],"wp:attachment":[{"href":"https:\/\/www.echomachinery.com\/es\/wp-json\/wp\/v2\/media?parent=6224"}],"curies":[{"name":"pp","href":"https:\/\/api.w.org\/{rel}","templated":true}]}}