{"id":6271,"date":"2022-09-15T03:31:30","date_gmt":"2022-09-15T01:31:30","guid":{"rendered":"https:\/\/www.echomachinery.com\/?page_id=6271"},"modified":"2022-09-23T04:52:28","modified_gmt":"2022-09-23T02:52:28","slug":"chopped-peanuts-for-automation-and-modernization-packaging","status":"publish","type":"page","link":"https:\/\/www.echomachinery.com\/es\/case-study\/chopped-peanuts-for-automation-and-modernization-packaging\/","title":{"rendered":"Cacahuetes picados para automatizaci\u00f3n y modernizaci\u00f3n de envases \u2013 Caso de estudio"},"content":{"rendered":"<style id=\"kt-blocks_b20f69-77\">#kt-layout-id_b20f69-77 > .kt-row-column-wrap.kb-theme-content-width{max-width:1090px;}@media all and (min-width: 768px){#kt-layout-id_b20f69-77 > .kt-row-column-wrap > .inner-column-1{flex:0 1 50%;-webkit-flex:0 1 50%;}#kt-layout-id_b20f69-77 > .kt-row-column-wrap > .inner-column-2{flex:0 1 50%;-webkit-flex:0 1 50%;}}#kt-layout-id_b20f69-77 > .kt-row-column-wrap{padding-top:0px;padding-bottom:0px;}<\/style>\n<div class=\"wp-block-kadence-rowlayout alignfull\"><div id=\"kt-layout-id_b20f69-77\" class=\"kt-row-layout-inner kt-layout-id_b20f69-77\"><div class=\"kt-row-column-wrap kt-has-2-columns kt-gutter-default kt-v-gutter-default kt-row-valign-top kt-row-layout-equal kt-tab-layout-inherit kt-m-colapse-left-to-right kt-mobile-layout-row  kt-custom-first-width-50  kt-custom-second-width-50 kb-theme-content-width\"><style id=\"kt-blocks_df9f68-db\">.kt-row-layout-inner > .kt-row-column-wrap > .kadence-column_df9f68-db > .kt-inside-inner-col{margin-bottom:125px;}@media all and (max-width: 1024px){.kt-row-layout-inner > .kt-row-column-wrap > .kadence-column_df9f68-db > .kt-inside-inner-col{margin-bottom:125px;}}@media all and (max-width: 767px){.kt-row-layout-inner > .kt-row-column-wrap > .kadence-column_df9f68-db > .kt-inside-inner-col{margin-bottom:0px;}}<\/style>\n<div class=\"wp-block-kadence-column inner-column-1 kadence-column_df9f68-db\"><div class=\"kt-inside-inner-col\">\n<p class=\"has-neve-link-hover-color-color has-text-color has-medium-font-size\"><strong>ESTUDIO DE CASO<\/strong><\/p>\n\n\n\n<h1 style=\"font-style:normal;font-weight:700\">Agente de Tailandia<\/h1>\n\n\n\n<p>Este es uno de nuestro agente en Tailandia. Les proporcionamos un envasado autom\u00e1tico al vac\u00edo de 10 gramos y 20 gramos de cacahuetes picados para automatizaci\u00f3n y modernizaci\u00f3n, dando un resultado notable al final.<\/p>\n<\/div><\/div>\n\n\n<style id=\"kt-blocks_1fb33b-7e\">.kt-row-layout-inner > .kt-row-column-wrap > .kadence-column_1fb33b-7e > .kt-inside-inner-col{padding-top:200px;padding-bottom:200px;border-color:#e60027;border-top-width:7px;border-right-width:7px;border-bottom-width:7px;border-left-width:7px;border-top-left-radius:0px;border-top-right-radius:100px;border-bottom-right-radius:0px;border-bottom-left-radius:100px;}.kt-row-layout-inner > .kt-row-column-wrap > .kadence-column_1fb33b-7e > .kt-inside-inner-col{background-image:url('https:\/\/www.echomachinery.com\/wp-content\/uploads\/2022\/09\/packed-chopped-peanuts-3-scaled.jpg');background-size:cover;background-position:50% 50%;background-attachment:scroll;background-repeat:no-repeat;}@media all and (max-width: 1024px){.kadence-column_1fb33b-7e > .kt-inside-inner-col{display:block;}}@media all and (max-width: 767px){.kadence-column_1fb33b-7e > .kt-inside-inner-col{display:block;}}.kadence-column_1fb33b-7e {n}<\/style>\n<div class=\"wp-block-kadence-column inner-column-2 kadence-column_1fb33b-7e img-box-shadow\"><div class=\"kt-inside-inner-col\"><\/div><\/div>\n<\/div><\/div><\/div>\n\n\n<style id=\"kt-blocks_a8a8dc-6c\">#kt-layout-id_a8a8dc-6c > .kt-row-column-wrap.kb-theme-content-width{max-width:1090px;}@media all and (min-width: 768px){#kt-layout-id_a8a8dc-6c > .kt-row-column-wrap > .inner-column-1{flex:0 1 30%;-webkit-flex:0 1 30%;}#kt-layout-id_a8a8dc-6c > .kt-row-column-wrap > .inner-column-2{flex:0 1 20%;-webkit-flex:0 1 20%;}#kt-layout-id_a8a8dc-6c > .kt-row-column-wrap > .inner-column-3{flex:0 1 50%;-webkit-flex:0 1 50%;}}@media all and (min-width: 768px) and (max-width: 1024px){#kt-layout-id_a8a8dc-6c > .kt-row-column-wrap > .inner-column-1{flex:0 1 25%;-webkit-flex:0 1 25%;}#kt-layout-id_a8a8dc-6c > .kt-row-column-wrap > .inner-column-2{flex:0 1 25%;-webkit-flex:0 1 25%;}#kt-layout-id_a8a8dc-6c > .kt-row-column-wrap > .inner-column-3{flex:0 1 50%;-webkit-flex:0 1 50%;}}#kt-layout-id_a8a8dc-6c{margin-top:-125px;background-color:#eeeeee;}#kt-layout-id_a8a8dc-6c > .kt-row-column-wrap{padding-top:0px;padding-bottom:0px;padding-left:20px;padding-right:0px;}@media all and (max-width: 1024px){#kt-layout-id_a8a8dc-6c{margin-top:-125px;}#kt-layout-id_a8a8dc-6c > .kt-row-column-wrap{padding-left:20px;}}@media all and (max-width: 767px){#kt-layout-id_a8a8dc-6c{margin-top:-225px;}#kt-layout-id_a8a8dc-6c > .kt-row-column-wrap{padding-top:160px;padding-left:20px;padding-right:20px;}}<\/style>\n<div class=\"wp-block-kadence-rowlayout alignfull\"><div id=\"kt-layout-id_a8a8dc-6c\" class=\"kt-row-layout-inner kt-row-has-bg kt-layout-id_a8a8dc-6c\"><div class=\"kt-row-column-wrap kt-has-3-columns kt-gutter-narrow kt-v-gutter-none kt-row-valign-top kt-row-layout-equal kt-tab-layout-right-half kt-m-colapse-right-to-left kt-mobile-layout-row  kt-custom-first-width-30  kt-custom-second-width-20  kt-custom-third-width-50 kb-theme-content-width\">\n<div class=\"wp-block-kadence-column inner-column-1 kadence-column_ff8a1f-05\"><div class=\"kt-inside-inner-col\">\n<div class=\"wp-block-kadence-icon kt-svg-icons kt-svg-icons_6bd994-30 alignnone\" style=\"text-align:center\"><div class=\"kt-svg-style-default kt-svg-icon-wrap kt-svg-item-0\"><div style=\"display:inline-flex;justify-content:center;align-items:center;color:#000000\" class=\"kt-svg-icon kt-svg-icon-fe_settings\"><svg style=\"display:inline-block;vertical-align:middle\" viewbox=\"0 0 24 24\" height=\"50\" width=\"50\" fill=\"none\" stroke=\"currentColor\" xmlns=\"http:\/\/www.w3.org\/2000\/svg\" stroke-width=\"2\" stroke-linecap=\"round\" stroke-linejoin=\"round\" aria-hidden=\"true\"><circle cx=\"12\" cy=\"12\" r=\"3\"><\/circle><path d=\"M19.4 15a1.65 1.65 0 0 0 .33 1.82l.06.06a2 2 0 0 1 0 2.83 2 2 0 0 1-2.83 0l-.06-.06a1.65 1.65 0 0 0-1.82-.33 1.65 1.65 0 0 0-1 1.51V21a2 2 0 0 1-2 2 2 2 0 0 1-2-2v-.09A1.65 1.65 0 0 0 9 19.4a1.65 1.65 0 0 0-1.82.33l-.06.06a2 2 0 0 1-2.83 0 2 2 0 0 1 0-2.83l.06-.06a1.65 1.65 0 0 0 .33-1.82 1.65 1.65 0 0 0-1.51-1H3a2 2 0 0 1-2-2 2 2 0 0 1 2-2h.09A1.65 1.65 0 0 0 4.6 9a1.65 1.65 0 0 0-.33-1.82l-.06-.06a2 2 0 0 1 0-2.83 2 2 0 0 1 2.83 0l.06.06a1.65 1.65 0 0 0 1.82.33H9a1.65 1.65 0 0 0 1-1.51V3a2 2 0 0 1 2-2 2 2 0 0 1 2 2v.09a1.65 1.65 0 0 0 1 1.51 1.65 1.65 0 0 0 1.82-.33l.06-.06a2 2 0 0 1 2.83 0 2 2 0 0 1 0 2.83l-.06.06a1.65 1.65 0 0 0-.33 1.82V9a1.65 1.65 0 0 0 1.51 1H21a2 2 0 0 1 2 2 2 2 0 0 1-2 2h-.09a1.65 1.65 0 0 0-1.51 1z\"><\/path><\/svg><\/div><\/div><\/div>\n\n\n\n<p class=\"has-text-align-center\"><a href=\"https:\/\/www.echomachinery.com\/es\/packaging-machines\/automatic-vacuum-packaging-machine\/\">MRZK-130 M\u00e1quinas autom\u00e1ticas de envasado al vac\u00edo<\/a><br>con <a href=\"https:\/\/www.echomachinery.com\/es\/packaging-machines\/relative-devices\/contraction-cup-filler\/\">Rellenador de copa de contracci\u00f3n<\/a><\/p>\n<\/div><\/div>\n\n\n\n<div class=\"wp-block-kadence-column inner-column-2 kadence-column_5fbfdd-aa\"><div class=\"kt-inside-inner-col\">\n<div class=\"wp-block-kadence-icon kt-svg-icons kt-svg-icons_1ef7f6-11 alignnone\" style=\"text-align:center\"><div class=\"kt-svg-style-default kt-svg-icon-wrap kt-svg-item-0\"><div style=\"display:inline-flex;justify-content:center;align-items:center;color:#000000\" class=\"kt-svg-icon kt-svg-icon-fe_shoppingBag\"><svg style=\"display:inline-block;vertical-align:middle\" viewbox=\"0 0 24 24\" height=\"50\" width=\"50\" fill=\"none\" stroke=\"currentColor\" xmlns=\"http:\/\/www.w3.org\/2000\/svg\" stroke-width=\"2\" stroke-linecap=\"round\" stroke-linejoin=\"round\" aria-hidden=\"true\"><path d=\"M6 2L3 6v14a2 2 0 0 0 2 2h14a2 2 0 0 0 2-2V6l-3-4z\"><\/path><line x1=\"3\" y1=\"6\" x2=\"21\" y2=\"6\"><\/line><path d=\"M16 10a4 4 0 0 1-8 0\"><\/path><\/svg><\/div><\/div><\/div>\n\n\n\n<p class=\"has-text-align-center\"><a href=\"https:\/\/www.echomachinery.com\/es\/industries\/snack-food-packaging-machine\/\">Envasado de cacahuetes picados<\/a><\/p>\n<\/div><\/div>\n\n\n\n<div class=\"wp-block-kadence-column inner-column-3 kadence-column_a76501-9a\"><div class=\"kt-inside-inner-col\">\n<div class=\"wp-block-kadence-icon kt-svg-icons kt-svg-icons_134468-84 alignnone\" style=\"text-align:center\"><div class=\"kt-svg-style-default kt-svg-icon-wrap kt-svg-item-0\"><\/div><\/div>\n<\/div><\/div>\n<\/div><\/div><\/div>\n\n\n\n<div style=\"height:30px\" aria-hidden=\"true\" class=\"wp-block-spacer\"><\/div>\n\n\n\n<h2>Descripci\u00f3n general<\/h2>\n\n\n\n<p>Automatizaci\u00f3n XXX., Ltd es uno de nuestros socios comerciales y les proporcionamos una m\u00e1quina de envasado rotativo autom\u00e1tico con alimentador de tazas personalizado. La m\u00e1quina fue s\u00faper efectiva ya que era exactamente lo que necesitaban para los cacahuetes picados para automatizaci\u00f3n y modernizaci\u00f3n de envases.<\/p>\n\n\n\n<p>XXX Automation.,Ltd es una empresa especializada en una variedad de producciones relacionadas con la tecnolog\u00eda, nos consult\u00f3 sobre los problemas que uno de sus invitados estaba experimentando en ese momento. El hu\u00e9sped de nuestros clientes necesitaba un envasado al vac\u00edo completamente autom\u00e1tico de cacahuetes picados para automatizaci\u00f3n y modernizaci\u00f3n de envases.<\/p>\n\n\n\n<p>El invitado no quer\u00eda mantequilla de man\u00ed pegajosa; quer\u00eda que los cacahuetes picados permanecieran en forma de part\u00edcula, ya que los cacahuetes picados se bloquean f\u00e1cilmente con aceite y extrusi\u00f3n. La empresa del cliente tiene est\u00e1ndares extremadamente altos para el envasado de alimentos y necesita que todos los materiales sean confiables y seguros. Usar un cepillo claramente no era una opci\u00f3n, ya que deben evitar que las cerdas caigan accidentalmente en la comida. Por lo tanto, la necesidad de una m\u00e1quina bien automatizada.<\/p>\n\n\n\n<figure class=\"is-layout-flex wp-block-gallery-1 wp-block-gallery has-nested-images columns-4 is-cropped\">\n<figure class=\"wp-block-image size-large\"><img decoding=\"async\" loading=\"lazy\" width=\"768\" height=\"1024\" data-id=\"6287\"  src=\"https:\/\/www.echomachinery.com\/wp-content\/uploads\/2022\/09\/chopped-peanuts-768x1024.jpg\" alt=\"\" class=\"wp-image-6287\" srcset=\"https:\/\/www.echomachinery.com\/wp-content\/uploads\/2022\/09\/chopped-peanuts-768x1024.jpg 768w, https:\/\/www.echomachinery.com\/wp-content\/uploads\/2022\/09\/chopped-peanuts-225x300.jpg 225w, https:\/\/www.echomachinery.com\/wp-content\/uploads\/2022\/09\/chopped-peanuts-1152x1536.jpg 1152w, https:\/\/www.echomachinery.com\/wp-content\/uploads\/2022\/09\/chopped-peanuts-1536x2048.jpg 1536w, https:\/\/www.echomachinery.com\/wp-content\/uploads\/2022\/09\/chopped-peanuts-scaled.jpg 1920w\" sizes=\"(max-width: 768px) 100vw, 768px\" \/><\/figure>\n\n\n\n<figure class=\"wp-block-image size-large\"><img decoding=\"async\" loading=\"lazy\" width=\"768\" height=\"1024\" data-id=\"6285\"  src=\"https:\/\/www.echomachinery.com\/wp-content\/uploads\/2022\/09\/packed-chopped-peanuts-2-768x1024.jpg\" alt=\"\" class=\"wp-image-6285\" srcset=\"https:\/\/www.echomachinery.com\/wp-content\/uploads\/2022\/09\/packed-chopped-peanuts-2-768x1024.jpg 768w, https:\/\/www.echomachinery.com\/wp-content\/uploads\/2022\/09\/packed-chopped-peanuts-2-225x300.jpg 225w, https:\/\/www.echomachinery.com\/wp-content\/uploads\/2022\/09\/packed-chopped-peanuts-2-1152x1536.jpg 1152w, https:\/\/www.echomachinery.com\/wp-content\/uploads\/2022\/09\/packed-chopped-peanuts-2-1536x2048.jpg 1536w, https:\/\/www.echomachinery.com\/wp-content\/uploads\/2022\/09\/packed-chopped-peanuts-2-scaled.jpg 1920w\" sizes=\"(max-width: 768px) 100vw, 768px\" \/><\/figure>\n\n\n\n<figure class=\"wp-block-image size-large\"><img decoding=\"async\" loading=\"lazy\" width=\"2560\" height=\"1920\" data-id=\"6272\"  src=\"https:\/\/www.echomachinery.com\/wp-content\/uploads\/2022\/09\/packed-chopped-peanuts-3-scaled.jpg\" alt=\"\" class=\"wp-image-6272\" srcset=\"https:\/\/www.echomachinery.com\/wp-content\/uploads\/2022\/09\/packed-chopped-peanuts-3-scaled.jpg 2560w, https:\/\/www.echomachinery.com\/wp-content\/uploads\/2022\/09\/packed-chopped-peanuts-3-300x225.jpg 300w, https:\/\/www.echomachinery.com\/wp-content\/uploads\/2022\/09\/packed-chopped-peanuts-3-1024x768.jpg 1024w, https:\/\/www.echomachinery.com\/wp-content\/uploads\/2022\/09\/packed-chopped-peanuts-3-768x576.jpg 768w, https:\/\/www.echomachinery.com\/wp-content\/uploads\/2022\/09\/packed-chopped-peanuts-3-1536x1152.jpg 1536w, https:\/\/www.echomachinery.com\/wp-content\/uploads\/2022\/09\/packed-chopped-peanuts-3-2048x1536.jpg 2048w\" sizes=\"(max-width: 2560px) 100vw, 2560px\" \/><\/figure>\n\n\n\n<figure class=\"wp-block-image size-large\"><img decoding=\"async\" loading=\"lazy\" width=\"1920\" height=\"2560\" data-id=\"6286\"  src=\"https:\/\/www.echomachinery.com\/wp-content\/uploads\/2022\/09\/packed-chopped-peanuts-scaled.jpg\" alt=\"\" class=\"wp-image-6286\" srcset=\"https:\/\/www.echomachinery.com\/wp-content\/uploads\/2022\/09\/packed-chopped-peanuts-scaled.jpg 1920w, https:\/\/www.echomachinery.com\/wp-content\/uploads\/2022\/09\/packed-chopped-peanuts-225x300.jpg 225w, https:\/\/www.echomachinery.com\/wp-content\/uploads\/2022\/09\/packed-chopped-peanuts-768x1024.jpg 768w, https:\/\/www.echomachinery.com\/wp-content\/uploads\/2022\/09\/packed-chopped-peanuts-1152x1536.jpg 1152w, https:\/\/www.echomachinery.com\/wp-content\/uploads\/2022\/09\/packed-chopped-peanuts-1536x2048.jpg 1536w\" sizes=\"(max-width: 1920px) 100vw, 1920px\" \/><\/figure>\n<\/figure>\n\n\n\n<p>De acuerdo con las solicitudes del hu\u00e9sped, creamos un alimentador especial solo para ellos, para evitar cualquier cosa que comprima la taza de medir. Reemplazamos el cepillo y otros dispositivos, y en su lugar usamos un raspador de acero inoxidable. Para adaptar el rango de error al rango que aceptar\u00e1 el visitante, se ampli\u00f3 el espacio entre el sello y la apertura de la bolsa y se calibr\u00f3 la copa de pesaje.<\/p>\n\n\n\n<p>La m\u00e1quina de envasado rotativo autom\u00e1tico MRZK-130 con alimentador de tazas personalizado que proporcionamos cumpli\u00f3 con todos los est\u00e1ndares y resolvi\u00f3 completamente los problemas de nuestros clientes.<\/p>\n\n\n\n<p>La maquinaria de la f\u00e1brica de los hu\u00e9spedes ahora puede producir m\u00e1s paquetes por d\u00eda, aumentando efectivamente la eficiencia de la producci\u00f3n y reduciendo los gastos de mano de obra. Adem\u00e1s, los invitados nos han dado tremendos elogios.<\/p>\n\n\n\n<div class=\"wp-block-image\"><figure class=\"aligncenter is-resized\"><img decoding=\"async\" loading=\"lazy\" src=\"https:\/\/www.echomachinery.com\/wp-content\/uploads\/2022\/09\/wechat.jpg\" alt=\"\" class=\"wp-image-6284\" width=\"272\" height=\"604\" srcset=\"https:\/\/www.echomachinery.com\/wp-content\/uploads\/2022\/09\/wechat.jpg 418w, https:\/\/www.echomachinery.com\/wp-content\/uploads\/2022\/09\/wechat-135x300.jpg 135w\" sizes=\"(max-width: 272px) 100vw, 272px\" \/><\/figure><\/div>","protected":false},"excerpt":{"rendered":"<p>CASE STUDY Agent from Thailand This one of our agent at Thailand. We provided them with automatic vacuum packaging of 10 grams and 20 grams of chopped peanuts for automation and modernization packaging, yielding a remarkable result in the end. MRZK-130 Automatic Vacuum Packaging Machineswith Contraction Cup Filler Chopped Peanuts Packaging Overview XXX Automation.,Ltd is&hellip;&nbsp;<a href=\"https:\/\/www.echomachinery.com\/es\/case-study\/chopped-peanuts-for-automation-and-modernization-packaging\/\" class=\"\" rel=\"bookmark\">Leer m\u00e1s \u00bb<span class=\"screen-reader-text\">Cacahuetes picados para automatizaci\u00f3n y modernizaci\u00f3n de envases \u2013 Caso de estudio<\/span><\/a><\/p>","protected":false},"author":1,"featured_media":6272,"parent":6150,"menu_order":0,"comment_status":"closed","ping_status":"closed","template":"page-templates\/case.php","meta":{"inline_featured_image":false,"ub_ctt_via":"","kt_blocks_editor_width":""},"aioseo_notices":[],"featured_image_src":"https:\/\/www.echomachinery.com\/wp-content\/uploads\/2022\/09\/packed-chopped-peanuts-3-scaled.jpg","_links":{"self":[{"href":"https:\/\/www.echomachinery.com\/es\/wp-json\/wp\/v2\/pages\/6271"}],"collection":[{"href":"https:\/\/www.echomachinery.com\/es\/wp-json\/wp\/v2\/pages"}],"about":[{"href":"https:\/\/www.echomachinery.com\/es\/wp-json\/wp\/v2\/types\/page"}],"author":[{"embeddable":true,"href":"https:\/\/www.echomachinery.com\/es\/wp-json\/wp\/v2\/users\/1"}],"replies":[{"embeddable":true,"href":"https:\/\/www.echomachinery.com\/es\/wp-json\/wp\/v2\/comments?post=6271"}],"version-history":[{"count":0,"href":"https:\/\/www.echomachinery.com\/es\/wp-json\/wp\/v2\/pages\/6271\/revisions"}],"up":[{"embeddable":true,"href":"https:\/\/www.echomachinery.com\/es\/wp-json\/wp\/v2\/pages\/6150"}],"wp:featuredmedia":[{"embeddable":true,"href":"https:\/\/www.echomachinery.com\/es\/wp-json\/wp\/v2\/media\/6272"}],"wp:attachment":[{"href":"https:\/\/www.echomachinery.com\/es\/wp-json\/wp\/v2\/media?parent=6271"}],"curies":[{"name":"pp","href":"https:\/\/api.w.org\/{rel}","templated":true}]}}