{"id":6290,"date":"2022-09-15T07:22:38","date_gmt":"2022-09-15T05:22:38","guid":{"rendered":"https:\/\/www.echomachinery.com\/?page_id=6290"},"modified":"2022-09-23T04:58:18","modified_gmt":"2022-09-23T02:58:18","slug":"puffed-food-packaging-machine","status":"publish","type":"page","link":"https:\/\/www.echomachinery.com\/es\/case-study\/puffed-food-packaging-machine\/","title":{"rendered":"M\u00e1quina de envasado de alimentos inflado \u2013 Caso de estudio"},"content":{"rendered":"<style id=\"kt-blocks_b20f69-77\">#kt-layout-id_b20f69-77 > .kt-row-column-wrap.kb-theme-content-width{max-width:1090px;}@media all and (min-width: 768px){#kt-layout-id_b20f69-77 > .kt-row-column-wrap > .inner-column-1{flex:0 1 50%;-webkit-flex:0 1 50%;}#kt-layout-id_b20f69-77 > .kt-row-column-wrap > .inner-column-2{flex:0 1 50%;-webkit-flex:0 1 50%;}}#kt-layout-id_b20f69-77 > .kt-row-column-wrap{padding-top:0px;padding-bottom:0px;}<\/style>\n<div class=\"wp-block-kadence-rowlayout alignfull\"><div id=\"kt-layout-id_b20f69-77\" class=\"kt-row-layout-inner kt-layout-id_b20f69-77\"><div class=\"kt-row-column-wrap kt-has-2-columns kt-gutter-default kt-v-gutter-default kt-row-valign-top kt-row-layout-equal kt-tab-layout-inherit kt-m-colapse-left-to-right kt-mobile-layout-row  kt-custom-first-width-50  kt-custom-second-width-50 kb-theme-content-width\"><style id=\"kt-blocks_df9f68-db\">.kt-row-layout-inner > .kt-row-column-wrap > .kadence-column_df9f68-db > .kt-inside-inner-col{margin-bottom:125px;}@media all and (max-width: 1024px){.kt-row-layout-inner > .kt-row-column-wrap > .kadence-column_df9f68-db > .kt-inside-inner-col{margin-bottom:125px;}}@media all and (max-width: 767px){.kt-row-layout-inner > .kt-row-column-wrap > .kadence-column_df9f68-db > .kt-inside-inner-col{margin-bottom:0px;}}<\/style>\n<div class=\"wp-block-kadence-column inner-column-1 kadence-column_df9f68-db\"><div class=\"kt-inside-inner-col\">\n<p class=\"has-neve-link-hover-color-color has-text-color has-medium-font-size\"><strong>ESTUDIO DE CASO<\/strong><\/p>\n\n\n\n<h1 style=\"font-style:normal;font-weight:700\">philipmundo internacional<\/h1>\n\n\n\n<p>Philipworld es uno de nuestros socios comerciales. Necesitaba una m\u00e1quina de envasado para automatizar su l\u00ednea de empaque. Despu\u00e9s de que el cliente compr\u00f3 dos de nuestro equipo, hab\u00eda algo malo con el uso de la m\u00e1quina. Enviamos a nuestro ingeniero a Corea para la inspecci\u00f3n f\u00edsica y los ajustes. Despu\u00e9s de ofrecer la soluci\u00f3n recomendada, hicimos muy feliz a nuestro cliente.<\/p>\n<\/div><\/div>\n\n\n<style id=\"kt-blocks_1fb33b-7e\">.kt-row-layout-inner > .kt-row-column-wrap > .kadence-column_1fb33b-7e > .kt-inside-inner-col{padding-top:200px;padding-bottom:200px;border-color:#e60027;border-top-width:7px;border-right-width:7px;border-bottom-width:7px;border-left-width:7px;border-top-left-radius:0px;border-top-right-radius:100px;border-bottom-right-radius:0px;border-bottom-left-radius:100px;}.kt-row-layout-inner > .kt-row-column-wrap > .kadence-column_1fb33b-7e > .kt-inside-inner-col{background-image:url('https:\/\/www.echomachinery.com\/wp-content\/uploads\/2022\/09\/image.png');background-size:cover;background-position:50% 50%;background-attachment:scroll;background-repeat:no-repeat;}@media all and (max-width: 1024px){.kadence-column_1fb33b-7e > .kt-inside-inner-col{display:block;}}@media all and (max-width: 767px){.kadence-column_1fb33b-7e > .kt-inside-inner-col{display:block;}}.kadence-column_1fb33b-7e {n}<\/style>\n<div class=\"wp-block-kadence-column inner-column-2 kadence-column_1fb33b-7e img-box-shadow\"><div class=\"kt-inside-inner-col\"><\/div><\/div>\n<\/div><\/div><\/div>\n\n\n<style id=\"kt-blocks_a8a8dc-6c\">#kt-layout-id_a8a8dc-6c > .kt-row-column-wrap.kb-theme-content-width{max-width:1090px;}@media all and (min-width: 768px){#kt-layout-id_a8a8dc-6c > .kt-row-column-wrap > .inner-column-1{flex:0 1 30%;-webkit-flex:0 1 30%;}#kt-layout-id_a8a8dc-6c > .kt-row-column-wrap > .inner-column-2{flex:0 1 20%;-webkit-flex:0 1 20%;}#kt-layout-id_a8a8dc-6c > .kt-row-column-wrap > .inner-column-3{flex:0 1 50%;-webkit-flex:0 1 50%;}}@media all and (min-width: 768px) and (max-width: 1024px){#kt-layout-id_a8a8dc-6c > .kt-row-column-wrap > .inner-column-1{flex:0 1 25%;-webkit-flex:0 1 25%;}#kt-layout-id_a8a8dc-6c > .kt-row-column-wrap > .inner-column-2{flex:0 1 25%;-webkit-flex:0 1 25%;}#kt-layout-id_a8a8dc-6c > .kt-row-column-wrap > .inner-column-3{flex:0 1 50%;-webkit-flex:0 1 50%;}}#kt-layout-id_a8a8dc-6c{margin-top:-125px;background-color:#eeeeee;}#kt-layout-id_a8a8dc-6c > .kt-row-column-wrap{padding-top:0px;padding-bottom:0px;padding-left:20px;padding-right:0px;}@media all and (max-width: 1024px){#kt-layout-id_a8a8dc-6c{margin-top:-125px;}#kt-layout-id_a8a8dc-6c > .kt-row-column-wrap{padding-left:20px;}}@media all and (max-width: 767px){#kt-layout-id_a8a8dc-6c{margin-top:-225px;}#kt-layout-id_a8a8dc-6c > .kt-row-column-wrap{padding-top:160px;padding-left:20px;padding-right:20px;}}<\/style>\n<div class=\"wp-block-kadence-rowlayout alignfull\"><div id=\"kt-layout-id_a8a8dc-6c\" class=\"kt-row-layout-inner kt-row-has-bg kt-layout-id_a8a8dc-6c\"><div class=\"kt-row-column-wrap kt-has-3-columns kt-gutter-narrow kt-v-gutter-none kt-row-valign-top kt-row-layout-equal kt-tab-layout-right-half kt-m-colapse-right-to-left kt-mobile-layout-row  kt-custom-first-width-30  kt-custom-second-width-20  kt-custom-third-width-50 kb-theme-content-width\">\n<div class=\"wp-block-kadence-column inner-column-1 kadence-column_ff8a1f-05\"><div class=\"kt-inside-inner-col\">\n<div class=\"wp-block-kadence-icon kt-svg-icons kt-svg-icons_6bd994-30 alignnone\" style=\"text-align:center\"><div class=\"kt-svg-style-default kt-svg-icon-wrap kt-svg-item-0\"><div style=\"display:inline-flex;justify-content:center;align-items:center;color:#000000\" class=\"kt-svg-icon kt-svg-icon-fe_settings\"><svg style=\"display:inline-block;vertical-align:middle\" viewbox=\"0 0 24 24\" height=\"50\" width=\"50\" fill=\"none\" stroke=\"currentColor\" xmlns=\"http:\/\/www.w3.org\/2000\/svg\" stroke-width=\"2\" stroke-linecap=\"round\" stroke-linejoin=\"round\" aria-hidden=\"true\"><circle cx=\"12\" cy=\"12\" r=\"3\"><\/circle><path d=\"M19.4 15a1.65 1.65 0 0 0 .33 1.82l.06.06a2 2 0 0 1 0 2.83 2 2 0 0 1-2.83 0l-.06-.06a1.65 1.65 0 0 0-1.82-.33 1.65 1.65 0 0 0-1 1.51V21a2 2 0 0 1-2 2 2 2 0 0 1-2-2v-.09A1.65 1.65 0 0 0 9 19.4a1.65 1.65 0 0 0-1.82.33l-.06.06a2 2 0 0 1-2.83 0 2 2 0 0 1 0-2.83l.06-.06a1.65 1.65 0 0 0 .33-1.82 1.65 1.65 0 0 0-1.51-1H3a2 2 0 0 1-2-2 2 2 0 0 1 2-2h.09A1.65 1.65 0 0 0 4.6 9a1.65 1.65 0 0 0-.33-1.82l-.06-.06a2 2 0 0 1 0-2.83 2 2 0 0 1 2.83 0l.06.06a1.65 1.65 0 0 0 1.82.33H9a1.65 1.65 0 0 0 1-1.51V3a2 2 0 0 1 2-2 2 2 0 0 1 2 2v.09a1.65 1.65 0 0 0 1 1.51 1.65 1.65 0 0 0 1.82-.33l.06-.06a2 2 0 0 1 2.83 0 2 2 0 0 1 0 2.83l-.06.06a1.65 1.65 0 0 0-.33 1.82V9a1.65 1.65 0 0 0 1.51 1H21a2 2 0 0 1 2 2 2 2 0 0 1-2 2h-.09a1.65 1.65 0 0 0-1.51 1z\"><\/path><\/svg><\/div><\/div><\/div>\n\n\n\n<p class=\"has-text-align-center\">Juego de 2 <a href=\"https:\/\/www.echomachinery.com\/es\/packaging-machines\/premade-pouch-packing-machine\/\" title=\"\">M\u00e1quinas de envasado de bolsa prefabricada MR-200R<\/a><br>con <a href=\"https:\/\/www.echomachinery.com\/es\/packaging-machines\/relative-devices\/multi-head-weigher\/\">Pesador multicabezal<\/a><\/p>\n<\/div><\/div>\n\n\n\n<div class=\"wp-block-kadence-column inner-column-2 kadence-column_5fbfdd-aa\"><div class=\"kt-inside-inner-col\">\n<div class=\"wp-block-kadence-icon kt-svg-icons kt-svg-icons_1ef7f6-11 alignnone\" style=\"text-align:center\"><div class=\"kt-svg-style-default kt-svg-icon-wrap kt-svg-item-0\"><div style=\"display:inline-flex;justify-content:center;align-items:center;color:#000000\" class=\"kt-svg-icon kt-svg-icon-fe_shoppingBag\"><svg style=\"display:inline-block;vertical-align:middle\" viewbox=\"0 0 24 24\" height=\"50\" width=\"50\" fill=\"none\" stroke=\"currentColor\" xmlns=\"http:\/\/www.w3.org\/2000\/svg\" stroke-width=\"2\" stroke-linecap=\"round\" stroke-linejoin=\"round\" aria-hidden=\"true\"><path d=\"M6 2L3 6v14a2 2 0 0 0 2 2h14a2 2 0 0 0 2-2V6l-3-4z\"><\/path><line x1=\"3\" y1=\"6\" x2=\"21\" y2=\"6\"><\/line><path d=\"M16 10a4 4 0 0 1-8 0\"><\/path><\/svg><\/div><\/div><\/div>\n\n\n\n<p class=\"has-text-align-center\"><a href=\"https:\/\/www.echomachinery.com\/es\/industries\/snack-food-packaging-machine\/\">Envasado de alimentos inflados<\/a><\/p>\n<\/div><\/div>\n\n\n\n<div class=\"wp-block-kadence-column inner-column-3 kadence-column_a76501-9a\"><div class=\"kt-inside-inner-col\">\n<div class=\"wp-block-kadence-icon kt-svg-icons kt-svg-icons_134468-84 alignnone\" style=\"text-align:center\"><div class=\"kt-svg-style-default kt-svg-icon-wrap kt-svg-item-0\"><\/div><\/div>\n<\/div><\/div>\n<\/div><\/div><\/div>\n\n\n\n<div style=\"height:30px\" aria-hidden=\"true\" class=\"wp-block-spacer\"><\/div>\n\n\n\n<p>Despu\u00e9s de la comunicaci\u00f3n inicial, probamos el equipo utilizando muestras del cliente y bolsas que son comparables a esas muestras. Ajustamos la maquinaria de envasado para adaptarse mejor a los productos inflados producidos por nuestro cliente. A partir de nuestra innovaci\u00f3n en ingenier\u00eda, decidimos utilizar dos m\u00e1quinas para finalizar el empaque de m\u00faltiples categor\u00edas de productos ya que el ancho de las bolsas del cliente est\u00e1 dentro del rango que se puede manejar. Nos aseguramos de que fuera bastante f\u00e1cil de ajustar y reemplazar.<\/p>\n\n\n\n<figure class=\"is-layout-flex wp-block-gallery-1 wp-block-gallery has-nested-images columns-default\">\n<figure class=\"wp-block-image size-large\"><img decoding=\"async\" loading=\"lazy\" width=\"461\" height=\"1024\" data-id=\"6295\"  src=\"https:\/\/www.echomachinery.com\/wp-content\/uploads\/2022\/09\/puffed-food3-461x1024.jpg\" alt=\"\" class=\"wp-image-6295\" srcset=\"https:\/\/www.echomachinery.com\/wp-content\/uploads\/2022\/09\/puffed-food3-461x1024.jpg 461w, https:\/\/www.echomachinery.com\/wp-content\/uploads\/2022\/09\/puffed-food3-135x300.jpg 135w, https:\/\/www.echomachinery.com\/wp-content\/uploads\/2022\/09\/puffed-food3-768x1707.jpg 768w, https:\/\/www.echomachinery.com\/wp-content\/uploads\/2022\/09\/puffed-food3-691x1536.jpg 691w, https:\/\/www.echomachinery.com\/wp-content\/uploads\/2022\/09\/puffed-food3.jpg 864w\" sizes=\"(max-width: 461px) 100vw, 461px\" \/><\/figure>\n\n\n\n<figure class=\"wp-block-image size-large\"><img decoding=\"async\" loading=\"lazy\" width=\"461\" height=\"1024\" data-id=\"6294\"  src=\"https:\/\/www.echomachinery.com\/wp-content\/uploads\/2022\/09\/puffed-food5-461x1024.jpg\" alt=\"\" class=\"wp-image-6294\" srcset=\"https:\/\/www.echomachinery.com\/wp-content\/uploads\/2022\/09\/puffed-food5-461x1024.jpg 461w, https:\/\/www.echomachinery.com\/wp-content\/uploads\/2022\/09\/puffed-food5-135x300.jpg 135w, https:\/\/www.echomachinery.com\/wp-content\/uploads\/2022\/09\/puffed-food5-768x1707.jpg 768w, https:\/\/www.echomachinery.com\/wp-content\/uploads\/2022\/09\/puffed-food5-691x1536.jpg 691w, https:\/\/www.echomachinery.com\/wp-content\/uploads\/2022\/09\/puffed-food5.jpg 864w\" sizes=\"(max-width: 461px) 100vw, 461px\" \/><\/figure>\n\n\n\n<figure class=\"wp-block-image size-large\"><img decoding=\"async\" loading=\"lazy\" width=\"461\" height=\"1024\" data-id=\"6293\"  src=\"https:\/\/www.echomachinery.com\/wp-content\/uploads\/2022\/09\/puffed-food4-461x1024.jpg\" alt=\"\" class=\"wp-image-6293\" srcset=\"https:\/\/www.echomachinery.com\/wp-content\/uploads\/2022\/09\/puffed-food4-461x1024.jpg 461w, https:\/\/www.echomachinery.com\/wp-content\/uploads\/2022\/09\/puffed-food4-135x300.jpg 135w, https:\/\/www.echomachinery.com\/wp-content\/uploads\/2022\/09\/puffed-food4-768x1707.jpg 768w, https:\/\/www.echomachinery.com\/wp-content\/uploads\/2022\/09\/puffed-food4-691x1536.jpg 691w, https:\/\/www.echomachinery.com\/wp-content\/uploads\/2022\/09\/puffed-food4.jpg 864w\" sizes=\"(max-width: 461px) 100vw, 461px\" \/><\/figure>\n\n\n\n<figure class=\"wp-block-image size-large\"><img decoding=\"async\" loading=\"lazy\" width=\"1024\" height=\"461\" data-id=\"6292\"  src=\"https:\/\/www.echomachinery.com\/wp-content\/uploads\/2022\/09\/puffed-food1-1024x461.jpg\" alt=\"\" class=\"wp-image-6292\" srcset=\"https:\/\/www.echomachinery.com\/wp-content\/uploads\/2022\/09\/puffed-food1-1024x461.jpg 1024w, https:\/\/www.echomachinery.com\/wp-content\/uploads\/2022\/09\/puffed-food1-300x135.jpg 300w, https:\/\/www.echomachinery.com\/wp-content\/uploads\/2022\/09\/puffed-food1-768x346.jpg 768w, https:\/\/www.echomachinery.com\/wp-content\/uploads\/2022\/09\/puffed-food1-1536x691.jpg 1536w, https:\/\/www.echomachinery.com\/wp-content\/uploads\/2022\/09\/puffed-food1.jpg 1920w\" sizes=\"(max-width: 1024px) 100vw, 1024px\" \/><\/figure>\n\n\n\n<figure class=\"wp-block-image size-large\"><img decoding=\"async\" loading=\"lazy\" width=\"1024\" height=\"461\" data-id=\"6296\"  src=\"https:\/\/www.echomachinery.com\/wp-content\/uploads\/2022\/09\/puffed-food2-1024x461.jpg\" alt=\"\" class=\"wp-image-6296\" srcset=\"https:\/\/www.echomachinery.com\/wp-content\/uploads\/2022\/09\/puffed-food2-1024x461.jpg 1024w, https:\/\/www.echomachinery.com\/wp-content\/uploads\/2022\/09\/puffed-food2-300x135.jpg 300w, https:\/\/www.echomachinery.com\/wp-content\/uploads\/2022\/09\/puffed-food2-768x346.jpg 768w, https:\/\/www.echomachinery.com\/wp-content\/uploads\/2022\/09\/puffed-food2-1536x691.jpg 1536w, https:\/\/www.echomachinery.com\/wp-content\/uploads\/2022\/09\/puffed-food2.jpg 1920w\" sizes=\"(max-width: 1024px) 100vw, 1024px\" \/><\/figure>\n<\/figure>\n\n\n\n<p>Al reemplazar, todo lo que se requiere es ajustar la distancia entre los clips de la m\u00e1quina y, al mismo tiempo, ajustar el tama\u00f1o de las bolsas. Tambi\u00e9n hay varios alimentos inflados con recubrimientos como los anillos de coco entre ellos. Para mejorar la eficiencia en la que se canalizan los productos en la bolsa, apagamos la placa de pesaje para una a cuadros y modificamos el \u00e1ngulo de la tolva de pesaje.<\/p>\n\n\n\n<p>El cliente cre\u00f3 varias visas coreanas y otros documentos de requerimiento de entrada durante las numerosas comunicaciones y negociaciones que tuvimos con \u00e9l. Tambi\u00e9n hemos sido muy activos en trabajar con satisfacer sus demandas. Nuestro ingeniero lleg\u00f3 a Corea sin ning\u00fan problema y ayud\u00f3 profesionalmente al cliente a instalar el equipo. Tambi\u00e9n hizo que el cliente pudiera manejar la maquinaria de manera efectiva y eficiente.<\/p>\n\n\n\n<figure class=\"wp-block-embed is-type-video is-provider-youtube wp-block-embed-youtube wp-embed-aspect-16-9 wp-has-aspect-ratio\"><div class=\"wp-block-embed__wrapper\">\n<div class=\"nv-iframe-embed\"><iframe loading=\"lazy\" title=\"Prueba de m\u00e1quinas Philipworld International | Maquinaria Echo\" width=\"1090\" height=\"613\" src=\"https:\/\/www.youtube.com\/embed\/NwjWadUqYCg?feature=oembed\" frameborder=\"0\" allow=\"accelerometer; autoplay; clipboard-write; encrypted-media; gyroscope; picture-in-picture\" allowfullscreen><\/iframe><\/div>\n<\/div><\/figure>\n\n\n\n<p>El proyecto se complet\u00f3 con \u00e9xito, nosotros y nuestros clientes confiamos m\u00e1s en los dem\u00e1s. Nuestro cliente agregar\u00e1 nuestra informaci\u00f3n de equipo en su sitio web, con la esperanza de que podamos trabajar juntos para desarrollar un mercado m\u00e1s amplio y esperar una mayor cooperaci\u00f3n en el futuro cercano.<\/p>","protected":false},"excerpt":{"rendered":"<p>CASE STUDY Philipworld international Philipworld is one of our business partners. He needed packaging machine on making his packaging line automated. After the customer purchased two of our equipment, there was something wrong with the use of the machine. We sent our engineer to Korea for physical inspection and adjustments. After proffering the recommended solution,&hellip;&nbsp;<a href=\"https:\/\/www.echomachinery.com\/es\/case-study\/puffed-food-packaging-machine\/\" class=\"\" rel=\"bookmark\">Leer m\u00e1s \u00bb<span class=\"screen-reader-text\">M\u00e1quina de envasado de alimentos inflado \u2013 Caso de estudio<\/span><\/a><\/p>","protected":false},"author":1,"featured_media":6297,"parent":6150,"menu_order":0,"comment_status":"closed","ping_status":"closed","template":"page-templates\/case.php","meta":{"inline_featured_image":false,"ub_ctt_via":"","kt_blocks_editor_width":""},"aioseo_notices":[],"featured_image_src":"https:\/\/www.echomachinery.com\/wp-content\/uploads\/2022\/09\/image.png","_links":{"self":[{"href":"https:\/\/www.echomachinery.com\/es\/wp-json\/wp\/v2\/pages\/6290"}],"collection":[{"href":"https:\/\/www.echomachinery.com\/es\/wp-json\/wp\/v2\/pages"}],"about":[{"href":"https:\/\/www.echomachinery.com\/es\/wp-json\/wp\/v2\/types\/page"}],"author":[{"embeddable":true,"href":"https:\/\/www.echomachinery.com\/es\/wp-json\/wp\/v2\/users\/1"}],"replies":[{"embeddable":true,"href":"https:\/\/www.echomachinery.com\/es\/wp-json\/wp\/v2\/comments?post=6290"}],"version-history":[{"count":0,"href":"https:\/\/www.echomachinery.com\/es\/wp-json\/wp\/v2\/pages\/6290\/revisions"}],"up":[{"embeddable":true,"href":"https:\/\/www.echomachinery.com\/es\/wp-json\/wp\/v2\/pages\/6150"}],"wp:featuredmedia":[{"embeddable":true,"href":"https:\/\/www.echomachinery.com\/es\/wp-json\/wp\/v2\/media\/6297"}],"wp:attachment":[{"href":"https:\/\/www.echomachinery.com\/es\/wp-json\/wp\/v2\/media?parent=6290"}],"curies":[{"name":"pp","href":"https:\/\/api.w.org\/{rel}","templated":true}]}}