{"id":6299,"date":"2022-09-16T04:42:48","date_gmt":"2022-09-16T02:42:48","guid":{"rendered":"https:\/\/www.echomachinery.com\/?page_id=6299"},"modified":"2022-09-23T04:54:35","modified_gmt":"2022-09-23T02:54:35","slug":"dried-fruit-seasoning-powder-packaging-solution","status":"publish","type":"page","link":"https:\/\/www.echomachinery.com\/es\/case-study\/dried-fruit-seasoning-powder-packaging-solution\/","title":{"rendered":"Soluci\u00f3n de envasado de polvo de frutas y sazonadores \u2013 Caso de estudio"},"content":{"rendered":"<style id=\"kt-blocks_b20f69-77\">#kt-layout-id_b20f69-77 > .kt-row-column-wrap.kb-theme-content-width{max-width:1090px;}@media all and (min-width: 768px){#kt-layout-id_b20f69-77 > .kt-row-column-wrap > .inner-column-1{flex:0 1 50%;-webkit-flex:0 1 50%;}#kt-layout-id_b20f69-77 > .kt-row-column-wrap > .inner-column-2{flex:0 1 50%;-webkit-flex:0 1 50%;}}#kt-layout-id_b20f69-77 > .kt-row-column-wrap{padding-top:0px;padding-bottom:0px;}<\/style>\n<div class=\"wp-block-kadence-rowlayout alignfull\"><div id=\"kt-layout-id_b20f69-77\" class=\"kt-row-layout-inner kt-layout-id_b20f69-77\"><div class=\"kt-row-column-wrap kt-has-2-columns kt-gutter-default kt-v-gutter-default kt-row-valign-top kt-row-layout-equal kt-tab-layout-inherit kt-m-colapse-left-to-right kt-mobile-layout-row  kt-custom-first-width-50  kt-custom-second-width-50 kb-theme-content-width\"><style id=\"kt-blocks_df9f68-db\">.kt-row-layout-inner > .kt-row-column-wrap > .kadence-column_df9f68-db > .kt-inside-inner-col{margin-bottom:125px;}@media all and (max-width: 1024px){.kt-row-layout-inner > .kt-row-column-wrap > .kadence-column_df9f68-db > .kt-inside-inner-col{margin-bottom:125px;}}@media all and (max-width: 767px){.kt-row-layout-inner > .kt-row-column-wrap > .kadence-column_df9f68-db > .kt-inside-inner-col{margin-bottom:0px;}}<\/style>\n<div class=\"wp-block-kadence-column inner-column-1 kadence-column_df9f68-db\"><div class=\"kt-inside-inner-col\">\n<p class=\"has-neve-link-hover-color-color has-text-color has-medium-font-size\"><strong>ESTUDIO DE CASO<\/strong><\/p>\n\n\n\n<h1 style=\"font-style:normal;font-weight:700\">Soluci\u00f3n de envasado de polvo de frutas y sazonadores<\/h1>\n\n\n\n<p>Spice United GmbH nos lleg\u00f3 a trav\u00e9s de la red. Presentaron a nuestra empresa al cliente nuevamente. El cliente quiere empacar frutas secas, pimienta negra y polvo de condimento en una bolsa prefabricada.<\/p>\n<\/div><\/div>\n\n\n<style id=\"kt-blocks_1fb33b-7e\">.kt-row-layout-inner > .kt-row-column-wrap > .kadence-column_1fb33b-7e > .kt-inside-inner-col{padding-top:200px;padding-bottom:200px;border-color:#e60027;border-top-width:7px;border-right-width:7px;border-bottom-width:7px;border-left-width:7px;border-top-left-radius:0px;border-top-right-radius:100px;border-bottom-right-radius:0px;border-bottom-left-radius:100px;}.kt-row-layout-inner > .kt-row-column-wrap > .kadence-column_1fb33b-7e > .kt-inside-inner-col{background-image:url('https:\/\/www.echomachinery.com\/wp-content\/uploads\/2022\/09\/\u5fae\u4fe1\u56fe\u7247_202204121305535.jpg');background-size:cover;background-position:50% 50%;background-attachment:scroll;background-repeat:no-repeat;}@media all and (max-width: 1024px){.kadence-column_1fb33b-7e > .kt-inside-inner-col{display:block;}}@media all and (max-width: 767px){.kadence-column_1fb33b-7e > .kt-inside-inner-col{display:block;}}.kadence-column_1fb33b-7e {n}<\/style>\n<div class=\"wp-block-kadence-column inner-column-2 kadence-column_1fb33b-7e img-box-shadow\"><div class=\"kt-inside-inner-col\"><\/div><\/div>\n<\/div><\/div><\/div>\n\n\n<style id=\"kt-blocks_a8a8dc-6c\">#kt-layout-id_a8a8dc-6c > .kt-row-column-wrap.kb-theme-content-width{max-width:1090px;}@media all and (min-width: 768px){#kt-layout-id_a8a8dc-6c > .kt-row-column-wrap > .inner-column-1{flex:0 1 30%;-webkit-flex:0 1 30%;}#kt-layout-id_a8a8dc-6c > .kt-row-column-wrap > .inner-column-2{flex:0 1 20%;-webkit-flex:0 1 20%;}#kt-layout-id_a8a8dc-6c > .kt-row-column-wrap > .inner-column-3{flex:0 1 50%;-webkit-flex:0 1 50%;}}@media all and (min-width: 768px) and (max-width: 1024px){#kt-layout-id_a8a8dc-6c > .kt-row-column-wrap > .inner-column-1{flex:0 1 25%;-webkit-flex:0 1 25%;}#kt-layout-id_a8a8dc-6c > .kt-row-column-wrap > .inner-column-2{flex:0 1 25%;-webkit-flex:0 1 25%;}#kt-layout-id_a8a8dc-6c > .kt-row-column-wrap > .inner-column-3{flex:0 1 50%;-webkit-flex:0 1 50%;}}#kt-layout-id_a8a8dc-6c{margin-top:-125px;background-color:#eeeeee;}#kt-layout-id_a8a8dc-6c > .kt-row-column-wrap{padding-top:0px;padding-bottom:0px;padding-left:20px;padding-right:0px;}@media all and (max-width: 1024px){#kt-layout-id_a8a8dc-6c{margin-top:-125px;}#kt-layout-id_a8a8dc-6c > .kt-row-column-wrap{padding-left:20px;}}@media all and (max-width: 767px){#kt-layout-id_a8a8dc-6c{margin-top:-225px;}#kt-layout-id_a8a8dc-6c > .kt-row-column-wrap{padding-top:160px;padding-left:20px;padding-right:20px;}}<\/style>\n<div class=\"wp-block-kadence-rowlayout alignfull\"><div id=\"kt-layout-id_a8a8dc-6c\" class=\"kt-row-layout-inner kt-row-has-bg kt-layout-id_a8a8dc-6c\"><div class=\"kt-row-column-wrap kt-has-3-columns kt-gutter-narrow kt-v-gutter-none kt-row-valign-top kt-row-layout-equal kt-tab-layout-right-half kt-m-colapse-right-to-left kt-mobile-layout-row  kt-custom-first-width-30  kt-custom-second-width-20  kt-custom-third-width-50 kb-theme-content-width\">\n<div class=\"wp-block-kadence-column inner-column-1 kadence-column_ff8a1f-05\"><div class=\"kt-inside-inner-col\">\n<div class=\"wp-block-kadence-icon kt-svg-icons kt-svg-icons_6bd994-30 alignnone\" style=\"text-align:center\"><div class=\"kt-svg-style-default kt-svg-icon-wrap kt-svg-item-0\"><div style=\"display:inline-flex;justify-content:center;align-items:center;color:#000000\" class=\"kt-svg-icon kt-svg-icon-fe_settings\"><svg style=\"display:inline-block;vertical-align:middle\" viewbox=\"0 0 24 24\" height=\"50\" width=\"50\" fill=\"none\" stroke=\"currentColor\" xmlns=\"http:\/\/www.w3.org\/2000\/svg\" stroke-width=\"2\" stroke-linecap=\"round\" stroke-linejoin=\"round\" aria-hidden=\"true\"><circle cx=\"12\" cy=\"12\" r=\"3\"><\/circle><path d=\"M19.4 15a1.65 1.65 0 0 0 .33 1.82l.06.06a2 2 0 0 1 0 2.83 2 2 0 0 1-2.83 0l-.06-.06a1.65 1.65 0 0 0-1.82-.33 1.65 1.65 0 0 0-1 1.51V21a2 2 0 0 1-2 2 2 2 0 0 1-2-2v-.09A1.65 1.65 0 0 0 9 19.4a1.65 1.65 0 0 0-1.82.33l-.06.06a2 2 0 0 1-2.83 0 2 2 0 0 1 0-2.83l.06-.06a1.65 1.65 0 0 0 .33-1.82 1.65 1.65 0 0 0-1.51-1H3a2 2 0 0 1-2-2 2 2 0 0 1 2-2h.09A1.65 1.65 0 0 0 4.6 9a1.65 1.65 0 0 0-.33-1.82l-.06-.06a2 2 0 0 1 0-2.83 2 2 0 0 1 2.83 0l.06.06a1.65 1.65 0 0 0 1.82.33H9a1.65 1.65 0 0 0 1-1.51V3a2 2 0 0 1 2-2 2 2 0 0 1 2 2v.09a1.65 1.65 0 0 0 1 1.51 1.65 1.65 0 0 0 1.82-.33l.06-.06a2 2 0 0 1 2.83 0 2 2 0 0 1 0 2.83l-.06.06a1.65 1.65 0 0 0-.33 1.82V9a1.65 1.65 0 0 0 1.51 1H21a2 2 0 0 1 2 2 2 2 0 0 1-2 2h-.09a1.65 1.65 0 0 0-1.51 1z\"><\/path><\/svg><\/div><\/div><\/div>\n\n\n\n<p class=\"has-text-align-center\">Juego de 2 <a href=\"https:\/\/www.echomachinery.com\/es\/packaging-machines\/premade-pouch-packing-machine\/\" title=\"M\u00e1quina de envasado de bolsas prefabricadas\">M\u00e1quinas de envasado de bolsa prefabricada MR-300R<\/a><\/p>\n<\/div><\/div>\n\n\n\n<div class=\"wp-block-kadence-column inner-column-2 kadence-column_5fbfdd-aa\"><div class=\"kt-inside-inner-col\">\n<div class=\"wp-block-kadence-icon kt-svg-icons kt-svg-icons_1ef7f6-11 alignnone\" style=\"text-align:center\"><div class=\"kt-svg-style-default kt-svg-icon-wrap kt-svg-item-0\"><div style=\"display:inline-flex;justify-content:center;align-items:center;color:#000000\" class=\"kt-svg-icon kt-svg-icon-fe_shoppingBag\"><svg style=\"display:inline-block;vertical-align:middle\" viewbox=\"0 0 24 24\" height=\"50\" width=\"50\" fill=\"none\" stroke=\"currentColor\" xmlns=\"http:\/\/www.w3.org\/2000\/svg\" stroke-width=\"2\" stroke-linecap=\"round\" stroke-linejoin=\"round\" aria-hidden=\"true\"><path d=\"M6 2L3 6v14a2 2 0 0 0 2 2h14a2 2 0 0 0 2-2V6l-3-4z\"><\/path><line x1=\"3\" y1=\"6\" x2=\"21\" y2=\"6\"><\/line><path d=\"M16 10a4 4 0 0 1-8 0\"><\/path><\/svg><\/div><\/div><\/div>\n\n\n\n<p class=\"has-text-align-center\"><a href=\"https:\/\/www.echomachinery.com\/es\/industries\/powder-packing-solution\/\">Frutas secas, envases de polvo de condimento<\/a><\/p>\n<\/div><\/div>\n\n\n\n<div class=\"wp-block-kadence-column inner-column-3 kadence-column_a76501-9a\"><div class=\"kt-inside-inner-col\">\n<div class=\"wp-block-kadence-icon kt-svg-icons kt-svg-icons_134468-84 alignnone\" style=\"text-align:center\"><div class=\"kt-svg-style-default kt-svg-icon-wrap kt-svg-item-0\"><\/div><\/div>\n<\/div><\/div>\n<\/div><\/div><\/div>\n\n\n\n<div style=\"height:30px\" aria-hidden=\"true\" class=\"wp-block-spacer\"><\/div>\n\n\n\n<h2>Descripci\u00f3n general<\/h2>\n\n\n\n<p>Spice United GmbH es una empresa de especias situada en Berl\u00edn. La empresa se especializa en la producci\u00f3n y envasado de frutas secas, pimienta negra, condimentos y especias en general. Nuestro cliente ten\u00eda la intenci\u00f3n de envasar frutas secas, pimienta negra y especias en una bolsa que ya se hab\u00eda fabricado. Inicialmente, sugerimos dos conjuntos diferentes de l\u00edneas de empaque: pesadores de cabeza m\u00faltiple y rellenos de barrena.<\/p>\n\n\n\n<figure class=\"is-layout-flex wp-block-gallery-1 wp-block-gallery has-nested-images columns-default\">\n<figure class=\"wp-block-image size-large\"><img decoding=\"async\" loading=\"lazy\" width=\"851\" height=\"804\" data-id=\"6301\"  src=\"https:\/\/www.echomachinery.com\/wp-content\/uploads\/2022\/09\/d726cfe90eafb700094328d273461db.png\" alt=\"\" class=\"wp-image-6301\" srcset=\"https:\/\/www.echomachinery.com\/wp-content\/uploads\/2022\/09\/d726cfe90eafb700094328d273461db.png 851w, https:\/\/www.echomachinery.com\/wp-content\/uploads\/2022\/09\/d726cfe90eafb700094328d273461db-300x283.png 300w, https:\/\/www.echomachinery.com\/wp-content\/uploads\/2022\/09\/d726cfe90eafb700094328d273461db-768x726.png 768w\" sizes=\"(max-width: 851px) 100vw, 851px\" \/><\/figure>\n\n\n\n<figure class=\"wp-block-image size-large\"><img decoding=\"async\" loading=\"lazy\" width=\"853\" height=\"1024\" data-id=\"6304\"  src=\"https:\/\/www.echomachinery.com\/wp-content\/uploads\/2022\/09\/e25b70e53b74b8c11b75b4ee82f4572-1-853x1024.jpg\" alt=\"\" class=\"wp-image-6304\" srcset=\"https:\/\/www.echomachinery.com\/wp-content\/uploads\/2022\/09\/e25b70e53b74b8c11b75b4ee82f4572-1-853x1024.jpg 853w, https:\/\/www.echomachinery.com\/wp-content\/uploads\/2022\/09\/e25b70e53b74b8c11b75b4ee82f4572-1-250x300.jpg 250w, https:\/\/www.echomachinery.com\/wp-content\/uploads\/2022\/09\/e25b70e53b74b8c11b75b4ee82f4572-1-768x922.jpg 768w, https:\/\/www.echomachinery.com\/wp-content\/uploads\/2022\/09\/e25b70e53b74b8c11b75b4ee82f4572-1.jpg 1000w\" sizes=\"(max-width: 853px) 100vw, 853px\" \/><\/figure>\n<\/figure>\n\n\n\n<p>Nuestro cliente insisti\u00f3 en usar alimentadores de vac\u00edo para dos proyectos cuando recomendamos transportador tipo Z. La f\u00e1brica ya ten\u00eda un transportador tipo Z y la altura m\u00e1xima era de 4,45 metros. Si bien la l\u00ednea de empaquetamiento granular con un alimentador de vac\u00edo era buena, super\u00f3 el l\u00edmite de altura. Adem\u00e1s, el alimentador de vac\u00edo debe ser personalizado en altura ajustable, lo que es conveniente para la limpieza diaria.<\/p>\n\n\n\n<p>Tras una discusi\u00f3n con el proveedor de alimentadores de vac\u00edo sobre el proyecto y sus requisitos, recomend\u00f3 conservar los componentes internos mientras usaba una carcasa exterior m\u00e1s peque\u00f1a. Los requisitos de altura de la f\u00e1brica del cliente ahora se cumplen perfectamente gracias a nuestra flexibilidad.<br>El cliente hizo que el pesador fuera m\u00e1s alto y ancho agregando una cubierta para evitar el polvo. Esto hizo que la altura fuera m\u00e1s de 150 a 200 mm. Sin embargo, el problema del \u00e1ngulo impidi\u00f3 que el soporte del alimentador de vac\u00edo estuviera bien posicionado. La soluci\u00f3n aqu\u00ed fue ampliar el orificio por encima de la cubierta del pesador.<\/p>\n\n\n\n<figure class=\"is-layout-flex wp-block-gallery-3 wp-block-gallery has-nested-images columns-default is-cropped\">\n<figure class=\"wp-block-image size-large\"><img decoding=\"async\" loading=\"lazy\" width=\"1024\" height=\"768\" data-id=\"6305\"  src=\"https:\/\/www.echomachinery.com\/wp-content\/uploads\/2022\/09\/\u5fae\u4fe1\u56fe\u7247_20220412130553-1024x768.jpg\" alt=\"\" class=\"wp-image-6305\" srcset=\"https:\/\/www.echomachinery.com\/wp-content\/uploads\/2022\/09\/\u5fae\u4fe1\u56fe\u7247_20220412130553-1024x768.jpg 1024w, https:\/\/www.echomachinery.com\/wp-content\/uploads\/2022\/09\/\u5fae\u4fe1\u56fe\u7247_20220412130553-300x225.jpg 300w, https:\/\/www.echomachinery.com\/wp-content\/uploads\/2022\/09\/\u5fae\u4fe1\u56fe\u7247_20220412130553-768x576.jpg 768w, https:\/\/www.echomachinery.com\/wp-content\/uploads\/2022\/09\/\u5fae\u4fe1\u56fe\u7247_20220412130553-1536x1152.jpg 1536w, https:\/\/www.echomachinery.com\/wp-content\/uploads\/2022\/09\/\u5fae\u4fe1\u56fe\u7247_20220412130553.jpg 1706w\" sizes=\"(max-width: 1024px) 100vw, 1024px\" \/><\/figure>\n\n\n\n<figure class=\"wp-block-image size-large\"><img decoding=\"async\" loading=\"lazy\" width=\"1024\" height=\"768\" data-id=\"6307\"  src=\"https:\/\/www.echomachinery.com\/wp-content\/uploads\/2022\/09\/\u5fae\u4fe1\u56fe\u7247_202204121305534-1024x768.jpg\" alt=\"\" class=\"wp-image-6307\" srcset=\"https:\/\/www.echomachinery.com\/wp-content\/uploads\/2022\/09\/\u5fae\u4fe1\u56fe\u7247_202204121305534-1024x768.jpg 1024w, https:\/\/www.echomachinery.com\/wp-content\/uploads\/2022\/09\/\u5fae\u4fe1\u56fe\u7247_202204121305534-300x225.jpg 300w, https:\/\/www.echomachinery.com\/wp-content\/uploads\/2022\/09\/\u5fae\u4fe1\u56fe\u7247_202204121305534-768x576.jpg 768w, https:\/\/www.echomachinery.com\/wp-content\/uploads\/2022\/09\/\u5fae\u4fe1\u56fe\u7247_202204121305534-1536x1152.jpg 1536w, https:\/\/www.echomachinery.com\/wp-content\/uploads\/2022\/09\/\u5fae\u4fe1\u56fe\u7247_202204121305534.jpg 1706w\" sizes=\"(max-width: 1024px) 100vw, 1024px\" \/><\/figure>\n\n\n\n<figure class=\"wp-block-image size-large\"><img decoding=\"async\" loading=\"lazy\" width=\"1024\" height=\"768\" data-id=\"6306\"  src=\"https:\/\/www.echomachinery.com\/wp-content\/uploads\/2022\/09\/\u5fae\u4fe1\u56fe\u7247_202204121305536-1024x768.jpg\" alt=\"\" class=\"wp-image-6306\" srcset=\"https:\/\/www.echomachinery.com\/wp-content\/uploads\/2022\/09\/\u5fae\u4fe1\u56fe\u7247_202204121305536-1024x768.jpg 1024w, https:\/\/www.echomachinery.com\/wp-content\/uploads\/2022\/09\/\u5fae\u4fe1\u56fe\u7247_202204121305536-300x225.jpg 300w, https:\/\/www.echomachinery.com\/wp-content\/uploads\/2022\/09\/\u5fae\u4fe1\u56fe\u7247_202204121305536-768x576.jpg 768w, https:\/\/www.echomachinery.com\/wp-content\/uploads\/2022\/09\/\u5fae\u4fe1\u56fe\u7247_202204121305536-1536x1152.jpg 1536w, https:\/\/www.echomachinery.com\/wp-content\/uploads\/2022\/09\/\u5fae\u4fe1\u56fe\u7247_202204121305536.jpg 1706w\" sizes=\"(max-width: 1024px) 100vw, 1024px\" \/><\/figure>\n<\/figure>\n\n\n\n<p>El problema de la altura se resolvi\u00f3 colocando directamente el fondo del alimentador de vac\u00edo en la tapa. Para aumentar la estabilidad, ampliamos el chasis y alteramos el \u00e1ngulo del soporte. Despu\u00e9s de una comunicaci\u00f3n suave, Echomachinery les proporcion\u00f3 2 juegos de MR-300R (1 juego de polvo y 1 juego de gr\u00e1nulos). Nuestro cliente qued\u00f3 impresionado con nuestro equipo y servicio cuando el proyecto termin\u00f3.<\/p>\n\n\n\n<figure class=\"wp-block-embed is-type-video is-provider-youtube wp-block-embed-youtube wp-embed-aspect-16-9 wp-has-aspect-ratio\"><div class=\"wp-block-embed__wrapper\">\n<div class=\"nv-iframe-embed\"><iframe loading=\"lazy\" title=\"Prueba de m\u00e1quina de Spice United GmbH | Maquinaria Echo\" width=\"1090\" height=\"613\" src=\"https:\/\/www.youtube.com\/embed\/rNjpd8QeNuc?feature=oembed\" frameborder=\"0\" allow=\"accelerometer; autoplay; clipboard-write; encrypted-media; gyroscope; picture-in-picture\" allowfullscreen><\/iframe><\/div>\n<\/div><\/figure>","protected":false},"excerpt":{"rendered":"<p>CASE STUDY Dried Fruit &amp; Seasoning Powder Packaging Solution Spice United GmbH reached us through network. They introduced our company to customer again. Customer wants to pack dried fruits, black pepper and seasoning powder in premade pouch. 2 set MR-300R Premade Pouch Packaging Machines Dried fruit, Seasoning Powder Packaging Overview Spice United GmbH is a&hellip;&nbsp;<a href=\"https:\/\/www.echomachinery.com\/es\/case-study\/dried-fruit-seasoning-powder-packaging-solution\/\" class=\"\" rel=\"bookmark\">Leer m\u00e1s \u00bb<span class=\"screen-reader-text\">Soluci\u00f3n de envasado de polvo de frutas y sazonadores \u2013 Caso de estudio<\/span><\/a><\/p>","protected":false},"author":1,"featured_media":6300,"parent":6150,"menu_order":0,"comment_status":"closed","ping_status":"closed","template":"page-templates\/case.php","meta":{"inline_featured_image":false,"ub_ctt_via":"","kt_blocks_editor_width":""},"aioseo_notices":[],"featured_image_src":"https:\/\/www.echomachinery.com\/wp-content\/uploads\/2022\/09\/\u5fae\u4fe1\u56fe\u7247_202204121305535.jpg","_links":{"self":[{"href":"https:\/\/www.echomachinery.com\/es\/wp-json\/wp\/v2\/pages\/6299"}],"collection":[{"href":"https:\/\/www.echomachinery.com\/es\/wp-json\/wp\/v2\/pages"}],"about":[{"href":"https:\/\/www.echomachinery.com\/es\/wp-json\/wp\/v2\/types\/page"}],"author":[{"embeddable":true,"href":"https:\/\/www.echomachinery.com\/es\/wp-json\/wp\/v2\/users\/1"}],"replies":[{"embeddable":true,"href":"https:\/\/www.echomachinery.com\/es\/wp-json\/wp\/v2\/comments?post=6299"}],"version-history":[{"count":0,"href":"https:\/\/www.echomachinery.com\/es\/wp-json\/wp\/v2\/pages\/6299\/revisions"}],"up":[{"embeddable":true,"href":"https:\/\/www.echomachinery.com\/es\/wp-json\/wp\/v2\/pages\/6150"}],"wp:featuredmedia":[{"embeddable":true,"href":"https:\/\/www.echomachinery.com\/es\/wp-json\/wp\/v2\/media\/6300"}],"wp:attachment":[{"href":"https:\/\/www.echomachinery.com\/es\/wp-json\/wp\/v2\/media?parent=6299"}],"curies":[{"name":"pp","href":"https:\/\/api.w.org\/{rel}","templated":true}]}}