{"id":6312,"date":"2022-09-20T03:39:22","date_gmt":"2022-09-20T01:39:22","guid":{"rendered":"https:\/\/www.echomachinery.com\/?page_id=6312"},"modified":"2022-09-23T04:58:49","modified_gmt":"2022-09-23T02:58:49","slug":"vacuum-egg-packaging-machine","status":"publish","type":"page","link":"https:\/\/www.echomachinery.com\/es\/case-study\/vacuum-egg-packaging-machine\/","title":{"rendered":"M\u00e1quina de envasado de huevos al vac\u00edo \u2013 ESTUDIO DE CASO"},"content":{"rendered":"<style id=\"kt-blocks_b20f69-77\">#kt-layout-id_b20f69-77 > .kt-row-column-wrap.kb-theme-content-width{max-width:1090px;}@media all and (min-width: 768px){#kt-layout-id_b20f69-77 > .kt-row-column-wrap > .inner-column-1{flex:0 1 50%;-webkit-flex:0 1 50%;}#kt-layout-id_b20f69-77 > .kt-row-column-wrap > .inner-column-2{flex:0 1 50%;-webkit-flex:0 1 50%;}}#kt-layout-id_b20f69-77 > .kt-row-column-wrap{padding-top:0px;padding-bottom:0px;}<\/style>\n<div class=\"wp-block-kadence-rowlayout alignfull\"><div id=\"kt-layout-id_b20f69-77\" class=\"kt-row-layout-inner kt-layout-id_b20f69-77\"><div class=\"kt-row-column-wrap kt-has-2-columns kt-gutter-default kt-v-gutter-default kt-row-valign-top kt-row-layout-equal kt-tab-layout-inherit kt-m-colapse-left-to-right kt-mobile-layout-row  kt-custom-first-width-50  kt-custom-second-width-50 kb-theme-content-width\"><style id=\"kt-blocks_df9f68-db\">.kt-row-layout-inner > .kt-row-column-wrap > .kadence-column_df9f68-db > .kt-inside-inner-col{margin-bottom:125px;}@media all and (max-width: 1024px){.kt-row-layout-inner > .kt-row-column-wrap > .kadence-column_df9f68-db > .kt-inside-inner-col{margin-bottom:125px;}}@media all and (max-width: 767px){.kt-row-layout-inner > .kt-row-column-wrap > .kadence-column_df9f68-db > .kt-inside-inner-col{margin-bottom:0px;}}<\/style>\n<div class=\"wp-block-kadence-column inner-column-1 kadence-column_df9f68-db\"><div class=\"kt-inside-inner-col\">\n<p class=\"has-neve-link-hover-color-color has-text-color has-medium-font-size\"><strong>ESTUDIO DE CASO<\/strong><\/p>\n\n\n\n<h1 style=\"font-style:normal;font-weight:700\">M\u00e1quina de envasado al vac\u00edo de huevos<\/h1>\n\n\n\n<p>El Grupo Dabaco es un grupo multiindustrial que se centra principalmente en el procesamiento de alimentos, la alimentaci\u00f3n animal y la cr\u00eda de ganado y aves de corral. Les proporcionamos maquinaria especializada para el envasado autom\u00e1tico al vac\u00edo de huevos para uno de sus proyectos. Y gracias a la excelente experiencia con nuestra m\u00e1quina, logramos que nuestro cliente vietnamita quedara satisfecho.<\/p>\n<\/div><\/div>\n\n\n<style id=\"kt-blocks_1fb33b-7e\">.kt-row-layout-inner > .kt-row-column-wrap > .kadence-column_1fb33b-7e > .kt-inside-inner-col{padding-top:200px;padding-bottom:200px;border-color:#e60027;border-top-width:7px;border-right-width:7px;border-bottom-width:7px;border-left-width:7px;border-top-left-radius:0px;border-top-right-radius:100px;border-bottom-right-radius:0px;border-bottom-left-radius:100px;}.kt-row-layout-inner > .kt-row-column-wrap > .kadence-column_1fb33b-7e > .kt-inside-inner-col{background-image:url('https:\/\/www.echomachinery.com\/wp-content\/uploads\/2020\/06\/MRZK-120.jpg');background-size:cover;background-position:50% 50%;background-attachment:scroll;background-repeat:no-repeat;}@media all and (max-width: 1024px){.kadence-column_1fb33b-7e > .kt-inside-inner-col{display:block;}}@media all and (max-width: 767px){.kadence-column_1fb33b-7e > .kt-inside-inner-col{display:block;}}.kadence-column_1fb33b-7e {n}<\/style>\n<div class=\"wp-block-kadence-column inner-column-2 kadence-column_1fb33b-7e img-box-shadow\"><div class=\"kt-inside-inner-col\"><\/div><\/div>\n<\/div><\/div><\/div>\n\n\n<style id=\"kt-blocks_a8a8dc-6c\">#kt-layout-id_a8a8dc-6c > .kt-row-column-wrap.kb-theme-content-width{max-width:1090px;}@media all and (min-width: 768px){#kt-layout-id_a8a8dc-6c > .kt-row-column-wrap > .inner-column-1{flex:0 1 30%;-webkit-flex:0 1 30%;}#kt-layout-id_a8a8dc-6c > .kt-row-column-wrap > .inner-column-2{flex:0 1 20%;-webkit-flex:0 1 20%;}#kt-layout-id_a8a8dc-6c > .kt-row-column-wrap > .inner-column-3{flex:0 1 50%;-webkit-flex:0 1 50%;}}@media all and (min-width: 768px) and (max-width: 1024px){#kt-layout-id_a8a8dc-6c > .kt-row-column-wrap > .inner-column-1{flex:0 1 25%;-webkit-flex:0 1 25%;}#kt-layout-id_a8a8dc-6c > .kt-row-column-wrap > .inner-column-2{flex:0 1 25%;-webkit-flex:0 1 25%;}#kt-layout-id_a8a8dc-6c > .kt-row-column-wrap > .inner-column-3{flex:0 1 50%;-webkit-flex:0 1 50%;}}#kt-layout-id_a8a8dc-6c{margin-top:-125px;background-color:#eeeeee;}#kt-layout-id_a8a8dc-6c > .kt-row-column-wrap{padding-top:0px;padding-bottom:0px;padding-left:20px;padding-right:0px;}@media all and (max-width: 1024px){#kt-layout-id_a8a8dc-6c{margin-top:-125px;}#kt-layout-id_a8a8dc-6c > .kt-row-column-wrap{padding-left:20px;}}@media all and (max-width: 767px){#kt-layout-id_a8a8dc-6c{margin-top:-225px;}#kt-layout-id_a8a8dc-6c > .kt-row-column-wrap{padding-top:160px;padding-left:20px;padding-right:20px;}}<\/style>\n<div class=\"wp-block-kadence-rowlayout alignfull\"><div id=\"kt-layout-id_a8a8dc-6c\" class=\"kt-row-layout-inner kt-row-has-bg kt-layout-id_a8a8dc-6c\"><div class=\"kt-row-column-wrap kt-has-3-columns kt-gutter-narrow kt-v-gutter-none kt-row-valign-top kt-row-layout-equal kt-tab-layout-right-half kt-m-colapse-right-to-left kt-mobile-layout-row  kt-custom-first-width-30  kt-custom-second-width-20  kt-custom-third-width-50 kb-theme-content-width\">\n<div class=\"wp-block-kadence-column inner-column-1 kadence-column_ff8a1f-05\"><div class=\"kt-inside-inner-col\">\n<div class=\"wp-block-kadence-icon kt-svg-icons kt-svg-icons_6bd994-30 alignnone\" style=\"text-align:center\"><div class=\"kt-svg-style-default kt-svg-icon-wrap kt-svg-item-0\"><div style=\"display:inline-flex;justify-content:center;align-items:center;color:#000000\" class=\"kt-svg-icon kt-svg-icon-fe_settings\"><svg style=\"display:inline-block;vertical-align:middle\" viewbox=\"0 0 24 24\" height=\"50\" width=\"50\" fill=\"none\" stroke=\"currentColor\" xmlns=\"http:\/\/www.w3.org\/2000\/svg\" stroke-width=\"2\" stroke-linecap=\"round\" stroke-linejoin=\"round\" aria-hidden=\"true\"><circle cx=\"12\" cy=\"12\" r=\"3\"><\/circle><path d=\"M19.4 15a1.65 1.65 0 0 0 .33 1.82l.06.06a2 2 0 0 1 0 2.83 2 2 0 0 1-2.83 0l-.06-.06a1.65 1.65 0 0 0-1.82-.33 1.65 1.65 0 0 0-1 1.51V21a2 2 0 0 1-2 2 2 2 0 0 1-2-2v-.09A1.65 1.65 0 0 0 9 19.4a1.65 1.65 0 0 0-1.82.33l-.06.06a2 2 0 0 1-2.83 0 2 2 0 0 1 0-2.83l.06-.06a1.65 1.65 0 0 0 .33-1.82 1.65 1.65 0 0 0-1.51-1H3a2 2 0 0 1-2-2 2 2 0 0 1 2-2h.09A1.65 1.65 0 0 0 4.6 9a1.65 1.65 0 0 0-.33-1.82l-.06-.06a2 2 0 0 1 0-2.83 2 2 0 0 1 2.83 0l.06.06a1.65 1.65 0 0 0 1.82.33H9a1.65 1.65 0 0 0 1-1.51V3a2 2 0 0 1 2-2 2 2 0 0 1 2 2v.09a1.65 1.65 0 0 0 1 1.51 1.65 1.65 0 0 0 1.82-.33l.06-.06a2 2 0 0 1 2.83 0 2 2 0 0 1 0 2.83l-.06.06a1.65 1.65 0 0 0-.33 1.82V9a1.65 1.65 0 0 0 1.51 1H21a2 2 0 0 1 2 2 2 2 0 0 1-2 2h-.09a1.65 1.65 0 0 0-1.51 1z\"><\/path><\/svg><\/div><\/div><\/div>\n\n\n\n<p class=\"has-text-align-center\">Juego de 2 <a href=\"https:\/\/www.echomachinery.com\/es\/packaging-machines\/automatic-vacuum-packaging-machine\/\">M\u00e1quinas de envasado al vac\u00edo autom\u00e1ticas MRZK-100 y 120<\/a><br>con <a href=\"https:\/\/www.echomachinery.com\/es\/packaging-machines\/relative-devices\/contraction-cup-filler\/\">Rellenador de copa de contracci\u00f3n<\/a><\/p>\n<\/div><\/div>\n\n\n\n<div class=\"wp-block-kadence-column inner-column-2 kadence-column_5fbfdd-aa\"><div class=\"kt-inside-inner-col\">\n<div class=\"wp-block-kadence-icon kt-svg-icons kt-svg-icons_1ef7f6-11 alignnone\" style=\"text-align:center\"><div class=\"kt-svg-style-default kt-svg-icon-wrap kt-svg-item-0\"><div style=\"display:inline-flex;justify-content:center;align-items:center;color:#000000\" class=\"kt-svg-icon kt-svg-icon-fe_shoppingBag\"><svg style=\"display:inline-block;vertical-align:middle\" viewbox=\"0 0 24 24\" height=\"50\" width=\"50\" fill=\"none\" stroke=\"currentColor\" xmlns=\"http:\/\/www.w3.org\/2000\/svg\" stroke-width=\"2\" stroke-linecap=\"round\" stroke-linejoin=\"round\" aria-hidden=\"true\"><path d=\"M6 2L3 6v14a2 2 0 0 0 2 2h14a2 2 0 0 0 2-2V6l-3-4z\"><\/path><line x1=\"3\" y1=\"6\" x2=\"21\" y2=\"6\"><\/line><path d=\"M16 10a4 4 0 0 1-8 0\"><\/path><\/svg><\/div><\/div><\/div>\n\n\n\n<p class=\"has-text-align-center\"><a href=\"https:\/\/www.echomachinery.com\/es\/industries\/food-packaging-machine\/\">Envases de huevos<\/a><\/p>\n<\/div><\/div>\n\n\n\n<div class=\"wp-block-kadence-column inner-column-3 kadence-column_a76501-9a\"><div class=\"kt-inside-inner-col\">\n<div class=\"wp-block-kadence-icon kt-svg-icons kt-svg-icons_134468-84 alignnone\" style=\"text-align:center\"><div class=\"kt-svg-style-default kt-svg-icon-wrap kt-svg-item-0\"><\/div><\/div>\n<\/div><\/div>\n<\/div><\/div><\/div>\n\n\n\n<div style=\"height:30px\" aria-hidden=\"true\" class=\"wp-block-spacer\"><\/div>\n\n\n\n<h2>Descripci\u00f3n general<\/h2>\n\n\n\n<p>Como uno de nuestros principales socios comerciales, el grupo Dabaco puede utilizar una de las mejores m\u00e1quinas del mundo. Echomachinery les proporcion\u00f3 maquinaria autom\u00e1tica para el envasado al vac\u00edo de huevos, que result\u00f3 sumamente eficaz para uno de sus proyectos. El proyecto obtuvo excelentes resultados, convirtiendo a nuestro cliente vietnamita en la primera granja de envasado al vac\u00edo de huevos y f\u00e1brica de alimentos asociada.<\/p>\n\n\n\n<p>Dabaco se enorgullece de ser el principal proveedor de piensos para animales en Vietnam y una de las diez empresas de producci\u00f3n animal m\u00e1s importantes del pa\u00eds. Dabaco cuenta con 6 f\u00e1bricas de piensos con una capacidad acumulada de 85 toneladas\/hora.<\/p>\n\n\n\n<p>La m\u00e1quina MRZK-120\/100 con alimentador de vasos termorretr\u00e1ctiles que suministramos cumpli\u00f3 con todos los requisitos y solucion\u00f3 por completo los problemas de nuestro cliente. La c\u00e1mara de vac\u00edo est\u00e1 equipada con una tapa transparente que permite comprobar su estado. Adem\u00e1s, cuenta con control autom\u00e1tico de una serie de procesos, desde la carga y el llenado hasta el envasado, el vac\u00edo, el sellado y el producto final. La mayor\u00eda de las m\u00e1quinas de llenado son compatibles con esta m\u00e1quina.<\/p>\n\n\n\n<div class=\"wp-block-image\"><figure class=\"aligncenter size-medium\"><img decoding=\"async\" loading=\"lazy\" width=\"300\" height=\"243\" src=\"https:\/\/www.echomachinery.com\/wp-content\/uploads\/2022\/09\/TLA9846-300x243.jpg\" alt=\"\" class=\"wp-image-6313\" srcset=\"https:\/\/www.echomachinery.com\/wp-content\/uploads\/2022\/09\/TLA9846-300x243.jpg 300w, https:\/\/www.echomachinery.com\/wp-content\/uploads\/2022\/09\/TLA9846-1024x830.jpg 1024w, https:\/\/www.echomachinery.com\/wp-content\/uploads\/2022\/09\/TLA9846-768x622.jpg 768w, https:\/\/www.echomachinery.com\/wp-content\/uploads\/2022\/09\/TLA9846-1536x1244.jpg 1536w, https:\/\/www.echomachinery.com\/wp-content\/uploads\/2022\/09\/TLA9846-2048x1659.jpg 2048w\" sizes=\"(max-width: 300px) 100vw, 300px\" \/><\/figure><\/div>\n\n\n\n<p>La m\u00e1quina ofrece un alto rendimiento y gran durabilidad. La plataforma giratoria de alimentaci\u00f3n rota intermitentemente para facilitar el llenado del producto, mientras que la plataforma giratoria de vac\u00edo rota continuamente para garantizar un funcionamiento fluido. La estructura principal de la m\u00e1quina est\u00e1 fabricada en acero inoxidable, lo que asegura su durabilidad y la higiene de la l\u00ednea de producci\u00f3n. La zona de llenado y la c\u00e1mara de vac\u00edo se pueden limpiar con agua, cumpliendo as\u00ed con los requisitos de seguridad alimentaria.<\/p>\n\n\n\n<p>En una primera prueba con nuestra llenadora manual de vasos MRZK 120+, nuestro cliente en Vietnam experiment\u00f3 una velocidad de 30-40 bolsas por minuto. Posteriormente, quisieron aumentar la producci\u00f3n y exigieron velocidades m\u00e1s altas. Les recomendamos la llenadora de vasos MRZK100+, con la que lograron una velocidad de 80-90 bolsas por minuto. De esta manera, pudieron satisfacer la demanda gracias al dr\u00e1stico aumento de la producci\u00f3n.<\/p>\n\n\n\n<figure class=\"wp-block-embed is-type-video is-provider-youtube wp-block-embed-youtube wp-embed-aspect-4-3 wp-has-aspect-ratio\"><div class=\"wp-block-embed__wrapper\">\n<div class=\"nv-iframe-embed\"><iframe loading=\"lazy\" title=\"Prueba de maquinaria del Grupo Dabaco | ECHO MACHINERY\" width=\"1090\" height=\"818\" src=\"https:\/\/www.youtube.com\/embed\/MqlaDV0sp_Y?feature=oembed\" frameborder=\"0\" allow=\"accelerometer; autoplay; clipboard-write; encrypted-media; gyroscope; picture-in-picture\" allowfullscreen><\/iframe><\/div>\n<\/div><\/figure>\n\n\n\n<p>Nuestro equipo de dise\u00f1o y personal t\u00e9cnico altamente cualificado nos permite satisfacer pr\u00e1cticamente siempre las necesidades de nuestros clientes. Hoy en d\u00eda, gracias a nuestra tecnolog\u00eda innovadora, Damaco envasa al vac\u00edo y vende diariamente en todo Vietnam unos 50\u00a0000 huevos.<\/p>","protected":false},"excerpt":{"rendered":"<p>CASE STUDY Vacuum Egg Packaging Machine The Dabaco Group is a multi-industry group that focuses mostly on food processing, animal feed, and raising livestock and poultry. We provided them with specialized automatic egg vacuum packing machinery for one of their projects. And with a remarkable experience using our machine, we\u2019ve put a smile on our&hellip;&nbsp;<a href=\"https:\/\/www.echomachinery.com\/es\/case-study\/vacuum-egg-packaging-machine\/\" class=\"\" rel=\"bookmark\">Leer m\u00e1s \u00bb<span class=\"screen-reader-text\">M\u00e1quina de envasado de huevos al vac\u00edo \u2013 ESTUDIO DE CASO<\/span><\/a><\/p>","protected":false},"author":1,"featured_media":1246,"parent":6150,"menu_order":0,"comment_status":"closed","ping_status":"closed","template":"page-templates\/case.php","meta":{"inline_featured_image":false,"ub_ctt_via":"","kt_blocks_editor_width":""},"aioseo_notices":[],"featured_image_src":"https:\/\/www.echomachinery.com\/wp-content\/uploads\/2020\/06\/MRZK-120.jpg","_links":{"self":[{"href":"https:\/\/www.echomachinery.com\/es\/wp-json\/wp\/v2\/pages\/6312"}],"collection":[{"href":"https:\/\/www.echomachinery.com\/es\/wp-json\/wp\/v2\/pages"}],"about":[{"href":"https:\/\/www.echomachinery.com\/es\/wp-json\/wp\/v2\/types\/page"}],"author":[{"embeddable":true,"href":"https:\/\/www.echomachinery.com\/es\/wp-json\/wp\/v2\/users\/1"}],"replies":[{"embeddable":true,"href":"https:\/\/www.echomachinery.com\/es\/wp-json\/wp\/v2\/comments?post=6312"}],"version-history":[{"count":0,"href":"https:\/\/www.echomachinery.com\/es\/wp-json\/wp\/v2\/pages\/6312\/revisions"}],"up":[{"embeddable":true,"href":"https:\/\/www.echomachinery.com\/es\/wp-json\/wp\/v2\/pages\/6150"}],"wp:featuredmedia":[{"embeddable":true,"href":"https:\/\/www.echomachinery.com\/es\/wp-json\/wp\/v2\/media\/1246"}],"wp:attachment":[{"href":"https:\/\/www.echomachinery.com\/es\/wp-json\/wp\/v2\/media?parent=6312"}],"curies":[{"name":"pp","href":"https:\/\/api.w.org\/{rel}","templated":true}]}}