{"id":6317,"date":"2022-09-20T03:55:52","date_gmt":"2022-09-20T01:55:52","guid":{"rendered":"https:\/\/www.echomachinery.com\/?page_id=6317"},"modified":"2022-09-23T04:59:37","modified_gmt":"2022-09-23T02:59:37","slug":"vacuum-shisha-packing-machine-case-study","status":"publish","type":"page","link":"https:\/\/www.echomachinery.com\/es\/case-study\/vacuum-shisha-packing-machine-case-study\/","title":{"rendered":"M\u00e1quina de envasado al vac\u00edo para shisha \u2013 ESTUDIO DE CASO"},"content":{"rendered":"<style id=\"kt-blocks_b20f69-77\">#kt-layout-id_b20f69-77 > .kt-row-column-wrap.kb-theme-content-width{max-width:1090px;}@media all and (min-width: 768px){#kt-layout-id_b20f69-77 > .kt-row-column-wrap > .inner-column-1{flex:0 1 50%;-webkit-flex:0 1 50%;}#kt-layout-id_b20f69-77 > .kt-row-column-wrap > .inner-column-2{flex:0 1 50%;-webkit-flex:0 1 50%;}}#kt-layout-id_b20f69-77 > .kt-row-column-wrap{padding-top:0px;padding-bottom:0px;}<\/style>\n<div class=\"wp-block-kadence-rowlayout alignfull\"><div id=\"kt-layout-id_b20f69-77\" class=\"kt-row-layout-inner kt-layout-id_b20f69-77\"><div class=\"kt-row-column-wrap kt-has-2-columns kt-gutter-default kt-v-gutter-default kt-row-valign-top kt-row-layout-equal kt-tab-layout-inherit kt-m-colapse-left-to-right kt-mobile-layout-row  kt-custom-first-width-50  kt-custom-second-width-50 kb-theme-content-width\"><style id=\"kt-blocks_df9f68-db\">.kt-row-layout-inner > .kt-row-column-wrap > .kadence-column_df9f68-db > .kt-inside-inner-col{margin-bottom:125px;}@media all and (max-width: 1024px){.kt-row-layout-inner > .kt-row-column-wrap > .kadence-column_df9f68-db > .kt-inside-inner-col{margin-bottom:125px;}}@media all and (max-width: 767px){.kt-row-layout-inner > .kt-row-column-wrap > .kadence-column_df9f68-db > .kt-inside-inner-col{margin-bottom:0px;}}<\/style>\n<div class=\"wp-block-kadence-column inner-column-1 kadence-column_df9f68-db\"><div class=\"kt-inside-inner-col\">\n<p class=\"has-neve-link-hover-color-color has-text-color has-medium-font-size\"><strong>ESTUDIO DE CASO<\/strong><\/p>\n\n\n\n<h1 style=\"font-style:normal;font-weight:700\">M\u00e1quina de envasado al vac\u00edo de shisha<\/h1>\n\n\n\n<p>Wadi Makkah Trading LLC es uno de nuestros socios comerciales. Con el tiempo, hemos desarrollado una s\u00f3lida relaci\u00f3n con este cliente de Dub\u00e1i y, gracias a una serie de resultados exitosos, nos hemos ganado su confianza. Nos enorgullece que Echomachinery haya mejorado la eficiencia del envasado en la f\u00e1brica de nuestro cliente. Les proporcionamos una m\u00e1quina autom\u00e1tica de envasado al vac\u00edo para shisha (melaza) para automatizar su producci\u00f3n, y nuestro agente viaj\u00f3 a Dub\u00e1i para lanzar su producto en el mercado de envasado al vac\u00edo para shisha.<\/p>\n<\/div><\/div>\n\n\n<style id=\"kt-blocks_1fb33b-7e\">.kt-row-layout-inner > .kt-row-column-wrap > .kadence-column_1fb33b-7e > .kt-inside-inner-col{padding-top:200px;padding-bottom:200px;border-color:#e60027;border-top-width:7px;border-right-width:7px;border-bottom-width:7px;border-left-width:7px;border-top-left-radius:0px;border-top-right-radius:100px;border-bottom-right-radius:0px;border-bottom-left-radius:100px;}.kt-row-layout-inner > .kt-row-column-wrap > .kadence-column_1fb33b-7e > .kt-inside-inner-col{background-image:url('https:\/\/www.echomachinery.com\/wp-content\/uploads\/2022\/09\/8e119f60ab28a6f89239337d363db68.jpg');background-size:cover;background-position:55.00000000000001% 55.00000000000001%;background-attachment:scroll;background-repeat:no-repeat;}@media all and (max-width: 1024px){.kadence-column_1fb33b-7e > .kt-inside-inner-col{display:block;}}@media all and (max-width: 767px){.kadence-column_1fb33b-7e > .kt-inside-inner-col{display:block;}}.kadence-column_1fb33b-7e {n}<\/style>\n<div class=\"wp-block-kadence-column inner-column-2 kadence-column_1fb33b-7e img-box-shadow\"><div class=\"kt-inside-inner-col\"><\/div><\/div>\n<\/div><\/div><\/div>\n\n\n<style id=\"kt-blocks_a8a8dc-6c\">#kt-layout-id_a8a8dc-6c > .kt-row-column-wrap.kb-theme-content-width{max-width:1090px;}@media all and (min-width: 768px){#kt-layout-id_a8a8dc-6c > .kt-row-column-wrap > .inner-column-1{flex:0 1 30%;-webkit-flex:0 1 30%;}#kt-layout-id_a8a8dc-6c > .kt-row-column-wrap > .inner-column-2{flex:0 1 20%;-webkit-flex:0 1 20%;}#kt-layout-id_a8a8dc-6c > .kt-row-column-wrap > .inner-column-3{flex:0 1 50%;-webkit-flex:0 1 50%;}}@media all and (min-width: 768px) and (max-width: 1024px){#kt-layout-id_a8a8dc-6c > .kt-row-column-wrap > .inner-column-1{flex:0 1 25%;-webkit-flex:0 1 25%;}#kt-layout-id_a8a8dc-6c > .kt-row-column-wrap > .inner-column-2{flex:0 1 25%;-webkit-flex:0 1 25%;}#kt-layout-id_a8a8dc-6c > .kt-row-column-wrap > .inner-column-3{flex:0 1 50%;-webkit-flex:0 1 50%;}}#kt-layout-id_a8a8dc-6c{margin-top:-125px;background-color:#eeeeee;}#kt-layout-id_a8a8dc-6c > .kt-row-column-wrap{padding-top:0px;padding-bottom:0px;padding-left:20px;padding-right:0px;}@media all and (max-width: 1024px){#kt-layout-id_a8a8dc-6c{margin-top:-125px;}#kt-layout-id_a8a8dc-6c > .kt-row-column-wrap{padding-left:20px;}}@media all and (max-width: 767px){#kt-layout-id_a8a8dc-6c{margin-top:-225px;}#kt-layout-id_a8a8dc-6c > .kt-row-column-wrap{padding-top:160px;padding-left:20px;padding-right:20px;}}<\/style>\n<div class=\"wp-block-kadence-rowlayout alignfull\"><div id=\"kt-layout-id_a8a8dc-6c\" class=\"kt-row-layout-inner kt-row-has-bg kt-layout-id_a8a8dc-6c\"><div class=\"kt-row-column-wrap kt-has-3-columns kt-gutter-narrow kt-v-gutter-none kt-row-valign-top kt-row-layout-equal kt-tab-layout-right-half kt-m-colapse-right-to-left kt-mobile-layout-row  kt-custom-first-width-30  kt-custom-second-width-20  kt-custom-third-width-50 kb-theme-content-width\">\n<div class=\"wp-block-kadence-column inner-column-1 kadence-column_ff8a1f-05\"><div class=\"kt-inside-inner-col\">\n<div class=\"wp-block-kadence-icon kt-svg-icons kt-svg-icons_6bd994-30 alignnone\" style=\"text-align:center\"><div class=\"kt-svg-style-default kt-svg-icon-wrap kt-svg-item-0\"><div style=\"display:inline-flex;justify-content:center;align-items:center;color:#000000\" class=\"kt-svg-icon kt-svg-icon-fe_settings\"><svg style=\"display:inline-block;vertical-align:middle\" viewbox=\"0 0 24 24\" height=\"50\" width=\"50\" fill=\"none\" stroke=\"currentColor\" xmlns=\"http:\/\/www.w3.org\/2000\/svg\" stroke-width=\"2\" stroke-linecap=\"round\" stroke-linejoin=\"round\" aria-hidden=\"true\"><circle cx=\"12\" cy=\"12\" r=\"3\"><\/circle><path d=\"M19.4 15a1.65 1.65 0 0 0 .33 1.82l.06.06a2 2 0 0 1 0 2.83 2 2 0 0 1-2.83 0l-.06-.06a1.65 1.65 0 0 0-1.82-.33 1.65 1.65 0 0 0-1 1.51V21a2 2 0 0 1-2 2 2 2 0 0 1-2-2v-.09A1.65 1.65 0 0 0 9 19.4a1.65 1.65 0 0 0-1.82.33l-.06.06a2 2 0 0 1-2.83 0 2 2 0 0 1 0-2.83l.06-.06a1.65 1.65 0 0 0 .33-1.82 1.65 1.65 0 0 0-1.51-1H3a2 2 0 0 1-2-2 2 2 0 0 1 2-2h.09A1.65 1.65 0 0 0 4.6 9a1.65 1.65 0 0 0-.33-1.82l-.06-.06a2 2 0 0 1 0-2.83 2 2 0 0 1 2.83 0l.06.06a1.65 1.65 0 0 0 1.82.33H9a1.65 1.65 0 0 0 1-1.51V3a2 2 0 0 1 2-2 2 2 0 0 1 2 2v.09a1.65 1.65 0 0 0 1 1.51 1.65 1.65 0 0 0 1.82-.33l.06-.06a2 2 0 0 1 2.83 0 2 2 0 0 1 0 2.83l-.06.06a1.65 1.65 0 0 0-.33 1.82V9a1.65 1.65 0 0 0 1.51 1H21a2 2 0 0 1 2 2 2 2 0 0 1-2 2h-.09a1.65 1.65 0 0 0-1.51 1z\"><\/path><\/svg><\/div><\/div><\/div>\n\n\n\n<p class=\"has-text-align-center\"><a href=\"https:\/\/www.echomachinery.com\/es\/packaging-machines\/automatic-vacuum-packaging-machine\/\">M\u00e1quinas de envasado al vac\u00edo autom\u00e1ticas MRZK-200<\/a><br>con <a href=\"https:\/\/www.echomachinery.com\/es\/packaging-machines\/relative-devices\/pickle-filling-machine\/\">M\u00e1quina para llenar pepinillos<\/a><\/p>\n<\/div><\/div>\n\n\n\n<div class=\"wp-block-kadence-column inner-column-2 kadence-column_5fbfdd-aa\"><div class=\"kt-inside-inner-col\">\n<div class=\"wp-block-kadence-icon kt-svg-icons kt-svg-icons_1ef7f6-11 alignnone\" style=\"text-align:center\"><div class=\"kt-svg-style-default kt-svg-icon-wrap kt-svg-item-0\"><div style=\"display:inline-flex;justify-content:center;align-items:center;color:#000000\" class=\"kt-svg-icon kt-svg-icon-fe_shoppingBag\"><svg style=\"display:inline-block;vertical-align:middle\" viewbox=\"0 0 24 24\" height=\"50\" width=\"50\" fill=\"none\" stroke=\"currentColor\" xmlns=\"http:\/\/www.w3.org\/2000\/svg\" stroke-width=\"2\" stroke-linecap=\"round\" stroke-linejoin=\"round\" aria-hidden=\"true\"><path d=\"M6 2L3 6v14a2 2 0 0 0 2 2h14a2 2 0 0 0 2-2V6l-3-4z\"><\/path><line x1=\"3\" y1=\"6\" x2=\"21\" y2=\"6\"><\/line><path d=\"M16 10a4 4 0 0 1-8 0\"><\/path><\/svg><\/div><\/div><\/div>\n\n\n\n<p class=\"has-text-align-center\"><a href=\"https:\/\/www.echomachinery.com\/es\/industries\/powder-packing-solution\/\" title=\"Envases para shisha\">Envases para shisha<\/a><\/p>\n<\/div><\/div>\n\n\n\n<div class=\"wp-block-kadence-column inner-column-3 kadence-column_a76501-9a\"><div class=\"kt-inside-inner-col\">\n<div class=\"wp-block-kadence-icon kt-svg-icons kt-svg-icons_134468-84 alignnone\" style=\"text-align:center\"><div class=\"kt-svg-style-default kt-svg-icon-wrap kt-svg-item-0\"><\/div><\/div>\n<\/div><\/div>\n<\/div><\/div><\/div>\n\n\n\n<div style=\"height:30px\" aria-hidden=\"true\" class=\"wp-block-spacer\"><\/div>\n\n\n\n<h2>Descripci\u00f3n general<\/h2>\n\n\n\n<p>Nuestro cliente es un distribuidor de maquinaria en Dub\u00e1i. Nos pusimos en contacto a trav\u00e9s de una feria, y en ese momento su cliente necesitaba envasado al vac\u00edo para shisha. Era un problema que requer\u00eda una soluci\u00f3n, y la resolvimos. Le proporcionamos a nuestro cliente una m\u00e1quina autom\u00e1tica de envasado al vac\u00edo para shisha, que result\u00f3 ser todo un \u00e9xito, ya que era justo lo que necesitaban para los productos de shisha, que son espesos y pegajosos.<\/p>\n\n\n\n<div class=\"wp-block-image\"><figure class=\"aligncenter size-medium is-resized\"><img decoding=\"async\" loading=\"lazy\" src=\"https:\/\/www.echomachinery.com\/wp-content\/uploads\/2022\/09\/pouch-edited.jpg\" alt=\"\" class=\"wp-image-6320\" width=\"639\" height=\"360\" srcset=\"https:\/\/www.echomachinery.com\/wp-content\/uploads\/2022\/09\/pouch-edited.jpg 1277w, https:\/\/www.echomachinery.com\/wp-content\/uploads\/2022\/09\/pouch-edited-300x169.jpg 300w, https:\/\/www.echomachinery.com\/wp-content\/uploads\/2022\/09\/pouch-edited-1024x577.jpg 1024w, https:\/\/www.echomachinery.com\/wp-content\/uploads\/2022\/09\/pouch-edited-768x433.jpg 768w\" sizes=\"(max-width: 639px) 100vw, 639px\" \/><\/figure><\/div>\n\n\n\n<p>Wadi Makkah Trading LLC es nuestro socio comercial. La empresa se especializa en el envasado de productos como la shisha (melaza), para lo cual les proporcionamos la maquinaria necesaria. La shisha es una sustancia muy pegajosa elaborada con tabaco mezclado con miel y otros ingredientes. Durante el proceso de llenado, la shisha se adhiere a la pared interior del alimentador y tarda en caer en el envoltorio, lo que provoca numerosos errores.<\/p>\n\n\n\n<p>Utilizamos una Mrzk 200 con un alimentador de shisha personalizado. La m\u00e1quina que utilizamos fue... La shisha se comprimi\u00f3 en cada vaso medidor fijo mediante la t\u00e9cnica de extrusi\u00f3n por tornillo. Luego, la shisha se introdujo en la bolsa mediante la t\u00e9cnica de soplado de aire para su posterior envasado al vac\u00edo.<\/p>\n\n\n\n<p>El cliente requer\u00eda paquetes de equipos de 250 g, 500 g y 1000 g. Sin embargo, debido a las limitaciones de espacio en la planta de producci\u00f3n, no pudimos fabricar vasos medidores de una amplia gama de tama\u00f1os. Nos mantuvimos en comunicaci\u00f3n con el cliente y solucionamos el problema del peso reduciendo la duraci\u00f3n del proceso. Decidimos fabricar paquetes de 500 g dos veces y de 1000 g cuatro veces.<\/p>\n\n\n\n<p>La MRZK-200 con alimentador de tornillo fue nuestra soluci\u00f3n definitiva para resolver a la perfecci\u00f3n todos los problemas y satisfacer todas las necesidades del cliente. Con la MRZK-200, se reducen los costos de producci\u00f3n, se mejoran los est\u00e1ndares de higiene en toda la l\u00ednea y la l\u00ednea de envasado es m\u00e1s eficiente, lo que libera personal y aumenta los ingresos.<\/p>\n\n\n\n<figure class=\"wp-block-embed is-type-video is-provider-youtube wp-block-embed-youtube wp-embed-aspect-16-9 wp-has-aspect-ratio\"><div class=\"wp-block-embed__wrapper\">\n<div class=\"nv-iframe-embed\"><iframe loading=\"lazy\" title=\"Prueba de maquinaria en Wadi Makkah | ECHO MACHINERY\" width=\"1090\" height=\"613\" src=\"https:\/\/www.youtube.com\/embed\/MzTVH6AAcF8?feature=oembed\" frameborder=\"0\" allow=\"accelerometer; autoplay; clipboard-write; encrypted-media; gyroscope; picture-in-picture\" allowfullscreen><\/iframe><\/div>\n<\/div><\/figure>\n\n\n\n<p>Los clientes son nuestra m\u00e1xima prioridad, ya que los valoramos enormemente en nuestro negocio. Nos comprometemos con ellos y, en el caso de este cliente de Dub\u00e1i, reconocimos su necesidad de shisha envasada al vac\u00edo. Nuestro equipo de dise\u00f1o y personal t\u00e9cnico altamente cualificado nos permite satisfacer siempre sus necesidades. Actualmente, la m\u00e1quina funciona a diario, facilitando la comercializaci\u00f3n global de sus productos de shisha.<\/p>\n\n\n\n<p>En 2016, el cliente realiz\u00f3 su primera compra de nuestra m\u00e1quina y qued\u00f3 sumamente satisfecho. Desde entonces, ha colaborado con nosotros en numerosas ocasiones, llevando a cabo aproximadamente 10 proyectos, incluyendo maquinaria de llenado y envasado.<\/p>","protected":false},"excerpt":{"rendered":"<p>CASE STUDY Vacuum Shisha Packing Machine Wadi Makkah Trading LLC is one of our business partners. Overtime, we have developed relationship with this our Dubai customer, and in the process established trust in their hearts after series of successful outcomes. Proudly, Echomachinery has improved the packaging efficiency of our customer\u2019s factory. We provided them with&hellip;&nbsp;<a href=\"https:\/\/www.echomachinery.com\/es\/case-study\/vacuum-shisha-packing-machine-case-study\/\" class=\"\" rel=\"bookmark\">Leer m\u00e1s \u00bb<span class=\"screen-reader-text\">M\u00e1quina de envasado al vac\u00edo para shisha \u2013 ESTUDIO DE CASO<\/span><\/a><\/p>","protected":false},"author":1,"featured_media":6318,"parent":6150,"menu_order":0,"comment_status":"closed","ping_status":"closed","template":"page-templates\/case.php","meta":{"inline_featured_image":false,"ub_ctt_via":"","kt_blocks_editor_width":""},"aioseo_notices":[],"featured_image_src":"https:\/\/www.echomachinery.com\/wp-content\/uploads\/2022\/09\/8e119f60ab28a6f89239337d363db68.jpg","_links":{"self":[{"href":"https:\/\/www.echomachinery.com\/es\/wp-json\/wp\/v2\/pages\/6317"}],"collection":[{"href":"https:\/\/www.echomachinery.com\/es\/wp-json\/wp\/v2\/pages"}],"about":[{"href":"https:\/\/www.echomachinery.com\/es\/wp-json\/wp\/v2\/types\/page"}],"author":[{"embeddable":true,"href":"https:\/\/www.echomachinery.com\/es\/wp-json\/wp\/v2\/users\/1"}],"replies":[{"embeddable":true,"href":"https:\/\/www.echomachinery.com\/es\/wp-json\/wp\/v2\/comments?post=6317"}],"version-history":[{"count":0,"href":"https:\/\/www.echomachinery.com\/es\/wp-json\/wp\/v2\/pages\/6317\/revisions"}],"up":[{"embeddable":true,"href":"https:\/\/www.echomachinery.com\/es\/wp-json\/wp\/v2\/pages\/6150"}],"wp:featuredmedia":[{"embeddable":true,"href":"https:\/\/www.echomachinery.com\/es\/wp-json\/wp\/v2\/media\/6318"}],"wp:attachment":[{"href":"https:\/\/www.echomachinery.com\/es\/wp-json\/wp\/v2\/media?parent=6317"}],"curies":[{"name":"pp","href":"https:\/\/api.w.org\/{rel}","templated":true}]}}