{"id":6637,"date":"2024-01-17T05:58:57","date_gmt":"2024-01-17T04:58:57","guid":{"rendered":"https:\/\/www.echomachinery.com\/?page_id=6637"},"modified":"2024-01-17T05:58:59","modified_gmt":"2024-01-17T04:58:59","slug":"flexible-bag-in-bag-packaging-machine","status":"publish","type":"page","link":"https:\/\/www.echomachinery.com\/es\/packaging-machines\/flexible-bag-in-bag-packaging-machine\/","title":{"rendered":"M\u00e1quina de envasado flexible de bolsa en bolsa"},"content":{"rendered":"<style id=\"kt-blocks_e3be45-06\">#kt-layout-id_e3be45-06 > .kt-row-column-wrap{padding-bottom:0px;}<\/style>\n<div class=\"wp-block-kadence-rowlayout alignnone column-nonround\"><div id=\"kt-layout-id_e3be45-06\" class=\"kt-row-layout-inner kt-layout-id_e3be45-06\"><div class=\"kt-row-column-wrap kt-has-2-columns kt-gutter-default kt-v-gutter-default kt-row-valign-top kt-row-layout-equal kt-tab-layout-inherit kt-m-colapse-left-to-right kt-mobile-layout-row\">\n<div class=\"wp-block-kadence-column inner-column-1 kadence-column_dbf594-05\"><div class=\"kt-inside-inner-col\"><style id=\"kt-blocks_d7ddbc-8d\">.wp-block-kadence-advancedgallery ul.kb-gallery-id-_d7ddbc-8d {margin: -5px;}.kb-gallery-id-_d7ddbc-8d .kadence-blocks-gallery-item {padding:5px;}.kb-gallery-type-carousel.kb-gallery-id-_d7ddbc-8d .kt-blocks-carousel .kt-blocks-carousel-init {margin: 0 -5px;}.kb-gallery-type-carousel.kb-gallery-id-_d7ddbc-8d .kt-blocks-carousel .kt-blocks-carousel-init .kb-slide-item, .kb-gallery-type-fluidcarousel.kb-gallery-id-_d7ddbc-8d .kt-blocks-carousel .kt-blocks-carousel-init .kb-slide-item, .kb-gallery-type-carousel .kt-blocks-carousel-init:not(.slick-initialized) .kb-slide-item {padding: 4px 5px;}.kb-gallery-type-fluidcarousel.kb-gallery-id-_d7ddbc-8d .kt-blocks-carousel .kt-blocks-carousel-init.kb-carousel-mode-align-left .kb-slide-item {padding: 4px 10px 4px 0;}.kb-gallery-type-carousel.kb-gallery-id-_d7ddbc-8d .kt-blocks-carousel .kt-blocks-carousel-init .slick-prev {left:5px;}.kb-gallery-type-carousel.kb-gallery-id-_d7ddbc-8d .kt-blocks-carousel .kt-blocks-carousel-init .slick-next {right:5px;}.kb-gallery-id-_d7ddbc-8d .kadence-blocks-gallery-item .kb-gal-image-radius {border-radius: 0px 0px 0px 0px;}<\/style>\n<div class=\"wp-block-kadence-advancedgallery kb-gallery-wrap-id-_d7ddbc-8d\"><div class=\"kb-gallery-ul kb-gallery-type-slider kb-gallery-id-_d7ddbc-8d kb-gallery-caption-style-bottom-hover kb-gallery-filter-none\" data-image-filter=\"none\" data-lightbox-caption=\"true\"><div class=\"kt-blocks-carousel kt-carousel-container-dotstyle-dark\"><div class=\"kt-blocks-carousel-init kb-blocks-slider kt-carousel-arrowstyle-whiteondark kt-carousel-dotstyle-dark\" data-slider-anim-speed=\"400\" data-slider-type=\"slider\" data-slider-scroll=\"1\" data-slider-arrows=\"true\" data-slider-dots=\"true\" data-slider-hover-pause=\"false\" data-slider-auto=\"false\" data-slider-speed=\"7000\"><div class=\"kb-slide-item kb-gallery-slide-item\"><div class=\"kadence-blocks-gallery-item\"><div class=\"kadence-blocks-gallery-item-inner\"><figure class=\"kb-gallery-figure kadence-blocks-gallery-item-hide-caption kb-has-image-ratio-land32\"><div class=\"kb-gal-image-radius\"><div class=\"kb-gallery-image-contain kadence-blocks-gallery-intrinsic kb-gallery-image-ratio-land32\"><img decoding=\"async\" loading=\"lazy\" src=\"https:\/\/www.echomachinery.com\/wp-content\/uploads\/2024\/01\/MRM8-main.png\" width=\"870\" height=\"580\" alt=\"MRRD Principal\" data-full-image=\"https:\/\/www.echomachinery.com\/wp-content\/uploads\/2024\/01\/MRM8-main.png\" data-light-image=\"https:\/\/www.echomachinery.com\/wp-content\/uploads\/2024\/01\/MRM8-main.png\" data-id=\"6639\" data-link=\"https:\/\/www.echomachinery.com\/?attachment_id=6639\" class=\"wp-image-6639 skip-lazy\" srcset=\"https:\/\/www.echomachinery.com\/wp-content\/uploads\/2024\/01\/MRM8-main.png 870w, https:\/\/www.echomachinery.com\/wp-content\/uploads\/2024\/01\/MRM8-main-300x200.png 300w, https:\/\/www.echomachinery.com\/wp-content\/uploads\/2024\/01\/MRM8-main-768x512.png 768w\" sizes=\"(max-width: 870px) 100vw, 870px\" \/><\/div><div class=\"kadence-blocks-gallery-item__caption\">MRRD Principal<\/div><\/div><\/figure><\/div><\/div><\/div><\/div><\/div><\/div><\/div>\n<\/div><\/div>\n\n\n<style id=\"kt-blocks_011eaa-80\">.kt-row-layout-inner > .kt-row-column-wrap > .kadence-column_011eaa-80 > .kt-inside-inner-col{border-top-width:0px;border-right-width:0px;border-bottom-width:0px;border-left-width:0px;}<\/style>\n<div class=\"wp-block-kadence-column inner-column-2 kadence-column_011eaa-80\"><div class=\"kt-inside-inner-col\">\n<div class=\"product\">\n    <span class=\"product-series\">Serie Se\u00f1or RD<\/span>\n    <h2 class=\"product-name\">M\u00e1quina de envasado flexible de bolsa en bolsa<\/h2>\n    <span class=\"product-description\"><\/span>\n<\/div>\n\n\n<style id=\"kt-blocks_0ac5ee-83\">#kt-layout-id_0ac5ee-83 > .kt-row-column-wrap{padding-top:0px;padding-bottom:0px;}<\/style>\n<div class=\"wp-block-kadence-rowlayout alignnone\"><div id=\"kt-layout-id_0ac5ee-83\" class=\"kt-row-layout-inner kt-layout-id_0ac5ee-83\"><div class=\"kt-row-column-wrap kt-has-2-columns kt-gutter-default kt-v-gutter-default kt-row-valign-top kt-row-layout-equal kt-tab-layout-inherit kt-m-colapse-left-to-right kt-mobile-layout-row\">\n<div class=\"wp-block-kadence-column inner-column-1 kadence-column_c7af03-2b table-normal\"><div class=\"kt-inside-inner-col\">\n<figure class=\"wp-block-table product-table\"><table><tbody><tr><td>Capacidad<\/td><td>Hasta 40 lpm<\/td><\/tr><tr><td>Ancho de la bolsa<\/td><td>80 \u2013 200mm<br>3.1 \u2013 7.9in<\/td><\/tr><\/tbody><\/table><\/figure>\n<\/div><\/div>\n\n\n<style id=\"kt-blocks_0c7841-8e\">.kt-row-layout-inner > .kt-row-column-wrap > .kadence-column_0c7841-8e > .kt-inside-inner-col{border-top-width:0px;border-right-width:0px;border-bottom-width:0px;border-left-width:0px;}<\/style>\n<div class=\"wp-block-kadence-column inner-column-2 kadence-column_0c7841-8e\"><div class=\"kt-inside-inner-col\">\n<figure class=\"wp-block-table product-table\"><table><tbody><tr><td>Volumen de llenado<\/td><td>500 \u2013 2500g<\/td><\/tr><tr><td>Longitud de la bolsa<\/td><td>\u2264 350mm<br>13,8 pulgadas<\/td><\/tr><\/tbody><\/table><\/figure>\n<\/div><\/div>\n<\/div><\/div><\/div>\n\n\n<style id=\"kt-blocks_6dd9b1-67\">.wp-block-kadence-iconlist.kt-svg-icon-list-items_6dd9b1-67:not(.this-stops-third-party-issues) {margin-top:0}.wp-block-kadence-iconlist.kt-svg-icon-list-items_6dd9b1-67 ul.kt-svg-icon-list {margin:0px 0px 10px 0px;}.kt-svg-icon-list-items_6dd9b1-67 ul.kt-svg-icon-list .kt-svg-icon-list-item-wrap, .kt-svg-icon-list-items_6dd9b1-67 ul.kt-svg-icon-list .kt-svg-icon-list-item-wrap a {}<\/style>\n<div class=\"wp-block-kadence-iconlist kt-svg-icon-list-items kt-svg-icon-list-items_6dd9b1-67 kt-svg-icon-list-columns-2 alignnone\"><ul class=\"kt-svg-icon-list\"><li class=\"kt-svg-icon-list-style-default kt-svg-icon-list-item-wrap kt-svg-icon-list-item-0\"><div style=\"display:inline-flex;justify-content:center;align-items:center\" class=\"kt-svg-icon-list-single kt-svg-icon-list-single-fe_star\"><svg style=\"display:inline-block;vertical-align:middle\" viewbox=\"0 0 24 24\" height=\"20\" width=\"20\" fill=\"none\" stroke=\"currentColor\" xmlns=\"http:\/\/www.w3.org\/2000\/svg\" stroke-width=\"2\" stroke-linecap=\"round\" stroke-linejoin=\"round\" aria-hidden=\"true\"><polygon points=\"12 2 15.09 8.26 22 9.27 17 14.14 18.18 21.02 12 17.77 5.82 21.02 7 14.14 2 9.27 8.91 8.26 12 2\"><\/polygon><\/svg><\/div><span class=\"kt-svg-icon-list-text\"><a href=\"#fearures\">Caracter\u00edsticas<\/a><\/span><\/li><li class=\"kt-svg-icon-list-style-default kt-svg-icon-list-item-wrap kt-svg-icon-list-item-1\"><div style=\"display:inline-flex;justify-content:center;align-items:center\" class=\"kt-svg-icon-list-single kt-svg-icon-list-single-fe_fileText\"><svg style=\"display:inline-block;vertical-align:middle\" viewbox=\"0 0 24 24\" height=\"20\" width=\"20\" fill=\"none\" stroke=\"currentColor\" xmlns=\"http:\/\/www.w3.org\/2000\/svg\" stroke-width=\"2\" stroke-linecap=\"round\" stroke-linejoin=\"round\" aria-hidden=\"true\"><path d=\"M14 2H6a2 2 0 0 0-2 2v16a2 2 0 0 0 2 2h12a2 2 0 0 0 2-2V8z\"><\/path><polyline points=\"14 2 14 8 20 8\"><\/polyline><line x1=\"16\" y1=\"13\" x2=\"8\" y2=\"13\"><\/line><line x1=\"16\" y1=\"17\" x2=\"8\" y2=\"17\"><\/line><polyline points=\"10 9 9 9 8 9\"><\/polyline><\/svg><\/div><span class=\"kt-svg-icon-list-text\"><a href=\"#parameter\">Par\u00e1metro<\/a><\/span><\/li><li class=\"kt-svg-icon-list-style-default kt-svg-icon-list-item-wrap kt-svg-icon-list-item-2\"><div style=\"display:inline-flex;justify-content:center;align-items:center\" class=\"kt-svg-icon-list-single kt-svg-icon-list-single-fe_search\"><svg style=\"display:inline-block;vertical-align:middle\" viewbox=\"0 0 24 24\" height=\"20\" width=\"20\" fill=\"none\" stroke=\"currentColor\" xmlns=\"http:\/\/www.w3.org\/2000\/svg\" stroke-width=\"2\" stroke-linecap=\"round\" stroke-linejoin=\"round\" aria-hidden=\"true\"><circle cx=\"11\" cy=\"11\" r=\"8\"><\/circle><line x1=\"21\" y1=\"21\" x2=\"16.65\" y2=\"16.65\"><\/line><\/svg><\/div><span class=\"kt-svg-icon-list-text\"><a href=\"#Learn-More\">M\u00e1s informaci\u00f3n<\/a><\/span><\/li><\/ul><\/div>\n<\/div><\/div>\n<\/div><\/div><\/div>\n\n\n\n<hr class=\"wp-block-separator has-css-opacity\"\/>\n\n\n\n<h3>Caracter\u00edsticas<\/h3>\n\n\n<style id=\"kt-blocks_e0e953-ff\">.wp-block-kadence-iconlist.kt-svg-icon-list-items_e0e953-ff:not(.this-stops-third-party-issues) {margin-top:0}.wp-block-kadence-iconlist.kt-svg-icon-list-items_e0e953-ff ul.kt-svg-icon-list {margin:0px 0px 10px 0px;}.kt-svg-icon-list-items_e0e953-ff ul.kt-svg-icon-list .kt-svg-icon-list-item-wrap, .kt-svg-icon-list-items_e0e953-ff ul.kt-svg-icon-list .kt-svg-icon-list-item-wrap a {}<\/style>\n<div class=\"wp-block-kadence-iconlist kt-svg-icon-list-items kt-svg-icon-list-items_e0e953-ff kt-svg-icon-list-columns-1 alignnone kt-list-icon-aligntop\"><ul class=\"kt-svg-icon-list\"><li class=\"kt-svg-icon-list-style-default kt-svg-icon-list-item-wrap kt-svg-icon-list-item-0\"><div style=\"display:inline-flex;justify-content:center;align-items:center;color:#000000\" class=\"kt-svg-icon-list-single kt-svg-icon-list-single-fe_chevronRight\"><svg style=\"display:inline-block;vertical-align:middle\" viewbox=\"0 0 24 24\" height=\"20\" width=\"20\" fill=\"none\" stroke=\"currentColor\" xmlns=\"http:\/\/www.w3.org\/2000\/svg\" stroke-width=\"2\" stroke-linecap=\"round\" stroke-linejoin=\"round\" aria-hidden=\"true\"><polyline points=\"9 18 15 12 9 6\"><\/polyline><\/svg><\/div><span class=\"kt-svg-icon-list-text\">El sistema de envasado consiste en la m\u00e1quina de envasado de alimentaci\u00f3n de bolsas, plataforma de trabajo, b\u00e1scula electr\u00f3nica y ascensor.<\/span><\/li><li class=\"kt-svg-icon-list-style-default kt-svg-icon-list-item-wrap kt-svg-icon-list-item-1\"><div style=\"display:inline-flex;justify-content:center;align-items:center;color:#000000\" class=\"kt-svg-icon-list-single kt-svg-icon-list-single-fe_chevronRight\"><svg style=\"display:inline-block;vertical-align:middle\" viewbox=\"0 0 24 24\" height=\"20\" width=\"20\" fill=\"none\" stroke=\"currentColor\" xmlns=\"http:\/\/www.w3.org\/2000\/svg\" stroke-width=\"2\" stroke-linecap=\"round\" stroke-linejoin=\"round\" aria-hidden=\"true\"><polyline points=\"9 18 15 12 9 6\"><\/polyline><\/svg><\/div><span class=\"kt-svg-icon-list-text\">Embalaje r\u00e1pido y rendimiento estable.<\/span><\/li><li class=\"kt-svg-icon-list-style-default kt-svg-icon-list-item-wrap kt-svg-icon-list-item-2\"><div style=\"display:inline-flex;justify-content:center;align-items:center;color:#000000\" class=\"kt-svg-icon-list-single kt-svg-icon-list-single-fe_chevronRight\"><svg style=\"display:inline-block;vertical-align:middle\" viewbox=\"0 0 24 24\" height=\"20\" width=\"20\" fill=\"none\" stroke=\"currentColor\" xmlns=\"http:\/\/www.w3.org\/2000\/svg\" stroke-width=\"2\" stroke-linecap=\"round\" stroke-linejoin=\"round\" aria-hidden=\"true\"><polyline points=\"9 18 15 12 9 6\"><\/polyline><\/svg><\/div><span class=\"kt-svg-icon-list-text\">Alimentaci\u00f3n multiestaci\u00f3n, resuelva el problema del paquete peque\u00f1o en un paquete grande.<\/span><\/li><li class=\"kt-svg-icon-list-style-default kt-svg-icon-list-item-wrap kt-svg-icon-list-item-3\"><div style=\"display:inline-flex;justify-content:center;align-items:center;color:#000000\" class=\"kt-svg-icon-list-single kt-svg-icon-list-single-fe_chevronRight\"><svg style=\"display:inline-block;vertical-align:middle\" viewbox=\"0 0 24 24\" height=\"20\" width=\"20\" fill=\"none\" stroke=\"currentColor\" xmlns=\"http:\/\/www.w3.org\/2000\/svg\" stroke-width=\"2\" stroke-linecap=\"round\" stroke-linejoin=\"round\" aria-hidden=\"true\"><polyline points=\"9 18 15 12 9 6\"><\/polyline><\/svg><\/div><span class=\"kt-svg-icon-list-text\">A un costo razonable, soluciones innovadoras a varios problemas de envasado.<\/span><\/li><li class=\"kt-svg-icon-list-style-default kt-svg-icon-list-item-wrap kt-svg-icon-list-item-4\"><div style=\"display:inline-flex;justify-content:center;align-items:center;color:#000000\" class=\"kt-svg-icon-list-single kt-svg-icon-list-single-fe_chevronRight\"><svg style=\"display:inline-block;vertical-align:middle\" viewbox=\"0 0 24 24\" height=\"20\" width=\"20\" fill=\"none\" stroke=\"currentColor\" xmlns=\"http:\/\/www.w3.org\/2000\/svg\" stroke-width=\"2\" stroke-linecap=\"round\" stroke-linejoin=\"round\" aria-hidden=\"true\"><polyline points=\"9 18 15 12 9 6\"><\/polyline><\/svg><\/div><span class=\"kt-svg-icon-list-text\">La m\u00e1quina utiliza bolsas prefabricadas con patrones de empaque perfectos, alta y buena calidad de sellado, por lo tanto, la calidad y el grado del producto mejoran enormemente.<\/span><\/li><\/ul><\/div>\n\n\n\n<h3 id=\"parameter\">Par\u00e1metro<\/h3>\n\n\n\n<figure class=\"wp-block-table is-style-regular\"><table><thead><tr><th>Serie Se\u00f1or RD<\/th><th class=\"has-text-align-center\" data-align=\"center\">MR10-201RD<\/th><th class=\"has-text-align-center\" data-align=\"center\">MR10-250RD<\/th><\/tr><\/thead><tbody><tr><td>Capacidad<\/td><td class=\"has-text-align-center\" data-align=\"center\">Hasta 40 bolsas\/minuto<\/td><td class=\"has-text-align-center\" data-align=\"center\">Hasta 40 bolsas\/minuto<\/td><\/tr><tr><td>Volumen de llenado<\/td><td class=\"has-text-align-center\" data-align=\"center\">500 \u2013 2500g<\/td><td class=\"has-text-align-center\" data-align=\"center\">500 \u2013 2500g<\/td><\/tr><tr><td>a\u00f1adir peso a<\/td><td class=\"has-text-align-center\" data-align=\"center\">1550kg<\/td><td class=\"has-text-align-center\" data-align=\"center\">1550kg<\/td><\/tr><tr><td>Dimensi\u00f3n<\/td><td class=\"has-text-align-center\" data-align=\"center\">2200 * 1500 * 2200mm<\/td><td class=\"has-text-align-center\" data-align=\"center\">2200 * 1500 * 2200mm<\/td><\/tr><tr><td>Requisito de aire de comprimir (suministro por usuario)<\/td><td class=\"has-text-align-center\" data-align=\"center\">\u2265 0,6m\u00b3\/min (suministro por usuario)<\/td><td class=\"has-text-align-center\" data-align=\"center\">\u2265 0,6m\u00b3\/min (suministro por usuario)<\/td><\/tr><tr><td>Ancho de la bolsa<\/td><td class=\"has-text-align-center\" data-align=\"center\">80 \u2013 200mm<br>2 \u2013 7,9 pulgadas<\/td><td class=\"has-text-align-center\" data-align=\"center\">120 \u2013 250mm<br>4.7 \u2013 9.8in<\/td><\/tr><tr><td>Longitud de la bolsa<\/td><td class=\"has-text-align-center\" data-align=\"center\">\u2264 350mm<br>\u2264 13.8in<\/td><td class=\"has-text-align-center\" data-align=\"center\">\u2264 350mm<br>\u2264 13.8in<\/td><\/tr><\/tbody><\/table><\/figure>\n\n\n<div class=\"wp-block-ub-styled-box ub-styled-box ub-notification-box\" id=\"ub-styled-box-4664ee2d-b449-483e-bf5b-0792d6670423\">\n\n\n<p id=\"ub-styled-box-notification-content-\">La capacidad y el volumen de llenado dependen del estado del producto y del peso de llenado.<\/p>\n\n\n<\/div>\n\n\n<h3 id=\"Learn-More\">M\u00e1s informaci\u00f3n<\/h3>\n\n\n\n<p>Si a\u00fan tiene dudas sobre Echo Machinery, lea nuestra... <a href=\"https:\/\/www.echomachinery.com\/es\/resources\/blog\/why-choose-packaging-machine-of-echo-machinery\/\" title=\"\u00bfPor qu\u00e9 elegir la m\u00e1quina de envasado de ECHO Machinery?\">\u00bfPor qu\u00e9 elegir la m\u00e1quina de envasado de ECHO Machinery?<\/a><\/p>\n\n\n\n<p>Si necesita envasado al vac\u00edo, bienvenido a elegir nuestro \u2014\u2014 <a href=\"https:\/\/www.echomachinery.com\/es\/packaging-machines\/automatic-vacuum-packaging-machine\/\" title=\"M\u00e1quina de envasado al vac\u00edo autom\u00e1tica\">M\u00e1quina de envasado al vac\u00edo autom\u00e1tica<\/a><\/p>\n\n\n\n<p>En cuanto al mantenimiento de la m\u00e1quina, puede leer \u2014 <a href=\"https:\/\/www.echomachinery.com\/es\/resources\/blog\/packaging-machine-maintenance-guide\/\" title=\"https:\/\/www.echomachinery.com\/resources\/blog\/packaging-machine-maintenance-guide\/\">Gu\u00eda de mantenimiento de la m\u00e1quina de envasado<\/a><\/p>\n\n\n\n<p>Hemos recopilado una lista para responder algunas preguntas frecuentes de los clientes. <a href=\"https:\/\/www.echomachinery.com\/es\/about-us\/faq\/\">Preguntas frecuentes<\/a><\/p>","protected":false},"excerpt":{"rendered":"<p>MR RD Series Flexible Bag-in-Bag Packaging Machine Capacity Up To 40 BPM Bag Width 80 &#8211; 200mm3.1 &#8211; 7.9in Filling Volume 500 &#8211; 2500g Bag Length \u2264 350mm13.8in Features Parameter MR RD Series MR10-201RD MR10-250RD Capacity up to 40bags\/min up to 40bags\/min Filling Volume 500 &#8211; 2500g 500 \u2013 2500g Weight 1550kg 1550kg Dimension 2200&hellip;&nbsp;<a href=\"https:\/\/www.echomachinery.com\/es\/packaging-machines\/flexible-bag-in-bag-packaging-machine\/\" class=\"\" rel=\"bookmark\">Leer m\u00e1s \u00bb<span class=\"screen-reader-text\">M\u00e1quina de envasado flexible de bolsa en bolsa<\/span><\/a><\/p>","protected":false},"author":1,"featured_media":0,"parent":859,"menu_order":10,"comment_status":"closed","ping_status":"closed","template":"page-templates\/product.php","meta":{"inline_featured_image":false,"ub_ctt_via":"","kt_blocks_editor_width":""},"aioseo_notices":[],"featured_image_src":null,"_links":{"self":[{"href":"https:\/\/www.echomachinery.com\/es\/wp-json\/wp\/v2\/pages\/6637"}],"collection":[{"href":"https:\/\/www.echomachinery.com\/es\/wp-json\/wp\/v2\/pages"}],"about":[{"href":"https:\/\/www.echomachinery.com\/es\/wp-json\/wp\/v2\/types\/page"}],"author":[{"embeddable":true,"href":"https:\/\/www.echomachinery.com\/es\/wp-json\/wp\/v2\/users\/1"}],"replies":[{"embeddable":true,"href":"https:\/\/www.echomachinery.com\/es\/wp-json\/wp\/v2\/comments?post=6637"}],"version-history":[{"count":1,"href":"https:\/\/www.echomachinery.com\/es\/wp-json\/wp\/v2\/pages\/6637\/revisions"}],"predecessor-version":[{"id":6640,"href":"https:\/\/www.echomachinery.com\/es\/wp-json\/wp\/v2\/pages\/6637\/revisions\/6640"}],"up":[{"embeddable":true,"href":"https:\/\/www.echomachinery.com\/es\/wp-json\/wp\/v2\/pages\/859"}],"wp:attachment":[{"href":"https:\/\/www.echomachinery.com\/es\/wp-json\/wp\/v2\/media?parent=6637"}],"curies":[{"name":"pp","href":"https:\/\/api.w.org\/{rel}","templated":true}]}}