{"id":4945,"date":"2022-02-25T02:23:02","date_gmt":"2022-02-25T01:23:02","guid":{"rendered":"https:\/\/www.echomachinery.com\/?page_id=4945"},"modified":"2022-03-02T08:44:38","modified_gmt":"2022-03-02T07:44:38","slug":"industrias","status":"publish","type":"page","link":"https:\/\/www.echomachinery.com\/ru\/industrias\/","title":{"rendered":"\u043f\u0440\u043e\u043c\u044b\u0448\u043b\u0435\u043d\u043d\u043e\u0441\u0442\u044c"},"content":{"rendered":"<p>\u041a\u043e\u043d\u0442\u0430\u043c\u043e\u0448 con diversas l\u00edneas de envasado para diferentes sectores, no importa lo que quiera envasar, podemos ofrecerle la soluci\u00f3n perfecta.<\/p>\n\n\n\n<div class=\"wp-block-kadence-rowlayout alignnone\"><div id=\"kt-layout-id_83153b-1e\" class=\"kt-row-layout-inner kt-layout-id_83153b-1e\"><div class=\"kt-row-column-wrap kt-has-3-columns kt-gutter-default kt-v-gutter-default kt-row-valign-top kt-row-layout-equal kt-tab-layout-equal kt-m-colapse-left-to-right kt-mobile-layout-row  kt-custom-first-width-33.3\">\n<div class=\"wp-block-kadence-column inner-column-1 kadence-column_717bec-6b\"><div class=\"kt-inside-inner-col\">\n<a class=\"industries-link\" href=\"https:\/\/www.echomachinery.com\/es\/industrias\/soluciones-para-envasar-liquidos\/\"><div class=\"industries-image liquid\"> <div class=\"industries-content\"> <h3 class=\"industries-title\">\u043b\u0438\u043a\u0438\u0434\u043e<\/h3><\/div><\/div>\n<\/a>\n<\/div><\/div>\n\n\n\n<div class=\"wp-block-kadence-column inner-column-2 kadence-column_919f24-5b\"><div class=\"kt-inside-inner-col\">\n<a class=\"industries-link\" href=\"https:\/\/www.echomachinery.com\/es\/industrias\/maquina-envasadora-de-polvo-y-llenadora-de-polvo-automatica\/\"><div class=\"industries-image powder\"> <div class=\"industries-content\"> <h3 class=\"industries-title\">\u043f\u043e\u043b\u0432\u043e<\/h3><\/div><\/div>\n<\/a>\n<\/div><\/div>\n\n\n\n<div class=\"wp-block-kadence-column inner-column-3 kadence-column_f13a15-4f\"><div class=\"kt-inside-inner-col\">\n<a class=\"industries-link\" href=\"https:\/\/www.echomachinery.com\/es\/industrias\/maquina-envasadora-de-granulados\/\"><div class=\"industries-image granule\"> <div class=\"industries-content\"> <h3 class=\"industries-title\">\u0433\u0440\u0430\u043d\u0443\u043b\u044f\u0442\u043a\u0430<\/h3><\/div><\/div>\n<\/a>\n<\/div><\/div>\n<\/div><\/div><\/div>\n\n\n\n<div class=\"wp-block-kadence-rowlayout alignnone\"><div id=\"kt-layout-id_190aa8-90\" class=\"kt-row-layout-inner kt-layout-id_190aa8-90\"><div class=\"kt-row-column-wrap kt-has-3-columns kt-gutter-default kt-v-gutter-default kt-row-valign-top kt-row-layout-equal kt-tab-layout-equal kt-m-colapse-left-to-right kt-mobile-layout-row\">\n<div class=\"wp-block-kadence-column inner-column-1 kadence-column_8c4e2d-8a\"><div class=\"kt-inside-inner-col\">\n<a class=\"industries-link\" href=\"https:\/\/www.echomachinery.com\/es\/industrias\/maquina-de-envasado-de-salsa-de-tomate-y-maquina-de-llenado-y-sellado-de-salsa\/\"><div class=\"industries-image tomato-sauce\"> <div class=\"industries-content\"> <h3 class=\"industries-title\">\u0421\u0430\u043b\u044c\u0441\u0430 \u0434\u0435 \u0422\u043e\u043c\u0430\u043c\u0430\u0442<\/h3>  <\/div><\/div>\n<\/a>\n<\/div><\/div>\n\n\n\n<div class=\"wp-block-kadence-column inner-column-2 kadence-column_805739-cc\"><div class=\"kt-inside-inner-col\">\n<a class=\"industries-link\" href=\"https:\/\/www.echomachinery.com\/es\/industrias\/maquina-envasadora-de-cafe-y-maquina-envasadora-de-cafe-al-vacio\/\"><div class=\"industries-image coffee\"> <div class=\"industries-content\"> <h3 class=\"industries-title\">\u043a\u0430\u0444\u0435<\/h3><\/div><\/div>\n<\/a>\n<\/div><\/div>\n\n\n\n<div class=\"wp-block-kadence-column inner-column-3 kadence-column_0f835b-99\"><div class=\"kt-inside-inner-col\">\n<a class=\"industries-link\" href=\"https:\/\/www.echomachinery.com\/es\/industrias\/maquina-envasadora-de-queso\/\"><div class=\"industries-image cheese\"> <div class=\"industries-content\"> <h3 class=\"industries-title\">\u043a\u0435\u0441\u043e<\/h3><\/div><\/div>\n<\/a>\n<\/div><\/div>\n<\/div><\/div><\/div>\n\n\n\n<div class=\"wp-block-kadence-rowlayout alignnone\"><div id=\"kt-layout-id_722587-e8\" class=\"kt-row-layout-inner kt-layout-id_722587-e8\"><div class=\"kt-row-column-wrap kt-has-3-columns kt-gutter-default kt-v-gutter-default kt-row-valign-top kt-row-layout-equal kt-tab-layout-inherit kt-m-colapse-left-to-right kt-mobile-layout-row\">\n<div class=\"wp-block-kadence-column inner-column-1 kadence-column_513967-40\"><div class=\"kt-inside-inner-col\">\n<a class=\"industries-link\" href=\"https:\/\/www.echomachinery.com\/es\/industrias\/maquina-para-envasado-de-pan-automatica\/\"><div class=\"industries-image bread\"> <div class=\"industries-content\"> <h3 class=\"industries-title\">\u043c\u0438\u0441\u043a\u0430<\/h3><\/div><\/div>\n<\/a>\n<\/div><\/div>\n\n\n\n<div class=\"wp-block-kadence-column inner-column-2 kadence-column_b88526-87\"><div class=\"kt-inside-inner-col\">\n<a class=\"industries-link\" href=\"https:\/\/www.echomachinery.com\/es\/industrias\/envasadora-de-comida-para-mascotas\/\"><div class=\"industries-image pet-food\"> <div class=\"industries-content\"> <h3 class=\"industries-title\">\u041a\u043e\u043c\u0438\u0434\u0430 \u041c\u0430\u0441\u043a\u043e\u0442\u0430\u0441<\/h3>  <\/div><\/div>\n<\/a>\n<\/div><\/div>\n\n\n\n<div class=\"wp-block-kadence-column inner-column-3 kadence-column_fa545e-3e\"><div class=\"kt-inside-inner-col\">\n<a class=\"industries-link\" href=\"https:\/\/www.echomachinery.com\/es\/industrias\/maquina-envasadora-de-arroz-automatica-y-maquina-envasadora-de-arroz-al-vacio\/\"><div class=\"industries-image rice\"> <div class=\"industries-content\"> <h3 class=\"industries-title\">\u0410\u0440\u0440\u043e\u0437<\/h3><\/div><\/div>\n<\/a>\n<\/div><\/div>\n<\/div><\/div><\/div>\n\n\n\n<div class=\"wp-block-kadence-rowlayout alignnone\"><div id=\"kt-layout-id_1ef07c-57\" class=\"kt-row-layout-inner kt-layout-id_1ef07c-57\"><div class=\"kt-row-column-wrap kt-has-3-columns kt-gutter-default kt-v-gutter-default kt-row-valign-top kt-row-layout-equal kt-tab-layout-inherit kt-m-colapse-left-to-right kt-mobile-layout-row\">\n<div class=\"wp-block-kadence-column inner-column-1 kadence-column_c0123e-5b\"><div class=\"kt-inside-inner-col\">\n<a class=\"industries-link\" href=\"https:\/\/www.echomachinery.com\/es\/industrias\/maquina-envasadora-de-bolsas-para-liquidos-lavamanos\/\"><div class=\"industries-image handwashing-fluid\"> <div class=\"industries-content\"> <h3 class=\"industries-title\">\u041b\u0438\u043a\u0438\u0434\u043e \u041b\u0430\u0432\u0430\u0434\u043e<\/h3>  <\/div><\/div>\n<\/a>\n<\/div><\/div>\n\n\n\n<div class=\"wp-block-kadence-column inner-column-2 kadence-column_1ff053-ae\"><div class=\"kt-inside-inner-col\">\n<a class=\"industries-link\" href=\"https:\/\/www.echomachinery.com\/es\/industrias\/envasadora-de-esencia-de-pollo\/\"><div class=\"industries-image chicken-essence\"> <div class=\"industries-content\"> <h3 class=\"industries-title\">\u042d\u0441\u0435\u043d\u0441\u0438\u044f \u0434\u0435 \u041f\u043e\u043b\u043b\u043e<\/h3>  <\/div><\/div>\n<\/a>\n<\/div><\/div>\n\n\n\n<div class=\"wp-block-kadence-column inner-column-3 kadence-column_75cb1b-4d\"><div class=\"kt-inside-inner-col\">\n<a class=\"industries-link\" href=\"https:\/\/www.echomachinery.com\/es\/industrias\/maquina-envasadora-de-bolsas-con-zipper-para-azucar-moreno\/\"><div class=\"industries-image brown-sugar\"> <div class=\"industries-content\"> <h3 class=\"industries-title\">\u0410\u0437\u0443\u043a\u0430\u0440 \u041c\u043e\u0440\u0435\u043d\u043e<\/h3><\/div><\/div>\n<\/a>\n<\/div><\/div>\n<\/div><\/div><\/div>\n\n\n\n<div class=\"wp-block-kadence-rowlayout alignnone\"><div id=\"kt-layout-id_a076d7-88\" class=\"kt-row-layout-inner kt-layout-id_a076d7-88\"><div class=\"kt-row-column-wrap kt-has-3-columns kt-gutter-default kt-v-gutter-default kt-row-valign-top kt-row-layout-equal kt-tab-layout-inherit kt-m-colapse-left-to-right kt-mobile-layout-row\">\n<div class=\"wp-block-kadence-column inner-column-1 kadence-column_bd09b4-82\"><div class=\"kt-inside-inner-col\">\n<a class=\"industries-link\" href=\"https:\/\/www.echomachinery.com\/es\/industrias\/maquina-de-envasado-de-snacks-y-maquina-map-de-snacks\/\"><div class=\"industries-image snack-food\"> <div class=\"industries-content\"> <h3 class=\"industries-title\">\u0437\u0430\u043a\u0443\u0441\u043a\u0438<\/h3><\/div><\/div>\n<\/a>\n<\/div><\/div>\n\n\n\n<div class=\"wp-block-kadence-column inner-column-2 kadence-column_393ae6-a6\"><div class=\"kt-inside-inner-col\">\n<a class=\"industries-link\" href=\"https:\/\/www.echomachinery.com\/es\/industrias\/maquina-automatica-para-envasado-de-alimentos\/\"><div class=\"industries-image food\"> <div class=\"industries-content\"> <h3 class=\"industries-title\">\u043a\u043e\u043c\u0438\u0434\u0430<\/h3><\/div><\/div>\n<\/a>\n<\/div><\/div>\n\n\n\n<div class=\"wp-block-kadence-column inner-column-3 kadence-column_9478da-17\"><div class=\"kt-inside-inner-col\">\n<a class=\"industries-link\" href=\"https:\/\/www.echomachinery.com\/es\/industrias\/maquina-para-envasado-de-alimentos-iqf\/\"><div class=\"industries-image iqf\"> <div class=\"industries-content\"> <h3 class=\"industries-title\">\u041a\u043e\u043c\u0438\u0434\u0430 IQF<\/h3> <\/div><\/div>\n<\/a>\n<\/div><\/div>\n<\/div><\/div><\/div>\n\n\n\n<div class=\"wp-block-kadence-rowlayout alignnone\"><div id=\"kt-layout-id_dfb232-a9\" class=\"kt-row-layout-inner kt-layout-id_dfb232-a9\"><div class=\"kt-row-column-wrap kt-has-3-columns kt-gutter-default kt-v-gutter-default kt-row-valign-top kt-row-layout-equal kt-tab-layout-inherit kt-m-colapse-left-to-right kt-mobile-layout-row\">\n<div class=\"wp-block-kadence-column inner-column-1 kadence-column_c99121-02\"><div class=\"kt-inside-inner-col\">\n<a class=\"industries-link\" href=\"https:\/\/www.echomachinery.com\/es\/industrias\/envasadora-de-harina-y-llenadora-de-harina\/\"><div class=\"industries-image flour\"> <div class=\"industries-content\"> <h3 class=\"industries-title\">\u0445\u0430\u0440\u0438\u043d\u0430<\/h3><\/div><\/div>\n<\/a>\n<\/div><\/div>\n\n\n\n<div class=\"wp-block-kadence-column inner-column-2 kadence-column_c648da-c0\"><div class=\"kt-inside-inner-col\"><\/div><\/div>\n\n\n\n<div class=\"wp-block-kadence-column inner-column-3 kadence-column_fe7e54-7b\"><div class=\"kt-inside-inner-col\"><\/div><\/div>\n<\/div><\/div><\/div>\n\n\n<div class=\"wp-block-ub-styled-box ub-styled-box ub-notification-box\" id=\"ub-styled-box-522ba0c4-0381-4c1f-b95a-0f422d924e7b\">\n\n\n<p id=\"ub-styled-box-notification-content-\">Cada Industria Tiene Unas caracter\u00edsticas diferentes, p\u00f3ngase en contacto con con nuestro equipo de atenci\u00f3n al cliente y personalizaremos las soluciones de envasado para usted.<\/p>\n\n\n<\/div>","protected":false},"excerpt":{"rendered":"<p>Contamos con diversas l\u00edneas de envasado para diferentes sectores, no importa lo que quiera envasar, podemos ofrecerle la soluci\u00f3n perfecta. L\u00cdQUIDO POLVO GRANULADO SALSA DE TOMATE CAF\u00c9 QUESO PAN COMIDA MASCOTAS ARROZ L\u00cdQUIDO LAVADO ESENCIA DE POLLO AZUCAR MORENO SNACKS COMIDA COMIDA IQF HARINA<\/p>","protected":false},"author":1,"featured_media":0,"parent":0,"menu_order":0,"comment_status":"closed","ping_status":"closed","template":"","meta":{"inline_featured_image":false,"ub_ctt_via":"","kt_blocks_editor_width":""},"aioseo_notices":[],"featured_image_src":null,"_links":{"self":[{"href":"https:\/\/www.echomachinery.com\/ru\/wp-json\/wp\/v2\/pages\/4945"}],"collection":[{"href":"https:\/\/www.echomachinery.com\/ru\/wp-json\/wp\/v2\/pages"}],"about":[{"href":"https:\/\/www.echomachinery.com\/ru\/wp-json\/wp\/v2\/types\/page"}],"author":[{"embeddable":true,"href":"https:\/\/www.echomachinery.com\/ru\/wp-json\/wp\/v2\/users\/1"}],"replies":[{"embeddable":true,"href":"https:\/\/www.echomachinery.com\/ru\/wp-json\/wp\/v2\/comments?post=4945"}],"version-history":[{"count":0,"href":"https:\/\/www.echomachinery.com\/ru\/wp-json\/wp\/v2\/pages\/4945\/revisions"}],"wp:attachment":[{"href":"https:\/\/www.echomachinery.com\/ru\/wp-json\/wp\/v2\/media?parent=4945"}],"curies":[{"name":"\u043d\u0435\u043d\u0430 \u043a\u0430\u043a\u0443\u044e \u0431\u044b","href":"https:\/\/api.w.org\/{rel}","templated":true}]}}